{"id":116159,"date":"2025-12-01T10:08:01","date_gmt":"2025-12-01T10:08:01","guid":{"rendered":"https:\/\/alcads.com\/?post_type=product&#038;p=116159"},"modified":"2025-12-03T11:15:02","modified_gmt":"2025-12-03T11:15:02","slug":"alcad-standard","status":"publish","type":"product","link":"https:\/\/alcads.com\/tr\/product\/alcad-standard\/","title":{"rendered":"ALCAD Standard 2026"},"content":{"rendered":"<p>ALCAD 2D\/3D en iyi AutoCAD Alternatifidir. AutoCAD ile ayn\u0131 aray\u00fcz ve i\u015flevler.<\/p>\n<p>Bu \u00fcr\u00fcn sadece CAD i\u00e7erir.<\/p>\n<p>ALCAD ile AutoCAD kar\u015f\u0131la\u015ft\u0131rma tablosu burada:<\/p>\n<p><a href=\"https:\/\/alcads.com\/tr\/alcad-ile-karsilastirin\/\" target=\"_blank\" rel=\"noopener\">ALCAD | ALCAD (alcads.com) Kar\u015f\u0131la\u015ft\u0131rmas\u0131<\/a><\/p>\n<p><strong>ALCAD &#8211; tam uyumlu DWG-CAD<br \/>\nCAD Aray\u00fcz\u00fc ve AutoCAD ile ayn\u0131 i\u015flevleri g\u00f6r\u00fcr.<\/strong><\/p>\n<p>ALCAD Standard 2026 y\u0131ll\u0131k 229\u20ac veya tek seferlik kal\u0131c\u0131 lisans olarak 369\u20ac&#8217;ya temin edilebilir.<\/p>\n<ul>\n<li>DWG 2026 Deste\u011fi<\/li>\n<li>Co\u011frafi Konum MAP-Import<\/li>\n<li>PDF&#8217;den DWG&#8217;ye Aktarma<\/li>\n<li>LAYER-Manager<\/li>\n<li>XREF-Manager<\/li>\n<li>Tam 2D ara\u00e7lar ve basit 3D modelleme fonksiyonlar\u0131<\/li>\n<li>Raster g\u00f6r\u00fcnt\u00fc deste\u011fi<\/li>\n<li>Yeni Dinamik giri\u015f<\/li>\n<li>Co\u011frafi Harita Konumu ve G\u00f6r\u00fcnt\u00fcs\u00fc<\/li>\n<li>Dijital imzalar ekleyin<\/li>\n<li>Eskiz modlar\u0131 ve Se\u00e7im Tutamaklar\u0131<\/li>\n<li>2D ve 3D PDF D\u0131\u015fa Aktar\u0131m\u0131<\/li>\n<li>LISP, IRX\/DRX, SDS<\/li>\n<li>Yeni G\u00f6rsel Stiller ve Malzemeler<\/li>\n<li>Microsoft VBA 7.1 &amp; .NET API<\/li>\n<li>etransmit deste\u011fi<\/li>\n<li>Metin patlamas\u0131 ve degrade tarama<\/li>\n<li>64-Bit mimari<\/li>\n<li>\u00c7oklu \u00e7ekirdek deste\u011fi<\/li>\n<li>\u00c7oklu Dil Deste\u011fi<\/li>\n<li>Esnek self-servis lisans transferi. Transferlerde s\u0131n\u0131r yok.<\/li>\n<li>(*) 2D\/3D MEP i\u00e7in t\u00fcm MEP Eklentileri ile ALCAD Professional 2D\/3D&#8217;yi se\u00e7in<\/li>\n<\/ul>\n","protected":false},"excerpt":{"rendered":"<p>ALCAD 2D\/3D en iyi AutoCAD Alternatifidir. AutoCAD ile ayn\u0131 aray\u00fcz ve i\u015flevler. Bu \u00fcr\u00fcn sadece CAD i\u00e7erir. ALCAD ile AutoCAD kar\u015f\u0131la\u015ft\u0131rma tablosu burada: ALCAD | ALCAD (alcads.com) Kar\u015f\u0131la\u015ft\u0131rmas\u0131 ALCAD &#8211; tam uyumlu DWG-CAD CAD Aray\u00fcz\u00fc ve AutoCAD ile ayn\u0131 i\u015flevleri g\u00f6r\u00fcr. ALCAD Standard 2026 y\u0131ll\u0131k 229\u20ac veya tek seferlik kal\u0131c\u0131 lisans olarak 369\u20ac&#8217;ya temin edilebilir. [&hellip;]<\/p>\n","protected":false},"featured_media":116464,"comment_status":"closed","ping_status":"closed","template":"","meta":{"_acf_changed":false},"product_brand":[],"product_cat":[550],"product_tag":[],"class_list":{"0":"post-116159","1":"product","2":"type-product","3":"status-publish","4":"has-post-thumbnail","6":"product_cat-alcad-paketleri","8":"first","9":"instock","10":"purchasable","11":"product-type-variable","12":"has-default-attributes"},"acf":[],"yoast_head":"<!-- This site is optimized with the Yoast SEO plugin v27.3 - https:\/\/yoast.com\/product\/yoast-seo-wordpress\/ -->\n<title>ALCAD Standard 2026 - Alcads<\/title>\n<meta name=\"description\" content=\"Uygun maliyetli AutoCAD alternatifi ALCAD Professional&#039;\u0131 edinin. DWG deste\u011fi, BIM eki, 2D\/3D ara\u00e7lar\u0131 ve daha fazlas\u0131n\u0131n keyfini \u00e7\u0131kar\u0131n. Y\u0131ll\u0131k (199 \u20ac) veya kal\u0131c\u0131 (349 \u20ac) lisanslar\u0131 se\u00e7in. \u015eimdi sat\u0131n al\u0131n!\" \/>\n<meta name=\"robots\" content=\"index, follow, max-snippet:-1, max-image-preview:large, max-video-preview:-1\" \/>\n<link rel=\"canonical\" href=\"https:\/\/alcads.com\/tr\/product\/alcad-standard\/\" \/>\n<meta property=\"og:locale\" content=\"tr_TR\" \/>\n<meta property=\"og:type\" content=\"article\" \/>\n<meta property=\"og:title\" content=\"ALCAD Standard 2026 - Alcads\" \/>\n<meta property=\"og:description\" content=\"Uygun maliyetli AutoCAD alternatifi ALCAD Professional&#039;\u0131 edinin. DWG deste\u011fi, BIM eki, 2D\/3D ara\u00e7lar\u0131 ve daha fazlas\u0131n\u0131n keyfini \u00e7\u0131kar\u0131n. Y\u0131ll\u0131k (199 \u20ac) veya kal\u0131c\u0131 (349 \u20ac) lisanslar\u0131 se\u00e7in. \u015eimdi sat\u0131n al\u0131n!\" \/>\n<meta property=\"og:url\" content=\"https:\/\/alcads.com\/tr\/product\/alcad-standard\/\" \/>\n<meta property=\"og:site_name\" content=\"Alcads\" \/>\n<meta property=\"article:modified_time\" content=\"2025-12-03T11:15:02+00:00\" \/>\n<meta property=\"og:image\" content=\"https:\/\/alcads.com\/wp-content\/uploads\/Box_Standard-1-1024x1024.png\" \/>\n\t<meta property=\"og:image:width\" content=\"1024\" \/>\n\t<meta property=\"og:image:height\" content=\"1024\" \/>\n\t<meta property=\"og:image:type\" content=\"image\/png\" \/>\n<meta name=\"twitter:card\" content=\"summary_large_image\" \/>\n<meta name=\"twitter:label1\" content=\"Tahmini okuma s\u00fcresi\" \/>\n\t<meta name=\"twitter:data1\" content=\"1 dakika\" \/>\n<script type=\"application\/ld+json\" class=\"yoast-schema-graph\">{\"@context\":\"https:\\\/\\\/schema.org\",\"@graph\":[{\"@type\":\"WebPage\",\"@id\":\"https:\\\/\\\/alcads.com\\\/tr\\\/product\\\/alcad-standard\\\/\",\"url\":\"https:\\\/\\\/alcads.com\\\/tr\\\/product\\\/alcad-standard\\\/\",\"name\":\"ALCAD Standard 2026 - Alcads\",\"isPartOf\":{\"@id\":\"https:\\\/\\\/alcads.com\\\/tr\\\/#website\"},\"primaryImageOfPage\":{\"@id\":\"https:\\\/\\\/alcads.com\\\/tr\\\/product\\\/alcad-standard\\\/#primaryimage\"},\"image\":{\"@id\":\"https:\\\/\\\/alcads.com\\\/tr\\\/product\\\/alcad-standard\\\/#primaryimage\"},\"thumbnailUrl\":\"https:\\\/\\\/alcads.com\\\/wp-content\\\/uploads\\\/Box_Standard-1.png\",\"datePublished\":\"2025-12-01T10:08:01+00:00\",\"dateModified\":\"2025-12-03T11:15:02+00:00\",\"description\":\"Uygun maliyetli AutoCAD alternatifi ALCAD Professional'\u0131 edinin. DWG deste\u011fi, BIM eki, 2D\\\/3D ara\u00e7lar\u0131 ve daha fazlas\u0131n\u0131n keyfini \u00e7\u0131kar\u0131n. Y\u0131ll\u0131k (199 \u20ac) veya kal\u0131c\u0131 (349 \u20ac) lisanslar\u0131 se\u00e7in. \u015eimdi sat\u0131n al\u0131n!\",\"breadcrumb\":{\"@id\":\"https:\\\/\\\/alcads.com\\\/tr\\\/product\\\/alcad-standard\\\/#breadcrumb\"},\"inLanguage\":\"tr\",\"potentialAction\":[{\"@type\":\"ReadAction\",\"target\":[\"https:\\\/\\\/alcads.com\\\/tr\\\/product\\\/alcad-standard\\\/\"]}]},{\"@type\":\"ImageObject\",\"inLanguage\":\"tr\",\"@id\":\"https:\\\/\\\/alcads.com\\\/tr\\\/product\\\/alcad-standard\\\/#primaryimage\",\"url\":\"https:\\\/\\\/alcads.com\\\/wp-content\\\/uploads\\\/Box_Standard-1.png\",\"contentUrl\":\"https:\\\/\\\/alcads.com\\\/wp-content\\\/uploads\\\/Box_Standard-1.png\",\"width\":2048,\"height\":2048},{\"@type\":\"BreadcrumbList\",\"@id\":\"https:\\\/\\\/alcads.com\\\/tr\\\/product\\\/alcad-standard\\\/#breadcrumb\",\"itemListElement\":[{\"@type\":\"ListItem\",\"position\":1,\"name\":\"Home\",\"item\":\"https:\\\/\\\/alcads.com\\\/tr\\\/\"},{\"@type\":\"ListItem\",\"position\":2,\"name\":\"Ma\u011faza\",\"item\":\"https:\\\/\\\/alcads.com\\\/tr\\\/magaza\\\/\"},{\"@type\":\"ListItem\",\"position\":3,\"name\":\"ALCAD Standard 2026\"}]},{\"@type\":\"WebSite\",\"@id\":\"https:\\\/\\\/alcads.com\\\/tr\\\/#website\",\"url\":\"https:\\\/\\\/alcads.com\\\/tr\\\/\",\"name\":\"Alcads\",\"description\":\"The Best AutoCAD Alternative\",\"publisher\":{\"@id\":\"https:\\\/\\\/alcads.com\\\/tr\\\/#organization\"},\"potentialAction\":[{\"@type\":\"SearchAction\",\"target\":{\"@type\":\"EntryPoint\",\"urlTemplate\":\"https:\\\/\\\/alcads.com\\\/tr\\\/?s={search_term_string}\"},\"query-input\":{\"@type\":\"PropertyValueSpecification\",\"valueRequired\":true,\"valueName\":\"search_term_string\"}}],\"inLanguage\":\"tr\"},{\"@type\":\"Organization\",\"@id\":\"https:\\\/\\\/alcads.com\\\/tr\\\/#organization\",\"name\":\"Alcads\",\"url\":\"https:\\\/\\\/alcads.com\\\/tr\\\/\",\"logo\":{\"@type\":\"ImageObject\",\"inLanguage\":\"tr\",\"@id\":\"https:\\\/\\\/alcads.com\\\/tr\\\/#\\\/schema\\\/logo\\\/image\\\/\",\"url\":\"https:\\\/\\\/alcads.com\\\/wp-content\\\/uploads\\\/2024\\\/05\\\/logo.png\",\"contentUrl\":\"https:\\\/\\\/alcads.com\\\/wp-content\\\/uploads\\\/2024\\\/05\\\/logo.png\",\"width\":122,\"height\":42,\"caption\":\"Alcads\"},\"image\":{\"@id\":\"https:\\\/\\\/alcads.com\\\/tr\\\/#\\\/schema\\\/logo\\\/image\\\/\"}}]}<\/script>\n<!-- \/ Yoast SEO plugin. -->","yoast_head_json":{"title":"ALCAD Standard 2026 - Alcads","description":"Uygun maliyetli AutoCAD alternatifi ALCAD Professional'\u0131 edinin. DWG deste\u011fi, BIM eki, 2D\/3D ara\u00e7lar\u0131 ve daha fazlas\u0131n\u0131n keyfini \u00e7\u0131kar\u0131n. Y\u0131ll\u0131k (199 \u20ac) veya kal\u0131c\u0131 (349 \u20ac) lisanslar\u0131 se\u00e7in. \u015eimdi sat\u0131n al\u0131n!","robots":{"index":"index","follow":"follow","max-snippet":"max-snippet:-1","max-image-preview":"max-image-preview:large","max-video-preview":"max-video-preview:-1"},"canonical":"https:\/\/alcads.com\/tr\/product\/alcad-standard\/","og_locale":"tr_TR","og_type":"article","og_title":"ALCAD Standard 2026 - Alcads","og_description":"Uygun maliyetli AutoCAD alternatifi ALCAD Professional'\u0131 edinin. DWG deste\u011fi, BIM eki, 2D\/3D ara\u00e7lar\u0131 ve daha fazlas\u0131n\u0131n keyfini \u00e7\u0131kar\u0131n. Y\u0131ll\u0131k (199 \u20ac) veya kal\u0131c\u0131 (349 \u20ac) lisanslar\u0131 se\u00e7in. \u015eimdi sat\u0131n al\u0131n!","og_url":"https:\/\/alcads.com\/tr\/product\/alcad-standard\/","og_site_name":"Alcads","article_modified_time":"2025-12-03T11:15:02+00:00","og_image":[{"width":1024,"height":1024,"url":"https:\/\/alcads.com\/wp-content\/uploads\/Box_Standard-1-1024x1024.png","type":"image\/png"}],"twitter_card":"summary_large_image","twitter_misc":{"Tahmini okuma s\u00fcresi":"1 dakika"},"schema":{"@context":"https:\/\/schema.org","@graph":[{"@type":"WebPage","@id":"https:\/\/alcads.com\/tr\/product\/alcad-standard\/","url":"https:\/\/alcads.com\/tr\/product\/alcad-standard\/","name":"ALCAD Standard 2026 - Alcads","isPartOf":{"@id":"https:\/\/alcads.com\/tr\/#website"},"primaryImageOfPage":{"@id":"https:\/\/alcads.com\/tr\/product\/alcad-standard\/#primaryimage"},"image":{"@id":"https:\/\/alcads.com\/tr\/product\/alcad-standard\/#primaryimage"},"thumbnailUrl":"https:\/\/alcads.com\/wp-content\/uploads\/Box_Standard-1.png","datePublished":"2025-12-01T10:08:01+00:00","dateModified":"2025-12-03T11:15:02+00:00","description":"Uygun maliyetli AutoCAD alternatifi ALCAD Professional'\u0131 edinin. DWG deste\u011fi, BIM eki, 2D\/3D ara\u00e7lar\u0131 ve daha fazlas\u0131n\u0131n keyfini \u00e7\u0131kar\u0131n. Y\u0131ll\u0131k (199 \u20ac) veya kal\u0131c\u0131 (349 \u20ac) lisanslar\u0131 se\u00e7in. \u015eimdi sat\u0131n al\u0131n!","breadcrumb":{"@id":"https:\/\/alcads.com\/tr\/product\/alcad-standard\/#breadcrumb"},"inLanguage":"tr","potentialAction":[{"@type":"ReadAction","target":["https:\/\/alcads.com\/tr\/product\/alcad-standard\/"]}]},{"@type":"ImageObject","inLanguage":"tr","@id":"https:\/\/alcads.com\/tr\/product\/alcad-standard\/#primaryimage","url":"https:\/\/alcads.com\/wp-content\/uploads\/Box_Standard-1.png","contentUrl":"https:\/\/alcads.com\/wp-content\/uploads\/Box_Standard-1.png","width":2048,"height":2048},{"@type":"BreadcrumbList","@id":"https:\/\/alcads.com\/tr\/product\/alcad-standard\/#breadcrumb","itemListElement":[{"@type":"ListItem","position":1,"name":"Home","item":"https:\/\/alcads.com\/tr\/"},{"@type":"ListItem","position":2,"name":"Ma\u011faza","item":"https:\/\/alcads.com\/tr\/magaza\/"},{"@type":"ListItem","position":3,"name":"ALCAD Standard 2026"}]},{"@type":"WebSite","@id":"https:\/\/alcads.com\/tr\/#website","url":"https:\/\/alcads.com\/tr\/","name":"Alcads","description":"The Best AutoCAD Alternative","publisher":{"@id":"https:\/\/alcads.com\/tr\/#organization"},"potentialAction":[{"@type":"SearchAction","target":{"@type":"EntryPoint","urlTemplate":"https:\/\/alcads.com\/tr\/?s={search_term_string}"},"query-input":{"@type":"PropertyValueSpecification","valueRequired":true,"valueName":"search_term_string"}}],"inLanguage":"tr"},{"@type":"Organization","@id":"https:\/\/alcads.com\/tr\/#organization","name":"Alcads","url":"https:\/\/alcads.com\/tr\/","logo":{"@type":"ImageObject","inLanguage":"tr","@id":"https:\/\/alcads.com\/tr\/#\/schema\/logo\/image\/","url":"https:\/\/alcads.com\/wp-content\/uploads\/2024\/05\/logo.png","contentUrl":"https:\/\/alcads.com\/wp-content\/uploads\/2024\/05\/logo.png","width":122,"height":42,"caption":"Alcads"},"image":{"@id":"https:\/\/alcads.com\/tr\/#\/schema\/logo\/image\/"}}]}},"jetpack_sharing_enabled":true,"_links":{"self":[{"href":"https:\/\/alcads.com\/tr\/wp-json\/wp\/v2\/product\/116159","targetHints":{"allow":["GET"]}}],"collection":[{"href":"https:\/\/alcads.com\/tr\/wp-json\/wp\/v2\/product"}],"about":[{"href":"https:\/\/alcads.com\/tr\/wp-json\/wp\/v2\/types\/product"}],"replies":[{"embeddable":true,"href":"https:\/\/alcads.com\/tr\/wp-json\/wp\/v2\/comments?post=116159"}],"wp:featuredmedia":[{"embeddable":true,"href":"https:\/\/alcads.com\/tr\/wp-json\/wp\/v2\/media\/116464"}],"wp:attachment":[{"href":"https:\/\/alcads.com\/tr\/wp-json\/wp\/v2\/media?parent=116159"}],"wp:term":[{"taxonomy":"product_brand","embeddable":true,"href":"https:\/\/alcads.com\/tr\/wp-json\/wp\/v2\/product_brand?post=116159"},{"taxonomy":"product_cat","embeddable":true,"href":"https:\/\/alcads.com\/tr\/wp-json\/wp\/v2\/product_cat?post=116159"},{"taxonomy":"product_tag","embeddable":true,"href":"https:\/\/alcads.com\/tr\/wp-json\/wp\/v2\/product_tag?post=116159"}],"curies":[{"name":"wp","href":"https:\/\/api.w.org\/{rel}","templated":true}]}}