{"id":105334,"date":"2024-05-01T07:20:36","date_gmt":"2024-05-01T07:20:36","guid":{"rendered":"https:\/\/dev.alcads.com\/product\/alcad-professional-2d-3d-with-all-2d-mep-plugins\/"},"modified":"2024-12-31T06:40:56","modified_gmt":"2024-12-31T06:40:56","slug":"alcad-professional-mep-2d","status":"publish","type":"product","link":"https:\/\/alcads.com\/tr\/product\/alcad-professional-mep-2d\/","title":{"rendered":"T\u00fcm 2D MEP Eklentileri ile ALCAD Professional 2D\/3D &#8211; Y\u0131ll\u0131k Lisans"},"content":{"rendered":"<p><strong>MEP eklentileri hakk\u0131nda t\u00fcm bilgiler burada:<\/strong> <a href=\"https:\/\/alcads.com\/tr\/mep-eklentileri\/\">https:\/\/alcads.com\/tr\/mep-eklentileri\/<\/a> <\/p>\n<h6>ALCAD &#8211; tam uyumlu DWG-CAD, ALCADs 2D HVAC Eklentileri + 1&#8217;000 Sembol i\u00e7erir.<\/h6>\n<ul>\n<li>ALCADs 2D HVAC Eklentileri<\/li>\n<li>1&#8217;000 Sembol<\/li>\n<li>PDF&#8217;den DWG&#8217;ye Aktarma<\/li>\n<li>.DWG 2024 Deste\u011fi<\/li>\n<li>Tam 2D ve 3D Ara\u00e7lar (*)<\/li>\n<li>Raster g\u00f6r\u00fcnt\u00fc deste\u011fi<\/li>\n<li>BIM eki (rvt &amp; rfa)<\/li>\n<li>Yeni Dinamik giri\u015f<\/li>\n<li>Co\u011frafi Harita Konumu ve G\u00f6r\u00fcnt\u00fcs\u00fc<\/li>\n<li>Dijital imzalar ekleyin<\/li>\n<li>Eskiz modlar\u0131 ve Se\u00e7im Tutamaklar\u0131<\/li>\n<li>2D ve 3D PDF D\u0131\u015fa Aktar\u0131m\u0131<\/li>\n<li>LISP, IRX\/DRX, SDS<\/li>\n<li>Yeni G\u00f6rsel Stiller ve Malzemeler<\/li>\n<li>Ger\u00e7ek\u00e7i render<\/li>\n<li>Geli\u015fmi\u015f i\u015fleme eklentisi<\/li>\n<li>Microsoft VBA 7.1 &amp; .NET API<\/li>\n<li>etransmit deste\u011fi<\/li>\n<li>Metin patlamas\u0131 ve degrade tarama<\/li>\n<li>64-Bit mimari<\/li>\n<li>\u00c7oklu \u00e7ekirdek deste\u011fi<\/li>\n<li>\u00c7oklu Dil Deste\u011fi<\/li>\n<li>Esnek self-servis lisans transferi. Transferlerde s\u0131n\u0131r yok.<\/li>\n<\/ul>\n<p>  3D HVAC\/Plant Eklentileri, 3D kat\u0131lar, STEP Import\/Export, IFC &amp; Architecture 3D i\u00e7in 2D &amp; 3D MEP ile ALCAD&#8217;i se\u00e7in MEP s\u00fcr\u00fcm\u00fc sadece y\u0131ll\u0131k lisans olarak mevcuttur.<\/p>\n","protected":false},"excerpt":{"rendered":"<p>Benzersiz yapay zeka odakl\u0131 \u00fcretkenlik arac\u0131 ile profesyonel CAD.<\/p>\n","protected":false},"featured_media":107909,"comment_status":"closed","ping_status":"closed","template":"","meta":{"_acf_changed":false},"product_brand":[],"product_cat":[1228],"product_tag":[],"class_list":{"0":"post-105334","1":"product","2":"type-product","3":"status-publish","4":"has-post-thumbnail","6":"product_cat-alcad-mep-tr","8":"first","9":"instock","10":"virtual","11":"purchasable","12":"product-type-simple"},"acf":[],"yoast_head":"<!-- This site is optimized with the Yoast SEO plugin v27.3 - https:\/\/yoast.com\/product\/yoast-seo-wordpress\/ -->\n<title>T\u00fcm 2D MEP Eklentileri ile ALCAD Professional 2D\/3D - Y\u0131ll\u0131k Lisans - Alcads<\/title>\n<meta name=\"description\" content=\"ALCAD 2D\/3D CAD with MEP plugins, HVAC, drenaj, gaz boru hatlar\u0131 ve daha fazlas\u0131 i\u00e7in ara\u00e7lar sa\u011flar. 1.000 sembol, BIM ekleme ve DWG 2024 deste\u011fi i\u00e7erir. Sadece 399\u20ac\/y\u0131l. \u015eimdi sat\u0131n al\u0131n!\" \/>\n<meta name=\"robots\" content=\"index, follow, max-snippet:-1, max-image-preview:large, max-video-preview:-1\" \/>\n<link rel=\"canonical\" href=\"https:\/\/alcads.com\/tr\/product\/alcad-professional-mep-2d\/\" \/>\n<meta property=\"og:locale\" content=\"tr_TR\" \/>\n<meta property=\"og:type\" content=\"article\" \/>\n<meta property=\"og:title\" content=\"T\u00fcm 2D MEP Eklentileri ile ALCAD Professional 2D\/3D - Y\u0131ll\u0131k Lisans - Alcads\" \/>\n<meta property=\"og:description\" content=\"ALCAD 2D\/3D CAD with MEP plugins, HVAC, drenaj, gaz boru hatlar\u0131 ve daha fazlas\u0131 i\u00e7in ara\u00e7lar sa\u011flar. 1.000 sembol, BIM ekleme ve DWG 2024 deste\u011fi i\u00e7erir. Sadece 399\u20ac\/y\u0131l. \u015eimdi sat\u0131n al\u0131n!\" \/>\n<meta property=\"og:url\" content=\"https:\/\/alcads.com\/tr\/product\/alcad-professional-mep-2d\/\" \/>\n<meta property=\"og:site_name\" content=\"Alcads\" \/>\n<meta property=\"article:modified_time\" content=\"2024-12-31T06:40:56+00:00\" \/>\n<meta property=\"og:image\" content=\"https:\/\/alcads.com\/wp-content\/uploads\/2024\/05\/compressed_image-92.webp\" \/>\n\t<meta property=\"og:image:width\" content=\"379\" \/>\n\t<meta property=\"og:image:height\" content=\"300\" \/>\n\t<meta property=\"og:image:type\" content=\"image\/webp\" \/>\n<meta name=\"twitter:card\" content=\"summary_large_image\" \/>\n<meta name=\"twitter:label1\" content=\"Tahmini okuma s\u00fcresi\" \/>\n\t<meta name=\"twitter:data1\" content=\"1 dakika\" \/>\n<script type=\"application\/ld+json\" class=\"yoast-schema-graph\">{\"@context\":\"https:\\\/\\\/schema.org\",\"@graph\":[{\"@type\":\"WebPage\",\"@id\":\"https:\\\/\\\/alcads.com\\\/tr\\\/product\\\/alcad-professional-mep-2d\\\/\",\"url\":\"https:\\\/\\\/alcads.com\\\/tr\\\/product\\\/alcad-professional-mep-2d\\\/\",\"name\":\"T\u00fcm 2D MEP Eklentileri ile ALCAD Professional 2D\\\/3D - Y\u0131ll\u0131k Lisans - Alcads\",\"isPartOf\":{\"@id\":\"https:\\\/\\\/alcads.com\\\/tr\\\/#website\"},\"primaryImageOfPage\":{\"@id\":\"https:\\\/\\\/alcads.com\\\/tr\\\/product\\\/alcad-professional-mep-2d\\\/#primaryimage\"},\"image\":{\"@id\":\"https:\\\/\\\/alcads.com\\\/tr\\\/product\\\/alcad-professional-mep-2d\\\/#primaryimage\"},\"thumbnailUrl\":\"https:\\\/\\\/alcads.com\\\/wp-content\\\/uploads\\\/2024\\\/05\\\/compressed_image-92.webp\",\"datePublished\":\"2024-05-01T07:20:36+00:00\",\"dateModified\":\"2024-12-31T06:40:56+00:00\",\"description\":\"ALCAD 2D\\\/3D CAD with MEP plugins, HVAC, drenaj, gaz boru hatlar\u0131 ve daha fazlas\u0131 i\u00e7in ara\u00e7lar sa\u011flar. 1.000 sembol, BIM ekleme ve DWG 2024 deste\u011fi i\u00e7erir. Sadece 399\u20ac\\\/y\u0131l. \u015eimdi sat\u0131n al\u0131n!\",\"breadcrumb\":{\"@id\":\"https:\\\/\\\/alcads.com\\\/tr\\\/product\\\/alcad-professional-mep-2d\\\/#breadcrumb\"},\"inLanguage\":\"tr\",\"potentialAction\":[{\"@type\":\"ReadAction\",\"target\":[\"https:\\\/\\\/alcads.com\\\/tr\\\/product\\\/alcad-professional-mep-2d\\\/\"]}]},{\"@type\":\"ImageObject\",\"inLanguage\":\"tr\",\"@id\":\"https:\\\/\\\/alcads.com\\\/tr\\\/product\\\/alcad-professional-mep-2d\\\/#primaryimage\",\"url\":\"https:\\\/\\\/alcads.com\\\/wp-content\\\/uploads\\\/2024\\\/05\\\/compressed_image-92.webp\",\"contentUrl\":\"https:\\\/\\\/alcads.com\\\/wp-content\\\/uploads\\\/2024\\\/05\\\/compressed_image-92.webp\",\"width\":379,\"height\":300,\"caption\":\"alcad profesyonel mep 2d 3d\"},{\"@type\":\"BreadcrumbList\",\"@id\":\"https:\\\/\\\/alcads.com\\\/tr\\\/product\\\/alcad-professional-mep-2d\\\/#breadcrumb\",\"itemListElement\":[{\"@type\":\"ListItem\",\"position\":1,\"name\":\"Home\",\"item\":\"https:\\\/\\\/alcads.com\\\/tr\\\/\"},{\"@type\":\"ListItem\",\"position\":2,\"name\":\"Ma\u011faza\",\"item\":\"https:\\\/\\\/alcads.com\\\/tr\\\/magaza\\\/\"},{\"@type\":\"ListItem\",\"position\":3,\"name\":\"T\u00fcm 2D MEP Eklentileri ile ALCAD Professional 2D\\\/3D &#8211; Y\u0131ll\u0131k Lisans\"}]},{\"@type\":\"WebSite\",\"@id\":\"https:\\\/\\\/alcads.com\\\/tr\\\/#website\",\"url\":\"https:\\\/\\\/alcads.com\\\/tr\\\/\",\"name\":\"Alcads\",\"description\":\"The Best AutoCAD Alternative\",\"publisher\":{\"@id\":\"https:\\\/\\\/alcads.com\\\/tr\\\/#organization\"},\"potentialAction\":[{\"@type\":\"SearchAction\",\"target\":{\"@type\":\"EntryPoint\",\"urlTemplate\":\"https:\\\/\\\/alcads.com\\\/tr\\\/?s={search_term_string}\"},\"query-input\":{\"@type\":\"PropertyValueSpecification\",\"valueRequired\":true,\"valueName\":\"search_term_string\"}}],\"inLanguage\":\"tr\"},{\"@type\":\"Organization\",\"@id\":\"https:\\\/\\\/alcads.com\\\/tr\\\/#organization\",\"name\":\"Alcads\",\"url\":\"https:\\\/\\\/alcads.com\\\/tr\\\/\",\"logo\":{\"@type\":\"ImageObject\",\"inLanguage\":\"tr\",\"@id\":\"https:\\\/\\\/alcads.com\\\/tr\\\/#\\\/schema\\\/logo\\\/image\\\/\",\"url\":\"https:\\\/\\\/alcads.com\\\/wp-content\\\/uploads\\\/2024\\\/05\\\/logo.png\",\"contentUrl\":\"https:\\\/\\\/alcads.com\\\/wp-content\\\/uploads\\\/2024\\\/05\\\/logo.png\",\"width\":122,\"height\":42,\"caption\":\"Alcads\"},\"image\":{\"@id\":\"https:\\\/\\\/alcads.com\\\/tr\\\/#\\\/schema\\\/logo\\\/image\\\/\"}}]}<\/script>\n<!-- \/ Yoast SEO plugin. -->","yoast_head_json":{"title":"T\u00fcm 2D MEP Eklentileri ile ALCAD Professional 2D\/3D - Y\u0131ll\u0131k Lisans - Alcads","description":"ALCAD 2D\/3D CAD with MEP plugins, HVAC, drenaj, gaz boru hatlar\u0131 ve daha fazlas\u0131 i\u00e7in ara\u00e7lar sa\u011flar. 1.000 sembol, BIM ekleme ve DWG 2024 deste\u011fi i\u00e7erir. Sadece 399\u20ac\/y\u0131l. \u015eimdi sat\u0131n al\u0131n!","robots":{"index":"index","follow":"follow","max-snippet":"max-snippet:-1","max-image-preview":"max-image-preview:large","max-video-preview":"max-video-preview:-1"},"canonical":"https:\/\/alcads.com\/tr\/product\/alcad-professional-mep-2d\/","og_locale":"tr_TR","og_type":"article","og_title":"T\u00fcm 2D MEP Eklentileri ile ALCAD Professional 2D\/3D - Y\u0131ll\u0131k Lisans - Alcads","og_description":"ALCAD 2D\/3D CAD with MEP plugins, HVAC, drenaj, gaz boru hatlar\u0131 ve daha fazlas\u0131 i\u00e7in ara\u00e7lar sa\u011flar. 1.000 sembol, BIM ekleme ve DWG 2024 deste\u011fi i\u00e7erir. Sadece 399\u20ac\/y\u0131l. \u015eimdi sat\u0131n al\u0131n!","og_url":"https:\/\/alcads.com\/tr\/product\/alcad-professional-mep-2d\/","og_site_name":"Alcads","article_modified_time":"2024-12-31T06:40:56+00:00","og_image":[{"width":379,"height":300,"url":"https:\/\/alcads.com\/wp-content\/uploads\/2024\/05\/compressed_image-92.webp","type":"image\/webp"}],"twitter_card":"summary_large_image","twitter_misc":{"Tahmini okuma s\u00fcresi":"1 dakika"},"schema":{"@context":"https:\/\/schema.org","@graph":[{"@type":"WebPage","@id":"https:\/\/alcads.com\/tr\/product\/alcad-professional-mep-2d\/","url":"https:\/\/alcads.com\/tr\/product\/alcad-professional-mep-2d\/","name":"T\u00fcm 2D MEP Eklentileri ile ALCAD Professional 2D\/3D - Y\u0131ll\u0131k Lisans - Alcads","isPartOf":{"@id":"https:\/\/alcads.com\/tr\/#website"},"primaryImageOfPage":{"@id":"https:\/\/alcads.com\/tr\/product\/alcad-professional-mep-2d\/#primaryimage"},"image":{"@id":"https:\/\/alcads.com\/tr\/product\/alcad-professional-mep-2d\/#primaryimage"},"thumbnailUrl":"https:\/\/alcads.com\/wp-content\/uploads\/2024\/05\/compressed_image-92.webp","datePublished":"2024-05-01T07:20:36+00:00","dateModified":"2024-12-31T06:40:56+00:00","description":"ALCAD 2D\/3D CAD with MEP plugins, HVAC, drenaj, gaz boru hatlar\u0131 ve daha fazlas\u0131 i\u00e7in ara\u00e7lar sa\u011flar. 1.000 sembol, BIM ekleme ve DWG 2024 deste\u011fi i\u00e7erir. Sadece 399\u20ac\/y\u0131l. \u015eimdi sat\u0131n al\u0131n!","breadcrumb":{"@id":"https:\/\/alcads.com\/tr\/product\/alcad-professional-mep-2d\/#breadcrumb"},"inLanguage":"tr","potentialAction":[{"@type":"ReadAction","target":["https:\/\/alcads.com\/tr\/product\/alcad-professional-mep-2d\/"]}]},{"@type":"ImageObject","inLanguage":"tr","@id":"https:\/\/alcads.com\/tr\/product\/alcad-professional-mep-2d\/#primaryimage","url":"https:\/\/alcads.com\/wp-content\/uploads\/2024\/05\/compressed_image-92.webp","contentUrl":"https:\/\/alcads.com\/wp-content\/uploads\/2024\/05\/compressed_image-92.webp","width":379,"height":300,"caption":"alcad profesyonel mep 2d 3d"},{"@type":"BreadcrumbList","@id":"https:\/\/alcads.com\/tr\/product\/alcad-professional-mep-2d\/#breadcrumb","itemListElement":[{"@type":"ListItem","position":1,"name":"Home","item":"https:\/\/alcads.com\/tr\/"},{"@type":"ListItem","position":2,"name":"Ma\u011faza","item":"https:\/\/alcads.com\/tr\/magaza\/"},{"@type":"ListItem","position":3,"name":"T\u00fcm 2D MEP Eklentileri ile ALCAD Professional 2D\/3D &#8211; Y\u0131ll\u0131k Lisans"}]},{"@type":"WebSite","@id":"https:\/\/alcads.com\/tr\/#website","url":"https:\/\/alcads.com\/tr\/","name":"Alcads","description":"The Best AutoCAD Alternative","publisher":{"@id":"https:\/\/alcads.com\/tr\/#organization"},"potentialAction":[{"@type":"SearchAction","target":{"@type":"EntryPoint","urlTemplate":"https:\/\/alcads.com\/tr\/?s={search_term_string}"},"query-input":{"@type":"PropertyValueSpecification","valueRequired":true,"valueName":"search_term_string"}}],"inLanguage":"tr"},{"@type":"Organization","@id":"https:\/\/alcads.com\/tr\/#organization","name":"Alcads","url":"https:\/\/alcads.com\/tr\/","logo":{"@type":"ImageObject","inLanguage":"tr","@id":"https:\/\/alcads.com\/tr\/#\/schema\/logo\/image\/","url":"https:\/\/alcads.com\/wp-content\/uploads\/2024\/05\/logo.png","contentUrl":"https:\/\/alcads.com\/wp-content\/uploads\/2024\/05\/logo.png","width":122,"height":42,"caption":"Alcads"},"image":{"@id":"https:\/\/alcads.com\/tr\/#\/schema\/logo\/image\/"}}]}},"jetpack_sharing_enabled":true,"_links":{"self":[{"href":"https:\/\/alcads.com\/tr\/wp-json\/wp\/v2\/product\/105334","targetHints":{"allow":["GET"]}}],"collection":[{"href":"https:\/\/alcads.com\/tr\/wp-json\/wp\/v2\/product"}],"about":[{"href":"https:\/\/alcads.com\/tr\/wp-json\/wp\/v2\/types\/product"}],"replies":[{"embeddable":true,"href":"https:\/\/alcads.com\/tr\/wp-json\/wp\/v2\/comments?post=105334"}],"wp:featuredmedia":[{"embeddable":true,"href":"https:\/\/alcads.com\/tr\/wp-json\/wp\/v2\/media\/107909"}],"wp:attachment":[{"href":"https:\/\/alcads.com\/tr\/wp-json\/wp\/v2\/media?parent=105334"}],"wp:term":[{"taxonomy":"product_brand","embeddable":true,"href":"https:\/\/alcads.com\/tr\/wp-json\/wp\/v2\/product_brand?post=105334"},{"taxonomy":"product_cat","embeddable":true,"href":"https:\/\/alcads.com\/tr\/wp-json\/wp\/v2\/product_cat?post=105334"},{"taxonomy":"product_tag","embeddable":true,"href":"https:\/\/alcads.com\/tr\/wp-json\/wp\/v2\/product_tag?post=105334"}],"curies":[{"name":"wp","href":"https:\/\/api.w.org\/{rel}","templated":true}]}}