{"id":105323,"date":"2024-05-01T07:23:12","date_gmt":"2024-05-01T07:23:12","guid":{"rendered":"https:\/\/dev.alcads.com\/product\/alcad-professional-mep-2d-3d\/"},"modified":"2024-12-31T06:48:37","modified_gmt":"2024-12-31T06:48:37","slug":"alcad-professional-mep-2d-3d","status":"publish","type":"product","link":"https:\/\/alcads.com\/tr\/product\/alcad-professional-mep-2d-3d\/","title":{"rendered":"T\u00fcm 2D ve 3D MEP Eklentileri ile ALCAD Professional 2D\/3D &#8211; Y\u0131ll\u0131k Lisans"},"content":{"rendered":"<p><strong>MEP eklentileri hakk\u0131nda t\u00fcm bilgiler burada:<\/strong> <a href=\"https:\/\/alcads.com\/tr\/mep-eklentileri\/\">https:\/\/alcads.com\/tr\/mep-eklentileri\/<\/a> <\/p>\n<p><strong>ALCAD \u2013 tam uyumlu DWG-CAD, t\u00fcm ALCAD MEP Eklentilerine 2D ve 3D + 1\u2019000 Sembol dahildir.<\/strong><br \/>\nALCAD Professional MEP 2D\/3D sadece y\u0131ll\u0131k lisans olarak mevcuttur. Bu fiyata destek ve g\u00fcncellemeler dahildir.<\/p>\n<ul>\n<li>T\u00fcm ALCADs 2D &#038; 3D MEP Eklentileri<\/li>\n<li>1\u2019000 Sembol<\/li>\n<li>PDF\u2019den DWG\u2019ye Aktarma<\/li>\n<li>.dwg 2024 Destek<\/li>\n<li>Tam 2D ve 3D Ara\u00e7lar<\/li>\n<li>2D\/3D Mimari<\/li>\n<li>3D ACIS Kat\u0131 Maddeler<\/li>\n<li>BIM i\u00e7e aktarma (IFC, RVT)<\/li>\n<li>Kesit \u00c7izgileri Olu\u015fturma<\/li>\n<li>Yeni Dinamik giri\u015f<\/li>\n<li>Dijital imzalar ekleyin<\/li>\n<li>Eskiz modlar\u0131 ve Se\u00e7im Tutamaklar\u0131<\/li>\n<li>Raster g\u00f6r\u00fcnt\u00fc deste\u011fi<\/li>\n<li>2D ve 3D PDF D\u0131\u015fa Aktar\u0131m\u0131<\/li>\n<li>LISP, IRX\/DRX, SDS<\/li>\n<li>Yeni G\u00f6rsel Stiller ve Malzemeler<\/li>\n<li>Ger\u00e7ek\u00e7i render<\/li>\n<li>Geli\u015fmi\u015f i\u015fleme eklentisi<\/li>\n<li>etransmit deste\u011fi<\/li>\n<li>Metin patlamas\u0131 ve degrade tarama<\/li>\n<li>Microsoft VBA 7.1 &#038; .NET API<\/li>\n<li>64-Bit mimari<\/li>\n<li>\u00c7oklu \u00e7ekirdek deste\u011fi<\/li>\n<li>\u00c7oklu Dil Deste\u011fi<\/li>\n<li>\u2026ve \u00e7ok daha fazlas\u0131!<\/li>\n<\/ul>\n","protected":false},"excerpt":{"rendered":"<p>MEP eklentileri hakk\u0131nda t\u00fcm bilgiler burada: https:\/\/alcads.com\/tr\/mep-eklentileri\/ ALCAD \u2013 tam uyumlu DWG-CAD, t\u00fcm ALCAD MEP Eklentilerine 2D ve 3D + 1\u2019000 Sembol dahildir. ALCAD Professional MEP 2D\/3D sadece y\u0131ll\u0131k lisans olarak mevcuttur. Bu fiyata destek ve g\u00fcncellemeler dahildir. T\u00fcm ALCADs 2D &#038; 3D MEP Eklentileri 1\u2019000 Sembol PDF\u2019den DWG\u2019ye Aktarma .dwg 2024 Destek Tam 2D [&hellip;]<\/p>\n","protected":false},"featured_media":108832,"comment_status":"closed","ping_status":"closed","template":"","meta":{"_acf_changed":false},"product_brand":[],"product_cat":[1228],"product_tag":[],"class_list":{"0":"post-105323","1":"product","2":"type-product","3":"status-publish","4":"has-post-thumbnail","6":"product_cat-alcad-mep-tr","8":"first","9":"instock","10":"downloadable","11":"virtual","12":"purchasable","13":"product-type-simple"},"acf":[],"yoast_head":"<!-- This site is optimized with the Yoast SEO plugin v27.3 - https:\/\/yoast.com\/product\/yoast-seo-wordpress\/ -->\n<title>T\u00fcm 2D ve 3D MEP Eklentileri ile ALCAD Professional 2D\/3D - Y\u0131ll\u0131k Lisans - Alcads<\/title>\n<meta name=\"description\" content=\"ALCAD Professional 2D\/3D ile CAD yeteneklerinizi geli\u015ftirin. Tam MEP eklentileri, 1.000&#039;den fazla sembol, BIM i\u00e7e aktarma ve geli\u015fmi\u015f i\u015fleme ara\u00e7lar\u0131 i\u00e7erir. Y\u0131ll\u0131k lisans 499 \u20ac. \u015eimdi sat\u0131n al\u0131n!\" \/>\n<meta name=\"robots\" content=\"index, follow, max-snippet:-1, max-image-preview:large, max-video-preview:-1\" \/>\n<link rel=\"canonical\" href=\"https:\/\/alcads.com\/tr\/product\/alcad-professional-mep-2d-3d\/\" \/>\n<meta property=\"og:locale\" content=\"tr_TR\" \/>\n<meta property=\"og:type\" content=\"article\" \/>\n<meta property=\"og:title\" content=\"T\u00fcm 2D ve 3D MEP Eklentileri ile ALCAD Professional 2D\/3D - Y\u0131ll\u0131k Lisans - Alcads\" \/>\n<meta property=\"og:description\" content=\"ALCAD Professional 2D\/3D ile CAD yeteneklerinizi geli\u015ftirin. Tam MEP eklentileri, 1.000&#039;den fazla sembol, BIM i\u00e7e aktarma ve geli\u015fmi\u015f i\u015fleme ara\u00e7lar\u0131 i\u00e7erir. Y\u0131ll\u0131k lisans 499 \u20ac. \u015eimdi sat\u0131n al\u0131n!\" \/>\n<meta property=\"og:url\" content=\"https:\/\/alcads.com\/tr\/product\/alcad-professional-mep-2d-3d\/\" \/>\n<meta property=\"og:site_name\" content=\"Alcads\" \/>\n<meta property=\"article:modified_time\" content=\"2024-12-31T06:48:37+00:00\" \/>\n<meta property=\"og:image\" content=\"https:\/\/alcads.com\/wp-content\/uploads\/2024\/05\/mep-2d-3d-1.png\" \/>\n\t<meta property=\"og:image:width\" content=\"550\" \/>\n\t<meta property=\"og:image:height\" content=\"429\" \/>\n\t<meta property=\"og:image:type\" content=\"image\/png\" \/>\n<meta name=\"twitter:card\" content=\"summary_large_image\" \/>\n<meta name=\"twitter:label1\" content=\"Tahmini okuma s\u00fcresi\" \/>\n\t<meta name=\"twitter:data1\" content=\"1 dakika\" \/>\n<script type=\"application\/ld+json\" class=\"yoast-schema-graph\">{\"@context\":\"https:\\\/\\\/schema.org\",\"@graph\":[{\"@type\":\"WebPage\",\"@id\":\"https:\\\/\\\/alcads.com\\\/tr\\\/product\\\/alcad-professional-mep-2d-3d\\\/\",\"url\":\"https:\\\/\\\/alcads.com\\\/tr\\\/product\\\/alcad-professional-mep-2d-3d\\\/\",\"name\":\"T\u00fcm 2D ve 3D MEP Eklentileri ile ALCAD Professional 2D\\\/3D - Y\u0131ll\u0131k Lisans - Alcads\",\"isPartOf\":{\"@id\":\"https:\\\/\\\/alcads.com\\\/tr\\\/#website\"},\"primaryImageOfPage\":{\"@id\":\"https:\\\/\\\/alcads.com\\\/tr\\\/product\\\/alcad-professional-mep-2d-3d\\\/#primaryimage\"},\"image\":{\"@id\":\"https:\\\/\\\/alcads.com\\\/tr\\\/product\\\/alcad-professional-mep-2d-3d\\\/#primaryimage\"},\"thumbnailUrl\":\"https:\\\/\\\/alcads.com\\\/wp-content\\\/uploads\\\/2024\\\/05\\\/mep-2d-3d-1.png\",\"datePublished\":\"2024-05-01T07:23:12+00:00\",\"dateModified\":\"2024-12-31T06:48:37+00:00\",\"description\":\"ALCAD Professional 2D\\\/3D ile CAD yeteneklerinizi geli\u015ftirin. Tam MEP eklentileri, 1.000'den fazla sembol, BIM i\u00e7e aktarma ve geli\u015fmi\u015f i\u015fleme ara\u00e7lar\u0131 i\u00e7erir. Y\u0131ll\u0131k lisans 499 \u20ac. \u015eimdi sat\u0131n al\u0131n!\",\"breadcrumb\":{\"@id\":\"https:\\\/\\\/alcads.com\\\/tr\\\/product\\\/alcad-professional-mep-2d-3d\\\/#breadcrumb\"},\"inLanguage\":\"tr\",\"potentialAction\":[{\"@type\":\"ReadAction\",\"target\":[\"https:\\\/\\\/alcads.com\\\/tr\\\/product\\\/alcad-professional-mep-2d-3d\\\/\"]}]},{\"@type\":\"ImageObject\",\"inLanguage\":\"tr\",\"@id\":\"https:\\\/\\\/alcads.com\\\/tr\\\/product\\\/alcad-professional-mep-2d-3d\\\/#primaryimage\",\"url\":\"https:\\\/\\\/alcads.com\\\/wp-content\\\/uploads\\\/2024\\\/05\\\/mep-2d-3d-1.png\",\"contentUrl\":\"https:\\\/\\\/alcads.com\\\/wp-content\\\/uploads\\\/2024\\\/05\\\/mep-2d-3d-1.png\",\"width\":550,\"height\":429,\"caption\":\"2D & 3D MEP Plugins\"},{\"@type\":\"BreadcrumbList\",\"@id\":\"https:\\\/\\\/alcads.com\\\/tr\\\/product\\\/alcad-professional-mep-2d-3d\\\/#breadcrumb\",\"itemListElement\":[{\"@type\":\"ListItem\",\"position\":1,\"name\":\"Home\",\"item\":\"https:\\\/\\\/alcads.com\\\/tr\\\/\"},{\"@type\":\"ListItem\",\"position\":2,\"name\":\"Ma\u011faza\",\"item\":\"https:\\\/\\\/alcads.com\\\/tr\\\/magaza\\\/\"},{\"@type\":\"ListItem\",\"position\":3,\"name\":\"T\u00fcm 2D ve 3D MEP Eklentileri ile ALCAD Professional 2D\\\/3D &#8211; Y\u0131ll\u0131k Lisans\"}]},{\"@type\":\"WebSite\",\"@id\":\"https:\\\/\\\/alcads.com\\\/tr\\\/#website\",\"url\":\"https:\\\/\\\/alcads.com\\\/tr\\\/\",\"name\":\"Alcads\",\"description\":\"The Best AutoCAD Alternative\",\"publisher\":{\"@id\":\"https:\\\/\\\/alcads.com\\\/tr\\\/#organization\"},\"potentialAction\":[{\"@type\":\"SearchAction\",\"target\":{\"@type\":\"EntryPoint\",\"urlTemplate\":\"https:\\\/\\\/alcads.com\\\/tr\\\/?s={search_term_string}\"},\"query-input\":{\"@type\":\"PropertyValueSpecification\",\"valueRequired\":true,\"valueName\":\"search_term_string\"}}],\"inLanguage\":\"tr\"},{\"@type\":\"Organization\",\"@id\":\"https:\\\/\\\/alcads.com\\\/tr\\\/#organization\",\"name\":\"Alcads\",\"url\":\"https:\\\/\\\/alcads.com\\\/tr\\\/\",\"logo\":{\"@type\":\"ImageObject\",\"inLanguage\":\"tr\",\"@id\":\"https:\\\/\\\/alcads.com\\\/tr\\\/#\\\/schema\\\/logo\\\/image\\\/\",\"url\":\"https:\\\/\\\/alcads.com\\\/wp-content\\\/uploads\\\/2024\\\/05\\\/logo.png\",\"contentUrl\":\"https:\\\/\\\/alcads.com\\\/wp-content\\\/uploads\\\/2024\\\/05\\\/logo.png\",\"width\":122,\"height\":42,\"caption\":\"Alcads\"},\"image\":{\"@id\":\"https:\\\/\\\/alcads.com\\\/tr\\\/#\\\/schema\\\/logo\\\/image\\\/\"}}]}<\/script>\n<!-- \/ Yoast SEO plugin. -->","yoast_head_json":{"title":"T\u00fcm 2D ve 3D MEP Eklentileri ile ALCAD Professional 2D\/3D - Y\u0131ll\u0131k Lisans - Alcads","description":"ALCAD Professional 2D\/3D ile CAD yeteneklerinizi geli\u015ftirin. Tam MEP eklentileri, 1.000'den fazla sembol, BIM i\u00e7e aktarma ve geli\u015fmi\u015f i\u015fleme ara\u00e7lar\u0131 i\u00e7erir. Y\u0131ll\u0131k lisans 499 \u20ac. \u015eimdi sat\u0131n al\u0131n!","robots":{"index":"index","follow":"follow","max-snippet":"max-snippet:-1","max-image-preview":"max-image-preview:large","max-video-preview":"max-video-preview:-1"},"canonical":"https:\/\/alcads.com\/tr\/product\/alcad-professional-mep-2d-3d\/","og_locale":"tr_TR","og_type":"article","og_title":"T\u00fcm 2D ve 3D MEP Eklentileri ile ALCAD Professional 2D\/3D - Y\u0131ll\u0131k Lisans - Alcads","og_description":"ALCAD Professional 2D\/3D ile CAD yeteneklerinizi geli\u015ftirin. Tam MEP eklentileri, 1.000'den fazla sembol, BIM i\u00e7e aktarma ve geli\u015fmi\u015f i\u015fleme ara\u00e7lar\u0131 i\u00e7erir. Y\u0131ll\u0131k lisans 499 \u20ac. \u015eimdi sat\u0131n al\u0131n!","og_url":"https:\/\/alcads.com\/tr\/product\/alcad-professional-mep-2d-3d\/","og_site_name":"Alcads","article_modified_time":"2024-12-31T06:48:37+00:00","og_image":[{"width":550,"height":429,"url":"https:\/\/alcads.com\/wp-content\/uploads\/2024\/05\/mep-2d-3d-1.png","type":"image\/png"}],"twitter_card":"summary_large_image","twitter_misc":{"Tahmini okuma s\u00fcresi":"1 dakika"},"schema":{"@context":"https:\/\/schema.org","@graph":[{"@type":"WebPage","@id":"https:\/\/alcads.com\/tr\/product\/alcad-professional-mep-2d-3d\/","url":"https:\/\/alcads.com\/tr\/product\/alcad-professional-mep-2d-3d\/","name":"T\u00fcm 2D ve 3D MEP Eklentileri ile ALCAD Professional 2D\/3D - Y\u0131ll\u0131k Lisans - Alcads","isPartOf":{"@id":"https:\/\/alcads.com\/tr\/#website"},"primaryImageOfPage":{"@id":"https:\/\/alcads.com\/tr\/product\/alcad-professional-mep-2d-3d\/#primaryimage"},"image":{"@id":"https:\/\/alcads.com\/tr\/product\/alcad-professional-mep-2d-3d\/#primaryimage"},"thumbnailUrl":"https:\/\/alcads.com\/wp-content\/uploads\/2024\/05\/mep-2d-3d-1.png","datePublished":"2024-05-01T07:23:12+00:00","dateModified":"2024-12-31T06:48:37+00:00","description":"ALCAD Professional 2D\/3D ile CAD yeteneklerinizi geli\u015ftirin. Tam MEP eklentileri, 1.000'den fazla sembol, BIM i\u00e7e aktarma ve geli\u015fmi\u015f i\u015fleme ara\u00e7lar\u0131 i\u00e7erir. Y\u0131ll\u0131k lisans 499 \u20ac. \u015eimdi sat\u0131n al\u0131n!","breadcrumb":{"@id":"https:\/\/alcads.com\/tr\/product\/alcad-professional-mep-2d-3d\/#breadcrumb"},"inLanguage":"tr","potentialAction":[{"@type":"ReadAction","target":["https:\/\/alcads.com\/tr\/product\/alcad-professional-mep-2d-3d\/"]}]},{"@type":"ImageObject","inLanguage":"tr","@id":"https:\/\/alcads.com\/tr\/product\/alcad-professional-mep-2d-3d\/#primaryimage","url":"https:\/\/alcads.com\/wp-content\/uploads\/2024\/05\/mep-2d-3d-1.png","contentUrl":"https:\/\/alcads.com\/wp-content\/uploads\/2024\/05\/mep-2d-3d-1.png","width":550,"height":429,"caption":"2D & 3D MEP Plugins"},{"@type":"BreadcrumbList","@id":"https:\/\/alcads.com\/tr\/product\/alcad-professional-mep-2d-3d\/#breadcrumb","itemListElement":[{"@type":"ListItem","position":1,"name":"Home","item":"https:\/\/alcads.com\/tr\/"},{"@type":"ListItem","position":2,"name":"Ma\u011faza","item":"https:\/\/alcads.com\/tr\/magaza\/"},{"@type":"ListItem","position":3,"name":"T\u00fcm 2D ve 3D MEP Eklentileri ile ALCAD Professional 2D\/3D &#8211; Y\u0131ll\u0131k Lisans"}]},{"@type":"WebSite","@id":"https:\/\/alcads.com\/tr\/#website","url":"https:\/\/alcads.com\/tr\/","name":"Alcads","description":"The Best AutoCAD Alternative","publisher":{"@id":"https:\/\/alcads.com\/tr\/#organization"},"potentialAction":[{"@type":"SearchAction","target":{"@type":"EntryPoint","urlTemplate":"https:\/\/alcads.com\/tr\/?s={search_term_string}"},"query-input":{"@type":"PropertyValueSpecification","valueRequired":true,"valueName":"search_term_string"}}],"inLanguage":"tr"},{"@type":"Organization","@id":"https:\/\/alcads.com\/tr\/#organization","name":"Alcads","url":"https:\/\/alcads.com\/tr\/","logo":{"@type":"ImageObject","inLanguage":"tr","@id":"https:\/\/alcads.com\/tr\/#\/schema\/logo\/image\/","url":"https:\/\/alcads.com\/wp-content\/uploads\/2024\/05\/logo.png","contentUrl":"https:\/\/alcads.com\/wp-content\/uploads\/2024\/05\/logo.png","width":122,"height":42,"caption":"Alcads"},"image":{"@id":"https:\/\/alcads.com\/tr\/#\/schema\/logo\/image\/"}}]}},"jetpack_sharing_enabled":true,"_links":{"self":[{"href":"https:\/\/alcads.com\/tr\/wp-json\/wp\/v2\/product\/105323","targetHints":{"allow":["GET"]}}],"collection":[{"href":"https:\/\/alcads.com\/tr\/wp-json\/wp\/v2\/product"}],"about":[{"href":"https:\/\/alcads.com\/tr\/wp-json\/wp\/v2\/types\/product"}],"replies":[{"embeddable":true,"href":"https:\/\/alcads.com\/tr\/wp-json\/wp\/v2\/comments?post=105323"}],"wp:featuredmedia":[{"embeddable":true,"href":"https:\/\/alcads.com\/tr\/wp-json\/wp\/v2\/media\/108832"}],"wp:attachment":[{"href":"https:\/\/alcads.com\/tr\/wp-json\/wp\/v2\/media?parent=105323"}],"wp:term":[{"taxonomy":"product_brand","embeddable":true,"href":"https:\/\/alcads.com\/tr\/wp-json\/wp\/v2\/product_brand?post=105323"},{"taxonomy":"product_cat","embeddable":true,"href":"https:\/\/alcads.com\/tr\/wp-json\/wp\/v2\/product_cat?post=105323"},{"taxonomy":"product_tag","embeddable":true,"href":"https:\/\/alcads.com\/tr\/wp-json\/wp\/v2\/product_tag?post=105323"}],"curies":[{"name":"wp","href":"https:\/\/api.w.org\/{rel}","templated":true}]}}