{"id":105279,"date":"2024-05-02T05:35:36","date_gmt":"2024-05-02T05:35:36","guid":{"rendered":"https:\/\/dev.alcads.com\/product\/online-coaching-training-2d-3-hours\/"},"modified":"2024-05-21T09:25:56","modified_gmt":"2024-05-21T09:25:56","slug":"online-kocluk-egitimi-2d-3-saat","status":"publish","type":"product","link":"https:\/\/alcads.com\/tr\/product\/online-kocluk-egitimi-2d-3-saat\/","title":{"rendered":"\u00c7evrimi\u00e7i Ko\u00e7luk\/E\u011fitim 2D &#8211; 3 Saat"},"content":{"rendered":"<p>Zoom\/Teamviewer\/Anydesk veya di\u011fer Uzaktan Yaz\u0131l\u0131mlar arac\u0131l\u0131\u011f\u0131yla \u00e7evrimi\u00e7i e\u011fitimlerimizden\/ko\u00e7luklar\u0131m\u0131zdan yararlan\u0131n.<br \/>\nE\u011fitim i\u00e7eri\u011fi:<\/p>\n<ul>\n<li>ALCAD Giri\u015f<\/li>\n<li>ALCAD Kullan\u0131c\u0131 Aray\u00fcz\u00fc<\/li>\n<li>ALCAD Ayarlar\u0131<\/li>\n<li>2D Giri\u015f<\/li>\n<li>2D Yap\u0131lar<\/li>\n<li>2D HVAC Eklentileri<\/li>\n<\/ul>\n","protected":false},"excerpt":{"rendered":"<p>2D i\u00e7in 3 Saat \u00c7evrimi\u00e7i Ko\u00e7luk\/E\u011fitim<\/p>\n","protected":false},"featured_media":95717,"comment_status":"closed","ping_status":"closed","template":"","meta":{"_acf_changed":false},"product_brand":[],"product_cat":[1240],"product_tag":[],"class_list":{"0":"post-105279","1":"product","2":"type-product","3":"status-publish","4":"has-post-thumbnail","6":"product_cat-alcad-trainings-tr","8":"first","9":"instock","10":"downloadable","11":"virtual","12":"taxable","13":"purchasable","14":"product-type-simple"},"acf":[],"yoast_head":"<!-- This site is optimized with the Yoast SEO plugin v27.3 - https:\/\/yoast.com\/product\/yoast-seo-wordpress\/ -->\n<title>\u00c7evrimi\u00e7i Ko\u00e7luk\/E\u011fitim 2D - 3 Saat - Alcads<\/title>\n<meta name=\"robots\" content=\"index, follow, max-snippet:-1, max-image-preview:large, max-video-preview:-1\" \/>\n<link rel=\"canonical\" href=\"https:\/\/alcads.com\/tr\/product\/online-kocluk-egitimi-2d-3-saat\/\" \/>\n<meta property=\"og:locale\" content=\"tr_TR\" \/>\n<meta property=\"og:type\" content=\"article\" \/>\n<meta property=\"og:title\" content=\"\u00c7evrimi\u00e7i Ko\u00e7luk\/E\u011fitim 2D - 3 Saat - Alcads\" \/>\n<meta property=\"og:description\" content=\"2D i\u00e7in 3 Saat \u00c7evrimi\u00e7i Ko\u00e7luk\/E\u011fitim\" \/>\n<meta property=\"og:url\" content=\"https:\/\/alcads.com\/tr\/product\/online-kocluk-egitimi-2d-3-saat\/\" \/>\n<meta property=\"og:site_name\" content=\"Alcads\" \/>\n<meta property=\"article:modified_time\" content=\"2024-05-21T09:25:56+00:00\" \/>\n<meta property=\"og:image\" content=\"https:\/\/alcads.com\/wp-content\/uploads\/2024\/04\/db178e_4768bfeef15445ada8d09a3c00f51913_mv2.webp\" \/>\n\t<meta property=\"og:image:width\" content=\"413\" \/>\n\t<meta property=\"og:image:height\" content=\"413\" \/>\n\t<meta property=\"og:image:type\" content=\"image\/webp\" \/>\n<meta name=\"twitter:card\" content=\"summary_large_image\" \/>\n<meta name=\"twitter:label1\" content=\"Tahmini okuma s\u00fcresi\" \/>\n\t<meta name=\"twitter:data1\" content=\"1 dakika\" \/>\n<script type=\"application\/ld+json\" class=\"yoast-schema-graph\">{\"@context\":\"https:\\\/\\\/schema.org\",\"@graph\":[{\"@type\":\"WebPage\",\"@id\":\"https:\\\/\\\/alcads.com\\\/tr\\\/product\\\/online-kocluk-egitimi-2d-3-saat\\\/\",\"url\":\"https:\\\/\\\/alcads.com\\\/tr\\\/product\\\/online-kocluk-egitimi-2d-3-saat\\\/\",\"name\":\"\u00c7evrimi\u00e7i Ko\u00e7luk\\\/E\u011fitim 2D - 3 Saat - Alcads\",\"isPartOf\":{\"@id\":\"https:\\\/\\\/alcads.com\\\/tr\\\/#website\"},\"primaryImageOfPage\":{\"@id\":\"https:\\\/\\\/alcads.com\\\/tr\\\/product\\\/online-kocluk-egitimi-2d-3-saat\\\/#primaryimage\"},\"image\":{\"@id\":\"https:\\\/\\\/alcads.com\\\/tr\\\/product\\\/online-kocluk-egitimi-2d-3-saat\\\/#primaryimage\"},\"thumbnailUrl\":\"https:\\\/\\\/alcads.com\\\/wp-content\\\/uploads\\\/2024\\\/04\\\/db178e_4768bfeef15445ada8d09a3c00f51913_mv2.webp\",\"datePublished\":\"2024-05-02T05:35:36+00:00\",\"dateModified\":\"2024-05-21T09:25:56+00:00\",\"breadcrumb\":{\"@id\":\"https:\\\/\\\/alcads.com\\\/tr\\\/product\\\/online-kocluk-egitimi-2d-3-saat\\\/#breadcrumb\"},\"inLanguage\":\"tr\",\"potentialAction\":[{\"@type\":\"ReadAction\",\"target\":[\"https:\\\/\\\/alcads.com\\\/tr\\\/product\\\/online-kocluk-egitimi-2d-3-saat\\\/\"]}]},{\"@type\":\"ImageObject\",\"inLanguage\":\"tr\",\"@id\":\"https:\\\/\\\/alcads.com\\\/tr\\\/product\\\/online-kocluk-egitimi-2d-3-saat\\\/#primaryimage\",\"url\":\"https:\\\/\\\/alcads.com\\\/wp-content\\\/uploads\\\/2024\\\/04\\\/db178e_4768bfeef15445ada8d09a3c00f51913_mv2.webp\",\"contentUrl\":\"https:\\\/\\\/alcads.com\\\/wp-content\\\/uploads\\\/2024\\\/04\\\/db178e_4768bfeef15445ada8d09a3c00f51913_mv2.webp\",\"width\":413,\"height\":413,\"caption\":\"online cad coaching\"},{\"@type\":\"BreadcrumbList\",\"@id\":\"https:\\\/\\\/alcads.com\\\/tr\\\/product\\\/online-kocluk-egitimi-2d-3-saat\\\/#breadcrumb\",\"itemListElement\":[{\"@type\":\"ListItem\",\"position\":1,\"name\":\"Home\",\"item\":\"https:\\\/\\\/alcads.com\\\/tr\\\/\"},{\"@type\":\"ListItem\",\"position\":2,\"name\":\"Ma\u011faza\",\"item\":\"https:\\\/\\\/alcads.com\\\/tr\\\/magaza\\\/\"},{\"@type\":\"ListItem\",\"position\":3,\"name\":\"\u00c7evrimi\u00e7i Ko\u00e7luk\\\/E\u011fitim 2D &#8211; 3 Saat\"}]},{\"@type\":\"WebSite\",\"@id\":\"https:\\\/\\\/alcads.com\\\/tr\\\/#website\",\"url\":\"https:\\\/\\\/alcads.com\\\/tr\\\/\",\"name\":\"Alcads\",\"description\":\"The Best AutoCAD Alternative\",\"publisher\":{\"@id\":\"https:\\\/\\\/alcads.com\\\/tr\\\/#organization\"},\"potentialAction\":[{\"@type\":\"SearchAction\",\"target\":{\"@type\":\"EntryPoint\",\"urlTemplate\":\"https:\\\/\\\/alcads.com\\\/tr\\\/?s={search_term_string}\"},\"query-input\":{\"@type\":\"PropertyValueSpecification\",\"valueRequired\":true,\"valueName\":\"search_term_string\"}}],\"inLanguage\":\"tr\"},{\"@type\":\"Organization\",\"@id\":\"https:\\\/\\\/alcads.com\\\/tr\\\/#organization\",\"name\":\"Alcads\",\"url\":\"https:\\\/\\\/alcads.com\\\/tr\\\/\",\"logo\":{\"@type\":\"ImageObject\",\"inLanguage\":\"tr\",\"@id\":\"https:\\\/\\\/alcads.com\\\/tr\\\/#\\\/schema\\\/logo\\\/image\\\/\",\"url\":\"https:\\\/\\\/alcads.com\\\/wp-content\\\/uploads\\\/2024\\\/05\\\/logo.png\",\"contentUrl\":\"https:\\\/\\\/alcads.com\\\/wp-content\\\/uploads\\\/2024\\\/05\\\/logo.png\",\"width\":122,\"height\":42,\"caption\":\"Alcads\"},\"image\":{\"@id\":\"https:\\\/\\\/alcads.com\\\/tr\\\/#\\\/schema\\\/logo\\\/image\\\/\"}}]}<\/script>\n<!-- \/ Yoast SEO plugin. -->","yoast_head_json":{"title":"\u00c7evrimi\u00e7i Ko\u00e7luk\/E\u011fitim 2D - 3 Saat - Alcads","robots":{"index":"index","follow":"follow","max-snippet":"max-snippet:-1","max-image-preview":"max-image-preview:large","max-video-preview":"max-video-preview:-1"},"canonical":"https:\/\/alcads.com\/tr\/product\/online-kocluk-egitimi-2d-3-saat\/","og_locale":"tr_TR","og_type":"article","og_title":"\u00c7evrimi\u00e7i Ko\u00e7luk\/E\u011fitim 2D - 3 Saat - Alcads","og_description":"2D i\u00e7in 3 Saat \u00c7evrimi\u00e7i Ko\u00e7luk\/E\u011fitim","og_url":"https:\/\/alcads.com\/tr\/product\/online-kocluk-egitimi-2d-3-saat\/","og_site_name":"Alcads","article_modified_time":"2024-05-21T09:25:56+00:00","og_image":[{"width":413,"height":413,"url":"https:\/\/alcads.com\/wp-content\/uploads\/2024\/04\/db178e_4768bfeef15445ada8d09a3c00f51913_mv2.webp","type":"image\/webp"}],"twitter_card":"summary_large_image","twitter_misc":{"Tahmini okuma s\u00fcresi":"1 dakika"},"schema":{"@context":"https:\/\/schema.org","@graph":[{"@type":"WebPage","@id":"https:\/\/alcads.com\/tr\/product\/online-kocluk-egitimi-2d-3-saat\/","url":"https:\/\/alcads.com\/tr\/product\/online-kocluk-egitimi-2d-3-saat\/","name":"\u00c7evrimi\u00e7i Ko\u00e7luk\/E\u011fitim 2D - 3 Saat - Alcads","isPartOf":{"@id":"https:\/\/alcads.com\/tr\/#website"},"primaryImageOfPage":{"@id":"https:\/\/alcads.com\/tr\/product\/online-kocluk-egitimi-2d-3-saat\/#primaryimage"},"image":{"@id":"https:\/\/alcads.com\/tr\/product\/online-kocluk-egitimi-2d-3-saat\/#primaryimage"},"thumbnailUrl":"https:\/\/alcads.com\/wp-content\/uploads\/2024\/04\/db178e_4768bfeef15445ada8d09a3c00f51913_mv2.webp","datePublished":"2024-05-02T05:35:36+00:00","dateModified":"2024-05-21T09:25:56+00:00","breadcrumb":{"@id":"https:\/\/alcads.com\/tr\/product\/online-kocluk-egitimi-2d-3-saat\/#breadcrumb"},"inLanguage":"tr","potentialAction":[{"@type":"ReadAction","target":["https:\/\/alcads.com\/tr\/product\/online-kocluk-egitimi-2d-3-saat\/"]}]},{"@type":"ImageObject","inLanguage":"tr","@id":"https:\/\/alcads.com\/tr\/product\/online-kocluk-egitimi-2d-3-saat\/#primaryimage","url":"https:\/\/alcads.com\/wp-content\/uploads\/2024\/04\/db178e_4768bfeef15445ada8d09a3c00f51913_mv2.webp","contentUrl":"https:\/\/alcads.com\/wp-content\/uploads\/2024\/04\/db178e_4768bfeef15445ada8d09a3c00f51913_mv2.webp","width":413,"height":413,"caption":"online cad coaching"},{"@type":"BreadcrumbList","@id":"https:\/\/alcads.com\/tr\/product\/online-kocluk-egitimi-2d-3-saat\/#breadcrumb","itemListElement":[{"@type":"ListItem","position":1,"name":"Home","item":"https:\/\/alcads.com\/tr\/"},{"@type":"ListItem","position":2,"name":"Ma\u011faza","item":"https:\/\/alcads.com\/tr\/magaza\/"},{"@type":"ListItem","position":3,"name":"\u00c7evrimi\u00e7i Ko\u00e7luk\/E\u011fitim 2D &#8211; 3 Saat"}]},{"@type":"WebSite","@id":"https:\/\/alcads.com\/tr\/#website","url":"https:\/\/alcads.com\/tr\/","name":"Alcads","description":"The Best AutoCAD Alternative","publisher":{"@id":"https:\/\/alcads.com\/tr\/#organization"},"potentialAction":[{"@type":"SearchAction","target":{"@type":"EntryPoint","urlTemplate":"https:\/\/alcads.com\/tr\/?s={search_term_string}"},"query-input":{"@type":"PropertyValueSpecification","valueRequired":true,"valueName":"search_term_string"}}],"inLanguage":"tr"},{"@type":"Organization","@id":"https:\/\/alcads.com\/tr\/#organization","name":"Alcads","url":"https:\/\/alcads.com\/tr\/","logo":{"@type":"ImageObject","inLanguage":"tr","@id":"https:\/\/alcads.com\/tr\/#\/schema\/logo\/image\/","url":"https:\/\/alcads.com\/wp-content\/uploads\/2024\/05\/logo.png","contentUrl":"https:\/\/alcads.com\/wp-content\/uploads\/2024\/05\/logo.png","width":122,"height":42,"caption":"Alcads"},"image":{"@id":"https:\/\/alcads.com\/tr\/#\/schema\/logo\/image\/"}}]}},"jetpack_sharing_enabled":true,"_links":{"self":[{"href":"https:\/\/alcads.com\/tr\/wp-json\/wp\/v2\/product\/105279","targetHints":{"allow":["GET"]}}],"collection":[{"href":"https:\/\/alcads.com\/tr\/wp-json\/wp\/v2\/product"}],"about":[{"href":"https:\/\/alcads.com\/tr\/wp-json\/wp\/v2\/types\/product"}],"replies":[{"embeddable":true,"href":"https:\/\/alcads.com\/tr\/wp-json\/wp\/v2\/comments?post=105279"}],"wp:featuredmedia":[{"embeddable":true,"href":"https:\/\/alcads.com\/tr\/wp-json\/wp\/v2\/media\/95717"}],"wp:attachment":[{"href":"https:\/\/alcads.com\/tr\/wp-json\/wp\/v2\/media?parent=105279"}],"wp:term":[{"taxonomy":"product_brand","embeddable":true,"href":"https:\/\/alcads.com\/tr\/wp-json\/wp\/v2\/product_brand?post=105279"},{"taxonomy":"product_cat","embeddable":true,"href":"https:\/\/alcads.com\/tr\/wp-json\/wp\/v2\/product_cat?post=105279"},{"taxonomy":"product_tag","embeddable":true,"href":"https:\/\/alcads.com\/tr\/wp-json\/wp\/v2\/product_tag?post=105279"}],"curies":[{"name":"wp","href":"https:\/\/api.w.org\/{rel}","templated":true}]}}