{"id":97372,"date":"2024-04-23T05:31:04","date_gmt":"2024-04-23T05:31:04","guid":{"rendered":"https:\/\/dev.alcads.com\/privacy-policy\/"},"modified":"2024-05-20T10:45:15","modified_gmt":"2024-05-20T10:45:15","slug":"gizlilik-politikasi","status":"publish","type":"page","link":"https:\/\/alcads.com\/tr\/gizlilik-politikasi\/","title":{"rendered":"Gizlilik Politikas\u0131"},"content":{"rendered":"\n<p>Software Solution GmbH<br\/>Talacker 41<br\/>8001 Z\u00fcrih<br\/>\u0130svi\u00e7re<br\/><strong>E-posta<\/strong>: <a href=\"mailto:info@alcads.com\">info@alcads.com<\/a><\/p>\n\n<p><strong>\u015eirket Ad\u0131<\/strong>: Software Solution GmbH<\/p>\n\n<p><strong>Veri koruma g\u00f6revlisi:<br\/><\/strong>Software Solution GmbH<br\/><a href=\"mailto:info@alcads.com\">info@alcads.com<\/a><\/p>\n\n<p><strong>Genel<\/strong><br\/>\u0130svi\u00e7re Federal Anayasas\u0131&#8217;n\u0131n 13. Maddesi ve \u0130svi\u00e7re Konfederasyonu&#8217;nun veri koruma h\u00fck\u00fcmlerine (Veri Koruma Yasas\u0131, DSG) dayanarak, her ki\u015fi mahremiyetinin korunmas\u0131n\u0131n yan\u0131 s\u0131ra ki\u015fisel verilerinin k\u00f6t\u00fcye kullan\u0131lmas\u0131na kar\u015f\u0131 korunma hakk\u0131na sahiptir. Bu sayfalar\u0131n operat\u00f6rleri ki\u015fisel verilerinizin korunmas\u0131n\u0131 \u00e7ok ciddiye almaktad\u0131r. Ki\u015fisel verilerinizi gizli ve yasal veri koruma d\u00fczenlemelerinin yan\u0131 s\u0131ra bu gizlilik politikas\u0131na uygun olarak ele al\u0131yoruz.<\/p>\n\n<p>Bar\u0131nd\u0131rma sa\u011flay\u0131c\u0131lar\u0131m\u0131zla i\u015fbirli\u011fi i\u00e7inde, veri tabanlar\u0131n\u0131 yetkisiz eri\u015fim, kay\u0131p, k\u00f6t\u00fcye kullan\u0131m veya tahrifata kar\u015f\u0131 m\u00fcmk\u00fcn oldu\u011funca iyi korumak i\u00e7in her t\u00fcrl\u00fc \u00e7abay\u0131 g\u00f6steriyoruz.<\/p>\n\n<p>\u0130nternet \u00fczerinden veri iletiminde (\u00f6rne\u011fin e-posta ile ileti\u015fim) g\u00fcvenlik a\u00e7\u0131klar\u0131 olabilece\u011fini belirtmek isteriz. Verilerin \u00fc\u00e7\u00fcnc\u00fc taraflar\u0131n eri\u015fimine kar\u015f\u0131 tam olarak korunmas\u0131 m\u00fcmk\u00fcn de\u011fildir.<\/p>\n\n<p>Bu web sitesini kullanarak, verilerin a\u015fa\u011f\u0131daki a\u00e7\u0131klamaya uygun olarak toplanmas\u0131na, i\u015flenmesine ve kullan\u0131lmas\u0131na izin vermi\u015f olursunuz. Bu web sitesi genellikle kay\u0131t olmadan ziyaret edilebilir. Eri\u015filen sayfalar veya eri\u015filen dosyalar\u0131n adlar\u0131, tarih ve saat gibi veriler, bu veriler do\u011frudan ki\u015finizle ilgili olmaks\u0131z\u0131n istatistiksel ama\u00e7larla sunucuda saklan\u0131r. Ki\u015fisel veriler, \u00f6zellikle isim, adres veya e-posta adresi, m\u00fcmk\u00fcn oldu\u011funca g\u00f6n\u00fcll\u00fcl\u00fck esas\u0131na g\u00f6re toplan\u0131r. \u0130zniniz olmadan veriler \u00fc\u00e7\u00fcnc\u00fc taraflara aktar\u0131lmayacakt\u0131r.<\/p>\n\n<p><strong>Ki\u015fisel verilerin i\u015flenmesi<\/strong><br\/>Ki\u015fisel veriler, kimli\u011fi belirli veya belirlenebilir bir ki\u015fiye ili\u015fkin her t\u00fcrl\u00fc bilgidir. Veri sahibi, hakk\u0131nda ki\u015fisel veri i\u015flenen ki\u015fidir. \u0130\u015fleme, kullan\u0131lan ara\u00e7 ve prosed\u00fcrlere bak\u0131lmaks\u0131z\u0131n, \u00f6zellikle ki\u015fisel verilerin saklanmas\u0131, if\u015fa edilmesi, elde edilmesi, silinmesi, depolanmas\u0131, de\u011fi\u015ftirilmesi, imha edilmesi ve kullan\u0131lmas\u0131 olmak \u00fczere ki\u015fisel verilerin her t\u00fcrl\u00fc kullan\u0131m\u0131n\u0131 i\u00e7erir.<\/p>\n\n<p>Ki\u015fisel verileri \u0130svi\u00e7re veri koruma yasas\u0131na uygun olarak i\u015fliyoruz. Ayr\u0131ca, AB GDPR&#8217;nin ge\u00e7erli oldu\u011fu \u00f6l\u00e7\u00fcde ve \u00f6l\u00e7\u00fcde, ki\u015fisel verileri Madde 6 (1) ile ba\u011flant\u0131l\u0131 olarak a\u015fa\u011f\u0131daki yasal dayanaklara uygun olarak i\u015fliyoruz. 6 (1) GDPR:<br\/>yand\u0131. a) Ki\u015fisel verilerin veri sahibinin r\u0131zas\u0131 ile i\u015flenmesi.<br\/>yand\u0131. b) Veri sahibi ile bir s\u00f6zle\u015fmenin yerine getirilmesi ve ilgili s\u00f6zle\u015fme \u00f6ncesi \u00f6nlemlerin uygulanmas\u0131 i\u00e7in ki\u015fisel verilerin i\u015flenmesi.<br\/>yand\u0131. c) AB&#8217;nin y\u00fcr\u00fcrl\u00fckteki herhangi bir yasas\u0131 veya GDPR&#8217;nin tamamen veya k\u0131smen ge\u00e7erli oldu\u011fu bir \u00fclkenin y\u00fcr\u00fcrl\u00fckteki herhangi bir yasas\u0131 kapsam\u0131nda tabi oldu\u011fumuz yasal bir y\u00fck\u00fcml\u00fcl\u00fc\u011f\u00fcn yerine getirilmesi i\u00e7in ki\u015fisel verilerin i\u015flenmesi.<br\/>yand\u0131. d) Ki\u015fisel verilerin ilgili ki\u015finin ya da ba\u015fka bir ger\u00e7ek ki\u015finin hayati \u00e7\u0131karlar\u0131n\u0131 korumak amac\u0131yla i\u015flenmesi.<br\/>yand\u0131. f) Veri sahibinin temel \u00f6zg\u00fcrl\u00fckleri ve haklar\u0131 ve menfaatleri ge\u00e7ersiz k\u0131l\u0131nmad\u0131k\u00e7a, bizim veya \u00fc\u00e7\u00fcnc\u00fc taraflar\u0131n me\u015fru menfaatlerini korumak i\u00e7in ki\u015fisel verilerin i\u015flenmesi. Me\u015fru menfaatler, \u00f6zellikle web sitemizi sunabilmeye y\u00f6nelik ticari menfaatlerimizi, bilgi g\u00fcvenli\u011fini, kendi yasal taleplerimizin uygulanmas\u0131n\u0131 ve \u0130svi\u00e7re yasalar\u0131na uyumu i\u00e7erir.<\/p>\n\n<p>Ki\u015fisel verileri ilgili ama\u00e7 veya ama\u00e7lar i\u00e7in gerekli olan s\u00fcre boyunca i\u015fleriz. Tabi oldu\u011fumuz yasal ve di\u011fer y\u00fck\u00fcml\u00fcl\u00fckler nedeniyle daha uzun s\u00fcreli saklama y\u00fck\u00fcml\u00fcl\u00fckleri s\u00f6z konusu oldu\u011funda, i\u015flemeyi buna g\u00f6re k\u0131s\u0131tlar\u0131z.<\/p>\n\n<p><strong>\u00c7erezler<\/strong><br\/>Bu web sitesi \u00e7erez kullanmaktad\u0131r. Bunlar, kullan\u0131c\u0131 web sitesini kullan\u0131rken kullan\u0131c\u0131 ile ilgili belirli bilgilerin kullan\u0131c\u0131n\u0131n terminal cihaz\u0131nda saklanmas\u0131n\u0131 m\u00fcmk\u00fcn k\u0131lan k\u00fc\u00e7\u00fck metin dosyalar\u0131d\u0131r. \u00c7erezler, \u00f6zellikle sayfalar\u0131n kullan\u0131m s\u0131kl\u0131\u011f\u0131n\u0131 ve kullan\u0131c\u0131 say\u0131s\u0131n\u0131 belirlemeyi, sayfa kullan\u0131m\u0131n\u0131n davran\u0131\u015f kal\u0131plar\u0131n\u0131 analiz etmeyi ve ayn\u0131 zamanda teklifimizi daha m\u00fc\u015fteri dostu hale getirmeyi m\u00fcmk\u00fcn k\u0131lar. \u00c7erezler bir taray\u0131c\u0131 oturumunun bitiminden sonra da saklanmaya devam eder ve siteyi tekrar ziyaret etti\u011finizde geri al\u0131nabilir. Bunun olmas\u0131n\u0131 istemiyorsan\u0131z, \u0130nternet taray\u0131c\u0131n\u0131z\u0131 \u00e7erezleri kabul etmeyi reddedecek \u015fekilde ayarlamal\u0131s\u0131n\u0131z.<\/p>\n\n<p>\u00c7evrimi\u00e7i pazarlama amac\u0131yla kullan\u0131lan \u00e7erezlerin kullan\u0131m\u0131na genel bir itiraz, \u00f6zellikle izleme durumunda, ABD sitesi <a href=\"http:\/\/www.aboutads.info\/choices\/\">http:\/\/www.aboutads.info\/choices\/<\/a> veya AB sitesi <a href=\"http:\/\/www.youronlinechoices.com\/\">http:\/\/www.youronlinechoices.com\/<\/a> arac\u0131l\u0131\u011f\u0131yla \u00e7ok say\u0131da hizmet i\u00e7in beyan edilebilir. Ayr\u0131ca, \u00e7erezlerin saklanmas\u0131, taray\u0131c\u0131 ayarlar\u0131nda devre d\u0131\u015f\u0131 b\u0131rak\u0131larak sa\u011flanabilir. Bu durumda, bu \u00e7evrimi\u00e7i teklifin t\u00fcm i\u015flevlerinin kullan\u0131lamayaca\u011f\u0131n\u0131 l\u00fctfen unutmay\u0131n.<\/p>\n\n<p><strong>SSL\/TLS \u015fifreleme ile<\/strong><br\/>Bu web sitesi, g\u00fcvenlik nedenleriyle ve site operat\u00f6r\u00fc olarak bize g\u00f6nderdi\u011finiz talepler gibi gizli i\u00e7eriklerin iletimini korumak i\u00e7in SSL\/TLS \u015fifrelemesi kullanmaktad\u0131r. \u015eifrelenmi\u015f bir ba\u011flant\u0131y\u0131, taray\u0131c\u0131n\u0131z\u0131n adres sat\u0131r\u0131n\u0131n &#8220;&#8221;http:\/\/&#8221;&#8221; yerine &#8220;&#8221;https:\/\/&#8221;&#8221; olarak de\u011fi\u015fmesinden ve taray\u0131c\u0131 sat\u0131r\u0131n\u0131zdaki kilit sembol\u00fcnden anlayabilirsiniz.<\/p>\n\n<p>SSL veya TLS \u015fifrelemesi etkinle\u015ftirilirse, bize iletti\u011finiz veriler \u00fc\u00e7\u00fcnc\u00fc taraflarca okunamaz.<\/p>\n\n<p><strong>\u0130leti\u015fim formu<\/strong><br\/>Bize ileti\u015fim formu arac\u0131l\u0131\u011f\u0131yla soru g\u00f6nderirseniz, orada sa\u011flad\u0131\u011f\u0131n\u0131z ileti\u015fim verileri de dahil olmak \u00fczere sorgulama formundaki verileriniz, sorgunun i\u015flenmesi amac\u0131yla ve takip sorular\u0131 durumunda taraf\u0131m\u0131zdan saklanacakt\u0131r. Bu verileri sizin izniniz olmadan aktarmay\u0131z.<\/p>\n\n<p><strong>Haber B\u00fclteni<\/strong><br\/>Bu web sitesinde sunulan haber b\u00fcltenini almak isterseniz, sizden bir e-posta adresinin yan\u0131 s\u0131ra belirtilen e-posta adresinin sahibi oldu\u011funuzu ve haber b\u00fcltenini almay\u0131 kabul etti\u011finizi do\u011frulamam\u0131za olanak tan\u0131yan bilgilere ihtiyac\u0131m\u0131z var. Daha fazla veri toplanmayacakt\u0131r. Bu verileri yaln\u0131zca talep edilen bilgileri g\u00f6ndermek i\u00e7in kullan\u0131r\u0131z ve \u00fc\u00e7\u00fcnc\u00fc taraflara aktarmay\u0131z.<\/p>\n\n<p>Verilerin, e-posta adresinin saklanmas\u0131na ve bunlar\u0131n haber b\u00fclteni g\u00f6ndermek i\u00e7in kullan\u0131lmas\u0131na ili\u015fkin onay\u0131n\u0131z\u0131 istedi\u011finiz zaman, \u00f6rne\u011fin haber b\u00fcltenindeki &#8220;&#8221;abonelikten \u00e7\u0131kma ba\u011flant\u0131s\u0131&#8221;&#8221; arac\u0131l\u0131\u011f\u0131yla iptal edebilirsiniz.<\/p>\n\n<p><strong>Telif Haklar\u0131<\/strong><br\/>Web sitesindeki i\u00e7erik, g\u00f6r\u00fcnt\u00fc, foto\u011fraf veya di\u011fer dosyalar\u0131n telif hakk\u0131 ve di\u011fer t\u00fcm haklar\u0131 yaln\u0131zca bu web sitesinin operat\u00f6r\u00fcne veya \u00f6zellikle belirtilen telif hakk\u0131 sahiplerine aittir. T\u00fcm dosyalar\u0131n \u00e7o\u011falt\u0131lmas\u0131 i\u00e7in telif hakk\u0131 sahibinin yaz\u0131l\u0131 izni \u00f6nceden al\u0131nmal\u0131d\u0131r.<br\/>\u0130lgili telif hakk\u0131 sahibinin izni olmadan telif hakk\u0131 ihlali ger\u00e7ekle\u015ftiren herkes kovu\u015fturmaya ve muhtemelen tazminata tabi tutulabilir.<\/p>\n\n<p><strong>Sorumluluk Reddi<\/strong><br\/>Web sitemizdeki t\u00fcm bilgiler dikkatlice kontrol edilmi\u015ftir. Sa\u011flad\u0131\u011f\u0131m\u0131z bilgilerin g\u00fcncel, do\u011fru ve eksiksiz olmas\u0131n\u0131 sa\u011flamak i\u00e7in her t\u00fcrl\u00fc \u00e7abay\u0131 g\u00f6steriyoruz. Bununla birlikte, hatalar\u0131n ortaya \u00e7\u0131kmas\u0131 tamamen g\u00f6z ard\u0131 edilemez, bu nedenle gazetecilik-edit\u00f6rl\u00fck niteli\u011fi de dahil olmak \u00fczere bilgilerin eksiksizli\u011fini, do\u011frulu\u011funu ve g\u00fcncelli\u011fini garanti edemeyiz. Bu nedenle, eksik veya yanl\u0131\u015f olan her t\u00fcrl\u00fc bilgi de dahil olmak \u00fczere, sa\u011flanan herhangi bir bilginin kullan\u0131m\u0131ndan kaynaklanan zararlara ili\u015fkin sorumluluk talepleri reddedilecektir.<br\/>Yay\u0131nc\u0131, kendi takdirine ba\u011fl\u0131 olarak ve bildirimde bulunmaks\u0131z\u0131n metinleri de\u011fi\u015ftirebilir veya silebilir ve bu web sitesinin i\u00e7eri\u011fini g\u00fcncellemekle y\u00fck\u00fcml\u00fc de\u011fildir. Bu web sitesinin kullan\u0131m\u0131 veya bu web sitesine eri\u015fim ziyaret\u00e7inin kendi sorumlulu\u011fundad\u0131r. Yay\u0131nc\u0131, m\u00fc\u015fterileri veya ortaklar\u0131, bu web sitesinin ziyaretinden kaynakland\u0131\u011f\u0131 iddia edilen do\u011frudan, dolayl\u0131, ar\u0131zi, sonu\u00e7 olarak ortaya \u00e7\u0131kan veya cezai zararlar gibi zararlardan sorumlu de\u011fildir ve sonu\u00e7 olarak bu t\u00fcr zararlar i\u00e7in hi\u00e7bir sorumluluk kabul etmez.<br\/>Yay\u0131nc\u0131 ayr\u0131ca, bu web sitesindeki harici ba\u011flant\u0131lar arac\u0131l\u0131\u011f\u0131yla eri\u015filebilen \u00fc\u00e7\u00fcnc\u00fc taraf web sitelerinin i\u00e7eri\u011fi ve kullan\u0131labilirli\u011fi konusunda hi\u00e7bir sorumluluk veya y\u00fck\u00fcml\u00fcl\u00fck kabul etmez. Ba\u011flant\u0131 verilen sitelerin operat\u00f6rleri i\u00e7eriklerinden tek ba\u015f\u0131na sorumludur. Bu nedenle yay\u0131nc\u0131, ceza veya sorumluluk hukuku kapsam\u0131nda ilgili olabilecek veya genel ahlak\u0131 rencide edebilecek t\u00fcm \u00fc\u00e7\u00fcnc\u00fc taraf i\u00e7erikleriyle aras\u0131na a\u00e7\u0131k\u00e7a mesafe koyar.<\/p>\n\n<p><strong>Sorumluluk Reddi<\/strong><br\/>Yazar, bilgilerin do\u011frulu\u011fu, kesinli\u011fi, g\u00fcncelli\u011fi, g\u00fcvenilirli\u011fi ve eksiksizli\u011fi konusunda hi\u00e7bir sorumluluk kabul etmez.<br\/>Yay\u0131nlanan bilgilere eri\u015fim, kullan\u0131m veya kullan\u0131lmamas\u0131ndan, ba\u011flant\u0131n\u0131n yanl\u0131\u015f kullan\u0131m\u0131ndan veya teknik ar\u0131zalardan kaynaklanan maddi veya manevi zararlar i\u00e7in yazara kar\u015f\u0131 sorumluluk talepleri hari\u00e7 tutulmu\u015ftur.<\/p>\n\n<p>T\u00fcm teklifler ba\u011flay\u0131c\u0131 de\u011fildir. Yazar, \u00f6nceden haber vermeksizin sayfalar\u0131n baz\u0131 b\u00f6l\u00fcmlerini veya teklifin tamam\u0131n\u0131 de\u011fi\u015ftirme, ekleme veya silme ya da yay\u0131n\u0131 ge\u00e7ici veya kal\u0131c\u0131 olarak durdurma hakk\u0131n\u0131 a\u00e7\u0131k\u00e7a sakl\u0131 tutar.<\/p>\n","protected":false},"excerpt":{"rendered":"<p>Software Solution GmbHTalacker 418001 Z\u00fcrih\u0130svi\u00e7reE-posta: info@alcads.com \u015eirket Ad\u0131: Software Solution GmbH Veri koruma g\u00f6revlisi:Software Solution GmbHinfo@alcads.com Genel\u0130svi\u00e7re Federal Anayasas\u0131&#8217;n\u0131n 13. Maddesi ve \u0130svi\u00e7re Konfederasyonu&#8217;nun veri koruma h\u00fck\u00fcmlerine (Veri Koruma Yasas\u0131, DSG) dayanarak, her ki\u015fi mahremiyetinin korunmas\u0131n\u0131n yan\u0131 s\u0131ra ki\u015fisel verilerinin k\u00f6t\u00fcye kullan\u0131lmas\u0131na kar\u015f\u0131 korunma hakk\u0131na sahiptir. Bu sayfalar\u0131n operat\u00f6rleri ki\u015fisel verilerinizin korunmas\u0131n\u0131 \u00e7ok ciddiye almaktad\u0131r. [&hellip;]<\/p>\n","protected":false},"author":1,"featured_media":0,"parent":0,"menu_order":0,"comment_status":"closed","ping_status":"closed","template":"","meta":{"_acf_changed":false,"footnotes":""},"class_list":["post-97372","page","type-page","status-publish","hentry"],"acf":[],"yoast_head":"<!-- This site is optimized with the Yoast SEO plugin v27.3 - https:\/\/yoast.com\/product\/yoast-seo-wordpress\/ -->\n<title>Gizlilik Politikas\u0131 - Alcads<\/title>\n<meta name=\"robots\" content=\"noindex, follow\" \/>\n<meta property=\"og:locale\" content=\"tr_TR\" \/>\n<meta property=\"og:type\" content=\"article\" \/>\n<meta property=\"og:title\" content=\"Gizlilik Politikas\u0131 - Alcads\" \/>\n<meta property=\"og:description\" content=\"Software Solution GmbHTalacker 418001 Z\u00fcrih\u0130svi\u00e7reE-posta: info@alcads.com \u015eirket Ad\u0131: Software Solution GmbH Veri koruma g\u00f6revlisi:Software Solution GmbHinfo@alcads.com Genel\u0130svi\u00e7re Federal Anayasas\u0131&#8217;n\u0131n 13. Maddesi ve \u0130svi\u00e7re Konfederasyonu&#8217;nun veri koruma h\u00fck\u00fcmlerine (Veri Koruma Yasas\u0131, DSG) dayanarak, her ki\u015fi mahremiyetinin korunmas\u0131n\u0131n yan\u0131 s\u0131ra ki\u015fisel verilerinin k\u00f6t\u00fcye kullan\u0131lmas\u0131na kar\u015f\u0131 korunma hakk\u0131na sahiptir. Bu sayfalar\u0131n operat\u00f6rleri ki\u015fisel verilerinizin korunmas\u0131n\u0131 \u00e7ok ciddiye almaktad\u0131r. [&hellip;]\" \/>\n<meta property=\"og:url\" content=\"https:\/\/alcads.com\/tr\/gizlilik-politikasi\/\" \/>\n<meta property=\"og:site_name\" content=\"Alcads\" \/>\n<meta property=\"article:modified_time\" content=\"2024-05-20T10:45:15+00:00\" \/>\n<meta name=\"twitter:card\" content=\"summary_large_image\" \/>\n<meta name=\"twitter:label1\" content=\"Tahmini okuma s\u00fcresi\" \/>\n\t<meta name=\"twitter:data1\" content=\"6 dakika\" \/>\n<script type=\"application\/ld+json\" class=\"yoast-schema-graph\">{\"@context\":\"https:\\\/\\\/schema.org\",\"@graph\":[{\"@type\":\"WebPage\",\"@id\":\"https:\\\/\\\/alcads.com\\\/tr\\\/gizlilik-politikasi\\\/\",\"url\":\"https:\\\/\\\/alcads.com\\\/tr\\\/gizlilik-politikasi\\\/\",\"name\":\"Gizlilik Politikas\u0131 - Alcads\",\"isPartOf\":{\"@id\":\"https:\\\/\\\/alcads.com\\\/tr\\\/#website\"},\"datePublished\":\"2024-04-23T05:31:04+00:00\",\"dateModified\":\"2024-05-20T10:45:15+00:00\",\"breadcrumb\":{\"@id\":\"https:\\\/\\\/alcads.com\\\/tr\\\/gizlilik-politikasi\\\/#breadcrumb\"},\"inLanguage\":\"tr\",\"potentialAction\":[{\"@type\":\"ReadAction\",\"target\":[\"https:\\\/\\\/alcads.com\\\/tr\\\/gizlilik-politikasi\\\/\"]}]},{\"@type\":\"BreadcrumbList\",\"@id\":\"https:\\\/\\\/alcads.com\\\/tr\\\/gizlilik-politikasi\\\/#breadcrumb\",\"itemListElement\":[{\"@type\":\"ListItem\",\"position\":1,\"name\":\"Home\",\"item\":\"https:\\\/\\\/alcads.com\\\/tr\\\/\"},{\"@type\":\"ListItem\",\"position\":2,\"name\":\"Gizlilik Politikas\u0131\"}]},{\"@type\":\"WebSite\",\"@id\":\"https:\\\/\\\/alcads.com\\\/tr\\\/#website\",\"url\":\"https:\\\/\\\/alcads.com\\\/tr\\\/\",\"name\":\"Alcads\",\"description\":\"The Best AutoCAD Alternative\",\"publisher\":{\"@id\":\"https:\\\/\\\/alcads.com\\\/tr\\\/#organization\"},\"potentialAction\":[{\"@type\":\"SearchAction\",\"target\":{\"@type\":\"EntryPoint\",\"urlTemplate\":\"https:\\\/\\\/alcads.com\\\/tr\\\/?s={search_term_string}\"},\"query-input\":{\"@type\":\"PropertyValueSpecification\",\"valueRequired\":true,\"valueName\":\"search_term_string\"}}],\"inLanguage\":\"tr\"},{\"@type\":\"Organization\",\"@id\":\"https:\\\/\\\/alcads.com\\\/tr\\\/#organization\",\"name\":\"Alcads\",\"url\":\"https:\\\/\\\/alcads.com\\\/tr\\\/\",\"logo\":{\"@type\":\"ImageObject\",\"inLanguage\":\"tr\",\"@id\":\"https:\\\/\\\/alcads.com\\\/tr\\\/#\\\/schema\\\/logo\\\/image\\\/\",\"url\":\"https:\\\/\\\/alcads.com\\\/wp-content\\\/uploads\\\/2024\\\/05\\\/logo.png\",\"contentUrl\":\"https:\\\/\\\/alcads.com\\\/wp-content\\\/uploads\\\/2024\\\/05\\\/logo.png\",\"width\":122,\"height\":42,\"caption\":\"Alcads\"},\"image\":{\"@id\":\"https:\\\/\\\/alcads.com\\\/tr\\\/#\\\/schema\\\/logo\\\/image\\\/\"}}]}<\/script>\n<!-- \/ Yoast SEO plugin. -->","yoast_head_json":{"title":"Gizlilik Politikas\u0131 - Alcads","robots":{"index":"noindex","follow":"follow"},"og_locale":"tr_TR","og_type":"article","og_title":"Gizlilik Politikas\u0131 - Alcads","og_description":"Software Solution GmbHTalacker 418001 Z\u00fcrih\u0130svi\u00e7reE-posta: info@alcads.com \u015eirket Ad\u0131: Software Solution GmbH Veri koruma g\u00f6revlisi:Software Solution GmbHinfo@alcads.com Genel\u0130svi\u00e7re Federal Anayasas\u0131&#8217;n\u0131n 13. Maddesi ve \u0130svi\u00e7re Konfederasyonu&#8217;nun veri koruma h\u00fck\u00fcmlerine (Veri Koruma Yasas\u0131, DSG) dayanarak, her ki\u015fi mahremiyetinin korunmas\u0131n\u0131n yan\u0131 s\u0131ra ki\u015fisel verilerinin k\u00f6t\u00fcye kullan\u0131lmas\u0131na kar\u015f\u0131 korunma hakk\u0131na sahiptir. Bu sayfalar\u0131n operat\u00f6rleri ki\u015fisel verilerinizin korunmas\u0131n\u0131 \u00e7ok ciddiye almaktad\u0131r. [&hellip;]","og_url":"https:\/\/alcads.com\/tr\/gizlilik-politikasi\/","og_site_name":"Alcads","article_modified_time":"2024-05-20T10:45:15+00:00","twitter_card":"summary_large_image","twitter_misc":{"Tahmini okuma s\u00fcresi":"6 dakika"},"schema":{"@context":"https:\/\/schema.org","@graph":[{"@type":"WebPage","@id":"https:\/\/alcads.com\/tr\/gizlilik-politikasi\/","url":"https:\/\/alcads.com\/tr\/gizlilik-politikasi\/","name":"Gizlilik Politikas\u0131 - Alcads","isPartOf":{"@id":"https:\/\/alcads.com\/tr\/#website"},"datePublished":"2024-04-23T05:31:04+00:00","dateModified":"2024-05-20T10:45:15+00:00","breadcrumb":{"@id":"https:\/\/alcads.com\/tr\/gizlilik-politikasi\/#breadcrumb"},"inLanguage":"tr","potentialAction":[{"@type":"ReadAction","target":["https:\/\/alcads.com\/tr\/gizlilik-politikasi\/"]}]},{"@type":"BreadcrumbList","@id":"https:\/\/alcads.com\/tr\/gizlilik-politikasi\/#breadcrumb","itemListElement":[{"@type":"ListItem","position":1,"name":"Home","item":"https:\/\/alcads.com\/tr\/"},{"@type":"ListItem","position":2,"name":"Gizlilik Politikas\u0131"}]},{"@type":"WebSite","@id":"https:\/\/alcads.com\/tr\/#website","url":"https:\/\/alcads.com\/tr\/","name":"Alcads","description":"The Best AutoCAD Alternative","publisher":{"@id":"https:\/\/alcads.com\/tr\/#organization"},"potentialAction":[{"@type":"SearchAction","target":{"@type":"EntryPoint","urlTemplate":"https:\/\/alcads.com\/tr\/?s={search_term_string}"},"query-input":{"@type":"PropertyValueSpecification","valueRequired":true,"valueName":"search_term_string"}}],"inLanguage":"tr"},{"@type":"Organization","@id":"https:\/\/alcads.com\/tr\/#organization","name":"Alcads","url":"https:\/\/alcads.com\/tr\/","logo":{"@type":"ImageObject","inLanguage":"tr","@id":"https:\/\/alcads.com\/tr\/#\/schema\/logo\/image\/","url":"https:\/\/alcads.com\/wp-content\/uploads\/2024\/05\/logo.png","contentUrl":"https:\/\/alcads.com\/wp-content\/uploads\/2024\/05\/logo.png","width":122,"height":42,"caption":"Alcads"},"image":{"@id":"https:\/\/alcads.com\/tr\/#\/schema\/logo\/image\/"}}]}},"jetpack_sharing_enabled":true,"_links":{"self":[{"href":"https:\/\/alcads.com\/tr\/wp-json\/wp\/v2\/pages\/97372","targetHints":{"allow":["GET"]}}],"collection":[{"href":"https:\/\/alcads.com\/tr\/wp-json\/wp\/v2\/pages"}],"about":[{"href":"https:\/\/alcads.com\/tr\/wp-json\/wp\/v2\/types\/page"}],"author":[{"embeddable":true,"href":"https:\/\/alcads.com\/tr\/wp-json\/wp\/v2\/users\/1"}],"replies":[{"embeddable":true,"href":"https:\/\/alcads.com\/tr\/wp-json\/wp\/v2\/comments?post=97372"}],"version-history":[{"count":2,"href":"https:\/\/alcads.com\/tr\/wp-json\/wp\/v2\/pages\/97372\/revisions"}],"predecessor-version":[{"id":102179,"href":"https:\/\/alcads.com\/tr\/wp-json\/wp\/v2\/pages\/97372\/revisions\/102179"}],"wp:attachment":[{"href":"https:\/\/alcads.com\/tr\/wp-json\/wp\/v2\/media?parent=97372"}],"curies":[{"name":"wp","href":"https:\/\/api.w.org\/{rel}","templated":true}]}}