{"id":97361,"date":"2024-04-23T07:09:53","date_gmt":"2024-04-23T07:09:53","guid":{"rendered":"https:\/\/dev.alcads.com\/mep-plugins\/"},"modified":"2025-01-02T08:46:12","modified_gmt":"2025-01-02T08:46:12","slug":"mep-eklentileri","status":"publish","type":"page","link":"https:\/\/alcads.com\/tr\/mep-eklentileri\/","title":{"rendered":"MEP Eklentileri"},"content":{"rendered":"","protected":false},"excerpt":{"rendered":"","protected":false},"author":1,"featured_media":0,"parent":0,"menu_order":0,"comment_status":"closed","ping_status":"closed","template":"page-template\/mep-plugins.php","meta":{"_acf_changed":false,"footnotes":""},"class_list":["post-97361","page","type-page","status-publish","hentry"],"acf":[],"yoast_head":"<!-- This site is optimized with the Yoast SEO plugin v27.3 - https:\/\/yoast.com\/product\/yoast-seo-wordpress\/ -->\n<title>MEP Eklentileri - Alcads<\/title>\n<meta name=\"description\" content=\"ALCAD&#039;in geli\u015fmi\u015f 2D ve 3D eklentileriyle MEP tasar\u0131m\u0131n\u0131z\u0131 g\u00fc\u00e7lendirin. Borulama, havaland\u0131rma, \u0131s\u0131tma ve s\u0131hhi tesisat sistemlerini kolayl\u0131kla olu\u015fturun ve de\u011fi\u015ftirin. \u00dccretsiz 15 g\u00fcnl\u00fck denemenize hemen ba\u015flay\u0131n!\" \/>\n<meta name=\"robots\" content=\"index, follow, max-snippet:-1, max-image-preview:large, max-video-preview:-1\" \/>\n<link rel=\"canonical\" href=\"https:\/\/alcads.com\/tr\/mep-eklentileri\/\" \/>\n<meta property=\"og:locale\" content=\"tr_TR\" \/>\n<meta property=\"og:type\" content=\"article\" \/>\n<meta property=\"og:title\" content=\"MEP Eklentileri - Alcads\" \/>\n<meta property=\"og:description\" content=\"ALCAD&#039;in geli\u015fmi\u015f 2D ve 3D eklentileriyle MEP tasar\u0131m\u0131n\u0131z\u0131 g\u00fc\u00e7lendirin. Borulama, havaland\u0131rma, \u0131s\u0131tma ve s\u0131hhi tesisat sistemlerini kolayl\u0131kla olu\u015fturun ve de\u011fi\u015ftirin. \u00dccretsiz 15 g\u00fcnl\u00fck denemenize hemen ba\u015flay\u0131n!\" \/>\n<meta property=\"og:url\" content=\"https:\/\/alcads.com\/tr\/mep-eklentileri\/\" \/>\n<meta property=\"og:site_name\" content=\"Alcads\" \/>\n<meta property=\"article:modified_time\" content=\"2025-01-02T08:46:12+00:00\" \/>\n<meta name=\"twitter:card\" content=\"summary_large_image\" \/>\n<script type=\"application\/ld+json\" class=\"yoast-schema-graph\">{\"@context\":\"https:\\\/\\\/schema.org\",\"@graph\":[{\"@type\":\"WebPage\",\"@id\":\"https:\\\/\\\/alcads.com\\\/tr\\\/mep-eklentileri\\\/\",\"url\":\"https:\\\/\\\/alcads.com\\\/tr\\\/mep-eklentileri\\\/\",\"name\":\"MEP Eklentileri - Alcads\",\"isPartOf\":{\"@id\":\"https:\\\/\\\/alcads.com\\\/tr\\\/#website\"},\"datePublished\":\"2024-04-23T07:09:53+00:00\",\"dateModified\":\"2025-01-02T08:46:12+00:00\",\"description\":\"ALCAD'in geli\u015fmi\u015f 2D ve 3D eklentileriyle MEP tasar\u0131m\u0131n\u0131z\u0131 g\u00fc\u00e7lendirin. Borulama, havaland\u0131rma, \u0131s\u0131tma ve s\u0131hhi tesisat sistemlerini kolayl\u0131kla olu\u015fturun ve de\u011fi\u015ftirin. \u00dccretsiz 15 g\u00fcnl\u00fck denemenize hemen ba\u015flay\u0131n!\",\"breadcrumb\":{\"@id\":\"https:\\\/\\\/alcads.com\\\/tr\\\/mep-eklentileri\\\/#breadcrumb\"},\"inLanguage\":\"tr\",\"potentialAction\":[{\"@type\":\"ReadAction\",\"target\":[\"https:\\\/\\\/alcads.com\\\/tr\\\/mep-eklentileri\\\/\"]}]},{\"@type\":\"BreadcrumbList\",\"@id\":\"https:\\\/\\\/alcads.com\\\/tr\\\/mep-eklentileri\\\/#breadcrumb\",\"itemListElement\":[{\"@type\":\"ListItem\",\"position\":1,\"name\":\"Home\",\"item\":\"https:\\\/\\\/alcads.com\\\/tr\\\/\"},{\"@type\":\"ListItem\",\"position\":2,\"name\":\"MEP Eklentileri\"}]},{\"@type\":\"WebSite\",\"@id\":\"https:\\\/\\\/alcads.com\\\/tr\\\/#website\",\"url\":\"https:\\\/\\\/alcads.com\\\/tr\\\/\",\"name\":\"Alcads\",\"description\":\"The Best AutoCAD Alternative\",\"publisher\":{\"@id\":\"https:\\\/\\\/alcads.com\\\/tr\\\/#organization\"},\"potentialAction\":[{\"@type\":\"SearchAction\",\"target\":{\"@type\":\"EntryPoint\",\"urlTemplate\":\"https:\\\/\\\/alcads.com\\\/tr\\\/?s={search_term_string}\"},\"query-input\":{\"@type\":\"PropertyValueSpecification\",\"valueRequired\":true,\"valueName\":\"search_term_string\"}}],\"inLanguage\":\"tr\"},{\"@type\":\"Organization\",\"@id\":\"https:\\\/\\\/alcads.com\\\/tr\\\/#organization\",\"name\":\"Alcads\",\"url\":\"https:\\\/\\\/alcads.com\\\/tr\\\/\",\"logo\":{\"@type\":\"ImageObject\",\"inLanguage\":\"tr\",\"@id\":\"https:\\\/\\\/alcads.com\\\/tr\\\/#\\\/schema\\\/logo\\\/image\\\/\",\"url\":\"https:\\\/\\\/alcads.com\\\/wp-content\\\/uploads\\\/2024\\\/05\\\/logo.png\",\"contentUrl\":\"https:\\\/\\\/alcads.com\\\/wp-content\\\/uploads\\\/2024\\\/05\\\/logo.png\",\"width\":122,\"height\":42,\"caption\":\"Alcads\"},\"image\":{\"@id\":\"https:\\\/\\\/alcads.com\\\/tr\\\/#\\\/schema\\\/logo\\\/image\\\/\"}}]}<\/script>\n<!-- \/ Yoast SEO plugin. -->","yoast_head_json":{"title":"MEP Eklentileri - Alcads","description":"ALCAD'in geli\u015fmi\u015f 2D ve 3D eklentileriyle MEP tasar\u0131m\u0131n\u0131z\u0131 g\u00fc\u00e7lendirin. Borulama, havaland\u0131rma, \u0131s\u0131tma ve s\u0131hhi tesisat sistemlerini kolayl\u0131kla olu\u015fturun ve de\u011fi\u015ftirin. \u00dccretsiz 15 g\u00fcnl\u00fck denemenize hemen ba\u015flay\u0131n!","robots":{"index":"index","follow":"follow","max-snippet":"max-snippet:-1","max-image-preview":"max-image-preview:large","max-video-preview":"max-video-preview:-1"},"canonical":"https:\/\/alcads.com\/tr\/mep-eklentileri\/","og_locale":"tr_TR","og_type":"article","og_title":"MEP Eklentileri - Alcads","og_description":"ALCAD'in geli\u015fmi\u015f 2D ve 3D eklentileriyle MEP tasar\u0131m\u0131n\u0131z\u0131 g\u00fc\u00e7lendirin. Borulama, havaland\u0131rma, \u0131s\u0131tma ve s\u0131hhi tesisat sistemlerini kolayl\u0131kla olu\u015fturun ve de\u011fi\u015ftirin. \u00dccretsiz 15 g\u00fcnl\u00fck denemenize hemen ba\u015flay\u0131n!","og_url":"https:\/\/alcads.com\/tr\/mep-eklentileri\/","og_site_name":"Alcads","article_modified_time":"2025-01-02T08:46:12+00:00","twitter_card":"summary_large_image","schema":{"@context":"https:\/\/schema.org","@graph":[{"@type":"WebPage","@id":"https:\/\/alcads.com\/tr\/mep-eklentileri\/","url":"https:\/\/alcads.com\/tr\/mep-eklentileri\/","name":"MEP Eklentileri - Alcads","isPartOf":{"@id":"https:\/\/alcads.com\/tr\/#website"},"datePublished":"2024-04-23T07:09:53+00:00","dateModified":"2025-01-02T08:46:12+00:00","description":"ALCAD'in geli\u015fmi\u015f 2D ve 3D eklentileriyle MEP tasar\u0131m\u0131n\u0131z\u0131 g\u00fc\u00e7lendirin. Borulama, havaland\u0131rma, \u0131s\u0131tma ve s\u0131hhi tesisat sistemlerini kolayl\u0131kla olu\u015fturun ve de\u011fi\u015ftirin. \u00dccretsiz 15 g\u00fcnl\u00fck denemenize hemen ba\u015flay\u0131n!","breadcrumb":{"@id":"https:\/\/alcads.com\/tr\/mep-eklentileri\/#breadcrumb"},"inLanguage":"tr","potentialAction":[{"@type":"ReadAction","target":["https:\/\/alcads.com\/tr\/mep-eklentileri\/"]}]},{"@type":"BreadcrumbList","@id":"https:\/\/alcads.com\/tr\/mep-eklentileri\/#breadcrumb","itemListElement":[{"@type":"ListItem","position":1,"name":"Home","item":"https:\/\/alcads.com\/tr\/"},{"@type":"ListItem","position":2,"name":"MEP Eklentileri"}]},{"@type":"WebSite","@id":"https:\/\/alcads.com\/tr\/#website","url":"https:\/\/alcads.com\/tr\/","name":"Alcads","description":"The Best AutoCAD Alternative","publisher":{"@id":"https:\/\/alcads.com\/tr\/#organization"},"potentialAction":[{"@type":"SearchAction","target":{"@type":"EntryPoint","urlTemplate":"https:\/\/alcads.com\/tr\/?s={search_term_string}"},"query-input":{"@type":"PropertyValueSpecification","valueRequired":true,"valueName":"search_term_string"}}],"inLanguage":"tr"},{"@type":"Organization","@id":"https:\/\/alcads.com\/tr\/#organization","name":"Alcads","url":"https:\/\/alcads.com\/tr\/","logo":{"@type":"ImageObject","inLanguage":"tr","@id":"https:\/\/alcads.com\/tr\/#\/schema\/logo\/image\/","url":"https:\/\/alcads.com\/wp-content\/uploads\/2024\/05\/logo.png","contentUrl":"https:\/\/alcads.com\/wp-content\/uploads\/2024\/05\/logo.png","width":122,"height":42,"caption":"Alcads"},"image":{"@id":"https:\/\/alcads.com\/tr\/#\/schema\/logo\/image\/"}}]}},"jetpack_sharing_enabled":true,"_links":{"self":[{"href":"https:\/\/alcads.com\/tr\/wp-json\/wp\/v2\/pages\/97361","targetHints":{"allow":["GET"]}}],"collection":[{"href":"https:\/\/alcads.com\/tr\/wp-json\/wp\/v2\/pages"}],"about":[{"href":"https:\/\/alcads.com\/tr\/wp-json\/wp\/v2\/types\/page"}],"author":[{"embeddable":true,"href":"https:\/\/alcads.com\/tr\/wp-json\/wp\/v2\/users\/1"}],"replies":[{"embeddable":true,"href":"https:\/\/alcads.com\/tr\/wp-json\/wp\/v2\/comments?post=97361"}],"version-history":[{"count":2,"href":"https:\/\/alcads.com\/tr\/wp-json\/wp\/v2\/pages\/97361\/revisions"}],"predecessor-version":[{"id":106842,"href":"https:\/\/alcads.com\/tr\/wp-json\/wp\/v2\/pages\/97361\/revisions\/106842"}],"wp:attachment":[{"href":"https:\/\/alcads.com\/tr\/wp-json\/wp\/v2\/media?parent=97361"}],"curies":[{"name":"wp","href":"https:\/\/api.w.org\/{rel}","templated":true}]}}