{"id":97328,"date":"2024-04-23T07:13:05","date_gmt":"2024-04-23T07:13:05","guid":{"rendered":"https:\/\/dev.alcads.com\/contact-us\/"},"modified":"2024-05-20T13:05:35","modified_gmt":"2024-05-20T13:05:35","slug":"bize-ulasin","status":"publish","type":"page","link":"https:\/\/alcads.com\/tr\/bize-ulasin\/","title":{"rendered":"Bize Ula\u015f\u0131n"},"content":{"rendered":"","protected":false},"excerpt":{"rendered":"","protected":false},"author":1,"featured_media":0,"parent":0,"menu_order":0,"comment_status":"closed","ping_status":"closed","template":"page-template\/contact-us.php","meta":{"_acf_changed":false,"footnotes":""},"class_list":["post-97328","page","type-page","status-publish","hentry"],"acf":[],"yoast_head":"<!-- This site is optimized with the Yoast SEO plugin v27.3 - https:\/\/yoast.com\/product\/yoast-seo-wordpress\/ -->\n<title>Destek veya teklif talepleri i\u00e7in bize ula\u015f\u0131n | Alcads.com<\/title>\n<meta name=\"description\" content=\"Ola\u011fan\u00fcst\u00fc destek ve fiyat teklifi talepleriniz i\u00e7in ALCADS ile ileti\u015fime ge\u00e7in. Ekibimiz t\u00fcm CAD yaz\u0131l\u0131m\u0131 ihtiya\u00e7lar\u0131n\u0131za yard\u0131mc\u0131 olmak i\u00e7in burada\" \/>\n<meta name=\"robots\" content=\"index, follow, max-snippet:-1, max-image-preview:large, max-video-preview:-1\" \/>\n<link rel=\"canonical\" href=\"https:\/\/alcads.com\/tr\/bize-ulasin\/\" \/>\n<meta property=\"og:locale\" content=\"tr_TR\" \/>\n<meta property=\"og:type\" content=\"article\" \/>\n<meta property=\"og:title\" content=\"Destek veya teklif talepleri i\u00e7in bize ula\u015f\u0131n | Alcads.com\" \/>\n<meta property=\"og:description\" content=\"Ola\u011fan\u00fcst\u00fc destek ve fiyat teklifi talepleriniz i\u00e7in ALCADS ile ileti\u015fime ge\u00e7in. Ekibimiz t\u00fcm CAD yaz\u0131l\u0131m\u0131 ihtiya\u00e7lar\u0131n\u0131za yard\u0131mc\u0131 olmak i\u00e7in burada\" \/>\n<meta property=\"og:url\" content=\"https:\/\/alcads.com\/tr\/bize-ulasin\/\" \/>\n<meta property=\"og:site_name\" content=\"Alcads\" \/>\n<meta property=\"article:modified_time\" content=\"2024-05-20T13:05:35+00:00\" \/>\n<meta name=\"twitter:card\" content=\"summary_large_image\" \/>\n<script type=\"application\/ld+json\" class=\"yoast-schema-graph\">{\"@context\":\"https:\\\/\\\/schema.org\",\"@graph\":[{\"@type\":\"WebPage\",\"@id\":\"https:\\\/\\\/alcads.com\\\/tr\\\/bize-ulasin\\\/\",\"url\":\"https:\\\/\\\/alcads.com\\\/tr\\\/bize-ulasin\\\/\",\"name\":\"Destek veya teklif talepleri i\u00e7in bize ula\u015f\u0131n | Alcads.com\",\"isPartOf\":{\"@id\":\"https:\\\/\\\/alcads.com\\\/tr\\\/#website\"},\"datePublished\":\"2024-04-23T07:13:05+00:00\",\"dateModified\":\"2024-05-20T13:05:35+00:00\",\"description\":\"Ola\u011fan\u00fcst\u00fc destek ve fiyat teklifi talepleriniz i\u00e7in ALCADS ile ileti\u015fime ge\u00e7in. Ekibimiz t\u00fcm CAD yaz\u0131l\u0131m\u0131 ihtiya\u00e7lar\u0131n\u0131za yard\u0131mc\u0131 olmak i\u00e7in burada\",\"breadcrumb\":{\"@id\":\"https:\\\/\\\/alcads.com\\\/tr\\\/bize-ulasin\\\/#breadcrumb\"},\"inLanguage\":\"tr\",\"potentialAction\":[{\"@type\":\"ReadAction\",\"target\":[\"https:\\\/\\\/alcads.com\\\/tr\\\/bize-ulasin\\\/\"]}]},{\"@type\":\"BreadcrumbList\",\"@id\":\"https:\\\/\\\/alcads.com\\\/tr\\\/bize-ulasin\\\/#breadcrumb\",\"itemListElement\":[{\"@type\":\"ListItem\",\"position\":1,\"name\":\"Home\",\"item\":\"https:\\\/\\\/alcads.com\\\/tr\\\/\"},{\"@type\":\"ListItem\",\"position\":2,\"name\":\"Bize Ula\u015f\u0131n\"}]},{\"@type\":\"WebSite\",\"@id\":\"https:\\\/\\\/alcads.com\\\/tr\\\/#website\",\"url\":\"https:\\\/\\\/alcads.com\\\/tr\\\/\",\"name\":\"Alcads\",\"description\":\"The Best AutoCAD Alternative\",\"publisher\":{\"@id\":\"https:\\\/\\\/alcads.com\\\/tr\\\/#organization\"},\"potentialAction\":[{\"@type\":\"SearchAction\",\"target\":{\"@type\":\"EntryPoint\",\"urlTemplate\":\"https:\\\/\\\/alcads.com\\\/tr\\\/?s={search_term_string}\"},\"query-input\":{\"@type\":\"PropertyValueSpecification\",\"valueRequired\":true,\"valueName\":\"search_term_string\"}}],\"inLanguage\":\"tr\"},{\"@type\":\"Organization\",\"@id\":\"https:\\\/\\\/alcads.com\\\/tr\\\/#organization\",\"name\":\"Alcads\",\"url\":\"https:\\\/\\\/alcads.com\\\/tr\\\/\",\"logo\":{\"@type\":\"ImageObject\",\"inLanguage\":\"tr\",\"@id\":\"https:\\\/\\\/alcads.com\\\/tr\\\/#\\\/schema\\\/logo\\\/image\\\/\",\"url\":\"https:\\\/\\\/alcads.com\\\/wp-content\\\/uploads\\\/2024\\\/05\\\/logo.png\",\"contentUrl\":\"https:\\\/\\\/alcads.com\\\/wp-content\\\/uploads\\\/2024\\\/05\\\/logo.png\",\"width\":122,\"height\":42,\"caption\":\"Alcads\"},\"image\":{\"@id\":\"https:\\\/\\\/alcads.com\\\/tr\\\/#\\\/schema\\\/logo\\\/image\\\/\"}}]}<\/script>\n<!-- \/ Yoast SEO plugin. -->","yoast_head_json":{"title":"Destek veya teklif talepleri i\u00e7in bize ula\u015f\u0131n | Alcads.com","description":"Ola\u011fan\u00fcst\u00fc destek ve fiyat teklifi talepleriniz i\u00e7in ALCADS ile ileti\u015fime ge\u00e7in. Ekibimiz t\u00fcm CAD yaz\u0131l\u0131m\u0131 ihtiya\u00e7lar\u0131n\u0131za yard\u0131mc\u0131 olmak i\u00e7in burada","robots":{"index":"index","follow":"follow","max-snippet":"max-snippet:-1","max-image-preview":"max-image-preview:large","max-video-preview":"max-video-preview:-1"},"canonical":"https:\/\/alcads.com\/tr\/bize-ulasin\/","og_locale":"tr_TR","og_type":"article","og_title":"Destek veya teklif talepleri i\u00e7in bize ula\u015f\u0131n | Alcads.com","og_description":"Ola\u011fan\u00fcst\u00fc destek ve fiyat teklifi talepleriniz i\u00e7in ALCADS ile ileti\u015fime ge\u00e7in. Ekibimiz t\u00fcm CAD yaz\u0131l\u0131m\u0131 ihtiya\u00e7lar\u0131n\u0131za yard\u0131mc\u0131 olmak i\u00e7in burada","og_url":"https:\/\/alcads.com\/tr\/bize-ulasin\/","og_site_name":"Alcads","article_modified_time":"2024-05-20T13:05:35+00:00","twitter_card":"summary_large_image","schema":{"@context":"https:\/\/schema.org","@graph":[{"@type":"WebPage","@id":"https:\/\/alcads.com\/tr\/bize-ulasin\/","url":"https:\/\/alcads.com\/tr\/bize-ulasin\/","name":"Destek veya teklif talepleri i\u00e7in bize ula\u015f\u0131n | Alcads.com","isPartOf":{"@id":"https:\/\/alcads.com\/tr\/#website"},"datePublished":"2024-04-23T07:13:05+00:00","dateModified":"2024-05-20T13:05:35+00:00","description":"Ola\u011fan\u00fcst\u00fc destek ve fiyat teklifi talepleriniz i\u00e7in ALCADS ile ileti\u015fime ge\u00e7in. Ekibimiz t\u00fcm CAD yaz\u0131l\u0131m\u0131 ihtiya\u00e7lar\u0131n\u0131za yard\u0131mc\u0131 olmak i\u00e7in burada","breadcrumb":{"@id":"https:\/\/alcads.com\/tr\/bize-ulasin\/#breadcrumb"},"inLanguage":"tr","potentialAction":[{"@type":"ReadAction","target":["https:\/\/alcads.com\/tr\/bize-ulasin\/"]}]},{"@type":"BreadcrumbList","@id":"https:\/\/alcads.com\/tr\/bize-ulasin\/#breadcrumb","itemListElement":[{"@type":"ListItem","position":1,"name":"Home","item":"https:\/\/alcads.com\/tr\/"},{"@type":"ListItem","position":2,"name":"Bize Ula\u015f\u0131n"}]},{"@type":"WebSite","@id":"https:\/\/alcads.com\/tr\/#website","url":"https:\/\/alcads.com\/tr\/","name":"Alcads","description":"The Best AutoCAD Alternative","publisher":{"@id":"https:\/\/alcads.com\/tr\/#organization"},"potentialAction":[{"@type":"SearchAction","target":{"@type":"EntryPoint","urlTemplate":"https:\/\/alcads.com\/tr\/?s={search_term_string}"},"query-input":{"@type":"PropertyValueSpecification","valueRequired":true,"valueName":"search_term_string"}}],"inLanguage":"tr"},{"@type":"Organization","@id":"https:\/\/alcads.com\/tr\/#organization","name":"Alcads","url":"https:\/\/alcads.com\/tr\/","logo":{"@type":"ImageObject","inLanguage":"tr","@id":"https:\/\/alcads.com\/tr\/#\/schema\/logo\/image\/","url":"https:\/\/alcads.com\/wp-content\/uploads\/2024\/05\/logo.png","contentUrl":"https:\/\/alcads.com\/wp-content\/uploads\/2024\/05\/logo.png","width":122,"height":42,"caption":"Alcads"},"image":{"@id":"https:\/\/alcads.com\/tr\/#\/schema\/logo\/image\/"}}]}},"jetpack_sharing_enabled":true,"_links":{"self":[{"href":"https:\/\/alcads.com\/tr\/wp-json\/wp\/v2\/pages\/97328","targetHints":{"allow":["GET"]}}],"collection":[{"href":"https:\/\/alcads.com\/tr\/wp-json\/wp\/v2\/pages"}],"about":[{"href":"https:\/\/alcads.com\/tr\/wp-json\/wp\/v2\/types\/page"}],"author":[{"embeddable":true,"href":"https:\/\/alcads.com\/tr\/wp-json\/wp\/v2\/users\/1"}],"replies":[{"embeddable":true,"href":"https:\/\/alcads.com\/tr\/wp-json\/wp\/v2\/comments?post=97328"}],"version-history":[{"count":2,"href":"https:\/\/alcads.com\/tr\/wp-json\/wp\/v2\/pages\/97328\/revisions"}],"predecessor-version":[{"id":106832,"href":"https:\/\/alcads.com\/tr\/wp-json\/wp\/v2\/pages\/97328\/revisions\/106832"}],"wp:attachment":[{"href":"https:\/\/alcads.com\/tr\/wp-json\/wp\/v2\/media?parent=97328"}],"curies":[{"name":"wp","href":"https:\/\/api.w.org\/{rel}","templated":true}]}}