{"id":97317,"date":"2024-04-23T07:11:31","date_gmt":"2024-04-23T07:11:31","guid":{"rendered":"https:\/\/dev.alcads.com\/compare-alcad\/"},"modified":"2025-12-02T18:00:18","modified_gmt":"2025-12-02T18:00:18","slug":"alcad-ile-karsilastirin","status":"publish","type":"page","link":"https:\/\/alcads.com\/tr\/alcad-ile-karsilastirin\/","title":{"rendered":"ALCAD ile Kar\u015f\u0131la\u015ft\u0131r\u0131n"},"content":{"rendered":"","protected":false},"excerpt":{"rendered":"","protected":false},"author":1,"featured_media":0,"parent":0,"menu_order":0,"comment_status":"closed","ping_status":"closed","template":"page-template\/compare-alcad.php","meta":{"_acf_changed":false,"footnotes":""},"class_list":["post-97317","page","type-page","status-publish","hentry"],"acf":[],"yoast_head":"<!-- This site is optimized with the Yoast SEO plugin v27.3 - https:\/\/yoast.com\/product\/yoast-seo-wordpress\/ -->\n<title>\u00c7e\u015fitli ALCAD S\u00fcr\u00fcmlerinin Tam Kar\u015f\u0131la\u015ft\u0131rmas\u0131 | Alcads.com<\/title>\n<meta name=\"description\" content=\"Farkl\u0131 Alcad versiyonlar\u0131 aras\u0131nda yapt\u0131\u011f\u0131m\u0131z kapsaml\u0131 kar\u015f\u0131la\u015ft\u0131rma ile ihtiya\u00e7lar\u0131n\u0131za en uygun olan\u0131 bulun. Bug\u00fcn bilin\u00e7li bir karar verin\" \/>\n<meta name=\"robots\" content=\"index, follow, max-snippet:-1, max-image-preview:large, max-video-preview:-1\" \/>\n<link rel=\"canonical\" href=\"https:\/\/alcads.com\/tr\/alcad-ile-karsilastirin\/\" \/>\n<meta property=\"og:locale\" content=\"tr_TR\" \/>\n<meta property=\"og:type\" content=\"article\" \/>\n<meta property=\"og:title\" content=\"\u00c7e\u015fitli ALCAD S\u00fcr\u00fcmlerinin Tam Kar\u015f\u0131la\u015ft\u0131rmas\u0131 | Alcads.com\" \/>\n<meta property=\"og:description\" content=\"Farkl\u0131 Alcad versiyonlar\u0131 aras\u0131nda yapt\u0131\u011f\u0131m\u0131z kapsaml\u0131 kar\u015f\u0131la\u015ft\u0131rma ile ihtiya\u00e7lar\u0131n\u0131za en uygun olan\u0131 bulun. Bug\u00fcn bilin\u00e7li bir karar verin\" \/>\n<meta property=\"og:url\" content=\"https:\/\/alcads.com\/tr\/alcad-ile-karsilastirin\/\" \/>\n<meta property=\"og:site_name\" content=\"Alcads\" \/>\n<meta property=\"article:modified_time\" content=\"2025-12-02T18:00:18+00:00\" \/>\n<meta name=\"twitter:card\" content=\"summary_large_image\" \/>\n<script type=\"application\/ld+json\" class=\"yoast-schema-graph\">{\"@context\":\"https:\\\/\\\/schema.org\",\"@graph\":[{\"@type\":\"WebPage\",\"@id\":\"https:\\\/\\\/alcads.com\\\/tr\\\/alcad-ile-karsilastirin\\\/\",\"url\":\"https:\\\/\\\/alcads.com\\\/tr\\\/alcad-ile-karsilastirin\\\/\",\"name\":\"\u00c7e\u015fitli ALCAD S\u00fcr\u00fcmlerinin Tam Kar\u015f\u0131la\u015ft\u0131rmas\u0131 | Alcads.com\",\"isPartOf\":{\"@id\":\"https:\\\/\\\/alcads.com\\\/tr\\\/#website\"},\"datePublished\":\"2024-04-23T07:11:31+00:00\",\"dateModified\":\"2025-12-02T18:00:18+00:00\",\"description\":\"Farkl\u0131 Alcad versiyonlar\u0131 aras\u0131nda yapt\u0131\u011f\u0131m\u0131z kapsaml\u0131 kar\u015f\u0131la\u015ft\u0131rma ile ihtiya\u00e7lar\u0131n\u0131za en uygun olan\u0131 bulun. Bug\u00fcn bilin\u00e7li bir karar verin\",\"breadcrumb\":{\"@id\":\"https:\\\/\\\/alcads.com\\\/tr\\\/alcad-ile-karsilastirin\\\/#breadcrumb\"},\"inLanguage\":\"tr\",\"potentialAction\":[{\"@type\":\"ReadAction\",\"target\":[\"https:\\\/\\\/alcads.com\\\/tr\\\/alcad-ile-karsilastirin\\\/\"]}]},{\"@type\":\"BreadcrumbList\",\"@id\":\"https:\\\/\\\/alcads.com\\\/tr\\\/alcad-ile-karsilastirin\\\/#breadcrumb\",\"itemListElement\":[{\"@type\":\"ListItem\",\"position\":1,\"name\":\"Home\",\"item\":\"https:\\\/\\\/alcads.com\\\/tr\\\/\"},{\"@type\":\"ListItem\",\"position\":2,\"name\":\"ALCAD ile Kar\u015f\u0131la\u015ft\u0131r\u0131n\"}]},{\"@type\":\"WebSite\",\"@id\":\"https:\\\/\\\/alcads.com\\\/tr\\\/#website\",\"url\":\"https:\\\/\\\/alcads.com\\\/tr\\\/\",\"name\":\"Alcads\",\"description\":\"The Best AutoCAD Alternative\",\"publisher\":{\"@id\":\"https:\\\/\\\/alcads.com\\\/tr\\\/#organization\"},\"potentialAction\":[{\"@type\":\"SearchAction\",\"target\":{\"@type\":\"EntryPoint\",\"urlTemplate\":\"https:\\\/\\\/alcads.com\\\/tr\\\/?s={search_term_string}\"},\"query-input\":{\"@type\":\"PropertyValueSpecification\",\"valueRequired\":true,\"valueName\":\"search_term_string\"}}],\"inLanguage\":\"tr\"},{\"@type\":\"Organization\",\"@id\":\"https:\\\/\\\/alcads.com\\\/tr\\\/#organization\",\"name\":\"Alcads\",\"url\":\"https:\\\/\\\/alcads.com\\\/tr\\\/\",\"logo\":{\"@type\":\"ImageObject\",\"inLanguage\":\"tr\",\"@id\":\"https:\\\/\\\/alcads.com\\\/tr\\\/#\\\/schema\\\/logo\\\/image\\\/\",\"url\":\"https:\\\/\\\/alcads.com\\\/wp-content\\\/uploads\\\/2024\\\/05\\\/logo.png\",\"contentUrl\":\"https:\\\/\\\/alcads.com\\\/wp-content\\\/uploads\\\/2024\\\/05\\\/logo.png\",\"width\":122,\"height\":42,\"caption\":\"Alcads\"},\"image\":{\"@id\":\"https:\\\/\\\/alcads.com\\\/tr\\\/#\\\/schema\\\/logo\\\/image\\\/\"}}]}<\/script>\n<!-- \/ Yoast SEO plugin. -->","yoast_head_json":{"title":"\u00c7e\u015fitli ALCAD S\u00fcr\u00fcmlerinin Tam Kar\u015f\u0131la\u015ft\u0131rmas\u0131 | Alcads.com","description":"Farkl\u0131 Alcad versiyonlar\u0131 aras\u0131nda yapt\u0131\u011f\u0131m\u0131z kapsaml\u0131 kar\u015f\u0131la\u015ft\u0131rma ile ihtiya\u00e7lar\u0131n\u0131za en uygun olan\u0131 bulun. Bug\u00fcn bilin\u00e7li bir karar verin","robots":{"index":"index","follow":"follow","max-snippet":"max-snippet:-1","max-image-preview":"max-image-preview:large","max-video-preview":"max-video-preview:-1"},"canonical":"https:\/\/alcads.com\/tr\/alcad-ile-karsilastirin\/","og_locale":"tr_TR","og_type":"article","og_title":"\u00c7e\u015fitli ALCAD S\u00fcr\u00fcmlerinin Tam Kar\u015f\u0131la\u015ft\u0131rmas\u0131 | Alcads.com","og_description":"Farkl\u0131 Alcad versiyonlar\u0131 aras\u0131nda yapt\u0131\u011f\u0131m\u0131z kapsaml\u0131 kar\u015f\u0131la\u015ft\u0131rma ile ihtiya\u00e7lar\u0131n\u0131za en uygun olan\u0131 bulun. Bug\u00fcn bilin\u00e7li bir karar verin","og_url":"https:\/\/alcads.com\/tr\/alcad-ile-karsilastirin\/","og_site_name":"Alcads","article_modified_time":"2025-12-02T18:00:18+00:00","twitter_card":"summary_large_image","schema":{"@context":"https:\/\/schema.org","@graph":[{"@type":"WebPage","@id":"https:\/\/alcads.com\/tr\/alcad-ile-karsilastirin\/","url":"https:\/\/alcads.com\/tr\/alcad-ile-karsilastirin\/","name":"\u00c7e\u015fitli ALCAD S\u00fcr\u00fcmlerinin Tam Kar\u015f\u0131la\u015ft\u0131rmas\u0131 | Alcads.com","isPartOf":{"@id":"https:\/\/alcads.com\/tr\/#website"},"datePublished":"2024-04-23T07:11:31+00:00","dateModified":"2025-12-02T18:00:18+00:00","description":"Farkl\u0131 Alcad versiyonlar\u0131 aras\u0131nda yapt\u0131\u011f\u0131m\u0131z kapsaml\u0131 kar\u015f\u0131la\u015ft\u0131rma ile ihtiya\u00e7lar\u0131n\u0131za en uygun olan\u0131 bulun. Bug\u00fcn bilin\u00e7li bir karar verin","breadcrumb":{"@id":"https:\/\/alcads.com\/tr\/alcad-ile-karsilastirin\/#breadcrumb"},"inLanguage":"tr","potentialAction":[{"@type":"ReadAction","target":["https:\/\/alcads.com\/tr\/alcad-ile-karsilastirin\/"]}]},{"@type":"BreadcrumbList","@id":"https:\/\/alcads.com\/tr\/alcad-ile-karsilastirin\/#breadcrumb","itemListElement":[{"@type":"ListItem","position":1,"name":"Home","item":"https:\/\/alcads.com\/tr\/"},{"@type":"ListItem","position":2,"name":"ALCAD ile Kar\u015f\u0131la\u015ft\u0131r\u0131n"}]},{"@type":"WebSite","@id":"https:\/\/alcads.com\/tr\/#website","url":"https:\/\/alcads.com\/tr\/","name":"Alcads","description":"The Best AutoCAD Alternative","publisher":{"@id":"https:\/\/alcads.com\/tr\/#organization"},"potentialAction":[{"@type":"SearchAction","target":{"@type":"EntryPoint","urlTemplate":"https:\/\/alcads.com\/tr\/?s={search_term_string}"},"query-input":{"@type":"PropertyValueSpecification","valueRequired":true,"valueName":"search_term_string"}}],"inLanguage":"tr"},{"@type":"Organization","@id":"https:\/\/alcads.com\/tr\/#organization","name":"Alcads","url":"https:\/\/alcads.com\/tr\/","logo":{"@type":"ImageObject","inLanguage":"tr","@id":"https:\/\/alcads.com\/tr\/#\/schema\/logo\/image\/","url":"https:\/\/alcads.com\/wp-content\/uploads\/2024\/05\/logo.png","contentUrl":"https:\/\/alcads.com\/wp-content\/uploads\/2024\/05\/logo.png","width":122,"height":42,"caption":"Alcads"},"image":{"@id":"https:\/\/alcads.com\/tr\/#\/schema\/logo\/image\/"}}]}},"jetpack_sharing_enabled":true,"_links":{"self":[{"href":"https:\/\/alcads.com\/tr\/wp-json\/wp\/v2\/pages\/97317","targetHints":{"allow":["GET"]}}],"collection":[{"href":"https:\/\/alcads.com\/tr\/wp-json\/wp\/v2\/pages"}],"about":[{"href":"https:\/\/alcads.com\/tr\/wp-json\/wp\/v2\/types\/page"}],"author":[{"embeddable":true,"href":"https:\/\/alcads.com\/tr\/wp-json\/wp\/v2\/users\/1"}],"replies":[{"embeddable":true,"href":"https:\/\/alcads.com\/tr\/wp-json\/wp\/v2\/comments?post=97317"}],"version-history":[{"count":7,"href":"https:\/\/alcads.com\/tr\/wp-json\/wp\/v2\/pages\/97317\/revisions"}],"predecessor-version":[{"id":116649,"href":"https:\/\/alcads.com\/tr\/wp-json\/wp\/v2\/pages\/97317\/revisions\/116649"}],"wp:attachment":[{"href":"https:\/\/alcads.com\/tr\/wp-json\/wp\/v2\/media?parent=97317"}],"curies":[{"name":"wp","href":"https:\/\/api.w.org\/{rel}","templated":true}]}}