{"id":97273,"date":"2024-04-24T11:13:23","date_gmt":"2024-04-24T11:13:23","guid":{"rendered":"https:\/\/dev.alcads.com\/home\/"},"modified":"2025-12-03T10:40:28","modified_gmt":"2025-12-03T10:40:28","slug":"ev","status":"publish","type":"page","link":"https:\/\/alcads.com\/tr\/","title":{"rendered":"Ev"},"content":{"rendered":"","protected":false},"excerpt":{"rendered":"","protected":false},"author":1,"featured_media":0,"parent":0,"menu_order":0,"comment_status":"closed","ping_status":"closed","template":"page-template\/home.php","meta":{"_acf_changed":false,"footnotes":""},"class_list":["post-97273","page","type-page","status-publish","hentry"],"acf":[],"yoast_head":"<!-- This site is optimized with the Yoast SEO plugin v27.3 - https:\/\/yoast.com\/product\/yoast-seo-wordpress\/ -->\n<title>AutoCAD Alternatifi | Bilgisayar Destekli Tasar\u0131m Yaz\u0131l\u0131m\u0131 | ALCAD<\/title>\n<meta name=\"description\" content=\"Kolayla\u015ft\u0131r\u0131lm\u0131\u015f bilgisayar destekli tasar\u0131m yaz\u0131l\u0131m\u0131 i\u00e7in \u00fcst\u00fcn AutoCAD alternatifi ALCAD&#039;i ke\u015ffedin. Bug\u00fcn \u00fcretkenli\u011finizi ve yarat\u0131c\u0131l\u0131\u011f\u0131n\u0131z\u0131 art\u0131r\u0131n.\" \/>\n<meta name=\"robots\" content=\"index, follow, max-snippet:-1, max-image-preview:large, max-video-preview:-1\" \/>\n<link rel=\"canonical\" href=\"https:\/\/alcads.com\/tr\/\" \/>\n<meta property=\"og:locale\" content=\"tr_TR\" \/>\n<meta property=\"og:type\" content=\"article\" \/>\n<meta property=\"og:title\" content=\"AutoCAD Alternatifi | Bilgisayar Destekli Tasar\u0131m Yaz\u0131l\u0131m\u0131 | ALCAD\" \/>\n<meta property=\"og:description\" content=\"Kolayla\u015ft\u0131r\u0131lm\u0131\u015f bilgisayar destekli tasar\u0131m yaz\u0131l\u0131m\u0131 i\u00e7in \u00fcst\u00fcn AutoCAD alternatifi ALCAD&#039;i ke\u015ffedin. Bug\u00fcn \u00fcretkenli\u011finizi ve yarat\u0131c\u0131l\u0131\u011f\u0131n\u0131z\u0131 art\u0131r\u0131n.\" \/>\n<meta property=\"og:url\" content=\"https:\/\/alcads.com\/tr\/\" \/>\n<meta property=\"og:site_name\" content=\"Alcads\" \/>\n<meta property=\"article:modified_time\" content=\"2025-12-03T10:40:28+00:00\" \/>\n<meta name=\"twitter:card\" content=\"summary_large_image\" \/>\n<script type=\"application\/ld+json\" class=\"yoast-schema-graph\">{\"@context\":\"https:\\\/\\\/schema.org\",\"@graph\":[{\"@type\":\"WebPage\",\"@id\":\"https:\\\/\\\/alcads.com\\\/tr\\\/\",\"url\":\"https:\\\/\\\/alcads.com\\\/tr\\\/\",\"name\":\"AutoCAD Alternatifi | Bilgisayar Destekli Tasar\u0131m Yaz\u0131l\u0131m\u0131 | ALCAD\",\"isPartOf\":{\"@id\":\"https:\\\/\\\/alcads.com\\\/tr\\\/#website\"},\"datePublished\":\"2024-04-24T11:13:23+00:00\",\"dateModified\":\"2025-12-03T10:40:28+00:00\",\"description\":\"Kolayla\u015ft\u0131r\u0131lm\u0131\u015f bilgisayar destekli tasar\u0131m yaz\u0131l\u0131m\u0131 i\u00e7in \u00fcst\u00fcn AutoCAD alternatifi ALCAD'i ke\u015ffedin. Bug\u00fcn \u00fcretkenli\u011finizi ve yarat\u0131c\u0131l\u0131\u011f\u0131n\u0131z\u0131 art\u0131r\u0131n.\",\"breadcrumb\":{\"@id\":\"https:\\\/\\\/alcads.com\\\/tr\\\/#breadcrumb\"},\"inLanguage\":\"tr\",\"potentialAction\":[{\"@type\":\"ReadAction\",\"target\":[\"https:\\\/\\\/alcads.com\\\/tr\\\/\"]}]},{\"@type\":\"BreadcrumbList\",\"@id\":\"https:\\\/\\\/alcads.com\\\/tr\\\/#breadcrumb\",\"itemListElement\":[{\"@type\":\"ListItem\",\"position\":1,\"name\":\"Home\",\"item\":\"https:\\\/\\\/alcads.com\\\/tr\\\/\"},{\"@type\":\"ListItem\",\"position\":2,\"name\":\"Ev\"}]},{\"@type\":\"WebSite\",\"@id\":\"https:\\\/\\\/alcads.com\\\/tr\\\/#website\",\"url\":\"https:\\\/\\\/alcads.com\\\/tr\\\/\",\"name\":\"Alcads\",\"description\":\"The Best AutoCAD Alternative\",\"publisher\":{\"@id\":\"https:\\\/\\\/alcads.com\\\/tr\\\/#organization\"},\"potentialAction\":[{\"@type\":\"SearchAction\",\"target\":{\"@type\":\"EntryPoint\",\"urlTemplate\":\"https:\\\/\\\/alcads.com\\\/tr\\\/?s={search_term_string}\"},\"query-input\":{\"@type\":\"PropertyValueSpecification\",\"valueRequired\":true,\"valueName\":\"search_term_string\"}}],\"inLanguage\":\"tr\"},{\"@type\":\"Organization\",\"@id\":\"https:\\\/\\\/alcads.com\\\/tr\\\/#organization\",\"name\":\"Alcads\",\"url\":\"https:\\\/\\\/alcads.com\\\/tr\\\/\",\"logo\":{\"@type\":\"ImageObject\",\"inLanguage\":\"tr\",\"@id\":\"https:\\\/\\\/alcads.com\\\/tr\\\/#\\\/schema\\\/logo\\\/image\\\/\",\"url\":\"https:\\\/\\\/alcads.com\\\/wp-content\\\/uploads\\\/2024\\\/05\\\/logo.png\",\"contentUrl\":\"https:\\\/\\\/alcads.com\\\/wp-content\\\/uploads\\\/2024\\\/05\\\/logo.png\",\"width\":122,\"height\":42,\"caption\":\"Alcads\"},\"image\":{\"@id\":\"https:\\\/\\\/alcads.com\\\/tr\\\/#\\\/schema\\\/logo\\\/image\\\/\"}}]}<\/script>\n<!-- \/ Yoast SEO plugin. -->","yoast_head_json":{"title":"AutoCAD Alternatifi | Bilgisayar Destekli Tasar\u0131m Yaz\u0131l\u0131m\u0131 | ALCAD","description":"Kolayla\u015ft\u0131r\u0131lm\u0131\u015f bilgisayar destekli tasar\u0131m yaz\u0131l\u0131m\u0131 i\u00e7in \u00fcst\u00fcn AutoCAD alternatifi ALCAD'i ke\u015ffedin. Bug\u00fcn \u00fcretkenli\u011finizi ve yarat\u0131c\u0131l\u0131\u011f\u0131n\u0131z\u0131 art\u0131r\u0131n.","robots":{"index":"index","follow":"follow","max-snippet":"max-snippet:-1","max-image-preview":"max-image-preview:large","max-video-preview":"max-video-preview:-1"},"canonical":"https:\/\/alcads.com\/tr\/","og_locale":"tr_TR","og_type":"article","og_title":"AutoCAD Alternatifi | Bilgisayar Destekli Tasar\u0131m Yaz\u0131l\u0131m\u0131 | ALCAD","og_description":"Kolayla\u015ft\u0131r\u0131lm\u0131\u015f bilgisayar destekli tasar\u0131m yaz\u0131l\u0131m\u0131 i\u00e7in \u00fcst\u00fcn AutoCAD alternatifi ALCAD'i ke\u015ffedin. Bug\u00fcn \u00fcretkenli\u011finizi ve yarat\u0131c\u0131l\u0131\u011f\u0131n\u0131z\u0131 art\u0131r\u0131n.","og_url":"https:\/\/alcads.com\/tr\/","og_site_name":"Alcads","article_modified_time":"2025-12-03T10:40:28+00:00","twitter_card":"summary_large_image","schema":{"@context":"https:\/\/schema.org","@graph":[{"@type":"WebPage","@id":"https:\/\/alcads.com\/tr\/","url":"https:\/\/alcads.com\/tr\/","name":"AutoCAD Alternatifi | Bilgisayar Destekli Tasar\u0131m Yaz\u0131l\u0131m\u0131 | ALCAD","isPartOf":{"@id":"https:\/\/alcads.com\/tr\/#website"},"datePublished":"2024-04-24T11:13:23+00:00","dateModified":"2025-12-03T10:40:28+00:00","description":"Kolayla\u015ft\u0131r\u0131lm\u0131\u015f bilgisayar destekli tasar\u0131m yaz\u0131l\u0131m\u0131 i\u00e7in \u00fcst\u00fcn AutoCAD alternatifi ALCAD'i ke\u015ffedin. Bug\u00fcn \u00fcretkenli\u011finizi ve yarat\u0131c\u0131l\u0131\u011f\u0131n\u0131z\u0131 art\u0131r\u0131n.","breadcrumb":{"@id":"https:\/\/alcads.com\/tr\/#breadcrumb"},"inLanguage":"tr","potentialAction":[{"@type":"ReadAction","target":["https:\/\/alcads.com\/tr\/"]}]},{"@type":"BreadcrumbList","@id":"https:\/\/alcads.com\/tr\/#breadcrumb","itemListElement":[{"@type":"ListItem","position":1,"name":"Home","item":"https:\/\/alcads.com\/tr\/"},{"@type":"ListItem","position":2,"name":"Ev"}]},{"@type":"WebSite","@id":"https:\/\/alcads.com\/tr\/#website","url":"https:\/\/alcads.com\/tr\/","name":"Alcads","description":"The Best AutoCAD Alternative","publisher":{"@id":"https:\/\/alcads.com\/tr\/#organization"},"potentialAction":[{"@type":"SearchAction","target":{"@type":"EntryPoint","urlTemplate":"https:\/\/alcads.com\/tr\/?s={search_term_string}"},"query-input":{"@type":"PropertyValueSpecification","valueRequired":true,"valueName":"search_term_string"}}],"inLanguage":"tr"},{"@type":"Organization","@id":"https:\/\/alcads.com\/tr\/#organization","name":"Alcads","url":"https:\/\/alcads.com\/tr\/","logo":{"@type":"ImageObject","inLanguage":"tr","@id":"https:\/\/alcads.com\/tr\/#\/schema\/logo\/image\/","url":"https:\/\/alcads.com\/wp-content\/uploads\/2024\/05\/logo.png","contentUrl":"https:\/\/alcads.com\/wp-content\/uploads\/2024\/05\/logo.png","width":122,"height":42,"caption":"Alcads"},"image":{"@id":"https:\/\/alcads.com\/tr\/#\/schema\/logo\/image\/"}}]}},"jetpack_sharing_enabled":true,"_links":{"self":[{"href":"https:\/\/alcads.com\/tr\/wp-json\/wp\/v2\/pages\/97273","targetHints":{"allow":["GET"]}}],"collection":[{"href":"https:\/\/alcads.com\/tr\/wp-json\/wp\/v2\/pages"}],"about":[{"href":"https:\/\/alcads.com\/tr\/wp-json\/wp\/v2\/types\/page"}],"author":[{"embeddable":true,"href":"https:\/\/alcads.com\/tr\/wp-json\/wp\/v2\/users\/1"}],"replies":[{"embeddable":true,"href":"https:\/\/alcads.com\/tr\/wp-json\/wp\/v2\/comments?post=97273"}],"version-history":[{"count":14,"href":"https:\/\/alcads.com\/tr\/wp-json\/wp\/v2\/pages\/97273\/revisions"}],"predecessor-version":[{"id":116795,"href":"https:\/\/alcads.com\/tr\/wp-json\/wp\/v2\/pages\/97273\/revisions\/116795"}],"wp:attachment":[{"href":"https:\/\/alcads.com\/tr\/wp-json\/wp\/v2\/media?parent=97273"}],"curies":[{"name":"wp","href":"https:\/\/api.w.org\/{rel}","templated":true}]}}