{"id":116156,"date":"2025-12-01T10:08:01","date_gmt":"2025-12-01T10:08:01","guid":{"rendered":"https:\/\/alcads.com\/?post_type=product&#038;p=116156"},"modified":"2025-12-03T11:12:45","modified_gmt":"2025-12-03T11:12:45","slug":"alcad-standard","status":"publish","type":"product","link":"https:\/\/alcads.com\/sv\/product\/alcad-standard\/","title":{"rendered":"ALCAD Standard 2026"},"content":{"rendered":"<p>ALCAD 2D\/3D \u00e4r det b\u00e4sta AutoCAD-alternativet. Samma gr\u00e4nssnitt och funktioner som AutoCAD.<\/p>\n<p>Denna produkt inneh\u00e5ller endast CAD.<\/p>\n<p>J\u00e4mf\u00f6r-tabell ALCAD med AutoCAD h\u00e4r:<\/p>\n<p><a href=\"https:\/\/alcads.com\/sv\/jamfor-alcad\/\" target=\"_blank\" rel=\"noopener\">J\u00e4mf\u00f6r ALCAD | ALCAD (alcads.com)<\/a><\/p>\n<p><strong>ALCAD &#8211; det fullt kompatibla DWG-CAD<br \/>\nCAD-gr\u00e4nssnittet och fungerar p\u00e5 samma s\u00e4tt som AutoCAD.<\/strong><\/p>\n<p>ALCAD Standard 2026 \u00e4r tillg\u00e4nglig som \u00e5rlig licens 229 \u20ac eller eng\u00e5ngs permanent licens f\u00f6r 369 \u20ac.<\/p>\n<ul>\n<li>St\u00f6d f\u00f6r DWG 2026<\/li>\n<li>Geolokalisering MAP-Import<\/li>\n<li>PDF till DWG-import<\/li>\n<li>LAYER-Manager<\/li>\n<li>XREF-f\u00f6rvaltare<\/li>\n<li>Fullst\u00e4ndiga 2D-verktyg och enkla 3D-modelleringsfunktioner<\/li>\n<li>St\u00f6d f\u00f6r rasterbilder<\/li>\n<li>Ny dynamisk ing\u00e5ng<\/li>\n<li>Geografisk karta Plats och bild<\/li>\n<li>L\u00e4gg till digitala signaturer<\/li>\n<li>Skissl\u00e4gen och urvalsgrepp<\/li>\n<li>2D- och 3D-PDF-export<\/li>\n<li>LISP, IRX\/DRX, SDS<\/li>\n<li>Nya visuella stilar och material<\/li>\n<li>Microsoft VBA 7.1 &amp; .NET API<\/li>\n<li>etransmissionsst\u00f6d<\/li>\n<li>Textexplosion och gradientkl\u00e4ckning<\/li>\n<li>64-bitars arkitektur<\/li>\n<li>St\u00f6d f\u00f6r flera k\u00e4rnor<\/li>\n<li>St\u00f6d f\u00f6r flera spr\u00e5k<\/li>\n<li>Flexibel licens\u00f6verf\u00f6ring med sj\u00e4lvbetj\u00e4ning. Inga begr\u00e4nsningar f\u00f6r \u00f6verf\u00f6ringar.<\/li>\n<li>(*) F\u00f6r 2D\/3D MEP v\u00e4lj ALCAD Professional 2D\/3D med alla MEP Plugins<\/li>\n<\/ul>\n","protected":false},"excerpt":{"rendered":"<p>ALCAD 2D\/3D \u00e4r det b\u00e4sta AutoCAD-alternativet. Samma gr\u00e4nssnitt och funktioner som AutoCAD. Denna produkt inneh\u00e5ller endast CAD. J\u00e4mf\u00f6r-tabell ALCAD med AutoCAD h\u00e4r: J\u00e4mf\u00f6r ALCAD | ALCAD (alcads.com) ALCAD &#8211; det fullt kompatibla DWG-CAD CAD-gr\u00e4nssnittet och fungerar p\u00e5 samma s\u00e4tt som AutoCAD. ALCAD Standard 2026 \u00e4r tillg\u00e4nglig som \u00e5rlig licens 229 \u20ac eller eng\u00e5ngs permanent licens [&hellip;]<\/p>\n","protected":false},"featured_media":116463,"comment_status":"closed","ping_status":"closed","template":"","meta":{"_acf_changed":false},"product_brand":[],"product_cat":[549],"product_tag":[],"class_list":{"0":"post-116156","1":"product","2":"type-product","3":"status-publish","4":"has-post-thumbnail","6":"product_cat-alcad-paket","8":"first","9":"instock","10":"purchasable","11":"product-type-variable","12":"has-default-attributes"},"acf":[],"yoast_head":"<!-- This site is optimized with the Yoast SEO plugin v27.3 - https:\/\/yoast.com\/product\/yoast-seo-wordpress\/ -->\n<title>ALCAD Standard 2026 - Alcads<\/title>\n<meta name=\"description\" content=\"Skaffa ALCAD Professional, det kostnadseffektiva AutoCAD-alternativet. Njut av DWG-st\u00f6d, BIM-bilaga, 2D\/3D-verktyg och mer. V\u00e4lj \u00e5rliga (\u20ac 199) eller permanenta (\u20ac 349) licenser. K\u00f6p ALCAD Professional nu!\" \/>\n<meta name=\"robots\" content=\"index, follow, max-snippet:-1, max-image-preview:large, max-video-preview:-1\" \/>\n<link rel=\"canonical\" href=\"https:\/\/alcads.com\/sv\/product\/alcad-standard\/\" \/>\n<meta property=\"og:locale\" content=\"sv_SE\" \/>\n<meta property=\"og:type\" content=\"article\" \/>\n<meta property=\"og:title\" content=\"ALCAD Standard 2026 - Alcads\" \/>\n<meta property=\"og:description\" content=\"Skaffa ALCAD Professional, det kostnadseffektiva AutoCAD-alternativet. Njut av DWG-st\u00f6d, BIM-bilaga, 2D\/3D-verktyg och mer. V\u00e4lj \u00e5rliga (\u20ac 199) eller permanenta (\u20ac 349) licenser. K\u00f6p ALCAD Professional nu!\" \/>\n<meta property=\"og:url\" content=\"https:\/\/alcads.com\/sv\/product\/alcad-standard\/\" \/>\n<meta property=\"og:site_name\" content=\"Alcads\" \/>\n<meta property=\"article:modified_time\" content=\"2025-12-03T11:12:45+00:00\" \/>\n<meta property=\"og:image\" content=\"https:\/\/alcads.com\/wp-content\/uploads\/Box_Standard-1-1024x1024.png\" \/>\n\t<meta property=\"og:image:width\" content=\"1024\" \/>\n\t<meta property=\"og:image:height\" content=\"1024\" \/>\n\t<meta property=\"og:image:type\" content=\"image\/png\" \/>\n<meta name=\"twitter:card\" content=\"summary_large_image\" \/>\n<meta name=\"twitter:label1\" content=\"Ber\u00e4knad l\u00e4stid\" \/>\n\t<meta name=\"twitter:data1\" content=\"1 minut\" \/>\n<script type=\"application\/ld+json\" class=\"yoast-schema-graph\">{\"@context\":\"https:\\\/\\\/schema.org\",\"@graph\":[{\"@type\":\"WebPage\",\"@id\":\"https:\\\/\\\/alcads.com\\\/sv\\\/product\\\/alcad-standard\\\/\",\"url\":\"https:\\\/\\\/alcads.com\\\/sv\\\/product\\\/alcad-standard\\\/\",\"name\":\"ALCAD Standard 2026 - Alcads\",\"isPartOf\":{\"@id\":\"https:\\\/\\\/alcads.com\\\/sv\\\/#website\"},\"primaryImageOfPage\":{\"@id\":\"https:\\\/\\\/alcads.com\\\/sv\\\/product\\\/alcad-standard\\\/#primaryimage\"},\"image\":{\"@id\":\"https:\\\/\\\/alcads.com\\\/sv\\\/product\\\/alcad-standard\\\/#primaryimage\"},\"thumbnailUrl\":\"https:\\\/\\\/alcads.com\\\/wp-content\\\/uploads\\\/Box_Standard-1.png\",\"datePublished\":\"2025-12-01T10:08:01+00:00\",\"dateModified\":\"2025-12-03T11:12:45+00:00\",\"description\":\"Skaffa ALCAD Professional, det kostnadseffektiva AutoCAD-alternativet. Njut av DWG-st\u00f6d, BIM-bilaga, 2D\\\/3D-verktyg och mer. V\u00e4lj \u00e5rliga (\u20ac 199) eller permanenta (\u20ac 349) licenser. K\u00f6p ALCAD Professional nu!\",\"breadcrumb\":{\"@id\":\"https:\\\/\\\/alcads.com\\\/sv\\\/product\\\/alcad-standard\\\/#breadcrumb\"},\"inLanguage\":\"sv-SE\",\"potentialAction\":[{\"@type\":\"ReadAction\",\"target\":[\"https:\\\/\\\/alcads.com\\\/sv\\\/product\\\/alcad-standard\\\/\"]}]},{\"@type\":\"ImageObject\",\"inLanguage\":\"sv-SE\",\"@id\":\"https:\\\/\\\/alcads.com\\\/sv\\\/product\\\/alcad-standard\\\/#primaryimage\",\"url\":\"https:\\\/\\\/alcads.com\\\/wp-content\\\/uploads\\\/Box_Standard-1.png\",\"contentUrl\":\"https:\\\/\\\/alcads.com\\\/wp-content\\\/uploads\\\/Box_Standard-1.png\",\"width\":2048,\"height\":2048},{\"@type\":\"BreadcrumbList\",\"@id\":\"https:\\\/\\\/alcads.com\\\/sv\\\/product\\\/alcad-standard\\\/#breadcrumb\",\"itemListElement\":[{\"@type\":\"ListItem\",\"position\":1,\"name\":\"Home\",\"item\":\"https:\\\/\\\/alcads.com\\\/sv\\\/\"},{\"@type\":\"ListItem\",\"position\":2,\"name\":\"Butik\",\"item\":\"https:\\\/\\\/alcads.com\\\/sv\\\/butik\\\/\"},{\"@type\":\"ListItem\",\"position\":3,\"name\":\"ALCAD Standard 2026\"}]},{\"@type\":\"WebSite\",\"@id\":\"https:\\\/\\\/alcads.com\\\/sv\\\/#website\",\"url\":\"https:\\\/\\\/alcads.com\\\/sv\\\/\",\"name\":\"Alcads\",\"description\":\"The Best AutoCAD Alternative\",\"publisher\":{\"@id\":\"https:\\\/\\\/alcads.com\\\/sv\\\/#organization\"},\"potentialAction\":[{\"@type\":\"SearchAction\",\"target\":{\"@type\":\"EntryPoint\",\"urlTemplate\":\"https:\\\/\\\/alcads.com\\\/sv\\\/?s={search_term_string}\"},\"query-input\":{\"@type\":\"PropertyValueSpecification\",\"valueRequired\":true,\"valueName\":\"search_term_string\"}}],\"inLanguage\":\"sv-SE\"},{\"@type\":\"Organization\",\"@id\":\"https:\\\/\\\/alcads.com\\\/sv\\\/#organization\",\"name\":\"Alcads\",\"url\":\"https:\\\/\\\/alcads.com\\\/sv\\\/\",\"logo\":{\"@type\":\"ImageObject\",\"inLanguage\":\"sv-SE\",\"@id\":\"https:\\\/\\\/alcads.com\\\/sv\\\/#\\\/schema\\\/logo\\\/image\\\/\",\"url\":\"https:\\\/\\\/alcads.com\\\/wp-content\\\/uploads\\\/2024\\\/05\\\/logo.png\",\"contentUrl\":\"https:\\\/\\\/alcads.com\\\/wp-content\\\/uploads\\\/2024\\\/05\\\/logo.png\",\"width\":122,\"height\":42,\"caption\":\"Alcads\"},\"image\":{\"@id\":\"https:\\\/\\\/alcads.com\\\/sv\\\/#\\\/schema\\\/logo\\\/image\\\/\"}}]}<\/script>\n<!-- \/ Yoast SEO plugin. -->","yoast_head_json":{"title":"ALCAD Standard 2026 - Alcads","description":"Skaffa ALCAD Professional, det kostnadseffektiva AutoCAD-alternativet. Njut av DWG-st\u00f6d, BIM-bilaga, 2D\/3D-verktyg och mer. V\u00e4lj \u00e5rliga (\u20ac 199) eller permanenta (\u20ac 349) licenser. K\u00f6p ALCAD Professional nu!","robots":{"index":"index","follow":"follow","max-snippet":"max-snippet:-1","max-image-preview":"max-image-preview:large","max-video-preview":"max-video-preview:-1"},"canonical":"https:\/\/alcads.com\/sv\/product\/alcad-standard\/","og_locale":"sv_SE","og_type":"article","og_title":"ALCAD Standard 2026 - Alcads","og_description":"Skaffa ALCAD Professional, det kostnadseffektiva AutoCAD-alternativet. Njut av DWG-st\u00f6d, BIM-bilaga, 2D\/3D-verktyg och mer. V\u00e4lj \u00e5rliga (\u20ac 199) eller permanenta (\u20ac 349) licenser. K\u00f6p ALCAD Professional nu!","og_url":"https:\/\/alcads.com\/sv\/product\/alcad-standard\/","og_site_name":"Alcads","article_modified_time":"2025-12-03T11:12:45+00:00","og_image":[{"width":1024,"height":1024,"url":"https:\/\/alcads.com\/wp-content\/uploads\/Box_Standard-1-1024x1024.png","type":"image\/png"}],"twitter_card":"summary_large_image","twitter_misc":{"Ber\u00e4knad l\u00e4stid":"1 minut"},"schema":{"@context":"https:\/\/schema.org","@graph":[{"@type":"WebPage","@id":"https:\/\/alcads.com\/sv\/product\/alcad-standard\/","url":"https:\/\/alcads.com\/sv\/product\/alcad-standard\/","name":"ALCAD Standard 2026 - Alcads","isPartOf":{"@id":"https:\/\/alcads.com\/sv\/#website"},"primaryImageOfPage":{"@id":"https:\/\/alcads.com\/sv\/product\/alcad-standard\/#primaryimage"},"image":{"@id":"https:\/\/alcads.com\/sv\/product\/alcad-standard\/#primaryimage"},"thumbnailUrl":"https:\/\/alcads.com\/wp-content\/uploads\/Box_Standard-1.png","datePublished":"2025-12-01T10:08:01+00:00","dateModified":"2025-12-03T11:12:45+00:00","description":"Skaffa ALCAD Professional, det kostnadseffektiva AutoCAD-alternativet. Njut av DWG-st\u00f6d, BIM-bilaga, 2D\/3D-verktyg och mer. V\u00e4lj \u00e5rliga (\u20ac 199) eller permanenta (\u20ac 349) licenser. K\u00f6p ALCAD Professional nu!","breadcrumb":{"@id":"https:\/\/alcads.com\/sv\/product\/alcad-standard\/#breadcrumb"},"inLanguage":"sv-SE","potentialAction":[{"@type":"ReadAction","target":["https:\/\/alcads.com\/sv\/product\/alcad-standard\/"]}]},{"@type":"ImageObject","inLanguage":"sv-SE","@id":"https:\/\/alcads.com\/sv\/product\/alcad-standard\/#primaryimage","url":"https:\/\/alcads.com\/wp-content\/uploads\/Box_Standard-1.png","contentUrl":"https:\/\/alcads.com\/wp-content\/uploads\/Box_Standard-1.png","width":2048,"height":2048},{"@type":"BreadcrumbList","@id":"https:\/\/alcads.com\/sv\/product\/alcad-standard\/#breadcrumb","itemListElement":[{"@type":"ListItem","position":1,"name":"Home","item":"https:\/\/alcads.com\/sv\/"},{"@type":"ListItem","position":2,"name":"Butik","item":"https:\/\/alcads.com\/sv\/butik\/"},{"@type":"ListItem","position":3,"name":"ALCAD Standard 2026"}]},{"@type":"WebSite","@id":"https:\/\/alcads.com\/sv\/#website","url":"https:\/\/alcads.com\/sv\/","name":"Alcads","description":"The Best AutoCAD Alternative","publisher":{"@id":"https:\/\/alcads.com\/sv\/#organization"},"potentialAction":[{"@type":"SearchAction","target":{"@type":"EntryPoint","urlTemplate":"https:\/\/alcads.com\/sv\/?s={search_term_string}"},"query-input":{"@type":"PropertyValueSpecification","valueRequired":true,"valueName":"search_term_string"}}],"inLanguage":"sv-SE"},{"@type":"Organization","@id":"https:\/\/alcads.com\/sv\/#organization","name":"Alcads","url":"https:\/\/alcads.com\/sv\/","logo":{"@type":"ImageObject","inLanguage":"sv-SE","@id":"https:\/\/alcads.com\/sv\/#\/schema\/logo\/image\/","url":"https:\/\/alcads.com\/wp-content\/uploads\/2024\/05\/logo.png","contentUrl":"https:\/\/alcads.com\/wp-content\/uploads\/2024\/05\/logo.png","width":122,"height":42,"caption":"Alcads"},"image":{"@id":"https:\/\/alcads.com\/sv\/#\/schema\/logo\/image\/"}}]}},"jetpack_sharing_enabled":true,"_links":{"self":[{"href":"https:\/\/alcads.com\/sv\/wp-json\/wp\/v2\/product\/116156","targetHints":{"allow":["GET"]}}],"collection":[{"href":"https:\/\/alcads.com\/sv\/wp-json\/wp\/v2\/product"}],"about":[{"href":"https:\/\/alcads.com\/sv\/wp-json\/wp\/v2\/types\/product"}],"replies":[{"embeddable":true,"href":"https:\/\/alcads.com\/sv\/wp-json\/wp\/v2\/comments?post=116156"}],"wp:featuredmedia":[{"embeddable":true,"href":"https:\/\/alcads.com\/sv\/wp-json\/wp\/v2\/media\/116463"}],"wp:attachment":[{"href":"https:\/\/alcads.com\/sv\/wp-json\/wp\/v2\/media?parent=116156"}],"wp:term":[{"taxonomy":"product_brand","embeddable":true,"href":"https:\/\/alcads.com\/sv\/wp-json\/wp\/v2\/product_brand?post=116156"},{"taxonomy":"product_cat","embeddable":true,"href":"https:\/\/alcads.com\/sv\/wp-json\/wp\/v2\/product_cat?post=116156"},{"taxonomy":"product_tag","embeddable":true,"href":"https:\/\/alcads.com\/sv\/wp-json\/wp\/v2\/product_tag?post=116156"}],"curies":[{"name":"wp","href":"https:\/\/api.w.org\/{rel}","templated":true}]}}