{"id":105355,"date":"2024-04-25T10:45:56","date_gmt":"2024-04-25T10:45:56","guid":{"rendered":"https:\/\/dev.alcads.com\/product\/upgrade-alcad-professional\/"},"modified":"2025-12-02T11:22:50","modified_gmt":"2025-12-02T11:22:50","slug":"uppgradera-alcad-2024-professional-2d-3d-cad","status":"publish","type":"product","link":"https:\/\/alcads.com\/sv\/product\/uppgradera-alcad-2024-professional-2d-3d-cad\/","title":{"rendered":"Uppgradering \u2013 ALCAD Professional 2026 CAD"},"content":{"rendered":"<p>Uppgradera till Uppgradering \u2013 ALCAD Professional 2026 CAD. Permanent licens. En uppgradering \u00e4r endast m\u00f6jlig om du \u00e4ger en gammal licens som ALCAD 2021, ALCAD 2022, ALCAD 2023 eller ALCAD 2024. Denna uppgradering \u00e4r INTE giltig f\u00f6r MEP\/HVAC-l\u00f6sningen. Efter k\u00f6pet kommer den befintliga gamla licensen att frysas och du kommer att f\u00e5 en ny licens.<br \/>\nALCAD \u00e4r det b\u00e4sta AutoCAD-alternativet. Samma gr\u00e4nssnitt och funktioner som AutoCAD.<\/p>\n<p>Denna produkt inneh\u00e5ller endast CAD.<br \/>\nJ\u00e4mf\u00f6relsetabell ALCAD med AutoCAD h\u00e4r:<br \/>\n<a href=\"https:\/\/alcads.com\/compare-alcad\/\" target=\"_blank\" rel=\"noopener\">J\u00e4mf\u00f6r ALCAD | ALCAD (alcads.com)<\/a><\/p>\n<p><strong>ALCAD &#8211; det fullt kompatibla DWG-CAD<br \/>\nCAD-gr\u00e4nssnittet och fungerar p\u00e5 samma s\u00e4tt som AutoCAD.<\/strong><\/p>\n<ul>\n<li>.DWG 2026 St\u00f6d<\/li>\n<li>Geolokalisering MAP-Import<\/li>\n<li>PDF till DWG-import<\/li>\n<li>LAYER-Manager<\/li>\n<li>XREF-f\u00f6rvaltare<\/li>\n<li>3D-arkitektur<\/li>\n<li>Fullst\u00e4ndiga 2D- och 3D-verktyg<\/li>\n<li>St\u00f6d f\u00f6r rasterbilder<\/li>\n<li>BIM-bilaga (rvt &amp; rfa)<\/li>\n<li>Ny dynamisk ing\u00e5ng<\/li>\n<li>Geografisk karta Plats och bild<\/li>\n<li>L\u00e4gg till digitala signaturer<\/li>\n<li>Skissl\u00e4gen och urvalsgrepp<\/li>\n<li>2D- och 3D-PDF-export<\/li>\n<li>LISP, IRX\/DRX, SDS<\/li>\n<li>Nya visuella stilar och material<\/li>\n<li>Realistisk \u00e5tergivning<\/li>\n<li>Till\u00e4gg f\u00f6r avancerad rendering<\/li>\n<li>Microsoft VBA 7.1 &amp; .NET API<\/li>\n<li>etransmissionsst\u00f6d<\/li>\n<li>Textexplosion och gradientkl\u00e4ckning<\/li>\n<li>64-bitars arkitektur<\/li>\n<li>St\u00f6d f\u00f6r flera k\u00e4rnor<\/li>\n<li>St\u00f6d f\u00f6r flera spr\u00e5k<\/li>\n<li>Flexibel licens\u00f6verf\u00f6ring med sj\u00e4lvbetj\u00e4ning. Inga begr\u00e4nsningar f\u00f6r \u00f6verf\u00f6ringar.<\/li>\n<li>(*) F\u00f6r 2D\/3D MEP v\u00e4lj ALCAD Professional 2D\/3D med alla MEP Plugins<\/li>\n<\/ul>\n","protected":false},"excerpt":{"rendered":"<p>Uppgradera till Uppgradering \u2013 ALCAD Professional 2026 CAD. Permanent licens. En uppgradering \u00e4r endast m\u00f6jlig om du \u00e4ger en gammal licens som ALCAD 2021, ALCAD 2022, ALCAD 2023 eller ALCAD 2024. Denna uppgradering \u00e4r INTE giltig f\u00f6r MEP\/HVAC-l\u00f6sningen. Efter k\u00f6pet kommer den befintliga gamla licensen att frysas och du kommer att f\u00e5 en ny licens. [&hellip;]<\/p>\n","protected":false},"featured_media":96662,"comment_status":"closed","ping_status":"closed","template":"","meta":{"_acf_changed":false},"product_brand":[],"product_cat":[549],"product_tag":[],"class_list":{"0":"post-105355","1":"product","2":"type-product","3":"status-publish","4":"has-post-thumbnail","6":"product_cat-alcad-paket","8":"first","9":"instock","10":"taxable","11":"shipping-taxable","12":"purchasable","13":"product-type-simple"},"acf":[],"yoast_head":"<!-- This site is optimized with the Yoast SEO plugin v27.3 - https:\/\/yoast.com\/product\/yoast-seo-wordpress\/ -->\n<title>Uppgradering \u2013 ALCAD Professional 2026 CAD - Alcads<\/title>\n<meta name=\"description\" content=\"F\u00e5 ALCAD 2024 Professional uppgradering f\u00f6r \u20ac 229. Dra nytta av avancerade 2D\/3D CAD-funktioner, DWG 2024-st\u00f6d och s\u00f6ml\u00f6s AutoCAD-kompatibilitet. K\u00f6pa nu!\" \/>\n<meta name=\"robots\" content=\"index, follow, max-snippet:-1, max-image-preview:large, max-video-preview:-1\" \/>\n<link rel=\"canonical\" href=\"https:\/\/alcads.com\/sv\/product\/uppgradera-alcad-2024-professional-2d-3d-cad\/\" \/>\n<meta property=\"og:locale\" content=\"sv_SE\" \/>\n<meta property=\"og:type\" content=\"article\" \/>\n<meta property=\"og:title\" content=\"Uppgradering \u2013 ALCAD Professional 2026 CAD - Alcads\" \/>\n<meta property=\"og:description\" content=\"F\u00e5 ALCAD 2024 Professional uppgradering f\u00f6r \u20ac 229. Dra nytta av avancerade 2D\/3D CAD-funktioner, DWG 2024-st\u00f6d och s\u00f6ml\u00f6s AutoCAD-kompatibilitet. K\u00f6pa nu!\" \/>\n<meta property=\"og:url\" content=\"https:\/\/alcads.com\/sv\/product\/uppgradera-alcad-2024-professional-2d-3d-cad\/\" \/>\n<meta property=\"og:site_name\" content=\"Alcads\" \/>\n<meta property=\"article:modified_time\" content=\"2025-12-02T11:22:50+00:00\" \/>\n<meta property=\"og:image\" content=\"https:\/\/alcads.com\/wp-content\/uploads\/2024\/04\/AL_Logo_PNG_1-scaled.jpg\" \/>\n\t<meta property=\"og:image:width\" content=\"2560\" \/>\n\t<meta property=\"og:image:height\" content=\"2560\" \/>\n\t<meta property=\"og:image:type\" content=\"image\/jpeg\" \/>\n<meta name=\"twitter:card\" content=\"summary_large_image\" \/>\n<meta name=\"twitter:label1\" content=\"Ber\u00e4knad l\u00e4stid\" \/>\n\t<meta name=\"twitter:data1\" content=\"2 minuter\" \/>\n<script type=\"application\/ld+json\" class=\"yoast-schema-graph\">{\"@context\":\"https:\\\/\\\/schema.org\",\"@graph\":[{\"@type\":\"WebPage\",\"@id\":\"https:\\\/\\\/alcads.com\\\/sv\\\/product\\\/uppgradera-alcad-2024-professional-2d-3d-cad\\\/\",\"url\":\"https:\\\/\\\/alcads.com\\\/sv\\\/product\\\/uppgradera-alcad-2024-professional-2d-3d-cad\\\/\",\"name\":\"Uppgradering \u2013 ALCAD Professional 2026 CAD - Alcads\",\"isPartOf\":{\"@id\":\"https:\\\/\\\/alcads.com\\\/sv\\\/#website\"},\"primaryImageOfPage\":{\"@id\":\"https:\\\/\\\/alcads.com\\\/sv\\\/product\\\/uppgradera-alcad-2024-professional-2d-3d-cad\\\/#primaryimage\"},\"image\":{\"@id\":\"https:\\\/\\\/alcads.com\\\/sv\\\/product\\\/uppgradera-alcad-2024-professional-2d-3d-cad\\\/#primaryimage\"},\"thumbnailUrl\":\"https:\\\/\\\/alcads.com\\\/wp-content\\\/uploads\\\/2024\\\/04\\\/AL_Logo_PNG_1-scaled.jpg\",\"datePublished\":\"2024-04-25T10:45:56+00:00\",\"dateModified\":\"2025-12-02T11:22:50+00:00\",\"description\":\"F\u00e5 ALCAD 2024 Professional uppgradering f\u00f6r \u20ac 229. Dra nytta av avancerade 2D\\\/3D CAD-funktioner, DWG 2024-st\u00f6d och s\u00f6ml\u00f6s AutoCAD-kompatibilitet. K\u00f6pa nu!\",\"breadcrumb\":{\"@id\":\"https:\\\/\\\/alcads.com\\\/sv\\\/product\\\/uppgradera-alcad-2024-professional-2d-3d-cad\\\/#breadcrumb\"},\"inLanguage\":\"sv-SE\",\"potentialAction\":[{\"@type\":\"ReadAction\",\"target\":[\"https:\\\/\\\/alcads.com\\\/sv\\\/product\\\/uppgradera-alcad-2024-professional-2d-3d-cad\\\/\"]}]},{\"@type\":\"ImageObject\",\"inLanguage\":\"sv-SE\",\"@id\":\"https:\\\/\\\/alcads.com\\\/sv\\\/product\\\/uppgradera-alcad-2024-professional-2d-3d-cad\\\/#primaryimage\",\"url\":\"https:\\\/\\\/alcads.com\\\/wp-content\\\/uploads\\\/2024\\\/04\\\/AL_Logo_PNG_1-scaled.jpg\",\"contentUrl\":\"https:\\\/\\\/alcads.com\\\/wp-content\\\/uploads\\\/2024\\\/04\\\/AL_Logo_PNG_1-scaled.jpg\",\"width\":2560,\"height\":2560,\"caption\":\"alcads logotyp\"},{\"@type\":\"BreadcrumbList\",\"@id\":\"https:\\\/\\\/alcads.com\\\/sv\\\/product\\\/uppgradera-alcad-2024-professional-2d-3d-cad\\\/#breadcrumb\",\"itemListElement\":[{\"@type\":\"ListItem\",\"position\":1,\"name\":\"Home\",\"item\":\"https:\\\/\\\/alcads.com\\\/sv\\\/\"},{\"@type\":\"ListItem\",\"position\":2,\"name\":\"Butik\",\"item\":\"https:\\\/\\\/alcads.com\\\/sv\\\/butik\\\/\"},{\"@type\":\"ListItem\",\"position\":3,\"name\":\"Uppgradering \u2013 ALCAD Professional 2026 CAD\"}]},{\"@type\":\"WebSite\",\"@id\":\"https:\\\/\\\/alcads.com\\\/sv\\\/#website\",\"url\":\"https:\\\/\\\/alcads.com\\\/sv\\\/\",\"name\":\"Alcads\",\"description\":\"The Best AutoCAD Alternative\",\"publisher\":{\"@id\":\"https:\\\/\\\/alcads.com\\\/sv\\\/#organization\"},\"potentialAction\":[{\"@type\":\"SearchAction\",\"target\":{\"@type\":\"EntryPoint\",\"urlTemplate\":\"https:\\\/\\\/alcads.com\\\/sv\\\/?s={search_term_string}\"},\"query-input\":{\"@type\":\"PropertyValueSpecification\",\"valueRequired\":true,\"valueName\":\"search_term_string\"}}],\"inLanguage\":\"sv-SE\"},{\"@type\":\"Organization\",\"@id\":\"https:\\\/\\\/alcads.com\\\/sv\\\/#organization\",\"name\":\"Alcads\",\"url\":\"https:\\\/\\\/alcads.com\\\/sv\\\/\",\"logo\":{\"@type\":\"ImageObject\",\"inLanguage\":\"sv-SE\",\"@id\":\"https:\\\/\\\/alcads.com\\\/sv\\\/#\\\/schema\\\/logo\\\/image\\\/\",\"url\":\"https:\\\/\\\/alcads.com\\\/wp-content\\\/uploads\\\/2024\\\/05\\\/logo.png\",\"contentUrl\":\"https:\\\/\\\/alcads.com\\\/wp-content\\\/uploads\\\/2024\\\/05\\\/logo.png\",\"width\":122,\"height\":42,\"caption\":\"Alcads\"},\"image\":{\"@id\":\"https:\\\/\\\/alcads.com\\\/sv\\\/#\\\/schema\\\/logo\\\/image\\\/\"}}]}<\/script>\n<!-- \/ Yoast SEO plugin. -->","yoast_head_json":{"title":"Uppgradering \u2013 ALCAD Professional 2026 CAD - Alcads","description":"F\u00e5 ALCAD 2024 Professional uppgradering f\u00f6r \u20ac 229. Dra nytta av avancerade 2D\/3D CAD-funktioner, DWG 2024-st\u00f6d och s\u00f6ml\u00f6s AutoCAD-kompatibilitet. K\u00f6pa nu!","robots":{"index":"index","follow":"follow","max-snippet":"max-snippet:-1","max-image-preview":"max-image-preview:large","max-video-preview":"max-video-preview:-1"},"canonical":"https:\/\/alcads.com\/sv\/product\/uppgradera-alcad-2024-professional-2d-3d-cad\/","og_locale":"sv_SE","og_type":"article","og_title":"Uppgradering \u2013 ALCAD Professional 2026 CAD - Alcads","og_description":"F\u00e5 ALCAD 2024 Professional uppgradering f\u00f6r \u20ac 229. Dra nytta av avancerade 2D\/3D CAD-funktioner, DWG 2024-st\u00f6d och s\u00f6ml\u00f6s AutoCAD-kompatibilitet. K\u00f6pa nu!","og_url":"https:\/\/alcads.com\/sv\/product\/uppgradera-alcad-2024-professional-2d-3d-cad\/","og_site_name":"Alcads","article_modified_time":"2025-12-02T11:22:50+00:00","og_image":[{"width":2560,"height":2560,"url":"https:\/\/alcads.com\/wp-content\/uploads\/2024\/04\/AL_Logo_PNG_1-scaled.jpg","type":"image\/jpeg"}],"twitter_card":"summary_large_image","twitter_misc":{"Ber\u00e4knad l\u00e4stid":"2 minuter"},"schema":{"@context":"https:\/\/schema.org","@graph":[{"@type":"WebPage","@id":"https:\/\/alcads.com\/sv\/product\/uppgradera-alcad-2024-professional-2d-3d-cad\/","url":"https:\/\/alcads.com\/sv\/product\/uppgradera-alcad-2024-professional-2d-3d-cad\/","name":"Uppgradering \u2013 ALCAD Professional 2026 CAD - Alcads","isPartOf":{"@id":"https:\/\/alcads.com\/sv\/#website"},"primaryImageOfPage":{"@id":"https:\/\/alcads.com\/sv\/product\/uppgradera-alcad-2024-professional-2d-3d-cad\/#primaryimage"},"image":{"@id":"https:\/\/alcads.com\/sv\/product\/uppgradera-alcad-2024-professional-2d-3d-cad\/#primaryimage"},"thumbnailUrl":"https:\/\/alcads.com\/wp-content\/uploads\/2024\/04\/AL_Logo_PNG_1-scaled.jpg","datePublished":"2024-04-25T10:45:56+00:00","dateModified":"2025-12-02T11:22:50+00:00","description":"F\u00e5 ALCAD 2024 Professional uppgradering f\u00f6r \u20ac 229. Dra nytta av avancerade 2D\/3D CAD-funktioner, DWG 2024-st\u00f6d och s\u00f6ml\u00f6s AutoCAD-kompatibilitet. K\u00f6pa nu!","breadcrumb":{"@id":"https:\/\/alcads.com\/sv\/product\/uppgradera-alcad-2024-professional-2d-3d-cad\/#breadcrumb"},"inLanguage":"sv-SE","potentialAction":[{"@type":"ReadAction","target":["https:\/\/alcads.com\/sv\/product\/uppgradera-alcad-2024-professional-2d-3d-cad\/"]}]},{"@type":"ImageObject","inLanguage":"sv-SE","@id":"https:\/\/alcads.com\/sv\/product\/uppgradera-alcad-2024-professional-2d-3d-cad\/#primaryimage","url":"https:\/\/alcads.com\/wp-content\/uploads\/2024\/04\/AL_Logo_PNG_1-scaled.jpg","contentUrl":"https:\/\/alcads.com\/wp-content\/uploads\/2024\/04\/AL_Logo_PNG_1-scaled.jpg","width":2560,"height":2560,"caption":"alcads logotyp"},{"@type":"BreadcrumbList","@id":"https:\/\/alcads.com\/sv\/product\/uppgradera-alcad-2024-professional-2d-3d-cad\/#breadcrumb","itemListElement":[{"@type":"ListItem","position":1,"name":"Home","item":"https:\/\/alcads.com\/sv\/"},{"@type":"ListItem","position":2,"name":"Butik","item":"https:\/\/alcads.com\/sv\/butik\/"},{"@type":"ListItem","position":3,"name":"Uppgradering \u2013 ALCAD Professional 2026 CAD"}]},{"@type":"WebSite","@id":"https:\/\/alcads.com\/sv\/#website","url":"https:\/\/alcads.com\/sv\/","name":"Alcads","description":"The Best AutoCAD Alternative","publisher":{"@id":"https:\/\/alcads.com\/sv\/#organization"},"potentialAction":[{"@type":"SearchAction","target":{"@type":"EntryPoint","urlTemplate":"https:\/\/alcads.com\/sv\/?s={search_term_string}"},"query-input":{"@type":"PropertyValueSpecification","valueRequired":true,"valueName":"search_term_string"}}],"inLanguage":"sv-SE"},{"@type":"Organization","@id":"https:\/\/alcads.com\/sv\/#organization","name":"Alcads","url":"https:\/\/alcads.com\/sv\/","logo":{"@type":"ImageObject","inLanguage":"sv-SE","@id":"https:\/\/alcads.com\/sv\/#\/schema\/logo\/image\/","url":"https:\/\/alcads.com\/wp-content\/uploads\/2024\/05\/logo.png","contentUrl":"https:\/\/alcads.com\/wp-content\/uploads\/2024\/05\/logo.png","width":122,"height":42,"caption":"Alcads"},"image":{"@id":"https:\/\/alcads.com\/sv\/#\/schema\/logo\/image\/"}}]}},"jetpack_sharing_enabled":true,"_links":{"self":[{"href":"https:\/\/alcads.com\/sv\/wp-json\/wp\/v2\/product\/105355","targetHints":{"allow":["GET"]}}],"collection":[{"href":"https:\/\/alcads.com\/sv\/wp-json\/wp\/v2\/product"}],"about":[{"href":"https:\/\/alcads.com\/sv\/wp-json\/wp\/v2\/types\/product"}],"replies":[{"embeddable":true,"href":"https:\/\/alcads.com\/sv\/wp-json\/wp\/v2\/comments?post=105355"}],"wp:featuredmedia":[{"embeddable":true,"href":"https:\/\/alcads.com\/sv\/wp-json\/wp\/v2\/media\/96662"}],"wp:attachment":[{"href":"https:\/\/alcads.com\/sv\/wp-json\/wp\/v2\/media?parent=105355"}],"wp:term":[{"taxonomy":"product_brand","embeddable":true,"href":"https:\/\/alcads.com\/sv\/wp-json\/wp\/v2\/product_brand?post=105355"},{"taxonomy":"product_cat","embeddable":true,"href":"https:\/\/alcads.com\/sv\/wp-json\/wp\/v2\/product_cat?post=105355"},{"taxonomy":"product_tag","embeddable":true,"href":"https:\/\/alcads.com\/sv\/wp-json\/wp\/v2\/product_tag?post=105355"}],"curies":[{"name":"wp","href":"https:\/\/api.w.org\/{rel}","templated":true}]}}