{"id":105322,"date":"2024-05-01T07:23:12","date_gmt":"2024-05-01T07:23:12","guid":{"rendered":"https:\/\/dev.alcads.com\/product\/alcad-professional-mep-2d-3d\/"},"modified":"2024-12-31T07:09:59","modified_gmt":"2024-12-31T07:09:59","slug":"alcad-professionell-mep-2d-3d","status":"publish","type":"product","link":"https:\/\/alcads.com\/sv\/product\/alcad-professionell-mep-2d-3d\/","title":{"rendered":"ALCAD Professional 2D\/3D med alla 2D &amp; 3D MEP Plugins &#8211; \u00c5rlig licens"},"content":{"rendered":"<p><strong>All information om MEP-plugins finns h\u00e4r:<\/strong> <a href=\"https:\/\/alcads.com\/sv\/mep-plugins\/\">https:\/\/alcads.com\/sv\/mep-plugins\/<\/a> <\/p>\n<p><strong>ALCAD \u2013 den fullt kompatibla DWG-CAD har alla ALCADs MEP Plugins 2D &#038; 3D + 1\u2019000 Symboler ing\u00e5r.<\/strong><br \/>\nALCAD Professional MEP 2D\/3D \u00e4r endast tillg\u00e4nglig som \u00e5rslicens. I priset ing\u00e5r support och uppdateringar.<\/p>\n<ul>\n<li>Alla ALCADs 2D &#038; 3D MEP-plugins<\/li>\n<li>1 000 symboler<\/li>\n<li>Import av PDF till DWG<\/li>\n<li>.dwg 2024 St\u00f6d<\/li>\n<li>Fullst\u00e4ndiga 2D- och 3D-verktyg<\/li>\n<li>2D\/3D-arkitektur<\/li>\n<li>3D ACIS Solider<\/li>\n<li>BIM-import (IFC, RVT)<\/li>\n<li>Skapa sektionslinjer<\/li>\n<li>Ny dynamisk inmatning<\/li>\n<li>L\u00e4gg till digitala signaturer<\/li>\n<li>Skissl\u00e4gen och urvalsgrepp<\/li>\n<li>St\u00f6d f\u00f6r rasterbilder<\/li>\n<li>PDF-export av 2D och 3D<\/li>\n<li>LISP, IRX\/DRX, SDS<\/li>\n<li>Nya visuella stilar och material<\/li>\n<li>Realistisk \u00e5tergivning<\/li>\n<li>Till\u00e4gg f\u00f6r avancerad rendering<\/li>\n<li>st\u00f6d f\u00f6r etransmission<\/li>\n<li>Text exploderar och gradientkl\u00e4ckning<\/li>\n<li>Microsoft VBA 7.1 &#038; .NET API<\/li>\n<li>64-bitars arkitektur<\/li>\n<li>St\u00f6d f\u00f6r flera k\u00e4rnor<\/li>\n<li>St\u00f6d f\u00f6r flera spr\u00e5k<\/li>\n<li>\u2026och mycket mer!<\/li>\n<\/ul>\n","protected":false},"excerpt":{"rendered":"<p>All information om MEP-plugins finns h\u00e4r: https:\/\/alcads.com\/sv\/mep-plugins\/ ALCAD \u2013 den fullt kompatibla DWG-CAD har alla ALCADs MEP Plugins 2D &#038; 3D + 1\u2019000 Symboler ing\u00e5r. ALCAD Professional MEP 2D\/3D \u00e4r endast tillg\u00e4nglig som \u00e5rslicens. I priset ing\u00e5r support och uppdateringar. Alla ALCADs 2D &#038; 3D MEP-plugins 1 000 symboler Import av PDF till DWG .dwg [&hellip;]<\/p>\n","protected":false},"featured_media":108831,"comment_status":"closed","ping_status":"closed","template":"","meta":{"_acf_changed":false},"product_brand":[],"product_cat":[1227],"product_tag":[],"class_list":{"0":"post-105322","1":"product","2":"type-product","3":"status-publish","4":"has-post-thumbnail","6":"product_cat-alcad-mep-sv","8":"first","9":"instock","10":"downloadable","11":"virtual","12":"purchasable","13":"product-type-simple"},"acf":[],"yoast_head":"<!-- This site is optimized with the Yoast SEO plugin v27.3 - https:\/\/yoast.com\/product\/yoast-seo-wordpress\/ -->\n<title>ALCAD Professional 2D\/3D med alla 2D &amp; 3D MEP Plugins - \u00c5rlig licens - Alcads<\/title>\n<meta name=\"description\" content=\"F\u00f6rb\u00e4ttra dina CAD-m\u00f6jligheter med ALCAD Professional 2D\/3D. Inkluderar kompletta MEP-plugins, 1 000+ symboler, BIM-import och avancerade renderingsverktyg. \u00c5rlig licens f\u00f6r \u20ac499. K\u00f6p nu!\" \/>\n<meta name=\"robots\" content=\"index, follow, max-snippet:-1, max-image-preview:large, max-video-preview:-1\" \/>\n<link rel=\"canonical\" href=\"https:\/\/alcads.com\/sv\/product\/alcad-professionell-mep-2d-3d\/\" \/>\n<meta property=\"og:locale\" content=\"sv_SE\" \/>\n<meta property=\"og:type\" content=\"article\" \/>\n<meta property=\"og:title\" content=\"ALCAD Professional 2D\/3D med alla 2D &amp; 3D MEP Plugins - \u00c5rlig licens - Alcads\" \/>\n<meta property=\"og:description\" content=\"F\u00f6rb\u00e4ttra dina CAD-m\u00f6jligheter med ALCAD Professional 2D\/3D. Inkluderar kompletta MEP-plugins, 1 000+ symboler, BIM-import och avancerade renderingsverktyg. \u00c5rlig licens f\u00f6r \u20ac499. K\u00f6p nu!\" \/>\n<meta property=\"og:url\" content=\"https:\/\/alcads.com\/sv\/product\/alcad-professionell-mep-2d-3d\/\" \/>\n<meta property=\"og:site_name\" content=\"Alcads\" \/>\n<meta property=\"article:modified_time\" content=\"2024-12-31T07:09:59+00:00\" \/>\n<meta property=\"og:image\" content=\"https:\/\/alcads.com\/wp-content\/uploads\/2024\/05\/mep-2d-3d-1.png\" \/>\n\t<meta property=\"og:image:width\" content=\"550\" \/>\n\t<meta property=\"og:image:height\" content=\"429\" \/>\n\t<meta property=\"og:image:type\" content=\"image\/png\" \/>\n<meta name=\"twitter:card\" content=\"summary_large_image\" \/>\n<meta name=\"twitter:label1\" content=\"Ber\u00e4knad l\u00e4stid\" \/>\n\t<meta name=\"twitter:data1\" content=\"1 minut\" \/>\n<script type=\"application\/ld+json\" class=\"yoast-schema-graph\">{\"@context\":\"https:\\\/\\\/schema.org\",\"@graph\":[{\"@type\":\"WebPage\",\"@id\":\"https:\\\/\\\/alcads.com\\\/sv\\\/product\\\/alcad-professionell-mep-2d-3d\\\/\",\"url\":\"https:\\\/\\\/alcads.com\\\/sv\\\/product\\\/alcad-professionell-mep-2d-3d\\\/\",\"name\":\"ALCAD Professional 2D\\\/3D med alla 2D &amp; 3D MEP Plugins - \u00c5rlig licens - Alcads\",\"isPartOf\":{\"@id\":\"https:\\\/\\\/alcads.com\\\/sv\\\/#website\"},\"primaryImageOfPage\":{\"@id\":\"https:\\\/\\\/alcads.com\\\/sv\\\/product\\\/alcad-professionell-mep-2d-3d\\\/#primaryimage\"},\"image\":{\"@id\":\"https:\\\/\\\/alcads.com\\\/sv\\\/product\\\/alcad-professionell-mep-2d-3d\\\/#primaryimage\"},\"thumbnailUrl\":\"https:\\\/\\\/alcads.com\\\/wp-content\\\/uploads\\\/2024\\\/05\\\/mep-2d-3d-1.png\",\"datePublished\":\"2024-05-01T07:23:12+00:00\",\"dateModified\":\"2024-12-31T07:09:59+00:00\",\"description\":\"F\u00f6rb\u00e4ttra dina CAD-m\u00f6jligheter med ALCAD Professional 2D\\\/3D. Inkluderar kompletta MEP-plugins, 1 000+ symboler, BIM-import och avancerade renderingsverktyg. \u00c5rlig licens f\u00f6r \u20ac499. K\u00f6p nu!\",\"breadcrumb\":{\"@id\":\"https:\\\/\\\/alcads.com\\\/sv\\\/product\\\/alcad-professionell-mep-2d-3d\\\/#breadcrumb\"},\"inLanguage\":\"sv-SE\",\"potentialAction\":[{\"@type\":\"ReadAction\",\"target\":[\"https:\\\/\\\/alcads.com\\\/sv\\\/product\\\/alcad-professionell-mep-2d-3d\\\/\"]}]},{\"@type\":\"ImageObject\",\"inLanguage\":\"sv-SE\",\"@id\":\"https:\\\/\\\/alcads.com\\\/sv\\\/product\\\/alcad-professionell-mep-2d-3d\\\/#primaryimage\",\"url\":\"https:\\\/\\\/alcads.com\\\/wp-content\\\/uploads\\\/2024\\\/05\\\/mep-2d-3d-1.png\",\"contentUrl\":\"https:\\\/\\\/alcads.com\\\/wp-content\\\/uploads\\\/2024\\\/05\\\/mep-2d-3d-1.png\",\"width\":550,\"height\":429,\"caption\":\"2D & 3D MEP Plugins\"},{\"@type\":\"BreadcrumbList\",\"@id\":\"https:\\\/\\\/alcads.com\\\/sv\\\/product\\\/alcad-professionell-mep-2d-3d\\\/#breadcrumb\",\"itemListElement\":[{\"@type\":\"ListItem\",\"position\":1,\"name\":\"Home\",\"item\":\"https:\\\/\\\/alcads.com\\\/sv\\\/\"},{\"@type\":\"ListItem\",\"position\":2,\"name\":\"Butik\",\"item\":\"https:\\\/\\\/alcads.com\\\/sv\\\/butik\\\/\"},{\"@type\":\"ListItem\",\"position\":3,\"name\":\"ALCAD Professional 2D\\\/3D med alla 2D &amp; 3D MEP Plugins &#8211; \u00c5rlig licens\"}]},{\"@type\":\"WebSite\",\"@id\":\"https:\\\/\\\/alcads.com\\\/sv\\\/#website\",\"url\":\"https:\\\/\\\/alcads.com\\\/sv\\\/\",\"name\":\"Alcads\",\"description\":\"The Best AutoCAD Alternative\",\"publisher\":{\"@id\":\"https:\\\/\\\/alcads.com\\\/sv\\\/#organization\"},\"potentialAction\":[{\"@type\":\"SearchAction\",\"target\":{\"@type\":\"EntryPoint\",\"urlTemplate\":\"https:\\\/\\\/alcads.com\\\/sv\\\/?s={search_term_string}\"},\"query-input\":{\"@type\":\"PropertyValueSpecification\",\"valueRequired\":true,\"valueName\":\"search_term_string\"}}],\"inLanguage\":\"sv-SE\"},{\"@type\":\"Organization\",\"@id\":\"https:\\\/\\\/alcads.com\\\/sv\\\/#organization\",\"name\":\"Alcads\",\"url\":\"https:\\\/\\\/alcads.com\\\/sv\\\/\",\"logo\":{\"@type\":\"ImageObject\",\"inLanguage\":\"sv-SE\",\"@id\":\"https:\\\/\\\/alcads.com\\\/sv\\\/#\\\/schema\\\/logo\\\/image\\\/\",\"url\":\"https:\\\/\\\/alcads.com\\\/wp-content\\\/uploads\\\/2024\\\/05\\\/logo.png\",\"contentUrl\":\"https:\\\/\\\/alcads.com\\\/wp-content\\\/uploads\\\/2024\\\/05\\\/logo.png\",\"width\":122,\"height\":42,\"caption\":\"Alcads\"},\"image\":{\"@id\":\"https:\\\/\\\/alcads.com\\\/sv\\\/#\\\/schema\\\/logo\\\/image\\\/\"}}]}<\/script>\n<!-- \/ Yoast SEO plugin. -->","yoast_head_json":{"title":"ALCAD Professional 2D\/3D med alla 2D &amp; 3D MEP Plugins - \u00c5rlig licens - Alcads","description":"F\u00f6rb\u00e4ttra dina CAD-m\u00f6jligheter med ALCAD Professional 2D\/3D. Inkluderar kompletta MEP-plugins, 1 000+ symboler, BIM-import och avancerade renderingsverktyg. \u00c5rlig licens f\u00f6r \u20ac499. K\u00f6p nu!","robots":{"index":"index","follow":"follow","max-snippet":"max-snippet:-1","max-image-preview":"max-image-preview:large","max-video-preview":"max-video-preview:-1"},"canonical":"https:\/\/alcads.com\/sv\/product\/alcad-professionell-mep-2d-3d\/","og_locale":"sv_SE","og_type":"article","og_title":"ALCAD Professional 2D\/3D med alla 2D &amp; 3D MEP Plugins - \u00c5rlig licens - Alcads","og_description":"F\u00f6rb\u00e4ttra dina CAD-m\u00f6jligheter med ALCAD Professional 2D\/3D. Inkluderar kompletta MEP-plugins, 1 000+ symboler, BIM-import och avancerade renderingsverktyg. \u00c5rlig licens f\u00f6r \u20ac499. K\u00f6p nu!","og_url":"https:\/\/alcads.com\/sv\/product\/alcad-professionell-mep-2d-3d\/","og_site_name":"Alcads","article_modified_time":"2024-12-31T07:09:59+00:00","og_image":[{"width":550,"height":429,"url":"https:\/\/alcads.com\/wp-content\/uploads\/2024\/05\/mep-2d-3d-1.png","type":"image\/png"}],"twitter_card":"summary_large_image","twitter_misc":{"Ber\u00e4knad l\u00e4stid":"1 minut"},"schema":{"@context":"https:\/\/schema.org","@graph":[{"@type":"WebPage","@id":"https:\/\/alcads.com\/sv\/product\/alcad-professionell-mep-2d-3d\/","url":"https:\/\/alcads.com\/sv\/product\/alcad-professionell-mep-2d-3d\/","name":"ALCAD Professional 2D\/3D med alla 2D &amp; 3D MEP Plugins - \u00c5rlig licens - Alcads","isPartOf":{"@id":"https:\/\/alcads.com\/sv\/#website"},"primaryImageOfPage":{"@id":"https:\/\/alcads.com\/sv\/product\/alcad-professionell-mep-2d-3d\/#primaryimage"},"image":{"@id":"https:\/\/alcads.com\/sv\/product\/alcad-professionell-mep-2d-3d\/#primaryimage"},"thumbnailUrl":"https:\/\/alcads.com\/wp-content\/uploads\/2024\/05\/mep-2d-3d-1.png","datePublished":"2024-05-01T07:23:12+00:00","dateModified":"2024-12-31T07:09:59+00:00","description":"F\u00f6rb\u00e4ttra dina CAD-m\u00f6jligheter med ALCAD Professional 2D\/3D. Inkluderar kompletta MEP-plugins, 1 000+ symboler, BIM-import och avancerade renderingsverktyg. \u00c5rlig licens f\u00f6r \u20ac499. K\u00f6p nu!","breadcrumb":{"@id":"https:\/\/alcads.com\/sv\/product\/alcad-professionell-mep-2d-3d\/#breadcrumb"},"inLanguage":"sv-SE","potentialAction":[{"@type":"ReadAction","target":["https:\/\/alcads.com\/sv\/product\/alcad-professionell-mep-2d-3d\/"]}]},{"@type":"ImageObject","inLanguage":"sv-SE","@id":"https:\/\/alcads.com\/sv\/product\/alcad-professionell-mep-2d-3d\/#primaryimage","url":"https:\/\/alcads.com\/wp-content\/uploads\/2024\/05\/mep-2d-3d-1.png","contentUrl":"https:\/\/alcads.com\/wp-content\/uploads\/2024\/05\/mep-2d-3d-1.png","width":550,"height":429,"caption":"2D & 3D MEP Plugins"},{"@type":"BreadcrumbList","@id":"https:\/\/alcads.com\/sv\/product\/alcad-professionell-mep-2d-3d\/#breadcrumb","itemListElement":[{"@type":"ListItem","position":1,"name":"Home","item":"https:\/\/alcads.com\/sv\/"},{"@type":"ListItem","position":2,"name":"Butik","item":"https:\/\/alcads.com\/sv\/butik\/"},{"@type":"ListItem","position":3,"name":"ALCAD Professional 2D\/3D med alla 2D &amp; 3D MEP Plugins &#8211; \u00c5rlig licens"}]},{"@type":"WebSite","@id":"https:\/\/alcads.com\/sv\/#website","url":"https:\/\/alcads.com\/sv\/","name":"Alcads","description":"The Best AutoCAD Alternative","publisher":{"@id":"https:\/\/alcads.com\/sv\/#organization"},"potentialAction":[{"@type":"SearchAction","target":{"@type":"EntryPoint","urlTemplate":"https:\/\/alcads.com\/sv\/?s={search_term_string}"},"query-input":{"@type":"PropertyValueSpecification","valueRequired":true,"valueName":"search_term_string"}}],"inLanguage":"sv-SE"},{"@type":"Organization","@id":"https:\/\/alcads.com\/sv\/#organization","name":"Alcads","url":"https:\/\/alcads.com\/sv\/","logo":{"@type":"ImageObject","inLanguage":"sv-SE","@id":"https:\/\/alcads.com\/sv\/#\/schema\/logo\/image\/","url":"https:\/\/alcads.com\/wp-content\/uploads\/2024\/05\/logo.png","contentUrl":"https:\/\/alcads.com\/wp-content\/uploads\/2024\/05\/logo.png","width":122,"height":42,"caption":"Alcads"},"image":{"@id":"https:\/\/alcads.com\/sv\/#\/schema\/logo\/image\/"}}]}},"jetpack_sharing_enabled":true,"_links":{"self":[{"href":"https:\/\/alcads.com\/sv\/wp-json\/wp\/v2\/product\/105322","targetHints":{"allow":["GET"]}}],"collection":[{"href":"https:\/\/alcads.com\/sv\/wp-json\/wp\/v2\/product"}],"about":[{"href":"https:\/\/alcads.com\/sv\/wp-json\/wp\/v2\/types\/product"}],"replies":[{"embeddable":true,"href":"https:\/\/alcads.com\/sv\/wp-json\/wp\/v2\/comments?post=105322"}],"wp:featuredmedia":[{"embeddable":true,"href":"https:\/\/alcads.com\/sv\/wp-json\/wp\/v2\/media\/108831"}],"wp:attachment":[{"href":"https:\/\/alcads.com\/sv\/wp-json\/wp\/v2\/media?parent=105322"}],"wp:term":[{"taxonomy":"product_brand","embeddable":true,"href":"https:\/\/alcads.com\/sv\/wp-json\/wp\/v2\/product_brand?post=105322"},{"taxonomy":"product_cat","embeddable":true,"href":"https:\/\/alcads.com\/sv\/wp-json\/wp\/v2\/product_cat?post=105322"},{"taxonomy":"product_tag","embeddable":true,"href":"https:\/\/alcads.com\/sv\/wp-json\/wp\/v2\/product_tag?post=105322"}],"curies":[{"name":"wp","href":"https:\/\/api.w.org\/{rel}","templated":true}]}}