{"id":97371,"date":"2024-04-23T05:31:04","date_gmt":"2024-04-23T05:31:04","guid":{"rendered":"https:\/\/dev.alcads.com\/privacy-policy\/"},"modified":"2025-01-02T06:02:18","modified_gmt":"2025-01-02T06:02:18","slug":"integritetspolicy","status":"publish","type":"page","link":"https:\/\/alcads.com\/sv\/integritetspolicy\/","title":{"rendered":"Integritetspolicy"},"content":{"rendered":"\r\n<p>Software Solution GmbH<br\/>Talacker 41<br\/>8001 Z\u00fcrich<br\/>Schweiz<br\/><strong>E-post<\/strong>: <a href=\"mailto:info@alcads.com\">info@alcads.com<\/a><\/p>\r\n\r\n<p><strong>F\u00f6retagets namn<\/strong>: Software Solution GmbH<\/p>\r\n\r\n<p><strong>Dataskyddsombud:<br\/><\/strong>Software Solution GmbH<br\/><a href=\"mailto:info@alcads.com\">info@alcads.com<\/a><\/p>\r\n\r\n<p><strong>Allm\u00e4nt<\/strong><br\/>Baserat p\u00e5 artikel 13 i den schweiziska federala konstitutionen och dataskyddsbest\u00e4mmelserna i Schweiziska edsf\u00f6rbundet (dataskyddslagen, DSG) har varje person r\u00e4tt till skydd av sitt privatliv samt skydd mot missbruk av sina personuppgifter. Operat\u00f6rerna av dessa sidor tar skyddet av dina personuppgifter p\u00e5 st\u00f6rsta allvar. Vi behandlar dina personuppgifter konfidentiellt och i enlighet med lagstadgade dataskyddsbest\u00e4mmelser samt denna integritetspolicy.<\/p>\r\n\r\n<p>I samarbete med v\u00e5ra hostingleverant\u00f6rer g\u00f6r vi allt vi kan f\u00f6r att skydda databaserna s\u00e5 v\u00e4l som m\u00f6jligt mot obeh\u00f6rig \u00e5tkomst, f\u00f6rlust, missbruk eller f\u00f6rfalskning.<\/p>\r\n\r\n<p>Vi vill p\u00e5peka att data\u00f6verf\u00f6ring p\u00e5 Internet (t.ex. kommunikation via e-post) kan ha s\u00e4kerhetsbrister. Ett fullst\u00e4ndigt skydd av uppgifter mot \u00e5tkomst av tredje part \u00e4r inte m\u00f6jligt.<\/p>\r\n\r\n<p>Genom att anv\u00e4nda denna webbplats samtycker du till insamling, behandling och anv\u00e4ndning av uppgifter i enlighet med f\u00f6ljande beskrivning. Denna webbplats kan i allm\u00e4nhet bes\u00f6kas utan registrering. Uppgifter som bes\u00f6kta sidor eller namn p\u00e5 bes\u00f6kta filer, datum och tid lagras p\u00e5 servern f\u00f6r statistiska \u00e4ndam\u00e5l utan att dessa uppgifter \u00e4r direkt kopplade till din person. Personuppgifter, i synnerhet namn, adress eller e-postadress, samlas i m\u00f6jligaste m\u00e5n in p\u00e5 frivillig basis. Utan ditt samtycke kommer uppgifterna inte att vidarebefordras till tredje part.<\/p>\r\n\r\n<p><strong>Behandling av personuppgifter<\/strong><br\/>Personuppgifter \u00e4r all information som kan h\u00e4nf\u00f6ras till en identifierad eller identifierbar person. En registrerad \u00e4r en person om vilken personuppgifter behandlas. Behandling omfattar all hantering av personuppgifter, oavsett vilka medel och f\u00f6rfaranden som anv\u00e4nds, i synnerhet lagring, utl\u00e4mnande, f\u00f6rv\u00e4rv, radering, lagring, \u00e4ndring, f\u00f6rst\u00f6ring och anv\u00e4ndning av personuppgifter.<\/p>\r\n\r\n<p>Vi behandlar personuppgifter i enlighet med schweizisk dataskyddslagstiftning. I den utstr\u00e4ckning och i den m\u00e5n EU:s dataskyddsf\u00f6rordning \u00e4r till\u00e4mplig behandlar vi dessutom personuppgifter i enlighet med f\u00f6ljande r\u00e4ttsliga grunder i samband med art. 6 (1) GDPR:<br\/>lit. a) Behandling av personuppgifter med samtycke fr\u00e5n den registrerade.<br\/>lit. b) Behandling av personuppgifter f\u00f6r fullg\u00f6rande av ett avtal med den registrerade samt f\u00f6r genomf\u00f6rande av motsvarande \u00e5tg\u00e4rder f\u00f6re avtalets ing\u00e5ende.<br\/>lit. c) Behandling av personuppgifter f\u00f6r att fullg\u00f6ra en r\u00e4ttslig f\u00f6rpliktelse som \u00e5vilar oss enligt n\u00e5gon till\u00e4mplig EU-lag eller enligt n\u00e5gon till\u00e4mplig lag i ett land d\u00e4r GDPR helt eller delvis \u00e4r till\u00e4mplig.<br\/>lit. d) Behandling av personuppgifter f\u00f6r att skydda den registrerades eller en annan fysisk persons vitala intressen.<br\/>lit. f) Behandling av personuppgifter f\u00f6r att skydda v\u00e5ra eller tredje parts ber\u00e4ttigade intressen, s\u00e5vida inte den registrerades grundl\u00e4ggande friheter, r\u00e4ttigheter och intressen v\u00e4ger tyngre. Ber\u00e4ttigade intressen inkluderar i synnerhet v\u00e5rt aff\u00e4rsintresse av att kunna tillhandah\u00e5lla v\u00e5r webbplats, informationss\u00e4kerhet, verkst\u00e4llandet av v\u00e5ra egna r\u00e4ttsliga anspr\u00e5k och efterlevnad av schweizisk lag.<\/p>\r\n\r\n<p>Vi behandlar personuppgifter under den tid som kr\u00e4vs f\u00f6r respektive syfte eller syften. N\u00e4r det g\u00e4ller mer l\u00e5ngsiktiga lagringsskyldigheter p\u00e5 grund av r\u00e4ttsliga och andra skyldigheter som vi omfattas av, begr\u00e4nsar vi behandlingen i enlighet d\u00e4rmed.<\/p>\r\n\r\n<p><strong>Kakor<\/strong><br\/>Denna webbplats anv\u00e4nder cookies. Det \u00e4r sm\u00e5 textfiler som g\u00f6r det m\u00f6jligt att lagra specifik information om anv\u00e4ndaren p\u00e5 anv\u00e4ndarens terminalutrustning medan anv\u00e4ndaren anv\u00e4nder webbplatsen. Cookies g\u00f6r det framf\u00f6r allt m\u00f6jligt att fastst\u00e4lla anv\u00e4ndningsfrekvensen och antalet anv\u00e4ndare av sidorna, att analysera beteendem\u00f6nster f\u00f6r sidanv\u00e4ndning, men ocks\u00e5 att g\u00f6ra v\u00e5rt erbjudande mer kundv\u00e4nligt. Cookies lagras \u00e4ven efter att en webbl\u00e4sarsession har avslutats och kan h\u00e4mtas n\u00e4r du bes\u00f6ker webbplatsen igen. Om du inte vill att detta ska h\u00e4nda b\u00f6r du st\u00e4lla in din webbl\u00e4sare s\u00e5 att den v\u00e4grar att acceptera cookies.<\/p>\r\n\r\n<p>En allm\u00e4n inv\u00e4ndning mot anv\u00e4ndningen av cookies som anv\u00e4nds f\u00f6r marknadsf\u00f6rings\u00e4ndam\u00e5l online kan g\u00f6ras f\u00f6r ett stort antal tj\u00e4nster, s\u00e4rskilt n\u00e4r det g\u00e4ller sp\u00e5rning, via den amerikanska webbplatsen <a href=\"http:\/\/www.aboutads.info\/choices\/\">http:\/\/www.aboutads.info\/choices\/<\/a> eller EU-webbplatsen <a href=\"http:\/\/www.youronlinechoices.com\/\">http:\/\/www.youronlinechoices.com\/<\/a>. Dessutom kan lagring av cookies f\u00f6rhindras genom att inaktivera dem i webbl\u00e4sarens inst\u00e4llningar. Observera att i detta fall kan inte alla funktioner i detta online-erbjudande anv\u00e4ndas.<\/p>\r\n\r\n<p><strong>Med SSL\/TLS-kryptering<\/strong><br\/>Denna webbplats anv\u00e4nder SSL\/TLS-kryptering av s\u00e4kerhetssk\u00e4l och f\u00f6r att skydda \u00f6verf\u00f6ringen av konfidentiellt inneh\u00e5ll, till exempel f\u00f6rfr\u00e5gningar som du skickar till oss som webbplatsoperat\u00f6r. Du kan k\u00e4nna igen en krypterad anslutning genom att adressraden i webbl\u00e4saren \u00e4ndras fr\u00e5n &#8220;&#8221;http:\/\/&#8221;&#8221; till &#8220;&#8221;https:\/\/&#8221;&#8221; och genom l\u00e5ssymbolen i webbl\u00e4sarens rad.<\/p>\r\n\r\n<p>Om SSL- eller TLS-kryptering \u00e4r aktiverad kan de uppgifter som du skickar till oss inte l\u00e4sas av tredje part.<\/p>\r\n\r\n<p><strong>Kontaktformul\u00e4r<\/strong><br\/>Om du skickar f\u00f6rfr\u00e5gningar till oss via kontaktformul\u00e4ret kommer dina uppgifter fr\u00e5n f\u00f6rfr\u00e5gningsformul\u00e4ret, inklusive de kontaktuppgifter du angav d\u00e4r, att lagras av oss i syfte att behandla f\u00f6rfr\u00e5gningen och vid eventuella f\u00f6ljdfr\u00e5gor. Vi vidarebefordrar inte dessa uppgifter utan ditt samtycke.<\/p>\r\n\r\n<p><strong>Nyhetsbrev<\/strong><br\/>Om du vill ta emot det nyhetsbrev som erbjuds p\u00e5 denna webbplats beh\u00f6ver vi en e-postadress fr\u00e5n dig samt information som g\u00f6r att vi kan verifiera att du \u00e4r \u00e4gare till den angivna e-postadressen och samtycker till att ta emot nyhetsbrevet. Ytterligare uppgifter kommer inte att samlas in. Vi anv\u00e4nder dessa uppgifter uteslutande f\u00f6r att skicka den beg\u00e4rda informationen och vidarebefordrar dem inte till tredje part.<\/p>\r\n\r\n<p>Du kan n\u00e4r som helst \u00e5terkalla ditt samtycke till lagring av uppgifterna, e-postadressen och anv\u00e4ndningen av dem f\u00f6r att skicka nyhetsbrevet, till exempel via &#8220;avregistreringsl\u00e4nken&#8221; i nyhetsbrevet.<\/p>\r\n\r\n<p><strong>Upphovsr\u00e4tt<\/strong><br\/>Upphovsr\u00e4tten och alla andra r\u00e4ttigheter till inneh\u00e5ll, bilder, foton eller andra filer p\u00e5 webbplatsen tillh\u00f6r uteslutande operat\u00f6ren av denna webbplats eller de specifikt angivna upphovsr\u00e4ttsinnehavarna. F\u00f6r reproduktion av alla filer m\u00e5ste skriftligt medgivande fr\u00e5n upphovsr\u00e4ttsinnehavaren inh\u00e4mtas i f\u00f6rv\u00e4g.<br\/>Den som beg\u00e5r ett upphovsr\u00e4ttsintr\u00e5ng utan samtycke fr\u00e5n respektive r\u00e4ttighetshavare kan bli f\u00f6rem\u00e5l f\u00f6r \u00e5tal och eventuellt skadest\u00e5nd.<\/p>\r\n\r\n<p><strong>Ansvarsfriskrivning<\/strong><br\/>All information p\u00e5 v\u00e5r webbplats har kontrollerats noggrant. Vi g\u00f6r v\u00e5rt yttersta f\u00f6r att se till att den information vi tillhandah\u00e5ller \u00e4r aktuell, korrekt och fullst\u00e4ndig. Trots detta kan f\u00f6rekomsten av fel inte helt uteslutas, s\u00e5 vi kan inte garantera fullst\u00e4ndighet, noggrannhet och aktualitet av information, inklusive journalistisk-redaktionell karakt\u00e4r. Ansvarsanspr\u00e5k avseende skador som orsakats av anv\u00e4ndningen av n\u00e5gon information som tillhandah\u00e5llits, inklusive all slags information som \u00e4r ofullst\u00e4ndig eller felaktig, kommer d\u00e4rf\u00f6r att avvisas.<br\/>Utgivaren kan \u00e4ndra eller ta bort texter efter eget gottfinnande och utan f\u00f6reg\u00e5ende meddelande och \u00e4r inte skyldig att uppdatera inneh\u00e5llet p\u00e5 denna webbplats. Anv\u00e4ndningen av eller tillg\u00e5ngen till denna webbplats sker p\u00e5 bes\u00f6karens egen risk. Utgivaren, dess kunder eller samarbetspartners ansvarar inte f\u00f6r skador, s\u00e5som direkta, indirekta, of\u00f6rutsedda, f\u00f6ljdskador eller skadest\u00e5nd, som p\u00e5st\u00e5s ha orsakats av bes\u00f6ket p\u00e5 denna webbplats och tar f\u00f6ljaktligen inget ansvar f\u00f6r s\u00e5dana skador.<br\/>Utgivaren tar inte heller n\u00e5got ansvar f\u00f6r inneh\u00e5ll och tillg\u00e4nglighet p\u00e5 webbplatser fr\u00e5n tredje part som kan n\u00e5s via externa l\u00e4nkar p\u00e5 denna webbplats. Operat\u00f6rerna av de l\u00e4nkade webbplatserna \u00e4r ensamt ansvariga f\u00f6r deras inneh\u00e5ll. Utgivaren tar d\u00e4rf\u00f6r uttryckligen avst\u00e5nd fr\u00e5n allt inneh\u00e5ll fr\u00e5n tredje part som kan vara straffr\u00e4ttsligt eller skadest\u00e5ndsr\u00e4ttsligt relevant eller som kan kr\u00e4nka allm\u00e4n anst\u00e4ndighet.<\/p>\r\n\r\n<p><strong>Ansvarsfriskrivning<\/strong><br\/>F\u00f6rfattaren p\u00e5tar sig inget ansvar f\u00f6r informationens riktighet, exakthet, aktualitet, tillf\u00f6rlitlighet och fullst\u00e4ndighet.<br\/>Ansvarsanspr\u00e5k mot f\u00f6rfattaren f\u00f6r materiella eller immateriella skador till f\u00f6ljd av tillg\u00e5ng till, anv\u00e4ndning eller icke-anv\u00e4ndning av den publicerade informationen, missbruk av anslutningen eller tekniska fel \u00e4r uteslutna.<\/p>\r\n\r\n<p>Alla erbjudanden \u00e4r icke-bindande. F\u00f6rfattaren f\u00f6rbeh\u00e5ller sig uttryckligen r\u00e4tten att utan f\u00f6reg\u00e5ende meddelande \u00e4ndra, komplettera eller radera delar av sidorna eller hela erbjudandet, eller att tillf\u00e4lligt eller permanent upph\u00f6ra med publiceringen.<\/p>\r\n","protected":false},"excerpt":{"rendered":"<p>Software Solution GmbHTalacker 418001 Z\u00fcrichSchweizE-post: info@alcads.com F\u00f6retagets namn: Software Solution GmbH Dataskyddsombud:Software Solution GmbHinfo@alcads.com Allm\u00e4ntBaserat p\u00e5 artikel 13 i den schweiziska federala konstitutionen och dataskyddsbest\u00e4mmelserna i Schweiziska edsf\u00f6rbundet (dataskyddslagen, DSG) har varje person r\u00e4tt till skydd av sitt privatliv samt skydd mot missbruk av sina personuppgifter. Operat\u00f6rerna av dessa sidor tar skyddet av dina personuppgifter [&hellip;]<\/p>\n","protected":false},"author":1,"featured_media":0,"parent":0,"menu_order":0,"comment_status":"closed","ping_status":"closed","template":"","meta":{"_acf_changed":false,"footnotes":""},"class_list":["post-97371","page","type-page","status-publish","hentry"],"acf":[],"yoast_head":"<!-- This site is optimized with the Yoast SEO plugin v27.3 - https:\/\/yoast.com\/product\/yoast-seo-wordpress\/ -->\n<title>Integritetspolicy - Alcads<\/title>\n<meta name=\"description\" content=\"Utforska v\u00e5r integritetspolicy f\u00f6r att f\u00f6rst\u00e5 hur Software Solution GmbH hanterar personuppgifter, inklusive s\u00e4kerhets\u00e5tg\u00e4rder och anv\u00e4ndning av cookies, i enlighet med schweiziska och GDPR-regler.\" \/>\n<meta name=\"robots\" content=\"noindex, follow\" \/>\n<meta property=\"og:locale\" content=\"sv_SE\" \/>\n<meta property=\"og:type\" content=\"article\" \/>\n<meta property=\"og:title\" content=\"Integritetspolicy - Alcads\" \/>\n<meta property=\"og:description\" content=\"Utforska v\u00e5r integritetspolicy f\u00f6r att f\u00f6rst\u00e5 hur Software Solution GmbH hanterar personuppgifter, inklusive s\u00e4kerhets\u00e5tg\u00e4rder och anv\u00e4ndning av cookies, i enlighet med schweiziska och GDPR-regler.\" \/>\n<meta property=\"og:url\" content=\"https:\/\/alcads.com\/sv\/integritetspolicy\/\" \/>\n<meta property=\"og:site_name\" content=\"Alcads\" \/>\n<meta property=\"article:modified_time\" content=\"2025-01-02T06:02:18+00:00\" \/>\n<meta name=\"twitter:card\" content=\"summary_large_image\" \/>\n<meta name=\"twitter:label1\" content=\"Ber\u00e4knad l\u00e4stid\" \/>\n\t<meta name=\"twitter:data1\" content=\"6 minuter\" \/>\n<script type=\"application\/ld+json\" class=\"yoast-schema-graph\">{\"@context\":\"https:\\\/\\\/schema.org\",\"@graph\":[{\"@type\":\"WebPage\",\"@id\":\"https:\\\/\\\/alcads.com\\\/sv\\\/integritetspolicy\\\/\",\"url\":\"https:\\\/\\\/alcads.com\\\/sv\\\/integritetspolicy\\\/\",\"name\":\"Integritetspolicy - Alcads\",\"isPartOf\":{\"@id\":\"https:\\\/\\\/alcads.com\\\/sv\\\/#website\"},\"datePublished\":\"2024-04-23T05:31:04+00:00\",\"dateModified\":\"2025-01-02T06:02:18+00:00\",\"description\":\"Utforska v\u00e5r integritetspolicy f\u00f6r att f\u00f6rst\u00e5 hur Software Solution GmbH hanterar personuppgifter, inklusive s\u00e4kerhets\u00e5tg\u00e4rder och anv\u00e4ndning av cookies, i enlighet med schweiziska och GDPR-regler.\",\"breadcrumb\":{\"@id\":\"https:\\\/\\\/alcads.com\\\/sv\\\/integritetspolicy\\\/#breadcrumb\"},\"inLanguage\":\"sv-SE\",\"potentialAction\":[{\"@type\":\"ReadAction\",\"target\":[\"https:\\\/\\\/alcads.com\\\/sv\\\/integritetspolicy\\\/\"]}]},{\"@type\":\"BreadcrumbList\",\"@id\":\"https:\\\/\\\/alcads.com\\\/sv\\\/integritetspolicy\\\/#breadcrumb\",\"itemListElement\":[{\"@type\":\"ListItem\",\"position\":1,\"name\":\"Home\",\"item\":\"https:\\\/\\\/alcads.com\\\/sv\\\/\"},{\"@type\":\"ListItem\",\"position\":2,\"name\":\"Integritetspolicy\"}]},{\"@type\":\"WebSite\",\"@id\":\"https:\\\/\\\/alcads.com\\\/sv\\\/#website\",\"url\":\"https:\\\/\\\/alcads.com\\\/sv\\\/\",\"name\":\"Alcads\",\"description\":\"The Best AutoCAD Alternative\",\"publisher\":{\"@id\":\"https:\\\/\\\/alcads.com\\\/sv\\\/#organization\"},\"potentialAction\":[{\"@type\":\"SearchAction\",\"target\":{\"@type\":\"EntryPoint\",\"urlTemplate\":\"https:\\\/\\\/alcads.com\\\/sv\\\/?s={search_term_string}\"},\"query-input\":{\"@type\":\"PropertyValueSpecification\",\"valueRequired\":true,\"valueName\":\"search_term_string\"}}],\"inLanguage\":\"sv-SE\"},{\"@type\":\"Organization\",\"@id\":\"https:\\\/\\\/alcads.com\\\/sv\\\/#organization\",\"name\":\"Alcads\",\"url\":\"https:\\\/\\\/alcads.com\\\/sv\\\/\",\"logo\":{\"@type\":\"ImageObject\",\"inLanguage\":\"sv-SE\",\"@id\":\"https:\\\/\\\/alcads.com\\\/sv\\\/#\\\/schema\\\/logo\\\/image\\\/\",\"url\":\"https:\\\/\\\/alcads.com\\\/wp-content\\\/uploads\\\/2024\\\/05\\\/logo.png\",\"contentUrl\":\"https:\\\/\\\/alcads.com\\\/wp-content\\\/uploads\\\/2024\\\/05\\\/logo.png\",\"width\":122,\"height\":42,\"caption\":\"Alcads\"},\"image\":{\"@id\":\"https:\\\/\\\/alcads.com\\\/sv\\\/#\\\/schema\\\/logo\\\/image\\\/\"}}]}<\/script>\n<!-- \/ Yoast SEO plugin. -->","yoast_head_json":{"title":"Integritetspolicy - Alcads","description":"Utforska v\u00e5r integritetspolicy f\u00f6r att f\u00f6rst\u00e5 hur Software Solution GmbH hanterar personuppgifter, inklusive s\u00e4kerhets\u00e5tg\u00e4rder och anv\u00e4ndning av cookies, i enlighet med schweiziska och GDPR-regler.","robots":{"index":"noindex","follow":"follow"},"og_locale":"sv_SE","og_type":"article","og_title":"Integritetspolicy - Alcads","og_description":"Utforska v\u00e5r integritetspolicy f\u00f6r att f\u00f6rst\u00e5 hur Software Solution GmbH hanterar personuppgifter, inklusive s\u00e4kerhets\u00e5tg\u00e4rder och anv\u00e4ndning av cookies, i enlighet med schweiziska och GDPR-regler.","og_url":"https:\/\/alcads.com\/sv\/integritetspolicy\/","og_site_name":"Alcads","article_modified_time":"2025-01-02T06:02:18+00:00","twitter_card":"summary_large_image","twitter_misc":{"Ber\u00e4knad l\u00e4stid":"6 minuter"},"schema":{"@context":"https:\/\/schema.org","@graph":[{"@type":"WebPage","@id":"https:\/\/alcads.com\/sv\/integritetspolicy\/","url":"https:\/\/alcads.com\/sv\/integritetspolicy\/","name":"Integritetspolicy - Alcads","isPartOf":{"@id":"https:\/\/alcads.com\/sv\/#website"},"datePublished":"2024-04-23T05:31:04+00:00","dateModified":"2025-01-02T06:02:18+00:00","description":"Utforska v\u00e5r integritetspolicy f\u00f6r att f\u00f6rst\u00e5 hur Software Solution GmbH hanterar personuppgifter, inklusive s\u00e4kerhets\u00e5tg\u00e4rder och anv\u00e4ndning av cookies, i enlighet med schweiziska och GDPR-regler.","breadcrumb":{"@id":"https:\/\/alcads.com\/sv\/integritetspolicy\/#breadcrumb"},"inLanguage":"sv-SE","potentialAction":[{"@type":"ReadAction","target":["https:\/\/alcads.com\/sv\/integritetspolicy\/"]}]},{"@type":"BreadcrumbList","@id":"https:\/\/alcads.com\/sv\/integritetspolicy\/#breadcrumb","itemListElement":[{"@type":"ListItem","position":1,"name":"Home","item":"https:\/\/alcads.com\/sv\/"},{"@type":"ListItem","position":2,"name":"Integritetspolicy"}]},{"@type":"WebSite","@id":"https:\/\/alcads.com\/sv\/#website","url":"https:\/\/alcads.com\/sv\/","name":"Alcads","description":"The Best AutoCAD Alternative","publisher":{"@id":"https:\/\/alcads.com\/sv\/#organization"},"potentialAction":[{"@type":"SearchAction","target":{"@type":"EntryPoint","urlTemplate":"https:\/\/alcads.com\/sv\/?s={search_term_string}"},"query-input":{"@type":"PropertyValueSpecification","valueRequired":true,"valueName":"search_term_string"}}],"inLanguage":"sv-SE"},{"@type":"Organization","@id":"https:\/\/alcads.com\/sv\/#organization","name":"Alcads","url":"https:\/\/alcads.com\/sv\/","logo":{"@type":"ImageObject","inLanguage":"sv-SE","@id":"https:\/\/alcads.com\/sv\/#\/schema\/logo\/image\/","url":"https:\/\/alcads.com\/wp-content\/uploads\/2024\/05\/logo.png","contentUrl":"https:\/\/alcads.com\/wp-content\/uploads\/2024\/05\/logo.png","width":122,"height":42,"caption":"Alcads"},"image":{"@id":"https:\/\/alcads.com\/sv\/#\/schema\/logo\/image\/"}}]}},"jetpack_sharing_enabled":true,"_links":{"self":[{"href":"https:\/\/alcads.com\/sv\/wp-json\/wp\/v2\/pages\/97371","targetHints":{"allow":["GET"]}}],"collection":[{"href":"https:\/\/alcads.com\/sv\/wp-json\/wp\/v2\/pages"}],"about":[{"href":"https:\/\/alcads.com\/sv\/wp-json\/wp\/v2\/types\/page"}],"author":[{"embeddable":true,"href":"https:\/\/alcads.com\/sv\/wp-json\/wp\/v2\/users\/1"}],"replies":[{"embeddable":true,"href":"https:\/\/alcads.com\/sv\/wp-json\/wp\/v2\/comments?post=97371"}],"version-history":[{"count":2,"href":"https:\/\/alcads.com\/sv\/wp-json\/wp\/v2\/pages\/97371\/revisions"}],"predecessor-version":[{"id":102177,"href":"https:\/\/alcads.com\/sv\/wp-json\/wp\/v2\/pages\/97371\/revisions\/102177"}],"wp:attachment":[{"href":"https:\/\/alcads.com\/sv\/wp-json\/wp\/v2\/media?parent=97371"}],"curies":[{"name":"wp","href":"https:\/\/api.w.org\/{rel}","templated":true}]}}