{"id":97360,"date":"2024-04-23T07:09:53","date_gmt":"2024-04-23T07:09:53","guid":{"rendered":"https:\/\/dev.alcads.com\/mep-plugins\/"},"modified":"2025-01-02T08:49:13","modified_gmt":"2025-01-02T08:49:13","slug":"mep-plugins","status":"publish","type":"page","link":"https:\/\/alcads.com\/sv\/mep-plugins\/","title":{"rendered":"MEP Plugins"},"content":{"rendered":"","protected":false},"excerpt":{"rendered":"","protected":false},"author":1,"featured_media":0,"parent":0,"menu_order":0,"comment_status":"closed","ping_status":"closed","template":"page-template\/mep-plugins.php","meta":{"_acf_changed":false,"footnotes":""},"class_list":["post-97360","page","type-page","status-publish","hentry"],"acf":[],"yoast_head":"<!-- This site is optimized with the Yoast SEO plugin v27.3 - https:\/\/yoast.com\/product\/yoast-seo-wordpress\/ -->\n<title>MEP Plugins - Alcads<\/title>\n<meta name=\"description\" content=\"ALCADs MEP-plugins erbjuder enkelt skapande av 2D- och 3D-r\u00f6rsystem, ventilation, v\u00e4rme och sanit\u00e4ra system. Ladda ner en gratis 15-dagars provperiod och f\u00f6rb\u00e4ttra dina m\u00f6nster!\" \/>\n<meta name=\"robots\" content=\"index, follow, max-snippet:-1, max-image-preview:large, max-video-preview:-1\" \/>\n<link rel=\"canonical\" href=\"https:\/\/alcads.com\/sv\/mep-plugins\/\" \/>\n<meta property=\"og:locale\" content=\"sv_SE\" \/>\n<meta property=\"og:type\" content=\"article\" \/>\n<meta property=\"og:title\" content=\"MEP Plugins - Alcads\" \/>\n<meta property=\"og:description\" content=\"ALCADs MEP-plugins erbjuder enkelt skapande av 2D- och 3D-r\u00f6rsystem, ventilation, v\u00e4rme och sanit\u00e4ra system. Ladda ner en gratis 15-dagars provperiod och f\u00f6rb\u00e4ttra dina m\u00f6nster!\" \/>\n<meta property=\"og:url\" content=\"https:\/\/alcads.com\/sv\/mep-plugins\/\" \/>\n<meta property=\"og:site_name\" content=\"Alcads\" \/>\n<meta property=\"article:modified_time\" content=\"2025-01-02T08:49:13+00:00\" \/>\n<meta name=\"twitter:card\" content=\"summary_large_image\" \/>\n<script type=\"application\/ld+json\" class=\"yoast-schema-graph\">{\"@context\":\"https:\\\/\\\/schema.org\",\"@graph\":[{\"@type\":\"WebPage\",\"@id\":\"https:\\\/\\\/alcads.com\\\/sv\\\/mep-plugins\\\/\",\"url\":\"https:\\\/\\\/alcads.com\\\/sv\\\/mep-plugins\\\/\",\"name\":\"MEP Plugins - Alcads\",\"isPartOf\":{\"@id\":\"https:\\\/\\\/alcads.com\\\/sv\\\/#website\"},\"datePublished\":\"2024-04-23T07:09:53+00:00\",\"dateModified\":\"2025-01-02T08:49:13+00:00\",\"description\":\"ALCADs MEP-plugins erbjuder enkelt skapande av 2D- och 3D-r\u00f6rsystem, ventilation, v\u00e4rme och sanit\u00e4ra system. Ladda ner en gratis 15-dagars provperiod och f\u00f6rb\u00e4ttra dina m\u00f6nster!\",\"breadcrumb\":{\"@id\":\"https:\\\/\\\/alcads.com\\\/sv\\\/mep-plugins\\\/#breadcrumb\"},\"inLanguage\":\"sv-SE\",\"potentialAction\":[{\"@type\":\"ReadAction\",\"target\":[\"https:\\\/\\\/alcads.com\\\/sv\\\/mep-plugins\\\/\"]}]},{\"@type\":\"BreadcrumbList\",\"@id\":\"https:\\\/\\\/alcads.com\\\/sv\\\/mep-plugins\\\/#breadcrumb\",\"itemListElement\":[{\"@type\":\"ListItem\",\"position\":1,\"name\":\"Home\",\"item\":\"https:\\\/\\\/alcads.com\\\/sv\\\/\"},{\"@type\":\"ListItem\",\"position\":2,\"name\":\"MEP Plugins\"}]},{\"@type\":\"WebSite\",\"@id\":\"https:\\\/\\\/alcads.com\\\/sv\\\/#website\",\"url\":\"https:\\\/\\\/alcads.com\\\/sv\\\/\",\"name\":\"Alcads\",\"description\":\"The Best AutoCAD Alternative\",\"publisher\":{\"@id\":\"https:\\\/\\\/alcads.com\\\/sv\\\/#organization\"},\"potentialAction\":[{\"@type\":\"SearchAction\",\"target\":{\"@type\":\"EntryPoint\",\"urlTemplate\":\"https:\\\/\\\/alcads.com\\\/sv\\\/?s={search_term_string}\"},\"query-input\":{\"@type\":\"PropertyValueSpecification\",\"valueRequired\":true,\"valueName\":\"search_term_string\"}}],\"inLanguage\":\"sv-SE\"},{\"@type\":\"Organization\",\"@id\":\"https:\\\/\\\/alcads.com\\\/sv\\\/#organization\",\"name\":\"Alcads\",\"url\":\"https:\\\/\\\/alcads.com\\\/sv\\\/\",\"logo\":{\"@type\":\"ImageObject\",\"inLanguage\":\"sv-SE\",\"@id\":\"https:\\\/\\\/alcads.com\\\/sv\\\/#\\\/schema\\\/logo\\\/image\\\/\",\"url\":\"https:\\\/\\\/alcads.com\\\/wp-content\\\/uploads\\\/2024\\\/05\\\/logo.png\",\"contentUrl\":\"https:\\\/\\\/alcads.com\\\/wp-content\\\/uploads\\\/2024\\\/05\\\/logo.png\",\"width\":122,\"height\":42,\"caption\":\"Alcads\"},\"image\":{\"@id\":\"https:\\\/\\\/alcads.com\\\/sv\\\/#\\\/schema\\\/logo\\\/image\\\/\"}}]}<\/script>\n<!-- \/ Yoast SEO plugin. -->","yoast_head_json":{"title":"MEP Plugins - Alcads","description":"ALCADs MEP-plugins erbjuder enkelt skapande av 2D- och 3D-r\u00f6rsystem, ventilation, v\u00e4rme och sanit\u00e4ra system. Ladda ner en gratis 15-dagars provperiod och f\u00f6rb\u00e4ttra dina m\u00f6nster!","robots":{"index":"index","follow":"follow","max-snippet":"max-snippet:-1","max-image-preview":"max-image-preview:large","max-video-preview":"max-video-preview:-1"},"canonical":"https:\/\/alcads.com\/sv\/mep-plugins\/","og_locale":"sv_SE","og_type":"article","og_title":"MEP Plugins - Alcads","og_description":"ALCADs MEP-plugins erbjuder enkelt skapande av 2D- och 3D-r\u00f6rsystem, ventilation, v\u00e4rme och sanit\u00e4ra system. Ladda ner en gratis 15-dagars provperiod och f\u00f6rb\u00e4ttra dina m\u00f6nster!","og_url":"https:\/\/alcads.com\/sv\/mep-plugins\/","og_site_name":"Alcads","article_modified_time":"2025-01-02T08:49:13+00:00","twitter_card":"summary_large_image","schema":{"@context":"https:\/\/schema.org","@graph":[{"@type":"WebPage","@id":"https:\/\/alcads.com\/sv\/mep-plugins\/","url":"https:\/\/alcads.com\/sv\/mep-plugins\/","name":"MEP Plugins - Alcads","isPartOf":{"@id":"https:\/\/alcads.com\/sv\/#website"},"datePublished":"2024-04-23T07:09:53+00:00","dateModified":"2025-01-02T08:49:13+00:00","description":"ALCADs MEP-plugins erbjuder enkelt skapande av 2D- och 3D-r\u00f6rsystem, ventilation, v\u00e4rme och sanit\u00e4ra system. Ladda ner en gratis 15-dagars provperiod och f\u00f6rb\u00e4ttra dina m\u00f6nster!","breadcrumb":{"@id":"https:\/\/alcads.com\/sv\/mep-plugins\/#breadcrumb"},"inLanguage":"sv-SE","potentialAction":[{"@type":"ReadAction","target":["https:\/\/alcads.com\/sv\/mep-plugins\/"]}]},{"@type":"BreadcrumbList","@id":"https:\/\/alcads.com\/sv\/mep-plugins\/#breadcrumb","itemListElement":[{"@type":"ListItem","position":1,"name":"Home","item":"https:\/\/alcads.com\/sv\/"},{"@type":"ListItem","position":2,"name":"MEP Plugins"}]},{"@type":"WebSite","@id":"https:\/\/alcads.com\/sv\/#website","url":"https:\/\/alcads.com\/sv\/","name":"Alcads","description":"The Best AutoCAD Alternative","publisher":{"@id":"https:\/\/alcads.com\/sv\/#organization"},"potentialAction":[{"@type":"SearchAction","target":{"@type":"EntryPoint","urlTemplate":"https:\/\/alcads.com\/sv\/?s={search_term_string}"},"query-input":{"@type":"PropertyValueSpecification","valueRequired":true,"valueName":"search_term_string"}}],"inLanguage":"sv-SE"},{"@type":"Organization","@id":"https:\/\/alcads.com\/sv\/#organization","name":"Alcads","url":"https:\/\/alcads.com\/sv\/","logo":{"@type":"ImageObject","inLanguage":"sv-SE","@id":"https:\/\/alcads.com\/sv\/#\/schema\/logo\/image\/","url":"https:\/\/alcads.com\/wp-content\/uploads\/2024\/05\/logo.png","contentUrl":"https:\/\/alcads.com\/wp-content\/uploads\/2024\/05\/logo.png","width":122,"height":42,"caption":"Alcads"},"image":{"@id":"https:\/\/alcads.com\/sv\/#\/schema\/logo\/image\/"}}]}},"jetpack_sharing_enabled":true,"_links":{"self":[{"href":"https:\/\/alcads.com\/sv\/wp-json\/wp\/v2\/pages\/97360","targetHints":{"allow":["GET"]}}],"collection":[{"href":"https:\/\/alcads.com\/sv\/wp-json\/wp\/v2\/pages"}],"about":[{"href":"https:\/\/alcads.com\/sv\/wp-json\/wp\/v2\/types\/page"}],"author":[{"embeddable":true,"href":"https:\/\/alcads.com\/sv\/wp-json\/wp\/v2\/users\/1"}],"replies":[{"embeddable":true,"href":"https:\/\/alcads.com\/sv\/wp-json\/wp\/v2\/comments?post=97360"}],"version-history":[{"count":3,"href":"https:\/\/alcads.com\/sv\/wp-json\/wp\/v2\/pages\/97360\/revisions"}],"predecessor-version":[{"id":106841,"href":"https:\/\/alcads.com\/sv\/wp-json\/wp\/v2\/pages\/97360\/revisions\/106841"}],"wp:attachment":[{"href":"https:\/\/alcads.com\/sv\/wp-json\/wp\/v2\/media?parent=97360"}],"curies":[{"name":"wp","href":"https:\/\/api.w.org\/{rel}","templated":true}]}}