{"id":97316,"date":"2024-04-23T07:11:31","date_gmt":"2024-04-23T07:11:31","guid":{"rendered":"https:\/\/dev.alcads.com\/compare-alcad\/"},"modified":"2025-12-02T17:59:39","modified_gmt":"2025-12-02T17:59:39","slug":"jamfor-alcad","status":"publish","type":"page","link":"https:\/\/alcads.com\/sv\/jamfor-alcad\/","title":{"rendered":"J\u00e4mf\u00f6r ALCAD"},"content":{"rendered":"","protected":false},"excerpt":{"rendered":"","protected":false},"author":1,"featured_media":0,"parent":0,"menu_order":0,"comment_status":"closed","ping_status":"closed","template":"page-template\/compare-alcad.php","meta":{"_acf_changed":false,"footnotes":""},"class_list":["post-97316","page","type-page","status-publish","hentry"],"acf":[],"yoast_head":"<!-- This site is optimized with the Yoast SEO plugin v27.3 - https:\/\/yoast.com\/product\/yoast-seo-wordpress\/ -->\n<title>Komplett j\u00e4mf\u00f6relse av olika ALCAD-versioner | Alcads.com<\/title>\n<meta name=\"description\" content=\"Hitta den perfekta l\u00f6sningen f\u00f6r dina behov med v\u00e5r omfattande j\u00e4mf\u00f6relse av olika Alcad-versioner. Fatta ett v\u00e4lgrundat beslut idag\" \/>\n<meta name=\"robots\" content=\"index, follow, max-snippet:-1, max-image-preview:large, max-video-preview:-1\" \/>\n<link rel=\"canonical\" href=\"https:\/\/alcads.com\/sv\/jamfor-alcad\/\" \/>\n<meta property=\"og:locale\" content=\"sv_SE\" \/>\n<meta property=\"og:type\" content=\"article\" \/>\n<meta property=\"og:title\" content=\"Komplett j\u00e4mf\u00f6relse av olika ALCAD-versioner | Alcads.com\" \/>\n<meta property=\"og:description\" content=\"Hitta den perfekta l\u00f6sningen f\u00f6r dina behov med v\u00e5r omfattande j\u00e4mf\u00f6relse av olika Alcad-versioner. Fatta ett v\u00e4lgrundat beslut idag\" \/>\n<meta property=\"og:url\" content=\"https:\/\/alcads.com\/sv\/jamfor-alcad\/\" \/>\n<meta property=\"og:site_name\" content=\"Alcads\" \/>\n<meta property=\"article:modified_time\" content=\"2025-12-02T17:59:39+00:00\" \/>\n<meta name=\"twitter:card\" content=\"summary_large_image\" \/>\n<script type=\"application\/ld+json\" class=\"yoast-schema-graph\">{\"@context\":\"https:\\\/\\\/schema.org\",\"@graph\":[{\"@type\":\"WebPage\",\"@id\":\"https:\\\/\\\/alcads.com\\\/sv\\\/jamfor-alcad\\\/\",\"url\":\"https:\\\/\\\/alcads.com\\\/sv\\\/jamfor-alcad\\\/\",\"name\":\"Komplett j\u00e4mf\u00f6relse av olika ALCAD-versioner | Alcads.com\",\"isPartOf\":{\"@id\":\"https:\\\/\\\/alcads.com\\\/sv\\\/#website\"},\"datePublished\":\"2024-04-23T07:11:31+00:00\",\"dateModified\":\"2025-12-02T17:59:39+00:00\",\"description\":\"Hitta den perfekta l\u00f6sningen f\u00f6r dina behov med v\u00e5r omfattande j\u00e4mf\u00f6relse av olika Alcad-versioner. Fatta ett v\u00e4lgrundat beslut idag\",\"breadcrumb\":{\"@id\":\"https:\\\/\\\/alcads.com\\\/sv\\\/jamfor-alcad\\\/#breadcrumb\"},\"inLanguage\":\"sv-SE\",\"potentialAction\":[{\"@type\":\"ReadAction\",\"target\":[\"https:\\\/\\\/alcads.com\\\/sv\\\/jamfor-alcad\\\/\"]}]},{\"@type\":\"BreadcrumbList\",\"@id\":\"https:\\\/\\\/alcads.com\\\/sv\\\/jamfor-alcad\\\/#breadcrumb\",\"itemListElement\":[{\"@type\":\"ListItem\",\"position\":1,\"name\":\"Home\",\"item\":\"https:\\\/\\\/alcads.com\\\/sv\\\/\"},{\"@type\":\"ListItem\",\"position\":2,\"name\":\"J\u00e4mf\u00f6r ALCAD\"}]},{\"@type\":\"WebSite\",\"@id\":\"https:\\\/\\\/alcads.com\\\/sv\\\/#website\",\"url\":\"https:\\\/\\\/alcads.com\\\/sv\\\/\",\"name\":\"Alcads\",\"description\":\"The Best AutoCAD Alternative\",\"publisher\":{\"@id\":\"https:\\\/\\\/alcads.com\\\/sv\\\/#organization\"},\"potentialAction\":[{\"@type\":\"SearchAction\",\"target\":{\"@type\":\"EntryPoint\",\"urlTemplate\":\"https:\\\/\\\/alcads.com\\\/sv\\\/?s={search_term_string}\"},\"query-input\":{\"@type\":\"PropertyValueSpecification\",\"valueRequired\":true,\"valueName\":\"search_term_string\"}}],\"inLanguage\":\"sv-SE\"},{\"@type\":\"Organization\",\"@id\":\"https:\\\/\\\/alcads.com\\\/sv\\\/#organization\",\"name\":\"Alcads\",\"url\":\"https:\\\/\\\/alcads.com\\\/sv\\\/\",\"logo\":{\"@type\":\"ImageObject\",\"inLanguage\":\"sv-SE\",\"@id\":\"https:\\\/\\\/alcads.com\\\/sv\\\/#\\\/schema\\\/logo\\\/image\\\/\",\"url\":\"https:\\\/\\\/alcads.com\\\/wp-content\\\/uploads\\\/2024\\\/05\\\/logo.png\",\"contentUrl\":\"https:\\\/\\\/alcads.com\\\/wp-content\\\/uploads\\\/2024\\\/05\\\/logo.png\",\"width\":122,\"height\":42,\"caption\":\"Alcads\"},\"image\":{\"@id\":\"https:\\\/\\\/alcads.com\\\/sv\\\/#\\\/schema\\\/logo\\\/image\\\/\"}}]}<\/script>\n<!-- \/ Yoast SEO plugin. -->","yoast_head_json":{"title":"Komplett j\u00e4mf\u00f6relse av olika ALCAD-versioner | Alcads.com","description":"Hitta den perfekta l\u00f6sningen f\u00f6r dina behov med v\u00e5r omfattande j\u00e4mf\u00f6relse av olika Alcad-versioner. Fatta ett v\u00e4lgrundat beslut idag","robots":{"index":"index","follow":"follow","max-snippet":"max-snippet:-1","max-image-preview":"max-image-preview:large","max-video-preview":"max-video-preview:-1"},"canonical":"https:\/\/alcads.com\/sv\/jamfor-alcad\/","og_locale":"sv_SE","og_type":"article","og_title":"Komplett j\u00e4mf\u00f6relse av olika ALCAD-versioner | Alcads.com","og_description":"Hitta den perfekta l\u00f6sningen f\u00f6r dina behov med v\u00e5r omfattande j\u00e4mf\u00f6relse av olika Alcad-versioner. Fatta ett v\u00e4lgrundat beslut idag","og_url":"https:\/\/alcads.com\/sv\/jamfor-alcad\/","og_site_name":"Alcads","article_modified_time":"2025-12-02T17:59:39+00:00","twitter_card":"summary_large_image","schema":{"@context":"https:\/\/schema.org","@graph":[{"@type":"WebPage","@id":"https:\/\/alcads.com\/sv\/jamfor-alcad\/","url":"https:\/\/alcads.com\/sv\/jamfor-alcad\/","name":"Komplett j\u00e4mf\u00f6relse av olika ALCAD-versioner | Alcads.com","isPartOf":{"@id":"https:\/\/alcads.com\/sv\/#website"},"datePublished":"2024-04-23T07:11:31+00:00","dateModified":"2025-12-02T17:59:39+00:00","description":"Hitta den perfekta l\u00f6sningen f\u00f6r dina behov med v\u00e5r omfattande j\u00e4mf\u00f6relse av olika Alcad-versioner. Fatta ett v\u00e4lgrundat beslut idag","breadcrumb":{"@id":"https:\/\/alcads.com\/sv\/jamfor-alcad\/#breadcrumb"},"inLanguage":"sv-SE","potentialAction":[{"@type":"ReadAction","target":["https:\/\/alcads.com\/sv\/jamfor-alcad\/"]}]},{"@type":"BreadcrumbList","@id":"https:\/\/alcads.com\/sv\/jamfor-alcad\/#breadcrumb","itemListElement":[{"@type":"ListItem","position":1,"name":"Home","item":"https:\/\/alcads.com\/sv\/"},{"@type":"ListItem","position":2,"name":"J\u00e4mf\u00f6r ALCAD"}]},{"@type":"WebSite","@id":"https:\/\/alcads.com\/sv\/#website","url":"https:\/\/alcads.com\/sv\/","name":"Alcads","description":"The Best AutoCAD Alternative","publisher":{"@id":"https:\/\/alcads.com\/sv\/#organization"},"potentialAction":[{"@type":"SearchAction","target":{"@type":"EntryPoint","urlTemplate":"https:\/\/alcads.com\/sv\/?s={search_term_string}"},"query-input":{"@type":"PropertyValueSpecification","valueRequired":true,"valueName":"search_term_string"}}],"inLanguage":"sv-SE"},{"@type":"Organization","@id":"https:\/\/alcads.com\/sv\/#organization","name":"Alcads","url":"https:\/\/alcads.com\/sv\/","logo":{"@type":"ImageObject","inLanguage":"sv-SE","@id":"https:\/\/alcads.com\/sv\/#\/schema\/logo\/image\/","url":"https:\/\/alcads.com\/wp-content\/uploads\/2024\/05\/logo.png","contentUrl":"https:\/\/alcads.com\/wp-content\/uploads\/2024\/05\/logo.png","width":122,"height":42,"caption":"Alcads"},"image":{"@id":"https:\/\/alcads.com\/sv\/#\/schema\/logo\/image\/"}}]}},"jetpack_sharing_enabled":true,"_links":{"self":[{"href":"https:\/\/alcads.com\/sv\/wp-json\/wp\/v2\/pages\/97316","targetHints":{"allow":["GET"]}}],"collection":[{"href":"https:\/\/alcads.com\/sv\/wp-json\/wp\/v2\/pages"}],"about":[{"href":"https:\/\/alcads.com\/sv\/wp-json\/wp\/v2\/types\/page"}],"author":[{"embeddable":true,"href":"https:\/\/alcads.com\/sv\/wp-json\/wp\/v2\/users\/1"}],"replies":[{"embeddable":true,"href":"https:\/\/alcads.com\/sv\/wp-json\/wp\/v2\/comments?post=97316"}],"version-history":[{"count":6,"href":"https:\/\/alcads.com\/sv\/wp-json\/wp\/v2\/pages\/97316\/revisions"}],"predecessor-version":[{"id":116648,"href":"https:\/\/alcads.com\/sv\/wp-json\/wp\/v2\/pages\/97316\/revisions\/116648"}],"wp:attachment":[{"href":"https:\/\/alcads.com\/sv\/wp-json\/wp\/v2\/media?parent=97316"}],"curies":[{"name":"wp","href":"https:\/\/api.w.org\/{rel}","templated":true}]}}