{"id":97283,"date":"2024-04-23T07:12:49","date_gmt":"2024-04-23T07:12:49","guid":{"rendered":"https:\/\/dev.alcads.com\/about-us\/"},"modified":"2025-11-12T15:18:11","modified_gmt":"2025-11-12T15:18:11","slug":"om-oss","status":"publish","type":"page","link":"https:\/\/alcads.com\/sv\/om-oss\/","title":{"rendered":"Om oss"},"content":{"rendered":"","protected":false},"excerpt":{"rendered":"","protected":false},"author":1,"featured_media":0,"parent":0,"menu_order":0,"comment_status":"closed","ping_status":"closed","template":"page-template\/about-us.php","meta":{"_acf_changed":false,"footnotes":""},"class_list":["post-97283","page","type-page","status-publish","hentry"],"acf":[],"yoast_head":"<!-- This site is optimized with the Yoast SEO plugin v27.3 - https:\/\/yoast.com\/product\/yoast-seo-wordpress\/ -->\n<title>Om oss | ALCAD | Alcads.com<\/title>\n<meta name=\"description\" content=\"Uppt\u00e4ck ALCADS, en ledande leverant\u00f6r av CAD-programvarul\u00f6sningar f\u00f6r olika branscher. V\u00e5rt erfarna team erbjuder schweizisk kvalitet till rimliga priser\" \/>\n<meta name=\"robots\" content=\"index, follow, max-snippet:-1, max-image-preview:large, max-video-preview:-1\" \/>\n<link rel=\"canonical\" href=\"https:\/\/alcads.com\/sv\/om-oss\/\" \/>\n<meta property=\"og:locale\" content=\"sv_SE\" \/>\n<meta property=\"og:type\" content=\"article\" \/>\n<meta property=\"og:title\" content=\"Om oss | ALCAD | Alcads.com\" \/>\n<meta property=\"og:description\" content=\"Uppt\u00e4ck ALCADS, en ledande leverant\u00f6r av CAD-programvarul\u00f6sningar f\u00f6r olika branscher. V\u00e5rt erfarna team erbjuder schweizisk kvalitet till rimliga priser\" \/>\n<meta property=\"og:url\" content=\"https:\/\/alcads.com\/sv\/om-oss\/\" \/>\n<meta property=\"og:site_name\" content=\"Alcads\" \/>\n<meta property=\"article:modified_time\" content=\"2025-11-12T15:18:11+00:00\" \/>\n<meta name=\"twitter:card\" content=\"summary_large_image\" \/>\n<script type=\"application\/ld+json\" class=\"yoast-schema-graph\">{\"@context\":\"https:\\\/\\\/schema.org\",\"@graph\":[{\"@type\":\"WebPage\",\"@id\":\"https:\\\/\\\/alcads.com\\\/sv\\\/om-oss\\\/\",\"url\":\"https:\\\/\\\/alcads.com\\\/sv\\\/om-oss\\\/\",\"name\":\"Om oss | ALCAD | Alcads.com\",\"isPartOf\":{\"@id\":\"https:\\\/\\\/alcads.com\\\/sv\\\/#website\"},\"datePublished\":\"2024-04-23T07:12:49+00:00\",\"dateModified\":\"2025-11-12T15:18:11+00:00\",\"description\":\"Uppt\u00e4ck ALCADS, en ledande leverant\u00f6r av CAD-programvarul\u00f6sningar f\u00f6r olika branscher. V\u00e5rt erfarna team erbjuder schweizisk kvalitet till rimliga priser\",\"breadcrumb\":{\"@id\":\"https:\\\/\\\/alcads.com\\\/sv\\\/om-oss\\\/#breadcrumb\"},\"inLanguage\":\"sv-SE\",\"potentialAction\":[{\"@type\":\"ReadAction\",\"target\":[\"https:\\\/\\\/alcads.com\\\/sv\\\/om-oss\\\/\"]}]},{\"@type\":\"BreadcrumbList\",\"@id\":\"https:\\\/\\\/alcads.com\\\/sv\\\/om-oss\\\/#breadcrumb\",\"itemListElement\":[{\"@type\":\"ListItem\",\"position\":1,\"name\":\"Home\",\"item\":\"https:\\\/\\\/alcads.com\\\/sv\\\/\"},{\"@type\":\"ListItem\",\"position\":2,\"name\":\"Om oss\"}]},{\"@type\":\"WebSite\",\"@id\":\"https:\\\/\\\/alcads.com\\\/sv\\\/#website\",\"url\":\"https:\\\/\\\/alcads.com\\\/sv\\\/\",\"name\":\"Alcads\",\"description\":\"The Best AutoCAD Alternative\",\"publisher\":{\"@id\":\"https:\\\/\\\/alcads.com\\\/sv\\\/#organization\"},\"potentialAction\":[{\"@type\":\"SearchAction\",\"target\":{\"@type\":\"EntryPoint\",\"urlTemplate\":\"https:\\\/\\\/alcads.com\\\/sv\\\/?s={search_term_string}\"},\"query-input\":{\"@type\":\"PropertyValueSpecification\",\"valueRequired\":true,\"valueName\":\"search_term_string\"}}],\"inLanguage\":\"sv-SE\"},{\"@type\":\"Organization\",\"@id\":\"https:\\\/\\\/alcads.com\\\/sv\\\/#organization\",\"name\":\"Alcads\",\"url\":\"https:\\\/\\\/alcads.com\\\/sv\\\/\",\"logo\":{\"@type\":\"ImageObject\",\"inLanguage\":\"sv-SE\",\"@id\":\"https:\\\/\\\/alcads.com\\\/sv\\\/#\\\/schema\\\/logo\\\/image\\\/\",\"url\":\"https:\\\/\\\/alcads.com\\\/wp-content\\\/uploads\\\/2024\\\/05\\\/logo.png\",\"contentUrl\":\"https:\\\/\\\/alcads.com\\\/wp-content\\\/uploads\\\/2024\\\/05\\\/logo.png\",\"width\":122,\"height\":42,\"caption\":\"Alcads\"},\"image\":{\"@id\":\"https:\\\/\\\/alcads.com\\\/sv\\\/#\\\/schema\\\/logo\\\/image\\\/\"}}]}<\/script>\n<!-- \/ Yoast SEO plugin. -->","yoast_head_json":{"title":"Om oss | ALCAD | Alcads.com","description":"Uppt\u00e4ck ALCADS, en ledande leverant\u00f6r av CAD-programvarul\u00f6sningar f\u00f6r olika branscher. V\u00e5rt erfarna team erbjuder schweizisk kvalitet till rimliga priser","robots":{"index":"index","follow":"follow","max-snippet":"max-snippet:-1","max-image-preview":"max-image-preview:large","max-video-preview":"max-video-preview:-1"},"canonical":"https:\/\/alcads.com\/sv\/om-oss\/","og_locale":"sv_SE","og_type":"article","og_title":"Om oss | ALCAD | Alcads.com","og_description":"Uppt\u00e4ck ALCADS, en ledande leverant\u00f6r av CAD-programvarul\u00f6sningar f\u00f6r olika branscher. V\u00e5rt erfarna team erbjuder schweizisk kvalitet till rimliga priser","og_url":"https:\/\/alcads.com\/sv\/om-oss\/","og_site_name":"Alcads","article_modified_time":"2025-11-12T15:18:11+00:00","twitter_card":"summary_large_image","schema":{"@context":"https:\/\/schema.org","@graph":[{"@type":"WebPage","@id":"https:\/\/alcads.com\/sv\/om-oss\/","url":"https:\/\/alcads.com\/sv\/om-oss\/","name":"Om oss | ALCAD | Alcads.com","isPartOf":{"@id":"https:\/\/alcads.com\/sv\/#website"},"datePublished":"2024-04-23T07:12:49+00:00","dateModified":"2025-11-12T15:18:11+00:00","description":"Uppt\u00e4ck ALCADS, en ledande leverant\u00f6r av CAD-programvarul\u00f6sningar f\u00f6r olika branscher. V\u00e5rt erfarna team erbjuder schweizisk kvalitet till rimliga priser","breadcrumb":{"@id":"https:\/\/alcads.com\/sv\/om-oss\/#breadcrumb"},"inLanguage":"sv-SE","potentialAction":[{"@type":"ReadAction","target":["https:\/\/alcads.com\/sv\/om-oss\/"]}]},{"@type":"BreadcrumbList","@id":"https:\/\/alcads.com\/sv\/om-oss\/#breadcrumb","itemListElement":[{"@type":"ListItem","position":1,"name":"Home","item":"https:\/\/alcads.com\/sv\/"},{"@type":"ListItem","position":2,"name":"Om oss"}]},{"@type":"WebSite","@id":"https:\/\/alcads.com\/sv\/#website","url":"https:\/\/alcads.com\/sv\/","name":"Alcads","description":"The Best AutoCAD Alternative","publisher":{"@id":"https:\/\/alcads.com\/sv\/#organization"},"potentialAction":[{"@type":"SearchAction","target":{"@type":"EntryPoint","urlTemplate":"https:\/\/alcads.com\/sv\/?s={search_term_string}"},"query-input":{"@type":"PropertyValueSpecification","valueRequired":true,"valueName":"search_term_string"}}],"inLanguage":"sv-SE"},{"@type":"Organization","@id":"https:\/\/alcads.com\/sv\/#organization","name":"Alcads","url":"https:\/\/alcads.com\/sv\/","logo":{"@type":"ImageObject","inLanguage":"sv-SE","@id":"https:\/\/alcads.com\/sv\/#\/schema\/logo\/image\/","url":"https:\/\/alcads.com\/wp-content\/uploads\/2024\/05\/logo.png","contentUrl":"https:\/\/alcads.com\/wp-content\/uploads\/2024\/05\/logo.png","width":122,"height":42,"caption":"Alcads"},"image":{"@id":"https:\/\/alcads.com\/sv\/#\/schema\/logo\/image\/"}}]}},"jetpack_sharing_enabled":true,"_links":{"self":[{"href":"https:\/\/alcads.com\/sv\/wp-json\/wp\/v2\/pages\/97283","targetHints":{"allow":["GET"]}}],"collection":[{"href":"https:\/\/alcads.com\/sv\/wp-json\/wp\/v2\/pages"}],"about":[{"href":"https:\/\/alcads.com\/sv\/wp-json\/wp\/v2\/types\/page"}],"author":[{"embeddable":true,"href":"https:\/\/alcads.com\/sv\/wp-json\/wp\/v2\/users\/1"}],"replies":[{"embeddable":true,"href":"https:\/\/alcads.com\/sv\/wp-json\/wp\/v2\/comments?post=97283"}],"version-history":[{"count":2,"href":"https:\/\/alcads.com\/sv\/wp-json\/wp\/v2\/pages\/97283\/revisions"}],"predecessor-version":[{"id":106689,"href":"https:\/\/alcads.com\/sv\/wp-json\/wp\/v2\/pages\/97283\/revisions\/106689"}],"wp:attachment":[{"href":"https:\/\/alcads.com\/sv\/wp-json\/wp\/v2\/media?parent=97283"}],"curies":[{"name":"wp","href":"https:\/\/api.w.org\/{rel}","templated":true}]}}