{"id":116153,"date":"2025-12-01T10:08:01","date_gmt":"2025-12-01T10:08:01","guid":{"rendered":"https:\/\/alcads.com\/?post_type=product&#038;p=116153"},"modified":"2025-12-03T11:08:55","modified_gmt":"2025-12-03T11:08:55","slug":"alcad-standard","status":"publish","type":"product","link":"https:\/\/alcads.com\/pt-pt\/product\/alcad-standard\/","title":{"rendered":"ALCAD Standard 2026"},"content":{"rendered":"<p>ALCAD 2D\/3D \u00e9 a melhor alternativa ao AutoCAD. A mesma interface e fun\u00e7\u00f5es do AutoCAD.<\/p>\n<p>Este produto inclui apenas o CAD.<\/p>\n<p>Compara a tabela ALCAD com AutoCAD aqui:<\/p>\n<p><a href=\"https:\/\/alcads.com\/pt-pt\/comparar-alcad\/\" target=\"_blank\" rel=\"noopener\">Compara ALCAD | ALCAD (alcads.com)<\/a><\/p>\n<p><strong>ALCAD &#8211; a interface CAD DWG-CAD<br \/>\ntotalmente compat\u00edvel e funciona da mesma forma que o AutoCAD.<\/strong><\/p>\n<p>O ALCAD Standard 2026 est\u00e1 dispon\u00edvel como licen\u00e7a anual por 229 euros ou como licen\u00e7a \u00fanica permanente por 369 euros.<\/p>\n<ul>\n<li>Suporte DWG 2026<\/li>\n<li>Importa\u00e7\u00e3o de MAP de geolocaliza\u00e7\u00e3o<\/li>\n<li>Importa\u00e7\u00e3o de PDF para DWG<\/li>\n<li>LAYER-Manager<\/li>\n<li>Gestor de XREF<\/li>\n<li>Ferramentas 2D completas e fun\u00e7\u00f5es simples de modela\u00e7\u00e3o 3D<\/li>\n<li>Suporte a imagens rasterizadas<\/li>\n<li>Nova entrada din\u00e2mica<\/li>\n<li>Mapa geogr\u00e1fico Localiza\u00e7\u00e3o e imagem<\/li>\n<li>Adiciona assinaturas digitais<\/li>\n<li>Modos de esbo\u00e7o e sele\u00e7\u00e3o<\/li>\n<li>Exporta\u00e7\u00e3o de PDF 2D e 3D<\/li>\n<li>LISP, IRX\/DRX, SDS<\/li>\n<li>Novos estilos visuais e materiais<\/li>\n<li>Microsoft VBA 7.1 e API .NET<\/li>\n<li>apoio \u00e0 transmiss\u00e3o<\/li>\n<li>Explos\u00e3o de texto e escotilha de gradiente<\/li>\n<li>Arquitetura de 64 bits<\/li>\n<li>Suporte multi-core<\/li>\n<li>Suporte a v\u00e1rios idiomas<\/li>\n<li>Transfer\u00eancia flex\u00edvel de licen\u00e7as por autosservi\u00e7o. N\u00e3o h\u00e1 limites para as transfer\u00eancias.<\/li>\n<li>(*) Para MEP 2D\/3D escolhe ALCAD Professional 2D\/3D com todos os plugins MEP<\/li>\n<\/ul>\n","protected":false},"excerpt":{"rendered":"<p>ALCAD 2D\/3D \u00e9 a melhor alternativa ao AutoCAD. A mesma interface e fun\u00e7\u00f5es do AutoCAD. Este produto inclui apenas o CAD. Compara a tabela ALCAD com AutoCAD aqui: Compara ALCAD | ALCAD (alcads.com) ALCAD &#8211; a interface CAD DWG-CAD totalmente compat\u00edvel e funciona da mesma forma que o AutoCAD. O ALCAD Standard 2026 est\u00e1 dispon\u00edvel [&hellip;]<\/p>\n","protected":false},"featured_media":116461,"comment_status":"closed","ping_status":"closed","template":"","meta":{"_acf_changed":false},"product_brand":[],"product_cat":[547],"product_tag":[],"class_list":{"0":"post-116153","1":"product","2":"type-product","3":"status-publish","4":"has-post-thumbnail","6":"product_cat-pacotes-alcad","8":"first","9":"instock","10":"purchasable","11":"product-type-variable","12":"has-default-attributes"},"acf":[],"yoast_head":"<!-- This site is optimized with the Yoast SEO plugin v27.3 - https:\/\/yoast.com\/product\/yoast-seo-wordpress\/ -->\n<title>ALCAD Standard 2026 - Alcads<\/title>\n<meta name=\"description\" content=\"Obt\u00e9m o ALCAD Professional, a alternativa econ\u00f3mica ao AutoCAD. Desfruta de suporte DWG, anexo BIM, ferramentas 2D\/3D e muito mais. Escolhe licen\u00e7as anuais (199 euros) ou permanentes (349 euros). Compra agora!\" \/>\n<meta name=\"robots\" content=\"index, follow, max-snippet:-1, max-image-preview:large, max-video-preview:-1\" \/>\n<link rel=\"canonical\" href=\"https:\/\/alcads.com\/pt-pt\/product\/alcad-standard\/\" \/>\n<meta property=\"og:locale\" content=\"pt_PT\" \/>\n<meta property=\"og:type\" content=\"article\" \/>\n<meta property=\"og:title\" content=\"ALCAD Standard 2026 - Alcads\" \/>\n<meta property=\"og:description\" content=\"Obt\u00e9m o ALCAD Professional, a alternativa econ\u00f3mica ao AutoCAD. Desfruta de suporte DWG, anexo BIM, ferramentas 2D\/3D e muito mais. Escolhe licen\u00e7as anuais (199 euros) ou permanentes (349 euros). Compra agora!\" \/>\n<meta property=\"og:url\" content=\"https:\/\/alcads.com\/pt-pt\/product\/alcad-standard\/\" \/>\n<meta property=\"og:site_name\" content=\"Alcads\" \/>\n<meta property=\"article:modified_time\" content=\"2025-12-03T11:08:55+00:00\" \/>\n<meta property=\"og:image\" content=\"https:\/\/alcads.com\/wp-content\/uploads\/Box_Standard-1-1024x1024.png\" \/>\n\t<meta property=\"og:image:width\" content=\"1024\" \/>\n\t<meta property=\"og:image:height\" content=\"1024\" \/>\n\t<meta property=\"og:image:type\" content=\"image\/png\" \/>\n<meta name=\"twitter:card\" content=\"summary_large_image\" \/>\n<meta name=\"twitter:label1\" content=\"Tempo estimado de leitura\" \/>\n\t<meta name=\"twitter:data1\" content=\"1 minuto\" \/>\n<script type=\"application\/ld+json\" class=\"yoast-schema-graph\">{\"@context\":\"https:\\\/\\\/schema.org\",\"@graph\":[{\"@type\":\"WebPage\",\"@id\":\"https:\\\/\\\/alcads.com\\\/pt-pt\\\/product\\\/alcad-standard\\\/\",\"url\":\"https:\\\/\\\/alcads.com\\\/pt-pt\\\/product\\\/alcad-standard\\\/\",\"name\":\"ALCAD Standard 2026 - Alcads\",\"isPartOf\":{\"@id\":\"https:\\\/\\\/alcads.com\\\/pt-pt\\\/#website\"},\"primaryImageOfPage\":{\"@id\":\"https:\\\/\\\/alcads.com\\\/pt-pt\\\/product\\\/alcad-standard\\\/#primaryimage\"},\"image\":{\"@id\":\"https:\\\/\\\/alcads.com\\\/pt-pt\\\/product\\\/alcad-standard\\\/#primaryimage\"},\"thumbnailUrl\":\"https:\\\/\\\/alcads.com\\\/wp-content\\\/uploads\\\/Box_Standard-1.png\",\"datePublished\":\"2025-12-01T10:08:01+00:00\",\"dateModified\":\"2025-12-03T11:08:55+00:00\",\"description\":\"Obt\u00e9m o ALCAD Professional, a alternativa econ\u00f3mica ao AutoCAD. Desfruta de suporte DWG, anexo BIM, ferramentas 2D\\\/3D e muito mais. Escolhe licen\u00e7as anuais (199 euros) ou permanentes (349 euros). Compra agora!\",\"breadcrumb\":{\"@id\":\"https:\\\/\\\/alcads.com\\\/pt-pt\\\/product\\\/alcad-standard\\\/#breadcrumb\"},\"inLanguage\":\"pt-PT\",\"potentialAction\":[{\"@type\":\"ReadAction\",\"target\":[\"https:\\\/\\\/alcads.com\\\/pt-pt\\\/product\\\/alcad-standard\\\/\"]}]},{\"@type\":\"ImageObject\",\"inLanguage\":\"pt-PT\",\"@id\":\"https:\\\/\\\/alcads.com\\\/pt-pt\\\/product\\\/alcad-standard\\\/#primaryimage\",\"url\":\"https:\\\/\\\/alcads.com\\\/wp-content\\\/uploads\\\/Box_Standard-1.png\",\"contentUrl\":\"https:\\\/\\\/alcads.com\\\/wp-content\\\/uploads\\\/Box_Standard-1.png\",\"width\":2048,\"height\":2048},{\"@type\":\"BreadcrumbList\",\"@id\":\"https:\\\/\\\/alcads.com\\\/pt-pt\\\/product\\\/alcad-standard\\\/#breadcrumb\",\"itemListElement\":[{\"@type\":\"ListItem\",\"position\":1,\"name\":\"Home\",\"item\":\"https:\\\/\\\/alcads.com\\\/pt-pt\\\/\"},{\"@type\":\"ListItem\",\"position\":2,\"name\":\"Armazena\",\"item\":\"https:\\\/\\\/alcads.com\\\/pt-pt\\\/loja\\\/\"},{\"@type\":\"ListItem\",\"position\":3,\"name\":\"ALCAD Standard 2026\"}]},{\"@type\":\"WebSite\",\"@id\":\"https:\\\/\\\/alcads.com\\\/pt-pt\\\/#website\",\"url\":\"https:\\\/\\\/alcads.com\\\/pt-pt\\\/\",\"name\":\"Alcads\",\"description\":\"The Best AutoCAD Alternative\",\"publisher\":{\"@id\":\"https:\\\/\\\/alcads.com\\\/pt-pt\\\/#organization\"},\"potentialAction\":[{\"@type\":\"SearchAction\",\"target\":{\"@type\":\"EntryPoint\",\"urlTemplate\":\"https:\\\/\\\/alcads.com\\\/pt-pt\\\/?s={search_term_string}\"},\"query-input\":{\"@type\":\"PropertyValueSpecification\",\"valueRequired\":true,\"valueName\":\"search_term_string\"}}],\"inLanguage\":\"pt-PT\"},{\"@type\":\"Organization\",\"@id\":\"https:\\\/\\\/alcads.com\\\/pt-pt\\\/#organization\",\"name\":\"Alcads\",\"url\":\"https:\\\/\\\/alcads.com\\\/pt-pt\\\/\",\"logo\":{\"@type\":\"ImageObject\",\"inLanguage\":\"pt-PT\",\"@id\":\"https:\\\/\\\/alcads.com\\\/pt-pt\\\/#\\\/schema\\\/logo\\\/image\\\/\",\"url\":\"https:\\\/\\\/alcads.com\\\/wp-content\\\/uploads\\\/2024\\\/05\\\/logo.png\",\"contentUrl\":\"https:\\\/\\\/alcads.com\\\/wp-content\\\/uploads\\\/2024\\\/05\\\/logo.png\",\"width\":122,\"height\":42,\"caption\":\"Alcads\"},\"image\":{\"@id\":\"https:\\\/\\\/alcads.com\\\/pt-pt\\\/#\\\/schema\\\/logo\\\/image\\\/\"}}]}<\/script>\n<!-- \/ Yoast SEO plugin. -->","yoast_head_json":{"title":"ALCAD Standard 2026 - Alcads","description":"Obt\u00e9m o ALCAD Professional, a alternativa econ\u00f3mica ao AutoCAD. Desfruta de suporte DWG, anexo BIM, ferramentas 2D\/3D e muito mais. Escolhe licen\u00e7as anuais (199 euros) ou permanentes (349 euros). Compra agora!","robots":{"index":"index","follow":"follow","max-snippet":"max-snippet:-1","max-image-preview":"max-image-preview:large","max-video-preview":"max-video-preview:-1"},"canonical":"https:\/\/alcads.com\/pt-pt\/product\/alcad-standard\/","og_locale":"pt_PT","og_type":"article","og_title":"ALCAD Standard 2026 - Alcads","og_description":"Obt\u00e9m o ALCAD Professional, a alternativa econ\u00f3mica ao AutoCAD. Desfruta de suporte DWG, anexo BIM, ferramentas 2D\/3D e muito mais. Escolhe licen\u00e7as anuais (199 euros) ou permanentes (349 euros). Compra agora!","og_url":"https:\/\/alcads.com\/pt-pt\/product\/alcad-standard\/","og_site_name":"Alcads","article_modified_time":"2025-12-03T11:08:55+00:00","og_image":[{"width":1024,"height":1024,"url":"https:\/\/alcads.com\/wp-content\/uploads\/Box_Standard-1-1024x1024.png","type":"image\/png"}],"twitter_card":"summary_large_image","twitter_misc":{"Tempo estimado de leitura":"1 minuto"},"schema":{"@context":"https:\/\/schema.org","@graph":[{"@type":"WebPage","@id":"https:\/\/alcads.com\/pt-pt\/product\/alcad-standard\/","url":"https:\/\/alcads.com\/pt-pt\/product\/alcad-standard\/","name":"ALCAD Standard 2026 - Alcads","isPartOf":{"@id":"https:\/\/alcads.com\/pt-pt\/#website"},"primaryImageOfPage":{"@id":"https:\/\/alcads.com\/pt-pt\/product\/alcad-standard\/#primaryimage"},"image":{"@id":"https:\/\/alcads.com\/pt-pt\/product\/alcad-standard\/#primaryimage"},"thumbnailUrl":"https:\/\/alcads.com\/wp-content\/uploads\/Box_Standard-1.png","datePublished":"2025-12-01T10:08:01+00:00","dateModified":"2025-12-03T11:08:55+00:00","description":"Obt\u00e9m o ALCAD Professional, a alternativa econ\u00f3mica ao AutoCAD. Desfruta de suporte DWG, anexo BIM, ferramentas 2D\/3D e muito mais. Escolhe licen\u00e7as anuais (199 euros) ou permanentes (349 euros). Compra agora!","breadcrumb":{"@id":"https:\/\/alcads.com\/pt-pt\/product\/alcad-standard\/#breadcrumb"},"inLanguage":"pt-PT","potentialAction":[{"@type":"ReadAction","target":["https:\/\/alcads.com\/pt-pt\/product\/alcad-standard\/"]}]},{"@type":"ImageObject","inLanguage":"pt-PT","@id":"https:\/\/alcads.com\/pt-pt\/product\/alcad-standard\/#primaryimage","url":"https:\/\/alcads.com\/wp-content\/uploads\/Box_Standard-1.png","contentUrl":"https:\/\/alcads.com\/wp-content\/uploads\/Box_Standard-1.png","width":2048,"height":2048},{"@type":"BreadcrumbList","@id":"https:\/\/alcads.com\/pt-pt\/product\/alcad-standard\/#breadcrumb","itemListElement":[{"@type":"ListItem","position":1,"name":"Home","item":"https:\/\/alcads.com\/pt-pt\/"},{"@type":"ListItem","position":2,"name":"Armazena","item":"https:\/\/alcads.com\/pt-pt\/loja\/"},{"@type":"ListItem","position":3,"name":"ALCAD Standard 2026"}]},{"@type":"WebSite","@id":"https:\/\/alcads.com\/pt-pt\/#website","url":"https:\/\/alcads.com\/pt-pt\/","name":"Alcads","description":"The Best AutoCAD Alternative","publisher":{"@id":"https:\/\/alcads.com\/pt-pt\/#organization"},"potentialAction":[{"@type":"SearchAction","target":{"@type":"EntryPoint","urlTemplate":"https:\/\/alcads.com\/pt-pt\/?s={search_term_string}"},"query-input":{"@type":"PropertyValueSpecification","valueRequired":true,"valueName":"search_term_string"}}],"inLanguage":"pt-PT"},{"@type":"Organization","@id":"https:\/\/alcads.com\/pt-pt\/#organization","name":"Alcads","url":"https:\/\/alcads.com\/pt-pt\/","logo":{"@type":"ImageObject","inLanguage":"pt-PT","@id":"https:\/\/alcads.com\/pt-pt\/#\/schema\/logo\/image\/","url":"https:\/\/alcads.com\/wp-content\/uploads\/2024\/05\/logo.png","contentUrl":"https:\/\/alcads.com\/wp-content\/uploads\/2024\/05\/logo.png","width":122,"height":42,"caption":"Alcads"},"image":{"@id":"https:\/\/alcads.com\/pt-pt\/#\/schema\/logo\/image\/"}}]}},"jetpack_sharing_enabled":true,"_links":{"self":[{"href":"https:\/\/alcads.com\/pt-pt\/wp-json\/wp\/v2\/product\/116153","targetHints":{"allow":["GET"]}}],"collection":[{"href":"https:\/\/alcads.com\/pt-pt\/wp-json\/wp\/v2\/product"}],"about":[{"href":"https:\/\/alcads.com\/pt-pt\/wp-json\/wp\/v2\/types\/product"}],"replies":[{"embeddable":true,"href":"https:\/\/alcads.com\/pt-pt\/wp-json\/wp\/v2\/comments?post=116153"}],"wp:featuredmedia":[{"embeddable":true,"href":"https:\/\/alcads.com\/pt-pt\/wp-json\/wp\/v2\/media\/116461"}],"wp:attachment":[{"href":"https:\/\/alcads.com\/pt-pt\/wp-json\/wp\/v2\/media?parent=116153"}],"wp:term":[{"taxonomy":"product_brand","embeddable":true,"href":"https:\/\/alcads.com\/pt-pt\/wp-json\/wp\/v2\/product_brand?post=116153"},{"taxonomy":"product_cat","embeddable":true,"href":"https:\/\/alcads.com\/pt-pt\/wp-json\/wp\/v2\/product_cat?post=116153"},{"taxonomy":"product_tag","embeddable":true,"href":"https:\/\/alcads.com\/pt-pt\/wp-json\/wp\/v2\/product_tag?post=116153"}],"curies":[{"name":"wp","href":"https:\/\/api.w.org\/{rel}","templated":true}]}}