{"id":105353,"date":"2024-04-25T10:45:56","date_gmt":"2024-04-25T10:45:56","guid":{"rendered":"https:\/\/dev.alcads.com\/product\/upgrade-alcad-professional\/"},"modified":"2025-12-02T11:18:30","modified_gmt":"2025-12-02T11:18:30","slug":"atualizacao-alcad-2024-professional-2d-3d-cad","status":"publish","type":"product","link":"https:\/\/alcads.com\/pt-pt\/product\/atualizacao-alcad-2024-professional-2d-3d-cad\/","title":{"rendered":"Atualiza\u00e7\u00e3o \u2013 ALCAD Professional 2026 CAD"},"content":{"rendered":"<p>Atualiza\u00e7\u00e3o para o Atualiza\u00e7\u00e3o \u2013 ALCAD Professional 2026 CAD. Licen\u00e7a permanente. A atualiza\u00e7\u00e3o s\u00f3 \u00e9 poss\u00edvel se tiveres uma licen\u00e7a antiga como ALCAD 2021, ALCAD 2022, ALCAD 2023 ou ALCAD 2024. Esta atualiza\u00e7\u00e3o N\u00c3O \u00e9 v\u00e1lida para a solu\u00e7\u00e3o MEP\/HVAC. Ap\u00f3s a compra, a licen\u00e7a antiga existente ser\u00e1 congelada e receber\u00e1s uma nova licen\u00e7a.<br \/>\nALCAD \u00e9 a melhor alternativa ao AutoCAD. A mesma interface e fun\u00e7\u00f5es do AutoCAD.<\/p>\n<p>Este produto inclui apenas o CAD.<br \/>\nCompara a tabela ALCAD com o AutoCAD aqui:<br \/>\n<a href=\"https:\/\/alcads.com\/compare-alcad\/\" target=\"_blank\" rel=\"noopener\">Compara ALCAD | ALCAD (alcads.com)<\/a><\/p>\n<p><strong>ALCAD &#8211; a interface CAD DWG-CAD<br \/>\ntotalmente compat\u00edvel e funciona da mesma forma que o AutoCAD.<\/strong><\/p>\n<ul>\n<li>Suporte a .DWG 2026<\/li>\n<li>Importa\u00e7\u00e3o de MAP de geolocaliza\u00e7\u00e3o<\/li>\n<li>Importa\u00e7\u00e3o de PDF para DWG<\/li>\n<li>LAYER-Manager<\/li>\n<li>Gestor de XREF<\/li>\n<li>Arquitetura 3D<\/li>\n<li>Ferramentas 2D e 3D completas<\/li>\n<li>Suporte a imagens rasterizadas<\/li>\n<li>Anexar BIM (rvt &amp; rfa)<\/li>\n<li>Nova entrada din\u00e2mica<\/li>\n<li>Mapa geogr\u00e1fico Localiza\u00e7\u00e3o e imagem<\/li>\n<li>Adiciona assinaturas digitais<\/li>\n<li>Modos de esbo\u00e7o e sele\u00e7\u00e3o<\/li>\n<li>Exporta\u00e7\u00e3o de PDF 2D e 3D<\/li>\n<li>LISP, IRX\/DRX, SDS<\/li>\n<li>Novos estilos visuais e materiais<\/li>\n<li>Renderiza\u00e7\u00e3o realista<\/li>\n<li>Complemento de renderiza\u00e7\u00e3o avan\u00e7ada<\/li>\n<li>Microsoft VBA 7.1 e API .NET<\/li>\n<li>apoio \u00e0 transmiss\u00e3o<\/li>\n<li>Explos\u00e3o de texto e escotilha de gradiente<\/li>\n<li>Arquitetura de 64 bits<\/li>\n<li>Suporte multi-core<\/li>\n<li>Suporte a v\u00e1rios idiomas<\/li>\n<li>Transfer\u00eancia flex\u00edvel de licen\u00e7as por autosservi\u00e7o. N\u00e3o h\u00e1 limites para as transfer\u00eancias.<\/li>\n<li>(*) Para MEP 2D\/3D escolhe ALCAD Professional 2D\/3D com todos os plugins MEP<\/li>\n<\/ul>\n","protected":false},"excerpt":{"rendered":"<p>Atualiza\u00e7\u00e3o para o Atualiza\u00e7\u00e3o \u2013 ALCAD Professional 2026 CAD. Licen\u00e7a permanente. A atualiza\u00e7\u00e3o s\u00f3 \u00e9 poss\u00edvel se tiveres uma licen\u00e7a antiga como ALCAD 2021, ALCAD 2022, ALCAD 2023 ou ALCAD 2024. Esta atualiza\u00e7\u00e3o N\u00c3O \u00e9 v\u00e1lida para a solu\u00e7\u00e3o MEP\/HVAC. Ap\u00f3s a compra, a licen\u00e7a antiga existente ser\u00e1 congelada e receber\u00e1s uma nova licen\u00e7a. ALCAD [&hellip;]<\/p>\n","protected":false},"featured_media":96660,"comment_status":"closed","ping_status":"closed","template":"","meta":{"_acf_changed":false},"product_brand":[],"product_cat":[547],"product_tag":[],"class_list":{"0":"post-105353","1":"product","2":"type-product","3":"status-publish","4":"has-post-thumbnail","6":"product_cat-pacotes-alcad","8":"first","9":"instock","10":"taxable","11":"shipping-taxable","12":"purchasable","13":"product-type-simple"},"acf":[],"yoast_head":"<!-- This site is optimized with the Yoast SEO plugin v27.3 - https:\/\/yoast.com\/product\/yoast-seo-wordpress\/ -->\n<title>Atualiza\u00e7\u00e3o \u2013 ALCAD Professional 2026 CAD - Alcads<\/title>\n<meta name=\"description\" content=\"Obt\u00e9m a atualiza\u00e7\u00e3o do ALCAD 2024 Professional por 229 euros. Beneficia de funcionalidades CAD 2D\/3D avan\u00e7adas, suporte DWG 2024 e compatibilidade perfeita com o AutoCAD. Compra agora!\" \/>\n<meta name=\"robots\" content=\"index, follow, max-snippet:-1, max-image-preview:large, max-video-preview:-1\" \/>\n<link rel=\"canonical\" href=\"https:\/\/alcads.com\/pt-pt\/product\/atualizacao-alcad-2024-professional-2d-3d-cad\/\" \/>\n<meta property=\"og:locale\" content=\"pt_PT\" \/>\n<meta property=\"og:type\" content=\"article\" \/>\n<meta property=\"og:title\" content=\"Atualiza\u00e7\u00e3o \u2013 ALCAD Professional 2026 CAD - Alcads\" \/>\n<meta property=\"og:description\" content=\"Obt\u00e9m a atualiza\u00e7\u00e3o do ALCAD 2024 Professional por 229 euros. Beneficia de funcionalidades CAD 2D\/3D avan\u00e7adas, suporte DWG 2024 e compatibilidade perfeita com o AutoCAD. Compra agora!\" \/>\n<meta property=\"og:url\" content=\"https:\/\/alcads.com\/pt-pt\/product\/atualizacao-alcad-2024-professional-2d-3d-cad\/\" \/>\n<meta property=\"og:site_name\" content=\"Alcads\" \/>\n<meta property=\"article:modified_time\" content=\"2025-12-02T11:18:30+00:00\" \/>\n<meta property=\"og:image\" content=\"https:\/\/alcads.com\/wp-content\/uploads\/2024\/04\/AL_Logo_PNG_1-scaled.jpg\" \/>\n\t<meta property=\"og:image:width\" content=\"2560\" \/>\n\t<meta property=\"og:image:height\" content=\"2560\" \/>\n\t<meta property=\"og:image:type\" content=\"image\/jpeg\" \/>\n<meta name=\"twitter:card\" content=\"summary_large_image\" \/>\n<meta name=\"twitter:label1\" content=\"Tempo estimado de leitura\" \/>\n\t<meta name=\"twitter:data1\" content=\"2 minutos\" \/>\n<script type=\"application\/ld+json\" class=\"yoast-schema-graph\">{\"@context\":\"https:\\\/\\\/schema.org\",\"@graph\":[{\"@type\":\"WebPage\",\"@id\":\"https:\\\/\\\/alcads.com\\\/pt-pt\\\/product\\\/atualizacao-alcad-2024-professional-2d-3d-cad\\\/\",\"url\":\"https:\\\/\\\/alcads.com\\\/pt-pt\\\/product\\\/atualizacao-alcad-2024-professional-2d-3d-cad\\\/\",\"name\":\"Atualiza\u00e7\u00e3o \u2013 ALCAD Professional 2026 CAD - Alcads\",\"isPartOf\":{\"@id\":\"https:\\\/\\\/alcads.com\\\/pt-pt\\\/#website\"},\"primaryImageOfPage\":{\"@id\":\"https:\\\/\\\/alcads.com\\\/pt-pt\\\/product\\\/atualizacao-alcad-2024-professional-2d-3d-cad\\\/#primaryimage\"},\"image\":{\"@id\":\"https:\\\/\\\/alcads.com\\\/pt-pt\\\/product\\\/atualizacao-alcad-2024-professional-2d-3d-cad\\\/#primaryimage\"},\"thumbnailUrl\":\"https:\\\/\\\/alcads.com\\\/wp-content\\\/uploads\\\/2024\\\/04\\\/AL_Logo_PNG_1-scaled.jpg\",\"datePublished\":\"2024-04-25T10:45:56+00:00\",\"dateModified\":\"2025-12-02T11:18:30+00:00\",\"description\":\"Obt\u00e9m a atualiza\u00e7\u00e3o do ALCAD 2024 Professional por 229 euros. Beneficia de funcionalidades CAD 2D\\\/3D avan\u00e7adas, suporte DWG 2024 e compatibilidade perfeita com o AutoCAD. Compra agora!\",\"breadcrumb\":{\"@id\":\"https:\\\/\\\/alcads.com\\\/pt-pt\\\/product\\\/atualizacao-alcad-2024-professional-2d-3d-cad\\\/#breadcrumb\"},\"inLanguage\":\"pt-PT\",\"potentialAction\":[{\"@type\":\"ReadAction\",\"target\":[\"https:\\\/\\\/alcads.com\\\/pt-pt\\\/product\\\/atualizacao-alcad-2024-professional-2d-3d-cad\\\/\"]}]},{\"@type\":\"ImageObject\",\"inLanguage\":\"pt-PT\",\"@id\":\"https:\\\/\\\/alcads.com\\\/pt-pt\\\/product\\\/atualizacao-alcad-2024-professional-2d-3d-cad\\\/#primaryimage\",\"url\":\"https:\\\/\\\/alcads.com\\\/wp-content\\\/uploads\\\/2024\\\/04\\\/AL_Logo_PNG_1-scaled.jpg\",\"contentUrl\":\"https:\\\/\\\/alcads.com\\\/wp-content\\\/uploads\\\/2024\\\/04\\\/AL_Logo_PNG_1-scaled.jpg\",\"width\":2560,\"height\":2560,\"caption\":\"log\u00f3tipo alcads\"},{\"@type\":\"BreadcrumbList\",\"@id\":\"https:\\\/\\\/alcads.com\\\/pt-pt\\\/product\\\/atualizacao-alcad-2024-professional-2d-3d-cad\\\/#breadcrumb\",\"itemListElement\":[{\"@type\":\"ListItem\",\"position\":1,\"name\":\"Home\",\"item\":\"https:\\\/\\\/alcads.com\\\/pt-pt\\\/\"},{\"@type\":\"ListItem\",\"position\":2,\"name\":\"Armazena\",\"item\":\"https:\\\/\\\/alcads.com\\\/pt-pt\\\/loja\\\/\"},{\"@type\":\"ListItem\",\"position\":3,\"name\":\"Atualiza\u00e7\u00e3o \u2013 ALCAD Professional 2026 CAD\"}]},{\"@type\":\"WebSite\",\"@id\":\"https:\\\/\\\/alcads.com\\\/pt-pt\\\/#website\",\"url\":\"https:\\\/\\\/alcads.com\\\/pt-pt\\\/\",\"name\":\"Alcads\",\"description\":\"The Best AutoCAD Alternative\",\"publisher\":{\"@id\":\"https:\\\/\\\/alcads.com\\\/pt-pt\\\/#organization\"},\"potentialAction\":[{\"@type\":\"SearchAction\",\"target\":{\"@type\":\"EntryPoint\",\"urlTemplate\":\"https:\\\/\\\/alcads.com\\\/pt-pt\\\/?s={search_term_string}\"},\"query-input\":{\"@type\":\"PropertyValueSpecification\",\"valueRequired\":true,\"valueName\":\"search_term_string\"}}],\"inLanguage\":\"pt-PT\"},{\"@type\":\"Organization\",\"@id\":\"https:\\\/\\\/alcads.com\\\/pt-pt\\\/#organization\",\"name\":\"Alcads\",\"url\":\"https:\\\/\\\/alcads.com\\\/pt-pt\\\/\",\"logo\":{\"@type\":\"ImageObject\",\"inLanguage\":\"pt-PT\",\"@id\":\"https:\\\/\\\/alcads.com\\\/pt-pt\\\/#\\\/schema\\\/logo\\\/image\\\/\",\"url\":\"https:\\\/\\\/alcads.com\\\/wp-content\\\/uploads\\\/2024\\\/05\\\/logo.png\",\"contentUrl\":\"https:\\\/\\\/alcads.com\\\/wp-content\\\/uploads\\\/2024\\\/05\\\/logo.png\",\"width\":122,\"height\":42,\"caption\":\"Alcads\"},\"image\":{\"@id\":\"https:\\\/\\\/alcads.com\\\/pt-pt\\\/#\\\/schema\\\/logo\\\/image\\\/\"}}]}<\/script>\n<!-- \/ Yoast SEO plugin. -->","yoast_head_json":{"title":"Atualiza\u00e7\u00e3o \u2013 ALCAD Professional 2026 CAD - Alcads","description":"Obt\u00e9m a atualiza\u00e7\u00e3o do ALCAD 2024 Professional por 229 euros. Beneficia de funcionalidades CAD 2D\/3D avan\u00e7adas, suporte DWG 2024 e compatibilidade perfeita com o AutoCAD. Compra agora!","robots":{"index":"index","follow":"follow","max-snippet":"max-snippet:-1","max-image-preview":"max-image-preview:large","max-video-preview":"max-video-preview:-1"},"canonical":"https:\/\/alcads.com\/pt-pt\/product\/atualizacao-alcad-2024-professional-2d-3d-cad\/","og_locale":"pt_PT","og_type":"article","og_title":"Atualiza\u00e7\u00e3o \u2013 ALCAD Professional 2026 CAD - Alcads","og_description":"Obt\u00e9m a atualiza\u00e7\u00e3o do ALCAD 2024 Professional por 229 euros. Beneficia de funcionalidades CAD 2D\/3D avan\u00e7adas, suporte DWG 2024 e compatibilidade perfeita com o AutoCAD. Compra agora!","og_url":"https:\/\/alcads.com\/pt-pt\/product\/atualizacao-alcad-2024-professional-2d-3d-cad\/","og_site_name":"Alcads","article_modified_time":"2025-12-02T11:18:30+00:00","og_image":[{"width":2560,"height":2560,"url":"https:\/\/alcads.com\/wp-content\/uploads\/2024\/04\/AL_Logo_PNG_1-scaled.jpg","type":"image\/jpeg"}],"twitter_card":"summary_large_image","twitter_misc":{"Tempo estimado de leitura":"2 minutos"},"schema":{"@context":"https:\/\/schema.org","@graph":[{"@type":"WebPage","@id":"https:\/\/alcads.com\/pt-pt\/product\/atualizacao-alcad-2024-professional-2d-3d-cad\/","url":"https:\/\/alcads.com\/pt-pt\/product\/atualizacao-alcad-2024-professional-2d-3d-cad\/","name":"Atualiza\u00e7\u00e3o \u2013 ALCAD Professional 2026 CAD - Alcads","isPartOf":{"@id":"https:\/\/alcads.com\/pt-pt\/#website"},"primaryImageOfPage":{"@id":"https:\/\/alcads.com\/pt-pt\/product\/atualizacao-alcad-2024-professional-2d-3d-cad\/#primaryimage"},"image":{"@id":"https:\/\/alcads.com\/pt-pt\/product\/atualizacao-alcad-2024-professional-2d-3d-cad\/#primaryimage"},"thumbnailUrl":"https:\/\/alcads.com\/wp-content\/uploads\/2024\/04\/AL_Logo_PNG_1-scaled.jpg","datePublished":"2024-04-25T10:45:56+00:00","dateModified":"2025-12-02T11:18:30+00:00","description":"Obt\u00e9m a atualiza\u00e7\u00e3o do ALCAD 2024 Professional por 229 euros. Beneficia de funcionalidades CAD 2D\/3D avan\u00e7adas, suporte DWG 2024 e compatibilidade perfeita com o AutoCAD. Compra agora!","breadcrumb":{"@id":"https:\/\/alcads.com\/pt-pt\/product\/atualizacao-alcad-2024-professional-2d-3d-cad\/#breadcrumb"},"inLanguage":"pt-PT","potentialAction":[{"@type":"ReadAction","target":["https:\/\/alcads.com\/pt-pt\/product\/atualizacao-alcad-2024-professional-2d-3d-cad\/"]}]},{"@type":"ImageObject","inLanguage":"pt-PT","@id":"https:\/\/alcads.com\/pt-pt\/product\/atualizacao-alcad-2024-professional-2d-3d-cad\/#primaryimage","url":"https:\/\/alcads.com\/wp-content\/uploads\/2024\/04\/AL_Logo_PNG_1-scaled.jpg","contentUrl":"https:\/\/alcads.com\/wp-content\/uploads\/2024\/04\/AL_Logo_PNG_1-scaled.jpg","width":2560,"height":2560,"caption":"log\u00f3tipo alcads"},{"@type":"BreadcrumbList","@id":"https:\/\/alcads.com\/pt-pt\/product\/atualizacao-alcad-2024-professional-2d-3d-cad\/#breadcrumb","itemListElement":[{"@type":"ListItem","position":1,"name":"Home","item":"https:\/\/alcads.com\/pt-pt\/"},{"@type":"ListItem","position":2,"name":"Armazena","item":"https:\/\/alcads.com\/pt-pt\/loja\/"},{"@type":"ListItem","position":3,"name":"Atualiza\u00e7\u00e3o \u2013 ALCAD Professional 2026 CAD"}]},{"@type":"WebSite","@id":"https:\/\/alcads.com\/pt-pt\/#website","url":"https:\/\/alcads.com\/pt-pt\/","name":"Alcads","description":"The Best AutoCAD Alternative","publisher":{"@id":"https:\/\/alcads.com\/pt-pt\/#organization"},"potentialAction":[{"@type":"SearchAction","target":{"@type":"EntryPoint","urlTemplate":"https:\/\/alcads.com\/pt-pt\/?s={search_term_string}"},"query-input":{"@type":"PropertyValueSpecification","valueRequired":true,"valueName":"search_term_string"}}],"inLanguage":"pt-PT"},{"@type":"Organization","@id":"https:\/\/alcads.com\/pt-pt\/#organization","name":"Alcads","url":"https:\/\/alcads.com\/pt-pt\/","logo":{"@type":"ImageObject","inLanguage":"pt-PT","@id":"https:\/\/alcads.com\/pt-pt\/#\/schema\/logo\/image\/","url":"https:\/\/alcads.com\/wp-content\/uploads\/2024\/05\/logo.png","contentUrl":"https:\/\/alcads.com\/wp-content\/uploads\/2024\/05\/logo.png","width":122,"height":42,"caption":"Alcads"},"image":{"@id":"https:\/\/alcads.com\/pt-pt\/#\/schema\/logo\/image\/"}}]}},"jetpack_sharing_enabled":true,"_links":{"self":[{"href":"https:\/\/alcads.com\/pt-pt\/wp-json\/wp\/v2\/product\/105353","targetHints":{"allow":["GET"]}}],"collection":[{"href":"https:\/\/alcads.com\/pt-pt\/wp-json\/wp\/v2\/product"}],"about":[{"href":"https:\/\/alcads.com\/pt-pt\/wp-json\/wp\/v2\/types\/product"}],"replies":[{"embeddable":true,"href":"https:\/\/alcads.com\/pt-pt\/wp-json\/wp\/v2\/comments?post=105353"}],"wp:featuredmedia":[{"embeddable":true,"href":"https:\/\/alcads.com\/pt-pt\/wp-json\/wp\/v2\/media\/96660"}],"wp:attachment":[{"href":"https:\/\/alcads.com\/pt-pt\/wp-json\/wp\/v2\/media?parent=105353"}],"wp:term":[{"taxonomy":"product_brand","embeddable":true,"href":"https:\/\/alcads.com\/pt-pt\/wp-json\/wp\/v2\/product_brand?post=105353"},{"taxonomy":"product_cat","embeddable":true,"href":"https:\/\/alcads.com\/pt-pt\/wp-json\/wp\/v2\/product_cat?post=105353"},{"taxonomy":"product_tag","embeddable":true,"href":"https:\/\/alcads.com\/pt-pt\/wp-json\/wp\/v2\/product_tag?post=105353"}],"curies":[{"name":"wp","href":"https:\/\/api.w.org\/{rel}","templated":true}]}}