{"id":105331,"date":"2024-05-01T07:20:36","date_gmt":"2024-05-01T07:20:36","guid":{"rendered":"https:\/\/dev.alcads.com\/product\/alcad-professional-2d-3d-with-all-2d-mep-plugins\/"},"modified":"2024-12-31T06:03:54","modified_gmt":"2024-12-31T06:03:54","slug":"alcad-professional-mep-2d","status":"publish","type":"product","link":"https:\/\/alcads.com\/pt-pt\/product\/alcad-professional-mep-2d\/","title":{"rendered":"ALCAD Professional 2D\/3D com todos os plugins 2D MEP &#8211; Licen\u00e7a anual"},"content":{"rendered":"<p><strong>Todas as informa\u00e7\u00f5es sobre os plugins MEP aqui:<\/strong> <a href=\"https:\/\/alcads.com\/pt-pt\/plugins-mep\/\">https:\/\/alcads.com\/pt-pt\/plugins-mep\/<\/a> <\/p>\n<h6>ALCAD &#8211; o DWG-CAD totalmente compat\u00edvel tem ALCADs 2D HVAC Plugins + 1.000 s\u00edmbolos inclu\u00eddos.<\/h6>\n<ul>\n<li>Plugins ALCADs 2D HVAC<\/li>\n<li>1&#8217;000 S\u00edmbolos<\/li>\n<li>Importa\u00e7\u00e3o de PDF para DWG<\/li>\n<li>Suporte a .DWG 2024<\/li>\n<li>Ferramentas 2D e 3D completas (*)<\/li>\n<li>Suporte a imagens rasterizadas<\/li>\n<li>Anexar BIM (rvt &amp; rfa)<\/li>\n<li>Nova entrada din\u00e2mica<\/li>\n<li>Mapa geogr\u00e1fico Localiza\u00e7\u00e3o e imagem<\/li>\n<li>Adiciona assinaturas digitais<\/li>\n<li>Modos de esbo\u00e7o e sele\u00e7\u00e3o<\/li>\n<li>Exporta\u00e7\u00e3o de PDF 2D e 3D<\/li>\n<li>LISP, IRX\/DRX, SDS<\/li>\n<li>Novos estilos visuais e materiais<\/li>\n<li>Renderiza\u00e7\u00e3o realista<\/li>\n<li>Complemento de renderiza\u00e7\u00e3o avan\u00e7ada<\/li>\n<li>Microsoft VBA 7.1 e API .NET<\/li>\n<li>apoio \u00e0 transmiss\u00e3o<\/li>\n<li>Explos\u00e3o de texto e escotilha de gradiente<\/li>\n<li>Arquitetura de 64 bits<\/li>\n<li>Suporte multi-core<\/li>\n<li>Suporte a v\u00e1rios idiomas<\/li>\n<li>Transfer\u00eancia flex\u00edvel de licen\u00e7as por autosservi\u00e7o. N\u00e3o h\u00e1 limites para as transfer\u00eancias.<\/li>\n<\/ul>\n<p>  para Plugins 3D HVAC\/Plant, s\u00f3lidos 3D, Importa\u00e7\u00e3o\/Exporta\u00e7\u00e3o STEP, IFC &amp; Architecture 3D seleciona ALCAD com 2D &amp; 3D MEP A vers\u00e3o MEP s\u00f3 est\u00e1 dispon\u00edvel como licen\u00e7a anual.<\/p>\n","protected":false},"excerpt":{"rendered":"<p>CAD profissional com uma ferramenta de produtividade exclusiva baseada em IA.<\/p>\n","protected":false},"featured_media":107906,"comment_status":"closed","ping_status":"closed","template":"","meta":{"_acf_changed":false},"product_brand":[],"product_cat":[1225],"product_tag":[],"class_list":{"0":"post-105331","1":"product","2":"type-product","3":"status-publish","4":"has-post-thumbnail","6":"product_cat-alcad-mep-pt-pt","8":"first","9":"instock","10":"virtual","11":"purchasable","12":"product-type-simple"},"acf":[],"yoast_head":"<!-- This site is optimized with the Yoast SEO plugin v27.3 - https:\/\/yoast.com\/product\/yoast-seo-wordpress\/ -->\n<title>ALCAD Professional 2D\/3D com todos os plugins 2D MEP - Licen\u00e7a anual - Alcads<\/title>\n<meta name=\"description\" content=\"ALCAD 2D\/3D CAD com plugins MEP fornece ferramentas para HVAC, drenagem, gasodutos e muito mais. Inclui 1.000 s\u00edmbolos, anexo BIM e suporte DWG 2024. Apenas \u20ac 399\/ano. Compre agora!\" \/>\n<meta name=\"robots\" content=\"index, follow, max-snippet:-1, max-image-preview:large, max-video-preview:-1\" \/>\n<link rel=\"canonical\" href=\"https:\/\/alcads.com\/pt-pt\/product\/alcad-professional-mep-2d\/\" \/>\n<meta property=\"og:locale\" content=\"pt_PT\" \/>\n<meta property=\"og:type\" content=\"article\" \/>\n<meta property=\"og:title\" content=\"ALCAD Professional 2D\/3D com todos os plugins 2D MEP - Licen\u00e7a anual - Alcads\" \/>\n<meta property=\"og:description\" content=\"ALCAD 2D\/3D CAD com plugins MEP fornece ferramentas para HVAC, drenagem, gasodutos e muito mais. Inclui 1.000 s\u00edmbolos, anexo BIM e suporte DWG 2024. Apenas \u20ac 399\/ano. Compre agora!\" \/>\n<meta property=\"og:url\" content=\"https:\/\/alcads.com\/pt-pt\/product\/alcad-professional-mep-2d\/\" \/>\n<meta property=\"og:site_name\" content=\"Alcads\" \/>\n<meta property=\"article:modified_time\" content=\"2024-12-31T06:03:54+00:00\" \/>\n<meta property=\"og:image\" content=\"https:\/\/alcads.com\/wp-content\/uploads\/2024\/05\/compressed_image-92.webp\" \/>\n\t<meta property=\"og:image:width\" content=\"379\" \/>\n\t<meta property=\"og:image:height\" content=\"300\" \/>\n\t<meta property=\"og:image:type\" content=\"image\/webp\" \/>\n<meta name=\"twitter:card\" content=\"summary_large_image\" \/>\n<meta name=\"twitter:label1\" content=\"Tempo estimado de leitura\" \/>\n\t<meta name=\"twitter:data1\" content=\"1 minuto\" \/>\n<script type=\"application\/ld+json\" class=\"yoast-schema-graph\">{\"@context\":\"https:\\\/\\\/schema.org\",\"@graph\":[{\"@type\":\"WebPage\",\"@id\":\"https:\\\/\\\/alcads.com\\\/pt-pt\\\/product\\\/alcad-professional-mep-2d\\\/\",\"url\":\"https:\\\/\\\/alcads.com\\\/pt-pt\\\/product\\\/alcad-professional-mep-2d\\\/\",\"name\":\"ALCAD Professional 2D\\\/3D com todos os plugins 2D MEP - Licen\u00e7a anual - Alcads\",\"isPartOf\":{\"@id\":\"https:\\\/\\\/alcads.com\\\/pt-pt\\\/#website\"},\"primaryImageOfPage\":{\"@id\":\"https:\\\/\\\/alcads.com\\\/pt-pt\\\/product\\\/alcad-professional-mep-2d\\\/#primaryimage\"},\"image\":{\"@id\":\"https:\\\/\\\/alcads.com\\\/pt-pt\\\/product\\\/alcad-professional-mep-2d\\\/#primaryimage\"},\"thumbnailUrl\":\"https:\\\/\\\/alcads.com\\\/wp-content\\\/uploads\\\/2024\\\/05\\\/compressed_image-92.webp\",\"datePublished\":\"2024-05-01T07:20:36+00:00\",\"dateModified\":\"2024-12-31T06:03:54+00:00\",\"description\":\"ALCAD 2D\\\/3D CAD com plugins MEP fornece ferramentas para HVAC, drenagem, gasodutos e muito mais. Inclui 1.000 s\u00edmbolos, anexo BIM e suporte DWG 2024. Apenas \u20ac 399\\\/ano. Compre agora!\",\"breadcrumb\":{\"@id\":\"https:\\\/\\\/alcads.com\\\/pt-pt\\\/product\\\/alcad-professional-mep-2d\\\/#breadcrumb\"},\"inLanguage\":\"pt-PT\",\"potentialAction\":[{\"@type\":\"ReadAction\",\"target\":[\"https:\\\/\\\/alcads.com\\\/pt-pt\\\/product\\\/alcad-professional-mep-2d\\\/\"]}]},{\"@type\":\"ImageObject\",\"inLanguage\":\"pt-PT\",\"@id\":\"https:\\\/\\\/alcads.com\\\/pt-pt\\\/product\\\/alcad-professional-mep-2d\\\/#primaryimage\",\"url\":\"https:\\\/\\\/alcads.com\\\/wp-content\\\/uploads\\\/2024\\\/05\\\/compressed_image-92.webp\",\"contentUrl\":\"https:\\\/\\\/alcads.com\\\/wp-content\\\/uploads\\\/2024\\\/05\\\/compressed_image-92.webp\",\"width\":379,\"height\":300,\"caption\":\"alcad professional mep 2d 3d\"},{\"@type\":\"BreadcrumbList\",\"@id\":\"https:\\\/\\\/alcads.com\\\/pt-pt\\\/product\\\/alcad-professional-mep-2d\\\/#breadcrumb\",\"itemListElement\":[{\"@type\":\"ListItem\",\"position\":1,\"name\":\"Home\",\"item\":\"https:\\\/\\\/alcads.com\\\/pt-pt\\\/\"},{\"@type\":\"ListItem\",\"position\":2,\"name\":\"Armazena\",\"item\":\"https:\\\/\\\/alcads.com\\\/pt-pt\\\/loja\\\/\"},{\"@type\":\"ListItem\",\"position\":3,\"name\":\"ALCAD Professional 2D\\\/3D com todos os plugins 2D MEP &#8211; Licen\u00e7a anual\"}]},{\"@type\":\"WebSite\",\"@id\":\"https:\\\/\\\/alcads.com\\\/pt-pt\\\/#website\",\"url\":\"https:\\\/\\\/alcads.com\\\/pt-pt\\\/\",\"name\":\"Alcads\",\"description\":\"The Best AutoCAD Alternative\",\"publisher\":{\"@id\":\"https:\\\/\\\/alcads.com\\\/pt-pt\\\/#organization\"},\"potentialAction\":[{\"@type\":\"SearchAction\",\"target\":{\"@type\":\"EntryPoint\",\"urlTemplate\":\"https:\\\/\\\/alcads.com\\\/pt-pt\\\/?s={search_term_string}\"},\"query-input\":{\"@type\":\"PropertyValueSpecification\",\"valueRequired\":true,\"valueName\":\"search_term_string\"}}],\"inLanguage\":\"pt-PT\"},{\"@type\":\"Organization\",\"@id\":\"https:\\\/\\\/alcads.com\\\/pt-pt\\\/#organization\",\"name\":\"Alcads\",\"url\":\"https:\\\/\\\/alcads.com\\\/pt-pt\\\/\",\"logo\":{\"@type\":\"ImageObject\",\"inLanguage\":\"pt-PT\",\"@id\":\"https:\\\/\\\/alcads.com\\\/pt-pt\\\/#\\\/schema\\\/logo\\\/image\\\/\",\"url\":\"https:\\\/\\\/alcads.com\\\/wp-content\\\/uploads\\\/2024\\\/05\\\/logo.png\",\"contentUrl\":\"https:\\\/\\\/alcads.com\\\/wp-content\\\/uploads\\\/2024\\\/05\\\/logo.png\",\"width\":122,\"height\":42,\"caption\":\"Alcads\"},\"image\":{\"@id\":\"https:\\\/\\\/alcads.com\\\/pt-pt\\\/#\\\/schema\\\/logo\\\/image\\\/\"}}]}<\/script>\n<!-- \/ Yoast SEO plugin. -->","yoast_head_json":{"title":"ALCAD Professional 2D\/3D com todos os plugins 2D MEP - Licen\u00e7a anual - Alcads","description":"ALCAD 2D\/3D CAD com plugins MEP fornece ferramentas para HVAC, drenagem, gasodutos e muito mais. Inclui 1.000 s\u00edmbolos, anexo BIM e suporte DWG 2024. Apenas \u20ac 399\/ano. Compre agora!","robots":{"index":"index","follow":"follow","max-snippet":"max-snippet:-1","max-image-preview":"max-image-preview:large","max-video-preview":"max-video-preview:-1"},"canonical":"https:\/\/alcads.com\/pt-pt\/product\/alcad-professional-mep-2d\/","og_locale":"pt_PT","og_type":"article","og_title":"ALCAD Professional 2D\/3D com todos os plugins 2D MEP - Licen\u00e7a anual - Alcads","og_description":"ALCAD 2D\/3D CAD com plugins MEP fornece ferramentas para HVAC, drenagem, gasodutos e muito mais. Inclui 1.000 s\u00edmbolos, anexo BIM e suporte DWG 2024. Apenas \u20ac 399\/ano. Compre agora!","og_url":"https:\/\/alcads.com\/pt-pt\/product\/alcad-professional-mep-2d\/","og_site_name":"Alcads","article_modified_time":"2024-12-31T06:03:54+00:00","og_image":[{"width":379,"height":300,"url":"https:\/\/alcads.com\/wp-content\/uploads\/2024\/05\/compressed_image-92.webp","type":"image\/webp"}],"twitter_card":"summary_large_image","twitter_misc":{"Tempo estimado de leitura":"1 minuto"},"schema":{"@context":"https:\/\/schema.org","@graph":[{"@type":"WebPage","@id":"https:\/\/alcads.com\/pt-pt\/product\/alcad-professional-mep-2d\/","url":"https:\/\/alcads.com\/pt-pt\/product\/alcad-professional-mep-2d\/","name":"ALCAD Professional 2D\/3D com todos os plugins 2D MEP - Licen\u00e7a anual - Alcads","isPartOf":{"@id":"https:\/\/alcads.com\/pt-pt\/#website"},"primaryImageOfPage":{"@id":"https:\/\/alcads.com\/pt-pt\/product\/alcad-professional-mep-2d\/#primaryimage"},"image":{"@id":"https:\/\/alcads.com\/pt-pt\/product\/alcad-professional-mep-2d\/#primaryimage"},"thumbnailUrl":"https:\/\/alcads.com\/wp-content\/uploads\/2024\/05\/compressed_image-92.webp","datePublished":"2024-05-01T07:20:36+00:00","dateModified":"2024-12-31T06:03:54+00:00","description":"ALCAD 2D\/3D CAD com plugins MEP fornece ferramentas para HVAC, drenagem, gasodutos e muito mais. Inclui 1.000 s\u00edmbolos, anexo BIM e suporte DWG 2024. Apenas \u20ac 399\/ano. Compre agora!","breadcrumb":{"@id":"https:\/\/alcads.com\/pt-pt\/product\/alcad-professional-mep-2d\/#breadcrumb"},"inLanguage":"pt-PT","potentialAction":[{"@type":"ReadAction","target":["https:\/\/alcads.com\/pt-pt\/product\/alcad-professional-mep-2d\/"]}]},{"@type":"ImageObject","inLanguage":"pt-PT","@id":"https:\/\/alcads.com\/pt-pt\/product\/alcad-professional-mep-2d\/#primaryimage","url":"https:\/\/alcads.com\/wp-content\/uploads\/2024\/05\/compressed_image-92.webp","contentUrl":"https:\/\/alcads.com\/wp-content\/uploads\/2024\/05\/compressed_image-92.webp","width":379,"height":300,"caption":"alcad professional mep 2d 3d"},{"@type":"BreadcrumbList","@id":"https:\/\/alcads.com\/pt-pt\/product\/alcad-professional-mep-2d\/#breadcrumb","itemListElement":[{"@type":"ListItem","position":1,"name":"Home","item":"https:\/\/alcads.com\/pt-pt\/"},{"@type":"ListItem","position":2,"name":"Armazena","item":"https:\/\/alcads.com\/pt-pt\/loja\/"},{"@type":"ListItem","position":3,"name":"ALCAD Professional 2D\/3D com todos os plugins 2D MEP &#8211; Licen\u00e7a anual"}]},{"@type":"WebSite","@id":"https:\/\/alcads.com\/pt-pt\/#website","url":"https:\/\/alcads.com\/pt-pt\/","name":"Alcads","description":"The Best AutoCAD Alternative","publisher":{"@id":"https:\/\/alcads.com\/pt-pt\/#organization"},"potentialAction":[{"@type":"SearchAction","target":{"@type":"EntryPoint","urlTemplate":"https:\/\/alcads.com\/pt-pt\/?s={search_term_string}"},"query-input":{"@type":"PropertyValueSpecification","valueRequired":true,"valueName":"search_term_string"}}],"inLanguage":"pt-PT"},{"@type":"Organization","@id":"https:\/\/alcads.com\/pt-pt\/#organization","name":"Alcads","url":"https:\/\/alcads.com\/pt-pt\/","logo":{"@type":"ImageObject","inLanguage":"pt-PT","@id":"https:\/\/alcads.com\/pt-pt\/#\/schema\/logo\/image\/","url":"https:\/\/alcads.com\/wp-content\/uploads\/2024\/05\/logo.png","contentUrl":"https:\/\/alcads.com\/wp-content\/uploads\/2024\/05\/logo.png","width":122,"height":42,"caption":"Alcads"},"image":{"@id":"https:\/\/alcads.com\/pt-pt\/#\/schema\/logo\/image\/"}}]}},"jetpack_sharing_enabled":true,"_links":{"self":[{"href":"https:\/\/alcads.com\/pt-pt\/wp-json\/wp\/v2\/product\/105331","targetHints":{"allow":["GET"]}}],"collection":[{"href":"https:\/\/alcads.com\/pt-pt\/wp-json\/wp\/v2\/product"}],"about":[{"href":"https:\/\/alcads.com\/pt-pt\/wp-json\/wp\/v2\/types\/product"}],"replies":[{"embeddable":true,"href":"https:\/\/alcads.com\/pt-pt\/wp-json\/wp\/v2\/comments?post=105331"}],"wp:featuredmedia":[{"embeddable":true,"href":"https:\/\/alcads.com\/pt-pt\/wp-json\/wp\/v2\/media\/107906"}],"wp:attachment":[{"href":"https:\/\/alcads.com\/pt-pt\/wp-json\/wp\/v2\/media?parent=105331"}],"wp:term":[{"taxonomy":"product_brand","embeddable":true,"href":"https:\/\/alcads.com\/pt-pt\/wp-json\/wp\/v2\/product_brand?post=105331"},{"taxonomy":"product_cat","embeddable":true,"href":"https:\/\/alcads.com\/pt-pt\/wp-json\/wp\/v2\/product_cat?post=105331"},{"taxonomy":"product_tag","embeddable":true,"href":"https:\/\/alcads.com\/pt-pt\/wp-json\/wp\/v2\/product_tag?post=105331"}],"curies":[{"name":"wp","href":"https:\/\/api.w.org\/{rel}","templated":true}]}}