{"id":105320,"date":"2024-05-01T07:23:12","date_gmt":"2024-05-01T07:23:12","guid":{"rendered":"https:\/\/dev.alcads.com\/product\/alcad-professional-mep-2d-3d\/"},"modified":"2024-12-31T07:34:41","modified_gmt":"2024-12-31T07:34:41","slug":"alcad-professional-mep-2d-3d","status":"publish","type":"product","link":"https:\/\/alcads.com\/pt-pt\/product\/alcad-professional-mep-2d-3d\/","title":{"rendered":"ALCAD Professional 2D\/3D com todos os plugins MEP 2D e 3D &#8211; Licen\u00e7a anual"},"content":{"rendered":"<p><strong>Todas as informa\u00e7\u00f5es sobre os plug-ins MEP aqui:<\/strong> <a href=\"https:\/\/alcads.com\/pt-pt\/plugins-mep\/\">https:\/\/alcads.com\/pt-pt\/plugins-mep\/<\/a> <\/p>\n<p><strong>ALCAD \u2013 o DWG-CAD totalmente compat\u00edvel tem todos os plugins ALCADs MEP 2D e 3D + 1.000 s\u00edmbolos inclu\u00eddos.<\/strong><br \/>\nO ALCAD Professional MEP 2D\/3D est\u00e1 dispon\u00edvel apenas como licen\u00e7a anual. Este pre\u00e7o inclui suporte e actualiza\u00e7\u00f5es.<\/p>\n<ul>\n<li>Todos os plug-ins MEP 2D e 3D do ALCADs<\/li>\n<li>1\u2019000 S\u00edmbolos<\/li>\n<li>Importa\u00e7\u00e3o de PDF para DWG<\/li>\n<li>.dwg 2024 Suporte<\/li>\n<li>Ferramentas 2D e 3D completas<\/li>\n<li>Arquitetura 2D\/3D<\/li>\n<li>S\u00f3lidos ACIS 3D<\/li>\n<li>Importa\u00e7\u00e3o BIM (IFC, RVT)<\/li>\n<li>Criar linhas de sec\u00e7\u00e3o<\/li>\n<li>Nova entrada din\u00e2mica<\/li>\n<li>Adicionar assinaturas digitais<\/li>\n<li>Modos de esbo\u00e7o e sele\u00e7\u00e3o<\/li>\n<li>Suporte a imagens rasterizadas<\/li>\n<li>Exporta\u00e7\u00e3o de PDF 2D e 3D<\/li>\n<li>LISP, IRX\/DRX, SDS<\/li>\n<li>Novos estilos visuais e materiais<\/li>\n<li>Renderiza\u00e7\u00e3o realista<\/li>\n<li>Complemento de renderiza\u00e7\u00e3o avan\u00e7ada<\/li>\n<li>apoio \u00e0 transmiss\u00e3o<\/li>\n<li>Explos\u00e3o de texto e escotilha de gradiente<\/li>\n<li>Microsoft VBA 7.1 e API .NET<\/li>\n<li>Arquitetura de 64 bits<\/li>\n<li>Suporte multi-core<\/li>\n<li>Suporte a v\u00e1rios idiomas<\/li>\n<li>\u2026e muito mais!<\/li>\n<\/ul>\n","protected":false},"excerpt":{"rendered":"<p>Todas as informa\u00e7\u00f5es sobre os plug-ins MEP aqui: https:\/\/alcads.com\/pt-pt\/plugins-mep\/ ALCAD \u2013 o DWG-CAD totalmente compat\u00edvel tem todos os plugins ALCADs MEP 2D e 3D + 1.000 s\u00edmbolos inclu\u00eddos. O ALCAD Professional MEP 2D\/3D est\u00e1 dispon\u00edvel apenas como licen\u00e7a anual. Este pre\u00e7o inclui suporte e actualiza\u00e7\u00f5es. Todos os plug-ins MEP 2D e 3D do ALCADs 1\u2019000 [&hellip;]<\/p>\n","protected":false},"featured_media":108829,"comment_status":"closed","ping_status":"closed","template":"","meta":{"_acf_changed":false},"product_brand":[],"product_cat":[1225],"product_tag":[],"class_list":{"0":"post-105320","1":"product","2":"type-product","3":"status-publish","4":"has-post-thumbnail","6":"product_cat-alcad-mep-pt-pt","8":"first","9":"instock","10":"downloadable","11":"virtual","12":"purchasable","13":"product-type-simple"},"acf":[],"yoast_head":"<!-- This site is optimized with the Yoast SEO plugin v27.3 - https:\/\/yoast.com\/product\/yoast-seo-wordpress\/ -->\n<title>ALCAD Professional 2D\/3D com todos os plugins MEP 2D e 3D - Licen\u00e7a anual - Alcads<\/title>\n<meta name=\"description\" content=\"Melhore suas capacidades de CAD com o ALCAD Professional 2D\/3D. Inclui plugins MEP completos, mais de 1.000 s\u00edmbolos, importa\u00e7\u00e3o BIM e ferramentas avan\u00e7adas de renderiza\u00e7\u00e3o. Licen\u00e7a anual por \u20ac 499. Compre agora!\" \/>\n<meta name=\"robots\" content=\"index, follow, max-snippet:-1, max-image-preview:large, max-video-preview:-1\" \/>\n<link rel=\"canonical\" href=\"https:\/\/alcads.com\/pt-pt\/product\/alcad-professional-mep-2d-3d\/\" \/>\n<meta property=\"og:locale\" content=\"pt_PT\" \/>\n<meta property=\"og:type\" content=\"article\" \/>\n<meta property=\"og:title\" content=\"ALCAD Professional 2D\/3D com todos os plugins MEP 2D e 3D - Licen\u00e7a anual - Alcads\" \/>\n<meta property=\"og:description\" content=\"Melhore suas capacidades de CAD com o ALCAD Professional 2D\/3D. Inclui plugins MEP completos, mais de 1.000 s\u00edmbolos, importa\u00e7\u00e3o BIM e ferramentas avan\u00e7adas de renderiza\u00e7\u00e3o. Licen\u00e7a anual por \u20ac 499. Compre agora!\" \/>\n<meta property=\"og:url\" content=\"https:\/\/alcads.com\/pt-pt\/product\/alcad-professional-mep-2d-3d\/\" \/>\n<meta property=\"og:site_name\" content=\"Alcads\" \/>\n<meta property=\"article:modified_time\" content=\"2024-12-31T07:34:41+00:00\" \/>\n<meta property=\"og:image\" content=\"https:\/\/alcads.com\/wp-content\/uploads\/2024\/05\/mep-2d-3d-1.png\" \/>\n\t<meta property=\"og:image:width\" content=\"550\" \/>\n\t<meta property=\"og:image:height\" content=\"429\" \/>\n\t<meta property=\"og:image:type\" content=\"image\/png\" \/>\n<meta name=\"twitter:card\" content=\"summary_large_image\" \/>\n<meta name=\"twitter:label1\" content=\"Tempo estimado de leitura\" \/>\n\t<meta name=\"twitter:data1\" content=\"1 minuto\" \/>\n<script type=\"application\/ld+json\" class=\"yoast-schema-graph\">{\"@context\":\"https:\\\/\\\/schema.org\",\"@graph\":[{\"@type\":\"WebPage\",\"@id\":\"https:\\\/\\\/alcads.com\\\/pt-pt\\\/product\\\/alcad-professional-mep-2d-3d\\\/\",\"url\":\"https:\\\/\\\/alcads.com\\\/pt-pt\\\/product\\\/alcad-professional-mep-2d-3d\\\/\",\"name\":\"ALCAD Professional 2D\\\/3D com todos os plugins MEP 2D e 3D - Licen\u00e7a anual - Alcads\",\"isPartOf\":{\"@id\":\"https:\\\/\\\/alcads.com\\\/pt-pt\\\/#website\"},\"primaryImageOfPage\":{\"@id\":\"https:\\\/\\\/alcads.com\\\/pt-pt\\\/product\\\/alcad-professional-mep-2d-3d\\\/#primaryimage\"},\"image\":{\"@id\":\"https:\\\/\\\/alcads.com\\\/pt-pt\\\/product\\\/alcad-professional-mep-2d-3d\\\/#primaryimage\"},\"thumbnailUrl\":\"https:\\\/\\\/alcads.com\\\/wp-content\\\/uploads\\\/2024\\\/05\\\/mep-2d-3d-1.png\",\"datePublished\":\"2024-05-01T07:23:12+00:00\",\"dateModified\":\"2024-12-31T07:34:41+00:00\",\"description\":\"Melhore suas capacidades de CAD com o ALCAD Professional 2D\\\/3D. Inclui plugins MEP completos, mais de 1.000 s\u00edmbolos, importa\u00e7\u00e3o BIM e ferramentas avan\u00e7adas de renderiza\u00e7\u00e3o. Licen\u00e7a anual por \u20ac 499. Compre agora!\",\"breadcrumb\":{\"@id\":\"https:\\\/\\\/alcads.com\\\/pt-pt\\\/product\\\/alcad-professional-mep-2d-3d\\\/#breadcrumb\"},\"inLanguage\":\"pt-PT\",\"potentialAction\":[{\"@type\":\"ReadAction\",\"target\":[\"https:\\\/\\\/alcads.com\\\/pt-pt\\\/product\\\/alcad-professional-mep-2d-3d\\\/\"]}]},{\"@type\":\"ImageObject\",\"inLanguage\":\"pt-PT\",\"@id\":\"https:\\\/\\\/alcads.com\\\/pt-pt\\\/product\\\/alcad-professional-mep-2d-3d\\\/#primaryimage\",\"url\":\"https:\\\/\\\/alcads.com\\\/wp-content\\\/uploads\\\/2024\\\/05\\\/mep-2d-3d-1.png\",\"contentUrl\":\"https:\\\/\\\/alcads.com\\\/wp-content\\\/uploads\\\/2024\\\/05\\\/mep-2d-3d-1.png\",\"width\":550,\"height\":429,\"caption\":\"2D & 3D MEP Plugins\"},{\"@type\":\"BreadcrumbList\",\"@id\":\"https:\\\/\\\/alcads.com\\\/pt-pt\\\/product\\\/alcad-professional-mep-2d-3d\\\/#breadcrumb\",\"itemListElement\":[{\"@type\":\"ListItem\",\"position\":1,\"name\":\"Home\",\"item\":\"https:\\\/\\\/alcads.com\\\/pt-pt\\\/\"},{\"@type\":\"ListItem\",\"position\":2,\"name\":\"Armazena\",\"item\":\"https:\\\/\\\/alcads.com\\\/pt-pt\\\/loja\\\/\"},{\"@type\":\"ListItem\",\"position\":3,\"name\":\"ALCAD Professional 2D\\\/3D com todos os plugins MEP 2D e 3D &#8211; Licen\u00e7a anual\"}]},{\"@type\":\"WebSite\",\"@id\":\"https:\\\/\\\/alcads.com\\\/pt-pt\\\/#website\",\"url\":\"https:\\\/\\\/alcads.com\\\/pt-pt\\\/\",\"name\":\"Alcads\",\"description\":\"The Best AutoCAD Alternative\",\"publisher\":{\"@id\":\"https:\\\/\\\/alcads.com\\\/pt-pt\\\/#organization\"},\"potentialAction\":[{\"@type\":\"SearchAction\",\"target\":{\"@type\":\"EntryPoint\",\"urlTemplate\":\"https:\\\/\\\/alcads.com\\\/pt-pt\\\/?s={search_term_string}\"},\"query-input\":{\"@type\":\"PropertyValueSpecification\",\"valueRequired\":true,\"valueName\":\"search_term_string\"}}],\"inLanguage\":\"pt-PT\"},{\"@type\":\"Organization\",\"@id\":\"https:\\\/\\\/alcads.com\\\/pt-pt\\\/#organization\",\"name\":\"Alcads\",\"url\":\"https:\\\/\\\/alcads.com\\\/pt-pt\\\/\",\"logo\":{\"@type\":\"ImageObject\",\"inLanguage\":\"pt-PT\",\"@id\":\"https:\\\/\\\/alcads.com\\\/pt-pt\\\/#\\\/schema\\\/logo\\\/image\\\/\",\"url\":\"https:\\\/\\\/alcads.com\\\/wp-content\\\/uploads\\\/2024\\\/05\\\/logo.png\",\"contentUrl\":\"https:\\\/\\\/alcads.com\\\/wp-content\\\/uploads\\\/2024\\\/05\\\/logo.png\",\"width\":122,\"height\":42,\"caption\":\"Alcads\"},\"image\":{\"@id\":\"https:\\\/\\\/alcads.com\\\/pt-pt\\\/#\\\/schema\\\/logo\\\/image\\\/\"}}]}<\/script>\n<!-- \/ Yoast SEO plugin. -->","yoast_head_json":{"title":"ALCAD Professional 2D\/3D com todos os plugins MEP 2D e 3D - Licen\u00e7a anual - Alcads","description":"Melhore suas capacidades de CAD com o ALCAD Professional 2D\/3D. Inclui plugins MEP completos, mais de 1.000 s\u00edmbolos, importa\u00e7\u00e3o BIM e ferramentas avan\u00e7adas de renderiza\u00e7\u00e3o. Licen\u00e7a anual por \u20ac 499. Compre agora!","robots":{"index":"index","follow":"follow","max-snippet":"max-snippet:-1","max-image-preview":"max-image-preview:large","max-video-preview":"max-video-preview:-1"},"canonical":"https:\/\/alcads.com\/pt-pt\/product\/alcad-professional-mep-2d-3d\/","og_locale":"pt_PT","og_type":"article","og_title":"ALCAD Professional 2D\/3D com todos os plugins MEP 2D e 3D - Licen\u00e7a anual - Alcads","og_description":"Melhore suas capacidades de CAD com o ALCAD Professional 2D\/3D. Inclui plugins MEP completos, mais de 1.000 s\u00edmbolos, importa\u00e7\u00e3o BIM e ferramentas avan\u00e7adas de renderiza\u00e7\u00e3o. Licen\u00e7a anual por \u20ac 499. Compre agora!","og_url":"https:\/\/alcads.com\/pt-pt\/product\/alcad-professional-mep-2d-3d\/","og_site_name":"Alcads","article_modified_time":"2024-12-31T07:34:41+00:00","og_image":[{"width":550,"height":429,"url":"https:\/\/alcads.com\/wp-content\/uploads\/2024\/05\/mep-2d-3d-1.png","type":"image\/png"}],"twitter_card":"summary_large_image","twitter_misc":{"Tempo estimado de leitura":"1 minuto"},"schema":{"@context":"https:\/\/schema.org","@graph":[{"@type":"WebPage","@id":"https:\/\/alcads.com\/pt-pt\/product\/alcad-professional-mep-2d-3d\/","url":"https:\/\/alcads.com\/pt-pt\/product\/alcad-professional-mep-2d-3d\/","name":"ALCAD Professional 2D\/3D com todos os plugins MEP 2D e 3D - Licen\u00e7a anual - Alcads","isPartOf":{"@id":"https:\/\/alcads.com\/pt-pt\/#website"},"primaryImageOfPage":{"@id":"https:\/\/alcads.com\/pt-pt\/product\/alcad-professional-mep-2d-3d\/#primaryimage"},"image":{"@id":"https:\/\/alcads.com\/pt-pt\/product\/alcad-professional-mep-2d-3d\/#primaryimage"},"thumbnailUrl":"https:\/\/alcads.com\/wp-content\/uploads\/2024\/05\/mep-2d-3d-1.png","datePublished":"2024-05-01T07:23:12+00:00","dateModified":"2024-12-31T07:34:41+00:00","description":"Melhore suas capacidades de CAD com o ALCAD Professional 2D\/3D. Inclui plugins MEP completos, mais de 1.000 s\u00edmbolos, importa\u00e7\u00e3o BIM e ferramentas avan\u00e7adas de renderiza\u00e7\u00e3o. Licen\u00e7a anual por \u20ac 499. Compre agora!","breadcrumb":{"@id":"https:\/\/alcads.com\/pt-pt\/product\/alcad-professional-mep-2d-3d\/#breadcrumb"},"inLanguage":"pt-PT","potentialAction":[{"@type":"ReadAction","target":["https:\/\/alcads.com\/pt-pt\/product\/alcad-professional-mep-2d-3d\/"]}]},{"@type":"ImageObject","inLanguage":"pt-PT","@id":"https:\/\/alcads.com\/pt-pt\/product\/alcad-professional-mep-2d-3d\/#primaryimage","url":"https:\/\/alcads.com\/wp-content\/uploads\/2024\/05\/mep-2d-3d-1.png","contentUrl":"https:\/\/alcads.com\/wp-content\/uploads\/2024\/05\/mep-2d-3d-1.png","width":550,"height":429,"caption":"2D & 3D MEP Plugins"},{"@type":"BreadcrumbList","@id":"https:\/\/alcads.com\/pt-pt\/product\/alcad-professional-mep-2d-3d\/#breadcrumb","itemListElement":[{"@type":"ListItem","position":1,"name":"Home","item":"https:\/\/alcads.com\/pt-pt\/"},{"@type":"ListItem","position":2,"name":"Armazena","item":"https:\/\/alcads.com\/pt-pt\/loja\/"},{"@type":"ListItem","position":3,"name":"ALCAD Professional 2D\/3D com todos os plugins MEP 2D e 3D &#8211; Licen\u00e7a anual"}]},{"@type":"WebSite","@id":"https:\/\/alcads.com\/pt-pt\/#website","url":"https:\/\/alcads.com\/pt-pt\/","name":"Alcads","description":"The Best AutoCAD Alternative","publisher":{"@id":"https:\/\/alcads.com\/pt-pt\/#organization"},"potentialAction":[{"@type":"SearchAction","target":{"@type":"EntryPoint","urlTemplate":"https:\/\/alcads.com\/pt-pt\/?s={search_term_string}"},"query-input":{"@type":"PropertyValueSpecification","valueRequired":true,"valueName":"search_term_string"}}],"inLanguage":"pt-PT"},{"@type":"Organization","@id":"https:\/\/alcads.com\/pt-pt\/#organization","name":"Alcads","url":"https:\/\/alcads.com\/pt-pt\/","logo":{"@type":"ImageObject","inLanguage":"pt-PT","@id":"https:\/\/alcads.com\/pt-pt\/#\/schema\/logo\/image\/","url":"https:\/\/alcads.com\/wp-content\/uploads\/2024\/05\/logo.png","contentUrl":"https:\/\/alcads.com\/wp-content\/uploads\/2024\/05\/logo.png","width":122,"height":42,"caption":"Alcads"},"image":{"@id":"https:\/\/alcads.com\/pt-pt\/#\/schema\/logo\/image\/"}}]}},"jetpack_sharing_enabled":true,"_links":{"self":[{"href":"https:\/\/alcads.com\/pt-pt\/wp-json\/wp\/v2\/product\/105320","targetHints":{"allow":["GET"]}}],"collection":[{"href":"https:\/\/alcads.com\/pt-pt\/wp-json\/wp\/v2\/product"}],"about":[{"href":"https:\/\/alcads.com\/pt-pt\/wp-json\/wp\/v2\/types\/product"}],"replies":[{"embeddable":true,"href":"https:\/\/alcads.com\/pt-pt\/wp-json\/wp\/v2\/comments?post=105320"}],"wp:featuredmedia":[{"embeddable":true,"href":"https:\/\/alcads.com\/pt-pt\/wp-json\/wp\/v2\/media\/108829"}],"wp:attachment":[{"href":"https:\/\/alcads.com\/pt-pt\/wp-json\/wp\/v2\/media?parent=105320"}],"wp:term":[{"taxonomy":"product_brand","embeddable":true,"href":"https:\/\/alcads.com\/pt-pt\/wp-json\/wp\/v2\/product_brand?post=105320"},{"taxonomy":"product_cat","embeddable":true,"href":"https:\/\/alcads.com\/pt-pt\/wp-json\/wp\/v2\/product_cat?post=105320"},{"taxonomy":"product_tag","embeddable":true,"href":"https:\/\/alcads.com\/pt-pt\/wp-json\/wp\/v2\/product_tag?post=105320"}],"curies":[{"name":"wp","href":"https:\/\/api.w.org\/{rel}","templated":true}]}}