{"id":97369,"date":"2024-04-23T05:31:04","date_gmt":"2024-04-23T05:31:04","guid":{"rendered":"https:\/\/dev.alcads.com\/privacy-policy\/"},"modified":"2024-05-20T10:23:36","modified_gmt":"2024-05-20T10:23:36","slug":"politica-de-privacidade","status":"publish","type":"page","link":"https:\/\/alcads.com\/pt-pt\/politica-de-privacidade\/","title":{"rendered":"Pol\u00edtica de privacidade"},"content":{"rendered":"\n<p>Software Solution GmbH<br\/>Talacker 41<br\/>8001 Zurique<br\/>Su\u00ed\u00e7a<br\/>Correio <strong>eletr\u00f3nico<\/strong>: <a href=\"mailto:info@alcads.com\">info@alcads.com<\/a><\/p>\n\n<p><strong>Nome da empresa<\/strong>: Software Solution GmbH<\/p>\n\n<p><strong>Respons\u00e1vel pela prote\u00e7\u00e3o de dados:<br\/><\/strong>Software Solution GmbH<br\/><a href=\"mailto:info@alcads.com\">info@alcads.com<\/a><\/p>\n\n<p><strong>Geral<\/strong><br\/>Com base no artigo 13\u00ba da Constitui\u00e7\u00e3o Federal Su\u00ed\u00e7a e nas disposi\u00e7\u00f5es de prote\u00e7\u00e3o de dados da Confedera\u00e7\u00e3o Su\u00ed\u00e7a (Lei de Prote\u00e7\u00e3o de Dados, DSG), todas as pessoas t\u00eam direito \u00e0 prote\u00e7\u00e3o da sua privacidade, bem como \u00e0 prote\u00e7\u00e3o contra a utiliza\u00e7\u00e3o indevida dos seus dados pessoais. Os operadores destas p\u00e1ginas levam muito a s\u00e9rio a prote\u00e7\u00e3o dos teus dados pessoais. Tratamos os teus dados pessoais de forma confidencial e de acordo com os regulamentos legais de prote\u00e7\u00e3o de dados, bem como com esta pol\u00edtica de privacidade.<\/p>\n\n<p>Em coopera\u00e7\u00e3o com os nossos fornecedores de alojamento, envidamos todos os esfor\u00e7os para proteger as bases de dados, tanto quanto poss\u00edvel, contra o acesso n\u00e3o autorizado, a perda, a utiliza\u00e7\u00e3o indevida ou a falsifica\u00e7\u00e3o.<\/p>\n\n<p>Gostar\u00edamos de salientar que a transmiss\u00e3o de dados na Internet (por exemplo, comunica\u00e7\u00e3o por correio eletr\u00f3nico) pode ter falhas de seguran\u00e7a. N\u00e3o \u00e9 poss\u00edvel uma prote\u00e7\u00e3o completa dos dados contra o acesso de terceiros.<\/p>\n\n<p>Ao utilizar este s\u00edtio Web, consente a recolha, o tratamento e a utiliza\u00e7\u00e3o de dados de acordo com a seguinte descri\u00e7\u00e3o. Em geral, este s\u00edtio Web pode ser visitado sem registo. Dados como p\u00e1ginas acedidas ou nomes de ficheiros acedidos, data e hora s\u00e3o armazenados no servidor para fins estat\u00edsticos sem que estes dados estejam diretamente relacionados com a tua pessoa. Os dados pessoais, em especial o nome, o endere\u00e7o ou o endere\u00e7o eletr\u00f3nico, s\u00e3o recolhidos, na medida do poss\u00edvel, numa base volunt\u00e1ria. Sem o teu consentimento, os dados n\u00e3o ser\u00e3o transmitidos a terceiros.<\/p>\n\n<p><strong>Processamento de dados pessoais<\/strong><br\/>Os dados pessoais s\u00e3o qualquer informa\u00e7\u00e3o relativa a uma pessoa identificada ou identific\u00e1vel. Um titular de dados \u00e9 uma pessoa sobre a qual s\u00e3o tratados dados pessoais. O tratamento inclui qualquer manipula\u00e7\u00e3o de dados pessoais, independentemente dos meios e procedimentos utilizados, em especial o armazenamento, a divulga\u00e7\u00e3o, a aquisi\u00e7\u00e3o, o apagamento, a conserva\u00e7\u00e3o, a modifica\u00e7\u00e3o, a destrui\u00e7\u00e3o e a utiliza\u00e7\u00e3o de dados pessoais.<\/p>\n\n<p>Processamos os dados pessoais de acordo com a lei su\u00ed\u00e7a de prote\u00e7\u00e3o de dados. Al\u00e9m disso, na medida em que o RGPD da UE \u00e9 aplic\u00e1vel, processamos dados pessoais de acordo com as seguintes bases legais em conex\u00e3o com o Art. 6 (1) DO RGPD:<br\/>aceso. a) Tratamento de dados pessoais com o consentimento da pessoa em causa.<br\/>aceso. b) Processamento de dados pessoais para o cumprimento de um contrato com o titular dos dados, bem como para a implementa\u00e7\u00e3o de medidas pr\u00e9-contratuais correspondentes.<br\/>aceso. c) Processamento de dados pessoais para o cumprimento de uma obriga\u00e7\u00e3o legal a que estamos sujeitos ao abrigo de qualquer lei aplic\u00e1vel da UE ou ao abrigo de qualquer lei aplic\u00e1vel de um pa\u00eds em que o RGPD \u00e9 aplic\u00e1vel no todo ou em parte.<br\/>aceso. d) Tratamento de dados pessoais para proteger os interesses vitais do titular dos dados ou de outra pessoa singular.<br\/>aceso. f) Tratamento de dados pessoais para proteger os nossos interesses leg\u00edtimos ou de terceiros, exceto se prevalecerem as liberdades fundamentais e os direitos e interesses da pessoa em causa. Os interesses leg\u00edtimos incluem, em particular, o nosso interesse comercial em poder fornecer o nosso s\u00edtio Web, a seguran\u00e7a da informa\u00e7\u00e3o, a aplica\u00e7\u00e3o das nossas pr\u00f3prias reivindica\u00e7\u00f5es legais e o cumprimento da legisla\u00e7\u00e3o su\u00ed\u00e7a.<\/p>\n\n<p>Processamos os dados pessoais durante o tempo necess\u00e1rio para o respetivo objetivo ou objectivos. No caso de obriga\u00e7\u00f5es de reten\u00e7\u00e3o a longo prazo devido a obriga\u00e7\u00f5es legais e outras a que estamos sujeitos, restringimos o processamento em conformidade.<\/p>\n\n<p><strong>Cookies<\/strong><br\/>Este s\u00edtio Web utiliza cookies. Trata-se de pequenos ficheiros de texto que permitem armazenar informa\u00e7\u00f5es espec\u00edficas relacionadas com o utilizador no dispositivo terminal do utilizador enquanto este utiliza o s\u00edtio Web. Os cookies permitem, nomeadamente, determinar a frequ\u00eancia de utiliza\u00e7\u00e3o e o n\u00famero de utilizadores das p\u00e1ginas, analisar os padr\u00f5es de comportamento da utiliza\u00e7\u00e3o das p\u00e1ginas, mas tamb\u00e9m tornar a nossa oferta mais convivial para o cliente. Os cookies permanecem armazenados para al\u00e9m do final de uma sess\u00e3o do browser e podem ser recuperados quando voltas a visitar o site. Se n\u00e3o desejas que isto aconte\u00e7a, deves configurar o teu navegador de Internet de modo a que este n\u00e3o aceite cookies.<\/p>\n\n<p>Uma obje\u00e7\u00e3o geral \u00e0 utiliza\u00e7\u00e3o de cookies utilizados para fins de marketing em linha pode ser declarada para um grande n\u00famero de servi\u00e7os, especialmente no caso do rastreio, atrav\u00e9s do s\u00edtio dos EUA <a href=\"http:\/\/www.aboutads.info\/choices\/\">http:\/\/www.aboutads.info\/choices\/<\/a> ou do s\u00edtio da UE <a href=\"http:\/\/www.youronlinechoices.com\/\">http:\/\/www.youronlinechoices.com\/.<\/a> Al\u00e9m disso, o armazenamento de cookies pode ser conseguido desactivando-os nas defini\u00e7\u00f5es do browser. Tem em aten\u00e7\u00e3o que, neste caso, nem todas as fun\u00e7\u00f5es desta oferta online podem ser utilizadas.<\/p>\n\n<p><strong>Com encripta\u00e7\u00e3o SSL\/TLS<\/strong><br\/>Este s\u00edtio Web utiliza a encripta\u00e7\u00e3o SSL\/TLS por raz\u00f5es de seguran\u00e7a e para proteger a transmiss\u00e3o de conte\u00fados confidenciais, como os pedidos que nos envias enquanto operador do s\u00edtio. Podes reconhecer uma liga\u00e7\u00e3o encriptada pelo facto de a linha de endere\u00e7o do browser mudar de &#8220;&#8221;http:\/\/&#8221;&#8221; para &#8220;&#8221;https:\/\/&#8221;&#8221; e pelo s\u00edmbolo de cadeado na linha do browser.<\/p>\n\n<p>Se a encripta\u00e7\u00e3o SSL ou TLS estiver activada, os dados que nos transmites n\u00e3o podem ser lidos por terceiros.<\/p>\n\n<p><strong>Formul\u00e1rio de contacto<\/strong><br\/>Se nos enviares pedidos de informa\u00e7\u00e3o atrav\u00e9s do formul\u00e1rio de contacto, os teus dados do formul\u00e1rio de pedido de informa\u00e7\u00e3o, incluindo os dados de contacto que a\u00ed forneceste, ser\u00e3o armazenados por n\u00f3s para efeitos de processamento do pedido de informa\u00e7\u00e3o e em caso de perguntas subsequentes. N\u00e3o transmitimos estes dados sem o teu consentimento.<\/p>\n\n<p><strong>Boletim informativo<\/strong><br\/>Se quiseres receber a newsletter oferecida neste s\u00edtio Web, pedimos-te um endere\u00e7o de correio eletr\u00f3nico, bem como informa\u00e7\u00f5es que nos permitam verificar se \u00e9s o propriet\u00e1rio do endere\u00e7o de correio eletr\u00f3nico especificado e se concordas em receber a newsletter. N\u00e3o ser\u00e3o recolhidos mais dados. Utilizamos estes dados exclusivamente para enviar as informa\u00e7\u00f5es solicitadas e n\u00e3o os transmitimos a terceiros.<\/p>\n\n<p>Podes revogar o teu consentimento para o armazenamento dos dados, o endere\u00e7o de e-mail e a sua utiliza\u00e7\u00e3o para o envio da newsletter em qualquer altura, por exemplo, atrav\u00e9s da &#8220;&#8221;liga\u00e7\u00e3o de anula\u00e7\u00e3o da subscri\u00e7\u00e3o&#8221;&#8221; na newsletter.<\/p>\n\n<p><strong>Direitos de autor<\/strong><br\/>Os direitos de autor e todos os outros direitos sobre os conte\u00fados, imagens, fotografias ou outros ficheiros do s\u00edtio Web pertencem exclusivamente ao operador deste s\u00edtio Web ou aos titulares dos direitos de autor especificamente designados. Para a reprodu\u00e7\u00e3o de todos os ficheiros, \u00e9 necess\u00e1rio obter previamente o consentimento escrito do titular dos direitos de autor.<br\/>Qualquer pessoa que cometa uma viola\u00e7\u00e3o de direitos de autor sem o consentimento do respetivo detentor dos direitos de autor pode ser objeto de um processo judicial e, eventualmente, de uma indemniza\u00e7\u00e3o.<\/p>\n\n<p><strong>Isen\u00e7\u00e3o de responsabilidade<\/strong><br\/>Todas as informa\u00e7\u00f5es no nosso s\u00edtio Web foram cuidadosamente verificadas. Fazemos todos os esfor\u00e7os para garantir que as informa\u00e7\u00f5es que fornecemos est\u00e3o actualizadas, correctas e completas. No entanto, a ocorr\u00eancia de erros n\u00e3o pode ser completamente exclu\u00edda, pelo que n\u00e3o podemos garantir a exaustividade, exatid\u00e3o e atualidade das informa\u00e7\u00f5es, incluindo as de natureza jornal\u00edstico-editorial. As reivindica\u00e7\u00f5es de responsabilidade por danos causados pela utiliza\u00e7\u00e3o de qualquer informa\u00e7\u00e3o fornecida, incluindo qualquer tipo de informa\u00e7\u00e3o incompleta ou incorrecta, ser\u00e3o, por conseguinte, rejeitadas.<br\/>O editor pode alterar ou eliminar textos \u00e0 sua discri\u00e7\u00e3o e sem aviso pr\u00e9vio e n\u00e3o \u00e9 obrigado a atualizar o conte\u00fado deste s\u00edtio Web. A utiliza\u00e7\u00e3o ou o acesso a este s\u00edtio Web \u00e9 feito por conta e risco do visitante. O editor, os seus clientes ou parceiros n\u00e3o s\u00e3o respons\u00e1veis por danos, tais como danos directos, indirectos, incidentais, consequenciais ou punitivos, alegadamente causados pela visita a este s\u00edtio Web e, consequentemente, n\u00e3o assumem qualquer responsabilidade por tais danos.<br\/>O editor tamb\u00e9m n\u00e3o assume qualquer responsabilidade pelo conte\u00fado e disponibilidade de s\u00edtios Web de terceiros que possam ser acedidos atrav\u00e9s de liga\u00e7\u00f5es externas neste s\u00edtio Web. Os operadores dos s\u00edtios ligados s\u00e3o os \u00fanicos respons\u00e1veis pelo seu conte\u00fado. O editor distancia-se assim expressamente de todos os conte\u00fados de terceiros que possam ser relevantes do ponto de vista do direito penal ou de responsabilidade ou que possam ofender a dec\u00eancia comum.<\/p>\n\n<p><strong>Isen\u00e7\u00e3o de responsabilidade<\/strong><br\/>O autor n\u00e3o assume qualquer responsabilidade pela corre\u00e7\u00e3o, exatid\u00e3o, atualidade, fiabilidade e integridade das informa\u00e7\u00f5es.<br\/>Est\u00e3o exclu\u00eddas as reivindica\u00e7\u00f5es de responsabilidade contra o autor por danos materiais ou imateriais resultantes do acesso, utiliza\u00e7\u00e3o ou n\u00e3o utiliza\u00e7\u00e3o das informa\u00e7\u00f5es publicadas, da m\u00e1 utiliza\u00e7\u00e3o da liga\u00e7\u00e3o ou de avarias t\u00e9cnicas.<\/p>\n\n<p>Todas as ofertas n\u00e3o s\u00e3o vinculativas. O autor reserva-se expressamente o direito de alterar, acrescentar ou suprimir partes das p\u00e1ginas ou a totalidade da oferta sem aviso pr\u00e9vio, ou de cessar tempor\u00e1ria ou definitivamente a publica\u00e7\u00e3o.<\/p>\n","protected":false},"excerpt":{"rendered":"<p>Software Solution GmbHTalacker 418001 ZuriqueSu\u00ed\u00e7aCorreio eletr\u00f3nico: info@alcads.com Nome da empresa: Software Solution GmbH Respons\u00e1vel pela prote\u00e7\u00e3o de dados:Software Solution GmbHinfo@alcads.com GeralCom base no artigo 13\u00ba da Constitui\u00e7\u00e3o Federal Su\u00ed\u00e7a e nas disposi\u00e7\u00f5es de prote\u00e7\u00e3o de dados da Confedera\u00e7\u00e3o Su\u00ed\u00e7a (Lei de Prote\u00e7\u00e3o de Dados, DSG), todas as pessoas t\u00eam direito \u00e0 prote\u00e7\u00e3o da sua privacidade, [&hellip;]<\/p>\n","protected":false},"author":1,"featured_media":0,"parent":0,"menu_order":0,"comment_status":"closed","ping_status":"closed","template":"","meta":{"_acf_changed":false,"footnotes":""},"class_list":["post-97369","page","type-page","status-publish","hentry"],"acf":[],"yoast_head":"<!-- This site is optimized with the Yoast SEO plugin v27.3 - https:\/\/yoast.com\/product\/yoast-seo-wordpress\/ -->\n<title>Pol\u00edtica de privacidade - Alcads<\/title>\n<meta name=\"robots\" content=\"noindex, follow\" \/>\n<meta property=\"og:locale\" content=\"pt_PT\" \/>\n<meta property=\"og:type\" content=\"article\" \/>\n<meta property=\"og:title\" content=\"Pol\u00edtica de privacidade - Alcads\" \/>\n<meta property=\"og:description\" content=\"Software Solution GmbHTalacker 418001 ZuriqueSu\u00ed\u00e7aCorreio eletr\u00f3nico: info@alcads.com Nome da empresa: Software Solution GmbH Respons\u00e1vel pela prote\u00e7\u00e3o de dados:Software Solution GmbHinfo@alcads.com GeralCom base no artigo 13\u00ba da Constitui\u00e7\u00e3o Federal Su\u00ed\u00e7a e nas disposi\u00e7\u00f5es de prote\u00e7\u00e3o de dados da Confedera\u00e7\u00e3o Su\u00ed\u00e7a (Lei de Prote\u00e7\u00e3o de Dados, DSG), todas as pessoas t\u00eam direito \u00e0 prote\u00e7\u00e3o da sua privacidade, [&hellip;]\" \/>\n<meta property=\"og:url\" content=\"https:\/\/alcads.com\/pt-pt\/politica-de-privacidade\/\" \/>\n<meta property=\"og:site_name\" content=\"Alcads\" \/>\n<meta property=\"article:modified_time\" content=\"2024-05-20T10:23:36+00:00\" \/>\n<meta name=\"twitter:card\" content=\"summary_large_image\" \/>\n<meta name=\"twitter:label1\" content=\"Tempo estimado de leitura\" \/>\n\t<meta name=\"twitter:data1\" content=\"6 minutos\" \/>\n<script type=\"application\/ld+json\" class=\"yoast-schema-graph\">{\"@context\":\"https:\\\/\\\/schema.org\",\"@graph\":[{\"@type\":\"WebPage\",\"@id\":\"https:\\\/\\\/alcads.com\\\/pt-pt\\\/politica-de-privacidade\\\/\",\"url\":\"https:\\\/\\\/alcads.com\\\/pt-pt\\\/politica-de-privacidade\\\/\",\"name\":\"Pol\u00edtica de privacidade - Alcads\",\"isPartOf\":{\"@id\":\"https:\\\/\\\/alcads.com\\\/pt-pt\\\/#website\"},\"datePublished\":\"2024-04-23T05:31:04+00:00\",\"dateModified\":\"2024-05-20T10:23:36+00:00\",\"breadcrumb\":{\"@id\":\"https:\\\/\\\/alcads.com\\\/pt-pt\\\/politica-de-privacidade\\\/#breadcrumb\"},\"inLanguage\":\"pt-PT\",\"potentialAction\":[{\"@type\":\"ReadAction\",\"target\":[\"https:\\\/\\\/alcads.com\\\/pt-pt\\\/politica-de-privacidade\\\/\"]}]},{\"@type\":\"BreadcrumbList\",\"@id\":\"https:\\\/\\\/alcads.com\\\/pt-pt\\\/politica-de-privacidade\\\/#breadcrumb\",\"itemListElement\":[{\"@type\":\"ListItem\",\"position\":1,\"name\":\"Home\",\"item\":\"https:\\\/\\\/alcads.com\\\/pt-pt\\\/\"},{\"@type\":\"ListItem\",\"position\":2,\"name\":\"Pol\u00edtica de privacidade\"}]},{\"@type\":\"WebSite\",\"@id\":\"https:\\\/\\\/alcads.com\\\/pt-pt\\\/#website\",\"url\":\"https:\\\/\\\/alcads.com\\\/pt-pt\\\/\",\"name\":\"Alcads\",\"description\":\"The Best AutoCAD Alternative\",\"publisher\":{\"@id\":\"https:\\\/\\\/alcads.com\\\/pt-pt\\\/#organization\"},\"potentialAction\":[{\"@type\":\"SearchAction\",\"target\":{\"@type\":\"EntryPoint\",\"urlTemplate\":\"https:\\\/\\\/alcads.com\\\/pt-pt\\\/?s={search_term_string}\"},\"query-input\":{\"@type\":\"PropertyValueSpecification\",\"valueRequired\":true,\"valueName\":\"search_term_string\"}}],\"inLanguage\":\"pt-PT\"},{\"@type\":\"Organization\",\"@id\":\"https:\\\/\\\/alcads.com\\\/pt-pt\\\/#organization\",\"name\":\"Alcads\",\"url\":\"https:\\\/\\\/alcads.com\\\/pt-pt\\\/\",\"logo\":{\"@type\":\"ImageObject\",\"inLanguage\":\"pt-PT\",\"@id\":\"https:\\\/\\\/alcads.com\\\/pt-pt\\\/#\\\/schema\\\/logo\\\/image\\\/\",\"url\":\"https:\\\/\\\/alcads.com\\\/wp-content\\\/uploads\\\/2024\\\/05\\\/logo.png\",\"contentUrl\":\"https:\\\/\\\/alcads.com\\\/wp-content\\\/uploads\\\/2024\\\/05\\\/logo.png\",\"width\":122,\"height\":42,\"caption\":\"Alcads\"},\"image\":{\"@id\":\"https:\\\/\\\/alcads.com\\\/pt-pt\\\/#\\\/schema\\\/logo\\\/image\\\/\"}}]}<\/script>\n<!-- \/ Yoast SEO plugin. -->","yoast_head_json":{"title":"Pol\u00edtica de privacidade - Alcads","robots":{"index":"noindex","follow":"follow"},"og_locale":"pt_PT","og_type":"article","og_title":"Pol\u00edtica de privacidade - Alcads","og_description":"Software Solution GmbHTalacker 418001 ZuriqueSu\u00ed\u00e7aCorreio eletr\u00f3nico: info@alcads.com Nome da empresa: Software Solution GmbH Respons\u00e1vel pela prote\u00e7\u00e3o de dados:Software Solution GmbHinfo@alcads.com GeralCom base no artigo 13\u00ba da Constitui\u00e7\u00e3o Federal Su\u00ed\u00e7a e nas disposi\u00e7\u00f5es de prote\u00e7\u00e3o de dados da Confedera\u00e7\u00e3o Su\u00ed\u00e7a (Lei de Prote\u00e7\u00e3o de Dados, DSG), todas as pessoas t\u00eam direito \u00e0 prote\u00e7\u00e3o da sua privacidade, [&hellip;]","og_url":"https:\/\/alcads.com\/pt-pt\/politica-de-privacidade\/","og_site_name":"Alcads","article_modified_time":"2024-05-20T10:23:36+00:00","twitter_card":"summary_large_image","twitter_misc":{"Tempo estimado de leitura":"6 minutos"},"schema":{"@context":"https:\/\/schema.org","@graph":[{"@type":"WebPage","@id":"https:\/\/alcads.com\/pt-pt\/politica-de-privacidade\/","url":"https:\/\/alcads.com\/pt-pt\/politica-de-privacidade\/","name":"Pol\u00edtica de privacidade - Alcads","isPartOf":{"@id":"https:\/\/alcads.com\/pt-pt\/#website"},"datePublished":"2024-04-23T05:31:04+00:00","dateModified":"2024-05-20T10:23:36+00:00","breadcrumb":{"@id":"https:\/\/alcads.com\/pt-pt\/politica-de-privacidade\/#breadcrumb"},"inLanguage":"pt-PT","potentialAction":[{"@type":"ReadAction","target":["https:\/\/alcads.com\/pt-pt\/politica-de-privacidade\/"]}]},{"@type":"BreadcrumbList","@id":"https:\/\/alcads.com\/pt-pt\/politica-de-privacidade\/#breadcrumb","itemListElement":[{"@type":"ListItem","position":1,"name":"Home","item":"https:\/\/alcads.com\/pt-pt\/"},{"@type":"ListItem","position":2,"name":"Pol\u00edtica de privacidade"}]},{"@type":"WebSite","@id":"https:\/\/alcads.com\/pt-pt\/#website","url":"https:\/\/alcads.com\/pt-pt\/","name":"Alcads","description":"The Best AutoCAD Alternative","publisher":{"@id":"https:\/\/alcads.com\/pt-pt\/#organization"},"potentialAction":[{"@type":"SearchAction","target":{"@type":"EntryPoint","urlTemplate":"https:\/\/alcads.com\/pt-pt\/?s={search_term_string}"},"query-input":{"@type":"PropertyValueSpecification","valueRequired":true,"valueName":"search_term_string"}}],"inLanguage":"pt-PT"},{"@type":"Organization","@id":"https:\/\/alcads.com\/pt-pt\/#organization","name":"Alcads","url":"https:\/\/alcads.com\/pt-pt\/","logo":{"@type":"ImageObject","inLanguage":"pt-PT","@id":"https:\/\/alcads.com\/pt-pt\/#\/schema\/logo\/image\/","url":"https:\/\/alcads.com\/wp-content\/uploads\/2024\/05\/logo.png","contentUrl":"https:\/\/alcads.com\/wp-content\/uploads\/2024\/05\/logo.png","width":122,"height":42,"caption":"Alcads"},"image":{"@id":"https:\/\/alcads.com\/pt-pt\/#\/schema\/logo\/image\/"}}]}},"jetpack_sharing_enabled":true,"_links":{"self":[{"href":"https:\/\/alcads.com\/pt-pt\/wp-json\/wp\/v2\/pages\/97369","targetHints":{"allow":["GET"]}}],"collection":[{"href":"https:\/\/alcads.com\/pt-pt\/wp-json\/wp\/v2\/pages"}],"about":[{"href":"https:\/\/alcads.com\/pt-pt\/wp-json\/wp\/v2\/types\/page"}],"author":[{"embeddable":true,"href":"https:\/\/alcads.com\/pt-pt\/wp-json\/wp\/v2\/users\/1"}],"replies":[{"embeddable":true,"href":"https:\/\/alcads.com\/pt-pt\/wp-json\/wp\/v2\/comments?post=97369"}],"version-history":[{"count":2,"href":"https:\/\/alcads.com\/pt-pt\/wp-json\/wp\/v2\/pages\/97369\/revisions"}],"predecessor-version":[{"id":102173,"href":"https:\/\/alcads.com\/pt-pt\/wp-json\/wp\/v2\/pages\/97369\/revisions\/102173"}],"wp:attachment":[{"href":"https:\/\/alcads.com\/pt-pt\/wp-json\/wp\/v2\/media?parent=97369"}],"curies":[{"name":"wp","href":"https:\/\/api.w.org\/{rel}","templated":true}]}}