{"id":97336,"date":"2024-04-23T07:12:13","date_gmt":"2024-04-23T07:12:13","guid":{"rendered":"https:\/\/dev.alcads.com\/faqs\/"},"modified":"2024-05-20T09:30:05","modified_gmt":"2024-05-20T09:30:05","slug":"faqs","status":"publish","type":"page","link":"https:\/\/alcads.com\/pt-pt\/faqs\/","title":{"rendered":"FAQs"},"content":{"rendered":"","protected":false},"excerpt":{"rendered":"","protected":false},"author":1,"featured_media":0,"parent":0,"menu_order":0,"comment_status":"closed","ping_status":"closed","template":"page-template\/faq.php","meta":{"_acf_changed":false,"footnotes":""},"class_list":["post-97336","page","type-page","status-publish","hentry"],"acf":[],"yoast_head":"<!-- This site is optimized with the Yoast SEO plugin v27.3 - https:\/\/yoast.com\/product\/yoast-seo-wordpress\/ -->\n<title>Perguntas Frequentes | Alcads.com<\/title>\n<meta name=\"description\" content=\"Obt\u00e9m todas as tuas respostas num s\u00f3 lugar! A nossa sec\u00e7\u00e3o de perguntas frequentes fornece solu\u00e7\u00f5es \u00fateis para as tuas d\u00favidas mais comuns. Simplifica a tua vida connosco.\" \/>\n<meta name=\"robots\" content=\"index, follow, max-snippet:-1, max-image-preview:large, max-video-preview:-1\" \/>\n<link rel=\"canonical\" href=\"https:\/\/alcads.com\/pt-pt\/faqs\/\" \/>\n<meta property=\"og:locale\" content=\"pt_PT\" \/>\n<meta property=\"og:type\" content=\"article\" \/>\n<meta property=\"og:title\" content=\"Perguntas Frequentes | Alcads.com\" \/>\n<meta property=\"og:description\" content=\"Obt\u00e9m todas as tuas respostas num s\u00f3 lugar! A nossa sec\u00e7\u00e3o de perguntas frequentes fornece solu\u00e7\u00f5es \u00fateis para as tuas d\u00favidas mais comuns. Simplifica a tua vida connosco.\" \/>\n<meta property=\"og:url\" content=\"https:\/\/alcads.com\/pt-pt\/faqs\/\" \/>\n<meta property=\"og:site_name\" content=\"Alcads\" \/>\n<meta property=\"article:modified_time\" content=\"2024-05-20T09:30:05+00:00\" \/>\n<meta name=\"twitter:card\" content=\"summary_large_image\" \/>\n<script type=\"application\/ld+json\" class=\"yoast-schema-graph\">{\"@context\":\"https:\\\/\\\/schema.org\",\"@graph\":[{\"@type\":\"WebPage\",\"@id\":\"https:\\\/\\\/alcads.com\\\/pt-pt\\\/faqs\\\/\",\"url\":\"https:\\\/\\\/alcads.com\\\/pt-pt\\\/faqs\\\/\",\"name\":\"Perguntas Frequentes | Alcads.com\",\"isPartOf\":{\"@id\":\"https:\\\/\\\/alcads.com\\\/pt-pt\\\/#website\"},\"datePublished\":\"2024-04-23T07:12:13+00:00\",\"dateModified\":\"2024-05-20T09:30:05+00:00\",\"description\":\"Obt\u00e9m todas as tuas respostas num s\u00f3 lugar! A nossa sec\u00e7\u00e3o de perguntas frequentes fornece solu\u00e7\u00f5es \u00fateis para as tuas d\u00favidas mais comuns. Simplifica a tua vida connosco.\",\"breadcrumb\":{\"@id\":\"https:\\\/\\\/alcads.com\\\/pt-pt\\\/faqs\\\/#breadcrumb\"},\"inLanguage\":\"pt-PT\",\"potentialAction\":[{\"@type\":\"ReadAction\",\"target\":[\"https:\\\/\\\/alcads.com\\\/pt-pt\\\/faqs\\\/\"]}]},{\"@type\":\"BreadcrumbList\",\"@id\":\"https:\\\/\\\/alcads.com\\\/pt-pt\\\/faqs\\\/#breadcrumb\",\"itemListElement\":[{\"@type\":\"ListItem\",\"position\":1,\"name\":\"Home\",\"item\":\"https:\\\/\\\/alcads.com\\\/pt-pt\\\/\"},{\"@type\":\"ListItem\",\"position\":2,\"name\":\"FAQs\"}]},{\"@type\":\"WebSite\",\"@id\":\"https:\\\/\\\/alcads.com\\\/pt-pt\\\/#website\",\"url\":\"https:\\\/\\\/alcads.com\\\/pt-pt\\\/\",\"name\":\"Alcads\",\"description\":\"The Best AutoCAD Alternative\",\"publisher\":{\"@id\":\"https:\\\/\\\/alcads.com\\\/pt-pt\\\/#organization\"},\"potentialAction\":[{\"@type\":\"SearchAction\",\"target\":{\"@type\":\"EntryPoint\",\"urlTemplate\":\"https:\\\/\\\/alcads.com\\\/pt-pt\\\/?s={search_term_string}\"},\"query-input\":{\"@type\":\"PropertyValueSpecification\",\"valueRequired\":true,\"valueName\":\"search_term_string\"}}],\"inLanguage\":\"pt-PT\"},{\"@type\":\"Organization\",\"@id\":\"https:\\\/\\\/alcads.com\\\/pt-pt\\\/#organization\",\"name\":\"Alcads\",\"url\":\"https:\\\/\\\/alcads.com\\\/pt-pt\\\/\",\"logo\":{\"@type\":\"ImageObject\",\"inLanguage\":\"pt-PT\",\"@id\":\"https:\\\/\\\/alcads.com\\\/pt-pt\\\/#\\\/schema\\\/logo\\\/image\\\/\",\"url\":\"https:\\\/\\\/alcads.com\\\/wp-content\\\/uploads\\\/2024\\\/05\\\/logo.png\",\"contentUrl\":\"https:\\\/\\\/alcads.com\\\/wp-content\\\/uploads\\\/2024\\\/05\\\/logo.png\",\"width\":122,\"height\":42,\"caption\":\"Alcads\"},\"image\":{\"@id\":\"https:\\\/\\\/alcads.com\\\/pt-pt\\\/#\\\/schema\\\/logo\\\/image\\\/\"}}]}<\/script>\n<!-- \/ Yoast SEO plugin. -->","yoast_head_json":{"title":"Perguntas Frequentes | Alcads.com","description":"Obt\u00e9m todas as tuas respostas num s\u00f3 lugar! A nossa sec\u00e7\u00e3o de perguntas frequentes fornece solu\u00e7\u00f5es \u00fateis para as tuas d\u00favidas mais comuns. Simplifica a tua vida connosco.","robots":{"index":"index","follow":"follow","max-snippet":"max-snippet:-1","max-image-preview":"max-image-preview:large","max-video-preview":"max-video-preview:-1"},"canonical":"https:\/\/alcads.com\/pt-pt\/faqs\/","og_locale":"pt_PT","og_type":"article","og_title":"Perguntas Frequentes | Alcads.com","og_description":"Obt\u00e9m todas as tuas respostas num s\u00f3 lugar! A nossa sec\u00e7\u00e3o de perguntas frequentes fornece solu\u00e7\u00f5es \u00fateis para as tuas d\u00favidas mais comuns. Simplifica a tua vida connosco.","og_url":"https:\/\/alcads.com\/pt-pt\/faqs\/","og_site_name":"Alcads","article_modified_time":"2024-05-20T09:30:05+00:00","twitter_card":"summary_large_image","schema":{"@context":"https:\/\/schema.org","@graph":[{"@type":"WebPage","@id":"https:\/\/alcads.com\/pt-pt\/faqs\/","url":"https:\/\/alcads.com\/pt-pt\/faqs\/","name":"Perguntas Frequentes | Alcads.com","isPartOf":{"@id":"https:\/\/alcads.com\/pt-pt\/#website"},"datePublished":"2024-04-23T07:12:13+00:00","dateModified":"2024-05-20T09:30:05+00:00","description":"Obt\u00e9m todas as tuas respostas num s\u00f3 lugar! A nossa sec\u00e7\u00e3o de perguntas frequentes fornece solu\u00e7\u00f5es \u00fateis para as tuas d\u00favidas mais comuns. Simplifica a tua vida connosco.","breadcrumb":{"@id":"https:\/\/alcads.com\/pt-pt\/faqs\/#breadcrumb"},"inLanguage":"pt-PT","potentialAction":[{"@type":"ReadAction","target":["https:\/\/alcads.com\/pt-pt\/faqs\/"]}]},{"@type":"BreadcrumbList","@id":"https:\/\/alcads.com\/pt-pt\/faqs\/#breadcrumb","itemListElement":[{"@type":"ListItem","position":1,"name":"Home","item":"https:\/\/alcads.com\/pt-pt\/"},{"@type":"ListItem","position":2,"name":"FAQs"}]},{"@type":"WebSite","@id":"https:\/\/alcads.com\/pt-pt\/#website","url":"https:\/\/alcads.com\/pt-pt\/","name":"Alcads","description":"The Best AutoCAD Alternative","publisher":{"@id":"https:\/\/alcads.com\/pt-pt\/#organization"},"potentialAction":[{"@type":"SearchAction","target":{"@type":"EntryPoint","urlTemplate":"https:\/\/alcads.com\/pt-pt\/?s={search_term_string}"},"query-input":{"@type":"PropertyValueSpecification","valueRequired":true,"valueName":"search_term_string"}}],"inLanguage":"pt-PT"},{"@type":"Organization","@id":"https:\/\/alcads.com\/pt-pt\/#organization","name":"Alcads","url":"https:\/\/alcads.com\/pt-pt\/","logo":{"@type":"ImageObject","inLanguage":"pt-PT","@id":"https:\/\/alcads.com\/pt-pt\/#\/schema\/logo\/image\/","url":"https:\/\/alcads.com\/wp-content\/uploads\/2024\/05\/logo.png","contentUrl":"https:\/\/alcads.com\/wp-content\/uploads\/2024\/05\/logo.png","width":122,"height":42,"caption":"Alcads"},"image":{"@id":"https:\/\/alcads.com\/pt-pt\/#\/schema\/logo\/image\/"}}]}},"jetpack_sharing_enabled":true,"_links":{"self":[{"href":"https:\/\/alcads.com\/pt-pt\/wp-json\/wp\/v2\/pages\/97336","targetHints":{"allow":["GET"]}}],"collection":[{"href":"https:\/\/alcads.com\/pt-pt\/wp-json\/wp\/v2\/pages"}],"about":[{"href":"https:\/\/alcads.com\/pt-pt\/wp-json\/wp\/v2\/types\/page"}],"author":[{"embeddable":true,"href":"https:\/\/alcads.com\/pt-pt\/wp-json\/wp\/v2\/users\/1"}],"replies":[{"embeddable":true,"href":"https:\/\/alcads.com\/pt-pt\/wp-json\/wp\/v2\/comments?post=97336"}],"version-history":[{"count":1,"href":"https:\/\/alcads.com\/pt-pt\/wp-json\/wp\/v2\/pages\/97336\/revisions"}],"predecessor-version":[{"id":102142,"href":"https:\/\/alcads.com\/pt-pt\/wp-json\/wp\/v2\/pages\/97336\/revisions\/102142"}],"wp:attachment":[{"href":"https:\/\/alcads.com\/pt-pt\/wp-json\/wp\/v2\/media?parent=97336"}],"curies":[{"name":"wp","href":"https:\/\/api.w.org\/{rel}","templated":true}]}}