{"id":116150,"date":"2025-12-01T10:08:01","date_gmt":"2025-12-01T10:08:01","guid":{"rendered":"https:\/\/alcads.com\/?post_type=product&#038;p=116150"},"modified":"2025-12-03T11:07:35","modified_gmt":"2025-12-03T11:07:35","slug":"alcad-standard","status":"publish","type":"product","link":"https:\/\/alcads.com\/pl\/product\/alcad-standard\/","title":{"rendered":"ALCAD Standard 2026"},"content":{"rendered":"<p>ALCAD 2D\/3D to najlepsza alternatywa dla AutoCAD. Taki sam interfejs i funkcje jak w AutoCAD.<\/p>\n<p>Ten produkt zawiera tylko CAD.<\/p>\n<p>Tabela por\u00f3wnawcza ALCAD z AutoCAD tutaj:<\/p>\n<p><a href=\"https:\/\/alcads.com\/pl\/porownaj-alcad\/\/\" target=\"_blank\" rel=\"noopener\">Por\u00f3wnaj ALCAD | ALCAD (alcads.com)<\/a><\/p>\n<p><strong>ALCAD &#8211; w pe\u0142ni kompatybilny interfejs DWG-CAD<br \/>\nCAD i dzia\u0142a tak samo jak AutoCAD.<\/strong><\/p>\n<p>ALCAD Standard 2026 jest dost\u0119pny jako licencja roczna 229 \u20ac lub jednorazowa licencja sta\u0142a za 369 \u20ac.<\/p>\n<ul>\n<li>Obs\u0142uga formatu DWG 2026<\/li>\n<li>Geolokalizacja MAP-Import<\/li>\n<li>Import PDF do DWG<\/li>\n<li>LAYER-Manager<\/li>\n<li>XREF-Manager<\/li>\n<li>Pe\u0142ne narz\u0119dzia 2D i proste funkcje modelowania 3D<\/li>\n<li>Obs\u0142uga obraz\u00f3w rastrowych<\/li>\n<li>Nowe dynamiczne wej\u015bcie<\/li>\n<li>Lokalizacja i obraz mapy geograficznej<\/li>\n<li>Dodawanie podpis\u00f3w cyfrowych<\/li>\n<li>Tryby szkicowania i uchwyty wyboru<\/li>\n<li>Eksport plik\u00f3w PDF 2D i 3D<\/li>\n<li>LISP, IRX\/DRX, SDS<\/li>\n<li>Nowe style wizualne i materia\u0142y<\/li>\n<li>Microsoft VBA 7.1 i .NET API<\/li>\n<li>wsparcie etransmit<\/li>\n<li>Rozwijanie tekstu i kreskowanie gradientowe<\/li>\n<li>Architektura 64-bitowa<\/li>\n<li>Obs\u0142uga wielu rdzeni<\/li>\n<li>Obs\u0142uga wielu j\u0119zyk\u00f3w<\/li>\n<li>Elastyczny samoobs\u0142ugowy transfer licencji. Brak limit\u00f3w transfer\u00f3w.<\/li>\n<li>(*) Dla 2D\/3D MEP wybierz ALCAD Professional 2D\/3D ze wszystkimi wtyczkami MEP.<\/li>\n<\/ul>\n","protected":false},"excerpt":{"rendered":"<p>ALCAD 2D\/3D to najlepsza alternatywa dla AutoCAD. Taki sam interfejs i funkcje jak w AutoCAD. Ten produkt zawiera tylko CAD. Tabela por\u00f3wnawcza ALCAD z AutoCAD tutaj: Por\u00f3wnaj ALCAD | ALCAD (alcads.com) ALCAD &#8211; w pe\u0142ni kompatybilny interfejs DWG-CAD CAD i dzia\u0142a tak samo jak AutoCAD. ALCAD Standard 2026 jest dost\u0119pny jako licencja roczna 229 \u20ac [&hellip;]<\/p>\n","protected":false},"featured_media":116460,"comment_status":"closed","ping_status":"closed","template":"","meta":{"_acf_changed":false},"product_brand":[],"product_cat":[546],"product_tag":[],"class_list":{"0":"post-116150","1":"product","2":"type-product","3":"status-publish","4":"has-post-thumbnail","6":"product_cat-pakiety-alcad","8":"first","9":"instock","10":"purchasable","11":"product-type-variable","12":"has-default-attributes"},"acf":[],"yoast_head":"<!-- This site is optimized with the Yoast SEO plugin v27.3 - https:\/\/yoast.com\/product\/yoast-seo-wordpress\/ -->\n<title>ALCAD Standard 2026 - Alcads<\/title>\n<meta name=\"description\" content=\"Pobierz ALCAD Professional, ekonomiczn\u0105 alternatyw\u0119 dla AutoCAD. Ciesz si\u0119 obs\u0142ug\u0105 DWG, za\u0142\u0105cznikami BIM, narz\u0119dziami 2D\/3D i nie tylko. Wybierz licencj\u0119 roczn\u0105 (199 \u20ac) lub bezterminow\u0105 (349 \u20ac). Kup teraz!\" \/>\n<meta name=\"robots\" content=\"index, follow, max-snippet:-1, max-image-preview:large, max-video-preview:-1\" \/>\n<link rel=\"canonical\" href=\"https:\/\/alcads.com\/pl\/product\/alcad-standard\/\" \/>\n<meta property=\"og:locale\" content=\"pl_PL\" \/>\n<meta property=\"og:type\" content=\"article\" \/>\n<meta property=\"og:title\" content=\"ALCAD Standard 2026 - Alcads\" \/>\n<meta property=\"og:description\" content=\"Pobierz ALCAD Professional, ekonomiczn\u0105 alternatyw\u0119 dla AutoCAD. Ciesz si\u0119 obs\u0142ug\u0105 DWG, za\u0142\u0105cznikami BIM, narz\u0119dziami 2D\/3D i nie tylko. Wybierz licencj\u0119 roczn\u0105 (199 \u20ac) lub bezterminow\u0105 (349 \u20ac). Kup teraz!\" \/>\n<meta property=\"og:url\" content=\"https:\/\/alcads.com\/pl\/product\/alcad-standard\/\" \/>\n<meta property=\"og:site_name\" content=\"Alcads\" \/>\n<meta property=\"article:modified_time\" content=\"2025-12-03T11:07:35+00:00\" \/>\n<meta property=\"og:image\" content=\"https:\/\/alcads.com\/wp-content\/uploads\/Box_Standard-1-1024x1024.png\" \/>\n\t<meta property=\"og:image:width\" content=\"1024\" \/>\n\t<meta property=\"og:image:height\" content=\"1024\" \/>\n\t<meta property=\"og:image:type\" content=\"image\/png\" \/>\n<meta name=\"twitter:card\" content=\"summary_large_image\" \/>\n<meta name=\"twitter:label1\" content=\"Szacowany czas czytania\" \/>\n\t<meta name=\"twitter:data1\" content=\"1 minuta\" \/>\n<script type=\"application\/ld+json\" class=\"yoast-schema-graph\">{\"@context\":\"https:\\\/\\\/schema.org\",\"@graph\":[{\"@type\":\"WebPage\",\"@id\":\"https:\\\/\\\/alcads.com\\\/pl\\\/product\\\/alcad-standard\\\/\",\"url\":\"https:\\\/\\\/alcads.com\\\/pl\\\/product\\\/alcad-standard\\\/\",\"name\":\"ALCAD Standard 2026 - Alcads\",\"isPartOf\":{\"@id\":\"https:\\\/\\\/alcads.com\\\/pl\\\/#website\"},\"primaryImageOfPage\":{\"@id\":\"https:\\\/\\\/alcads.com\\\/pl\\\/product\\\/alcad-standard\\\/#primaryimage\"},\"image\":{\"@id\":\"https:\\\/\\\/alcads.com\\\/pl\\\/product\\\/alcad-standard\\\/#primaryimage\"},\"thumbnailUrl\":\"https:\\\/\\\/alcads.com\\\/wp-content\\\/uploads\\\/Box_Standard-1.png\",\"datePublished\":\"2025-12-01T10:08:01+00:00\",\"dateModified\":\"2025-12-03T11:07:35+00:00\",\"description\":\"Pobierz ALCAD Professional, ekonomiczn\u0105 alternatyw\u0119 dla AutoCAD. Ciesz si\u0119 obs\u0142ug\u0105 DWG, za\u0142\u0105cznikami BIM, narz\u0119dziami 2D\\\/3D i nie tylko. Wybierz licencj\u0119 roczn\u0105 (199 \u20ac) lub bezterminow\u0105 (349 \u20ac). Kup teraz!\",\"breadcrumb\":{\"@id\":\"https:\\\/\\\/alcads.com\\\/pl\\\/product\\\/alcad-standard\\\/#breadcrumb\"},\"inLanguage\":\"pl-PL\",\"potentialAction\":[{\"@type\":\"ReadAction\",\"target\":[\"https:\\\/\\\/alcads.com\\\/pl\\\/product\\\/alcad-standard\\\/\"]}]},{\"@type\":\"ImageObject\",\"inLanguage\":\"pl-PL\",\"@id\":\"https:\\\/\\\/alcads.com\\\/pl\\\/product\\\/alcad-standard\\\/#primaryimage\",\"url\":\"https:\\\/\\\/alcads.com\\\/wp-content\\\/uploads\\\/Box_Standard-1.png\",\"contentUrl\":\"https:\\\/\\\/alcads.com\\\/wp-content\\\/uploads\\\/Box_Standard-1.png\",\"width\":2048,\"height\":2048},{\"@type\":\"BreadcrumbList\",\"@id\":\"https:\\\/\\\/alcads.com\\\/pl\\\/product\\\/alcad-standard\\\/#breadcrumb\",\"itemListElement\":[{\"@type\":\"ListItem\",\"position\":1,\"name\":\"Home\",\"item\":\"https:\\\/\\\/alcads.com\\\/pl\\\/\"},{\"@type\":\"ListItem\",\"position\":2,\"name\":\"Sklep\",\"item\":\"https:\\\/\\\/alcads.com\\\/pl\\\/sklep\\\/\"},{\"@type\":\"ListItem\",\"position\":3,\"name\":\"ALCAD Standard 2026\"}]},{\"@type\":\"WebSite\",\"@id\":\"https:\\\/\\\/alcads.com\\\/pl\\\/#website\",\"url\":\"https:\\\/\\\/alcads.com\\\/pl\\\/\",\"name\":\"Alcads\",\"description\":\"The Best AutoCAD Alternative\",\"publisher\":{\"@id\":\"https:\\\/\\\/alcads.com\\\/pl\\\/#organization\"},\"potentialAction\":[{\"@type\":\"SearchAction\",\"target\":{\"@type\":\"EntryPoint\",\"urlTemplate\":\"https:\\\/\\\/alcads.com\\\/pl\\\/?s={search_term_string}\"},\"query-input\":{\"@type\":\"PropertyValueSpecification\",\"valueRequired\":true,\"valueName\":\"search_term_string\"}}],\"inLanguage\":\"pl-PL\"},{\"@type\":\"Organization\",\"@id\":\"https:\\\/\\\/alcads.com\\\/pl\\\/#organization\",\"name\":\"Alcads\",\"url\":\"https:\\\/\\\/alcads.com\\\/pl\\\/\",\"logo\":{\"@type\":\"ImageObject\",\"inLanguage\":\"pl-PL\",\"@id\":\"https:\\\/\\\/alcads.com\\\/pl\\\/#\\\/schema\\\/logo\\\/image\\\/\",\"url\":\"https:\\\/\\\/alcads.com\\\/wp-content\\\/uploads\\\/2024\\\/05\\\/logo.png\",\"contentUrl\":\"https:\\\/\\\/alcads.com\\\/wp-content\\\/uploads\\\/2024\\\/05\\\/logo.png\",\"width\":122,\"height\":42,\"caption\":\"Alcads\"},\"image\":{\"@id\":\"https:\\\/\\\/alcads.com\\\/pl\\\/#\\\/schema\\\/logo\\\/image\\\/\"}}]}<\/script>\n<!-- \/ Yoast SEO plugin. -->","yoast_head_json":{"title":"ALCAD Standard 2026 - Alcads","description":"Pobierz ALCAD Professional, ekonomiczn\u0105 alternatyw\u0119 dla AutoCAD. Ciesz si\u0119 obs\u0142ug\u0105 DWG, za\u0142\u0105cznikami BIM, narz\u0119dziami 2D\/3D i nie tylko. Wybierz licencj\u0119 roczn\u0105 (199 \u20ac) lub bezterminow\u0105 (349 \u20ac). Kup teraz!","robots":{"index":"index","follow":"follow","max-snippet":"max-snippet:-1","max-image-preview":"max-image-preview:large","max-video-preview":"max-video-preview:-1"},"canonical":"https:\/\/alcads.com\/pl\/product\/alcad-standard\/","og_locale":"pl_PL","og_type":"article","og_title":"ALCAD Standard 2026 - Alcads","og_description":"Pobierz ALCAD Professional, ekonomiczn\u0105 alternatyw\u0119 dla AutoCAD. Ciesz si\u0119 obs\u0142ug\u0105 DWG, za\u0142\u0105cznikami BIM, narz\u0119dziami 2D\/3D i nie tylko. Wybierz licencj\u0119 roczn\u0105 (199 \u20ac) lub bezterminow\u0105 (349 \u20ac). Kup teraz!","og_url":"https:\/\/alcads.com\/pl\/product\/alcad-standard\/","og_site_name":"Alcads","article_modified_time":"2025-12-03T11:07:35+00:00","og_image":[{"width":1024,"height":1024,"url":"https:\/\/alcads.com\/wp-content\/uploads\/Box_Standard-1-1024x1024.png","type":"image\/png"}],"twitter_card":"summary_large_image","twitter_misc":{"Szacowany czas czytania":"1 minuta"},"schema":{"@context":"https:\/\/schema.org","@graph":[{"@type":"WebPage","@id":"https:\/\/alcads.com\/pl\/product\/alcad-standard\/","url":"https:\/\/alcads.com\/pl\/product\/alcad-standard\/","name":"ALCAD Standard 2026 - Alcads","isPartOf":{"@id":"https:\/\/alcads.com\/pl\/#website"},"primaryImageOfPage":{"@id":"https:\/\/alcads.com\/pl\/product\/alcad-standard\/#primaryimage"},"image":{"@id":"https:\/\/alcads.com\/pl\/product\/alcad-standard\/#primaryimage"},"thumbnailUrl":"https:\/\/alcads.com\/wp-content\/uploads\/Box_Standard-1.png","datePublished":"2025-12-01T10:08:01+00:00","dateModified":"2025-12-03T11:07:35+00:00","description":"Pobierz ALCAD Professional, ekonomiczn\u0105 alternatyw\u0119 dla AutoCAD. Ciesz si\u0119 obs\u0142ug\u0105 DWG, za\u0142\u0105cznikami BIM, narz\u0119dziami 2D\/3D i nie tylko. Wybierz licencj\u0119 roczn\u0105 (199 \u20ac) lub bezterminow\u0105 (349 \u20ac). Kup teraz!","breadcrumb":{"@id":"https:\/\/alcads.com\/pl\/product\/alcad-standard\/#breadcrumb"},"inLanguage":"pl-PL","potentialAction":[{"@type":"ReadAction","target":["https:\/\/alcads.com\/pl\/product\/alcad-standard\/"]}]},{"@type":"ImageObject","inLanguage":"pl-PL","@id":"https:\/\/alcads.com\/pl\/product\/alcad-standard\/#primaryimage","url":"https:\/\/alcads.com\/wp-content\/uploads\/Box_Standard-1.png","contentUrl":"https:\/\/alcads.com\/wp-content\/uploads\/Box_Standard-1.png","width":2048,"height":2048},{"@type":"BreadcrumbList","@id":"https:\/\/alcads.com\/pl\/product\/alcad-standard\/#breadcrumb","itemListElement":[{"@type":"ListItem","position":1,"name":"Home","item":"https:\/\/alcads.com\/pl\/"},{"@type":"ListItem","position":2,"name":"Sklep","item":"https:\/\/alcads.com\/pl\/sklep\/"},{"@type":"ListItem","position":3,"name":"ALCAD Standard 2026"}]},{"@type":"WebSite","@id":"https:\/\/alcads.com\/pl\/#website","url":"https:\/\/alcads.com\/pl\/","name":"Alcads","description":"The Best AutoCAD Alternative","publisher":{"@id":"https:\/\/alcads.com\/pl\/#organization"},"potentialAction":[{"@type":"SearchAction","target":{"@type":"EntryPoint","urlTemplate":"https:\/\/alcads.com\/pl\/?s={search_term_string}"},"query-input":{"@type":"PropertyValueSpecification","valueRequired":true,"valueName":"search_term_string"}}],"inLanguage":"pl-PL"},{"@type":"Organization","@id":"https:\/\/alcads.com\/pl\/#organization","name":"Alcads","url":"https:\/\/alcads.com\/pl\/","logo":{"@type":"ImageObject","inLanguage":"pl-PL","@id":"https:\/\/alcads.com\/pl\/#\/schema\/logo\/image\/","url":"https:\/\/alcads.com\/wp-content\/uploads\/2024\/05\/logo.png","contentUrl":"https:\/\/alcads.com\/wp-content\/uploads\/2024\/05\/logo.png","width":122,"height":42,"caption":"Alcads"},"image":{"@id":"https:\/\/alcads.com\/pl\/#\/schema\/logo\/image\/"}}]}},"jetpack_sharing_enabled":true,"_links":{"self":[{"href":"https:\/\/alcads.com\/pl\/wp-json\/wp\/v2\/product\/116150","targetHints":{"allow":["GET"]}}],"collection":[{"href":"https:\/\/alcads.com\/pl\/wp-json\/wp\/v2\/product"}],"about":[{"href":"https:\/\/alcads.com\/pl\/wp-json\/wp\/v2\/types\/product"}],"replies":[{"embeddable":true,"href":"https:\/\/alcads.com\/pl\/wp-json\/wp\/v2\/comments?post=116150"}],"wp:featuredmedia":[{"embeddable":true,"href":"https:\/\/alcads.com\/pl\/wp-json\/wp\/v2\/media\/116460"}],"wp:attachment":[{"href":"https:\/\/alcads.com\/pl\/wp-json\/wp\/v2\/media?parent=116150"}],"wp:term":[{"taxonomy":"product_brand","embeddable":true,"href":"https:\/\/alcads.com\/pl\/wp-json\/wp\/v2\/product_brand?post=116150"},{"taxonomy":"product_cat","embeddable":true,"href":"https:\/\/alcads.com\/pl\/wp-json\/wp\/v2\/product_cat?post=116150"},{"taxonomy":"product_tag","embeddable":true,"href":"https:\/\/alcads.com\/pl\/wp-json\/wp\/v2\/product_tag?post=116150"}],"curies":[{"name":"wp","href":"https:\/\/api.w.org\/{rel}","templated":true}]}}