{"id":105330,"date":"2024-05-01T07:20:36","date_gmt":"2024-05-01T07:20:36","guid":{"rendered":"https:\/\/dev.alcads.com\/product\/alcad-professional-2d-3d-with-all-2d-mep-plugins\/"},"modified":"2024-12-31T06:43:26","modified_gmt":"2024-12-31T06:43:26","slug":"alcad-professional-mep-2d","status":"publish","type":"product","link":"https:\/\/alcads.com\/pl\/product\/alcad-professional-mep-2d\/","title":{"rendered":"ALCAD Professional 2D\/3D ze wszystkimi wtyczkami 2D MEP &#8211; licencja roczna"},"content":{"rendered":"<p><strong>Wszystkie informacje o wtyczkach MEP tutaj:<\/strong> <a href=\"https:\/\/alcads.com\/pl\/wtyczki-mep\/\">https:\/\/alcads.com\/pl\/wtyczki-mep\/<\/a> <\/p>\n<h6>ALCAD &#8211; w pe\u0142ni kompatybilny DWG-CAD zawiera wtyczki ALCADs 2D HVAC + 1 000 symboli.<\/h6>\n<ul>\n<li>Wtyczki ALCAD 2D HVAC<\/li>\n<li>1&#8217;000 Symbole<\/li>\n<li>Import PDF do DWG<\/li>\n<li>Obs\u0142uga formatu .DWG 2024<\/li>\n<li>Pe\u0142ne narz\u0119dzia 2D i 3D (*)<\/li>\n<li>Obs\u0142uga obraz\u00f3w rastrowych<\/li>\n<li>BIM attach (rvt &amp; rfa)<\/li>\n<li>Nowe dynamiczne wej\u015bcie<\/li>\n<li>Lokalizacja i obraz mapy geograficznej<\/li>\n<li>Dodawanie podpis\u00f3w cyfrowych<\/li>\n<li>Tryby szkicowania i uchwyty wyboru<\/li>\n<li>Eksport plik\u00f3w PDF 2D i 3D<\/li>\n<li>LISP, IRX\/DRX, SDS<\/li>\n<li>Nowe style wizualne i materia\u0142y<\/li>\n<li>Realistyczny rendering<\/li>\n<li>Dodatek do zaawansowanego renderowania<\/li>\n<li>Microsoft VBA 7.1 i .NET API<\/li>\n<li>wsparcie etransmit<\/li>\n<li>Rozwijanie tekstu i kreskowanie gradientowe<\/li>\n<li>Architektura 64-bitowa<\/li>\n<li>Obs\u0142uga wielu rdzeni<\/li>\n<li>Obs\u0142uga wielu j\u0119zyk\u00f3w<\/li>\n<li>Elastyczny samoobs\u0142ugowy transfer licencji. Brak limit\u00f3w transfer\u00f3w.<\/li>\n<\/ul>\n<p>  dla wtyczek 3D HVAC\/ro\u015bliny, bry\u0142 3D, importu\/eksportu STEP, IFC i architektury 3D wybierz ALCAD z 2D i 3D MEP Wersja MEP jest dost\u0119pna tylko jako licencja roczna.<\/p>\n","protected":false},"excerpt":{"rendered":"<p>Profesjonalny CAD z unikalnym narz\u0119dziem produktywno\u015bci opartym na sztucznej inteligencji.<\/p>\n","protected":false},"featured_media":107905,"comment_status":"closed","ping_status":"closed","template":"","meta":{"_acf_changed":false},"product_brand":[],"product_cat":[1224],"product_tag":[],"class_list":{"0":"post-105330","1":"product","2":"type-product","3":"status-publish","4":"has-post-thumbnail","6":"product_cat-alcad-mep-pl","8":"first","9":"instock","10":"virtual","11":"purchasable","12":"product-type-simple"},"acf":[],"yoast_head":"<!-- This site is optimized with the Yoast SEO plugin v27.3 - https:\/\/yoast.com\/product\/yoast-seo-wordpress\/ -->\n<title>ALCAD Professional 2D\/3D ze wszystkimi wtyczkami 2D MEP - licencja roczna - Alcads<\/title>\n<meta name=\"description\" content=\"ALCAD 2D\/3D CAD z wtyczkami MEP zapewnia narz\u0119dzia do HVAC, drena\u017cu, gazoci\u0105g\u00f3w i innych. Obejmuje 1000 symboli, do\u0142\u0105czanie BIM i obs\u0142ug\u0119 DWG 2024. Tylko 399 \u20ac\/rok. Kup teraz!\" \/>\n<meta name=\"robots\" content=\"index, follow, max-snippet:-1, max-image-preview:large, max-video-preview:-1\" \/>\n<link rel=\"canonical\" href=\"https:\/\/alcads.com\/pl\/product\/alcad-professional-mep-2d\/\" \/>\n<meta property=\"og:locale\" content=\"pl_PL\" \/>\n<meta property=\"og:type\" content=\"article\" \/>\n<meta property=\"og:title\" content=\"ALCAD Professional 2D\/3D ze wszystkimi wtyczkami 2D MEP - licencja roczna - Alcads\" \/>\n<meta property=\"og:description\" content=\"ALCAD 2D\/3D CAD z wtyczkami MEP zapewnia narz\u0119dzia do HVAC, drena\u017cu, gazoci\u0105g\u00f3w i innych. Obejmuje 1000 symboli, do\u0142\u0105czanie BIM i obs\u0142ug\u0119 DWG 2024. Tylko 399 \u20ac\/rok. Kup teraz!\" \/>\n<meta property=\"og:url\" content=\"https:\/\/alcads.com\/pl\/product\/alcad-professional-mep-2d\/\" \/>\n<meta property=\"og:site_name\" content=\"Alcads\" \/>\n<meta property=\"article:modified_time\" content=\"2024-12-31T06:43:26+00:00\" \/>\n<meta property=\"og:image\" content=\"https:\/\/alcads.com\/wp-content\/uploads\/2024\/05\/compressed_image-92.webp\" \/>\n\t<meta property=\"og:image:width\" content=\"379\" \/>\n\t<meta property=\"og:image:height\" content=\"300\" \/>\n\t<meta property=\"og:image:type\" content=\"image\/webp\" \/>\n<meta name=\"twitter:card\" content=\"summary_large_image\" \/>\n<meta name=\"twitter:label1\" content=\"Szacowany czas czytania\" \/>\n\t<meta name=\"twitter:data1\" content=\"1 minuta\" \/>\n<script type=\"application\/ld+json\" class=\"yoast-schema-graph\">{\"@context\":\"https:\\\/\\\/schema.org\",\"@graph\":[{\"@type\":\"WebPage\",\"@id\":\"https:\\\/\\\/alcads.com\\\/pl\\\/product\\\/alcad-professional-mep-2d\\\/\",\"url\":\"https:\\\/\\\/alcads.com\\\/pl\\\/product\\\/alcad-professional-mep-2d\\\/\",\"name\":\"ALCAD Professional 2D\\\/3D ze wszystkimi wtyczkami 2D MEP - licencja roczna - Alcads\",\"isPartOf\":{\"@id\":\"https:\\\/\\\/alcads.com\\\/pl\\\/#website\"},\"primaryImageOfPage\":{\"@id\":\"https:\\\/\\\/alcads.com\\\/pl\\\/product\\\/alcad-professional-mep-2d\\\/#primaryimage\"},\"image\":{\"@id\":\"https:\\\/\\\/alcads.com\\\/pl\\\/product\\\/alcad-professional-mep-2d\\\/#primaryimage\"},\"thumbnailUrl\":\"https:\\\/\\\/alcads.com\\\/wp-content\\\/uploads\\\/2024\\\/05\\\/compressed_image-92.webp\",\"datePublished\":\"2024-05-01T07:20:36+00:00\",\"dateModified\":\"2024-12-31T06:43:26+00:00\",\"description\":\"ALCAD 2D\\\/3D CAD z wtyczkami MEP zapewnia narz\u0119dzia do HVAC, drena\u017cu, gazoci\u0105g\u00f3w i innych. Obejmuje 1000 symboli, do\u0142\u0105czanie BIM i obs\u0142ug\u0119 DWG 2024. Tylko 399 \u20ac\\\/rok. Kup teraz!\",\"breadcrumb\":{\"@id\":\"https:\\\/\\\/alcads.com\\\/pl\\\/product\\\/alcad-professional-mep-2d\\\/#breadcrumb\"},\"inLanguage\":\"pl-PL\",\"potentialAction\":[{\"@type\":\"ReadAction\",\"target\":[\"https:\\\/\\\/alcads.com\\\/pl\\\/product\\\/alcad-professional-mep-2d\\\/\"]}]},{\"@type\":\"ImageObject\",\"inLanguage\":\"pl-PL\",\"@id\":\"https:\\\/\\\/alcads.com\\\/pl\\\/product\\\/alcad-professional-mep-2d\\\/#primaryimage\",\"url\":\"https:\\\/\\\/alcads.com\\\/wp-content\\\/uploads\\\/2024\\\/05\\\/compressed_image-92.webp\",\"contentUrl\":\"https:\\\/\\\/alcads.com\\\/wp-content\\\/uploads\\\/2024\\\/05\\\/compressed_image-92.webp\",\"width\":379,\"height\":300,\"caption\":\"alcad professional mep 2d 3d\"},{\"@type\":\"BreadcrumbList\",\"@id\":\"https:\\\/\\\/alcads.com\\\/pl\\\/product\\\/alcad-professional-mep-2d\\\/#breadcrumb\",\"itemListElement\":[{\"@type\":\"ListItem\",\"position\":1,\"name\":\"Home\",\"item\":\"https:\\\/\\\/alcads.com\\\/pl\\\/\"},{\"@type\":\"ListItem\",\"position\":2,\"name\":\"Sklep\",\"item\":\"https:\\\/\\\/alcads.com\\\/pl\\\/sklep\\\/\"},{\"@type\":\"ListItem\",\"position\":3,\"name\":\"ALCAD Professional 2D\\\/3D ze wszystkimi wtyczkami 2D MEP &#8211; licencja roczna\"}]},{\"@type\":\"WebSite\",\"@id\":\"https:\\\/\\\/alcads.com\\\/pl\\\/#website\",\"url\":\"https:\\\/\\\/alcads.com\\\/pl\\\/\",\"name\":\"Alcads\",\"description\":\"The Best AutoCAD Alternative\",\"publisher\":{\"@id\":\"https:\\\/\\\/alcads.com\\\/pl\\\/#organization\"},\"potentialAction\":[{\"@type\":\"SearchAction\",\"target\":{\"@type\":\"EntryPoint\",\"urlTemplate\":\"https:\\\/\\\/alcads.com\\\/pl\\\/?s={search_term_string}\"},\"query-input\":{\"@type\":\"PropertyValueSpecification\",\"valueRequired\":true,\"valueName\":\"search_term_string\"}}],\"inLanguage\":\"pl-PL\"},{\"@type\":\"Organization\",\"@id\":\"https:\\\/\\\/alcads.com\\\/pl\\\/#organization\",\"name\":\"Alcads\",\"url\":\"https:\\\/\\\/alcads.com\\\/pl\\\/\",\"logo\":{\"@type\":\"ImageObject\",\"inLanguage\":\"pl-PL\",\"@id\":\"https:\\\/\\\/alcads.com\\\/pl\\\/#\\\/schema\\\/logo\\\/image\\\/\",\"url\":\"https:\\\/\\\/alcads.com\\\/wp-content\\\/uploads\\\/2024\\\/05\\\/logo.png\",\"contentUrl\":\"https:\\\/\\\/alcads.com\\\/wp-content\\\/uploads\\\/2024\\\/05\\\/logo.png\",\"width\":122,\"height\":42,\"caption\":\"Alcads\"},\"image\":{\"@id\":\"https:\\\/\\\/alcads.com\\\/pl\\\/#\\\/schema\\\/logo\\\/image\\\/\"}}]}<\/script>\n<!-- \/ Yoast SEO plugin. -->","yoast_head_json":{"title":"ALCAD Professional 2D\/3D ze wszystkimi wtyczkami 2D MEP - licencja roczna - Alcads","description":"ALCAD 2D\/3D CAD z wtyczkami MEP zapewnia narz\u0119dzia do HVAC, drena\u017cu, gazoci\u0105g\u00f3w i innych. Obejmuje 1000 symboli, do\u0142\u0105czanie BIM i obs\u0142ug\u0119 DWG 2024. Tylko 399 \u20ac\/rok. Kup teraz!","robots":{"index":"index","follow":"follow","max-snippet":"max-snippet:-1","max-image-preview":"max-image-preview:large","max-video-preview":"max-video-preview:-1"},"canonical":"https:\/\/alcads.com\/pl\/product\/alcad-professional-mep-2d\/","og_locale":"pl_PL","og_type":"article","og_title":"ALCAD Professional 2D\/3D ze wszystkimi wtyczkami 2D MEP - licencja roczna - Alcads","og_description":"ALCAD 2D\/3D CAD z wtyczkami MEP zapewnia narz\u0119dzia do HVAC, drena\u017cu, gazoci\u0105g\u00f3w i innych. Obejmuje 1000 symboli, do\u0142\u0105czanie BIM i obs\u0142ug\u0119 DWG 2024. Tylko 399 \u20ac\/rok. Kup teraz!","og_url":"https:\/\/alcads.com\/pl\/product\/alcad-professional-mep-2d\/","og_site_name":"Alcads","article_modified_time":"2024-12-31T06:43:26+00:00","og_image":[{"width":379,"height":300,"url":"https:\/\/alcads.com\/wp-content\/uploads\/2024\/05\/compressed_image-92.webp","type":"image\/webp"}],"twitter_card":"summary_large_image","twitter_misc":{"Szacowany czas czytania":"1 minuta"},"schema":{"@context":"https:\/\/schema.org","@graph":[{"@type":"WebPage","@id":"https:\/\/alcads.com\/pl\/product\/alcad-professional-mep-2d\/","url":"https:\/\/alcads.com\/pl\/product\/alcad-professional-mep-2d\/","name":"ALCAD Professional 2D\/3D ze wszystkimi wtyczkami 2D MEP - licencja roczna - Alcads","isPartOf":{"@id":"https:\/\/alcads.com\/pl\/#website"},"primaryImageOfPage":{"@id":"https:\/\/alcads.com\/pl\/product\/alcad-professional-mep-2d\/#primaryimage"},"image":{"@id":"https:\/\/alcads.com\/pl\/product\/alcad-professional-mep-2d\/#primaryimage"},"thumbnailUrl":"https:\/\/alcads.com\/wp-content\/uploads\/2024\/05\/compressed_image-92.webp","datePublished":"2024-05-01T07:20:36+00:00","dateModified":"2024-12-31T06:43:26+00:00","description":"ALCAD 2D\/3D CAD z wtyczkami MEP zapewnia narz\u0119dzia do HVAC, drena\u017cu, gazoci\u0105g\u00f3w i innych. Obejmuje 1000 symboli, do\u0142\u0105czanie BIM i obs\u0142ug\u0119 DWG 2024. Tylko 399 \u20ac\/rok. Kup teraz!","breadcrumb":{"@id":"https:\/\/alcads.com\/pl\/product\/alcad-professional-mep-2d\/#breadcrumb"},"inLanguage":"pl-PL","potentialAction":[{"@type":"ReadAction","target":["https:\/\/alcads.com\/pl\/product\/alcad-professional-mep-2d\/"]}]},{"@type":"ImageObject","inLanguage":"pl-PL","@id":"https:\/\/alcads.com\/pl\/product\/alcad-professional-mep-2d\/#primaryimage","url":"https:\/\/alcads.com\/wp-content\/uploads\/2024\/05\/compressed_image-92.webp","contentUrl":"https:\/\/alcads.com\/wp-content\/uploads\/2024\/05\/compressed_image-92.webp","width":379,"height":300,"caption":"alcad professional mep 2d 3d"},{"@type":"BreadcrumbList","@id":"https:\/\/alcads.com\/pl\/product\/alcad-professional-mep-2d\/#breadcrumb","itemListElement":[{"@type":"ListItem","position":1,"name":"Home","item":"https:\/\/alcads.com\/pl\/"},{"@type":"ListItem","position":2,"name":"Sklep","item":"https:\/\/alcads.com\/pl\/sklep\/"},{"@type":"ListItem","position":3,"name":"ALCAD Professional 2D\/3D ze wszystkimi wtyczkami 2D MEP &#8211; licencja roczna"}]},{"@type":"WebSite","@id":"https:\/\/alcads.com\/pl\/#website","url":"https:\/\/alcads.com\/pl\/","name":"Alcads","description":"The Best AutoCAD Alternative","publisher":{"@id":"https:\/\/alcads.com\/pl\/#organization"},"potentialAction":[{"@type":"SearchAction","target":{"@type":"EntryPoint","urlTemplate":"https:\/\/alcads.com\/pl\/?s={search_term_string}"},"query-input":{"@type":"PropertyValueSpecification","valueRequired":true,"valueName":"search_term_string"}}],"inLanguage":"pl-PL"},{"@type":"Organization","@id":"https:\/\/alcads.com\/pl\/#organization","name":"Alcads","url":"https:\/\/alcads.com\/pl\/","logo":{"@type":"ImageObject","inLanguage":"pl-PL","@id":"https:\/\/alcads.com\/pl\/#\/schema\/logo\/image\/","url":"https:\/\/alcads.com\/wp-content\/uploads\/2024\/05\/logo.png","contentUrl":"https:\/\/alcads.com\/wp-content\/uploads\/2024\/05\/logo.png","width":122,"height":42,"caption":"Alcads"},"image":{"@id":"https:\/\/alcads.com\/pl\/#\/schema\/logo\/image\/"}}]}},"jetpack_sharing_enabled":true,"_links":{"self":[{"href":"https:\/\/alcads.com\/pl\/wp-json\/wp\/v2\/product\/105330","targetHints":{"allow":["GET"]}}],"collection":[{"href":"https:\/\/alcads.com\/pl\/wp-json\/wp\/v2\/product"}],"about":[{"href":"https:\/\/alcads.com\/pl\/wp-json\/wp\/v2\/types\/product"}],"replies":[{"embeddable":true,"href":"https:\/\/alcads.com\/pl\/wp-json\/wp\/v2\/comments?post=105330"}],"wp:featuredmedia":[{"embeddable":true,"href":"https:\/\/alcads.com\/pl\/wp-json\/wp\/v2\/media\/107905"}],"wp:attachment":[{"href":"https:\/\/alcads.com\/pl\/wp-json\/wp\/v2\/media?parent=105330"}],"wp:term":[{"taxonomy":"product_brand","embeddable":true,"href":"https:\/\/alcads.com\/pl\/wp-json\/wp\/v2\/product_brand?post=105330"},{"taxonomy":"product_cat","embeddable":true,"href":"https:\/\/alcads.com\/pl\/wp-json\/wp\/v2\/product_cat?post=105330"},{"taxonomy":"product_tag","embeddable":true,"href":"https:\/\/alcads.com\/pl\/wp-json\/wp\/v2\/product_tag?post=105330"}],"curies":[{"name":"wp","href":"https:\/\/api.w.org\/{rel}","templated":true}]}}