{"id":105319,"date":"2024-05-01T07:23:12","date_gmt":"2024-05-01T07:23:12","guid":{"rendered":"https:\/\/dev.alcads.com\/product\/alcad-professional-mep-2d-3d\/"},"modified":"2025-01-02T05:56:19","modified_gmt":"2025-01-02T05:56:19","slug":"alcad-professional-mep-2d-3d","status":"publish","type":"product","link":"https:\/\/alcads.com\/pl\/product\/alcad-professional-mep-2d-3d\/","title":{"rendered":"ALCAD Professional 2D\/3D ze wszystkimi wtyczkami 2D i 3D MEP &#8211; licencja roczna"},"content":{"rendered":"<p><strong>Wszystkie informacje na temat wtyczek MEP znajduj\u0105 si\u0119 tutaj:<\/strong> <a href=\"https:\/\/alcads.com\/pl\/wtyczki-mep\/\">https:\/\/alcads.com\/pl\/wtyczki-mep\/<\/a> <\/p>\n<p><strong>ALCAD \u2013 w pe\u0142ni kompatybilny DWG-CAD zawiera wszystkie wtyczki ALCAD MEP 2D i 3D + 1 000 symboli.<\/strong><br \/>\nALCAD Professional MEP 2D\/3D jest dost\u0119pny tylko jako licencja roczna. Cena ta obejmuje wsparcie i aktualizacje.<\/p>\n<ul>\n<li>Wszystkie wtyczki ALCADs 2D i 3D MEP<\/li>\n<li>1\u2019000 Symbole<\/li>\n<li>Import PDF do DWG<\/li>\n<li>.dwg 2024 Wsparcie<\/li>\n<li>Pe\u0142ne narz\u0119dzia 2D i 3D<\/li>\n<li>Architektura 2D\/3D<\/li>\n<li>Bry\u0142y 3D ACIS<\/li>\n<li>Import BIM (IFC, RVT)<\/li>\n<li>Tworzenie linii sekcji<\/li>\n<li>Nowe dynamiczne wej\u015bcie<\/li>\n<li>Dodawanie podpis\u00f3w cyfrowych<\/li>\n<li>Tryby szkicowania i uchwyty wyboru<\/li>\n<li>Obs\u0142uga obraz\u00f3w rastrowych<\/li>\n<li>Eksport plik\u00f3w PDF 2D i 3D<\/li>\n<li>LISP, IRX\/DRX, SDS<\/li>\n<li>Nowe style wizualne i materia\u0142y<\/li>\n<li>Realistyczny rendering<\/li>\n<li>Dodatek do zaawansowanego renderowania<\/li>\n<li>wsparcie etransmit<\/li>\n<li>Rozwijanie tekstu i kreskowanie gradientowe<\/li>\n<li>Microsoft VBA 7.1 i .NET API<\/li>\n<li>Architektura 64-bitowa<\/li>\n<li>Obs\u0142uga wielu rdzeni<\/li>\n<li>Obs\u0142uga wielu j\u0119zyk\u00f3w<\/li>\n<li>\u2026i wiele wi\u0119cej!<\/li>\n<\/ul>\n","protected":false},"excerpt":{"rendered":"<p>Wszystkie informacje na temat wtyczek MEP znajduj\u0105 si\u0119 tutaj: https:\/\/alcads.com\/pl\/wtyczki-mep\/ ALCAD \u2013 w pe\u0142ni kompatybilny DWG-CAD zawiera wszystkie wtyczki ALCAD MEP 2D i 3D + 1 000 symboli. ALCAD Professional MEP 2D\/3D jest dost\u0119pny tylko jako licencja roczna. Cena ta obejmuje wsparcie i aktualizacje. Wszystkie wtyczki ALCADs 2D i 3D MEP 1\u2019000 Symbole Import PDF [&hellip;]<\/p>\n","protected":false},"featured_media":108828,"comment_status":"closed","ping_status":"closed","template":"","meta":{"_acf_changed":false},"product_brand":[],"product_cat":[1224],"product_tag":[],"class_list":{"0":"post-105319","1":"product","2":"type-product","3":"status-publish","4":"has-post-thumbnail","6":"product_cat-alcad-mep-pl","8":"first","9":"instock","10":"downloadable","11":"virtual","12":"purchasable","13":"product-type-simple"},"acf":[],"yoast_head":"<!-- This site is optimized with the Yoast SEO plugin v27.3 - https:\/\/yoast.com\/product\/yoast-seo-wordpress\/ -->\n<title>ALCAD Professional 2D\/3D ze wszystkimi wtyczkami 2D i 3D MEP - licencja roczna - Alcads<\/title>\n<meta name=\"description\" content=\"Ulepsz swoje mo\u017cliwo\u015bci CAD dzi\u0119ki ALCAD Professional 2D\/3D. Obejmuje pe\u0142ne wtyczki MEP, ponad 1000 symboli, import BIM i zaawansowane narz\u0119dzia do renderowania. Roczna licencja za 499 \u20ac. Kup teraz!\" \/>\n<meta name=\"robots\" content=\"index, follow, max-snippet:-1, max-image-preview:large, max-video-preview:-1\" \/>\n<link rel=\"canonical\" href=\"https:\/\/alcads.com\/pl\/product\/alcad-professional-mep-2d-3d\/\" \/>\n<meta property=\"og:locale\" content=\"pl_PL\" \/>\n<meta property=\"og:type\" content=\"article\" \/>\n<meta property=\"og:title\" content=\"ALCAD Professional 2D\/3D ze wszystkimi wtyczkami 2D i 3D MEP - licencja roczna - Alcads\" \/>\n<meta property=\"og:description\" content=\"Ulepsz swoje mo\u017cliwo\u015bci CAD dzi\u0119ki ALCAD Professional 2D\/3D. Obejmuje pe\u0142ne wtyczki MEP, ponad 1000 symboli, import BIM i zaawansowane narz\u0119dzia do renderowania. Roczna licencja za 499 \u20ac. Kup teraz!\" \/>\n<meta property=\"og:url\" content=\"https:\/\/alcads.com\/pl\/product\/alcad-professional-mep-2d-3d\/\" \/>\n<meta property=\"og:site_name\" content=\"Alcads\" \/>\n<meta property=\"article:modified_time\" content=\"2025-01-02T05:56:19+00:00\" \/>\n<meta property=\"og:image\" content=\"https:\/\/alcads.com\/wp-content\/uploads\/2024\/05\/mep-2d-3d-1.png\" \/>\n\t<meta property=\"og:image:width\" content=\"550\" \/>\n\t<meta property=\"og:image:height\" content=\"429\" \/>\n\t<meta property=\"og:image:type\" content=\"image\/png\" \/>\n<meta name=\"twitter:card\" content=\"summary_large_image\" \/>\n<meta name=\"twitter:label1\" content=\"Szacowany czas czytania\" \/>\n\t<meta name=\"twitter:data1\" content=\"1 minuta\" \/>\n<script type=\"application\/ld+json\" class=\"yoast-schema-graph\">{\"@context\":\"https:\\\/\\\/schema.org\",\"@graph\":[{\"@type\":\"WebPage\",\"@id\":\"https:\\\/\\\/alcads.com\\\/pl\\\/product\\\/alcad-professional-mep-2d-3d\\\/\",\"url\":\"https:\\\/\\\/alcads.com\\\/pl\\\/product\\\/alcad-professional-mep-2d-3d\\\/\",\"name\":\"ALCAD Professional 2D\\\/3D ze wszystkimi wtyczkami 2D i 3D MEP - licencja roczna - Alcads\",\"isPartOf\":{\"@id\":\"https:\\\/\\\/alcads.com\\\/pl\\\/#website\"},\"primaryImageOfPage\":{\"@id\":\"https:\\\/\\\/alcads.com\\\/pl\\\/product\\\/alcad-professional-mep-2d-3d\\\/#primaryimage\"},\"image\":{\"@id\":\"https:\\\/\\\/alcads.com\\\/pl\\\/product\\\/alcad-professional-mep-2d-3d\\\/#primaryimage\"},\"thumbnailUrl\":\"https:\\\/\\\/alcads.com\\\/wp-content\\\/uploads\\\/2024\\\/05\\\/mep-2d-3d-1.png\",\"datePublished\":\"2024-05-01T07:23:12+00:00\",\"dateModified\":\"2025-01-02T05:56:19+00:00\",\"description\":\"Ulepsz swoje mo\u017cliwo\u015bci CAD dzi\u0119ki ALCAD Professional 2D\\\/3D. Obejmuje pe\u0142ne wtyczki MEP, ponad 1000 symboli, import BIM i zaawansowane narz\u0119dzia do renderowania. Roczna licencja za 499 \u20ac. Kup teraz!\",\"breadcrumb\":{\"@id\":\"https:\\\/\\\/alcads.com\\\/pl\\\/product\\\/alcad-professional-mep-2d-3d\\\/#breadcrumb\"},\"inLanguage\":\"pl-PL\",\"potentialAction\":[{\"@type\":\"ReadAction\",\"target\":[\"https:\\\/\\\/alcads.com\\\/pl\\\/product\\\/alcad-professional-mep-2d-3d\\\/\"]}]},{\"@type\":\"ImageObject\",\"inLanguage\":\"pl-PL\",\"@id\":\"https:\\\/\\\/alcads.com\\\/pl\\\/product\\\/alcad-professional-mep-2d-3d\\\/#primaryimage\",\"url\":\"https:\\\/\\\/alcads.com\\\/wp-content\\\/uploads\\\/2024\\\/05\\\/mep-2d-3d-1.png\",\"contentUrl\":\"https:\\\/\\\/alcads.com\\\/wp-content\\\/uploads\\\/2024\\\/05\\\/mep-2d-3d-1.png\",\"width\":550,\"height\":429,\"caption\":\"2D & 3D MEP Plugins\"},{\"@type\":\"BreadcrumbList\",\"@id\":\"https:\\\/\\\/alcads.com\\\/pl\\\/product\\\/alcad-professional-mep-2d-3d\\\/#breadcrumb\",\"itemListElement\":[{\"@type\":\"ListItem\",\"position\":1,\"name\":\"Home\",\"item\":\"https:\\\/\\\/alcads.com\\\/pl\\\/\"},{\"@type\":\"ListItem\",\"position\":2,\"name\":\"Sklep\",\"item\":\"https:\\\/\\\/alcads.com\\\/pl\\\/sklep\\\/\"},{\"@type\":\"ListItem\",\"position\":3,\"name\":\"ALCAD Professional 2D\\\/3D ze wszystkimi wtyczkami 2D i 3D MEP &#8211; licencja roczna\"}]},{\"@type\":\"WebSite\",\"@id\":\"https:\\\/\\\/alcads.com\\\/pl\\\/#website\",\"url\":\"https:\\\/\\\/alcads.com\\\/pl\\\/\",\"name\":\"Alcads\",\"description\":\"The Best AutoCAD Alternative\",\"publisher\":{\"@id\":\"https:\\\/\\\/alcads.com\\\/pl\\\/#organization\"},\"potentialAction\":[{\"@type\":\"SearchAction\",\"target\":{\"@type\":\"EntryPoint\",\"urlTemplate\":\"https:\\\/\\\/alcads.com\\\/pl\\\/?s={search_term_string}\"},\"query-input\":{\"@type\":\"PropertyValueSpecification\",\"valueRequired\":true,\"valueName\":\"search_term_string\"}}],\"inLanguage\":\"pl-PL\"},{\"@type\":\"Organization\",\"@id\":\"https:\\\/\\\/alcads.com\\\/pl\\\/#organization\",\"name\":\"Alcads\",\"url\":\"https:\\\/\\\/alcads.com\\\/pl\\\/\",\"logo\":{\"@type\":\"ImageObject\",\"inLanguage\":\"pl-PL\",\"@id\":\"https:\\\/\\\/alcads.com\\\/pl\\\/#\\\/schema\\\/logo\\\/image\\\/\",\"url\":\"https:\\\/\\\/alcads.com\\\/wp-content\\\/uploads\\\/2024\\\/05\\\/logo.png\",\"contentUrl\":\"https:\\\/\\\/alcads.com\\\/wp-content\\\/uploads\\\/2024\\\/05\\\/logo.png\",\"width\":122,\"height\":42,\"caption\":\"Alcads\"},\"image\":{\"@id\":\"https:\\\/\\\/alcads.com\\\/pl\\\/#\\\/schema\\\/logo\\\/image\\\/\"}}]}<\/script>\n<!-- \/ Yoast SEO plugin. -->","yoast_head_json":{"title":"ALCAD Professional 2D\/3D ze wszystkimi wtyczkami 2D i 3D MEP - licencja roczna - Alcads","description":"Ulepsz swoje mo\u017cliwo\u015bci CAD dzi\u0119ki ALCAD Professional 2D\/3D. Obejmuje pe\u0142ne wtyczki MEP, ponad 1000 symboli, import BIM i zaawansowane narz\u0119dzia do renderowania. Roczna licencja za 499 \u20ac. Kup teraz!","robots":{"index":"index","follow":"follow","max-snippet":"max-snippet:-1","max-image-preview":"max-image-preview:large","max-video-preview":"max-video-preview:-1"},"canonical":"https:\/\/alcads.com\/pl\/product\/alcad-professional-mep-2d-3d\/","og_locale":"pl_PL","og_type":"article","og_title":"ALCAD Professional 2D\/3D ze wszystkimi wtyczkami 2D i 3D MEP - licencja roczna - Alcads","og_description":"Ulepsz swoje mo\u017cliwo\u015bci CAD dzi\u0119ki ALCAD Professional 2D\/3D. Obejmuje pe\u0142ne wtyczki MEP, ponad 1000 symboli, import BIM i zaawansowane narz\u0119dzia do renderowania. Roczna licencja za 499 \u20ac. Kup teraz!","og_url":"https:\/\/alcads.com\/pl\/product\/alcad-professional-mep-2d-3d\/","og_site_name":"Alcads","article_modified_time":"2025-01-02T05:56:19+00:00","og_image":[{"width":550,"height":429,"url":"https:\/\/alcads.com\/wp-content\/uploads\/2024\/05\/mep-2d-3d-1.png","type":"image\/png"}],"twitter_card":"summary_large_image","twitter_misc":{"Szacowany czas czytania":"1 minuta"},"schema":{"@context":"https:\/\/schema.org","@graph":[{"@type":"WebPage","@id":"https:\/\/alcads.com\/pl\/product\/alcad-professional-mep-2d-3d\/","url":"https:\/\/alcads.com\/pl\/product\/alcad-professional-mep-2d-3d\/","name":"ALCAD Professional 2D\/3D ze wszystkimi wtyczkami 2D i 3D MEP - licencja roczna - Alcads","isPartOf":{"@id":"https:\/\/alcads.com\/pl\/#website"},"primaryImageOfPage":{"@id":"https:\/\/alcads.com\/pl\/product\/alcad-professional-mep-2d-3d\/#primaryimage"},"image":{"@id":"https:\/\/alcads.com\/pl\/product\/alcad-professional-mep-2d-3d\/#primaryimage"},"thumbnailUrl":"https:\/\/alcads.com\/wp-content\/uploads\/2024\/05\/mep-2d-3d-1.png","datePublished":"2024-05-01T07:23:12+00:00","dateModified":"2025-01-02T05:56:19+00:00","description":"Ulepsz swoje mo\u017cliwo\u015bci CAD dzi\u0119ki ALCAD Professional 2D\/3D. Obejmuje pe\u0142ne wtyczki MEP, ponad 1000 symboli, import BIM i zaawansowane narz\u0119dzia do renderowania. Roczna licencja za 499 \u20ac. Kup teraz!","breadcrumb":{"@id":"https:\/\/alcads.com\/pl\/product\/alcad-professional-mep-2d-3d\/#breadcrumb"},"inLanguage":"pl-PL","potentialAction":[{"@type":"ReadAction","target":["https:\/\/alcads.com\/pl\/product\/alcad-professional-mep-2d-3d\/"]}]},{"@type":"ImageObject","inLanguage":"pl-PL","@id":"https:\/\/alcads.com\/pl\/product\/alcad-professional-mep-2d-3d\/#primaryimage","url":"https:\/\/alcads.com\/wp-content\/uploads\/2024\/05\/mep-2d-3d-1.png","contentUrl":"https:\/\/alcads.com\/wp-content\/uploads\/2024\/05\/mep-2d-3d-1.png","width":550,"height":429,"caption":"2D & 3D MEP Plugins"},{"@type":"BreadcrumbList","@id":"https:\/\/alcads.com\/pl\/product\/alcad-professional-mep-2d-3d\/#breadcrumb","itemListElement":[{"@type":"ListItem","position":1,"name":"Home","item":"https:\/\/alcads.com\/pl\/"},{"@type":"ListItem","position":2,"name":"Sklep","item":"https:\/\/alcads.com\/pl\/sklep\/"},{"@type":"ListItem","position":3,"name":"ALCAD Professional 2D\/3D ze wszystkimi wtyczkami 2D i 3D MEP &#8211; licencja roczna"}]},{"@type":"WebSite","@id":"https:\/\/alcads.com\/pl\/#website","url":"https:\/\/alcads.com\/pl\/","name":"Alcads","description":"The Best AutoCAD Alternative","publisher":{"@id":"https:\/\/alcads.com\/pl\/#organization"},"potentialAction":[{"@type":"SearchAction","target":{"@type":"EntryPoint","urlTemplate":"https:\/\/alcads.com\/pl\/?s={search_term_string}"},"query-input":{"@type":"PropertyValueSpecification","valueRequired":true,"valueName":"search_term_string"}}],"inLanguage":"pl-PL"},{"@type":"Organization","@id":"https:\/\/alcads.com\/pl\/#organization","name":"Alcads","url":"https:\/\/alcads.com\/pl\/","logo":{"@type":"ImageObject","inLanguage":"pl-PL","@id":"https:\/\/alcads.com\/pl\/#\/schema\/logo\/image\/","url":"https:\/\/alcads.com\/wp-content\/uploads\/2024\/05\/logo.png","contentUrl":"https:\/\/alcads.com\/wp-content\/uploads\/2024\/05\/logo.png","width":122,"height":42,"caption":"Alcads"},"image":{"@id":"https:\/\/alcads.com\/pl\/#\/schema\/logo\/image\/"}}]}},"jetpack_sharing_enabled":true,"_links":{"self":[{"href":"https:\/\/alcads.com\/pl\/wp-json\/wp\/v2\/product\/105319","targetHints":{"allow":["GET"]}}],"collection":[{"href":"https:\/\/alcads.com\/pl\/wp-json\/wp\/v2\/product"}],"about":[{"href":"https:\/\/alcads.com\/pl\/wp-json\/wp\/v2\/types\/product"}],"replies":[{"embeddable":true,"href":"https:\/\/alcads.com\/pl\/wp-json\/wp\/v2\/comments?post=105319"}],"wp:featuredmedia":[{"embeddable":true,"href":"https:\/\/alcads.com\/pl\/wp-json\/wp\/v2\/media\/108828"}],"wp:attachment":[{"href":"https:\/\/alcads.com\/pl\/wp-json\/wp\/v2\/media?parent=105319"}],"wp:term":[{"taxonomy":"product_brand","embeddable":true,"href":"https:\/\/alcads.com\/pl\/wp-json\/wp\/v2\/product_brand?post=105319"},{"taxonomy":"product_cat","embeddable":true,"href":"https:\/\/alcads.com\/pl\/wp-json\/wp\/v2\/product_cat?post=105319"},{"taxonomy":"product_tag","embeddable":true,"href":"https:\/\/alcads.com\/pl\/wp-json\/wp\/v2\/product_tag?post=105319"}],"curies":[{"name":"wp","href":"https:\/\/api.w.org\/{rel}","templated":true}]}}