{"id":97368,"date":"2024-04-23T05:31:04","date_gmt":"2024-04-23T05:31:04","guid":{"rendered":"https:\/\/dev.alcads.com\/privacy-policy\/"},"modified":"2025-01-02T06:29:59","modified_gmt":"2025-01-02T06:29:59","slug":"polityka-prywatnosci","status":"publish","type":"page","link":"https:\/\/alcads.com\/pl\/polityka-prywatnosci\/","title":{"rendered":"Polityka prywatno\u015bci"},"content":{"rendered":"\r\n<p>Software Solution GmbH<br\/>Talacker 41<br\/>8001 Zurych<br\/>Szwajcaria<br\/><strong>E-mail<\/strong>: <a href=\"mailto:info@alcads.com\">info@alcads.com<\/a><\/p>\r\n\r\n<p><strong>Nazwa firmy<\/strong>: Software Solution GmbH<\/p>\r\n\r\n<p><strong>Inspektor ochrony danych:<br\/><\/strong>Software Solution GmbH<br\/><a href=\"mailto:info@alcads.com\">info@alcads.com<\/a><\/p>\r\n\r\n<p><strong>Og\u00f3lne<\/strong><br\/>Na podstawie art. 13 szwajcarskiej konstytucji federalnej i przepis\u00f3w o ochronie danych Konfederacji Szwajcarskiej (ustawa o ochronie danych, DSG), ka\u017cda osoba ma prawo do ochrony swojej prywatno\u015bci, a tak\u017ce do ochrony przed niew\u0142a\u015bciwym wykorzystaniem jej danych osobowych. Operatorzy tych stron bardzo powa\u017cnie podchodz\u0105 do ochrony danych osobowych u\u017cytkownik\u00f3w. Dane osobowe u\u017cytkownik\u00f3w traktujemy poufnie i zgodnie z przepisami prawa dotycz\u0105cymi ochrony danych oraz niniejsz\u0105 polityk\u0105 prywatno\u015bci.<\/p>\r\n\r\n<p>We wsp\u00f3\u0142pracy z naszymi dostawcami us\u0142ug hostingowych dok\u0142adamy wszelkich stara\u0144, aby jak najlepiej chroni\u0107 bazy danych przed nieautoryzowanym dost\u0119pem, utrat\u0105, niew\u0142a\u015bciwym wykorzystaniem lub fa\u0142szowaniem.<\/p>\r\n\r\n<p>Chcieliby\u015bmy zwr\u00f3ci\u0107 uwag\u0119, \u017ce transmisja danych w Internecie (np. komunikacja przez e-mail) mo\u017ce mie\u0107 luki w zabezpieczeniach. Pe\u0142na ochrona danych przed dost\u0119pem os\u00f3b trzecich nie jest mo\u017cliwa.<\/p>\r\n\r\n<p>Korzystaj\u0105c z tej witryny, u\u017cytkownik wyra\u017ca zgod\u0119 na gromadzenie, przetwarzanie i wykorzystywanie danych zgodnie z poni\u017cszym opisem. T\u0119 witryn\u0119 mo\u017cna odwiedza\u0107 bez rejestracji. Dane takie jak odwiedzane strony lub nazwy otwieranych plik\u00f3w, data i godzina s\u0105 przechowywane na serwerze w celach statystycznych bez bezpo\u015bredniego powi\u0105zania z osob\u0105 u\u017cytkownika. Dane osobowe, w szczeg\u00f3lno\u015bci imi\u0119 i nazwisko, adres lub adres e-mail, s\u0105 gromadzone w miar\u0119 mo\u017cliwo\u015bci na zasadzie dobrowolno\u015bci. Bez zgody u\u017cytkownika dane nie b\u0119d\u0105 przekazywane stronom trzecim.<\/p>\r\n\r\n<p><strong>Przetwarzanie danych osobowych<\/strong><br\/>Dane osobowe to wszelkie informacje dotycz\u0105ce zidentyfikowanej lub mo\u017cliwej do zidentyfikowania osoby. Podmiot danych to osoba, kt\u00f3rej dane osobowe s\u0105 przetwarzane. Przetwarzanie obejmuje wszelkie operacje na danych osobowych, niezale\u017cnie od zastosowanych \u015brodk\u00f3w i procedur, w szczeg\u00f3lno\u015bci przechowywanie, ujawnianie, pozyskiwanie, usuwanie, przechowywanie, modyfikowanie, niszczenie i wykorzystywanie danych osobowych.<\/p>\r\n\r\n<p>Przetwarzamy dane osobowe zgodnie ze szwajcarskimi przepisami o ochronie danych. Ponadto, w zakresie i w stopniu, w jakim zastosowanie ma RODO UE, przetwarzamy dane osobowe zgodnie z nast\u0119puj\u0105cymi podstawami prawnymi w zwi\u0105zku z art. 6 (1) RODO. 6 (1) RODO:<br\/>lit. a) Przetwarzanie danych osobowych za zgod\u0105 osoby, kt\u00f3rej dane dotycz\u0105.<br\/>lit. b) Przetwarzanie danych osobowych w celu realizacji umowy z osob\u0105, kt\u00f3rej dane dotycz\u0105, a tak\u017ce w celu wdro\u017cenia odpowiednich \u015brodk\u00f3w przedumownych.<br\/>lit. c) Przetwarzanie danych osobowych w celu wype\u0142nienia obowi\u0105zku prawnego, kt\u00f3remu podlegamy na mocy dowolnego obowi\u0105zuj\u0105cego prawa UE lub dowolnego obowi\u0105zuj\u0105cego prawa kraju, w kt\u00f3rym RODO ma zastosowanie w ca\u0142o\u015bci lub w cz\u0119\u015bci.<br\/>lit. d) Przetwarzanie danych osobowych w celu ochrony \u017cywotnych interes\u00f3w osoby, kt\u00f3rej dane dotycz\u0105, lub innej osoby fizycznej.<br\/>lit. f) Przetwarzanie danych osobowych w celu ochrony uzasadnionych interes\u00f3w naszych lub stron trzecich, chyba \u017ce podstawowe wolno\u015bci i prawa oraz interesy osoby, kt\u00f3rej dane dotycz\u0105, s\u0105 nadrz\u0119dne. Uzasadnione interesy obejmuj\u0105 w szczeg\u00f3lno\u015bci nasz interes biznesowy polegaj\u0105cy na mo\u017cliwo\u015bci udost\u0119pniania naszej strony internetowej, bezpiecze\u0144stwo informacji, egzekwowanie naszych w\u0142asnych roszcze\u0144 prawnych i zgodno\u015b\u0107 ze szwajcarskim prawem.<\/p>\r\n\r\n<p>Przetwarzamy dane osobowe przez okres wymagany dla danego celu lub cel\u00f3w. W przypadku obowi\u0105zku przechowywania danych przez d\u0142u\u017cszy czas ze wzgl\u0119du na zobowi\u0105zania prawne i inne, kt\u00f3rym podlegamy, odpowiednio ograniczamy przetwarzanie danych.<\/p>\r\n\r\n<p><strong>Pliki cookie<\/strong><br\/>Ta strona u\u017cywa plik\u00f3w cookie. S\u0105 to ma\u0142e pliki tekstowe, kt\u00f3re umo\u017cliwiaj\u0105 przechowywanie okre\u015blonych informacji zwi\u0105zanych z u\u017cytkownikiem na urz\u0105dzeniu ko\u0144cowym u\u017cytkownika podczas korzystania przez niego ze strony internetowej. Pliki cookie umo\u017cliwiaj\u0105 w szczeg\u00f3lno\u015bci okre\u015blenie cz\u0119stotliwo\u015bci korzystania i liczby u\u017cytkownik\u00f3w stron, analiz\u0119 wzorc\u00f3w zachowa\u0144 zwi\u0105zanych z korzystaniem ze stron, ale tak\u017ce uczynienie naszej oferty bardziej przyjazn\u0105 dla klienta. Pliki cookie s\u0105 przechowywane po zako\u0144czeniu sesji przegl\u0105darki i mog\u0105 zosta\u0107 odzyskane, gdy u\u017cytkownik ponownie odwiedzi witryn\u0119. Je\u015bli u\u017cytkownik sobie tego nie \u017cyczy, powinien ustawi\u0107 swoj\u0105 przegl\u0105dark\u0119 internetow\u0105 tak, aby odmawia\u0142a akceptowania plik\u00f3w cookie.<\/p>\r\n\r\n<p>Og\u00f3lny sprzeciw wobec korzystania z plik\u00f3w cookie wykorzystywanych do cel\u00f3w marketingu online mo\u017cna zg\u0142osi\u0107 w odniesieniu do wielu us\u0142ug, zw\u0142aszcza w przypadku \u015bledzenia, za po\u015brednictwem ameryka\u0144skiej strony <a href=\"http:\/\/www.aboutads.info\/choices\/\">http:\/\/www.aboutads.info\/choices\/<\/a> lub unijnej strony <a href=\"http:\/\/www.youronlinechoices.com\/\">http:\/\/www.youronlinechoices.com\/<\/a>. Ponadto przechowywanie plik\u00f3w cookie mo\u017cna wy\u0142\u0105czy\u0107 w ustawieniach przegl\u0105darki. Nale\u017cy pami\u0119ta\u0107, \u017ce w takim przypadku nie mo\u017cna korzysta\u0107 ze wszystkich funkcji tej oferty online.<\/p>\r\n\r\n<p><strong>Z szyfrowaniem SSL\/TLS<\/strong><br\/>Ta strona internetowa wykorzystuje szyfrowanie SSL\/TLS ze wzgl\u0119d\u00f3w bezpiecze\u0144stwa i w celu ochrony transmisji poufnych tre\u015bci, takich jak \u017c\u0105dania wysy\u0142ane do nas jako operatora strony. Po\u0142\u0105czenie szyfrowane mo\u017cna rozpozna\u0107 po tym, \u017ce wiersz adresu przegl\u0105darki zmienia si\u0119 z &#8220;&#8221;http:\/\/&#8221;&#8221; na &#8220;&#8221;https:\/\/&#8221;&#8221; oraz po symbolu k\u0142\u00f3dki w wierszu przegl\u0105darki.<\/p>\r\n\r\n<p>Je\u015bli szyfrowanie SSL lub TLS jest w\u0142\u0105czone, dane przesy\u0142ane do nas nie mog\u0105 by\u0107 odczytane przez osoby trzecie.<\/p>\r\n\r\n<p><strong>Formularz kontaktowy<\/strong><br\/>Je\u015bli u\u017cytkownik prze\u015ble nam zapytanie za po\u015brednictwem formularza kontaktowego, jego dane z formularza zapytania, w tym podane tam dane kontaktowe, b\u0119d\u0105 przechowywane przez nas w celu przetworzenia zapytania oraz w przypadku dalszych pyta\u0144. Nie przekazujemy tych danych bez zgody u\u017cytkownika.<\/p>\r\n\r\n<p><strong>Newsletter<\/strong><br\/>Je\u015bli u\u017cytkownik chce otrzymywa\u0107 biuletyn oferowany na tej stronie internetowej, wymagamy podania adresu e-mail oraz informacji, kt\u00f3re pozwol\u0105 nam zweryfikowa\u0107, czy u\u017cytkownik jest w\u0142a\u015bcicielem podanego adresu e-mail i wyra\u017ca zgod\u0119 na otrzymywanie biuletynu. Dalsze dane nie b\u0119d\u0105 gromadzone. U\u017cywamy tych danych wy\u0142\u0105cznie do wysy\u0142ania \u017c\u0105danych informacji i nie przekazujemy ich stronom trzecim.<\/p>\r\n\r\n<p>U\u017cytkownik mo\u017ce odwo\u0142a\u0107 swoj\u0105 zgod\u0119 na przechowywanie danych, adresu e-mail i ich wykorzystanie do wysy\u0142ania newslettera w dowolnym momencie, na przyk\u0142ad za pomoc\u0105 linku &#8220;anuluj subskrypcj\u0119&#8221; w newsletterze.<\/p>\r\n\r\n<p><strong>Prawa autorskie<\/strong><br\/>Prawa autorskie i wszelkie inne prawa do tre\u015bci, obraz\u00f3w, zdj\u0119\u0107 lub innych plik\u00f3w na stronie internetowej nale\u017c\u0105 wy\u0142\u0105cznie do operatora tej strony internetowej lub do konkretnych w\u0142a\u015bcicieli praw autorskich. W celu powielania wszystkich plik\u00f3w nale\u017cy wcze\u015bniej uzyska\u0107 pisemn\u0105 zgod\u0119 w\u0142a\u015bciciela praw autorskich.<br\/>Ka\u017cdy, kto dopu\u015bci si\u0119 naruszenia praw autorskich bez zgody odpowiedniego w\u0142a\u015bciciela praw autorskich, mo\u017ce zosta\u0107 poci\u0105gni\u0119ty do odpowiedzialno\u015bci karnej i ewentualnie odszkodowawczej.<\/p>\r\n\r\n<p><strong>Zastrze\u017cenie<\/strong><br\/>Wszystkie informacje na naszej stronie internetowej zosta\u0142y dok\u0142adnie sprawdzone. Dok\u0142adamy wszelkich stara\u0144, aby dostarczane przez nas informacje by\u0142y aktualne, prawid\u0142owe i kompletne. Niemniej jednak nie mo\u017cna ca\u0142kowicie wykluczy\u0107 wyst\u0105pienia b\u0142\u0119d\u00f3w, dlatego nie mo\u017cemy zagwarantowa\u0107 kompletno\u015bci, dok\u0142adno\u015bci i aktualno\u015bci informacji, w tym o charakterze dziennikarsko-redakcyjnym. Roszczenia z tytu\u0142u odpowiedzialno\u015bci za szkody spowodowane wykorzystaniem jakichkolwiek dostarczonych informacji, w tym wszelkiego rodzaju informacji, kt\u00f3re s\u0105 niekompletne lub nieprawid\u0142owe, zostan\u0105 zatem odrzucone.<br\/>Wydawca mo\u017ce zmienia\u0107 lub usuwa\u0107 teksty wed\u0142ug w\u0142asnego uznania i bez uprzedzenia i nie jest zobowi\u0105zany do aktualizowania zawarto\u015bci tej witryny. Korzystanie z niniejszej strony internetowej lub uzyskiwanie do niej dost\u0119pu odbywa si\u0119 na w\u0142asne ryzyko u\u017cytkownika. Wydawca, jego klienci lub partnerzy nie ponosz\u0105 odpowiedzialno\u015bci za szkody, takie jak szkody bezpo\u015brednie, po\u015brednie, przypadkowe, wt\u00f3rne lub moralne, rzekomo spowodowane odwiedzeniem tej witryny i w zwi\u0105zku z tym nie ponosz\u0105 odpowiedzialno\u015bci za takie szkody.<br\/>Wydawca nie ponosi r\u00f3wnie\u017c odpowiedzialno\u015bci za tre\u015b\u0107 i dost\u0119pno\u015b\u0107 stron internetowych os\u00f3b trzecich, do kt\u00f3rych mo\u017cna uzyska\u0107 dost\u0119p za po\u015brednictwem zewn\u0119trznych link\u00f3w na tej stronie. Operatorzy stron, do kt\u00f3rych prowadz\u0105 linki, ponosz\u0105 wy\u0142\u0105czn\u0105 odpowiedzialno\u015b\u0107 za ich zawarto\u015b\u0107. Wydawca dystansuje si\u0119 zatem wyra\u017anie od wszelkich tre\u015bci os\u00f3b trzecich, kt\u00f3re mog\u0105 mie\u0107 znaczenie w \u015bwietle prawa karnego lub prawa o odpowiedzialno\u015bci cywilnej lub kt\u00f3re mog\u0105 obra\u017ca\u0107 zwyk\u0142e przyzwoito\u015bci.<\/p>\r\n\r\n<p><strong>Zastrze\u017cenie<\/strong><br\/>Autor nie ponosi odpowiedzialno\u015bci za poprawno\u015b\u0107, dok\u0142adno\u015b\u0107, aktualno\u015b\u0107, rzetelno\u015b\u0107 i kompletno\u015b\u0107 informacji.<br\/>Roszczenia z tytu\u0142u odpowiedzialno\u015bci wobec autora za szkody materialne lub niematerialne wynikaj\u0105ce z dost\u0119pu, wykorzystania lub niewykorzystania opublikowanych informacji, z niew\u0142a\u015bciwego wykorzystania po\u0142\u0105czenia lub z usterek technicznych s\u0105 wykluczone.<\/p>\r\n\r\n<p>Wszystkie oferty s\u0105 niewi\u0105\u017c\u0105ce. Autor wyra\u017anie zastrzega sobie prawo do zmiany, uzupe\u0142nienia lub usuni\u0119cia cz\u0119\u015bci stron lub ca\u0142ej oferty bez wcze\u015bniejszego powiadomienia lub do tymczasowego lub trwa\u0142ego zaprzestania publikacji.<\/p>\r\n","protected":false},"excerpt":{"rendered":"<p>Software Solution GmbHTalacker 418001 ZurychSzwajcariaE-mail: info@alcads.com Nazwa firmy: Software Solution GmbH Inspektor ochrony danych:Software Solution GmbHinfo@alcads.com Og\u00f3lneNa podstawie art. 13 szwajcarskiej konstytucji federalnej i przepis\u00f3w o ochronie danych Konfederacji Szwajcarskiej (ustawa o ochronie danych, DSG), ka\u017cda osoba ma prawo do ochrony swojej prywatno\u015bci, a tak\u017ce do ochrony przed niew\u0142a\u015bciwym wykorzystaniem jej danych osobowych. Operatorzy tych [&hellip;]<\/p>\n","protected":false},"author":1,"featured_media":0,"parent":0,"menu_order":0,"comment_status":"closed","ping_status":"closed","template":"","meta":{"_acf_changed":false,"footnotes":""},"class_list":["post-97368","page","type-page","status-publish","hentry"],"acf":[],"yoast_head":"<!-- This site is optimized with the Yoast SEO plugin v27.3 - https:\/\/yoast.com\/product\/yoast-seo-wordpress\/ -->\n<title>Polityka prywatno\u015bci - Alcads<\/title>\n<meta name=\"description\" content=\"Zapoznaj si\u0119 z nasz\u0105 Polityk\u0105 prywatno\u015bci, aby dowiedzie\u0107 si\u0119, w jaki spos\u00f3b Software Solution GmbH przetwarza dane osobowe, w tym \u015brodki bezpiecze\u0144stwa i wykorzystywanie plik\u00f3w cookie, zgodnie z przepisami szwajcarskimi i przepisami RODO.\" \/>\n<meta name=\"robots\" content=\"noindex, follow\" \/>\n<meta property=\"og:locale\" content=\"pl_PL\" \/>\n<meta property=\"og:type\" content=\"article\" \/>\n<meta property=\"og:title\" content=\"Polityka prywatno\u015bci - Alcads\" \/>\n<meta property=\"og:description\" content=\"Zapoznaj si\u0119 z nasz\u0105 Polityk\u0105 prywatno\u015bci, aby dowiedzie\u0107 si\u0119, w jaki spos\u00f3b Software Solution GmbH przetwarza dane osobowe, w tym \u015brodki bezpiecze\u0144stwa i wykorzystywanie plik\u00f3w cookie, zgodnie z przepisami szwajcarskimi i przepisami RODO.\" \/>\n<meta property=\"og:url\" content=\"https:\/\/alcads.com\/pl\/polityka-prywatnosci\/\" \/>\n<meta property=\"og:site_name\" content=\"Alcads\" \/>\n<meta property=\"article:modified_time\" content=\"2025-01-02T06:29:59+00:00\" \/>\n<meta name=\"twitter:card\" content=\"summary_large_image\" \/>\n<meta name=\"twitter:label1\" content=\"Szacowany czas czytania\" \/>\n\t<meta name=\"twitter:data1\" content=\"6 minut\" \/>\n<script type=\"application\/ld+json\" class=\"yoast-schema-graph\">{\"@context\":\"https:\\\/\\\/schema.org\",\"@graph\":[{\"@type\":\"WebPage\",\"@id\":\"https:\\\/\\\/alcads.com\\\/pl\\\/polityka-prywatnosci\\\/\",\"url\":\"https:\\\/\\\/alcads.com\\\/pl\\\/polityka-prywatnosci\\\/\",\"name\":\"Polityka prywatno\u015bci - Alcads\",\"isPartOf\":{\"@id\":\"https:\\\/\\\/alcads.com\\\/pl\\\/#website\"},\"datePublished\":\"2024-04-23T05:31:04+00:00\",\"dateModified\":\"2025-01-02T06:29:59+00:00\",\"description\":\"Zapoznaj si\u0119 z nasz\u0105 Polityk\u0105 prywatno\u015bci, aby dowiedzie\u0107 si\u0119, w jaki spos\u00f3b Software Solution GmbH przetwarza dane osobowe, w tym \u015brodki bezpiecze\u0144stwa i wykorzystywanie plik\u00f3w cookie, zgodnie z przepisami szwajcarskimi i przepisami RODO.\",\"breadcrumb\":{\"@id\":\"https:\\\/\\\/alcads.com\\\/pl\\\/polityka-prywatnosci\\\/#breadcrumb\"},\"inLanguage\":\"pl-PL\",\"potentialAction\":[{\"@type\":\"ReadAction\",\"target\":[\"https:\\\/\\\/alcads.com\\\/pl\\\/polityka-prywatnosci\\\/\"]}]},{\"@type\":\"BreadcrumbList\",\"@id\":\"https:\\\/\\\/alcads.com\\\/pl\\\/polityka-prywatnosci\\\/#breadcrumb\",\"itemListElement\":[{\"@type\":\"ListItem\",\"position\":1,\"name\":\"Home\",\"item\":\"https:\\\/\\\/alcads.com\\\/pl\\\/\"},{\"@type\":\"ListItem\",\"position\":2,\"name\":\"Polityka prywatno\u015bci\"}]},{\"@type\":\"WebSite\",\"@id\":\"https:\\\/\\\/alcads.com\\\/pl\\\/#website\",\"url\":\"https:\\\/\\\/alcads.com\\\/pl\\\/\",\"name\":\"Alcads\",\"description\":\"The Best AutoCAD Alternative\",\"publisher\":{\"@id\":\"https:\\\/\\\/alcads.com\\\/pl\\\/#organization\"},\"potentialAction\":[{\"@type\":\"SearchAction\",\"target\":{\"@type\":\"EntryPoint\",\"urlTemplate\":\"https:\\\/\\\/alcads.com\\\/pl\\\/?s={search_term_string}\"},\"query-input\":{\"@type\":\"PropertyValueSpecification\",\"valueRequired\":true,\"valueName\":\"search_term_string\"}}],\"inLanguage\":\"pl-PL\"},{\"@type\":\"Organization\",\"@id\":\"https:\\\/\\\/alcads.com\\\/pl\\\/#organization\",\"name\":\"Alcads\",\"url\":\"https:\\\/\\\/alcads.com\\\/pl\\\/\",\"logo\":{\"@type\":\"ImageObject\",\"inLanguage\":\"pl-PL\",\"@id\":\"https:\\\/\\\/alcads.com\\\/pl\\\/#\\\/schema\\\/logo\\\/image\\\/\",\"url\":\"https:\\\/\\\/alcads.com\\\/wp-content\\\/uploads\\\/2024\\\/05\\\/logo.png\",\"contentUrl\":\"https:\\\/\\\/alcads.com\\\/wp-content\\\/uploads\\\/2024\\\/05\\\/logo.png\",\"width\":122,\"height\":42,\"caption\":\"Alcads\"},\"image\":{\"@id\":\"https:\\\/\\\/alcads.com\\\/pl\\\/#\\\/schema\\\/logo\\\/image\\\/\"}}]}<\/script>\n<!-- \/ Yoast SEO plugin. -->","yoast_head_json":{"title":"Polityka prywatno\u015bci - Alcads","description":"Zapoznaj si\u0119 z nasz\u0105 Polityk\u0105 prywatno\u015bci, aby dowiedzie\u0107 si\u0119, w jaki spos\u00f3b Software Solution GmbH przetwarza dane osobowe, w tym \u015brodki bezpiecze\u0144stwa i wykorzystywanie plik\u00f3w cookie, zgodnie z przepisami szwajcarskimi i przepisami RODO.","robots":{"index":"noindex","follow":"follow"},"og_locale":"pl_PL","og_type":"article","og_title":"Polityka prywatno\u015bci - Alcads","og_description":"Zapoznaj si\u0119 z nasz\u0105 Polityk\u0105 prywatno\u015bci, aby dowiedzie\u0107 si\u0119, w jaki spos\u00f3b Software Solution GmbH przetwarza dane osobowe, w tym \u015brodki bezpiecze\u0144stwa i wykorzystywanie plik\u00f3w cookie, zgodnie z przepisami szwajcarskimi i przepisami RODO.","og_url":"https:\/\/alcads.com\/pl\/polityka-prywatnosci\/","og_site_name":"Alcads","article_modified_time":"2025-01-02T06:29:59+00:00","twitter_card":"summary_large_image","twitter_misc":{"Szacowany czas czytania":"6 minut"},"schema":{"@context":"https:\/\/schema.org","@graph":[{"@type":"WebPage","@id":"https:\/\/alcads.com\/pl\/polityka-prywatnosci\/","url":"https:\/\/alcads.com\/pl\/polityka-prywatnosci\/","name":"Polityka prywatno\u015bci - Alcads","isPartOf":{"@id":"https:\/\/alcads.com\/pl\/#website"},"datePublished":"2024-04-23T05:31:04+00:00","dateModified":"2025-01-02T06:29:59+00:00","description":"Zapoznaj si\u0119 z nasz\u0105 Polityk\u0105 prywatno\u015bci, aby dowiedzie\u0107 si\u0119, w jaki spos\u00f3b Software Solution GmbH przetwarza dane osobowe, w tym \u015brodki bezpiecze\u0144stwa i wykorzystywanie plik\u00f3w cookie, zgodnie z przepisami szwajcarskimi i przepisami RODO.","breadcrumb":{"@id":"https:\/\/alcads.com\/pl\/polityka-prywatnosci\/#breadcrumb"},"inLanguage":"pl-PL","potentialAction":[{"@type":"ReadAction","target":["https:\/\/alcads.com\/pl\/polityka-prywatnosci\/"]}]},{"@type":"BreadcrumbList","@id":"https:\/\/alcads.com\/pl\/polityka-prywatnosci\/#breadcrumb","itemListElement":[{"@type":"ListItem","position":1,"name":"Home","item":"https:\/\/alcads.com\/pl\/"},{"@type":"ListItem","position":2,"name":"Polityka prywatno\u015bci"}]},{"@type":"WebSite","@id":"https:\/\/alcads.com\/pl\/#website","url":"https:\/\/alcads.com\/pl\/","name":"Alcads","description":"The Best AutoCAD Alternative","publisher":{"@id":"https:\/\/alcads.com\/pl\/#organization"},"potentialAction":[{"@type":"SearchAction","target":{"@type":"EntryPoint","urlTemplate":"https:\/\/alcads.com\/pl\/?s={search_term_string}"},"query-input":{"@type":"PropertyValueSpecification","valueRequired":true,"valueName":"search_term_string"}}],"inLanguage":"pl-PL"},{"@type":"Organization","@id":"https:\/\/alcads.com\/pl\/#organization","name":"Alcads","url":"https:\/\/alcads.com\/pl\/","logo":{"@type":"ImageObject","inLanguage":"pl-PL","@id":"https:\/\/alcads.com\/pl\/#\/schema\/logo\/image\/","url":"https:\/\/alcads.com\/wp-content\/uploads\/2024\/05\/logo.png","contentUrl":"https:\/\/alcads.com\/wp-content\/uploads\/2024\/05\/logo.png","width":122,"height":42,"caption":"Alcads"},"image":{"@id":"https:\/\/alcads.com\/pl\/#\/schema\/logo\/image\/"}}]}},"jetpack_sharing_enabled":true,"_links":{"self":[{"href":"https:\/\/alcads.com\/pl\/wp-json\/wp\/v2\/pages\/97368","targetHints":{"allow":["GET"]}}],"collection":[{"href":"https:\/\/alcads.com\/pl\/wp-json\/wp\/v2\/pages"}],"about":[{"href":"https:\/\/alcads.com\/pl\/wp-json\/wp\/v2\/types\/page"}],"author":[{"embeddable":true,"href":"https:\/\/alcads.com\/pl\/wp-json\/wp\/v2\/users\/1"}],"replies":[{"embeddable":true,"href":"https:\/\/alcads.com\/pl\/wp-json\/wp\/v2\/comments?post=97368"}],"version-history":[{"count":2,"href":"https:\/\/alcads.com\/pl\/wp-json\/wp\/v2\/pages\/97368\/revisions"}],"predecessor-version":[{"id":102171,"href":"https:\/\/alcads.com\/pl\/wp-json\/wp\/v2\/pages\/97368\/revisions\/102171"}],"wp:attachment":[{"href":"https:\/\/alcads.com\/pl\/wp-json\/wp\/v2\/media?parent=97368"}],"curies":[{"name":"wp","href":"https:\/\/api.w.org\/{rel}","templated":true}]}}