{"id":97346,"date":"2024-04-23T07:10:29","date_gmt":"2024-04-23T07:10:29","guid":{"rendered":"https:\/\/dev.alcads.com\/download\/"},"modified":"2025-09-12T14:56:17","modified_gmt":"2025-09-12T14:56:17","slug":"pobierz","status":"publish","type":"page","link":"https:\/\/alcads.com\/pl\/pobierz\/","title":{"rendered":"Pobierz"},"content":{"rendered":"","protected":false},"excerpt":{"rendered":"","protected":false},"author":1,"featured_media":0,"parent":0,"menu_order":0,"comment_status":"closed","ping_status":"closed","template":"page-template\/download.php","meta":{"_acf_changed":false,"footnotes":""},"class_list":["post-97346","page","type-page","status-publish","hentry"],"acf":[],"yoast_head":"<!-- This site is optimized with the Yoast SEO plugin v27.3 - https:\/\/yoast.com\/product\/yoast-seo-wordpress\/ -->\n<title>Pobierz - Alcads<\/title>\n<meta name=\"description\" content=\"Pobierz ALCAD Professional 2D\/3D CAD z wtyczkami MEP \u2013 Roczna licencja! Bezp\u0142atna 15-dniowa wersja pr\u00f3bna, zgodno\u015b\u0107 z systemem Windows i samouczki do bezproblemowej konfiguracji. Pobierz teraz!\" \/>\n<meta name=\"robots\" content=\"index, follow, max-snippet:-1, max-image-preview:large, max-video-preview:-1\" \/>\n<link rel=\"canonical\" href=\"https:\/\/alcads.com\/pl\/pobierz\/\" \/>\n<meta property=\"og:locale\" content=\"pl_PL\" \/>\n<meta property=\"og:type\" content=\"article\" \/>\n<meta property=\"og:title\" content=\"Pobierz - Alcads\" \/>\n<meta property=\"og:description\" content=\"Pobierz ALCAD Professional 2D\/3D CAD z wtyczkami MEP \u2013 Roczna licencja! Bezp\u0142atna 15-dniowa wersja pr\u00f3bna, zgodno\u015b\u0107 z systemem Windows i samouczki do bezproblemowej konfiguracji. Pobierz teraz!\" \/>\n<meta property=\"og:url\" content=\"https:\/\/alcads.com\/pl\/pobierz\/\" \/>\n<meta property=\"og:site_name\" content=\"Alcads\" \/>\n<meta property=\"article:modified_time\" content=\"2025-09-12T14:56:17+00:00\" \/>\n<meta name=\"twitter:card\" content=\"summary_large_image\" \/>\n<script type=\"application\/ld+json\" class=\"yoast-schema-graph\">{\"@context\":\"https:\\\/\\\/schema.org\",\"@graph\":[{\"@type\":\"WebPage\",\"@id\":\"https:\\\/\\\/alcads.com\\\/pl\\\/pobierz\\\/\",\"url\":\"https:\\\/\\\/alcads.com\\\/pl\\\/pobierz\\\/\",\"name\":\"Pobierz - Alcads\",\"isPartOf\":{\"@id\":\"https:\\\/\\\/alcads.com\\\/pl\\\/#website\"},\"datePublished\":\"2024-04-23T07:10:29+00:00\",\"dateModified\":\"2025-09-12T14:56:17+00:00\",\"description\":\"Pobierz ALCAD Professional 2D\\\/3D CAD z wtyczkami MEP \u2013 Roczna licencja! Bezp\u0142atna 15-dniowa wersja pr\u00f3bna, zgodno\u015b\u0107 z systemem Windows i samouczki do bezproblemowej konfiguracji. Pobierz teraz!\",\"breadcrumb\":{\"@id\":\"https:\\\/\\\/alcads.com\\\/pl\\\/pobierz\\\/#breadcrumb\"},\"inLanguage\":\"pl-PL\",\"potentialAction\":[{\"@type\":\"ReadAction\",\"target\":[\"https:\\\/\\\/alcads.com\\\/pl\\\/pobierz\\\/\"]}]},{\"@type\":\"BreadcrumbList\",\"@id\":\"https:\\\/\\\/alcads.com\\\/pl\\\/pobierz\\\/#breadcrumb\",\"itemListElement\":[{\"@type\":\"ListItem\",\"position\":1,\"name\":\"Home\",\"item\":\"https:\\\/\\\/alcads.com\\\/pl\\\/\"},{\"@type\":\"ListItem\",\"position\":2,\"name\":\"Pobierz\"}]},{\"@type\":\"WebSite\",\"@id\":\"https:\\\/\\\/alcads.com\\\/pl\\\/#website\",\"url\":\"https:\\\/\\\/alcads.com\\\/pl\\\/\",\"name\":\"Alcads\",\"description\":\"The Best AutoCAD Alternative\",\"publisher\":{\"@id\":\"https:\\\/\\\/alcads.com\\\/pl\\\/#organization\"},\"potentialAction\":[{\"@type\":\"SearchAction\",\"target\":{\"@type\":\"EntryPoint\",\"urlTemplate\":\"https:\\\/\\\/alcads.com\\\/pl\\\/?s={search_term_string}\"},\"query-input\":{\"@type\":\"PropertyValueSpecification\",\"valueRequired\":true,\"valueName\":\"search_term_string\"}}],\"inLanguage\":\"pl-PL\"},{\"@type\":\"Organization\",\"@id\":\"https:\\\/\\\/alcads.com\\\/pl\\\/#organization\",\"name\":\"Alcads\",\"url\":\"https:\\\/\\\/alcads.com\\\/pl\\\/\",\"logo\":{\"@type\":\"ImageObject\",\"inLanguage\":\"pl-PL\",\"@id\":\"https:\\\/\\\/alcads.com\\\/pl\\\/#\\\/schema\\\/logo\\\/image\\\/\",\"url\":\"https:\\\/\\\/alcads.com\\\/wp-content\\\/uploads\\\/2024\\\/05\\\/logo.png\",\"contentUrl\":\"https:\\\/\\\/alcads.com\\\/wp-content\\\/uploads\\\/2024\\\/05\\\/logo.png\",\"width\":122,\"height\":42,\"caption\":\"Alcads\"},\"image\":{\"@id\":\"https:\\\/\\\/alcads.com\\\/pl\\\/#\\\/schema\\\/logo\\\/image\\\/\"}}]}<\/script>\n<!-- \/ Yoast SEO plugin. -->","yoast_head_json":{"title":"Pobierz - Alcads","description":"Pobierz ALCAD Professional 2D\/3D CAD z wtyczkami MEP \u2013 Roczna licencja! Bezp\u0142atna 15-dniowa wersja pr\u00f3bna, zgodno\u015b\u0107 z systemem Windows i samouczki do bezproblemowej konfiguracji. Pobierz teraz!","robots":{"index":"index","follow":"follow","max-snippet":"max-snippet:-1","max-image-preview":"max-image-preview:large","max-video-preview":"max-video-preview:-1"},"canonical":"https:\/\/alcads.com\/pl\/pobierz\/","og_locale":"pl_PL","og_type":"article","og_title":"Pobierz - Alcads","og_description":"Pobierz ALCAD Professional 2D\/3D CAD z wtyczkami MEP \u2013 Roczna licencja! Bezp\u0142atna 15-dniowa wersja pr\u00f3bna, zgodno\u015b\u0107 z systemem Windows i samouczki do bezproblemowej konfiguracji. Pobierz teraz!","og_url":"https:\/\/alcads.com\/pl\/pobierz\/","og_site_name":"Alcads","article_modified_time":"2025-09-12T14:56:17+00:00","twitter_card":"summary_large_image","schema":{"@context":"https:\/\/schema.org","@graph":[{"@type":"WebPage","@id":"https:\/\/alcads.com\/pl\/pobierz\/","url":"https:\/\/alcads.com\/pl\/pobierz\/","name":"Pobierz - Alcads","isPartOf":{"@id":"https:\/\/alcads.com\/pl\/#website"},"datePublished":"2024-04-23T07:10:29+00:00","dateModified":"2025-09-12T14:56:17+00:00","description":"Pobierz ALCAD Professional 2D\/3D CAD z wtyczkami MEP \u2013 Roczna licencja! Bezp\u0142atna 15-dniowa wersja pr\u00f3bna, zgodno\u015b\u0107 z systemem Windows i samouczki do bezproblemowej konfiguracji. Pobierz teraz!","breadcrumb":{"@id":"https:\/\/alcads.com\/pl\/pobierz\/#breadcrumb"},"inLanguage":"pl-PL","potentialAction":[{"@type":"ReadAction","target":["https:\/\/alcads.com\/pl\/pobierz\/"]}]},{"@type":"BreadcrumbList","@id":"https:\/\/alcads.com\/pl\/pobierz\/#breadcrumb","itemListElement":[{"@type":"ListItem","position":1,"name":"Home","item":"https:\/\/alcads.com\/pl\/"},{"@type":"ListItem","position":2,"name":"Pobierz"}]},{"@type":"WebSite","@id":"https:\/\/alcads.com\/pl\/#website","url":"https:\/\/alcads.com\/pl\/","name":"Alcads","description":"The Best AutoCAD Alternative","publisher":{"@id":"https:\/\/alcads.com\/pl\/#organization"},"potentialAction":[{"@type":"SearchAction","target":{"@type":"EntryPoint","urlTemplate":"https:\/\/alcads.com\/pl\/?s={search_term_string}"},"query-input":{"@type":"PropertyValueSpecification","valueRequired":true,"valueName":"search_term_string"}}],"inLanguage":"pl-PL"},{"@type":"Organization","@id":"https:\/\/alcads.com\/pl\/#organization","name":"Alcads","url":"https:\/\/alcads.com\/pl\/","logo":{"@type":"ImageObject","inLanguage":"pl-PL","@id":"https:\/\/alcads.com\/pl\/#\/schema\/logo\/image\/","url":"https:\/\/alcads.com\/wp-content\/uploads\/2024\/05\/logo.png","contentUrl":"https:\/\/alcads.com\/wp-content\/uploads\/2024\/05\/logo.png","width":122,"height":42,"caption":"Alcads"},"image":{"@id":"https:\/\/alcads.com\/pl\/#\/schema\/logo\/image\/"}}]}},"jetpack_sharing_enabled":true,"_links":{"self":[{"href":"https:\/\/alcads.com\/pl\/wp-json\/wp\/v2\/pages\/97346","targetHints":{"allow":["GET"]}}],"collection":[{"href":"https:\/\/alcads.com\/pl\/wp-json\/wp\/v2\/pages"}],"about":[{"href":"https:\/\/alcads.com\/pl\/wp-json\/wp\/v2\/types\/page"}],"author":[{"embeddable":true,"href":"https:\/\/alcads.com\/pl\/wp-json\/wp\/v2\/users\/1"}],"replies":[{"embeddable":true,"href":"https:\/\/alcads.com\/pl\/wp-json\/wp\/v2\/comments?post=97346"}],"version-history":[{"count":6,"href":"https:\/\/alcads.com\/pl\/wp-json\/wp\/v2\/pages\/97346\/revisions"}],"predecessor-version":[{"id":114058,"href":"https:\/\/alcads.com\/pl\/wp-json\/wp\/v2\/pages\/97346\/revisions\/114058"}],"wp:attachment":[{"href":"https:\/\/alcads.com\/pl\/wp-json\/wp\/v2\/media?parent=97346"}],"curies":[{"name":"wp","href":"https:\/\/api.w.org\/{rel}","templated":true}]}}