{"id":97335,"date":"2024-04-23T07:12:13","date_gmt":"2024-04-23T07:12:13","guid":{"rendered":"https:\/\/dev.alcads.com\/faqs\/"},"modified":"2024-05-20T10:06:42","modified_gmt":"2024-05-20T10:06:42","slug":"najczesciej-zadawane-pytania","status":"publish","type":"page","link":"https:\/\/alcads.com\/pl\/najczesciej-zadawane-pytania\/","title":{"rendered":"FAQs"},"content":{"rendered":"","protected":false},"excerpt":{"rendered":"","protected":false},"author":1,"featured_media":0,"parent":0,"menu_order":0,"comment_status":"closed","ping_status":"closed","template":"page-template\/faq.php","meta":{"_acf_changed":false,"footnotes":""},"class_list":["post-97335","page","type-page","status-publish","hentry"],"acf":[],"yoast_head":"<!-- This site is optimized with the Yoast SEO plugin v27.3 - https:\/\/yoast.com\/product\/yoast-seo-wordpress\/ -->\n<title>Cz\u0119sto zadawane pytania | Alcads.com<\/title>\n<meta name=\"description\" content=\"Wszystkie odpowiedzi w jednym miejscu! Nasza sekcja FAQ zawiera pomocne rozwi\u0105zania najcz\u0119\u015bciej zadawanych pyta\u0144. Upro\u015b\u0107 z nami swoje \u017cycie.\" \/>\n<meta name=\"robots\" content=\"index, follow, max-snippet:-1, max-image-preview:large, max-video-preview:-1\" \/>\n<link rel=\"canonical\" href=\"https:\/\/alcads.com\/pl\/najczesciej-zadawane-pytania\/\" \/>\n<meta property=\"og:locale\" content=\"pl_PL\" \/>\n<meta property=\"og:type\" content=\"article\" \/>\n<meta property=\"og:title\" content=\"Cz\u0119sto zadawane pytania | Alcads.com\" \/>\n<meta property=\"og:description\" content=\"Wszystkie odpowiedzi w jednym miejscu! Nasza sekcja FAQ zawiera pomocne rozwi\u0105zania najcz\u0119\u015bciej zadawanych pyta\u0144. Upro\u015b\u0107 z nami swoje \u017cycie.\" \/>\n<meta property=\"og:url\" content=\"https:\/\/alcads.com\/pl\/najczesciej-zadawane-pytania\/\" \/>\n<meta property=\"og:site_name\" content=\"Alcads\" \/>\n<meta property=\"article:modified_time\" content=\"2024-05-20T10:06:42+00:00\" \/>\n<meta name=\"twitter:card\" content=\"summary_large_image\" \/>\n<script type=\"application\/ld+json\" class=\"yoast-schema-graph\">{\"@context\":\"https:\\\/\\\/schema.org\",\"@graph\":[{\"@type\":\"WebPage\",\"@id\":\"https:\\\/\\\/alcads.com\\\/pl\\\/najczesciej-zadawane-pytania\\\/\",\"url\":\"https:\\\/\\\/alcads.com\\\/pl\\\/najczesciej-zadawane-pytania\\\/\",\"name\":\"Cz\u0119sto zadawane pytania | Alcads.com\",\"isPartOf\":{\"@id\":\"https:\\\/\\\/alcads.com\\\/pl\\\/#website\"},\"datePublished\":\"2024-04-23T07:12:13+00:00\",\"dateModified\":\"2024-05-20T10:06:42+00:00\",\"description\":\"Wszystkie odpowiedzi w jednym miejscu! Nasza sekcja FAQ zawiera pomocne rozwi\u0105zania najcz\u0119\u015bciej zadawanych pyta\u0144. Upro\u015b\u0107 z nami swoje \u017cycie.\",\"breadcrumb\":{\"@id\":\"https:\\\/\\\/alcads.com\\\/pl\\\/najczesciej-zadawane-pytania\\\/#breadcrumb\"},\"inLanguage\":\"pl-PL\",\"potentialAction\":[{\"@type\":\"ReadAction\",\"target\":[\"https:\\\/\\\/alcads.com\\\/pl\\\/najczesciej-zadawane-pytania\\\/\"]}]},{\"@type\":\"BreadcrumbList\",\"@id\":\"https:\\\/\\\/alcads.com\\\/pl\\\/najczesciej-zadawane-pytania\\\/#breadcrumb\",\"itemListElement\":[{\"@type\":\"ListItem\",\"position\":1,\"name\":\"Home\",\"item\":\"https:\\\/\\\/alcads.com\\\/pl\\\/\"},{\"@type\":\"ListItem\",\"position\":2,\"name\":\"FAQs\"}]},{\"@type\":\"WebSite\",\"@id\":\"https:\\\/\\\/alcads.com\\\/pl\\\/#website\",\"url\":\"https:\\\/\\\/alcads.com\\\/pl\\\/\",\"name\":\"Alcads\",\"description\":\"The Best AutoCAD Alternative\",\"publisher\":{\"@id\":\"https:\\\/\\\/alcads.com\\\/pl\\\/#organization\"},\"potentialAction\":[{\"@type\":\"SearchAction\",\"target\":{\"@type\":\"EntryPoint\",\"urlTemplate\":\"https:\\\/\\\/alcads.com\\\/pl\\\/?s={search_term_string}\"},\"query-input\":{\"@type\":\"PropertyValueSpecification\",\"valueRequired\":true,\"valueName\":\"search_term_string\"}}],\"inLanguage\":\"pl-PL\"},{\"@type\":\"Organization\",\"@id\":\"https:\\\/\\\/alcads.com\\\/pl\\\/#organization\",\"name\":\"Alcads\",\"url\":\"https:\\\/\\\/alcads.com\\\/pl\\\/\",\"logo\":{\"@type\":\"ImageObject\",\"inLanguage\":\"pl-PL\",\"@id\":\"https:\\\/\\\/alcads.com\\\/pl\\\/#\\\/schema\\\/logo\\\/image\\\/\",\"url\":\"https:\\\/\\\/alcads.com\\\/wp-content\\\/uploads\\\/2024\\\/05\\\/logo.png\",\"contentUrl\":\"https:\\\/\\\/alcads.com\\\/wp-content\\\/uploads\\\/2024\\\/05\\\/logo.png\",\"width\":122,\"height\":42,\"caption\":\"Alcads\"},\"image\":{\"@id\":\"https:\\\/\\\/alcads.com\\\/pl\\\/#\\\/schema\\\/logo\\\/image\\\/\"}}]}<\/script>\n<!-- \/ Yoast SEO plugin. -->","yoast_head_json":{"title":"Cz\u0119sto zadawane pytania | Alcads.com","description":"Wszystkie odpowiedzi w jednym miejscu! Nasza sekcja FAQ zawiera pomocne rozwi\u0105zania najcz\u0119\u015bciej zadawanych pyta\u0144. Upro\u015b\u0107 z nami swoje \u017cycie.","robots":{"index":"index","follow":"follow","max-snippet":"max-snippet:-1","max-image-preview":"max-image-preview:large","max-video-preview":"max-video-preview:-1"},"canonical":"https:\/\/alcads.com\/pl\/najczesciej-zadawane-pytania\/","og_locale":"pl_PL","og_type":"article","og_title":"Cz\u0119sto zadawane pytania | Alcads.com","og_description":"Wszystkie odpowiedzi w jednym miejscu! Nasza sekcja FAQ zawiera pomocne rozwi\u0105zania najcz\u0119\u015bciej zadawanych pyta\u0144. Upro\u015b\u0107 z nami swoje \u017cycie.","og_url":"https:\/\/alcads.com\/pl\/najczesciej-zadawane-pytania\/","og_site_name":"Alcads","article_modified_time":"2024-05-20T10:06:42+00:00","twitter_card":"summary_large_image","schema":{"@context":"https:\/\/schema.org","@graph":[{"@type":"WebPage","@id":"https:\/\/alcads.com\/pl\/najczesciej-zadawane-pytania\/","url":"https:\/\/alcads.com\/pl\/najczesciej-zadawane-pytania\/","name":"Cz\u0119sto zadawane pytania | Alcads.com","isPartOf":{"@id":"https:\/\/alcads.com\/pl\/#website"},"datePublished":"2024-04-23T07:12:13+00:00","dateModified":"2024-05-20T10:06:42+00:00","description":"Wszystkie odpowiedzi w jednym miejscu! Nasza sekcja FAQ zawiera pomocne rozwi\u0105zania najcz\u0119\u015bciej zadawanych pyta\u0144. Upro\u015b\u0107 z nami swoje \u017cycie.","breadcrumb":{"@id":"https:\/\/alcads.com\/pl\/najczesciej-zadawane-pytania\/#breadcrumb"},"inLanguage":"pl-PL","potentialAction":[{"@type":"ReadAction","target":["https:\/\/alcads.com\/pl\/najczesciej-zadawane-pytania\/"]}]},{"@type":"BreadcrumbList","@id":"https:\/\/alcads.com\/pl\/najczesciej-zadawane-pytania\/#breadcrumb","itemListElement":[{"@type":"ListItem","position":1,"name":"Home","item":"https:\/\/alcads.com\/pl\/"},{"@type":"ListItem","position":2,"name":"FAQs"}]},{"@type":"WebSite","@id":"https:\/\/alcads.com\/pl\/#website","url":"https:\/\/alcads.com\/pl\/","name":"Alcads","description":"The Best AutoCAD Alternative","publisher":{"@id":"https:\/\/alcads.com\/pl\/#organization"},"potentialAction":[{"@type":"SearchAction","target":{"@type":"EntryPoint","urlTemplate":"https:\/\/alcads.com\/pl\/?s={search_term_string}"},"query-input":{"@type":"PropertyValueSpecification","valueRequired":true,"valueName":"search_term_string"}}],"inLanguage":"pl-PL"},{"@type":"Organization","@id":"https:\/\/alcads.com\/pl\/#organization","name":"Alcads","url":"https:\/\/alcads.com\/pl\/","logo":{"@type":"ImageObject","inLanguage":"pl-PL","@id":"https:\/\/alcads.com\/pl\/#\/schema\/logo\/image\/","url":"https:\/\/alcads.com\/wp-content\/uploads\/2024\/05\/logo.png","contentUrl":"https:\/\/alcads.com\/wp-content\/uploads\/2024\/05\/logo.png","width":122,"height":42,"caption":"Alcads"},"image":{"@id":"https:\/\/alcads.com\/pl\/#\/schema\/logo\/image\/"}}]}},"jetpack_sharing_enabled":true,"_links":{"self":[{"href":"https:\/\/alcads.com\/pl\/wp-json\/wp\/v2\/pages\/97335","targetHints":{"allow":["GET"]}}],"collection":[{"href":"https:\/\/alcads.com\/pl\/wp-json\/wp\/v2\/pages"}],"about":[{"href":"https:\/\/alcads.com\/pl\/wp-json\/wp\/v2\/types\/page"}],"author":[{"embeddable":true,"href":"https:\/\/alcads.com\/pl\/wp-json\/wp\/v2\/users\/1"}],"replies":[{"embeddable":true,"href":"https:\/\/alcads.com\/pl\/wp-json\/wp\/v2\/comments?post=97335"}],"version-history":[{"count":2,"href":"https:\/\/alcads.com\/pl\/wp-json\/wp\/v2\/pages\/97335\/revisions"}],"predecessor-version":[{"id":106753,"href":"https:\/\/alcads.com\/pl\/wp-json\/wp\/v2\/pages\/97335\/revisions\/106753"}],"wp:attachment":[{"href":"https:\/\/alcads.com\/pl\/wp-json\/wp\/v2\/media?parent=97335"}],"curies":[{"name":"wp","href":"https:\/\/api.w.org\/{rel}","templated":true}]}}