{"id":97313,"date":"2024-04-23T07:11:31","date_gmt":"2024-04-23T07:11:31","guid":{"rendered":"https:\/\/dev.alcads.com\/compare-alcad\/"},"modified":"2025-12-02T17:58:01","modified_gmt":"2025-12-02T17:58:01","slug":"porownaj-alcad","status":"publish","type":"page","link":"https:\/\/alcads.com\/pl\/porownaj-alcad\/","title":{"rendered":"Por\u00f3wnaj ALCAD"},"content":{"rendered":"","protected":false},"excerpt":{"rendered":"","protected":false},"author":1,"featured_media":0,"parent":0,"menu_order":0,"comment_status":"closed","ping_status":"closed","template":"page-template\/compare-alcad.php","meta":{"_acf_changed":false,"footnotes":""},"class_list":["post-97313","page","type-page","status-publish","hentry"],"acf":[],"yoast_head":"<!-- This site is optimized with the Yoast SEO plugin v27.3 - https:\/\/yoast.com\/product\/yoast-seo-wordpress\/ -->\n<title>Pe\u0142ne por\u00f3wnanie r\u00f3\u017cnych wersji ALCAD | Alcads.com<\/title>\n<meta name=\"description\" content=\"Znajd\u017a idealne dopasowanie do swoich potrzeb dzi\u0119ki naszemu kompleksowemu por\u00f3wnaniu r\u00f3\u017cnych wersji Alcad. Podejmij \u015bwiadom\u0105 decyzj\u0119 ju\u017c dzi\u015b\" \/>\n<meta name=\"robots\" content=\"index, follow, max-snippet:-1, max-image-preview:large, max-video-preview:-1\" \/>\n<link rel=\"canonical\" href=\"https:\/\/alcads.com\/pl\/porownaj-alcad\/\" \/>\n<meta property=\"og:locale\" content=\"pl_PL\" \/>\n<meta property=\"og:type\" content=\"article\" \/>\n<meta property=\"og:title\" content=\"Pe\u0142ne por\u00f3wnanie r\u00f3\u017cnych wersji ALCAD | Alcads.com\" \/>\n<meta property=\"og:description\" content=\"Znajd\u017a idealne dopasowanie do swoich potrzeb dzi\u0119ki naszemu kompleksowemu por\u00f3wnaniu r\u00f3\u017cnych wersji Alcad. Podejmij \u015bwiadom\u0105 decyzj\u0119 ju\u017c dzi\u015b\" \/>\n<meta property=\"og:url\" content=\"https:\/\/alcads.com\/pl\/porownaj-alcad\/\" \/>\n<meta property=\"og:site_name\" content=\"Alcads\" \/>\n<meta property=\"article:modified_time\" content=\"2025-12-02T17:58:01+00:00\" \/>\n<meta name=\"twitter:card\" content=\"summary_large_image\" \/>\n<script type=\"application\/ld+json\" class=\"yoast-schema-graph\">{\"@context\":\"https:\\\/\\\/schema.org\",\"@graph\":[{\"@type\":\"WebPage\",\"@id\":\"https:\\\/\\\/alcads.com\\\/pl\\\/porownaj-alcad\\\/\",\"url\":\"https:\\\/\\\/alcads.com\\\/pl\\\/porownaj-alcad\\\/\",\"name\":\"Pe\u0142ne por\u00f3wnanie r\u00f3\u017cnych wersji ALCAD | Alcads.com\",\"isPartOf\":{\"@id\":\"https:\\\/\\\/alcads.com\\\/pl\\\/#website\"},\"datePublished\":\"2024-04-23T07:11:31+00:00\",\"dateModified\":\"2025-12-02T17:58:01+00:00\",\"description\":\"Znajd\u017a idealne dopasowanie do swoich potrzeb dzi\u0119ki naszemu kompleksowemu por\u00f3wnaniu r\u00f3\u017cnych wersji Alcad. Podejmij \u015bwiadom\u0105 decyzj\u0119 ju\u017c dzi\u015b\",\"breadcrumb\":{\"@id\":\"https:\\\/\\\/alcads.com\\\/pl\\\/porownaj-alcad\\\/#breadcrumb\"},\"inLanguage\":\"pl-PL\",\"potentialAction\":[{\"@type\":\"ReadAction\",\"target\":[\"https:\\\/\\\/alcads.com\\\/pl\\\/porownaj-alcad\\\/\"]}]},{\"@type\":\"BreadcrumbList\",\"@id\":\"https:\\\/\\\/alcads.com\\\/pl\\\/porownaj-alcad\\\/#breadcrumb\",\"itemListElement\":[{\"@type\":\"ListItem\",\"position\":1,\"name\":\"Home\",\"item\":\"https:\\\/\\\/alcads.com\\\/pl\\\/\"},{\"@type\":\"ListItem\",\"position\":2,\"name\":\"Por\u00f3wnaj ALCAD\"}]},{\"@type\":\"WebSite\",\"@id\":\"https:\\\/\\\/alcads.com\\\/pl\\\/#website\",\"url\":\"https:\\\/\\\/alcads.com\\\/pl\\\/\",\"name\":\"Alcads\",\"description\":\"The Best AutoCAD Alternative\",\"publisher\":{\"@id\":\"https:\\\/\\\/alcads.com\\\/pl\\\/#organization\"},\"potentialAction\":[{\"@type\":\"SearchAction\",\"target\":{\"@type\":\"EntryPoint\",\"urlTemplate\":\"https:\\\/\\\/alcads.com\\\/pl\\\/?s={search_term_string}\"},\"query-input\":{\"@type\":\"PropertyValueSpecification\",\"valueRequired\":true,\"valueName\":\"search_term_string\"}}],\"inLanguage\":\"pl-PL\"},{\"@type\":\"Organization\",\"@id\":\"https:\\\/\\\/alcads.com\\\/pl\\\/#organization\",\"name\":\"Alcads\",\"url\":\"https:\\\/\\\/alcads.com\\\/pl\\\/\",\"logo\":{\"@type\":\"ImageObject\",\"inLanguage\":\"pl-PL\",\"@id\":\"https:\\\/\\\/alcads.com\\\/pl\\\/#\\\/schema\\\/logo\\\/image\\\/\",\"url\":\"https:\\\/\\\/alcads.com\\\/wp-content\\\/uploads\\\/2024\\\/05\\\/logo.png\",\"contentUrl\":\"https:\\\/\\\/alcads.com\\\/wp-content\\\/uploads\\\/2024\\\/05\\\/logo.png\",\"width\":122,\"height\":42,\"caption\":\"Alcads\"},\"image\":{\"@id\":\"https:\\\/\\\/alcads.com\\\/pl\\\/#\\\/schema\\\/logo\\\/image\\\/\"}}]}<\/script>\n<!-- \/ Yoast SEO plugin. -->","yoast_head_json":{"title":"Pe\u0142ne por\u00f3wnanie r\u00f3\u017cnych wersji ALCAD | Alcads.com","description":"Znajd\u017a idealne dopasowanie do swoich potrzeb dzi\u0119ki naszemu kompleksowemu por\u00f3wnaniu r\u00f3\u017cnych wersji Alcad. Podejmij \u015bwiadom\u0105 decyzj\u0119 ju\u017c dzi\u015b","robots":{"index":"index","follow":"follow","max-snippet":"max-snippet:-1","max-image-preview":"max-image-preview:large","max-video-preview":"max-video-preview:-1"},"canonical":"https:\/\/alcads.com\/pl\/porownaj-alcad\/","og_locale":"pl_PL","og_type":"article","og_title":"Pe\u0142ne por\u00f3wnanie r\u00f3\u017cnych wersji ALCAD | Alcads.com","og_description":"Znajd\u017a idealne dopasowanie do swoich potrzeb dzi\u0119ki naszemu kompleksowemu por\u00f3wnaniu r\u00f3\u017cnych wersji Alcad. Podejmij \u015bwiadom\u0105 decyzj\u0119 ju\u017c dzi\u015b","og_url":"https:\/\/alcads.com\/pl\/porownaj-alcad\/","og_site_name":"Alcads","article_modified_time":"2025-12-02T17:58:01+00:00","twitter_card":"summary_large_image","schema":{"@context":"https:\/\/schema.org","@graph":[{"@type":"WebPage","@id":"https:\/\/alcads.com\/pl\/porownaj-alcad\/","url":"https:\/\/alcads.com\/pl\/porownaj-alcad\/","name":"Pe\u0142ne por\u00f3wnanie r\u00f3\u017cnych wersji ALCAD | Alcads.com","isPartOf":{"@id":"https:\/\/alcads.com\/pl\/#website"},"datePublished":"2024-04-23T07:11:31+00:00","dateModified":"2025-12-02T17:58:01+00:00","description":"Znajd\u017a idealne dopasowanie do swoich potrzeb dzi\u0119ki naszemu kompleksowemu por\u00f3wnaniu r\u00f3\u017cnych wersji Alcad. Podejmij \u015bwiadom\u0105 decyzj\u0119 ju\u017c dzi\u015b","breadcrumb":{"@id":"https:\/\/alcads.com\/pl\/porownaj-alcad\/#breadcrumb"},"inLanguage":"pl-PL","potentialAction":[{"@type":"ReadAction","target":["https:\/\/alcads.com\/pl\/porownaj-alcad\/"]}]},{"@type":"BreadcrumbList","@id":"https:\/\/alcads.com\/pl\/porownaj-alcad\/#breadcrumb","itemListElement":[{"@type":"ListItem","position":1,"name":"Home","item":"https:\/\/alcads.com\/pl\/"},{"@type":"ListItem","position":2,"name":"Por\u00f3wnaj ALCAD"}]},{"@type":"WebSite","@id":"https:\/\/alcads.com\/pl\/#website","url":"https:\/\/alcads.com\/pl\/","name":"Alcads","description":"The Best AutoCAD Alternative","publisher":{"@id":"https:\/\/alcads.com\/pl\/#organization"},"potentialAction":[{"@type":"SearchAction","target":{"@type":"EntryPoint","urlTemplate":"https:\/\/alcads.com\/pl\/?s={search_term_string}"},"query-input":{"@type":"PropertyValueSpecification","valueRequired":true,"valueName":"search_term_string"}}],"inLanguage":"pl-PL"},{"@type":"Organization","@id":"https:\/\/alcads.com\/pl\/#organization","name":"Alcads","url":"https:\/\/alcads.com\/pl\/","logo":{"@type":"ImageObject","inLanguage":"pl-PL","@id":"https:\/\/alcads.com\/pl\/#\/schema\/logo\/image\/","url":"https:\/\/alcads.com\/wp-content\/uploads\/2024\/05\/logo.png","contentUrl":"https:\/\/alcads.com\/wp-content\/uploads\/2024\/05\/logo.png","width":122,"height":42,"caption":"Alcads"},"image":{"@id":"https:\/\/alcads.com\/pl\/#\/schema\/logo\/image\/"}}]}},"jetpack_sharing_enabled":true,"_links":{"self":[{"href":"https:\/\/alcads.com\/pl\/wp-json\/wp\/v2\/pages\/97313","targetHints":{"allow":["GET"]}}],"collection":[{"href":"https:\/\/alcads.com\/pl\/wp-json\/wp\/v2\/pages"}],"about":[{"href":"https:\/\/alcads.com\/pl\/wp-json\/wp\/v2\/types\/page"}],"author":[{"embeddable":true,"href":"https:\/\/alcads.com\/pl\/wp-json\/wp\/v2\/users\/1"}],"replies":[{"embeddable":true,"href":"https:\/\/alcads.com\/pl\/wp-json\/wp\/v2\/comments?post=97313"}],"version-history":[{"count":7,"href":"https:\/\/alcads.com\/pl\/wp-json\/wp\/v2\/pages\/97313\/revisions"}],"predecessor-version":[{"id":116646,"href":"https:\/\/alcads.com\/pl\/wp-json\/wp\/v2\/pages\/97313\/revisions\/116646"}],"wp:attachment":[{"href":"https:\/\/alcads.com\/pl\/wp-json\/wp\/v2\/media?parent=97313"}],"curies":[{"name":"wp","href":"https:\/\/api.w.org\/{rel}","templated":true}]}}