{"id":97302,"date":"2024-04-23T07:11:59","date_gmt":"2024-04-23T07:11:59","guid":{"rendered":"https:\/\/dev.alcads.com\/blog\/"},"modified":"2024-05-20T07:56:08","modified_gmt":"2024-05-20T07:56:08","slug":"blog","status":"publish","type":"page","link":"https:\/\/alcads.com\/pl\/blog\/","title":{"rendered":"Blog"},"content":{"rendered":"","protected":false},"excerpt":{"rendered":"","protected":false},"author":1,"featured_media":0,"parent":0,"menu_order":0,"comment_status":"closed","ping_status":"closed","template":"page-template\/blog.php","meta":{"_acf_changed":false,"footnotes":""},"class_list":["post-97302","page","type-page","status-publish","hentry"],"acf":[],"yoast_head":"<!-- This site is optimized with the Yoast SEO plugin v27.3 - https:\/\/yoast.com\/product\/yoast-seo-wordpress\/ -->\n<title>Blog | Aktualno\u015bci i wydarzenia firmy | Alcads.com<\/title>\n<meta name=\"description\" content=\"Odkryj wnikliwe i interesuj\u0105ce artyku\u0142y na r\u00f3\u017cne tematy. Nasz blog oferuje \u015bwie\u017ce perspektywy i spostrze\u017cenia ekspert\u00f3w dla dociekliwych umys\u0142\u00f3w\" \/>\n<meta name=\"robots\" content=\"index, follow, max-snippet:-1, max-image-preview:large, max-video-preview:-1\" \/>\n<link rel=\"canonical\" href=\"https:\/\/alcads.com\/pl\/blog\/\" \/>\n<meta property=\"og:locale\" content=\"pl_PL\" \/>\n<meta property=\"og:type\" content=\"article\" \/>\n<meta property=\"og:title\" content=\"Blog | Aktualno\u015bci i wydarzenia firmy | Alcads.com\" \/>\n<meta property=\"og:description\" content=\"Odkryj wnikliwe i interesuj\u0105ce artyku\u0142y na r\u00f3\u017cne tematy. Nasz blog oferuje \u015bwie\u017ce perspektywy i spostrze\u017cenia ekspert\u00f3w dla dociekliwych umys\u0142\u00f3w\" \/>\n<meta property=\"og:url\" content=\"https:\/\/alcads.com\/pl\/blog\/\" \/>\n<meta property=\"og:site_name\" content=\"Alcads\" \/>\n<meta property=\"article:modified_time\" content=\"2024-05-20T07:56:08+00:00\" \/>\n<meta name=\"twitter:card\" content=\"summary_large_image\" \/>\n<script type=\"application\/ld+json\" class=\"yoast-schema-graph\">{\"@context\":\"https:\\\/\\\/schema.org\",\"@graph\":[{\"@type\":\"WebPage\",\"@id\":\"https:\\\/\\\/alcads.com\\\/pl\\\/blog\\\/\",\"url\":\"https:\\\/\\\/alcads.com\\\/pl\\\/blog\\\/\",\"name\":\"Blog | Aktualno\u015bci i wydarzenia firmy | Alcads.com\",\"isPartOf\":{\"@id\":\"https:\\\/\\\/alcads.com\\\/pl\\\/#website\"},\"datePublished\":\"2024-04-23T07:11:59+00:00\",\"dateModified\":\"2024-05-20T07:56:08+00:00\",\"description\":\"Odkryj wnikliwe i interesuj\u0105ce artyku\u0142y na r\u00f3\u017cne tematy. Nasz blog oferuje \u015bwie\u017ce perspektywy i spostrze\u017cenia ekspert\u00f3w dla dociekliwych umys\u0142\u00f3w\",\"breadcrumb\":{\"@id\":\"https:\\\/\\\/alcads.com\\\/pl\\\/blog\\\/#breadcrumb\"},\"inLanguage\":\"pl-PL\",\"potentialAction\":[{\"@type\":\"ReadAction\",\"target\":[\"https:\\\/\\\/alcads.com\\\/pl\\\/blog\\\/\"]}]},{\"@type\":\"BreadcrumbList\",\"@id\":\"https:\\\/\\\/alcads.com\\\/pl\\\/blog\\\/#breadcrumb\",\"itemListElement\":[{\"@type\":\"ListItem\",\"position\":1,\"name\":\"Home\",\"item\":\"https:\\\/\\\/alcads.com\\\/pl\\\/\"},{\"@type\":\"ListItem\",\"position\":2,\"name\":\"Blog\"}]},{\"@type\":\"WebSite\",\"@id\":\"https:\\\/\\\/alcads.com\\\/pl\\\/#website\",\"url\":\"https:\\\/\\\/alcads.com\\\/pl\\\/\",\"name\":\"Alcads\",\"description\":\"The Best AutoCAD Alternative\",\"publisher\":{\"@id\":\"https:\\\/\\\/alcads.com\\\/pl\\\/#organization\"},\"potentialAction\":[{\"@type\":\"SearchAction\",\"target\":{\"@type\":\"EntryPoint\",\"urlTemplate\":\"https:\\\/\\\/alcads.com\\\/pl\\\/?s={search_term_string}\"},\"query-input\":{\"@type\":\"PropertyValueSpecification\",\"valueRequired\":true,\"valueName\":\"search_term_string\"}}],\"inLanguage\":\"pl-PL\"},{\"@type\":\"Organization\",\"@id\":\"https:\\\/\\\/alcads.com\\\/pl\\\/#organization\",\"name\":\"Alcads\",\"url\":\"https:\\\/\\\/alcads.com\\\/pl\\\/\",\"logo\":{\"@type\":\"ImageObject\",\"inLanguage\":\"pl-PL\",\"@id\":\"https:\\\/\\\/alcads.com\\\/pl\\\/#\\\/schema\\\/logo\\\/image\\\/\",\"url\":\"https:\\\/\\\/alcads.com\\\/wp-content\\\/uploads\\\/2024\\\/05\\\/logo.png\",\"contentUrl\":\"https:\\\/\\\/alcads.com\\\/wp-content\\\/uploads\\\/2024\\\/05\\\/logo.png\",\"width\":122,\"height\":42,\"caption\":\"Alcads\"},\"image\":{\"@id\":\"https:\\\/\\\/alcads.com\\\/pl\\\/#\\\/schema\\\/logo\\\/image\\\/\"}}]}<\/script>\n<!-- \/ Yoast SEO plugin. -->","yoast_head_json":{"title":"Blog | Aktualno\u015bci i wydarzenia firmy | Alcads.com","description":"Odkryj wnikliwe i interesuj\u0105ce artyku\u0142y na r\u00f3\u017cne tematy. Nasz blog oferuje \u015bwie\u017ce perspektywy i spostrze\u017cenia ekspert\u00f3w dla dociekliwych umys\u0142\u00f3w","robots":{"index":"index","follow":"follow","max-snippet":"max-snippet:-1","max-image-preview":"max-image-preview:large","max-video-preview":"max-video-preview:-1"},"canonical":"https:\/\/alcads.com\/pl\/blog\/","og_locale":"pl_PL","og_type":"article","og_title":"Blog | Aktualno\u015bci i wydarzenia firmy | Alcads.com","og_description":"Odkryj wnikliwe i interesuj\u0105ce artyku\u0142y na r\u00f3\u017cne tematy. Nasz blog oferuje \u015bwie\u017ce perspektywy i spostrze\u017cenia ekspert\u00f3w dla dociekliwych umys\u0142\u00f3w","og_url":"https:\/\/alcads.com\/pl\/blog\/","og_site_name":"Alcads","article_modified_time":"2024-05-20T07:56:08+00:00","twitter_card":"summary_large_image","schema":{"@context":"https:\/\/schema.org","@graph":[{"@type":"WebPage","@id":"https:\/\/alcads.com\/pl\/blog\/","url":"https:\/\/alcads.com\/pl\/blog\/","name":"Blog | Aktualno\u015bci i wydarzenia firmy | Alcads.com","isPartOf":{"@id":"https:\/\/alcads.com\/pl\/#website"},"datePublished":"2024-04-23T07:11:59+00:00","dateModified":"2024-05-20T07:56:08+00:00","description":"Odkryj wnikliwe i interesuj\u0105ce artyku\u0142y na r\u00f3\u017cne tematy. Nasz blog oferuje \u015bwie\u017ce perspektywy i spostrze\u017cenia ekspert\u00f3w dla dociekliwych umys\u0142\u00f3w","breadcrumb":{"@id":"https:\/\/alcads.com\/pl\/blog\/#breadcrumb"},"inLanguage":"pl-PL","potentialAction":[{"@type":"ReadAction","target":["https:\/\/alcads.com\/pl\/blog\/"]}]},{"@type":"BreadcrumbList","@id":"https:\/\/alcads.com\/pl\/blog\/#breadcrumb","itemListElement":[{"@type":"ListItem","position":1,"name":"Home","item":"https:\/\/alcads.com\/pl\/"},{"@type":"ListItem","position":2,"name":"Blog"}]},{"@type":"WebSite","@id":"https:\/\/alcads.com\/pl\/#website","url":"https:\/\/alcads.com\/pl\/","name":"Alcads","description":"The Best AutoCAD Alternative","publisher":{"@id":"https:\/\/alcads.com\/pl\/#organization"},"potentialAction":[{"@type":"SearchAction","target":{"@type":"EntryPoint","urlTemplate":"https:\/\/alcads.com\/pl\/?s={search_term_string}"},"query-input":{"@type":"PropertyValueSpecification","valueRequired":true,"valueName":"search_term_string"}}],"inLanguage":"pl-PL"},{"@type":"Organization","@id":"https:\/\/alcads.com\/pl\/#organization","name":"Alcads","url":"https:\/\/alcads.com\/pl\/","logo":{"@type":"ImageObject","inLanguage":"pl-PL","@id":"https:\/\/alcads.com\/pl\/#\/schema\/logo\/image\/","url":"https:\/\/alcads.com\/wp-content\/uploads\/2024\/05\/logo.png","contentUrl":"https:\/\/alcads.com\/wp-content\/uploads\/2024\/05\/logo.png","width":122,"height":42,"caption":"Alcads"},"image":{"@id":"https:\/\/alcads.com\/pl\/#\/schema\/logo\/image\/"}}]}},"jetpack_sharing_enabled":true,"_links":{"self":[{"href":"https:\/\/alcads.com\/pl\/wp-json\/wp\/v2\/pages\/97302","targetHints":{"allow":["GET"]}}],"collection":[{"href":"https:\/\/alcads.com\/pl\/wp-json\/wp\/v2\/pages"}],"about":[{"href":"https:\/\/alcads.com\/pl\/wp-json\/wp\/v2\/types\/page"}],"author":[{"embeddable":true,"href":"https:\/\/alcads.com\/pl\/wp-json\/wp\/v2\/users\/1"}],"replies":[{"embeddable":true,"href":"https:\/\/alcads.com\/pl\/wp-json\/wp\/v2\/comments?post=97302"}],"version-history":[{"count":1,"href":"https:\/\/alcads.com\/pl\/wp-json\/wp\/v2\/pages\/97302\/revisions"}],"predecessor-version":[{"id":102081,"href":"https:\/\/alcads.com\/pl\/wp-json\/wp\/v2\/pages\/97302\/revisions\/102081"}],"wp:attachment":[{"href":"https:\/\/alcads.com\/pl\/wp-json\/wp\/v2\/media?parent=97302"}],"curies":[{"name":"wp","href":"https:\/\/api.w.org\/{rel}","templated":true}]}}