{"id":97291,"date":"2024-04-24T07:31:32","date_gmt":"2024-04-24T07:31:32","guid":{"rendered":"https:\/\/dev.alcads.com\/become-a-reseller\/"},"modified":"2024-12-31T09:00:47","modified_gmt":"2024-12-31T09:00:47","slug":"zostan-sprzedawca","status":"publish","type":"page","link":"https:\/\/alcads.com\/pl\/zostan-sprzedawca\/","title":{"rendered":"Zosta\u0144 sprzedawc\u0105"},"content":{"rendered":"","protected":false},"excerpt":{"rendered":"","protected":false},"author":1,"featured_media":0,"parent":0,"menu_order":0,"comment_status":"closed","ping_status":"closed","template":"page-template\/became-a-reseller.php","meta":{"_acf_changed":false,"footnotes":""},"class_list":["post-97291","page","type-page","status-publish","hentry"],"acf":[],"yoast_head":"<!-- This site is optimized with the Yoast SEO plugin v27.3 - https:\/\/yoast.com\/product\/yoast-seo-wordpress\/ -->\n<title>Zosta\u0144 sprzedawc\u0105 - Alcads<\/title>\n<meta name=\"description\" content=\"Do\u0142\u0105cz do programu ALCADS Reseller Program, aby uzyska\u0107 dost\u0119p do innowacyjnych produkt\u00f3w CAD, specjalnych cen, narz\u0119dzi marketingowych i wspieraj\u0105cej sieci partner\u00f3w. Do\u0142\u0105cz teraz, aby rozwin\u0105\u0107 sw\u00f3j biznes!\" \/>\n<meta name=\"robots\" content=\"index, follow, max-snippet:-1, max-image-preview:large, max-video-preview:-1\" \/>\n<link rel=\"canonical\" href=\"https:\/\/alcads.com\/pl\/zostan-sprzedawca\/\" \/>\n<meta property=\"og:locale\" content=\"pl_PL\" \/>\n<meta property=\"og:type\" content=\"article\" \/>\n<meta property=\"og:title\" content=\"Zosta\u0144 sprzedawc\u0105 - Alcads\" \/>\n<meta property=\"og:description\" content=\"Do\u0142\u0105cz do programu ALCADS Reseller Program, aby uzyska\u0107 dost\u0119p do innowacyjnych produkt\u00f3w CAD, specjalnych cen, narz\u0119dzi marketingowych i wspieraj\u0105cej sieci partner\u00f3w. Do\u0142\u0105cz teraz, aby rozwin\u0105\u0107 sw\u00f3j biznes!\" \/>\n<meta property=\"og:url\" content=\"https:\/\/alcads.com\/pl\/zostan-sprzedawca\/\" \/>\n<meta property=\"og:site_name\" content=\"Alcads\" \/>\n<meta property=\"article:modified_time\" content=\"2024-12-31T09:00:47+00:00\" \/>\n<meta name=\"twitter:card\" content=\"summary_large_image\" \/>\n<script type=\"application\/ld+json\" class=\"yoast-schema-graph\">{\"@context\":\"https:\\\/\\\/schema.org\",\"@graph\":[{\"@type\":\"WebPage\",\"@id\":\"https:\\\/\\\/alcads.com\\\/pl\\\/zostan-sprzedawca\\\/\",\"url\":\"https:\\\/\\\/alcads.com\\\/pl\\\/zostan-sprzedawca\\\/\",\"name\":\"Zosta\u0144 sprzedawc\u0105 - Alcads\",\"isPartOf\":{\"@id\":\"https:\\\/\\\/alcads.com\\\/pl\\\/#website\"},\"datePublished\":\"2024-04-24T07:31:32+00:00\",\"dateModified\":\"2024-12-31T09:00:47+00:00\",\"description\":\"Do\u0142\u0105cz do programu ALCADS Reseller Program, aby uzyska\u0107 dost\u0119p do innowacyjnych produkt\u00f3w CAD, specjalnych cen, narz\u0119dzi marketingowych i wspieraj\u0105cej sieci partner\u00f3w. Do\u0142\u0105cz teraz, aby rozwin\u0105\u0107 sw\u00f3j biznes!\",\"breadcrumb\":{\"@id\":\"https:\\\/\\\/alcads.com\\\/pl\\\/zostan-sprzedawca\\\/#breadcrumb\"},\"inLanguage\":\"pl-PL\",\"potentialAction\":[{\"@type\":\"ReadAction\",\"target\":[\"https:\\\/\\\/alcads.com\\\/pl\\\/zostan-sprzedawca\\\/\"]}]},{\"@type\":\"BreadcrumbList\",\"@id\":\"https:\\\/\\\/alcads.com\\\/pl\\\/zostan-sprzedawca\\\/#breadcrumb\",\"itemListElement\":[{\"@type\":\"ListItem\",\"position\":1,\"name\":\"Home\",\"item\":\"https:\\\/\\\/alcads.com\\\/pl\\\/\"},{\"@type\":\"ListItem\",\"position\":2,\"name\":\"Zosta\u0144 sprzedawc\u0105\"}]},{\"@type\":\"WebSite\",\"@id\":\"https:\\\/\\\/alcads.com\\\/pl\\\/#website\",\"url\":\"https:\\\/\\\/alcads.com\\\/pl\\\/\",\"name\":\"Alcads\",\"description\":\"The Best AutoCAD Alternative\",\"publisher\":{\"@id\":\"https:\\\/\\\/alcads.com\\\/pl\\\/#organization\"},\"potentialAction\":[{\"@type\":\"SearchAction\",\"target\":{\"@type\":\"EntryPoint\",\"urlTemplate\":\"https:\\\/\\\/alcads.com\\\/pl\\\/?s={search_term_string}\"},\"query-input\":{\"@type\":\"PropertyValueSpecification\",\"valueRequired\":true,\"valueName\":\"search_term_string\"}}],\"inLanguage\":\"pl-PL\"},{\"@type\":\"Organization\",\"@id\":\"https:\\\/\\\/alcads.com\\\/pl\\\/#organization\",\"name\":\"Alcads\",\"url\":\"https:\\\/\\\/alcads.com\\\/pl\\\/\",\"logo\":{\"@type\":\"ImageObject\",\"inLanguage\":\"pl-PL\",\"@id\":\"https:\\\/\\\/alcads.com\\\/pl\\\/#\\\/schema\\\/logo\\\/image\\\/\",\"url\":\"https:\\\/\\\/alcads.com\\\/wp-content\\\/uploads\\\/2024\\\/05\\\/logo.png\",\"contentUrl\":\"https:\\\/\\\/alcads.com\\\/wp-content\\\/uploads\\\/2024\\\/05\\\/logo.png\",\"width\":122,\"height\":42,\"caption\":\"Alcads\"},\"image\":{\"@id\":\"https:\\\/\\\/alcads.com\\\/pl\\\/#\\\/schema\\\/logo\\\/image\\\/\"}}]}<\/script>\n<!-- \/ Yoast SEO plugin. -->","yoast_head_json":{"title":"Zosta\u0144 sprzedawc\u0105 - Alcads","description":"Do\u0142\u0105cz do programu ALCADS Reseller Program, aby uzyska\u0107 dost\u0119p do innowacyjnych produkt\u00f3w CAD, specjalnych cen, narz\u0119dzi marketingowych i wspieraj\u0105cej sieci partner\u00f3w. Do\u0142\u0105cz teraz, aby rozwin\u0105\u0107 sw\u00f3j biznes!","robots":{"index":"index","follow":"follow","max-snippet":"max-snippet:-1","max-image-preview":"max-image-preview:large","max-video-preview":"max-video-preview:-1"},"canonical":"https:\/\/alcads.com\/pl\/zostan-sprzedawca\/","og_locale":"pl_PL","og_type":"article","og_title":"Zosta\u0144 sprzedawc\u0105 - Alcads","og_description":"Do\u0142\u0105cz do programu ALCADS Reseller Program, aby uzyska\u0107 dost\u0119p do innowacyjnych produkt\u00f3w CAD, specjalnych cen, narz\u0119dzi marketingowych i wspieraj\u0105cej sieci partner\u00f3w. Do\u0142\u0105cz teraz, aby rozwin\u0105\u0107 sw\u00f3j biznes!","og_url":"https:\/\/alcads.com\/pl\/zostan-sprzedawca\/","og_site_name":"Alcads","article_modified_time":"2024-12-31T09:00:47+00:00","twitter_card":"summary_large_image","schema":{"@context":"https:\/\/schema.org","@graph":[{"@type":"WebPage","@id":"https:\/\/alcads.com\/pl\/zostan-sprzedawca\/","url":"https:\/\/alcads.com\/pl\/zostan-sprzedawca\/","name":"Zosta\u0144 sprzedawc\u0105 - Alcads","isPartOf":{"@id":"https:\/\/alcads.com\/pl\/#website"},"datePublished":"2024-04-24T07:31:32+00:00","dateModified":"2024-12-31T09:00:47+00:00","description":"Do\u0142\u0105cz do programu ALCADS Reseller Program, aby uzyska\u0107 dost\u0119p do innowacyjnych produkt\u00f3w CAD, specjalnych cen, narz\u0119dzi marketingowych i wspieraj\u0105cej sieci partner\u00f3w. Do\u0142\u0105cz teraz, aby rozwin\u0105\u0107 sw\u00f3j biznes!","breadcrumb":{"@id":"https:\/\/alcads.com\/pl\/zostan-sprzedawca\/#breadcrumb"},"inLanguage":"pl-PL","potentialAction":[{"@type":"ReadAction","target":["https:\/\/alcads.com\/pl\/zostan-sprzedawca\/"]}]},{"@type":"BreadcrumbList","@id":"https:\/\/alcads.com\/pl\/zostan-sprzedawca\/#breadcrumb","itemListElement":[{"@type":"ListItem","position":1,"name":"Home","item":"https:\/\/alcads.com\/pl\/"},{"@type":"ListItem","position":2,"name":"Zosta\u0144 sprzedawc\u0105"}]},{"@type":"WebSite","@id":"https:\/\/alcads.com\/pl\/#website","url":"https:\/\/alcads.com\/pl\/","name":"Alcads","description":"The Best AutoCAD Alternative","publisher":{"@id":"https:\/\/alcads.com\/pl\/#organization"},"potentialAction":[{"@type":"SearchAction","target":{"@type":"EntryPoint","urlTemplate":"https:\/\/alcads.com\/pl\/?s={search_term_string}"},"query-input":{"@type":"PropertyValueSpecification","valueRequired":true,"valueName":"search_term_string"}}],"inLanguage":"pl-PL"},{"@type":"Organization","@id":"https:\/\/alcads.com\/pl\/#organization","name":"Alcads","url":"https:\/\/alcads.com\/pl\/","logo":{"@type":"ImageObject","inLanguage":"pl-PL","@id":"https:\/\/alcads.com\/pl\/#\/schema\/logo\/image\/","url":"https:\/\/alcads.com\/wp-content\/uploads\/2024\/05\/logo.png","contentUrl":"https:\/\/alcads.com\/wp-content\/uploads\/2024\/05\/logo.png","width":122,"height":42,"caption":"Alcads"},"image":{"@id":"https:\/\/alcads.com\/pl\/#\/schema\/logo\/image\/"}}]}},"jetpack_sharing_enabled":true,"_links":{"self":[{"href":"https:\/\/alcads.com\/pl\/wp-json\/wp\/v2\/pages\/97291","targetHints":{"allow":["GET"]}}],"collection":[{"href":"https:\/\/alcads.com\/pl\/wp-json\/wp\/v2\/pages"}],"about":[{"href":"https:\/\/alcads.com\/pl\/wp-json\/wp\/v2\/types\/page"}],"author":[{"embeddable":true,"href":"https:\/\/alcads.com\/pl\/wp-json\/wp\/v2\/users\/1"}],"replies":[{"embeddable":true,"href":"https:\/\/alcads.com\/pl\/wp-json\/wp\/v2\/comments?post=97291"}],"version-history":[{"count":1,"href":"https:\/\/alcads.com\/pl\/wp-json\/wp\/v2\/pages\/97291\/revisions"}],"predecessor-version":[{"id":101326,"href":"https:\/\/alcads.com\/pl\/wp-json\/wp\/v2\/pages\/97291\/revisions\/101326"}],"wp:attachment":[{"href":"https:\/\/alcads.com\/pl\/wp-json\/wp\/v2\/media?parent=97291"}],"curies":[{"name":"wp","href":"https:\/\/api.w.org\/{rel}","templated":true}]}}