{"id":97367,"date":"2024-04-23T05:31:04","date_gmt":"2024-04-23T05:31:04","guid":{"rendered":"https:\/\/dev.alcads.com\/privacy-policy\/"},"modified":"2024-12-31T08:46:45","modified_gmt":"2024-12-31T08:46:45","slug":"informativa-sulla-privacy","status":"publish","type":"page","link":"https:\/\/alcads.com\/it\/informativa-sulla-privacy\/","title":{"rendered":"Informativa sulla privacy"},"content":{"rendered":"\r\n<p>Software Solution GmbH<br\/>Talacker 41<br\/>8001 Zurigo<br\/>Svizzera<br\/><strong>Email<\/strong>: <a href=\"mailto:info@alcads.com\">info@alcads.com<\/a><\/p>\r\n\r\n<p><strong>Nome dell&#8217;azienda<\/strong>: Software Solution GmbH<\/p>\r\n\r\n<p><strong>Responsabile della protezione dei dati:<br\/><\/strong>Software Solution GmbH<br\/><a href=\"mailto:info@alcads.com\">info@alcads.com<\/a><\/p>\r\n\r\n<p><strong>Generale<\/strong><br\/>In base all&#8217;articolo 13 della Costituzione federale svizzera e alle disposizioni sulla protezione dei dati della Confederazione svizzera (legge sulla protezione dei dati, DSG), ogni persona ha il diritto di tutelare la propria privacy e di essere protetta dall&#8217;uso improprio dei propri dati personali. Gli operatori di queste pagine prendono molto sul serio la protezione dei tuoi dati personali. Trattiamo i tuoi dati personali in modo confidenziale e in conformit\u00e0 con le norme di legge sulla protezione dei dati e con la presente informativa sulla privacy.<\/p>\r\n\r\n<p>In collaborazione con i nostri fornitori di hosting, ci impegniamo a proteggere al meglio i database da accessi non autorizzati, perdita, uso improprio o falsificazione.<\/p>\r\n\r\n<p>Desideriamo sottolineare che la trasmissione di dati su Internet (ad esempio la comunicazione via e-mail) pu\u00f2 presentare delle falle nella sicurezza. Non \u00e8 possibile proteggere completamente i dati dall&#8217;accesso di terzi.<\/p>\r\n\r\n<p>Utilizzando questo sito web, acconsenti alla raccolta, all&#8217;elaborazione e all&#8217;utilizzo dei dati in conformit\u00e0 con la seguente descrizione. Questo sito web \u00e8 generalmente visitabile senza registrazione. Dati come le pagine visitate o i nomi dei file visitati, la data e l&#8217;ora vengono memorizzati sul server a fini statistici senza che questi dati siano direttamente collegati alla tua persona. I dati personali, in particolare il nome, l&#8217;indirizzo o l&#8217;indirizzo e-mail, sono raccolti per quanto possibile su base volontaria. Senza il tuo consenso, i dati non saranno trasmessi a terzi.<\/p>\r\n\r\n<p><strong>Trattamento dei dati personali<\/strong><br\/>I dati personali sono tutte le informazioni relative a una persona identificata o identificabile. L&#8217;interessato \u00e8 una persona sulla quale vengono trattati i dati personali. L&#8217;elaborazione comprende qualsiasi trattamento dei dati personali, a prescindere dai mezzi e dalle procedure utilizzate, in particolare l&#8217;archiviazione, la divulgazione, l&#8217;acquisizione, la cancellazione, la conservazione, la modifica, la distruzione e l&#8217;utilizzo dei dati personali.<\/p>\r\n\r\n<p>Trattiamo i dati personali in conformit\u00e0 alla legge svizzera sulla protezione dei dati. Inoltre, nella misura e nella misura in cui \u00e8 applicabile il GDPR dell&#8217;UE, trattiamo i dati personali in conformit\u00e0 alle seguenti basi giuridiche in relazione all&#8217;Art. 6 (1) GDPR:<br\/>illuminato. a) Trattamento dei dati personali con il consenso dell&#8217;interessato.<br\/>illuminato. b) Trattamento dei dati personali per l&#8217;adempimento di un contratto con l&#8217;interessato e per l&#8217;attuazione di misure precontrattuali corrispondenti.<br\/>illuminato. c) Trattamento dei dati personali per l&#8217;adempimento di un obbligo legale a cui siamo soggetti ai sensi di qualsiasi legge applicabile dell&#8217;UE o di qualsiasi legge applicabile di un paese in cui il GDPR \u00e8 applicabile in tutto o in parte.<br\/>illuminato. d) Trattamento dei dati personali al fine di proteggere gli interessi vitali dell&#8217;interessato o di un&#8217;altra persona fisica.<br\/>illuminato. f) Trattamento dei dati personali per tutelare i legittimi interessi nostri o di terzi, a meno che non prevalgano le libert\u00e0 fondamentali, i diritti e gli interessi dell&#8217;interessato. Gli interessi legittimi includono, in particolare, il nostro interesse commerciale a fornire il nostro sito web, la sicurezza delle informazioni, l&#8217;applicazione delle nostre rivendicazioni legali e il rispetto della legge svizzera.<\/p>\r\n\r\n<p>Trattiamo i dati personali per la durata necessaria al rispettivo scopo o scopi. In caso di obblighi di conservazione a lungo termine dovuti a obblighi legali o di altro tipo a cui siamo soggetti, limitiamo il trattamento di conseguenza.<\/p>\r\n\r\n<p><strong>Biscotti<\/strong><br\/>Questo sito web utilizza i cookie. Si tratta di piccoli file di testo che consentono di memorizzare informazioni specifiche relative all&#8217;utente sul suo terminale mentre utilizza il sito web. I cookie consentono, in particolare, di determinare la frequenza d&#8217;uso e il numero di utenti delle pagine, di analizzare i modelli di comportamento nell&#8217;uso delle pagine, ma anche di rendere la nostra offerta pi\u00f9 facile per il cliente. I cookie rimangono memorizzati oltre la fine della sessione del browser e possono essere recuperati quando si visita nuovamente il sito. Se non vuoi che ci\u00f2 accada, devi impostare il tuo browser Internet in modo che rifiuti di accettare i cookie.<\/p>\r\n\r\n<p>Un&#8217;obiezione generale all&#8217;uso dei cookie per scopi di marketing online pu\u00f2 essere dichiarata per un gran numero di servizi, in particolare nel caso di tracciamento, tramite il sito statunitense <a href=\"http:\/\/www.aboutads.info\/choices\/\">http:\/\/www.aboutads.info\/choices\/<\/a> o il sito UE <a href=\"http:\/\/www.youronlinechoices.com\/\">http:\/\/www.youronlinechoices.com\/.<\/a> Inoltre, la memorizzazione dei cookie pu\u00f2 essere ottenuta disabilitandoli nelle impostazioni del browser. Tieni presente che in questo caso non \u00e8 possibile utilizzare tutte le funzioni di questa offerta online.<\/p>\r\n\r\n<p><strong>Con crittografia SSL\/TLS<\/strong><br\/>Questo sito web utilizza la crittografia SSL\/TLS per motivi di sicurezza e per proteggere la trasmissione di contenuti riservati, come le richieste che ci invii in qualit\u00e0 di gestore del sito. Puoi riconoscere una connessione criptata dal fatto che la riga dell&#8217;indirizzo del browser passa da &#8220;&#8221;http:\/\/&#8221;&#8221; a &#8220;&#8221;https:\/\/&#8221;&#8221; e dal simbolo del lucchetto nella riga del browser.<\/p>\r\n\r\n<p>Se la crittografia SSL o TLS \u00e8 attivata, i dati che ci trasmetti non possono essere letti da terzi.<\/p>\r\n\r\n<p><strong>Modulo di contatto<\/strong><br\/>Se ci invii richieste di informazioni tramite il modulo di contatto, i tuoi dati provenienti dal modulo di richiesta, compresi i dati di contatto che ci hai fornito, saranno memorizzati da noi allo scopo di elaborare la richiesta e in caso di domande successive. Non trasmettiamo questi dati senza il tuo consenso.<\/p>\r\n\r\n<p><strong>Newsletter<\/strong><br\/>Se desideri ricevere la newsletter offerta da questo sito web, ti chiediamo di fornirci un indirizzo e-mail e informazioni che ci permettano di verificare che tu sia il proprietario dell&#8217;indirizzo e-mail specificato e che accetti di ricevere la newsletter. Non verranno raccolti altri dati. Utilizziamo questi dati esclusivamente per inviare le informazioni richieste e non li trasmettiamo a terzi.<\/p>\r\n\r\n<p>Puoi revocare il tuo consenso alla memorizzazione dei dati, dell&#8217;indirizzo e-mail e del loro utilizzo per l&#8217;invio della newsletter in qualsiasi momento, ad esempio tramite il &#8220;&#8221;link di cancellazione&#8221;&#8221; presente nella newsletter.<\/p>\r\n\r\n<p><strong>Diritti d&#8217;autore<\/strong><br\/>Il diritto d&#8217;autore e tutti gli altri diritti sui contenuti, le immagini, le foto o altri file presenti sul sito appartengono esclusivamente al gestore del sito o ai titolari del diritto d&#8217;autore specificamente indicati. Per la riproduzione di tutti i file \u00e8 necessario ottenere preventivamente il consenso scritto del titolare del copyright.<br\/>Chiunque commetta una violazione del copyright senza il consenso del rispettivo detentore pu\u00f2 essere perseguito ed eventualmente risarcito.<\/p>\r\n\r\n<p><strong>Esclusione di responsabilit\u00e0<\/strong><br\/>Tutte le informazioni presenti sul nostro sito web sono state accuratamente controllate. Ci impegniamo a garantire che le informazioni fornite siano aggiornate, corrette e complete. Tuttavia, il verificarsi di errori non pu\u00f2 essere completamente escluso, pertanto non possiamo garantire la completezza, l&#8217;accuratezza e la tempestivit\u00e0 delle informazioni, anche di natura giornalistico-editoriale. Le richieste di risarcimento per danni causati dall&#8217;uso delle informazioni fornite, comprese quelle incomplete o errate, saranno pertanto respinte.<br\/>L&#8217;editore pu\u00f2 modificare o eliminare testi a propria discrezione e senza preavviso e non \u00e8 obbligato ad aggiornare i contenuti di questo sito web. L&#8217;utilizzo o l&#8217;accesso a questo sito web \u00e8 a rischio e pericolo del visitatore. L&#8217;editore, i suoi clienti o partner non sono responsabili per danni diretti, indiretti, incidentali, consequenziali o punitivi, presumibilmente causati dalla visita di questo sito web e di conseguenza non si assumono alcuna responsabilit\u00e0 per tali danni.<br\/>L&#8217;editore non si assume inoltre alcuna responsabilit\u00e0 per il contenuto e la disponibilit\u00e0 di siti web di terzi a cui si pu\u00f2 accedere tramite link esterni presenti su questo sito. Gli operatori dei siti collegati sono gli unici responsabili del loro contenuto. L&#8217;editore prende quindi espressamente le distanze da tutti i contenuti di terze parti che possono essere rilevanti ai sensi del diritto penale o della responsabilit\u00e0 civile o che possono offendere il comune pudore.<\/p>\r\n\r\n<p><strong>Esclusione di responsabilit\u00e0<\/strong><br\/>L&#8217;autore non si assume alcuna responsabilit\u00e0 per la correttezza, l&#8217;accuratezza, la tempestivit\u00e0, l&#8217;affidabilit\u00e0 e la completezza delle informazioni.<br\/>Sono escluse richieste di responsabilit\u00e0 nei confronti dell&#8217;autore per danni materiali o immateriali derivanti dall&#8217;accesso, dall&#8217;uso o dal mancato uso delle informazioni pubblicate, dall&#8217;uso improprio della connessione o da malfunzionamenti tecnici.<\/p>\r\n\r\n<p>Tutte le offerte non sono vincolanti. L&#8217;autore si riserva espressamente il diritto di modificare, integrare o eliminare parti delle pagine o l&#8217;intera offerta senza preavviso, o di interrompere temporaneamente o definitivamente la pubblicazione.<\/p>\r\n","protected":false},"excerpt":{"rendered":"<p>Software Solution GmbHTalacker 418001 ZurigoSvizzeraEmail: info@alcads.com Nome dell&#8217;azienda: Software Solution GmbH Responsabile della protezione dei dati:Software Solution GmbHinfo@alcads.com GeneraleIn base all&#8217;articolo 13 della Costituzione federale svizzera e alle disposizioni sulla protezione dei dati della Confederazione svizzera (legge sulla protezione dei dati, DSG), ogni persona ha il diritto di tutelare la propria privacy e di essere [&hellip;]<\/p>\n","protected":false},"author":1,"featured_media":0,"parent":0,"menu_order":0,"comment_status":"closed","ping_status":"closed","template":"","meta":{"_acf_changed":false,"footnotes":""},"class_list":["post-97367","page","type-page","status-publish","hentry"],"acf":[],"yoast_head":"<!-- This site is optimized with the Yoast SEO plugin v27.3 - https:\/\/yoast.com\/product\/yoast-seo-wordpress\/ -->\n<title>Informativa sulla privacy - Alcads<\/title>\n<meta name=\"description\" content=\"Consulta la nostra Informativa sulla privacy per comprendere come Software Solution GmbH gestisce i dati personali, comprese le misure di sicurezza e l&#039;utilizzo dei cookie, in conformit\u00e0 con le normative svizzere e GDPR.\" \/>\n<meta name=\"robots\" content=\"noindex, follow\" \/>\n<meta property=\"og:locale\" content=\"it_IT\" \/>\n<meta property=\"og:type\" content=\"article\" \/>\n<meta property=\"og:title\" content=\"Informativa sulla privacy - Alcads\" \/>\n<meta property=\"og:description\" content=\"Consulta la nostra Informativa sulla privacy per comprendere come Software Solution GmbH gestisce i dati personali, comprese le misure di sicurezza e l&#039;utilizzo dei cookie, in conformit\u00e0 con le normative svizzere e GDPR.\" \/>\n<meta property=\"og:url\" content=\"https:\/\/alcads.com\/it\/informativa-sulla-privacy\/\" \/>\n<meta property=\"og:site_name\" content=\"Alcads\" \/>\n<meta property=\"article:modified_time\" content=\"2024-12-31T08:46:45+00:00\" \/>\n<meta name=\"twitter:card\" content=\"summary_large_image\" \/>\n<meta name=\"twitter:label1\" content=\"Tempo di lettura stimato\" \/>\n\t<meta name=\"twitter:data1\" content=\"6 minuti\" \/>\n<script type=\"application\/ld+json\" class=\"yoast-schema-graph\">{\"@context\":\"https:\\\/\\\/schema.org\",\"@graph\":[{\"@type\":\"WebPage\",\"@id\":\"https:\\\/\\\/alcads.com\\\/it\\\/informativa-sulla-privacy\\\/\",\"url\":\"https:\\\/\\\/alcads.com\\\/it\\\/informativa-sulla-privacy\\\/\",\"name\":\"Informativa sulla privacy - Alcads\",\"isPartOf\":{\"@id\":\"https:\\\/\\\/alcads.com\\\/it\\\/#website\"},\"datePublished\":\"2024-04-23T05:31:04+00:00\",\"dateModified\":\"2024-12-31T08:46:45+00:00\",\"description\":\"Consulta la nostra Informativa sulla privacy per comprendere come Software Solution GmbH gestisce i dati personali, comprese le misure di sicurezza e l'utilizzo dei cookie, in conformit\u00e0 con le normative svizzere e GDPR.\",\"breadcrumb\":{\"@id\":\"https:\\\/\\\/alcads.com\\\/it\\\/informativa-sulla-privacy\\\/#breadcrumb\"},\"inLanguage\":\"it-IT\",\"potentialAction\":[{\"@type\":\"ReadAction\",\"target\":[\"https:\\\/\\\/alcads.com\\\/it\\\/informativa-sulla-privacy\\\/\"]}]},{\"@type\":\"BreadcrumbList\",\"@id\":\"https:\\\/\\\/alcads.com\\\/it\\\/informativa-sulla-privacy\\\/#breadcrumb\",\"itemListElement\":[{\"@type\":\"ListItem\",\"position\":1,\"name\":\"Home\",\"item\":\"https:\\\/\\\/alcads.com\\\/it\\\/\"},{\"@type\":\"ListItem\",\"position\":2,\"name\":\"Informativa sulla privacy\"}]},{\"@type\":\"WebSite\",\"@id\":\"https:\\\/\\\/alcads.com\\\/it\\\/#website\",\"url\":\"https:\\\/\\\/alcads.com\\\/it\\\/\",\"name\":\"Alcads\",\"description\":\"The Best AutoCAD Alternative\",\"publisher\":{\"@id\":\"https:\\\/\\\/alcads.com\\\/it\\\/#organization\"},\"potentialAction\":[{\"@type\":\"SearchAction\",\"target\":{\"@type\":\"EntryPoint\",\"urlTemplate\":\"https:\\\/\\\/alcads.com\\\/it\\\/?s={search_term_string}\"},\"query-input\":{\"@type\":\"PropertyValueSpecification\",\"valueRequired\":true,\"valueName\":\"search_term_string\"}}],\"inLanguage\":\"it-IT\"},{\"@type\":\"Organization\",\"@id\":\"https:\\\/\\\/alcads.com\\\/it\\\/#organization\",\"name\":\"Alcads\",\"url\":\"https:\\\/\\\/alcads.com\\\/it\\\/\",\"logo\":{\"@type\":\"ImageObject\",\"inLanguage\":\"it-IT\",\"@id\":\"https:\\\/\\\/alcads.com\\\/it\\\/#\\\/schema\\\/logo\\\/image\\\/\",\"url\":\"https:\\\/\\\/alcads.com\\\/wp-content\\\/uploads\\\/2024\\\/05\\\/logo.png\",\"contentUrl\":\"https:\\\/\\\/alcads.com\\\/wp-content\\\/uploads\\\/2024\\\/05\\\/logo.png\",\"width\":122,\"height\":42,\"caption\":\"Alcads\"},\"image\":{\"@id\":\"https:\\\/\\\/alcads.com\\\/it\\\/#\\\/schema\\\/logo\\\/image\\\/\"}}]}<\/script>\n<!-- \/ Yoast SEO plugin. -->","yoast_head_json":{"title":"Informativa sulla privacy - Alcads","description":"Consulta la nostra Informativa sulla privacy per comprendere come Software Solution GmbH gestisce i dati personali, comprese le misure di sicurezza e l'utilizzo dei cookie, in conformit\u00e0 con le normative svizzere e GDPR.","robots":{"index":"noindex","follow":"follow"},"og_locale":"it_IT","og_type":"article","og_title":"Informativa sulla privacy - Alcads","og_description":"Consulta la nostra Informativa sulla privacy per comprendere come Software Solution GmbH gestisce i dati personali, comprese le misure di sicurezza e l'utilizzo dei cookie, in conformit\u00e0 con le normative svizzere e GDPR.","og_url":"https:\/\/alcads.com\/it\/informativa-sulla-privacy\/","og_site_name":"Alcads","article_modified_time":"2024-12-31T08:46:45+00:00","twitter_card":"summary_large_image","twitter_misc":{"Tempo di lettura stimato":"6 minuti"},"schema":{"@context":"https:\/\/schema.org","@graph":[{"@type":"WebPage","@id":"https:\/\/alcads.com\/it\/informativa-sulla-privacy\/","url":"https:\/\/alcads.com\/it\/informativa-sulla-privacy\/","name":"Informativa sulla privacy - Alcads","isPartOf":{"@id":"https:\/\/alcads.com\/it\/#website"},"datePublished":"2024-04-23T05:31:04+00:00","dateModified":"2024-12-31T08:46:45+00:00","description":"Consulta la nostra Informativa sulla privacy per comprendere come Software Solution GmbH gestisce i dati personali, comprese le misure di sicurezza e l'utilizzo dei cookie, in conformit\u00e0 con le normative svizzere e GDPR.","breadcrumb":{"@id":"https:\/\/alcads.com\/it\/informativa-sulla-privacy\/#breadcrumb"},"inLanguage":"it-IT","potentialAction":[{"@type":"ReadAction","target":["https:\/\/alcads.com\/it\/informativa-sulla-privacy\/"]}]},{"@type":"BreadcrumbList","@id":"https:\/\/alcads.com\/it\/informativa-sulla-privacy\/#breadcrumb","itemListElement":[{"@type":"ListItem","position":1,"name":"Home","item":"https:\/\/alcads.com\/it\/"},{"@type":"ListItem","position":2,"name":"Informativa sulla privacy"}]},{"@type":"WebSite","@id":"https:\/\/alcads.com\/it\/#website","url":"https:\/\/alcads.com\/it\/","name":"Alcads","description":"The Best AutoCAD Alternative","publisher":{"@id":"https:\/\/alcads.com\/it\/#organization"},"potentialAction":[{"@type":"SearchAction","target":{"@type":"EntryPoint","urlTemplate":"https:\/\/alcads.com\/it\/?s={search_term_string}"},"query-input":{"@type":"PropertyValueSpecification","valueRequired":true,"valueName":"search_term_string"}}],"inLanguage":"it-IT"},{"@type":"Organization","@id":"https:\/\/alcads.com\/it\/#organization","name":"Alcads","url":"https:\/\/alcads.com\/it\/","logo":{"@type":"ImageObject","inLanguage":"it-IT","@id":"https:\/\/alcads.com\/it\/#\/schema\/logo\/image\/","url":"https:\/\/alcads.com\/wp-content\/uploads\/2024\/05\/logo.png","contentUrl":"https:\/\/alcads.com\/wp-content\/uploads\/2024\/05\/logo.png","width":122,"height":42,"caption":"Alcads"},"image":{"@id":"https:\/\/alcads.com\/it\/#\/schema\/logo\/image\/"}}]}},"jetpack_sharing_enabled":true,"_links":{"self":[{"href":"https:\/\/alcads.com\/it\/wp-json\/wp\/v2\/pages\/97367","targetHints":{"allow":["GET"]}}],"collection":[{"href":"https:\/\/alcads.com\/it\/wp-json\/wp\/v2\/pages"}],"about":[{"href":"https:\/\/alcads.com\/it\/wp-json\/wp\/v2\/types\/page"}],"author":[{"embeddable":true,"href":"https:\/\/alcads.com\/it\/wp-json\/wp\/v2\/users\/1"}],"replies":[{"embeddable":true,"href":"https:\/\/alcads.com\/it\/wp-json\/wp\/v2\/comments?post=97367"}],"version-history":[{"count":2,"href":"https:\/\/alcads.com\/it\/wp-json\/wp\/v2\/pages\/97367\/revisions"}],"predecessor-version":[{"id":102169,"href":"https:\/\/alcads.com\/it\/wp-json\/wp\/v2\/pages\/97367\/revisions\/102169"}],"wp:attachment":[{"href":"https:\/\/alcads.com\/it\/wp-json\/wp\/v2\/media?parent=97367"}],"curies":[{"name":"wp","href":"https:\/\/api.w.org\/{rel}","templated":true}]}}