{"id":116141,"date":"2025-12-01T10:08:01","date_gmt":"2025-12-01T10:08:01","guid":{"rendered":"https:\/\/alcads.com\/?post_type=product&#038;p=116141"},"modified":"2025-12-03T11:01:25","modified_gmt":"2025-12-03T11:01:25","slug":"alcad-standard","status":"publish","type":"product","link":"https:\/\/alcads.com\/hu\/product\/alcad-standard\/","title":{"rendered":"ALCAD Standard 2026"},"content":{"rendered":"<p>Az ALCAD 2D\/3D a legjobb AutoCAD alternat\u00edva. Ugyanaz a kezel\u0151fel\u00fclet \u00e9s funkci\u00f3k, mint az AutoCAD.<\/p>\n<p>Ez a term\u00e9k csak a CAD-et tartalmazza.<\/p>\n<p>ALCAD \u00e9s AutoCAD \u00f6sszehasonl\u00edt\u00f3 t\u00e1bl\u00e1zat itt:<\/p>\n<p><a href=\"https:\/\/alcads.com\/hu\/alcad-osszehasonlitasa\/\" target=\"_blank\" rel=\"noopener\">ALCAD \u00f6sszehasonl\u00edt\u00e1sa | ALCAD (alcads.com)<\/a><\/p>\n<p><strong>ALCAD &#8211; a teljesen kompatibilis DWG-CAD<br \/>\nCAD-interf\u00e9sz \u00e9s az AutoCAD-del megegyez\u0151 funkci\u00f3k.<\/strong><\/p>\n<p>Az ALCAD Standard 2026 \u00e9ves licenc 229 \u20ac vagy egyszeri \u00e1lland\u00f3 licenc 369 \u20ac.<\/p>\n<ul>\n<li>DWG 2026 t\u00e1mogat\u00e1s<\/li>\n<li>Geolok\u00e1ci\u00f3 MAP-import<\/li>\n<li>PDF-b\u0151l DWG-be import\u00e1l\u00e1s<\/li>\n<li>LAYER-Manager<\/li>\n<li>XREF-Manager<\/li>\n<li>Teljes k\u00f6r\u0171 2D eszk\u00f6z\u00f6k \u00e9s egyszer\u0171 3D modellez\u00e9si funkci\u00f3k<\/li>\n<li>Raszterk\u00e9p-t\u00e1mogat\u00e1s<\/li>\n<li>\u00daj dinamikus bemenet<\/li>\n<li>F\u00f6ldrajzi t\u00e9rk\u00e9p Helysz\u00edn \u00e9s k\u00e9p<\/li>\n<li>Digit\u00e1lis al\u00e1\u00edr\u00e1sok hozz\u00e1ad\u00e1sa<\/li>\n<li>V\u00e1zlatm\u00f3dok \u00e9s kiv\u00e1laszt\u00e1si fog\u00e1sok<\/li>\n<li>2D \u00e9s 3D PDF export\u00e1l\u00e1s<\/li>\n<li>LISP, IRX\/DRX, SDS<\/li>\n<li>\u00daj vizu\u00e1lis st\u00edlusok \u00e9s anyagok<\/li>\n<li>Microsoft VBA 7.1 \u00e9s .NET API<\/li>\n<li>etransmit t\u00e1mogat\u00e1s<\/li>\n<li>Sz\u00f6vegrobban\u00e1s \u00e9s gradiens hatch<\/li>\n<li>64-bites architekt\u00fara<\/li>\n<li>T\u00f6bbmagos t\u00e1mogat\u00e1s<\/li>\n<li>T\u00f6bbnyelv\u0171 t\u00e1mogat\u00e1s<\/li>\n<li>Rugalmas \u00f6nkiszolg\u00e1l\u00f3 licenc\u00e1tvitel. Nincs korl\u00e1toz\u00e1s az \u00e1tutal\u00e1sokra.<\/li>\n<li>(*) 2D\/3D MEP eset\u00e9n v\u00e1lassza az ALCAD Professional 2D\/3D-t az \u00f6sszes MEP pluginnal egy\u00fctt.<\/li>\n<\/ul>\n","protected":false},"excerpt":{"rendered":"<p>Az ALCAD 2D\/3D a legjobb AutoCAD alternat\u00edva. Ugyanaz a kezel\u0151fel\u00fclet \u00e9s funkci\u00f3k, mint az AutoCAD. Ez a term\u00e9k csak a CAD-et tartalmazza. ALCAD \u00e9s AutoCAD \u00f6sszehasonl\u00edt\u00f3 t\u00e1bl\u00e1zat itt: ALCAD \u00f6sszehasonl\u00edt\u00e1sa | ALCAD (alcads.com) ALCAD &#8211; a teljesen kompatibilis DWG-CAD CAD-interf\u00e9sz \u00e9s az AutoCAD-del megegyez\u0151 funkci\u00f3k. Az ALCAD Standard 2026 \u00e9ves licenc 229 \u20ac vagy egyszeri [&hellip;]<\/p>\n","protected":false},"featured_media":116458,"comment_status":"closed","ping_status":"closed","template":"","meta":{"_acf_changed":false},"product_brand":[],"product_cat":[544],"product_tag":[],"class_list":{"0":"post-116141","1":"product","2":"type-product","3":"status-publish","4":"has-post-thumbnail","6":"product_cat-alcad-csomagok","8":"first","9":"instock","10":"purchasable","11":"product-type-variable","12":"has-default-attributes"},"acf":[],"yoast_head":"<!-- This site is optimized with the Yoast SEO plugin v27.3 - https:\/\/yoast.com\/product\/yoast-seo-wordpress\/ -->\n<title>ALCAD Standard 2026 - Alcads<\/title>\n<meta name=\"description\" content=\"Szerezze be az ALCAD Professional-t, a k\u00f6lts\u00e9ghat\u00e9kony AutoCAD alternat\u00edv\u00e1t. \u00c9lvezze a DWG t\u00e1mogat\u00e1st, a BIM csatol\u00e1st, a 2D\/3D eszk\u00f6z\u00f6ket \u00e9s m\u00e9g sok m\u00e1st. V\u00e1lasszon \u00e9ves (199 \u20ac) vagy \u00e1lland\u00f3 (349 \u20ac) licencet. V\u00e1s\u00e1roljon most!\" \/>\n<meta name=\"robots\" content=\"index, follow, max-snippet:-1, max-image-preview:large, max-video-preview:-1\" \/>\n<link rel=\"canonical\" href=\"https:\/\/alcads.com\/hu\/product\/alcad-standard\/\" \/>\n<meta property=\"og:locale\" content=\"hu_HU\" \/>\n<meta property=\"og:type\" content=\"article\" \/>\n<meta property=\"og:title\" content=\"ALCAD Standard 2026 - Alcads\" \/>\n<meta property=\"og:description\" content=\"Szerezze be az ALCAD Professional-t, a k\u00f6lts\u00e9ghat\u00e9kony AutoCAD alternat\u00edv\u00e1t. \u00c9lvezze a DWG t\u00e1mogat\u00e1st, a BIM csatol\u00e1st, a 2D\/3D eszk\u00f6z\u00f6ket \u00e9s m\u00e9g sok m\u00e1st. V\u00e1lasszon \u00e9ves (199 \u20ac) vagy \u00e1lland\u00f3 (349 \u20ac) licencet. V\u00e1s\u00e1roljon most!\" \/>\n<meta property=\"og:url\" content=\"https:\/\/alcads.com\/hu\/product\/alcad-standard\/\" \/>\n<meta property=\"og:site_name\" content=\"Alcads\" \/>\n<meta property=\"article:modified_time\" content=\"2025-12-03T11:01:25+00:00\" \/>\n<meta property=\"og:image\" content=\"https:\/\/alcads.com\/wp-content\/uploads\/Box_Standard-1-1024x1024.png\" \/>\n\t<meta property=\"og:image:width\" content=\"1024\" \/>\n\t<meta property=\"og:image:height\" content=\"1024\" \/>\n\t<meta property=\"og:image:type\" content=\"image\/png\" \/>\n<meta name=\"twitter:card\" content=\"summary_large_image\" \/>\n<meta name=\"twitter:label1\" content=\"Becs\u00fclt olvas\u00e1si id\u0151\" \/>\n\t<meta name=\"twitter:data1\" content=\"1 perc\" \/>\n<script type=\"application\/ld+json\" class=\"yoast-schema-graph\">{\"@context\":\"https:\\\/\\\/schema.org\",\"@graph\":[{\"@type\":\"WebPage\",\"@id\":\"https:\\\/\\\/alcads.com\\\/hu\\\/product\\\/alcad-standard\\\/\",\"url\":\"https:\\\/\\\/alcads.com\\\/hu\\\/product\\\/alcad-standard\\\/\",\"name\":\"ALCAD Standard 2026 - Alcads\",\"isPartOf\":{\"@id\":\"https:\\\/\\\/alcads.com\\\/hu\\\/#website\"},\"primaryImageOfPage\":{\"@id\":\"https:\\\/\\\/alcads.com\\\/hu\\\/product\\\/alcad-standard\\\/#primaryimage\"},\"image\":{\"@id\":\"https:\\\/\\\/alcads.com\\\/hu\\\/product\\\/alcad-standard\\\/#primaryimage\"},\"thumbnailUrl\":\"https:\\\/\\\/alcads.com\\\/wp-content\\\/uploads\\\/Box_Standard-1.png\",\"datePublished\":\"2025-12-01T10:08:01+00:00\",\"dateModified\":\"2025-12-03T11:01:25+00:00\",\"description\":\"Szerezze be az ALCAD Professional-t, a k\u00f6lts\u00e9ghat\u00e9kony AutoCAD alternat\u00edv\u00e1t. \u00c9lvezze a DWG t\u00e1mogat\u00e1st, a BIM csatol\u00e1st, a 2D\\\/3D eszk\u00f6z\u00f6ket \u00e9s m\u00e9g sok m\u00e1st. V\u00e1lasszon \u00e9ves (199 \u20ac) vagy \u00e1lland\u00f3 (349 \u20ac) licencet. V\u00e1s\u00e1roljon most!\",\"breadcrumb\":{\"@id\":\"https:\\\/\\\/alcads.com\\\/hu\\\/product\\\/alcad-standard\\\/#breadcrumb\"},\"inLanguage\":\"hu\",\"potentialAction\":[{\"@type\":\"ReadAction\",\"target\":[\"https:\\\/\\\/alcads.com\\\/hu\\\/product\\\/alcad-standard\\\/\"]}]},{\"@type\":\"ImageObject\",\"inLanguage\":\"hu\",\"@id\":\"https:\\\/\\\/alcads.com\\\/hu\\\/product\\\/alcad-standard\\\/#primaryimage\",\"url\":\"https:\\\/\\\/alcads.com\\\/wp-content\\\/uploads\\\/Box_Standard-1.png\",\"contentUrl\":\"https:\\\/\\\/alcads.com\\\/wp-content\\\/uploads\\\/Box_Standard-1.png\",\"width\":2048,\"height\":2048},{\"@type\":\"BreadcrumbList\",\"@id\":\"https:\\\/\\\/alcads.com\\\/hu\\\/product\\\/alcad-standard\\\/#breadcrumb\",\"itemListElement\":[{\"@type\":\"ListItem\",\"position\":1,\"name\":\"Home\",\"item\":\"https:\\\/\\\/alcads.com\\\/hu\\\/\"},{\"@type\":\"ListItem\",\"position\":2,\"name\":\"\u00c1ruh\u00e1z\",\"item\":\"https:\\\/\\\/alcads.com\\\/hu\\\/aruhaz\\\/\"},{\"@type\":\"ListItem\",\"position\":3,\"name\":\"ALCAD Standard 2026\"}]},{\"@type\":\"WebSite\",\"@id\":\"https:\\\/\\\/alcads.com\\\/hu\\\/#website\",\"url\":\"https:\\\/\\\/alcads.com\\\/hu\\\/\",\"name\":\"Alcads\",\"description\":\"The Best AutoCAD Alternative\",\"publisher\":{\"@id\":\"https:\\\/\\\/alcads.com\\\/hu\\\/#organization\"},\"potentialAction\":[{\"@type\":\"SearchAction\",\"target\":{\"@type\":\"EntryPoint\",\"urlTemplate\":\"https:\\\/\\\/alcads.com\\\/hu\\\/?s={search_term_string}\"},\"query-input\":{\"@type\":\"PropertyValueSpecification\",\"valueRequired\":true,\"valueName\":\"search_term_string\"}}],\"inLanguage\":\"hu\"},{\"@type\":\"Organization\",\"@id\":\"https:\\\/\\\/alcads.com\\\/hu\\\/#organization\",\"name\":\"Alcads\",\"url\":\"https:\\\/\\\/alcads.com\\\/hu\\\/\",\"logo\":{\"@type\":\"ImageObject\",\"inLanguage\":\"hu\",\"@id\":\"https:\\\/\\\/alcads.com\\\/hu\\\/#\\\/schema\\\/logo\\\/image\\\/\",\"url\":\"https:\\\/\\\/alcads.com\\\/wp-content\\\/uploads\\\/2024\\\/05\\\/logo.png\",\"contentUrl\":\"https:\\\/\\\/alcads.com\\\/wp-content\\\/uploads\\\/2024\\\/05\\\/logo.png\",\"width\":122,\"height\":42,\"caption\":\"Alcads\"},\"image\":{\"@id\":\"https:\\\/\\\/alcads.com\\\/hu\\\/#\\\/schema\\\/logo\\\/image\\\/\"}}]}<\/script>\n<!-- \/ Yoast SEO plugin. -->","yoast_head_json":{"title":"ALCAD Standard 2026 - Alcads","description":"Szerezze be az ALCAD Professional-t, a k\u00f6lts\u00e9ghat\u00e9kony AutoCAD alternat\u00edv\u00e1t. \u00c9lvezze a DWG t\u00e1mogat\u00e1st, a BIM csatol\u00e1st, a 2D\/3D eszk\u00f6z\u00f6ket \u00e9s m\u00e9g sok m\u00e1st. V\u00e1lasszon \u00e9ves (199 \u20ac) vagy \u00e1lland\u00f3 (349 \u20ac) licencet. V\u00e1s\u00e1roljon most!","robots":{"index":"index","follow":"follow","max-snippet":"max-snippet:-1","max-image-preview":"max-image-preview:large","max-video-preview":"max-video-preview:-1"},"canonical":"https:\/\/alcads.com\/hu\/product\/alcad-standard\/","og_locale":"hu_HU","og_type":"article","og_title":"ALCAD Standard 2026 - Alcads","og_description":"Szerezze be az ALCAD Professional-t, a k\u00f6lts\u00e9ghat\u00e9kony AutoCAD alternat\u00edv\u00e1t. \u00c9lvezze a DWG t\u00e1mogat\u00e1st, a BIM csatol\u00e1st, a 2D\/3D eszk\u00f6z\u00f6ket \u00e9s m\u00e9g sok m\u00e1st. V\u00e1lasszon \u00e9ves (199 \u20ac) vagy \u00e1lland\u00f3 (349 \u20ac) licencet. V\u00e1s\u00e1roljon most!","og_url":"https:\/\/alcads.com\/hu\/product\/alcad-standard\/","og_site_name":"Alcads","article_modified_time":"2025-12-03T11:01:25+00:00","og_image":[{"width":1024,"height":1024,"url":"https:\/\/alcads.com\/wp-content\/uploads\/Box_Standard-1-1024x1024.png","type":"image\/png"}],"twitter_card":"summary_large_image","twitter_misc":{"Becs\u00fclt olvas\u00e1si id\u0151":"1 perc"},"schema":{"@context":"https:\/\/schema.org","@graph":[{"@type":"WebPage","@id":"https:\/\/alcads.com\/hu\/product\/alcad-standard\/","url":"https:\/\/alcads.com\/hu\/product\/alcad-standard\/","name":"ALCAD Standard 2026 - Alcads","isPartOf":{"@id":"https:\/\/alcads.com\/hu\/#website"},"primaryImageOfPage":{"@id":"https:\/\/alcads.com\/hu\/product\/alcad-standard\/#primaryimage"},"image":{"@id":"https:\/\/alcads.com\/hu\/product\/alcad-standard\/#primaryimage"},"thumbnailUrl":"https:\/\/alcads.com\/wp-content\/uploads\/Box_Standard-1.png","datePublished":"2025-12-01T10:08:01+00:00","dateModified":"2025-12-03T11:01:25+00:00","description":"Szerezze be az ALCAD Professional-t, a k\u00f6lts\u00e9ghat\u00e9kony AutoCAD alternat\u00edv\u00e1t. \u00c9lvezze a DWG t\u00e1mogat\u00e1st, a BIM csatol\u00e1st, a 2D\/3D eszk\u00f6z\u00f6ket \u00e9s m\u00e9g sok m\u00e1st. V\u00e1lasszon \u00e9ves (199 \u20ac) vagy \u00e1lland\u00f3 (349 \u20ac) licencet. V\u00e1s\u00e1roljon most!","breadcrumb":{"@id":"https:\/\/alcads.com\/hu\/product\/alcad-standard\/#breadcrumb"},"inLanguage":"hu","potentialAction":[{"@type":"ReadAction","target":["https:\/\/alcads.com\/hu\/product\/alcad-standard\/"]}]},{"@type":"ImageObject","inLanguage":"hu","@id":"https:\/\/alcads.com\/hu\/product\/alcad-standard\/#primaryimage","url":"https:\/\/alcads.com\/wp-content\/uploads\/Box_Standard-1.png","contentUrl":"https:\/\/alcads.com\/wp-content\/uploads\/Box_Standard-1.png","width":2048,"height":2048},{"@type":"BreadcrumbList","@id":"https:\/\/alcads.com\/hu\/product\/alcad-standard\/#breadcrumb","itemListElement":[{"@type":"ListItem","position":1,"name":"Home","item":"https:\/\/alcads.com\/hu\/"},{"@type":"ListItem","position":2,"name":"\u00c1ruh\u00e1z","item":"https:\/\/alcads.com\/hu\/aruhaz\/"},{"@type":"ListItem","position":3,"name":"ALCAD Standard 2026"}]},{"@type":"WebSite","@id":"https:\/\/alcads.com\/hu\/#website","url":"https:\/\/alcads.com\/hu\/","name":"Alcads","description":"The Best AutoCAD Alternative","publisher":{"@id":"https:\/\/alcads.com\/hu\/#organization"},"potentialAction":[{"@type":"SearchAction","target":{"@type":"EntryPoint","urlTemplate":"https:\/\/alcads.com\/hu\/?s={search_term_string}"},"query-input":{"@type":"PropertyValueSpecification","valueRequired":true,"valueName":"search_term_string"}}],"inLanguage":"hu"},{"@type":"Organization","@id":"https:\/\/alcads.com\/hu\/#organization","name":"Alcads","url":"https:\/\/alcads.com\/hu\/","logo":{"@type":"ImageObject","inLanguage":"hu","@id":"https:\/\/alcads.com\/hu\/#\/schema\/logo\/image\/","url":"https:\/\/alcads.com\/wp-content\/uploads\/2024\/05\/logo.png","contentUrl":"https:\/\/alcads.com\/wp-content\/uploads\/2024\/05\/logo.png","width":122,"height":42,"caption":"Alcads"},"image":{"@id":"https:\/\/alcads.com\/hu\/#\/schema\/logo\/image\/"}}]}},"jetpack_sharing_enabled":true,"_links":{"self":[{"href":"https:\/\/alcads.com\/hu\/wp-json\/wp\/v2\/product\/116141","targetHints":{"allow":["GET"]}}],"collection":[{"href":"https:\/\/alcads.com\/hu\/wp-json\/wp\/v2\/product"}],"about":[{"href":"https:\/\/alcads.com\/hu\/wp-json\/wp\/v2\/types\/product"}],"replies":[{"embeddable":true,"href":"https:\/\/alcads.com\/hu\/wp-json\/wp\/v2\/comments?post=116141"}],"wp:featuredmedia":[{"embeddable":true,"href":"https:\/\/alcads.com\/hu\/wp-json\/wp\/v2\/media\/116458"}],"wp:attachment":[{"href":"https:\/\/alcads.com\/hu\/wp-json\/wp\/v2\/media?parent=116141"}],"wp:term":[{"taxonomy":"product_brand","embeddable":true,"href":"https:\/\/alcads.com\/hu\/wp-json\/wp\/v2\/product_brand?post=116141"},{"taxonomy":"product_cat","embeddable":true,"href":"https:\/\/alcads.com\/hu\/wp-json\/wp\/v2\/product_cat?post=116141"},{"taxonomy":"product_tag","embeddable":true,"href":"https:\/\/alcads.com\/hu\/wp-json\/wp\/v2\/product_tag?post=116141"}],"curies":[{"name":"wp","href":"https:\/\/api.w.org\/{rel}","templated":true}]}}