{"id":105350,"date":"2024-04-25T10:45:56","date_gmt":"2024-04-25T10:45:56","guid":{"rendered":"https:\/\/dev.alcads.com\/product\/upgrade-alcad-professional\/"},"modified":"2025-12-02T11:02:30","modified_gmt":"2025-12-02T11:02:30","slug":"upgrade-alcad-professional","status":"publish","type":"product","link":"https:\/\/alcads.com\/hu\/product\/upgrade-alcad-professional\/","title":{"rendered":"Friss\u00edt\u00e9s \u2013 ALCAD Professional 2026 CAD"},"content":{"rendered":"<p>Friss\u00edt\u00e9s az Friss\u00edt\u00e9s \u2013 ALCAD Professional 2026 CAD. \u00c1lland\u00f3 enged\u00e9ly. A friss\u00edt\u00e9s csak akkor lehets\u00e9ges, ha \u00d6n egy r\u00e9gi licenccel rendelkezik, p\u00e9ld\u00e1ul ALCAD 2021, ALCAD 2022, ALCAD 2023 vagy ALCAD 2024. Ez a friss\u00edt\u00e9s NEM \u00e9rv\u00e9nyes a MEP\/HVAC megold\u00e1sra. A v\u00e1s\u00e1rl\u00e1s ut\u00e1n a megl\u00e9v\u0151 r\u00e9gi licenc befagyaszt\u00e1sra ker\u00fcl, \u00e9s \u00d6n egy \u00faj licencet kap.<br \/>\nALCAD a legjobb AutoCAD alternat\u00edva. Ugyanaz a kezel\u0151fel\u00fclet \u00e9s funkci\u00f3k, mint az AutoCAD.<\/p>\n<p>Ez a term\u00e9k csak a CAD-et tartalmazza.<br \/>\nCompare-Table ALCAD with AutoCAD here:<br \/>\n<a href=\"https:\/\/alcads.com\/compare-alcad\/\" target=\"_blank\" rel=\"noopener\">ALCAD \u00f6sszehasonl\u00edt\u00e1sa | ALCAD (alcads.com)<\/a><\/p>\n<p><strong>ALCAD &#8211; a teljesen kompatibilis DWG-CAD<br \/>\nCAD-interf\u00e9sz \u00e9s az AutoCAD-del megegyez\u0151 funkci\u00f3k.<\/strong><\/p>\n<ul>\n<li>.DWG 2026 t\u00e1mogat\u00e1s<\/li>\n<li>Geolok\u00e1ci\u00f3 MAP-import<\/li>\n<li>PDF-b\u0151l DWG-be import\u00e1l\u00e1s<\/li>\n<li>LAYER-Manager<\/li>\n<li>XREF-Manager<\/li>\n<li>3D \u00e9p\u00edt\u00e9szet<\/li>\n<li>Teljes k\u00f6r\u0171 2D \u00e9s 3D eszk\u00f6z\u00f6k<\/li>\n<li>Raszterk\u00e9p-t\u00e1mogat\u00e1s<\/li>\n<li>BIM attach (rvt \u00e9s rfa)<\/li>\n<li>\u00daj dinamikus bemenet<\/li>\n<li>F\u00f6ldrajzi t\u00e9rk\u00e9p Helysz\u00edn \u00e9s k\u00e9p<\/li>\n<li>Digit\u00e1lis al\u00e1\u00edr\u00e1sok hozz\u00e1ad\u00e1sa<\/li>\n<li>V\u00e1zlatm\u00f3dok \u00e9s kiv\u00e1laszt\u00e1si fog\u00e1sok<\/li>\n<li>2D \u00e9s 3D PDF export\u00e1l\u00e1s<\/li>\n<li>LISP, IRX\/DRX, SDS<\/li>\n<li>\u00daj vizu\u00e1lis st\u00edlusok \u00e9s anyagok<\/li>\n<li>Realisztikus \u00e1br\u00e1zol\u00e1s<\/li>\n<li>Fejlett renderel\u00e9s kieg\u00e9sz\u00edt\u0151<\/li>\n<li>Microsoft VBA 7.1 \u00e9s .NET API<\/li>\n<li>etransmit t\u00e1mogat\u00e1s<\/li>\n<li>Sz\u00f6vegrobban\u00e1s \u00e9s gradiens hatch<\/li>\n<li>64-bites architekt\u00fara<\/li>\n<li>T\u00f6bbmagos t\u00e1mogat\u00e1s<\/li>\n<li>T\u00f6bbnyelv\u0171 t\u00e1mogat\u00e1s<\/li>\n<li>Rugalmas \u00f6nkiszolg\u00e1l\u00f3 licenc\u00e1tvitel. Nincs korl\u00e1toz\u00e1s az \u00e1tutal\u00e1sokra.<\/li>\n<li>(*) 2D\/3D MEP eset\u00e9n v\u00e1lassza az ALCAD Professional 2D\/3D-t az \u00f6sszes MEP pluginnal egy\u00fctt.<\/li>\n<\/ul>\n","protected":false},"excerpt":{"rendered":"<p>Friss\u00edt\u00e9s az Friss\u00edt\u00e9s \u2013 ALCAD Professional 2026 CAD. \u00c1lland\u00f3 enged\u00e9ly. A friss\u00edt\u00e9s csak akkor lehets\u00e9ges, ha \u00d6n egy r\u00e9gi licenccel rendelkezik, p\u00e9ld\u00e1ul ALCAD 2021, ALCAD 2022, ALCAD 2023 vagy ALCAD 2024. Ez a friss\u00edt\u00e9s NEM \u00e9rv\u00e9nyes a MEP\/HVAC megold\u00e1sra. A v\u00e1s\u00e1rl\u00e1s ut\u00e1n a megl\u00e9v\u0151 r\u00e9gi licenc befagyaszt\u00e1sra ker\u00fcl, \u00e9s \u00d6n egy \u00faj licencet kap. ALCAD [&hellip;]<\/p>\n","protected":false},"featured_media":96657,"comment_status":"closed","ping_status":"closed","template":"","meta":{"_acf_changed":false},"product_brand":[],"product_cat":[544],"product_tag":[],"class_list":{"0":"post-105350","1":"product","2":"type-product","3":"status-publish","4":"has-post-thumbnail","6":"product_cat-alcad-csomagok","8":"first","9":"instock","10":"taxable","11":"shipping-taxable","12":"purchasable","13":"product-type-simple"},"acf":[],"yoast_head":"<!-- This site is optimized with the Yoast SEO plugin v27.3 - https:\/\/yoast.com\/product\/yoast-seo-wordpress\/ -->\n<title>Friss\u00edt\u00e9s \u2013 ALCAD Professional 2026 CAD - Alcads<\/title>\n<meta name=\"description\" content=\"Az ALCAD 2024 Professional friss\u00edt\u00e9se 229 eur\u00f3\u00e9rt. \u00c9lvezze a fejlett 2D\/3D CAD funkci\u00f3kat, a DWG 2024 t\u00e1mogat\u00e1st \u00e9s a z\u00f6kken\u0151mentes AutoCAD kompatibilit\u00e1st. V\u00e1s\u00e1roljon most!\" \/>\n<meta name=\"robots\" content=\"index, follow, max-snippet:-1, max-image-preview:large, max-video-preview:-1\" \/>\n<link rel=\"canonical\" href=\"https:\/\/alcads.com\/hu\/product\/upgrade-alcad-professional\/\" \/>\n<meta property=\"og:locale\" content=\"hu_HU\" \/>\n<meta property=\"og:type\" content=\"article\" \/>\n<meta property=\"og:title\" content=\"Friss\u00edt\u00e9s \u2013 ALCAD Professional 2026 CAD - Alcads\" \/>\n<meta property=\"og:description\" content=\"Az ALCAD 2024 Professional friss\u00edt\u00e9se 229 eur\u00f3\u00e9rt. \u00c9lvezze a fejlett 2D\/3D CAD funkci\u00f3kat, a DWG 2024 t\u00e1mogat\u00e1st \u00e9s a z\u00f6kken\u0151mentes AutoCAD kompatibilit\u00e1st. V\u00e1s\u00e1roljon most!\" \/>\n<meta property=\"og:url\" content=\"https:\/\/alcads.com\/hu\/product\/upgrade-alcad-professional\/\" \/>\n<meta property=\"og:site_name\" content=\"Alcads\" \/>\n<meta property=\"article:modified_time\" content=\"2025-12-02T11:02:30+00:00\" \/>\n<meta property=\"og:image\" content=\"https:\/\/alcads.com\/wp-content\/uploads\/2024\/04\/AL_Logo_PNG_1-scaled.jpg\" \/>\n\t<meta property=\"og:image:width\" content=\"2560\" \/>\n\t<meta property=\"og:image:height\" content=\"2560\" \/>\n\t<meta property=\"og:image:type\" content=\"image\/jpeg\" \/>\n<meta name=\"twitter:card\" content=\"summary_large_image\" \/>\n<meta name=\"twitter:label1\" content=\"Becs\u00fclt olvas\u00e1si id\u0151\" \/>\n\t<meta name=\"twitter:data1\" content=\"2 perc\" \/>\n<script type=\"application\/ld+json\" class=\"yoast-schema-graph\">{\"@context\":\"https:\\\/\\\/schema.org\",\"@graph\":[{\"@type\":\"WebPage\",\"@id\":\"https:\\\/\\\/alcads.com\\\/hu\\\/product\\\/upgrade-alcad-professional\\\/\",\"url\":\"https:\\\/\\\/alcads.com\\\/hu\\\/product\\\/upgrade-alcad-professional\\\/\",\"name\":\"Friss\u00edt\u00e9s \u2013 ALCAD Professional 2026 CAD - Alcads\",\"isPartOf\":{\"@id\":\"https:\\\/\\\/alcads.com\\\/hu\\\/#website\"},\"primaryImageOfPage\":{\"@id\":\"https:\\\/\\\/alcads.com\\\/hu\\\/product\\\/upgrade-alcad-professional\\\/#primaryimage\"},\"image\":{\"@id\":\"https:\\\/\\\/alcads.com\\\/hu\\\/product\\\/upgrade-alcad-professional\\\/#primaryimage\"},\"thumbnailUrl\":\"https:\\\/\\\/alcads.com\\\/wp-content\\\/uploads\\\/2024\\\/04\\\/AL_Logo_PNG_1-scaled.jpg\",\"datePublished\":\"2024-04-25T10:45:56+00:00\",\"dateModified\":\"2025-12-02T11:02:30+00:00\",\"description\":\"Az ALCAD 2024 Professional friss\u00edt\u00e9se 229 eur\u00f3\u00e9rt. \u00c9lvezze a fejlett 2D\\\/3D CAD funkci\u00f3kat, a DWG 2024 t\u00e1mogat\u00e1st \u00e9s a z\u00f6kken\u0151mentes AutoCAD kompatibilit\u00e1st. V\u00e1s\u00e1roljon most!\",\"breadcrumb\":{\"@id\":\"https:\\\/\\\/alcads.com\\\/hu\\\/product\\\/upgrade-alcad-professional\\\/#breadcrumb\"},\"inLanguage\":\"hu\",\"potentialAction\":[{\"@type\":\"ReadAction\",\"target\":[\"https:\\\/\\\/alcads.com\\\/hu\\\/product\\\/upgrade-alcad-professional\\\/\"]}]},{\"@type\":\"ImageObject\",\"inLanguage\":\"hu\",\"@id\":\"https:\\\/\\\/alcads.com\\\/hu\\\/product\\\/upgrade-alcad-professional\\\/#primaryimage\",\"url\":\"https:\\\/\\\/alcads.com\\\/wp-content\\\/uploads\\\/2024\\\/04\\\/AL_Logo_PNG_1-scaled.jpg\",\"contentUrl\":\"https:\\\/\\\/alcads.com\\\/wp-content\\\/uploads\\\/2024\\\/04\\\/AL_Logo_PNG_1-scaled.jpg\",\"width\":2560,\"height\":2560,\"caption\":\"alcads log\u00f3\"},{\"@type\":\"BreadcrumbList\",\"@id\":\"https:\\\/\\\/alcads.com\\\/hu\\\/product\\\/upgrade-alcad-professional\\\/#breadcrumb\",\"itemListElement\":[{\"@type\":\"ListItem\",\"position\":1,\"name\":\"Home\",\"item\":\"https:\\\/\\\/alcads.com\\\/hu\\\/\"},{\"@type\":\"ListItem\",\"position\":2,\"name\":\"\u00c1ruh\u00e1z\",\"item\":\"https:\\\/\\\/alcads.com\\\/hu\\\/aruhaz\\\/\"},{\"@type\":\"ListItem\",\"position\":3,\"name\":\"Friss\u00edt\u00e9s \u2013 ALCAD Professional 2026 CAD\"}]},{\"@type\":\"WebSite\",\"@id\":\"https:\\\/\\\/alcads.com\\\/hu\\\/#website\",\"url\":\"https:\\\/\\\/alcads.com\\\/hu\\\/\",\"name\":\"Alcads\",\"description\":\"The Best AutoCAD Alternative\",\"publisher\":{\"@id\":\"https:\\\/\\\/alcads.com\\\/hu\\\/#organization\"},\"potentialAction\":[{\"@type\":\"SearchAction\",\"target\":{\"@type\":\"EntryPoint\",\"urlTemplate\":\"https:\\\/\\\/alcads.com\\\/hu\\\/?s={search_term_string}\"},\"query-input\":{\"@type\":\"PropertyValueSpecification\",\"valueRequired\":true,\"valueName\":\"search_term_string\"}}],\"inLanguage\":\"hu\"},{\"@type\":\"Organization\",\"@id\":\"https:\\\/\\\/alcads.com\\\/hu\\\/#organization\",\"name\":\"Alcads\",\"url\":\"https:\\\/\\\/alcads.com\\\/hu\\\/\",\"logo\":{\"@type\":\"ImageObject\",\"inLanguage\":\"hu\",\"@id\":\"https:\\\/\\\/alcads.com\\\/hu\\\/#\\\/schema\\\/logo\\\/image\\\/\",\"url\":\"https:\\\/\\\/alcads.com\\\/wp-content\\\/uploads\\\/2024\\\/05\\\/logo.png\",\"contentUrl\":\"https:\\\/\\\/alcads.com\\\/wp-content\\\/uploads\\\/2024\\\/05\\\/logo.png\",\"width\":122,\"height\":42,\"caption\":\"Alcads\"},\"image\":{\"@id\":\"https:\\\/\\\/alcads.com\\\/hu\\\/#\\\/schema\\\/logo\\\/image\\\/\"}}]}<\/script>\n<!-- \/ Yoast SEO plugin. -->","yoast_head_json":{"title":"Friss\u00edt\u00e9s \u2013 ALCAD Professional 2026 CAD - Alcads","description":"Az ALCAD 2024 Professional friss\u00edt\u00e9se 229 eur\u00f3\u00e9rt. \u00c9lvezze a fejlett 2D\/3D CAD funkci\u00f3kat, a DWG 2024 t\u00e1mogat\u00e1st \u00e9s a z\u00f6kken\u0151mentes AutoCAD kompatibilit\u00e1st. V\u00e1s\u00e1roljon most!","robots":{"index":"index","follow":"follow","max-snippet":"max-snippet:-1","max-image-preview":"max-image-preview:large","max-video-preview":"max-video-preview:-1"},"canonical":"https:\/\/alcads.com\/hu\/product\/upgrade-alcad-professional\/","og_locale":"hu_HU","og_type":"article","og_title":"Friss\u00edt\u00e9s \u2013 ALCAD Professional 2026 CAD - Alcads","og_description":"Az ALCAD 2024 Professional friss\u00edt\u00e9se 229 eur\u00f3\u00e9rt. \u00c9lvezze a fejlett 2D\/3D CAD funkci\u00f3kat, a DWG 2024 t\u00e1mogat\u00e1st \u00e9s a z\u00f6kken\u0151mentes AutoCAD kompatibilit\u00e1st. V\u00e1s\u00e1roljon most!","og_url":"https:\/\/alcads.com\/hu\/product\/upgrade-alcad-professional\/","og_site_name":"Alcads","article_modified_time":"2025-12-02T11:02:30+00:00","og_image":[{"width":2560,"height":2560,"url":"https:\/\/alcads.com\/wp-content\/uploads\/2024\/04\/AL_Logo_PNG_1-scaled.jpg","type":"image\/jpeg"}],"twitter_card":"summary_large_image","twitter_misc":{"Becs\u00fclt olvas\u00e1si id\u0151":"2 perc"},"schema":{"@context":"https:\/\/schema.org","@graph":[{"@type":"WebPage","@id":"https:\/\/alcads.com\/hu\/product\/upgrade-alcad-professional\/","url":"https:\/\/alcads.com\/hu\/product\/upgrade-alcad-professional\/","name":"Friss\u00edt\u00e9s \u2013 ALCAD Professional 2026 CAD - Alcads","isPartOf":{"@id":"https:\/\/alcads.com\/hu\/#website"},"primaryImageOfPage":{"@id":"https:\/\/alcads.com\/hu\/product\/upgrade-alcad-professional\/#primaryimage"},"image":{"@id":"https:\/\/alcads.com\/hu\/product\/upgrade-alcad-professional\/#primaryimage"},"thumbnailUrl":"https:\/\/alcads.com\/wp-content\/uploads\/2024\/04\/AL_Logo_PNG_1-scaled.jpg","datePublished":"2024-04-25T10:45:56+00:00","dateModified":"2025-12-02T11:02:30+00:00","description":"Az ALCAD 2024 Professional friss\u00edt\u00e9se 229 eur\u00f3\u00e9rt. \u00c9lvezze a fejlett 2D\/3D CAD funkci\u00f3kat, a DWG 2024 t\u00e1mogat\u00e1st \u00e9s a z\u00f6kken\u0151mentes AutoCAD kompatibilit\u00e1st. V\u00e1s\u00e1roljon most!","breadcrumb":{"@id":"https:\/\/alcads.com\/hu\/product\/upgrade-alcad-professional\/#breadcrumb"},"inLanguage":"hu","potentialAction":[{"@type":"ReadAction","target":["https:\/\/alcads.com\/hu\/product\/upgrade-alcad-professional\/"]}]},{"@type":"ImageObject","inLanguage":"hu","@id":"https:\/\/alcads.com\/hu\/product\/upgrade-alcad-professional\/#primaryimage","url":"https:\/\/alcads.com\/wp-content\/uploads\/2024\/04\/AL_Logo_PNG_1-scaled.jpg","contentUrl":"https:\/\/alcads.com\/wp-content\/uploads\/2024\/04\/AL_Logo_PNG_1-scaled.jpg","width":2560,"height":2560,"caption":"alcads log\u00f3"},{"@type":"BreadcrumbList","@id":"https:\/\/alcads.com\/hu\/product\/upgrade-alcad-professional\/#breadcrumb","itemListElement":[{"@type":"ListItem","position":1,"name":"Home","item":"https:\/\/alcads.com\/hu\/"},{"@type":"ListItem","position":2,"name":"\u00c1ruh\u00e1z","item":"https:\/\/alcads.com\/hu\/aruhaz\/"},{"@type":"ListItem","position":3,"name":"Friss\u00edt\u00e9s \u2013 ALCAD Professional 2026 CAD"}]},{"@type":"WebSite","@id":"https:\/\/alcads.com\/hu\/#website","url":"https:\/\/alcads.com\/hu\/","name":"Alcads","description":"The Best AutoCAD Alternative","publisher":{"@id":"https:\/\/alcads.com\/hu\/#organization"},"potentialAction":[{"@type":"SearchAction","target":{"@type":"EntryPoint","urlTemplate":"https:\/\/alcads.com\/hu\/?s={search_term_string}"},"query-input":{"@type":"PropertyValueSpecification","valueRequired":true,"valueName":"search_term_string"}}],"inLanguage":"hu"},{"@type":"Organization","@id":"https:\/\/alcads.com\/hu\/#organization","name":"Alcads","url":"https:\/\/alcads.com\/hu\/","logo":{"@type":"ImageObject","inLanguage":"hu","@id":"https:\/\/alcads.com\/hu\/#\/schema\/logo\/image\/","url":"https:\/\/alcads.com\/wp-content\/uploads\/2024\/05\/logo.png","contentUrl":"https:\/\/alcads.com\/wp-content\/uploads\/2024\/05\/logo.png","width":122,"height":42,"caption":"Alcads"},"image":{"@id":"https:\/\/alcads.com\/hu\/#\/schema\/logo\/image\/"}}]}},"jetpack_sharing_enabled":true,"_links":{"self":[{"href":"https:\/\/alcads.com\/hu\/wp-json\/wp\/v2\/product\/105350","targetHints":{"allow":["GET"]}}],"collection":[{"href":"https:\/\/alcads.com\/hu\/wp-json\/wp\/v2\/product"}],"about":[{"href":"https:\/\/alcads.com\/hu\/wp-json\/wp\/v2\/types\/product"}],"replies":[{"embeddable":true,"href":"https:\/\/alcads.com\/hu\/wp-json\/wp\/v2\/comments?post=105350"}],"wp:featuredmedia":[{"embeddable":true,"href":"https:\/\/alcads.com\/hu\/wp-json\/wp\/v2\/media\/96657"}],"wp:attachment":[{"href":"https:\/\/alcads.com\/hu\/wp-json\/wp\/v2\/media?parent=105350"}],"wp:term":[{"taxonomy":"product_brand","embeddable":true,"href":"https:\/\/alcads.com\/hu\/wp-json\/wp\/v2\/product_brand?post=105350"},{"taxonomy":"product_cat","embeddable":true,"href":"https:\/\/alcads.com\/hu\/wp-json\/wp\/v2\/product_cat?post=105350"},{"taxonomy":"product_tag","embeddable":true,"href":"https:\/\/alcads.com\/hu\/wp-json\/wp\/v2\/product_tag?post=105350"}],"curies":[{"name":"wp","href":"https:\/\/api.w.org\/{rel}","templated":true}]}}