{"id":105328,"date":"2024-05-01T07:20:36","date_gmt":"2024-05-01T07:20:36","guid":{"rendered":"https:\/\/dev.alcads.com\/product\/alcad-professional-2d-3d-with-all-2d-mep-plugins\/"},"modified":"2024-12-31T06:55:08","modified_gmt":"2024-12-31T06:55:08","slug":"alcad-professional-mep-2d","status":"publish","type":"product","link":"https:\/\/alcads.com\/hu\/product\/alcad-professional-mep-2d\/","title":{"rendered":"ALCAD Professional 2D\/3D az \u00f6sszes 2D MEP b\u0151v\u00edtm\u00e9nnyel &#8211; \u00e9ves licenc"},"content":{"rendered":"<p><strong>Minden inform\u00e1ci\u00f3 a MEP pluginekr\u0151l itt:<\/strong> <a href=\"https:\/\/alcads.com\/hu\/mep-bovitmenyek\/\">https:\/\/alcads.com\/hu\/mep-bovitmenyek\/<\/a> <\/p>\n<h6>ALCAD &#8211; a teljesen kompatibilis DWG-CAD tartalmazza az ALCAD 2D HVAC Plugins + 1&#8217;000 szimb\u00f3lumot.<\/h6>\n<ul>\n<li>ALCAD 2D HVAC pluginok<\/li>\n<li>1&#8217;000 szimb\u00f3lumok<\/li>\n<li>PDF-b\u0151l DWG-be import\u00e1l\u00e1s<\/li>\n<li>.DWG 2024 t\u00e1mogat\u00e1s<\/li>\n<li>Teljes k\u00f6r\u0171 2D \u00e9s 3D eszk\u00f6z\u00f6k (*)<\/li>\n<li>Raszterk\u00e9p-t\u00e1mogat\u00e1s<\/li>\n<li>BIM attach (rvt \u00e9s rfa)<\/li>\n<li>\u00daj dinamikus bemenet<\/li>\n<li>F\u00f6ldrajzi t\u00e9rk\u00e9p Helysz\u00edn \u00e9s k\u00e9p<\/li>\n<li>Digit\u00e1lis al\u00e1\u00edr\u00e1sok hozz\u00e1ad\u00e1sa<\/li>\n<li>V\u00e1zlatm\u00f3dok \u00e9s kiv\u00e1laszt\u00e1si fog\u00e1sok<\/li>\n<li>2D \u00e9s 3D PDF export\u00e1l\u00e1s<\/li>\n<li>LISP, IRX\/DRX, SDS<\/li>\n<li>\u00daj vizu\u00e1lis st\u00edlusok \u00e9s anyagok<\/li>\n<li>Realisztikus \u00e1br\u00e1zol\u00e1s<\/li>\n<li>Fejlett renderel\u00e9s kieg\u00e9sz\u00edt\u0151<\/li>\n<li>Microsoft VBA 7.1 \u00e9s .NET API<\/li>\n<li>etransmit t\u00e1mogat\u00e1s<\/li>\n<li>Sz\u00f6vegrobban\u00e1s \u00e9s gradiens hatch<\/li>\n<li>64-bites architekt\u00fara<\/li>\n<li>T\u00f6bbmagos t\u00e1mogat\u00e1s<\/li>\n<li>T\u00f6bbnyelv\u0171 t\u00e1mogat\u00e1s<\/li>\n<li>Rugalmas \u00f6nkiszolg\u00e1l\u00f3 licenc\u00e1tvitel. Nincs korl\u00e1toz\u00e1s az \u00e1tutal\u00e1sokra.<\/li>\n<\/ul>\n<p>  a 3D HVAC\/Plant Plugins, 3D szil\u00e1rdtestek, STEP Import\/Export, IFC \u00e9s Architecture 3D eset\u00e9ben v\u00e1lassza az ALCAD-ot 2D \u00e9s 3D MEP-vel A MEP verzi\u00f3 csak \u00e9ves licencben \u00e9rhet\u0151 el.<\/p>\n","protected":false},"excerpt":{"rendered":"<p>Professzion\u00e1lis CAD egyed\u00fcl\u00e1ll\u00f3 AI-vez\u00e9relt termel\u00e9kenys\u00e9gi eszk\u00f6zzel.<\/p>\n","protected":false},"featured_media":107903,"comment_status":"closed","ping_status":"closed","template":"","meta":{"_acf_changed":false},"product_brand":[],"product_cat":[1222],"product_tag":[],"class_list":{"0":"post-105328","1":"product","2":"type-product","3":"status-publish","4":"has-post-thumbnail","6":"product_cat-alcad-mep-hu","8":"first","9":"instock","10":"virtual","11":"purchasable","12":"product-type-simple"},"acf":[],"yoast_head":"<!-- This site is optimized with the Yoast SEO plugin v27.3 - https:\/\/yoast.com\/product\/yoast-seo-wordpress\/ -->\n<title>ALCAD Professional 2D\/3D az \u00f6sszes 2D MEP b\u0151v\u00edtm\u00e9nnyel - \u00e9ves licenc - Alcads<\/title>\n<meta name=\"description\" content=\"Az ALCAD 2D\/3D CAD MEP-b\u0151v\u00edtm\u00e9nyekkel eszk\u00f6z\u00f6ket biztos\u00edt HVAC-hoz, v\u00edzelvezet\u00e9shez, g\u00e1zvezet\u00e9kekhez \u00e9s egyebekhez. 1000 szimb\u00f3lumot, BIM csatol\u00e1st \u00e9s DWG 2024 t\u00e1mogat\u00e1st tartalmaz. Csak 399 \u20ac\/\u00e9v. V\u00e1s\u00e1roljon most!\" \/>\n<meta name=\"robots\" content=\"index, follow, max-snippet:-1, max-image-preview:large, max-video-preview:-1\" \/>\n<link rel=\"canonical\" href=\"https:\/\/alcads.com\/hu\/product\/alcad-professional-mep-2d\/\" \/>\n<meta property=\"og:locale\" content=\"hu_HU\" \/>\n<meta property=\"og:type\" content=\"article\" \/>\n<meta property=\"og:title\" content=\"ALCAD Professional 2D\/3D az \u00f6sszes 2D MEP b\u0151v\u00edtm\u00e9nnyel - \u00e9ves licenc - Alcads\" \/>\n<meta property=\"og:description\" content=\"Az ALCAD 2D\/3D CAD MEP-b\u0151v\u00edtm\u00e9nyekkel eszk\u00f6z\u00f6ket biztos\u00edt HVAC-hoz, v\u00edzelvezet\u00e9shez, g\u00e1zvezet\u00e9kekhez \u00e9s egyebekhez. 1000 szimb\u00f3lumot, BIM csatol\u00e1st \u00e9s DWG 2024 t\u00e1mogat\u00e1st tartalmaz. Csak 399 \u20ac\/\u00e9v. V\u00e1s\u00e1roljon most!\" \/>\n<meta property=\"og:url\" content=\"https:\/\/alcads.com\/hu\/product\/alcad-professional-mep-2d\/\" \/>\n<meta property=\"og:site_name\" content=\"Alcads\" \/>\n<meta property=\"article:modified_time\" content=\"2024-12-31T06:55:08+00:00\" \/>\n<meta property=\"og:image\" content=\"https:\/\/alcads.com\/wp-content\/uploads\/2024\/05\/compressed_image-92.webp\" \/>\n\t<meta property=\"og:image:width\" content=\"379\" \/>\n\t<meta property=\"og:image:height\" content=\"300\" \/>\n\t<meta property=\"og:image:type\" content=\"image\/webp\" \/>\n<meta name=\"twitter:card\" content=\"summary_large_image\" \/>\n<meta name=\"twitter:label1\" content=\"Becs\u00fclt olvas\u00e1si id\u0151\" \/>\n\t<meta name=\"twitter:data1\" content=\"1 perc\" \/>\n<script type=\"application\/ld+json\" class=\"yoast-schema-graph\">{\"@context\":\"https:\\\/\\\/schema.org\",\"@graph\":[{\"@type\":\"WebPage\",\"@id\":\"https:\\\/\\\/alcads.com\\\/hu\\\/product\\\/alcad-professional-mep-2d\\\/\",\"url\":\"https:\\\/\\\/alcads.com\\\/hu\\\/product\\\/alcad-professional-mep-2d\\\/\",\"name\":\"ALCAD Professional 2D\\\/3D az \u00f6sszes 2D MEP b\u0151v\u00edtm\u00e9nnyel - \u00e9ves licenc - Alcads\",\"isPartOf\":{\"@id\":\"https:\\\/\\\/alcads.com\\\/hu\\\/#website\"},\"primaryImageOfPage\":{\"@id\":\"https:\\\/\\\/alcads.com\\\/hu\\\/product\\\/alcad-professional-mep-2d\\\/#primaryimage\"},\"image\":{\"@id\":\"https:\\\/\\\/alcads.com\\\/hu\\\/product\\\/alcad-professional-mep-2d\\\/#primaryimage\"},\"thumbnailUrl\":\"https:\\\/\\\/alcads.com\\\/wp-content\\\/uploads\\\/2024\\\/05\\\/compressed_image-92.webp\",\"datePublished\":\"2024-05-01T07:20:36+00:00\",\"dateModified\":\"2024-12-31T06:55:08+00:00\",\"description\":\"Az ALCAD 2D\\\/3D CAD MEP-b\u0151v\u00edtm\u00e9nyekkel eszk\u00f6z\u00f6ket biztos\u00edt HVAC-hoz, v\u00edzelvezet\u00e9shez, g\u00e1zvezet\u00e9kekhez \u00e9s egyebekhez. 1000 szimb\u00f3lumot, BIM csatol\u00e1st \u00e9s DWG 2024 t\u00e1mogat\u00e1st tartalmaz. Csak 399 \u20ac\\\/\u00e9v. V\u00e1s\u00e1roljon most!\",\"breadcrumb\":{\"@id\":\"https:\\\/\\\/alcads.com\\\/hu\\\/product\\\/alcad-professional-mep-2d\\\/#breadcrumb\"},\"inLanguage\":\"hu\",\"potentialAction\":[{\"@type\":\"ReadAction\",\"target\":[\"https:\\\/\\\/alcads.com\\\/hu\\\/product\\\/alcad-professional-mep-2d\\\/\"]}]},{\"@type\":\"ImageObject\",\"inLanguage\":\"hu\",\"@id\":\"https:\\\/\\\/alcads.com\\\/hu\\\/product\\\/alcad-professional-mep-2d\\\/#primaryimage\",\"url\":\"https:\\\/\\\/alcads.com\\\/wp-content\\\/uploads\\\/2024\\\/05\\\/compressed_image-92.webp\",\"contentUrl\":\"https:\\\/\\\/alcads.com\\\/wp-content\\\/uploads\\\/2024\\\/05\\\/compressed_image-92.webp\",\"width\":379,\"height\":300,\"caption\":\"alcad professional mep 2d 3d\"},{\"@type\":\"BreadcrumbList\",\"@id\":\"https:\\\/\\\/alcads.com\\\/hu\\\/product\\\/alcad-professional-mep-2d\\\/#breadcrumb\",\"itemListElement\":[{\"@type\":\"ListItem\",\"position\":1,\"name\":\"Home\",\"item\":\"https:\\\/\\\/alcads.com\\\/hu\\\/\"},{\"@type\":\"ListItem\",\"position\":2,\"name\":\"\u00c1ruh\u00e1z\",\"item\":\"https:\\\/\\\/alcads.com\\\/hu\\\/aruhaz\\\/\"},{\"@type\":\"ListItem\",\"position\":3,\"name\":\"ALCAD Professional 2D\\\/3D az \u00f6sszes 2D MEP b\u0151v\u00edtm\u00e9nnyel &#8211; \u00e9ves licenc\"}]},{\"@type\":\"WebSite\",\"@id\":\"https:\\\/\\\/alcads.com\\\/hu\\\/#website\",\"url\":\"https:\\\/\\\/alcads.com\\\/hu\\\/\",\"name\":\"Alcads\",\"description\":\"The Best AutoCAD Alternative\",\"publisher\":{\"@id\":\"https:\\\/\\\/alcads.com\\\/hu\\\/#organization\"},\"potentialAction\":[{\"@type\":\"SearchAction\",\"target\":{\"@type\":\"EntryPoint\",\"urlTemplate\":\"https:\\\/\\\/alcads.com\\\/hu\\\/?s={search_term_string}\"},\"query-input\":{\"@type\":\"PropertyValueSpecification\",\"valueRequired\":true,\"valueName\":\"search_term_string\"}}],\"inLanguage\":\"hu\"},{\"@type\":\"Organization\",\"@id\":\"https:\\\/\\\/alcads.com\\\/hu\\\/#organization\",\"name\":\"Alcads\",\"url\":\"https:\\\/\\\/alcads.com\\\/hu\\\/\",\"logo\":{\"@type\":\"ImageObject\",\"inLanguage\":\"hu\",\"@id\":\"https:\\\/\\\/alcads.com\\\/hu\\\/#\\\/schema\\\/logo\\\/image\\\/\",\"url\":\"https:\\\/\\\/alcads.com\\\/wp-content\\\/uploads\\\/2024\\\/05\\\/logo.png\",\"contentUrl\":\"https:\\\/\\\/alcads.com\\\/wp-content\\\/uploads\\\/2024\\\/05\\\/logo.png\",\"width\":122,\"height\":42,\"caption\":\"Alcads\"},\"image\":{\"@id\":\"https:\\\/\\\/alcads.com\\\/hu\\\/#\\\/schema\\\/logo\\\/image\\\/\"}}]}<\/script>\n<!-- \/ Yoast SEO plugin. -->","yoast_head_json":{"title":"ALCAD Professional 2D\/3D az \u00f6sszes 2D MEP b\u0151v\u00edtm\u00e9nnyel - \u00e9ves licenc - Alcads","description":"Az ALCAD 2D\/3D CAD MEP-b\u0151v\u00edtm\u00e9nyekkel eszk\u00f6z\u00f6ket biztos\u00edt HVAC-hoz, v\u00edzelvezet\u00e9shez, g\u00e1zvezet\u00e9kekhez \u00e9s egyebekhez. 1000 szimb\u00f3lumot, BIM csatol\u00e1st \u00e9s DWG 2024 t\u00e1mogat\u00e1st tartalmaz. Csak 399 \u20ac\/\u00e9v. V\u00e1s\u00e1roljon most!","robots":{"index":"index","follow":"follow","max-snippet":"max-snippet:-1","max-image-preview":"max-image-preview:large","max-video-preview":"max-video-preview:-1"},"canonical":"https:\/\/alcads.com\/hu\/product\/alcad-professional-mep-2d\/","og_locale":"hu_HU","og_type":"article","og_title":"ALCAD Professional 2D\/3D az \u00f6sszes 2D MEP b\u0151v\u00edtm\u00e9nnyel - \u00e9ves licenc - Alcads","og_description":"Az ALCAD 2D\/3D CAD MEP-b\u0151v\u00edtm\u00e9nyekkel eszk\u00f6z\u00f6ket biztos\u00edt HVAC-hoz, v\u00edzelvezet\u00e9shez, g\u00e1zvezet\u00e9kekhez \u00e9s egyebekhez. 1000 szimb\u00f3lumot, BIM csatol\u00e1st \u00e9s DWG 2024 t\u00e1mogat\u00e1st tartalmaz. Csak 399 \u20ac\/\u00e9v. V\u00e1s\u00e1roljon most!","og_url":"https:\/\/alcads.com\/hu\/product\/alcad-professional-mep-2d\/","og_site_name":"Alcads","article_modified_time":"2024-12-31T06:55:08+00:00","og_image":[{"width":379,"height":300,"url":"https:\/\/alcads.com\/wp-content\/uploads\/2024\/05\/compressed_image-92.webp","type":"image\/webp"}],"twitter_card":"summary_large_image","twitter_misc":{"Becs\u00fclt olvas\u00e1si id\u0151":"1 perc"},"schema":{"@context":"https:\/\/schema.org","@graph":[{"@type":"WebPage","@id":"https:\/\/alcads.com\/hu\/product\/alcad-professional-mep-2d\/","url":"https:\/\/alcads.com\/hu\/product\/alcad-professional-mep-2d\/","name":"ALCAD Professional 2D\/3D az \u00f6sszes 2D MEP b\u0151v\u00edtm\u00e9nnyel - \u00e9ves licenc - Alcads","isPartOf":{"@id":"https:\/\/alcads.com\/hu\/#website"},"primaryImageOfPage":{"@id":"https:\/\/alcads.com\/hu\/product\/alcad-professional-mep-2d\/#primaryimage"},"image":{"@id":"https:\/\/alcads.com\/hu\/product\/alcad-professional-mep-2d\/#primaryimage"},"thumbnailUrl":"https:\/\/alcads.com\/wp-content\/uploads\/2024\/05\/compressed_image-92.webp","datePublished":"2024-05-01T07:20:36+00:00","dateModified":"2024-12-31T06:55:08+00:00","description":"Az ALCAD 2D\/3D CAD MEP-b\u0151v\u00edtm\u00e9nyekkel eszk\u00f6z\u00f6ket biztos\u00edt HVAC-hoz, v\u00edzelvezet\u00e9shez, g\u00e1zvezet\u00e9kekhez \u00e9s egyebekhez. 1000 szimb\u00f3lumot, BIM csatol\u00e1st \u00e9s DWG 2024 t\u00e1mogat\u00e1st tartalmaz. Csak 399 \u20ac\/\u00e9v. V\u00e1s\u00e1roljon most!","breadcrumb":{"@id":"https:\/\/alcads.com\/hu\/product\/alcad-professional-mep-2d\/#breadcrumb"},"inLanguage":"hu","potentialAction":[{"@type":"ReadAction","target":["https:\/\/alcads.com\/hu\/product\/alcad-professional-mep-2d\/"]}]},{"@type":"ImageObject","inLanguage":"hu","@id":"https:\/\/alcads.com\/hu\/product\/alcad-professional-mep-2d\/#primaryimage","url":"https:\/\/alcads.com\/wp-content\/uploads\/2024\/05\/compressed_image-92.webp","contentUrl":"https:\/\/alcads.com\/wp-content\/uploads\/2024\/05\/compressed_image-92.webp","width":379,"height":300,"caption":"alcad professional mep 2d 3d"},{"@type":"BreadcrumbList","@id":"https:\/\/alcads.com\/hu\/product\/alcad-professional-mep-2d\/#breadcrumb","itemListElement":[{"@type":"ListItem","position":1,"name":"Home","item":"https:\/\/alcads.com\/hu\/"},{"@type":"ListItem","position":2,"name":"\u00c1ruh\u00e1z","item":"https:\/\/alcads.com\/hu\/aruhaz\/"},{"@type":"ListItem","position":3,"name":"ALCAD Professional 2D\/3D az \u00f6sszes 2D MEP b\u0151v\u00edtm\u00e9nnyel &#8211; \u00e9ves licenc"}]},{"@type":"WebSite","@id":"https:\/\/alcads.com\/hu\/#website","url":"https:\/\/alcads.com\/hu\/","name":"Alcads","description":"The Best AutoCAD Alternative","publisher":{"@id":"https:\/\/alcads.com\/hu\/#organization"},"potentialAction":[{"@type":"SearchAction","target":{"@type":"EntryPoint","urlTemplate":"https:\/\/alcads.com\/hu\/?s={search_term_string}"},"query-input":{"@type":"PropertyValueSpecification","valueRequired":true,"valueName":"search_term_string"}}],"inLanguage":"hu"},{"@type":"Organization","@id":"https:\/\/alcads.com\/hu\/#organization","name":"Alcads","url":"https:\/\/alcads.com\/hu\/","logo":{"@type":"ImageObject","inLanguage":"hu","@id":"https:\/\/alcads.com\/hu\/#\/schema\/logo\/image\/","url":"https:\/\/alcads.com\/wp-content\/uploads\/2024\/05\/logo.png","contentUrl":"https:\/\/alcads.com\/wp-content\/uploads\/2024\/05\/logo.png","width":122,"height":42,"caption":"Alcads"},"image":{"@id":"https:\/\/alcads.com\/hu\/#\/schema\/logo\/image\/"}}]}},"jetpack_sharing_enabled":true,"_links":{"self":[{"href":"https:\/\/alcads.com\/hu\/wp-json\/wp\/v2\/product\/105328","targetHints":{"allow":["GET"]}}],"collection":[{"href":"https:\/\/alcads.com\/hu\/wp-json\/wp\/v2\/product"}],"about":[{"href":"https:\/\/alcads.com\/hu\/wp-json\/wp\/v2\/types\/product"}],"replies":[{"embeddable":true,"href":"https:\/\/alcads.com\/hu\/wp-json\/wp\/v2\/comments?post=105328"}],"wp:featuredmedia":[{"embeddable":true,"href":"https:\/\/alcads.com\/hu\/wp-json\/wp\/v2\/media\/107903"}],"wp:attachment":[{"href":"https:\/\/alcads.com\/hu\/wp-json\/wp\/v2\/media?parent=105328"}],"wp:term":[{"taxonomy":"product_brand","embeddable":true,"href":"https:\/\/alcads.com\/hu\/wp-json\/wp\/v2\/product_brand?post=105328"},{"taxonomy":"product_cat","embeddable":true,"href":"https:\/\/alcads.com\/hu\/wp-json\/wp\/v2\/product_cat?post=105328"},{"taxonomy":"product_tag","embeddable":true,"href":"https:\/\/alcads.com\/hu\/wp-json\/wp\/v2\/product_tag?post=105328"}],"curies":[{"name":"wp","href":"https:\/\/api.w.org\/{rel}","templated":true}]}}