{"id":105317,"date":"2024-05-01T07:23:12","date_gmt":"2024-05-01T07:23:12","guid":{"rendered":"https:\/\/dev.alcads.com\/product\/alcad-professional-mep-2d-3d\/"},"modified":"2024-12-31T07:44:00","modified_gmt":"2024-12-31T07:44:00","slug":"alcad-professional-mep-2d-3d","status":"publish","type":"product","link":"https:\/\/alcads.com\/hu\/product\/alcad-professional-mep-2d-3d\/","title":{"rendered":"ALCAD Professional 2D\/3D az \u00f6sszes 2D \u00e9s 3D MEP b\u0151v\u00edtm\u00e9nnyel &#8211; \u00e9ves licenc"},"content":{"rendered":"<p><strong>Minden inform\u00e1ci\u00f3 a MEP b\u0151v\u00edtm\u00e9nyekr\u0151l itt:<\/strong> <a href=\"https:\/\/alcads.com\/hu\/mep-bovitmenyek\/\">https:\/\/alcads.com\/hu\/mep-bovitmenyek\/<\/a> <\/p>\n<p><strong>ALCAD \u2013 a teljesen kompatibilis DWG-CAD tartalmazza az \u00f6sszes ALCAD MEP 2D \u00e9s 3D plugin-t + 1\u2019000 szimb\u00f3lumot.<\/strong><br \/>\nAz ALCAD Professional MEP 2D\/3D csak \u00e9ves licenc form\u00e1j\u00e1ban \u00e9rhet\u0151 el. Ez az \u00e1r tartalmazza a t\u00e1mogat\u00e1st \u00e9s a friss\u00edt\u00e9seket.<\/p>\n<ul>\n<li>Minden ALCAD 2D \u00e9s 3D MEP b\u0151v\u00edtm\u00e9ny<\/li>\n<li>1\u2019000 szimb\u00f3lumok<\/li>\n<li>PDF-b\u0151l DWG-be import\u00e1l\u00e1s<\/li>\n<li>.dwg 2024 T\u00e1mogat\u00e1s<\/li>\n<li>Teljes k\u00f6r\u0171 2D \u00e9s 3D eszk\u00f6z\u00f6k<\/li>\n<li>2D\/3D \u00e9p\u00edt\u00e9szet<\/li>\n<li>3D ACIS szil\u00e1rd testek<\/li>\n<li>BIM import (IFC, RVT)<\/li>\n<li>Szelv\u00e9nyvonalak l\u00e9trehoz\u00e1sa<\/li>\n<li>\u00daj dinamikus bemenet<\/li>\n<li>Digit\u00e1lis al\u00e1\u00edr\u00e1sok hozz\u00e1ad\u00e1sa<\/li>\n<li>V\u00e1zlatm\u00f3dok \u00e9s kiv\u00e1laszt\u00e1si fog\u00e1sok<\/li>\n<li>Raszterk\u00e9p-t\u00e1mogat\u00e1s<\/li>\n<li>2D \u00e9s 3D PDF export\u00e1l\u00e1s<\/li>\n<li>LISP, IRX\/DRX, SDS<\/li>\n<li>\u00daj vizu\u00e1lis st\u00edlusok \u00e9s anyagok<\/li>\n<li>Realisztikus \u00e1br\u00e1zol\u00e1s<\/li>\n<li>Fejlett renderel\u00e9s kieg\u00e9sz\u00edt\u0151<\/li>\n<li>etransmit t\u00e1mogat\u00e1s<\/li>\n<li>Sz\u00f6vegrobban\u00e1s \u00e9s gradiens hatch<\/li>\n<li>Microsoft VBA 7.1 \u00e9s .NET API<\/li>\n<li>64-bites architekt\u00fara<\/li>\n<li>T\u00f6bbmagos t\u00e1mogat\u00e1s<\/li>\n<li>T\u00f6bbnyelv\u0171 t\u00e1mogat\u00e1s<\/li>\n<li>\u2026\u00e9s m\u00e9g sok m\u00e1s!<\/li>\n<\/ul>\n","protected":false},"excerpt":{"rendered":"<p>Minden inform\u00e1ci\u00f3 a MEP b\u0151v\u00edtm\u00e9nyekr\u0151l itt: https:\/\/alcads.com\/hu\/mep-bovitmenyek\/ ALCAD \u2013 a teljesen kompatibilis DWG-CAD tartalmazza az \u00f6sszes ALCAD MEP 2D \u00e9s 3D plugin-t + 1\u2019000 szimb\u00f3lumot. Az ALCAD Professional MEP 2D\/3D csak \u00e9ves licenc form\u00e1j\u00e1ban \u00e9rhet\u0151 el. Ez az \u00e1r tartalmazza a t\u00e1mogat\u00e1st \u00e9s a friss\u00edt\u00e9seket. Minden ALCAD 2D \u00e9s 3D MEP b\u0151v\u00edtm\u00e9ny 1\u2019000 szimb\u00f3lumok PDF-b\u0151l [&hellip;]<\/p>\n","protected":false},"featured_media":108826,"comment_status":"closed","ping_status":"closed","template":"","meta":{"_acf_changed":false},"product_brand":[],"product_cat":[1222],"product_tag":[],"class_list":{"0":"post-105317","1":"product","2":"type-product","3":"status-publish","4":"has-post-thumbnail","6":"product_cat-alcad-mep-hu","8":"first","9":"instock","10":"downloadable","11":"virtual","12":"purchasable","13":"product-type-simple"},"acf":[],"yoast_head":"<!-- This site is optimized with the Yoast SEO plugin v27.3 - https:\/\/yoast.com\/product\/yoast-seo-wordpress\/ -->\n<title>ALCAD Professional 2D\/3D az \u00f6sszes 2D \u00e9s 3D MEP b\u0151v\u00edtm\u00e9nnyel - \u00e9ves licenc - Alcads<\/title>\n<meta name=\"description\" content=\"N\u00f6velje CAD k\u00e9pess\u00e9geit az ALCAD Professional 2D\/3D seg\u00edts\u00e9g\u00e9vel. Teljes MEP-b\u0151v\u00edtm\u00e9nyeket, t\u00f6bb mint 1000 szimb\u00f3lumot, BIM-import\u00e1l\u00e1st \u00e9s fejlett renderel\u0151eszk\u00f6z\u00f6ket tartalmaz. \u00c9ves licenc 499 \u20ac. V\u00e1s\u00e1roljon most!\" \/>\n<meta name=\"robots\" content=\"index, follow, max-snippet:-1, max-image-preview:large, max-video-preview:-1\" \/>\n<link rel=\"canonical\" href=\"https:\/\/alcads.com\/hu\/product\/alcad-professional-mep-2d-3d\/\" \/>\n<meta property=\"og:locale\" content=\"hu_HU\" \/>\n<meta property=\"og:type\" content=\"article\" \/>\n<meta property=\"og:title\" content=\"ALCAD Professional 2D\/3D az \u00f6sszes 2D \u00e9s 3D MEP b\u0151v\u00edtm\u00e9nnyel - \u00e9ves licenc - Alcads\" \/>\n<meta property=\"og:description\" content=\"N\u00f6velje CAD k\u00e9pess\u00e9geit az ALCAD Professional 2D\/3D seg\u00edts\u00e9g\u00e9vel. Teljes MEP-b\u0151v\u00edtm\u00e9nyeket, t\u00f6bb mint 1000 szimb\u00f3lumot, BIM-import\u00e1l\u00e1st \u00e9s fejlett renderel\u0151eszk\u00f6z\u00f6ket tartalmaz. \u00c9ves licenc 499 \u20ac. V\u00e1s\u00e1roljon most!\" \/>\n<meta property=\"og:url\" content=\"https:\/\/alcads.com\/hu\/product\/alcad-professional-mep-2d-3d\/\" \/>\n<meta property=\"og:site_name\" content=\"Alcads\" \/>\n<meta property=\"article:modified_time\" content=\"2024-12-31T07:44:00+00:00\" \/>\n<meta property=\"og:image\" content=\"https:\/\/alcads.com\/wp-content\/uploads\/2024\/05\/mep-2d-3d-1.png\" \/>\n\t<meta property=\"og:image:width\" content=\"550\" \/>\n\t<meta property=\"og:image:height\" content=\"429\" \/>\n\t<meta property=\"og:image:type\" content=\"image\/png\" \/>\n<meta name=\"twitter:card\" content=\"summary_large_image\" \/>\n<meta name=\"twitter:label1\" content=\"Becs\u00fclt olvas\u00e1si id\u0151\" \/>\n\t<meta name=\"twitter:data1\" content=\"1 perc\" \/>\n<script type=\"application\/ld+json\" class=\"yoast-schema-graph\">{\"@context\":\"https:\\\/\\\/schema.org\",\"@graph\":[{\"@type\":\"WebPage\",\"@id\":\"https:\\\/\\\/alcads.com\\\/hu\\\/product\\\/alcad-professional-mep-2d-3d\\\/\",\"url\":\"https:\\\/\\\/alcads.com\\\/hu\\\/product\\\/alcad-professional-mep-2d-3d\\\/\",\"name\":\"ALCAD Professional 2D\\\/3D az \u00f6sszes 2D \u00e9s 3D MEP b\u0151v\u00edtm\u00e9nnyel - \u00e9ves licenc - Alcads\",\"isPartOf\":{\"@id\":\"https:\\\/\\\/alcads.com\\\/hu\\\/#website\"},\"primaryImageOfPage\":{\"@id\":\"https:\\\/\\\/alcads.com\\\/hu\\\/product\\\/alcad-professional-mep-2d-3d\\\/#primaryimage\"},\"image\":{\"@id\":\"https:\\\/\\\/alcads.com\\\/hu\\\/product\\\/alcad-professional-mep-2d-3d\\\/#primaryimage\"},\"thumbnailUrl\":\"https:\\\/\\\/alcads.com\\\/wp-content\\\/uploads\\\/2024\\\/05\\\/mep-2d-3d-1.png\",\"datePublished\":\"2024-05-01T07:23:12+00:00\",\"dateModified\":\"2024-12-31T07:44:00+00:00\",\"description\":\"N\u00f6velje CAD k\u00e9pess\u00e9geit az ALCAD Professional 2D\\\/3D seg\u00edts\u00e9g\u00e9vel. Teljes MEP-b\u0151v\u00edtm\u00e9nyeket, t\u00f6bb mint 1000 szimb\u00f3lumot, BIM-import\u00e1l\u00e1st \u00e9s fejlett renderel\u0151eszk\u00f6z\u00f6ket tartalmaz. \u00c9ves licenc 499 \u20ac. V\u00e1s\u00e1roljon most!\",\"breadcrumb\":{\"@id\":\"https:\\\/\\\/alcads.com\\\/hu\\\/product\\\/alcad-professional-mep-2d-3d\\\/#breadcrumb\"},\"inLanguage\":\"hu\",\"potentialAction\":[{\"@type\":\"ReadAction\",\"target\":[\"https:\\\/\\\/alcads.com\\\/hu\\\/product\\\/alcad-professional-mep-2d-3d\\\/\"]}]},{\"@type\":\"ImageObject\",\"inLanguage\":\"hu\",\"@id\":\"https:\\\/\\\/alcads.com\\\/hu\\\/product\\\/alcad-professional-mep-2d-3d\\\/#primaryimage\",\"url\":\"https:\\\/\\\/alcads.com\\\/wp-content\\\/uploads\\\/2024\\\/05\\\/mep-2d-3d-1.png\",\"contentUrl\":\"https:\\\/\\\/alcads.com\\\/wp-content\\\/uploads\\\/2024\\\/05\\\/mep-2d-3d-1.png\",\"width\":550,\"height\":429,\"caption\":\"2D & 3D MEP Plugins\"},{\"@type\":\"BreadcrumbList\",\"@id\":\"https:\\\/\\\/alcads.com\\\/hu\\\/product\\\/alcad-professional-mep-2d-3d\\\/#breadcrumb\",\"itemListElement\":[{\"@type\":\"ListItem\",\"position\":1,\"name\":\"Home\",\"item\":\"https:\\\/\\\/alcads.com\\\/hu\\\/\"},{\"@type\":\"ListItem\",\"position\":2,\"name\":\"\u00c1ruh\u00e1z\",\"item\":\"https:\\\/\\\/alcads.com\\\/hu\\\/aruhaz\\\/\"},{\"@type\":\"ListItem\",\"position\":3,\"name\":\"ALCAD Professional 2D\\\/3D az \u00f6sszes 2D \u00e9s 3D MEP b\u0151v\u00edtm\u00e9nnyel &#8211; \u00e9ves licenc\"}]},{\"@type\":\"WebSite\",\"@id\":\"https:\\\/\\\/alcads.com\\\/hu\\\/#website\",\"url\":\"https:\\\/\\\/alcads.com\\\/hu\\\/\",\"name\":\"Alcads\",\"description\":\"The Best AutoCAD Alternative\",\"publisher\":{\"@id\":\"https:\\\/\\\/alcads.com\\\/hu\\\/#organization\"},\"potentialAction\":[{\"@type\":\"SearchAction\",\"target\":{\"@type\":\"EntryPoint\",\"urlTemplate\":\"https:\\\/\\\/alcads.com\\\/hu\\\/?s={search_term_string}\"},\"query-input\":{\"@type\":\"PropertyValueSpecification\",\"valueRequired\":true,\"valueName\":\"search_term_string\"}}],\"inLanguage\":\"hu\"},{\"@type\":\"Organization\",\"@id\":\"https:\\\/\\\/alcads.com\\\/hu\\\/#organization\",\"name\":\"Alcads\",\"url\":\"https:\\\/\\\/alcads.com\\\/hu\\\/\",\"logo\":{\"@type\":\"ImageObject\",\"inLanguage\":\"hu\",\"@id\":\"https:\\\/\\\/alcads.com\\\/hu\\\/#\\\/schema\\\/logo\\\/image\\\/\",\"url\":\"https:\\\/\\\/alcads.com\\\/wp-content\\\/uploads\\\/2024\\\/05\\\/logo.png\",\"contentUrl\":\"https:\\\/\\\/alcads.com\\\/wp-content\\\/uploads\\\/2024\\\/05\\\/logo.png\",\"width\":122,\"height\":42,\"caption\":\"Alcads\"},\"image\":{\"@id\":\"https:\\\/\\\/alcads.com\\\/hu\\\/#\\\/schema\\\/logo\\\/image\\\/\"}}]}<\/script>\n<!-- \/ Yoast SEO plugin. -->","yoast_head_json":{"title":"ALCAD Professional 2D\/3D az \u00f6sszes 2D \u00e9s 3D MEP b\u0151v\u00edtm\u00e9nnyel - \u00e9ves licenc - Alcads","description":"N\u00f6velje CAD k\u00e9pess\u00e9geit az ALCAD Professional 2D\/3D seg\u00edts\u00e9g\u00e9vel. Teljes MEP-b\u0151v\u00edtm\u00e9nyeket, t\u00f6bb mint 1000 szimb\u00f3lumot, BIM-import\u00e1l\u00e1st \u00e9s fejlett renderel\u0151eszk\u00f6z\u00f6ket tartalmaz. \u00c9ves licenc 499 \u20ac. V\u00e1s\u00e1roljon most!","robots":{"index":"index","follow":"follow","max-snippet":"max-snippet:-1","max-image-preview":"max-image-preview:large","max-video-preview":"max-video-preview:-1"},"canonical":"https:\/\/alcads.com\/hu\/product\/alcad-professional-mep-2d-3d\/","og_locale":"hu_HU","og_type":"article","og_title":"ALCAD Professional 2D\/3D az \u00f6sszes 2D \u00e9s 3D MEP b\u0151v\u00edtm\u00e9nnyel - \u00e9ves licenc - Alcads","og_description":"N\u00f6velje CAD k\u00e9pess\u00e9geit az ALCAD Professional 2D\/3D seg\u00edts\u00e9g\u00e9vel. Teljes MEP-b\u0151v\u00edtm\u00e9nyeket, t\u00f6bb mint 1000 szimb\u00f3lumot, BIM-import\u00e1l\u00e1st \u00e9s fejlett renderel\u0151eszk\u00f6z\u00f6ket tartalmaz. \u00c9ves licenc 499 \u20ac. V\u00e1s\u00e1roljon most!","og_url":"https:\/\/alcads.com\/hu\/product\/alcad-professional-mep-2d-3d\/","og_site_name":"Alcads","article_modified_time":"2024-12-31T07:44:00+00:00","og_image":[{"width":550,"height":429,"url":"https:\/\/alcads.com\/wp-content\/uploads\/2024\/05\/mep-2d-3d-1.png","type":"image\/png"}],"twitter_card":"summary_large_image","twitter_misc":{"Becs\u00fclt olvas\u00e1si id\u0151":"1 perc"},"schema":{"@context":"https:\/\/schema.org","@graph":[{"@type":"WebPage","@id":"https:\/\/alcads.com\/hu\/product\/alcad-professional-mep-2d-3d\/","url":"https:\/\/alcads.com\/hu\/product\/alcad-professional-mep-2d-3d\/","name":"ALCAD Professional 2D\/3D az \u00f6sszes 2D \u00e9s 3D MEP b\u0151v\u00edtm\u00e9nnyel - \u00e9ves licenc - Alcads","isPartOf":{"@id":"https:\/\/alcads.com\/hu\/#website"},"primaryImageOfPage":{"@id":"https:\/\/alcads.com\/hu\/product\/alcad-professional-mep-2d-3d\/#primaryimage"},"image":{"@id":"https:\/\/alcads.com\/hu\/product\/alcad-professional-mep-2d-3d\/#primaryimage"},"thumbnailUrl":"https:\/\/alcads.com\/wp-content\/uploads\/2024\/05\/mep-2d-3d-1.png","datePublished":"2024-05-01T07:23:12+00:00","dateModified":"2024-12-31T07:44:00+00:00","description":"N\u00f6velje CAD k\u00e9pess\u00e9geit az ALCAD Professional 2D\/3D seg\u00edts\u00e9g\u00e9vel. Teljes MEP-b\u0151v\u00edtm\u00e9nyeket, t\u00f6bb mint 1000 szimb\u00f3lumot, BIM-import\u00e1l\u00e1st \u00e9s fejlett renderel\u0151eszk\u00f6z\u00f6ket tartalmaz. \u00c9ves licenc 499 \u20ac. V\u00e1s\u00e1roljon most!","breadcrumb":{"@id":"https:\/\/alcads.com\/hu\/product\/alcad-professional-mep-2d-3d\/#breadcrumb"},"inLanguage":"hu","potentialAction":[{"@type":"ReadAction","target":["https:\/\/alcads.com\/hu\/product\/alcad-professional-mep-2d-3d\/"]}]},{"@type":"ImageObject","inLanguage":"hu","@id":"https:\/\/alcads.com\/hu\/product\/alcad-professional-mep-2d-3d\/#primaryimage","url":"https:\/\/alcads.com\/wp-content\/uploads\/2024\/05\/mep-2d-3d-1.png","contentUrl":"https:\/\/alcads.com\/wp-content\/uploads\/2024\/05\/mep-2d-3d-1.png","width":550,"height":429,"caption":"2D & 3D MEP Plugins"},{"@type":"BreadcrumbList","@id":"https:\/\/alcads.com\/hu\/product\/alcad-professional-mep-2d-3d\/#breadcrumb","itemListElement":[{"@type":"ListItem","position":1,"name":"Home","item":"https:\/\/alcads.com\/hu\/"},{"@type":"ListItem","position":2,"name":"\u00c1ruh\u00e1z","item":"https:\/\/alcads.com\/hu\/aruhaz\/"},{"@type":"ListItem","position":3,"name":"ALCAD Professional 2D\/3D az \u00f6sszes 2D \u00e9s 3D MEP b\u0151v\u00edtm\u00e9nnyel &#8211; \u00e9ves licenc"}]},{"@type":"WebSite","@id":"https:\/\/alcads.com\/hu\/#website","url":"https:\/\/alcads.com\/hu\/","name":"Alcads","description":"The Best AutoCAD Alternative","publisher":{"@id":"https:\/\/alcads.com\/hu\/#organization"},"potentialAction":[{"@type":"SearchAction","target":{"@type":"EntryPoint","urlTemplate":"https:\/\/alcads.com\/hu\/?s={search_term_string}"},"query-input":{"@type":"PropertyValueSpecification","valueRequired":true,"valueName":"search_term_string"}}],"inLanguage":"hu"},{"@type":"Organization","@id":"https:\/\/alcads.com\/hu\/#organization","name":"Alcads","url":"https:\/\/alcads.com\/hu\/","logo":{"@type":"ImageObject","inLanguage":"hu","@id":"https:\/\/alcads.com\/hu\/#\/schema\/logo\/image\/","url":"https:\/\/alcads.com\/wp-content\/uploads\/2024\/05\/logo.png","contentUrl":"https:\/\/alcads.com\/wp-content\/uploads\/2024\/05\/logo.png","width":122,"height":42,"caption":"Alcads"},"image":{"@id":"https:\/\/alcads.com\/hu\/#\/schema\/logo\/image\/"}}]}},"jetpack_sharing_enabled":true,"_links":{"self":[{"href":"https:\/\/alcads.com\/hu\/wp-json\/wp\/v2\/product\/105317","targetHints":{"allow":["GET"]}}],"collection":[{"href":"https:\/\/alcads.com\/hu\/wp-json\/wp\/v2\/product"}],"about":[{"href":"https:\/\/alcads.com\/hu\/wp-json\/wp\/v2\/types\/product"}],"replies":[{"embeddable":true,"href":"https:\/\/alcads.com\/hu\/wp-json\/wp\/v2\/comments?post=105317"}],"wp:featuredmedia":[{"embeddable":true,"href":"https:\/\/alcads.com\/hu\/wp-json\/wp\/v2\/media\/108826"}],"wp:attachment":[{"href":"https:\/\/alcads.com\/hu\/wp-json\/wp\/v2\/media?parent=105317"}],"wp:term":[{"taxonomy":"product_brand","embeddable":true,"href":"https:\/\/alcads.com\/hu\/wp-json\/wp\/v2\/product_brand?post=105317"},{"taxonomy":"product_cat","embeddable":true,"href":"https:\/\/alcads.com\/hu\/wp-json\/wp\/v2\/product_cat?post=105317"},{"taxonomy":"product_tag","embeddable":true,"href":"https:\/\/alcads.com\/hu\/wp-json\/wp\/v2\/product_tag?post=105317"}],"curies":[{"name":"wp","href":"https:\/\/api.w.org\/{rel}","templated":true}]}}