{"id":105273,"date":"2024-05-02T05:35:36","date_gmt":"2024-05-02T05:35:36","guid":{"rendered":"https:\/\/dev.alcads.com\/product\/online-coaching-training-2d-3-hours\/"},"modified":"2024-05-21T09:20:43","modified_gmt":"2024-05-21T09:20:43","slug":"online-coaching-trening-2d-3-ora","status":"publish","type":"product","link":"https:\/\/alcads.com\/hu\/product\/online-coaching-trening-2d-3-ora\/","title":{"rendered":"Online coaching\/k\u00e9pz\u00e9s 2D &#8211; 3 \u00f3ra"},"content":{"rendered":"<p>Haszn\u00e1lja ki online tr\u00e9ningjeinket\/coachingjainkat Zoom\/Teamviewer\/Anydesk vagy m\u00e1s t\u00e1voli szoftver seg\u00edts\u00e9g\u00e9vel.<br \/>\nA k\u00e9pz\u00e9s tartalma:<\/p>\n<ul>\n<li>ALCAD bevezet\u00e9s<\/li>\n<li>ALCAD felhaszn\u00e1l\u00f3i fel\u00fclet<\/li>\n<li>ALCAD be\u00e1ll\u00edt\u00e1sok<\/li>\n<li>2D bevezet\u00e9s<\/li>\n<li>2D konstrukci\u00f3k<\/li>\n<li>2D HVAC b\u0151v\u00edtm\u00e9nyek<\/li>\n<\/ul>\n","protected":false},"excerpt":{"rendered":"<p>3 \u00f3ra Online coaching\/k\u00e9pz\u00e9s 2D sz\u00e1m\u00e1ra<\/p>\n","protected":false},"featured_media":95711,"comment_status":"closed","ping_status":"closed","template":"","meta":{"_acf_changed":false},"product_brand":[],"product_cat":[1234],"product_tag":[],"class_list":{"0":"post-105273","1":"product","2":"type-product","3":"status-publish","4":"has-post-thumbnail","6":"product_cat-alcad-trainings-hu","8":"first","9":"instock","10":"downloadable","11":"virtual","12":"taxable","13":"purchasable","14":"product-type-simple"},"acf":[],"yoast_head":"<!-- This site is optimized with the Yoast SEO plugin v27.3 - https:\/\/yoast.com\/product\/yoast-seo-wordpress\/ -->\n<title>Online coaching\/k\u00e9pz\u00e9s 2D - 3 \u00f3ra - Alcads<\/title>\n<meta name=\"robots\" content=\"index, follow, max-snippet:-1, max-image-preview:large, max-video-preview:-1\" \/>\n<link rel=\"canonical\" href=\"https:\/\/alcads.com\/hu\/product\/online-coaching-trening-2d-3-ora\/\" \/>\n<meta property=\"og:locale\" content=\"hu_HU\" \/>\n<meta property=\"og:type\" content=\"article\" \/>\n<meta property=\"og:title\" content=\"Online coaching\/k\u00e9pz\u00e9s 2D - 3 \u00f3ra - Alcads\" \/>\n<meta property=\"og:description\" content=\"3 \u00f3ra Online coaching\/k\u00e9pz\u00e9s 2D sz\u00e1m\u00e1ra\" \/>\n<meta property=\"og:url\" content=\"https:\/\/alcads.com\/hu\/product\/online-coaching-trening-2d-3-ora\/\" \/>\n<meta property=\"og:site_name\" content=\"Alcads\" \/>\n<meta property=\"article:modified_time\" content=\"2024-05-21T09:20:43+00:00\" \/>\n<meta property=\"og:image\" content=\"https:\/\/alcads.com\/wp-content\/uploads\/2024\/04\/db178e_4768bfeef15445ada8d09a3c00f51913_mv2.webp\" \/>\n\t<meta property=\"og:image:width\" content=\"413\" \/>\n\t<meta property=\"og:image:height\" content=\"413\" \/>\n\t<meta property=\"og:image:type\" content=\"image\/webp\" \/>\n<meta name=\"twitter:card\" content=\"summary_large_image\" \/>\n<meta name=\"twitter:label1\" content=\"Becs\u00fclt olvas\u00e1si id\u0151\" \/>\n\t<meta name=\"twitter:data1\" content=\"1 perc\" \/>\n<script type=\"application\/ld+json\" class=\"yoast-schema-graph\">{\"@context\":\"https:\\\/\\\/schema.org\",\"@graph\":[{\"@type\":\"WebPage\",\"@id\":\"https:\\\/\\\/alcads.com\\\/hu\\\/product\\\/online-coaching-trening-2d-3-ora\\\/\",\"url\":\"https:\\\/\\\/alcads.com\\\/hu\\\/product\\\/online-coaching-trening-2d-3-ora\\\/\",\"name\":\"Online coaching\\\/k\u00e9pz\u00e9s 2D - 3 \u00f3ra - Alcads\",\"isPartOf\":{\"@id\":\"https:\\\/\\\/alcads.com\\\/hu\\\/#website\"},\"primaryImageOfPage\":{\"@id\":\"https:\\\/\\\/alcads.com\\\/hu\\\/product\\\/online-coaching-trening-2d-3-ora\\\/#primaryimage\"},\"image\":{\"@id\":\"https:\\\/\\\/alcads.com\\\/hu\\\/product\\\/online-coaching-trening-2d-3-ora\\\/#primaryimage\"},\"thumbnailUrl\":\"https:\\\/\\\/alcads.com\\\/wp-content\\\/uploads\\\/2024\\\/04\\\/db178e_4768bfeef15445ada8d09a3c00f51913_mv2.webp\",\"datePublished\":\"2024-05-02T05:35:36+00:00\",\"dateModified\":\"2024-05-21T09:20:43+00:00\",\"breadcrumb\":{\"@id\":\"https:\\\/\\\/alcads.com\\\/hu\\\/product\\\/online-coaching-trening-2d-3-ora\\\/#breadcrumb\"},\"inLanguage\":\"hu\",\"potentialAction\":[{\"@type\":\"ReadAction\",\"target\":[\"https:\\\/\\\/alcads.com\\\/hu\\\/product\\\/online-coaching-trening-2d-3-ora\\\/\"]}]},{\"@type\":\"ImageObject\",\"inLanguage\":\"hu\",\"@id\":\"https:\\\/\\\/alcads.com\\\/hu\\\/product\\\/online-coaching-trening-2d-3-ora\\\/#primaryimage\",\"url\":\"https:\\\/\\\/alcads.com\\\/wp-content\\\/uploads\\\/2024\\\/04\\\/db178e_4768bfeef15445ada8d09a3c00f51913_mv2.webp\",\"contentUrl\":\"https:\\\/\\\/alcads.com\\\/wp-content\\\/uploads\\\/2024\\\/04\\\/db178e_4768bfeef15445ada8d09a3c00f51913_mv2.webp\",\"width\":413,\"height\":413,\"caption\":\"online cad coaching\"},{\"@type\":\"BreadcrumbList\",\"@id\":\"https:\\\/\\\/alcads.com\\\/hu\\\/product\\\/online-coaching-trening-2d-3-ora\\\/#breadcrumb\",\"itemListElement\":[{\"@type\":\"ListItem\",\"position\":1,\"name\":\"Home\",\"item\":\"https:\\\/\\\/alcads.com\\\/hu\\\/\"},{\"@type\":\"ListItem\",\"position\":2,\"name\":\"\u00c1ruh\u00e1z\",\"item\":\"https:\\\/\\\/alcads.com\\\/hu\\\/aruhaz\\\/\"},{\"@type\":\"ListItem\",\"position\":3,\"name\":\"Online coaching\\\/k\u00e9pz\u00e9s 2D &#8211; 3 \u00f3ra\"}]},{\"@type\":\"WebSite\",\"@id\":\"https:\\\/\\\/alcads.com\\\/hu\\\/#website\",\"url\":\"https:\\\/\\\/alcads.com\\\/hu\\\/\",\"name\":\"Alcads\",\"description\":\"The Best AutoCAD Alternative\",\"publisher\":{\"@id\":\"https:\\\/\\\/alcads.com\\\/hu\\\/#organization\"},\"potentialAction\":[{\"@type\":\"SearchAction\",\"target\":{\"@type\":\"EntryPoint\",\"urlTemplate\":\"https:\\\/\\\/alcads.com\\\/hu\\\/?s={search_term_string}\"},\"query-input\":{\"@type\":\"PropertyValueSpecification\",\"valueRequired\":true,\"valueName\":\"search_term_string\"}}],\"inLanguage\":\"hu\"},{\"@type\":\"Organization\",\"@id\":\"https:\\\/\\\/alcads.com\\\/hu\\\/#organization\",\"name\":\"Alcads\",\"url\":\"https:\\\/\\\/alcads.com\\\/hu\\\/\",\"logo\":{\"@type\":\"ImageObject\",\"inLanguage\":\"hu\",\"@id\":\"https:\\\/\\\/alcads.com\\\/hu\\\/#\\\/schema\\\/logo\\\/image\\\/\",\"url\":\"https:\\\/\\\/alcads.com\\\/wp-content\\\/uploads\\\/2024\\\/05\\\/logo.png\",\"contentUrl\":\"https:\\\/\\\/alcads.com\\\/wp-content\\\/uploads\\\/2024\\\/05\\\/logo.png\",\"width\":122,\"height\":42,\"caption\":\"Alcads\"},\"image\":{\"@id\":\"https:\\\/\\\/alcads.com\\\/hu\\\/#\\\/schema\\\/logo\\\/image\\\/\"}}]}<\/script>\n<!-- \/ Yoast SEO plugin. -->","yoast_head_json":{"title":"Online coaching\/k\u00e9pz\u00e9s 2D - 3 \u00f3ra - Alcads","robots":{"index":"index","follow":"follow","max-snippet":"max-snippet:-1","max-image-preview":"max-image-preview:large","max-video-preview":"max-video-preview:-1"},"canonical":"https:\/\/alcads.com\/hu\/product\/online-coaching-trening-2d-3-ora\/","og_locale":"hu_HU","og_type":"article","og_title":"Online coaching\/k\u00e9pz\u00e9s 2D - 3 \u00f3ra - Alcads","og_description":"3 \u00f3ra Online coaching\/k\u00e9pz\u00e9s 2D sz\u00e1m\u00e1ra","og_url":"https:\/\/alcads.com\/hu\/product\/online-coaching-trening-2d-3-ora\/","og_site_name":"Alcads","article_modified_time":"2024-05-21T09:20:43+00:00","og_image":[{"width":413,"height":413,"url":"https:\/\/alcads.com\/wp-content\/uploads\/2024\/04\/db178e_4768bfeef15445ada8d09a3c00f51913_mv2.webp","type":"image\/webp"}],"twitter_card":"summary_large_image","twitter_misc":{"Becs\u00fclt olvas\u00e1si id\u0151":"1 perc"},"schema":{"@context":"https:\/\/schema.org","@graph":[{"@type":"WebPage","@id":"https:\/\/alcads.com\/hu\/product\/online-coaching-trening-2d-3-ora\/","url":"https:\/\/alcads.com\/hu\/product\/online-coaching-trening-2d-3-ora\/","name":"Online coaching\/k\u00e9pz\u00e9s 2D - 3 \u00f3ra - Alcads","isPartOf":{"@id":"https:\/\/alcads.com\/hu\/#website"},"primaryImageOfPage":{"@id":"https:\/\/alcads.com\/hu\/product\/online-coaching-trening-2d-3-ora\/#primaryimage"},"image":{"@id":"https:\/\/alcads.com\/hu\/product\/online-coaching-trening-2d-3-ora\/#primaryimage"},"thumbnailUrl":"https:\/\/alcads.com\/wp-content\/uploads\/2024\/04\/db178e_4768bfeef15445ada8d09a3c00f51913_mv2.webp","datePublished":"2024-05-02T05:35:36+00:00","dateModified":"2024-05-21T09:20:43+00:00","breadcrumb":{"@id":"https:\/\/alcads.com\/hu\/product\/online-coaching-trening-2d-3-ora\/#breadcrumb"},"inLanguage":"hu","potentialAction":[{"@type":"ReadAction","target":["https:\/\/alcads.com\/hu\/product\/online-coaching-trening-2d-3-ora\/"]}]},{"@type":"ImageObject","inLanguage":"hu","@id":"https:\/\/alcads.com\/hu\/product\/online-coaching-trening-2d-3-ora\/#primaryimage","url":"https:\/\/alcads.com\/wp-content\/uploads\/2024\/04\/db178e_4768bfeef15445ada8d09a3c00f51913_mv2.webp","contentUrl":"https:\/\/alcads.com\/wp-content\/uploads\/2024\/04\/db178e_4768bfeef15445ada8d09a3c00f51913_mv2.webp","width":413,"height":413,"caption":"online cad coaching"},{"@type":"BreadcrumbList","@id":"https:\/\/alcads.com\/hu\/product\/online-coaching-trening-2d-3-ora\/#breadcrumb","itemListElement":[{"@type":"ListItem","position":1,"name":"Home","item":"https:\/\/alcads.com\/hu\/"},{"@type":"ListItem","position":2,"name":"\u00c1ruh\u00e1z","item":"https:\/\/alcads.com\/hu\/aruhaz\/"},{"@type":"ListItem","position":3,"name":"Online coaching\/k\u00e9pz\u00e9s 2D &#8211; 3 \u00f3ra"}]},{"@type":"WebSite","@id":"https:\/\/alcads.com\/hu\/#website","url":"https:\/\/alcads.com\/hu\/","name":"Alcads","description":"The Best AutoCAD Alternative","publisher":{"@id":"https:\/\/alcads.com\/hu\/#organization"},"potentialAction":[{"@type":"SearchAction","target":{"@type":"EntryPoint","urlTemplate":"https:\/\/alcads.com\/hu\/?s={search_term_string}"},"query-input":{"@type":"PropertyValueSpecification","valueRequired":true,"valueName":"search_term_string"}}],"inLanguage":"hu"},{"@type":"Organization","@id":"https:\/\/alcads.com\/hu\/#organization","name":"Alcads","url":"https:\/\/alcads.com\/hu\/","logo":{"@type":"ImageObject","inLanguage":"hu","@id":"https:\/\/alcads.com\/hu\/#\/schema\/logo\/image\/","url":"https:\/\/alcads.com\/wp-content\/uploads\/2024\/05\/logo.png","contentUrl":"https:\/\/alcads.com\/wp-content\/uploads\/2024\/05\/logo.png","width":122,"height":42,"caption":"Alcads"},"image":{"@id":"https:\/\/alcads.com\/hu\/#\/schema\/logo\/image\/"}}]}},"jetpack_sharing_enabled":true,"_links":{"self":[{"href":"https:\/\/alcads.com\/hu\/wp-json\/wp\/v2\/product\/105273","targetHints":{"allow":["GET"]}}],"collection":[{"href":"https:\/\/alcads.com\/hu\/wp-json\/wp\/v2\/product"}],"about":[{"href":"https:\/\/alcads.com\/hu\/wp-json\/wp\/v2\/types\/product"}],"replies":[{"embeddable":true,"href":"https:\/\/alcads.com\/hu\/wp-json\/wp\/v2\/comments?post=105273"}],"wp:featuredmedia":[{"embeddable":true,"href":"https:\/\/alcads.com\/hu\/wp-json\/wp\/v2\/media\/95711"}],"wp:attachment":[{"href":"https:\/\/alcads.com\/hu\/wp-json\/wp\/v2\/media?parent=105273"}],"wp:term":[{"taxonomy":"product_brand","embeddable":true,"href":"https:\/\/alcads.com\/hu\/wp-json\/wp\/v2\/product_brand?post=105273"},{"taxonomy":"product_cat","embeddable":true,"href":"https:\/\/alcads.com\/hu\/wp-json\/wp\/v2\/product_cat?post=105273"},{"taxonomy":"product_tag","embeddable":true,"href":"https:\/\/alcads.com\/hu\/wp-json\/wp\/v2\/product_tag?post=105273"}],"curies":[{"name":"wp","href":"https:\/\/api.w.org\/{rel}","templated":true}]}}