{"id":97366,"date":"2024-04-23T05:31:04","date_gmt":"2024-04-23T05:31:04","guid":{"rendered":"https:\/\/dev.alcads.com\/privacy-policy\/"},"modified":"2025-01-02T09:24:38","modified_gmt":"2025-01-02T09:24:38","slug":"adatvedelmi-iranyelvek","status":"publish","type":"page","link":"https:\/\/alcads.com\/hu\/adatvedelmi-iranyelvek\/","title":{"rendered":"Adatv\u00e9delmi ir\u00e1nyelvek"},"content":{"rendered":"\r\n<p>Software Solution GmbH<br\/>Talacker 41<br\/>8001 Z\u00fcrich<br\/>Sv\u00e1jc<br\/><strong>E-mail<\/strong>: <a href=\"mailto:info@alcads.com\">info@alcads.com<\/a><\/p>\r\n\r\n<p><strong>C\u00e9gn\u00e9v<\/strong>: Software Solution GmbH<\/p>\r\n\r\n<p><strong>Adatv\u00e9delmi tisztvisel\u0151:<br\/><\/strong>Software Solution GmbH<br\/><a href=\"mailto:info@alcads.com\">info@alcads.com<\/a><\/p>\r\n\r\n<p><strong>\u00c1ltal\u00e1nos<\/strong><br\/>A sv\u00e1jci sz\u00f6vets\u00e9gi alkotm\u00e1ny 13. cikke \u00e9s a Sv\u00e1jci \u00c1llamsz\u00f6vets\u00e9g adatv\u00e9delmi rendelkez\u00e9sei (adatv\u00e9delmi t\u00f6rv\u00e9ny, DSG) alapj\u00e1n minden szem\u00e9lynek joga van a mag\u00e1n\u00e9let\u00e9nek v\u00e9delm\u00e9hez, valamint a szem\u00e9lyes adataival val\u00f3 vissza\u00e9l\u00e9ssel szembeni v\u00e9delemhez. Ezen oldalak \u00fczemeltet\u0151i nagyon komolyan veszik az \u00d6n szem\u00e9lyes adatainak v\u00e9delm\u00e9t. Szem\u00e9lyes adatait bizalmasan \u00e9s az adatv\u00e9delmi jogszab\u00e1lyoknak, valamint a jelen adatv\u00e9delmi szab\u00e1lyzatnak megfelel\u0151en kezelj\u00fck.<\/p>\r\n\r\n<p>A t\u00e1rhelyszolg\u00e1ltat\u00f3inkkal egy\u00fcttm\u0171k\u00f6dve mindent megtesz\u00fcnk annak \u00e9rdek\u00e9ben, hogy az adatb\u00e1zisokat a lehet\u0151 legjobban megv\u00e9dj\u00fck a jogosulatlan hozz\u00e1f\u00e9r\u00e9s, elveszt\u00e9s, vissza\u00e9l\u00e9s vagy hamis\u00edt\u00e1s ellen.<\/p>\r\n\r\n<p>Szeretn\u00e9nk felh\u00edvni a figyelmet arra, hogy az internetes adat\u00e1tvitel (pl. az e-mailben t\u00f6rt\u00e9n\u0151 kommunik\u00e1ci\u00f3) biztons\u00e1gi r\u00e9seket tartalmazhat. Az adatok teljes k\u00f6r\u0171 v\u00e9delme harmadik felek hozz\u00e1f\u00e9r\u00e9se ellen nem lehets\u00e9ges.<\/p>\r\n\r\n<p>A weboldal haszn\u00e1lat\u00e1val \u00d6n hozz\u00e1j\u00e1rul az adatok gy\u0171jt\u00e9s\u00e9hez, feldolgoz\u00e1s\u00e1hoz \u00e9s felhaszn\u00e1l\u00e1s\u00e1hoz az al\u00e1bbi le\u00edr\u00e1s szerint. Ez a weboldal \u00e1ltal\u00e1ban regisztr\u00e1ci\u00f3 n\u00e9lk\u00fcl l\u00e1togathat\u00f3. Az olyan adatokat, mint a megnyitott oldalak vagy a megnyitott f\u00e1jlok neve, d\u00e1tum \u00e9s id\u0151, statisztikai c\u00e9lokra t\u00e1rolja a szerver, an\u00e9lk\u00fcl, hogy ezek az adatok k\u00f6zvetlen\u00fcl az \u00d6n szem\u00e9ly\u00e9hez kapcsol\u00f3dn\u00e1nak. A szem\u00e9lyes adatok, k\u00fcl\u00f6n\u00f6sen a n\u00e9v, a c\u00edm vagy az e-mail c\u00edm gy\u0171jt\u00e9se, amennyire lehets\u00e9ges, \u00f6nk\u00e9ntes alapon t\u00f6rt\u00e9nik. Az \u00d6n hozz\u00e1j\u00e1rul\u00e1sa n\u00e9lk\u00fcl az adatokat nem adjuk \u00e1t harmadik f\u00e9lnek.<\/p>\r\n\r\n<p><strong>Szem\u00e9lyes adatok feldolgoz\u00e1sa<\/strong><br\/>Szem\u00e9lyes adatnak min\u0151s\u00fcl minden olyan inform\u00e1ci\u00f3, amely azonos\u00edtott vagy azonos\u00edthat\u00f3 szem\u00e9lyre vonatkozik. Az \u00e9rintett az a szem\u00e9ly, akir\u0151l szem\u00e9lyes adatokat kezelnek. A feldolgoz\u00e1s mag\u00e1ban foglalja a szem\u00e9lyes adatok b\u00e1rmilyen kezel\u00e9s\u00e9t, f\u00fcggetlen\u00fcl az alkalmazott eszk\u00f6z\u00f6kt\u0151l \u00e9s elj\u00e1r\u00e1sokt\u00f3l, k\u00fcl\u00f6n\u00f6sen a szem\u00e9lyes adatok t\u00e1rol\u00e1s\u00e1t, k\u00f6zl\u00e9s\u00e9t, megszerz\u00e9s\u00e9t, t\u00f6rl\u00e9s\u00e9t, t\u00e1rol\u00e1s\u00e1t, m\u00f3dos\u00edt\u00e1s\u00e1t, megsemmis\u00edt\u00e9s\u00e9t \u00e9s felhaszn\u00e1l\u00e1s\u00e1t.<\/p>\r\n\r\n<p>A szem\u00e9lyes adatokat a sv\u00e1jci adatv\u00e9delmi t\u00f6rv\u00e9nyeknek megfelel\u0151en kezelj\u00fck. Tov\u00e1bb\u00e1, amennyiben \u00e9s amennyire az EU GDPR alkalmazand\u00f3, a szem\u00e9lyes adatokat az al\u00e1bbi jogalapok szerint kezelj\u00fck az EU GDPR cikk\u00e9vel \u00f6sszef\u00fcgg\u00e9sben. GDPR 6. CIKK\u00c9NEK (1) BEKEZD\u00c9SE ALAPJ\u00c1N:<br\/>lit. a) Szem\u00e9lyes adatok kezel\u00e9se az \u00e9rintett hozz\u00e1j\u00e1rul\u00e1s\u00e1val.<br\/>lit. b) Szem\u00e9lyes adatok feldolgoz\u00e1sa az \u00e9rintettel k\u00f6t\u00f6tt szerz\u0151d\u00e9s teljes\u00edt\u00e9se, valamint a megfelel\u0151 szerz\u0151d\u00e9sk\u00f6t\u00e9st megel\u0151z\u0151 int\u00e9zked\u00e9sek v\u00e9grehajt\u00e1sa c\u00e9lj\u00e1b\u00f3l.<br\/>lit. c) Szem\u00e9lyes adatok feldolgoz\u00e1sa olyan jogi k\u00f6telezetts\u00e9g teljes\u00edt\u00e9se c\u00e9lj\u00e1b\u00f3l, amelyre az EU b\u00e1rmely alkalmazand\u00f3 jogszab\u00e1lya vagy egy olyan orsz\u00e1g alkalmazand\u00f3 jogszab\u00e1lya alapj\u00e1n vagyunk k\u00f6telesek, amelyben a GDPR r\u00e9szben vagy eg\u00e9szben alkalmazand\u00f3.<br\/>lit. d) Szem\u00e9lyes adatok kezel\u00e9se az \u00e9rintett vagy m\u00e1s term\u00e9szetes szem\u00e9ly l\u00e9tfontoss\u00e1g\u00fa \u00e9rdekeinek v\u00e9delme \u00e9rdek\u00e9ben.<br\/>lit. f) Szem\u00e9lyes adatok feldolgoz\u00e1sa a mi vagy harmadik felek jogos \u00e9rdekeinek v\u00e9delme \u00e9rdek\u00e9ben, kiv\u00e9ve, ha az \u00e9rintett alapvet\u0151 szabads\u00e1gai, jogai \u00e9s \u00e9rdekei els\u0151bbs\u00e9get \u00e9lveznek. A jogos \u00e9rdekek k\u00f6z\u00e9 tartozik k\u00fcl\u00f6n\u00f6sen a weboldalunk biztos\u00edt\u00e1s\u00e1hoz f\u0171z\u0151d\u0151 \u00fczleti \u00e9rdek\u00fcnk, az inform\u00e1ci\u00f3biztons\u00e1g, saj\u00e1t jogi k\u00f6vetel\u00e9seink \u00e9rv\u00e9nyes\u00edt\u00e9se \u00e9s a sv\u00e1jci t\u00f6rv\u00e9nyeknek val\u00f3 megfelel\u00e9s.<\/p>\r\n\r\n<p>A szem\u00e9lyes adatokat az adott c\u00e9lhoz vagy c\u00e9lokhoz sz\u00fcks\u00e9ges ideig kezelj\u00fck. A r\u00e1nk vonatkoz\u00f3 jogi \u00e9s egy\u00e9b k\u00f6telezetts\u00e9gekb\u0151l ered\u0151 hosszabb t\u00e1v\u00fa meg\u0151rz\u00e9si k\u00f6telezetts\u00e9gek eset\u00e9n a feldolgoz\u00e1st ennek megfelel\u0151en korl\u00e1tozzuk.<\/p>\r\n\r\n<p><strong>S\u00fctik<\/strong><br\/>Ez a weboldal s\u00fctiket haszn\u00e1l. Ezek olyan kis sz\u00f6veges f\u00e1jlok, amelyek lehet\u0151v\u00e9 teszik a felhaszn\u00e1l\u00f3val kapcsolatos konkr\u00e9t inform\u00e1ci\u00f3k t\u00e1rol\u00e1s\u00e1t a felhaszn\u00e1l\u00f3 v\u00e9gberendez\u00e9s\u00e9n, mik\u00f6zben a felhaszn\u00e1l\u00f3 a weboldalt haszn\u00e1lja. A s\u00fctik lehet\u0151v\u00e9 teszik k\u00fcl\u00f6n\u00f6sen az oldalak haszn\u00e1lati gyakoris\u00e1g\u00e1nak \u00e9s a felhaszn\u00e1l\u00f3k sz\u00e1m\u00e1nak meghat\u00e1roz\u00e1s\u00e1t, az oldalhaszn\u00e1lat viselked\u00e9si mint\u00e1inak elemz\u00e9s\u00e9t, de azt is, hogy aj\u00e1nlatunkat \u00fcgyf\u00e9lbar\u00e1tabb\u00e1 tegy\u00fck. A s\u00fctik a b\u00f6ng\u00e9sz\u0151 munkamenet v\u00e9ge ut\u00e1n is t\u00e1rolva maradnak, \u00e9s a webhely \u00fajb\u00f3li megl\u00e1togat\u00e1sakor visszakereshet\u0151k. Ha nem szeretn\u00e9, hogy ez megt\u00f6rt\u00e9njen, \u00e1ll\u00edtsa be az internetb\u00f6ng\u00e9sz\u0151j\u00e9t \u00fagy, hogy az ne fogadja el a s\u00fctiket.<\/p>\r\n\r\n<p>Az online marketing c\u00e9lokra haszn\u00e1lt s\u00fctik haszn\u00e1lata elleni \u00e1ltal\u00e1nos tiltakoz\u00e1s a szolg\u00e1ltat\u00e1sok nagy r\u00e9sz\u00e9n\u00e9l, k\u00fcl\u00f6n\u00f6sen a nyomon k\u00f6vet\u00e9s eset\u00e9ben, az Egyes\u00fclt \u00c1llamokban a <a href=\"http:\/\/www.aboutads.info\/choices\/\">http:\/\/www.aboutads.info\/choices\/<\/a> vagy az EU-ban a <a href=\"http:\/\/www.youronlinechoices.com\/\">http:\/\/www.youronlinechoices.com\/<\/a> oldalon kereszt\u00fcl jelenthet\u0151 be. A s\u00fctik t\u00e1rol\u00e1sa tov\u00e1bb\u00e1 a b\u00f6ng\u00e9sz\u0151 be\u00e1ll\u00edt\u00e1saiban t\u00f6rt\u00e9n\u0151 letilt\u00e1ssal is el\u00e9rhet\u0151. Felh\u00edvjuk figyelm\u00e9t, hogy ebben az esetben az online aj\u00e1nlat nem minden funkci\u00f3ja haszn\u00e1lhat\u00f3.<\/p>\r\n\r\n<p><strong>SSL\/TLS titkos\u00edt\u00e1ssal<\/strong><br\/>Ez a weboldal biztons\u00e1gi okokb\u00f3l \u00e9s a bizalmas tartalmak, p\u00e9ld\u00e1ul az \u00d6n \u00e1ltal nek\u00fcnk, mint a weboldal \u00fczemeltet\u0151j\u00e9nek k\u00fcld\u00f6tt k\u00e9r\u00e9sek tov\u00e1bb\u00edt\u00e1s\u00e1nak v\u00e9delme \u00e9rdek\u00e9ben SSL\/TLS titkos\u00edt\u00e1st haszn\u00e1l. A titkos\u00edtott kapcsolatot arr\u00f3l ismerheti fel, hogy a b\u00f6ng\u00e9sz\u0151 c\u00edmsor\u00e1ban a &#8220;&#8221;http:\/\/&#8221;&#8221; helyett &#8220;&#8221;https:\/\/&#8221;&#8221; szerepel, valamint a b\u00f6ng\u00e9sz\u0151 sor\u00e1ban megjelen\u0151 lakat szimb\u00f3lumr\u00f3l.<\/p>\r\n\r\n<p>Ha az SSL- vagy TLS-titkos\u00edt\u00e1s aktiv\u00e1lva van, az \u00d6n \u00e1ltal nek\u00fcnk tov\u00e1bb\u00edtott adatokat harmadik f\u00e9l nem tudja elolvasni.<\/p>\r\n\r\n<p><strong>Kapcsolatfelv\u00e9teli \u0171rlap<\/strong><br\/>Ha a kapcsolatfelv\u00e9teli \u0171rlapon kereszt\u00fcl k\u00fcld nek\u00fcnk megkeres\u00e9st, a megkeres\u00e9si \u0171rlapon megadott adatait, bele\u00e9rtve az ott megadott el\u00e9rhet\u0151s\u00e9gi adatokat is, a megkeres\u00e9s feldolgoz\u00e1sa \u00e9s a tov\u00e1bbi k\u00e9rd\u00e9sek eset\u00e9n t\u00e1roljuk. Ezeket az adatokat az \u00d6n hozz\u00e1j\u00e1rul\u00e1sa n\u00e9lk\u00fcl nem adjuk tov\u00e1bb.<\/p>\r\n\r\n<p><strong>H\u00edrlev\u00e9l<\/strong><br\/>Ha szeretn\u00e9 megkapni a weboldalon tal\u00e1lhat\u00f3 h\u00edrlevelet, k\u00e9rj\u00fck, adja meg e-mail c\u00edm\u00e9t, valamint olyan adatokat, amelyek seg\u00edts\u00e9g\u00e9vel ellen\u0151rizz\u00fck, hogy \u00d6n a megadott e-mail c\u00edm birtokosa \u00e9s beleegyezik a h\u00edrlev\u00e9l k\u00fcld\u00e9s\u00e9be. Tov\u00e1bbi adatok gy\u0171jt\u00e9s\u00e9re nem ker\u00fcl sor. Ezeket az adatokat kiz\u00e1r\u00f3lag a k\u00e9rt inform\u00e1ci\u00f3k elk\u00fcld\u00e9s\u00e9re haszn\u00e1ljuk fel, \u00e9s nem adjuk tov\u00e1bb harmadik f\u00e9lnek.<\/p>\r\n\r\n<p>Az adatok t\u00e1rol\u00e1s\u00e1hoz, az e-mail c\u00edmhez \u00e9s a h\u00edrlev\u00e9l k\u00fcld\u00e9s\u00e9hez t\u00f6rt\u00e9n\u0151 felhaszn\u00e1l\u00e1s\u00e1hoz adott hozz\u00e1j\u00e1rul\u00e1s\u00e1t b\u00e1rmikor visszavonhatja, p\u00e9ld\u00e1ul a h\u00edrlev\u00e9lben tal\u00e1lhat\u00f3 &#8220;&#8221;leiratkoz\u00e1si link&#8221;&#8221; seg\u00edts\u00e9g\u00e9vel.<\/p>\r\n\r\n<p><strong>Szerz\u0151i jogok<\/strong><br\/>A weboldalon tal\u00e1lhat\u00f3 tartalmak, k\u00e9pek, fot\u00f3k \u00e9s egy\u00e9b f\u00e1jlok szerz\u0151i joga \u00e9s minden egy\u00e9b jog kiz\u00e1r\u00f3lag a weboldal \u00fczemeltet\u0151j\u00e9t vagy a konkr\u00e9tan megnevezett szerz\u0151i jogtulajdonosokat illeti meg. Minden f\u00e1jl sokszoros\u00edt\u00e1s\u00e1hoz el\u0151zetesen be kell szerezni a szerz\u0151i jog tulajdonos\u00e1nak \u00edr\u00e1sbeli hozz\u00e1j\u00e1rul\u00e1s\u00e1t.<br\/>B\u00e1rki, aki a szerz\u0151i jog jogosultj\u00e1nak beleegyez\u00e9se n\u00e9lk\u00fcl k\u00f6vet el szerz\u0151i jogs\u00e9rt\u00e9st, b\u00fcntet\u0151elj\u00e1r\u00e1s al\u00e1 vonhat\u00f3 \u00e9s esetleg k\u00e1rt\u00e9r\u00edt\u00e9sre k\u00f6telezhet\u0151.<\/p>\r\n\r\n<p><strong>Felel\u0151ss\u00e9gi nyilatkozat<\/strong><br\/>A weboldalunkon tal\u00e1lhat\u00f3 \u00f6sszes inform\u00e1ci\u00f3t gondosan ellen\u0151rizt\u00fck. Mindent megtesz\u00fcnk annak \u00e9rdek\u00e9ben, hogy az \u00e1ltalunk megadott inform\u00e1ci\u00f3k naprak\u00e9szek, pontosak \u00e9s teljesek legyenek. Mindazon\u00e1ltal a hib\u00e1k el\u0151fordul\u00e1sa nem z\u00e1rhat\u00f3 ki teljesen, \u00edgy nem tudjuk garant\u00e1lni az inform\u00e1ci\u00f3k teljess\u00e9g\u00e9t, pontoss\u00e1g\u00e1t \u00e9s id\u0151szer\u0171s\u00e9g\u00e9t, bele\u00e9rtve az \u00fajs\u00e1g\u00edr\u00f3i-szerkeszt\u0151i jelleg\u0171 inform\u00e1ci\u00f3kat is. A megadott inform\u00e1ci\u00f3k felhaszn\u00e1l\u00e1sa \u00e1ltal okozott k\u00e1rokkal kapcsolatos felel\u0151ss\u00e9gre vonatkoz\u00f3 ig\u00e9nyeket &#8211; bele\u00e9rtve a hi\u00e1nyos vagy helytelen inform\u00e1ci\u00f3kat is &#8211; ez\u00e9rt elutas\u00edtjuk.<br\/>A kiad\u00f3 saj\u00e1t bel\u00e1t\u00e1sa szerint \u00e9s el\u0151zetes \u00e9rtes\u00edt\u00e9s n\u00e9lk\u00fcl megv\u00e1ltoztathatja vagy t\u00f6r\u00f6lheti a sz\u00f6vegeket, \u00e9s nem k\u00f6teles friss\u00edteni a weboldal tartalm\u00e1t. A weboldal haszn\u00e1lata vagy az ahhoz val\u00f3 hozz\u00e1f\u00e9r\u00e9s a l\u00e1togat\u00f3 saj\u00e1t felel\u0151ss\u00e9g\u00e9re t\u00f6rt\u00e9nik. A kiad\u00f3, annak \u00fcgyfelei vagy partnerei nem felel\u0151sek az olyan k\u00e1rok\u00e9rt, mint a k\u00f6zvetlen, k\u00f6zvetett, v\u00e9letlen, k\u00f6vetkezm\u00e9nyes vagy b\u00fcntet\u0151 jelleg\u0171 k\u00e1rok, amelyeket \u00e1ll\u00edt\u00f3lagosan a weboldal l\u00e1togat\u00e1sa okoz, \u00e9s k\u00f6vetkez\u00e9sk\u00e9ppen nem v\u00e1llalnak felel\u0151ss\u00e9get az ilyen k\u00e1rok\u00e9rt.<br\/>A kiad\u00f3 nem v\u00e1llal felel\u0151ss\u00e9get \u00e9s felel\u0151ss\u00e9get a weboldalon tal\u00e1lhat\u00f3 k\u00fcls\u0151 linkeken kereszt\u00fcl el\u00e9rhet\u0151 harmadik f\u00e9l weboldalainak tartalm\u00e1\u00e9rt \u00e9s el\u00e9rhet\u0151s\u00e9g\u00e9\u00e9rt. A hivatkozott oldalak tartalm\u00e1\u00e9rt kiz\u00e1r\u00f3lag a hivatkozott oldalak \u00fczemeltet\u0151i felel\u0151sek. A kiad\u00f3 teh\u00e1t kifejezetten elhat\u00e1rol\u00f3dik minden olyan harmadik f\u00e9lt\u0151l sz\u00e1rmaz\u00f3 tartalomt\u00f3l, amely b\u00fcntet\u0151jogilag vagy felel\u0151ss\u00e9gre von\u00e1si jogilag relev\u00e1ns lehet, vagy amely s\u00e9rtheti a j\u00f3 erk\u00f6lcs\u00f6t.<\/p>\r\n\r\n<p><strong>Felel\u0151ss\u00e9gi nyilatkozat<\/strong><br\/>A szerz\u0151 nem v\u00e1llal felel\u0151ss\u00e9get az inform\u00e1ci\u00f3k helyess\u00e9g\u00e9\u00e9rt, pontoss\u00e1g\u00e1\u00e9rt, id\u0151szer\u0171s\u00e9g\u00e9\u00e9rt, megb\u00edzhat\u00f3s\u00e1g\u00e1\u00e9rt \u00e9s teljess\u00e9g\u00e9\u00e9rt.<br\/>A szerz\u0151vel szembeni, a k\u00f6zz\u00e9tett inform\u00e1ci\u00f3khoz val\u00f3 hozz\u00e1f\u00e9r\u00e9sb\u0151l, azok haszn\u00e1lat\u00e1b\u00f3l vagy nem haszn\u00e1lat\u00e1b\u00f3l, a kapcsolat helytelen haszn\u00e1lat\u00e1b\u00f3l vagy a m\u0171szaki hib\u00e1kb\u00f3l ered\u0151 vagyoni vagy nem vagyoni k\u00e1rok\u00e9rt val\u00f3 felel\u0151ss\u00e9gre von\u00e1s kiz\u00e1rt.<\/p>\r\n\r\n<p>Minden aj\u00e1nlat nem k\u00f6telez\u0151 \u00e9rv\u00e9ny\u0171. A szerz\u0151 kifejezetten fenntartja mag\u00e1nak a jogot, hogy el\u0151zetes \u00e9rtes\u00edt\u00e9s n\u00e9lk\u00fcl megv\u00e1ltoztassa, kieg\u00e9sz\u00edtse vagy t\u00f6r\u00f6lje az oldalak egyes r\u00e9szeit vagy a teljes aj\u00e1nlatot, illetve hogy a k\u00f6zz\u00e9t\u00e9telt ideiglenesen vagy v\u00e9glegesen megsz\u00fcntesse.<\/p>\r\n","protected":false},"excerpt":{"rendered":"<p>Software Solution GmbHTalacker 418001 Z\u00fcrichSv\u00e1jcE-mail: info@alcads.com C\u00e9gn\u00e9v: Software Solution GmbH Adatv\u00e9delmi tisztvisel\u0151:Software Solution GmbHinfo@alcads.com \u00c1ltal\u00e1nosA sv\u00e1jci sz\u00f6vets\u00e9gi alkotm\u00e1ny 13. cikke \u00e9s a Sv\u00e1jci \u00c1llamsz\u00f6vets\u00e9g adatv\u00e9delmi rendelkez\u00e9sei (adatv\u00e9delmi t\u00f6rv\u00e9ny, DSG) alapj\u00e1n minden szem\u00e9lynek joga van a mag\u00e1n\u00e9let\u00e9nek v\u00e9delm\u00e9hez, valamint a szem\u00e9lyes adataival val\u00f3 vissza\u00e9l\u00e9ssel szembeni v\u00e9delemhez. Ezen oldalak \u00fczemeltet\u0151i nagyon komolyan veszik az \u00d6n szem\u00e9lyes adatainak [&hellip;]<\/p>\n","protected":false},"author":1,"featured_media":0,"parent":0,"menu_order":0,"comment_status":"closed","ping_status":"closed","template":"","meta":{"_acf_changed":false,"footnotes":""},"class_list":["post-97366","page","type-page","status-publish","hentry"],"acf":[],"yoast_head":"<!-- This site is optimized with the Yoast SEO plugin v27.3 - https:\/\/yoast.com\/product\/yoast-seo-wordpress\/ -->\n<title>Adatv\u00e9delmi ir\u00e1nyelvek - Alcads<\/title>\n<meta name=\"description\" content=\"Tekintse meg Adatv\u00e9delmi szab\u00e1lyzatunkat, hogy meg\u00e9rtse, hogyan kezeli a Software Solution GmbH a szem\u00e9lyes adatokat, bele\u00e9rtve a biztons\u00e1gi int\u00e9zked\u00e9seket \u00e9s a cookie-k haszn\u00e1lat\u00e1t, a sv\u00e1jci \u00e9s GDPR-szab\u00e1lyoz\u00e1snak megfelel\u0151en.\" \/>\n<meta name=\"robots\" content=\"noindex, follow\" \/>\n<meta property=\"og:locale\" content=\"hu_HU\" \/>\n<meta property=\"og:type\" content=\"article\" \/>\n<meta property=\"og:title\" content=\"Adatv\u00e9delmi ir\u00e1nyelvek - Alcads\" \/>\n<meta property=\"og:description\" content=\"Tekintse meg Adatv\u00e9delmi szab\u00e1lyzatunkat, hogy meg\u00e9rtse, hogyan kezeli a Software Solution GmbH a szem\u00e9lyes adatokat, bele\u00e9rtve a biztons\u00e1gi int\u00e9zked\u00e9seket \u00e9s a cookie-k haszn\u00e1lat\u00e1t, a sv\u00e1jci \u00e9s GDPR-szab\u00e1lyoz\u00e1snak megfelel\u0151en.\" \/>\n<meta property=\"og:url\" content=\"https:\/\/alcads.com\/hu\/adatvedelmi-iranyelvek\/\" \/>\n<meta property=\"og:site_name\" content=\"Alcads\" \/>\n<meta property=\"article:modified_time\" content=\"2025-01-02T09:24:38+00:00\" \/>\n<meta name=\"twitter:card\" content=\"summary_large_image\" \/>\n<meta name=\"twitter:label1\" content=\"Becs\u00fclt olvas\u00e1si id\u0151\" \/>\n\t<meta name=\"twitter:data1\" content=\"5 perc\" \/>\n<script type=\"application\/ld+json\" class=\"yoast-schema-graph\">{\"@context\":\"https:\\\/\\\/schema.org\",\"@graph\":[{\"@type\":\"WebPage\",\"@id\":\"https:\\\/\\\/alcads.com\\\/hu\\\/adatvedelmi-iranyelvek\\\/\",\"url\":\"https:\\\/\\\/alcads.com\\\/hu\\\/adatvedelmi-iranyelvek\\\/\",\"name\":\"Adatv\u00e9delmi ir\u00e1nyelvek - Alcads\",\"isPartOf\":{\"@id\":\"https:\\\/\\\/alcads.com\\\/hu\\\/#website\"},\"datePublished\":\"2024-04-23T05:31:04+00:00\",\"dateModified\":\"2025-01-02T09:24:38+00:00\",\"description\":\"Tekintse meg Adatv\u00e9delmi szab\u00e1lyzatunkat, hogy meg\u00e9rtse, hogyan kezeli a Software Solution GmbH a szem\u00e9lyes adatokat, bele\u00e9rtve a biztons\u00e1gi int\u00e9zked\u00e9seket \u00e9s a cookie-k haszn\u00e1lat\u00e1t, a sv\u00e1jci \u00e9s GDPR-szab\u00e1lyoz\u00e1snak megfelel\u0151en.\",\"breadcrumb\":{\"@id\":\"https:\\\/\\\/alcads.com\\\/hu\\\/adatvedelmi-iranyelvek\\\/#breadcrumb\"},\"inLanguage\":\"hu\",\"potentialAction\":[{\"@type\":\"ReadAction\",\"target\":[\"https:\\\/\\\/alcads.com\\\/hu\\\/adatvedelmi-iranyelvek\\\/\"]}]},{\"@type\":\"BreadcrumbList\",\"@id\":\"https:\\\/\\\/alcads.com\\\/hu\\\/adatvedelmi-iranyelvek\\\/#breadcrumb\",\"itemListElement\":[{\"@type\":\"ListItem\",\"position\":1,\"name\":\"Home\",\"item\":\"https:\\\/\\\/alcads.com\\\/hu\\\/\"},{\"@type\":\"ListItem\",\"position\":2,\"name\":\"Adatv\u00e9delmi ir\u00e1nyelvek\"}]},{\"@type\":\"WebSite\",\"@id\":\"https:\\\/\\\/alcads.com\\\/hu\\\/#website\",\"url\":\"https:\\\/\\\/alcads.com\\\/hu\\\/\",\"name\":\"Alcads\",\"description\":\"The Best AutoCAD Alternative\",\"publisher\":{\"@id\":\"https:\\\/\\\/alcads.com\\\/hu\\\/#organization\"},\"potentialAction\":[{\"@type\":\"SearchAction\",\"target\":{\"@type\":\"EntryPoint\",\"urlTemplate\":\"https:\\\/\\\/alcads.com\\\/hu\\\/?s={search_term_string}\"},\"query-input\":{\"@type\":\"PropertyValueSpecification\",\"valueRequired\":true,\"valueName\":\"search_term_string\"}}],\"inLanguage\":\"hu\"},{\"@type\":\"Organization\",\"@id\":\"https:\\\/\\\/alcads.com\\\/hu\\\/#organization\",\"name\":\"Alcads\",\"url\":\"https:\\\/\\\/alcads.com\\\/hu\\\/\",\"logo\":{\"@type\":\"ImageObject\",\"inLanguage\":\"hu\",\"@id\":\"https:\\\/\\\/alcads.com\\\/hu\\\/#\\\/schema\\\/logo\\\/image\\\/\",\"url\":\"https:\\\/\\\/alcads.com\\\/wp-content\\\/uploads\\\/2024\\\/05\\\/logo.png\",\"contentUrl\":\"https:\\\/\\\/alcads.com\\\/wp-content\\\/uploads\\\/2024\\\/05\\\/logo.png\",\"width\":122,\"height\":42,\"caption\":\"Alcads\"},\"image\":{\"@id\":\"https:\\\/\\\/alcads.com\\\/hu\\\/#\\\/schema\\\/logo\\\/image\\\/\"}}]}<\/script>\n<!-- \/ Yoast SEO plugin. -->","yoast_head_json":{"title":"Adatv\u00e9delmi ir\u00e1nyelvek - Alcads","description":"Tekintse meg Adatv\u00e9delmi szab\u00e1lyzatunkat, hogy meg\u00e9rtse, hogyan kezeli a Software Solution GmbH a szem\u00e9lyes adatokat, bele\u00e9rtve a biztons\u00e1gi int\u00e9zked\u00e9seket \u00e9s a cookie-k haszn\u00e1lat\u00e1t, a sv\u00e1jci \u00e9s GDPR-szab\u00e1lyoz\u00e1snak megfelel\u0151en.","robots":{"index":"noindex","follow":"follow"},"og_locale":"hu_HU","og_type":"article","og_title":"Adatv\u00e9delmi ir\u00e1nyelvek - Alcads","og_description":"Tekintse meg Adatv\u00e9delmi szab\u00e1lyzatunkat, hogy meg\u00e9rtse, hogyan kezeli a Software Solution GmbH a szem\u00e9lyes adatokat, bele\u00e9rtve a biztons\u00e1gi int\u00e9zked\u00e9seket \u00e9s a cookie-k haszn\u00e1lat\u00e1t, a sv\u00e1jci \u00e9s GDPR-szab\u00e1lyoz\u00e1snak megfelel\u0151en.","og_url":"https:\/\/alcads.com\/hu\/adatvedelmi-iranyelvek\/","og_site_name":"Alcads","article_modified_time":"2025-01-02T09:24:38+00:00","twitter_card":"summary_large_image","twitter_misc":{"Becs\u00fclt olvas\u00e1si id\u0151":"5 perc"},"schema":{"@context":"https:\/\/schema.org","@graph":[{"@type":"WebPage","@id":"https:\/\/alcads.com\/hu\/adatvedelmi-iranyelvek\/","url":"https:\/\/alcads.com\/hu\/adatvedelmi-iranyelvek\/","name":"Adatv\u00e9delmi ir\u00e1nyelvek - Alcads","isPartOf":{"@id":"https:\/\/alcads.com\/hu\/#website"},"datePublished":"2024-04-23T05:31:04+00:00","dateModified":"2025-01-02T09:24:38+00:00","description":"Tekintse meg Adatv\u00e9delmi szab\u00e1lyzatunkat, hogy meg\u00e9rtse, hogyan kezeli a Software Solution GmbH a szem\u00e9lyes adatokat, bele\u00e9rtve a biztons\u00e1gi int\u00e9zked\u00e9seket \u00e9s a cookie-k haszn\u00e1lat\u00e1t, a sv\u00e1jci \u00e9s GDPR-szab\u00e1lyoz\u00e1snak megfelel\u0151en.","breadcrumb":{"@id":"https:\/\/alcads.com\/hu\/adatvedelmi-iranyelvek\/#breadcrumb"},"inLanguage":"hu","potentialAction":[{"@type":"ReadAction","target":["https:\/\/alcads.com\/hu\/adatvedelmi-iranyelvek\/"]}]},{"@type":"BreadcrumbList","@id":"https:\/\/alcads.com\/hu\/adatvedelmi-iranyelvek\/#breadcrumb","itemListElement":[{"@type":"ListItem","position":1,"name":"Home","item":"https:\/\/alcads.com\/hu\/"},{"@type":"ListItem","position":2,"name":"Adatv\u00e9delmi ir\u00e1nyelvek"}]},{"@type":"WebSite","@id":"https:\/\/alcads.com\/hu\/#website","url":"https:\/\/alcads.com\/hu\/","name":"Alcads","description":"The Best AutoCAD Alternative","publisher":{"@id":"https:\/\/alcads.com\/hu\/#organization"},"potentialAction":[{"@type":"SearchAction","target":{"@type":"EntryPoint","urlTemplate":"https:\/\/alcads.com\/hu\/?s={search_term_string}"},"query-input":{"@type":"PropertyValueSpecification","valueRequired":true,"valueName":"search_term_string"}}],"inLanguage":"hu"},{"@type":"Organization","@id":"https:\/\/alcads.com\/hu\/#organization","name":"Alcads","url":"https:\/\/alcads.com\/hu\/","logo":{"@type":"ImageObject","inLanguage":"hu","@id":"https:\/\/alcads.com\/hu\/#\/schema\/logo\/image\/","url":"https:\/\/alcads.com\/wp-content\/uploads\/2024\/05\/logo.png","contentUrl":"https:\/\/alcads.com\/wp-content\/uploads\/2024\/05\/logo.png","width":122,"height":42,"caption":"Alcads"},"image":{"@id":"https:\/\/alcads.com\/hu\/#\/schema\/logo\/image\/"}}]}},"jetpack_sharing_enabled":true,"_links":{"self":[{"href":"https:\/\/alcads.com\/hu\/wp-json\/wp\/v2\/pages\/97366","targetHints":{"allow":["GET"]}}],"collection":[{"href":"https:\/\/alcads.com\/hu\/wp-json\/wp\/v2\/pages"}],"about":[{"href":"https:\/\/alcads.com\/hu\/wp-json\/wp\/v2\/types\/page"}],"author":[{"embeddable":true,"href":"https:\/\/alcads.com\/hu\/wp-json\/wp\/v2\/users\/1"}],"replies":[{"embeddable":true,"href":"https:\/\/alcads.com\/hu\/wp-json\/wp\/v2\/comments?post=97366"}],"version-history":[{"count":2,"href":"https:\/\/alcads.com\/hu\/wp-json\/wp\/v2\/pages\/97366\/revisions"}],"predecessor-version":[{"id":102167,"href":"https:\/\/alcads.com\/hu\/wp-json\/wp\/v2\/pages\/97366\/revisions\/102167"}],"wp:attachment":[{"href":"https:\/\/alcads.com\/hu\/wp-json\/wp\/v2\/media?parent=97366"}],"curies":[{"name":"wp","href":"https:\/\/api.w.org\/{rel}","templated":true}]}}