{"id":97344,"date":"2024-04-23T07:10:29","date_gmt":"2024-04-23T07:10:29","guid":{"rendered":"https:\/\/dev.alcads.com\/download\/"},"modified":"2025-09-12T14:55:32","modified_gmt":"2025-09-12T14:55:32","slug":"letoltes","status":"publish","type":"page","link":"https:\/\/alcads.com\/hu\/letoltes\/","title":{"rendered":"Let\u00f6lt\u00e9s"},"content":{"rendered":"","protected":false},"excerpt":{"rendered":"","protected":false},"author":1,"featured_media":0,"parent":0,"menu_order":0,"comment_status":"closed","ping_status":"closed","template":"page-template\/download.php","meta":{"_acf_changed":false,"footnotes":""},"class_list":["post-97344","page","type-page","status-publish","hentry"],"acf":[],"yoast_head":"<!-- This site is optimized with the Yoast SEO plugin v27.3 - https:\/\/yoast.com\/product\/yoast-seo-wordpress\/ -->\n<title>Let\u00f6lt\u00e9s - Alcads<\/title>\n<meta name=\"description\" content=\"T\u00f6ltse le az ALCAD Professional 2D\/3D CAD-t MEP b\u0151v\u00edtm\u00e9nyekkel \u2013 \u00e9ves licenc! Ingyenes 15 napos pr\u00f3baverzi\u00f3, Windows-kompatibilit\u00e1s \u00e9s oktat\u00f3anyagok a z\u00f6kken\u0151mentes be\u00e1ll\u00edt\u00e1shoz. T\u00f6ltse le most!\" \/>\n<meta name=\"robots\" content=\"index, follow, max-snippet:-1, max-image-preview:large, max-video-preview:-1\" \/>\n<link rel=\"canonical\" href=\"https:\/\/alcads.com\/hu\/letoltes\/\" \/>\n<meta property=\"og:locale\" content=\"hu_HU\" \/>\n<meta property=\"og:type\" content=\"article\" \/>\n<meta property=\"og:title\" content=\"Let\u00f6lt\u00e9s - Alcads\" \/>\n<meta property=\"og:description\" content=\"T\u00f6ltse le az ALCAD Professional 2D\/3D CAD-t MEP b\u0151v\u00edtm\u00e9nyekkel \u2013 \u00e9ves licenc! Ingyenes 15 napos pr\u00f3baverzi\u00f3, Windows-kompatibilit\u00e1s \u00e9s oktat\u00f3anyagok a z\u00f6kken\u0151mentes be\u00e1ll\u00edt\u00e1shoz. T\u00f6ltse le most!\" \/>\n<meta property=\"og:url\" content=\"https:\/\/alcads.com\/hu\/letoltes\/\" \/>\n<meta property=\"og:site_name\" content=\"Alcads\" \/>\n<meta property=\"article:modified_time\" content=\"2025-09-12T14:55:32+00:00\" \/>\n<meta name=\"twitter:card\" content=\"summary_large_image\" \/>\n<script type=\"application\/ld+json\" class=\"yoast-schema-graph\">{\"@context\":\"https:\\\/\\\/schema.org\",\"@graph\":[{\"@type\":\"WebPage\",\"@id\":\"https:\\\/\\\/alcads.com\\\/hu\\\/letoltes\\\/\",\"url\":\"https:\\\/\\\/alcads.com\\\/hu\\\/letoltes\\\/\",\"name\":\"Let\u00f6lt\u00e9s - Alcads\",\"isPartOf\":{\"@id\":\"https:\\\/\\\/alcads.com\\\/hu\\\/#website\"},\"datePublished\":\"2024-04-23T07:10:29+00:00\",\"dateModified\":\"2025-09-12T14:55:32+00:00\",\"description\":\"T\u00f6ltse le az ALCAD Professional 2D\\\/3D CAD-t MEP b\u0151v\u00edtm\u00e9nyekkel \u2013 \u00e9ves licenc! Ingyenes 15 napos pr\u00f3baverzi\u00f3, Windows-kompatibilit\u00e1s \u00e9s oktat\u00f3anyagok a z\u00f6kken\u0151mentes be\u00e1ll\u00edt\u00e1shoz. T\u00f6ltse le most!\",\"breadcrumb\":{\"@id\":\"https:\\\/\\\/alcads.com\\\/hu\\\/letoltes\\\/#breadcrumb\"},\"inLanguage\":\"hu\",\"potentialAction\":[{\"@type\":\"ReadAction\",\"target\":[\"https:\\\/\\\/alcads.com\\\/hu\\\/letoltes\\\/\"]}]},{\"@type\":\"BreadcrumbList\",\"@id\":\"https:\\\/\\\/alcads.com\\\/hu\\\/letoltes\\\/#breadcrumb\",\"itemListElement\":[{\"@type\":\"ListItem\",\"position\":1,\"name\":\"Home\",\"item\":\"https:\\\/\\\/alcads.com\\\/hu\\\/\"},{\"@type\":\"ListItem\",\"position\":2,\"name\":\"Let\u00f6lt\u00e9s\"}]},{\"@type\":\"WebSite\",\"@id\":\"https:\\\/\\\/alcads.com\\\/hu\\\/#website\",\"url\":\"https:\\\/\\\/alcads.com\\\/hu\\\/\",\"name\":\"Alcads\",\"description\":\"The Best AutoCAD Alternative\",\"publisher\":{\"@id\":\"https:\\\/\\\/alcads.com\\\/hu\\\/#organization\"},\"potentialAction\":[{\"@type\":\"SearchAction\",\"target\":{\"@type\":\"EntryPoint\",\"urlTemplate\":\"https:\\\/\\\/alcads.com\\\/hu\\\/?s={search_term_string}\"},\"query-input\":{\"@type\":\"PropertyValueSpecification\",\"valueRequired\":true,\"valueName\":\"search_term_string\"}}],\"inLanguage\":\"hu\"},{\"@type\":\"Organization\",\"@id\":\"https:\\\/\\\/alcads.com\\\/hu\\\/#organization\",\"name\":\"Alcads\",\"url\":\"https:\\\/\\\/alcads.com\\\/hu\\\/\",\"logo\":{\"@type\":\"ImageObject\",\"inLanguage\":\"hu\",\"@id\":\"https:\\\/\\\/alcads.com\\\/hu\\\/#\\\/schema\\\/logo\\\/image\\\/\",\"url\":\"https:\\\/\\\/alcads.com\\\/wp-content\\\/uploads\\\/2024\\\/05\\\/logo.png\",\"contentUrl\":\"https:\\\/\\\/alcads.com\\\/wp-content\\\/uploads\\\/2024\\\/05\\\/logo.png\",\"width\":122,\"height\":42,\"caption\":\"Alcads\"},\"image\":{\"@id\":\"https:\\\/\\\/alcads.com\\\/hu\\\/#\\\/schema\\\/logo\\\/image\\\/\"}}]}<\/script>\n<!-- \/ Yoast SEO plugin. -->","yoast_head_json":{"title":"Let\u00f6lt\u00e9s - Alcads","description":"T\u00f6ltse le az ALCAD Professional 2D\/3D CAD-t MEP b\u0151v\u00edtm\u00e9nyekkel \u2013 \u00e9ves licenc! Ingyenes 15 napos pr\u00f3baverzi\u00f3, Windows-kompatibilit\u00e1s \u00e9s oktat\u00f3anyagok a z\u00f6kken\u0151mentes be\u00e1ll\u00edt\u00e1shoz. T\u00f6ltse le most!","robots":{"index":"index","follow":"follow","max-snippet":"max-snippet:-1","max-image-preview":"max-image-preview:large","max-video-preview":"max-video-preview:-1"},"canonical":"https:\/\/alcads.com\/hu\/letoltes\/","og_locale":"hu_HU","og_type":"article","og_title":"Let\u00f6lt\u00e9s - Alcads","og_description":"T\u00f6ltse le az ALCAD Professional 2D\/3D CAD-t MEP b\u0151v\u00edtm\u00e9nyekkel \u2013 \u00e9ves licenc! Ingyenes 15 napos pr\u00f3baverzi\u00f3, Windows-kompatibilit\u00e1s \u00e9s oktat\u00f3anyagok a z\u00f6kken\u0151mentes be\u00e1ll\u00edt\u00e1shoz. T\u00f6ltse le most!","og_url":"https:\/\/alcads.com\/hu\/letoltes\/","og_site_name":"Alcads","article_modified_time":"2025-09-12T14:55:32+00:00","twitter_card":"summary_large_image","schema":{"@context":"https:\/\/schema.org","@graph":[{"@type":"WebPage","@id":"https:\/\/alcads.com\/hu\/letoltes\/","url":"https:\/\/alcads.com\/hu\/letoltes\/","name":"Let\u00f6lt\u00e9s - Alcads","isPartOf":{"@id":"https:\/\/alcads.com\/hu\/#website"},"datePublished":"2024-04-23T07:10:29+00:00","dateModified":"2025-09-12T14:55:32+00:00","description":"T\u00f6ltse le az ALCAD Professional 2D\/3D CAD-t MEP b\u0151v\u00edtm\u00e9nyekkel \u2013 \u00e9ves licenc! Ingyenes 15 napos pr\u00f3baverzi\u00f3, Windows-kompatibilit\u00e1s \u00e9s oktat\u00f3anyagok a z\u00f6kken\u0151mentes be\u00e1ll\u00edt\u00e1shoz. T\u00f6ltse le most!","breadcrumb":{"@id":"https:\/\/alcads.com\/hu\/letoltes\/#breadcrumb"},"inLanguage":"hu","potentialAction":[{"@type":"ReadAction","target":["https:\/\/alcads.com\/hu\/letoltes\/"]}]},{"@type":"BreadcrumbList","@id":"https:\/\/alcads.com\/hu\/letoltes\/#breadcrumb","itemListElement":[{"@type":"ListItem","position":1,"name":"Home","item":"https:\/\/alcads.com\/hu\/"},{"@type":"ListItem","position":2,"name":"Let\u00f6lt\u00e9s"}]},{"@type":"WebSite","@id":"https:\/\/alcads.com\/hu\/#website","url":"https:\/\/alcads.com\/hu\/","name":"Alcads","description":"The Best AutoCAD Alternative","publisher":{"@id":"https:\/\/alcads.com\/hu\/#organization"},"potentialAction":[{"@type":"SearchAction","target":{"@type":"EntryPoint","urlTemplate":"https:\/\/alcads.com\/hu\/?s={search_term_string}"},"query-input":{"@type":"PropertyValueSpecification","valueRequired":true,"valueName":"search_term_string"}}],"inLanguage":"hu"},{"@type":"Organization","@id":"https:\/\/alcads.com\/hu\/#organization","name":"Alcads","url":"https:\/\/alcads.com\/hu\/","logo":{"@type":"ImageObject","inLanguage":"hu","@id":"https:\/\/alcads.com\/hu\/#\/schema\/logo\/image\/","url":"https:\/\/alcads.com\/wp-content\/uploads\/2024\/05\/logo.png","contentUrl":"https:\/\/alcads.com\/wp-content\/uploads\/2024\/05\/logo.png","width":122,"height":42,"caption":"Alcads"},"image":{"@id":"https:\/\/alcads.com\/hu\/#\/schema\/logo\/image\/"}}]}},"jetpack_sharing_enabled":true,"_links":{"self":[{"href":"https:\/\/alcads.com\/hu\/wp-json\/wp\/v2\/pages\/97344","targetHints":{"allow":["GET"]}}],"collection":[{"href":"https:\/\/alcads.com\/hu\/wp-json\/wp\/v2\/pages"}],"about":[{"href":"https:\/\/alcads.com\/hu\/wp-json\/wp\/v2\/types\/page"}],"author":[{"embeddable":true,"href":"https:\/\/alcads.com\/hu\/wp-json\/wp\/v2\/users\/1"}],"replies":[{"embeddable":true,"href":"https:\/\/alcads.com\/hu\/wp-json\/wp\/v2\/comments?post=97344"}],"version-history":[{"count":5,"href":"https:\/\/alcads.com\/hu\/wp-json\/wp\/v2\/pages\/97344\/revisions"}],"predecessor-version":[{"id":114056,"href":"https:\/\/alcads.com\/hu\/wp-json\/wp\/v2\/pages\/97344\/revisions\/114056"}],"wp:attachment":[{"href":"https:\/\/alcads.com\/hu\/wp-json\/wp\/v2\/media?parent=97344"}],"curies":[{"name":"wp","href":"https:\/\/api.w.org\/{rel}","templated":true}]}}