{"id":97311,"date":"2024-04-23T07:11:31","date_gmt":"2024-04-23T07:11:31","guid":{"rendered":"https:\/\/dev.alcads.com\/compare-alcad\/"},"modified":"2025-12-02T17:56:17","modified_gmt":"2025-12-02T17:56:17","slug":"alcad-osszehasonlitasa","status":"publish","type":"page","link":"https:\/\/alcads.com\/hu\/alcad-osszehasonlitasa\/","title":{"rendered":"ALCAD \u00f6sszehasonl\u00edt\u00e1sa"},"content":{"rendered":"","protected":false},"excerpt":{"rendered":"","protected":false},"author":1,"featured_media":0,"parent":0,"menu_order":0,"comment_status":"closed","ping_status":"closed","template":"page-template\/compare-alcad.php","meta":{"_acf_changed":false,"footnotes":""},"class_list":["post-97311","page","type-page","status-publish","hentry"],"acf":[],"yoast_head":"<!-- This site is optimized with the Yoast SEO plugin v27.3 - https:\/\/yoast.com\/product\/yoast-seo-wordpress\/ -->\n<title>A k\u00fcl\u00f6nb\u00f6z\u0151 ALCAD verzi\u00f3k teljes \u00f6sszehasonl\u00edt\u00e1sa | Alcads.com<\/title>\n<meta name=\"description\" content=\"Tal\u00e1lja meg az \u00d6n ig\u00e9nyeinek legink\u00e1bb megfelel\u0151t a k\u00fcl\u00f6nb\u00f6z\u0151 Alcad-verzi\u00f3k \u00e1tfog\u00f3 \u00f6sszehasonl\u00edt\u00e1s\u00e1val. Hozzon megalapozott d\u00f6nt\u00e9st m\u00e9g ma\" \/>\n<meta name=\"robots\" content=\"index, follow, max-snippet:-1, max-image-preview:large, max-video-preview:-1\" \/>\n<link rel=\"canonical\" href=\"https:\/\/alcads.com\/hu\/alcad-osszehasonlitasa\/\" \/>\n<meta property=\"og:locale\" content=\"hu_HU\" \/>\n<meta property=\"og:type\" content=\"article\" \/>\n<meta property=\"og:title\" content=\"A k\u00fcl\u00f6nb\u00f6z\u0151 ALCAD verzi\u00f3k teljes \u00f6sszehasonl\u00edt\u00e1sa | Alcads.com\" \/>\n<meta property=\"og:description\" content=\"Tal\u00e1lja meg az \u00d6n ig\u00e9nyeinek legink\u00e1bb megfelel\u0151t a k\u00fcl\u00f6nb\u00f6z\u0151 Alcad-verzi\u00f3k \u00e1tfog\u00f3 \u00f6sszehasonl\u00edt\u00e1s\u00e1val. Hozzon megalapozott d\u00f6nt\u00e9st m\u00e9g ma\" \/>\n<meta property=\"og:url\" content=\"https:\/\/alcads.com\/hu\/alcad-osszehasonlitasa\/\" \/>\n<meta property=\"og:site_name\" content=\"Alcads\" \/>\n<meta property=\"article:modified_time\" content=\"2025-12-02T17:56:17+00:00\" \/>\n<meta name=\"twitter:card\" content=\"summary_large_image\" \/>\n<script type=\"application\/ld+json\" class=\"yoast-schema-graph\">{\"@context\":\"https:\\\/\\\/schema.org\",\"@graph\":[{\"@type\":\"WebPage\",\"@id\":\"https:\\\/\\\/alcads.com\\\/hu\\\/alcad-osszehasonlitasa\\\/\",\"url\":\"https:\\\/\\\/alcads.com\\\/hu\\\/alcad-osszehasonlitasa\\\/\",\"name\":\"A k\u00fcl\u00f6nb\u00f6z\u0151 ALCAD verzi\u00f3k teljes \u00f6sszehasonl\u00edt\u00e1sa | Alcads.com\",\"isPartOf\":{\"@id\":\"https:\\\/\\\/alcads.com\\\/hu\\\/#website\"},\"datePublished\":\"2024-04-23T07:11:31+00:00\",\"dateModified\":\"2025-12-02T17:56:17+00:00\",\"description\":\"Tal\u00e1lja meg az \u00d6n ig\u00e9nyeinek legink\u00e1bb megfelel\u0151t a k\u00fcl\u00f6nb\u00f6z\u0151 Alcad-verzi\u00f3k \u00e1tfog\u00f3 \u00f6sszehasonl\u00edt\u00e1s\u00e1val. Hozzon megalapozott d\u00f6nt\u00e9st m\u00e9g ma\",\"breadcrumb\":{\"@id\":\"https:\\\/\\\/alcads.com\\\/hu\\\/alcad-osszehasonlitasa\\\/#breadcrumb\"},\"inLanguage\":\"hu\",\"potentialAction\":[{\"@type\":\"ReadAction\",\"target\":[\"https:\\\/\\\/alcads.com\\\/hu\\\/alcad-osszehasonlitasa\\\/\"]}]},{\"@type\":\"BreadcrumbList\",\"@id\":\"https:\\\/\\\/alcads.com\\\/hu\\\/alcad-osszehasonlitasa\\\/#breadcrumb\",\"itemListElement\":[{\"@type\":\"ListItem\",\"position\":1,\"name\":\"Home\",\"item\":\"https:\\\/\\\/alcads.com\\\/hu\\\/\"},{\"@type\":\"ListItem\",\"position\":2,\"name\":\"ALCAD \u00f6sszehasonl\u00edt\u00e1sa\"}]},{\"@type\":\"WebSite\",\"@id\":\"https:\\\/\\\/alcads.com\\\/hu\\\/#website\",\"url\":\"https:\\\/\\\/alcads.com\\\/hu\\\/\",\"name\":\"Alcads\",\"description\":\"The Best AutoCAD Alternative\",\"publisher\":{\"@id\":\"https:\\\/\\\/alcads.com\\\/hu\\\/#organization\"},\"potentialAction\":[{\"@type\":\"SearchAction\",\"target\":{\"@type\":\"EntryPoint\",\"urlTemplate\":\"https:\\\/\\\/alcads.com\\\/hu\\\/?s={search_term_string}\"},\"query-input\":{\"@type\":\"PropertyValueSpecification\",\"valueRequired\":true,\"valueName\":\"search_term_string\"}}],\"inLanguage\":\"hu\"},{\"@type\":\"Organization\",\"@id\":\"https:\\\/\\\/alcads.com\\\/hu\\\/#organization\",\"name\":\"Alcads\",\"url\":\"https:\\\/\\\/alcads.com\\\/hu\\\/\",\"logo\":{\"@type\":\"ImageObject\",\"inLanguage\":\"hu\",\"@id\":\"https:\\\/\\\/alcads.com\\\/hu\\\/#\\\/schema\\\/logo\\\/image\\\/\",\"url\":\"https:\\\/\\\/alcads.com\\\/wp-content\\\/uploads\\\/2024\\\/05\\\/logo.png\",\"contentUrl\":\"https:\\\/\\\/alcads.com\\\/wp-content\\\/uploads\\\/2024\\\/05\\\/logo.png\",\"width\":122,\"height\":42,\"caption\":\"Alcads\"},\"image\":{\"@id\":\"https:\\\/\\\/alcads.com\\\/hu\\\/#\\\/schema\\\/logo\\\/image\\\/\"}}]}<\/script>\n<!-- \/ Yoast SEO plugin. -->","yoast_head_json":{"title":"A k\u00fcl\u00f6nb\u00f6z\u0151 ALCAD verzi\u00f3k teljes \u00f6sszehasonl\u00edt\u00e1sa | Alcads.com","description":"Tal\u00e1lja meg az \u00d6n ig\u00e9nyeinek legink\u00e1bb megfelel\u0151t a k\u00fcl\u00f6nb\u00f6z\u0151 Alcad-verzi\u00f3k \u00e1tfog\u00f3 \u00f6sszehasonl\u00edt\u00e1s\u00e1val. Hozzon megalapozott d\u00f6nt\u00e9st m\u00e9g ma","robots":{"index":"index","follow":"follow","max-snippet":"max-snippet:-1","max-image-preview":"max-image-preview:large","max-video-preview":"max-video-preview:-1"},"canonical":"https:\/\/alcads.com\/hu\/alcad-osszehasonlitasa\/","og_locale":"hu_HU","og_type":"article","og_title":"A k\u00fcl\u00f6nb\u00f6z\u0151 ALCAD verzi\u00f3k teljes \u00f6sszehasonl\u00edt\u00e1sa | Alcads.com","og_description":"Tal\u00e1lja meg az \u00d6n ig\u00e9nyeinek legink\u00e1bb megfelel\u0151t a k\u00fcl\u00f6nb\u00f6z\u0151 Alcad-verzi\u00f3k \u00e1tfog\u00f3 \u00f6sszehasonl\u00edt\u00e1s\u00e1val. Hozzon megalapozott d\u00f6nt\u00e9st m\u00e9g ma","og_url":"https:\/\/alcads.com\/hu\/alcad-osszehasonlitasa\/","og_site_name":"Alcads","article_modified_time":"2025-12-02T17:56:17+00:00","twitter_card":"summary_large_image","schema":{"@context":"https:\/\/schema.org","@graph":[{"@type":"WebPage","@id":"https:\/\/alcads.com\/hu\/alcad-osszehasonlitasa\/","url":"https:\/\/alcads.com\/hu\/alcad-osszehasonlitasa\/","name":"A k\u00fcl\u00f6nb\u00f6z\u0151 ALCAD verzi\u00f3k teljes \u00f6sszehasonl\u00edt\u00e1sa | Alcads.com","isPartOf":{"@id":"https:\/\/alcads.com\/hu\/#website"},"datePublished":"2024-04-23T07:11:31+00:00","dateModified":"2025-12-02T17:56:17+00:00","description":"Tal\u00e1lja meg az \u00d6n ig\u00e9nyeinek legink\u00e1bb megfelel\u0151t a k\u00fcl\u00f6nb\u00f6z\u0151 Alcad-verzi\u00f3k \u00e1tfog\u00f3 \u00f6sszehasonl\u00edt\u00e1s\u00e1val. Hozzon megalapozott d\u00f6nt\u00e9st m\u00e9g ma","breadcrumb":{"@id":"https:\/\/alcads.com\/hu\/alcad-osszehasonlitasa\/#breadcrumb"},"inLanguage":"hu","potentialAction":[{"@type":"ReadAction","target":["https:\/\/alcads.com\/hu\/alcad-osszehasonlitasa\/"]}]},{"@type":"BreadcrumbList","@id":"https:\/\/alcads.com\/hu\/alcad-osszehasonlitasa\/#breadcrumb","itemListElement":[{"@type":"ListItem","position":1,"name":"Home","item":"https:\/\/alcads.com\/hu\/"},{"@type":"ListItem","position":2,"name":"ALCAD \u00f6sszehasonl\u00edt\u00e1sa"}]},{"@type":"WebSite","@id":"https:\/\/alcads.com\/hu\/#website","url":"https:\/\/alcads.com\/hu\/","name":"Alcads","description":"The Best AutoCAD Alternative","publisher":{"@id":"https:\/\/alcads.com\/hu\/#organization"},"potentialAction":[{"@type":"SearchAction","target":{"@type":"EntryPoint","urlTemplate":"https:\/\/alcads.com\/hu\/?s={search_term_string}"},"query-input":{"@type":"PropertyValueSpecification","valueRequired":true,"valueName":"search_term_string"}}],"inLanguage":"hu"},{"@type":"Organization","@id":"https:\/\/alcads.com\/hu\/#organization","name":"Alcads","url":"https:\/\/alcads.com\/hu\/","logo":{"@type":"ImageObject","inLanguage":"hu","@id":"https:\/\/alcads.com\/hu\/#\/schema\/logo\/image\/","url":"https:\/\/alcads.com\/wp-content\/uploads\/2024\/05\/logo.png","contentUrl":"https:\/\/alcads.com\/wp-content\/uploads\/2024\/05\/logo.png","width":122,"height":42,"caption":"Alcads"},"image":{"@id":"https:\/\/alcads.com\/hu\/#\/schema\/logo\/image\/"}}]}},"jetpack_sharing_enabled":true,"_links":{"self":[{"href":"https:\/\/alcads.com\/hu\/wp-json\/wp\/v2\/pages\/97311","targetHints":{"allow":["GET"]}}],"collection":[{"href":"https:\/\/alcads.com\/hu\/wp-json\/wp\/v2\/pages"}],"about":[{"href":"https:\/\/alcads.com\/hu\/wp-json\/wp\/v2\/types\/page"}],"author":[{"embeddable":true,"href":"https:\/\/alcads.com\/hu\/wp-json\/wp\/v2\/users\/1"}],"replies":[{"embeddable":true,"href":"https:\/\/alcads.com\/hu\/wp-json\/wp\/v2\/comments?post=97311"}],"version-history":[{"count":7,"href":"https:\/\/alcads.com\/hu\/wp-json\/wp\/v2\/pages\/97311\/revisions"}],"predecessor-version":[{"id":116644,"href":"https:\/\/alcads.com\/hu\/wp-json\/wp\/v2\/pages\/97311\/revisions\/116644"}],"wp:attachment":[{"href":"https:\/\/alcads.com\/hu\/wp-json\/wp\/v2\/media?parent=97311"}],"curies":[{"name":"wp","href":"https:\/\/api.w.org\/{rel}","templated":true}]}}