{"id":97300,"date":"2024-04-23T07:11:59","date_gmt":"2024-04-23T07:11:59","guid":{"rendered":"https:\/\/dev.alcads.com\/blog\/"},"modified":"2024-05-20T07:55:38","modified_gmt":"2024-05-20T07:55:38","slug":"blog","status":"publish","type":"page","link":"https:\/\/alcads.com\/hu\/blog\/","title":{"rendered":"Blog"},"content":{"rendered":"","protected":false},"excerpt":{"rendered":"","protected":false},"author":1,"featured_media":0,"parent":0,"menu_order":0,"comment_status":"closed","ping_status":"closed","template":"page-template\/blog.php","meta":{"_acf_changed":false,"footnotes":""},"class_list":["post-97300","page","type-page","status-publish","hentry"],"acf":[],"yoast_head":"<!-- This site is optimized with the Yoast SEO plugin v27.3 - https:\/\/yoast.com\/product\/yoast-seo-wordpress\/ -->\n<title>Blog | V\u00e1llalati h\u00edrek \u00e9s esem\u00e9nyek | Alcads.com<\/title>\n<meta name=\"description\" content=\"Fedezze fel a t\u00e9m\u00e1k sz\u00e9les sk\u00e1l\u00e1j\u00e1r\u00f3l sz\u00f3l\u00f3, m\u00e9lyrehat\u00f3 \u00e9s \u00e9rdekes cikkeket. Blogunk friss n\u00e9z\u0151pontokat \u00e9s szak\u00e9rt\u0151i megl\u00e1t\u00e1sokat k\u00edn\u00e1l a k\u00edv\u00e1ncsi elm\u00e9knek.\" \/>\n<meta name=\"robots\" content=\"index, follow, max-snippet:-1, max-image-preview:large, max-video-preview:-1\" \/>\n<link rel=\"canonical\" href=\"https:\/\/alcads.com\/hu\/blog\/\" \/>\n<meta property=\"og:locale\" content=\"hu_HU\" \/>\n<meta property=\"og:type\" content=\"article\" \/>\n<meta property=\"og:title\" content=\"Blog | V\u00e1llalati h\u00edrek \u00e9s esem\u00e9nyek | Alcads.com\" \/>\n<meta property=\"og:description\" content=\"Fedezze fel a t\u00e9m\u00e1k sz\u00e9les sk\u00e1l\u00e1j\u00e1r\u00f3l sz\u00f3l\u00f3, m\u00e9lyrehat\u00f3 \u00e9s \u00e9rdekes cikkeket. Blogunk friss n\u00e9z\u0151pontokat \u00e9s szak\u00e9rt\u0151i megl\u00e1t\u00e1sokat k\u00edn\u00e1l a k\u00edv\u00e1ncsi elm\u00e9knek.\" \/>\n<meta property=\"og:url\" content=\"https:\/\/alcads.com\/hu\/blog\/\" \/>\n<meta property=\"og:site_name\" content=\"Alcads\" \/>\n<meta property=\"article:modified_time\" content=\"2024-05-20T07:55:38+00:00\" \/>\n<meta name=\"twitter:card\" content=\"summary_large_image\" \/>\n<script type=\"application\/ld+json\" class=\"yoast-schema-graph\">{\"@context\":\"https:\\\/\\\/schema.org\",\"@graph\":[{\"@type\":\"WebPage\",\"@id\":\"https:\\\/\\\/alcads.com\\\/hu\\\/blog\\\/\",\"url\":\"https:\\\/\\\/alcads.com\\\/hu\\\/blog\\\/\",\"name\":\"Blog | V\u00e1llalati h\u00edrek \u00e9s esem\u00e9nyek | Alcads.com\",\"isPartOf\":{\"@id\":\"https:\\\/\\\/alcads.com\\\/hu\\\/#website\"},\"datePublished\":\"2024-04-23T07:11:59+00:00\",\"dateModified\":\"2024-05-20T07:55:38+00:00\",\"description\":\"Fedezze fel a t\u00e9m\u00e1k sz\u00e9les sk\u00e1l\u00e1j\u00e1r\u00f3l sz\u00f3l\u00f3, m\u00e9lyrehat\u00f3 \u00e9s \u00e9rdekes cikkeket. Blogunk friss n\u00e9z\u0151pontokat \u00e9s szak\u00e9rt\u0151i megl\u00e1t\u00e1sokat k\u00edn\u00e1l a k\u00edv\u00e1ncsi elm\u00e9knek.\",\"breadcrumb\":{\"@id\":\"https:\\\/\\\/alcads.com\\\/hu\\\/blog\\\/#breadcrumb\"},\"inLanguage\":\"hu\",\"potentialAction\":[{\"@type\":\"ReadAction\",\"target\":[\"https:\\\/\\\/alcads.com\\\/hu\\\/blog\\\/\"]}]},{\"@type\":\"BreadcrumbList\",\"@id\":\"https:\\\/\\\/alcads.com\\\/hu\\\/blog\\\/#breadcrumb\",\"itemListElement\":[{\"@type\":\"ListItem\",\"position\":1,\"name\":\"Home\",\"item\":\"https:\\\/\\\/alcads.com\\\/hu\\\/\"},{\"@type\":\"ListItem\",\"position\":2,\"name\":\"Blog\"}]},{\"@type\":\"WebSite\",\"@id\":\"https:\\\/\\\/alcads.com\\\/hu\\\/#website\",\"url\":\"https:\\\/\\\/alcads.com\\\/hu\\\/\",\"name\":\"Alcads\",\"description\":\"The Best AutoCAD Alternative\",\"publisher\":{\"@id\":\"https:\\\/\\\/alcads.com\\\/hu\\\/#organization\"},\"potentialAction\":[{\"@type\":\"SearchAction\",\"target\":{\"@type\":\"EntryPoint\",\"urlTemplate\":\"https:\\\/\\\/alcads.com\\\/hu\\\/?s={search_term_string}\"},\"query-input\":{\"@type\":\"PropertyValueSpecification\",\"valueRequired\":true,\"valueName\":\"search_term_string\"}}],\"inLanguage\":\"hu\"},{\"@type\":\"Organization\",\"@id\":\"https:\\\/\\\/alcads.com\\\/hu\\\/#organization\",\"name\":\"Alcads\",\"url\":\"https:\\\/\\\/alcads.com\\\/hu\\\/\",\"logo\":{\"@type\":\"ImageObject\",\"inLanguage\":\"hu\",\"@id\":\"https:\\\/\\\/alcads.com\\\/hu\\\/#\\\/schema\\\/logo\\\/image\\\/\",\"url\":\"https:\\\/\\\/alcads.com\\\/wp-content\\\/uploads\\\/2024\\\/05\\\/logo.png\",\"contentUrl\":\"https:\\\/\\\/alcads.com\\\/wp-content\\\/uploads\\\/2024\\\/05\\\/logo.png\",\"width\":122,\"height\":42,\"caption\":\"Alcads\"},\"image\":{\"@id\":\"https:\\\/\\\/alcads.com\\\/hu\\\/#\\\/schema\\\/logo\\\/image\\\/\"}}]}<\/script>\n<!-- \/ Yoast SEO plugin. -->","yoast_head_json":{"title":"Blog | V\u00e1llalati h\u00edrek \u00e9s esem\u00e9nyek | Alcads.com","description":"Fedezze fel a t\u00e9m\u00e1k sz\u00e9les sk\u00e1l\u00e1j\u00e1r\u00f3l sz\u00f3l\u00f3, m\u00e9lyrehat\u00f3 \u00e9s \u00e9rdekes cikkeket. Blogunk friss n\u00e9z\u0151pontokat \u00e9s szak\u00e9rt\u0151i megl\u00e1t\u00e1sokat k\u00edn\u00e1l a k\u00edv\u00e1ncsi elm\u00e9knek.","robots":{"index":"index","follow":"follow","max-snippet":"max-snippet:-1","max-image-preview":"max-image-preview:large","max-video-preview":"max-video-preview:-1"},"canonical":"https:\/\/alcads.com\/hu\/blog\/","og_locale":"hu_HU","og_type":"article","og_title":"Blog | V\u00e1llalati h\u00edrek \u00e9s esem\u00e9nyek | Alcads.com","og_description":"Fedezze fel a t\u00e9m\u00e1k sz\u00e9les sk\u00e1l\u00e1j\u00e1r\u00f3l sz\u00f3l\u00f3, m\u00e9lyrehat\u00f3 \u00e9s \u00e9rdekes cikkeket. Blogunk friss n\u00e9z\u0151pontokat \u00e9s szak\u00e9rt\u0151i megl\u00e1t\u00e1sokat k\u00edn\u00e1l a k\u00edv\u00e1ncsi elm\u00e9knek.","og_url":"https:\/\/alcads.com\/hu\/blog\/","og_site_name":"Alcads","article_modified_time":"2024-05-20T07:55:38+00:00","twitter_card":"summary_large_image","schema":{"@context":"https:\/\/schema.org","@graph":[{"@type":"WebPage","@id":"https:\/\/alcads.com\/hu\/blog\/","url":"https:\/\/alcads.com\/hu\/blog\/","name":"Blog | V\u00e1llalati h\u00edrek \u00e9s esem\u00e9nyek | Alcads.com","isPartOf":{"@id":"https:\/\/alcads.com\/hu\/#website"},"datePublished":"2024-04-23T07:11:59+00:00","dateModified":"2024-05-20T07:55:38+00:00","description":"Fedezze fel a t\u00e9m\u00e1k sz\u00e9les sk\u00e1l\u00e1j\u00e1r\u00f3l sz\u00f3l\u00f3, m\u00e9lyrehat\u00f3 \u00e9s \u00e9rdekes cikkeket. Blogunk friss n\u00e9z\u0151pontokat \u00e9s szak\u00e9rt\u0151i megl\u00e1t\u00e1sokat k\u00edn\u00e1l a k\u00edv\u00e1ncsi elm\u00e9knek.","breadcrumb":{"@id":"https:\/\/alcads.com\/hu\/blog\/#breadcrumb"},"inLanguage":"hu","potentialAction":[{"@type":"ReadAction","target":["https:\/\/alcads.com\/hu\/blog\/"]}]},{"@type":"BreadcrumbList","@id":"https:\/\/alcads.com\/hu\/blog\/#breadcrumb","itemListElement":[{"@type":"ListItem","position":1,"name":"Home","item":"https:\/\/alcads.com\/hu\/"},{"@type":"ListItem","position":2,"name":"Blog"}]},{"@type":"WebSite","@id":"https:\/\/alcads.com\/hu\/#website","url":"https:\/\/alcads.com\/hu\/","name":"Alcads","description":"The Best AutoCAD Alternative","publisher":{"@id":"https:\/\/alcads.com\/hu\/#organization"},"potentialAction":[{"@type":"SearchAction","target":{"@type":"EntryPoint","urlTemplate":"https:\/\/alcads.com\/hu\/?s={search_term_string}"},"query-input":{"@type":"PropertyValueSpecification","valueRequired":true,"valueName":"search_term_string"}}],"inLanguage":"hu"},{"@type":"Organization","@id":"https:\/\/alcads.com\/hu\/#organization","name":"Alcads","url":"https:\/\/alcads.com\/hu\/","logo":{"@type":"ImageObject","inLanguage":"hu","@id":"https:\/\/alcads.com\/hu\/#\/schema\/logo\/image\/","url":"https:\/\/alcads.com\/wp-content\/uploads\/2024\/05\/logo.png","contentUrl":"https:\/\/alcads.com\/wp-content\/uploads\/2024\/05\/logo.png","width":122,"height":42,"caption":"Alcads"},"image":{"@id":"https:\/\/alcads.com\/hu\/#\/schema\/logo\/image\/"}}]}},"jetpack_sharing_enabled":true,"_links":{"self":[{"href":"https:\/\/alcads.com\/hu\/wp-json\/wp\/v2\/pages\/97300","targetHints":{"allow":["GET"]}}],"collection":[{"href":"https:\/\/alcads.com\/hu\/wp-json\/wp\/v2\/pages"}],"about":[{"href":"https:\/\/alcads.com\/hu\/wp-json\/wp\/v2\/types\/page"}],"author":[{"embeddable":true,"href":"https:\/\/alcads.com\/hu\/wp-json\/wp\/v2\/users\/1"}],"replies":[{"embeddable":true,"href":"https:\/\/alcads.com\/hu\/wp-json\/wp\/v2\/comments?post=97300"}],"version-history":[{"count":1,"href":"https:\/\/alcads.com\/hu\/wp-json\/wp\/v2\/pages\/97300\/revisions"}],"predecessor-version":[{"id":102078,"href":"https:\/\/alcads.com\/hu\/wp-json\/wp\/v2\/pages\/97300\/revisions\/102078"}],"wp:attachment":[{"href":"https:\/\/alcads.com\/hu\/wp-json\/wp\/v2\/media?parent=97300"}],"curies":[{"name":"wp","href":"https:\/\/api.w.org\/{rel}","templated":true}]}}