{"id":97289,"date":"2024-04-24T07:31:32","date_gmt":"2024-04-24T07:31:32","guid":{"rendered":"https:\/\/dev.alcads.com\/become-a-reseller\/"},"modified":"2024-12-31T08:53:08","modified_gmt":"2024-12-31T08:53:08","slug":"legyen-viszontelado","status":"publish","type":"page","link":"https:\/\/alcads.com\/hu\/legyen-viszontelado\/","title":{"rendered":"Legyen viszontelad\u00f3"},"content":{"rendered":"","protected":false},"excerpt":{"rendered":"","protected":false},"author":1,"featured_media":0,"parent":0,"menu_order":0,"comment_status":"closed","ping_status":"closed","template":"page-template\/became-a-reseller.php","meta":{"_acf_changed":false,"footnotes":""},"class_list":["post-97289","page","type-page","status-publish","hentry"],"acf":[],"yoast_head":"<!-- This site is optimized with the Yoast SEO plugin v27.3 - https:\/\/yoast.com\/product\/yoast-seo-wordpress\/ -->\n<title>Legyen viszontelad\u00f3 - Alcads<\/title>\n<meta name=\"description\" content=\"Csatlakozzon az ALCADS viszontelad\u00f3i programhoz, hogy hozz\u00e1f\u00e9rjen innovat\u00edv CAD-term\u00e9kekhez, speci\u00e1lis \u00e1rakhoz, marketingeszk\u00f6z\u00f6kh\u00f6z \u00e9s t\u00e1mogat\u00f3 partnerh\u00e1l\u00f3zathoz. Csatlakozzon most, \u00e9s emelje fel v\u00e1llalkoz\u00e1s\u00e1t!\" \/>\n<meta name=\"robots\" content=\"index, follow, max-snippet:-1, max-image-preview:large, max-video-preview:-1\" \/>\n<link rel=\"canonical\" href=\"https:\/\/alcads.com\/hu\/legyen-viszontelado\/\" \/>\n<meta property=\"og:locale\" content=\"hu_HU\" \/>\n<meta property=\"og:type\" content=\"article\" \/>\n<meta property=\"og:title\" content=\"Legyen viszontelad\u00f3 - Alcads\" \/>\n<meta property=\"og:description\" content=\"Csatlakozzon az ALCADS viszontelad\u00f3i programhoz, hogy hozz\u00e1f\u00e9rjen innovat\u00edv CAD-term\u00e9kekhez, speci\u00e1lis \u00e1rakhoz, marketingeszk\u00f6z\u00f6kh\u00f6z \u00e9s t\u00e1mogat\u00f3 partnerh\u00e1l\u00f3zathoz. Csatlakozzon most, \u00e9s emelje fel v\u00e1llalkoz\u00e1s\u00e1t!\" \/>\n<meta property=\"og:url\" content=\"https:\/\/alcads.com\/hu\/legyen-viszontelado\/\" \/>\n<meta property=\"og:site_name\" content=\"Alcads\" \/>\n<meta property=\"article:modified_time\" content=\"2024-12-31T08:53:08+00:00\" \/>\n<meta name=\"twitter:card\" content=\"summary_large_image\" \/>\n<script type=\"application\/ld+json\" class=\"yoast-schema-graph\">{\"@context\":\"https:\\\/\\\/schema.org\",\"@graph\":[{\"@type\":\"WebPage\",\"@id\":\"https:\\\/\\\/alcads.com\\\/hu\\\/legyen-viszontelado\\\/\",\"url\":\"https:\\\/\\\/alcads.com\\\/hu\\\/legyen-viszontelado\\\/\",\"name\":\"Legyen viszontelad\u00f3 - Alcads\",\"isPartOf\":{\"@id\":\"https:\\\/\\\/alcads.com\\\/hu\\\/#website\"},\"datePublished\":\"2024-04-24T07:31:32+00:00\",\"dateModified\":\"2024-12-31T08:53:08+00:00\",\"description\":\"Csatlakozzon az ALCADS viszontelad\u00f3i programhoz, hogy hozz\u00e1f\u00e9rjen innovat\u00edv CAD-term\u00e9kekhez, speci\u00e1lis \u00e1rakhoz, marketingeszk\u00f6z\u00f6kh\u00f6z \u00e9s t\u00e1mogat\u00f3 partnerh\u00e1l\u00f3zathoz. Csatlakozzon most, \u00e9s emelje fel v\u00e1llalkoz\u00e1s\u00e1t!\",\"breadcrumb\":{\"@id\":\"https:\\\/\\\/alcads.com\\\/hu\\\/legyen-viszontelado\\\/#breadcrumb\"},\"inLanguage\":\"hu\",\"potentialAction\":[{\"@type\":\"ReadAction\",\"target\":[\"https:\\\/\\\/alcads.com\\\/hu\\\/legyen-viszontelado\\\/\"]}]},{\"@type\":\"BreadcrumbList\",\"@id\":\"https:\\\/\\\/alcads.com\\\/hu\\\/legyen-viszontelado\\\/#breadcrumb\",\"itemListElement\":[{\"@type\":\"ListItem\",\"position\":1,\"name\":\"Home\",\"item\":\"https:\\\/\\\/alcads.com\\\/hu\\\/\"},{\"@type\":\"ListItem\",\"position\":2,\"name\":\"Legyen viszontelad\u00f3\"}]},{\"@type\":\"WebSite\",\"@id\":\"https:\\\/\\\/alcads.com\\\/hu\\\/#website\",\"url\":\"https:\\\/\\\/alcads.com\\\/hu\\\/\",\"name\":\"Alcads\",\"description\":\"The Best AutoCAD Alternative\",\"publisher\":{\"@id\":\"https:\\\/\\\/alcads.com\\\/hu\\\/#organization\"},\"potentialAction\":[{\"@type\":\"SearchAction\",\"target\":{\"@type\":\"EntryPoint\",\"urlTemplate\":\"https:\\\/\\\/alcads.com\\\/hu\\\/?s={search_term_string}\"},\"query-input\":{\"@type\":\"PropertyValueSpecification\",\"valueRequired\":true,\"valueName\":\"search_term_string\"}}],\"inLanguage\":\"hu\"},{\"@type\":\"Organization\",\"@id\":\"https:\\\/\\\/alcads.com\\\/hu\\\/#organization\",\"name\":\"Alcads\",\"url\":\"https:\\\/\\\/alcads.com\\\/hu\\\/\",\"logo\":{\"@type\":\"ImageObject\",\"inLanguage\":\"hu\",\"@id\":\"https:\\\/\\\/alcads.com\\\/hu\\\/#\\\/schema\\\/logo\\\/image\\\/\",\"url\":\"https:\\\/\\\/alcads.com\\\/wp-content\\\/uploads\\\/2024\\\/05\\\/logo.png\",\"contentUrl\":\"https:\\\/\\\/alcads.com\\\/wp-content\\\/uploads\\\/2024\\\/05\\\/logo.png\",\"width\":122,\"height\":42,\"caption\":\"Alcads\"},\"image\":{\"@id\":\"https:\\\/\\\/alcads.com\\\/hu\\\/#\\\/schema\\\/logo\\\/image\\\/\"}}]}<\/script>\n<!-- \/ Yoast SEO plugin. -->","yoast_head_json":{"title":"Legyen viszontelad\u00f3 - Alcads","description":"Csatlakozzon az ALCADS viszontelad\u00f3i programhoz, hogy hozz\u00e1f\u00e9rjen innovat\u00edv CAD-term\u00e9kekhez, speci\u00e1lis \u00e1rakhoz, marketingeszk\u00f6z\u00f6kh\u00f6z \u00e9s t\u00e1mogat\u00f3 partnerh\u00e1l\u00f3zathoz. Csatlakozzon most, \u00e9s emelje fel v\u00e1llalkoz\u00e1s\u00e1t!","robots":{"index":"index","follow":"follow","max-snippet":"max-snippet:-1","max-image-preview":"max-image-preview:large","max-video-preview":"max-video-preview:-1"},"canonical":"https:\/\/alcads.com\/hu\/legyen-viszontelado\/","og_locale":"hu_HU","og_type":"article","og_title":"Legyen viszontelad\u00f3 - Alcads","og_description":"Csatlakozzon az ALCADS viszontelad\u00f3i programhoz, hogy hozz\u00e1f\u00e9rjen innovat\u00edv CAD-term\u00e9kekhez, speci\u00e1lis \u00e1rakhoz, marketingeszk\u00f6z\u00f6kh\u00f6z \u00e9s t\u00e1mogat\u00f3 partnerh\u00e1l\u00f3zathoz. Csatlakozzon most, \u00e9s emelje fel v\u00e1llalkoz\u00e1s\u00e1t!","og_url":"https:\/\/alcads.com\/hu\/legyen-viszontelado\/","og_site_name":"Alcads","article_modified_time":"2024-12-31T08:53:08+00:00","twitter_card":"summary_large_image","schema":{"@context":"https:\/\/schema.org","@graph":[{"@type":"WebPage","@id":"https:\/\/alcads.com\/hu\/legyen-viszontelado\/","url":"https:\/\/alcads.com\/hu\/legyen-viszontelado\/","name":"Legyen viszontelad\u00f3 - Alcads","isPartOf":{"@id":"https:\/\/alcads.com\/hu\/#website"},"datePublished":"2024-04-24T07:31:32+00:00","dateModified":"2024-12-31T08:53:08+00:00","description":"Csatlakozzon az ALCADS viszontelad\u00f3i programhoz, hogy hozz\u00e1f\u00e9rjen innovat\u00edv CAD-term\u00e9kekhez, speci\u00e1lis \u00e1rakhoz, marketingeszk\u00f6z\u00f6kh\u00f6z \u00e9s t\u00e1mogat\u00f3 partnerh\u00e1l\u00f3zathoz. Csatlakozzon most, \u00e9s emelje fel v\u00e1llalkoz\u00e1s\u00e1t!","breadcrumb":{"@id":"https:\/\/alcads.com\/hu\/legyen-viszontelado\/#breadcrumb"},"inLanguage":"hu","potentialAction":[{"@type":"ReadAction","target":["https:\/\/alcads.com\/hu\/legyen-viszontelado\/"]}]},{"@type":"BreadcrumbList","@id":"https:\/\/alcads.com\/hu\/legyen-viszontelado\/#breadcrumb","itemListElement":[{"@type":"ListItem","position":1,"name":"Home","item":"https:\/\/alcads.com\/hu\/"},{"@type":"ListItem","position":2,"name":"Legyen viszontelad\u00f3"}]},{"@type":"WebSite","@id":"https:\/\/alcads.com\/hu\/#website","url":"https:\/\/alcads.com\/hu\/","name":"Alcads","description":"The Best AutoCAD Alternative","publisher":{"@id":"https:\/\/alcads.com\/hu\/#organization"},"potentialAction":[{"@type":"SearchAction","target":{"@type":"EntryPoint","urlTemplate":"https:\/\/alcads.com\/hu\/?s={search_term_string}"},"query-input":{"@type":"PropertyValueSpecification","valueRequired":true,"valueName":"search_term_string"}}],"inLanguage":"hu"},{"@type":"Organization","@id":"https:\/\/alcads.com\/hu\/#organization","name":"Alcads","url":"https:\/\/alcads.com\/hu\/","logo":{"@type":"ImageObject","inLanguage":"hu","@id":"https:\/\/alcads.com\/hu\/#\/schema\/logo\/image\/","url":"https:\/\/alcads.com\/wp-content\/uploads\/2024\/05\/logo.png","contentUrl":"https:\/\/alcads.com\/wp-content\/uploads\/2024\/05\/logo.png","width":122,"height":42,"caption":"Alcads"},"image":{"@id":"https:\/\/alcads.com\/hu\/#\/schema\/logo\/image\/"}}]}},"jetpack_sharing_enabled":true,"_links":{"self":[{"href":"https:\/\/alcads.com\/hu\/wp-json\/wp\/v2\/pages\/97289","targetHints":{"allow":["GET"]}}],"collection":[{"href":"https:\/\/alcads.com\/hu\/wp-json\/wp\/v2\/pages"}],"about":[{"href":"https:\/\/alcads.com\/hu\/wp-json\/wp\/v2\/types\/page"}],"author":[{"embeddable":true,"href":"https:\/\/alcads.com\/hu\/wp-json\/wp\/v2\/users\/1"}],"replies":[{"embeddable":true,"href":"https:\/\/alcads.com\/hu\/wp-json\/wp\/v2\/comments?post=97289"}],"version-history":[{"count":1,"href":"https:\/\/alcads.com\/hu\/wp-json\/wp\/v2\/pages\/97289\/revisions"}],"predecessor-version":[{"id":101324,"href":"https:\/\/alcads.com\/hu\/wp-json\/wp\/v2\/pages\/97289\/revisions\/101324"}],"wp:attachment":[{"href":"https:\/\/alcads.com\/hu\/wp-json\/wp\/v2\/media?parent=97289"}],"curies":[{"name":"wp","href":"https:\/\/api.w.org\/{rel}","templated":true}]}}