{"id":97278,"date":"2024-04-23T07:12:49","date_gmt":"2024-04-23T07:12:49","guid":{"rendered":"https:\/\/dev.alcads.com\/about-us\/"},"modified":"2025-11-12T15:18:11","modified_gmt":"2025-11-12T15:18:11","slug":"rolunk","status":"publish","type":"page","link":"https:\/\/alcads.com\/hu\/rolunk\/","title":{"rendered":"R\u00f3lunk"},"content":{"rendered":"","protected":false},"excerpt":{"rendered":"","protected":false},"author":1,"featured_media":0,"parent":0,"menu_order":0,"comment_status":"closed","ping_status":"closed","template":"page-template\/about-us.php","meta":{"_acf_changed":false,"footnotes":""},"class_list":["post-97278","page","type-page","status-publish","hentry"],"acf":[],"yoast_head":"<!-- This site is optimized with the Yoast SEO plugin v27.3 - https:\/\/yoast.com\/product\/yoast-seo-wordpress\/ -->\n<title>R\u00f3lunk | ALCAD | Alcads.com<\/title>\n<meta name=\"description\" content=\"Fedezze fel az ALCADS-t, a CAD szoftvermegold\u00e1sok vezet\u0151 szolg\u00e1ltat\u00f3j\u00e1t a k\u00fcl\u00f6nb\u00f6z\u0151 ipar\u00e1gak sz\u00e1m\u00e1ra. Tapasztalt csapatunk sv\u00e1jci min\u0151s\u00e9get k\u00edn\u00e1l tisztess\u00e9ges \u00e1ron\" \/>\n<meta name=\"robots\" content=\"index, follow, max-snippet:-1, max-image-preview:large, max-video-preview:-1\" \/>\n<link rel=\"canonical\" href=\"https:\/\/alcads.com\/hu\/rolunk\/\" \/>\n<meta property=\"og:locale\" content=\"hu_HU\" \/>\n<meta property=\"og:type\" content=\"article\" \/>\n<meta property=\"og:title\" content=\"R\u00f3lunk | ALCAD | Alcads.com\" \/>\n<meta property=\"og:description\" content=\"Fedezze fel az ALCADS-t, a CAD szoftvermegold\u00e1sok vezet\u0151 szolg\u00e1ltat\u00f3j\u00e1t a k\u00fcl\u00f6nb\u00f6z\u0151 ipar\u00e1gak sz\u00e1m\u00e1ra. Tapasztalt csapatunk sv\u00e1jci min\u0151s\u00e9get k\u00edn\u00e1l tisztess\u00e9ges \u00e1ron\" \/>\n<meta property=\"og:url\" content=\"https:\/\/alcads.com\/hu\/rolunk\/\" \/>\n<meta property=\"og:site_name\" content=\"Alcads\" \/>\n<meta property=\"article:modified_time\" content=\"2025-11-12T15:18:11+00:00\" \/>\n<meta name=\"twitter:card\" content=\"summary_large_image\" \/>\n<script type=\"application\/ld+json\" class=\"yoast-schema-graph\">{\"@context\":\"https:\\\/\\\/schema.org\",\"@graph\":[{\"@type\":\"WebPage\",\"@id\":\"https:\\\/\\\/alcads.com\\\/hu\\\/rolunk\\\/\",\"url\":\"https:\\\/\\\/alcads.com\\\/hu\\\/rolunk\\\/\",\"name\":\"R\u00f3lunk | ALCAD | Alcads.com\",\"isPartOf\":{\"@id\":\"https:\\\/\\\/alcads.com\\\/hu\\\/#website\"},\"datePublished\":\"2024-04-23T07:12:49+00:00\",\"dateModified\":\"2025-11-12T15:18:11+00:00\",\"description\":\"Fedezze fel az ALCADS-t, a CAD szoftvermegold\u00e1sok vezet\u0151 szolg\u00e1ltat\u00f3j\u00e1t a k\u00fcl\u00f6nb\u00f6z\u0151 ipar\u00e1gak sz\u00e1m\u00e1ra. Tapasztalt csapatunk sv\u00e1jci min\u0151s\u00e9get k\u00edn\u00e1l tisztess\u00e9ges \u00e1ron\",\"breadcrumb\":{\"@id\":\"https:\\\/\\\/alcads.com\\\/hu\\\/rolunk\\\/#breadcrumb\"},\"inLanguage\":\"hu\",\"potentialAction\":[{\"@type\":\"ReadAction\",\"target\":[\"https:\\\/\\\/alcads.com\\\/hu\\\/rolunk\\\/\"]}]},{\"@type\":\"BreadcrumbList\",\"@id\":\"https:\\\/\\\/alcads.com\\\/hu\\\/rolunk\\\/#breadcrumb\",\"itemListElement\":[{\"@type\":\"ListItem\",\"position\":1,\"name\":\"Home\",\"item\":\"https:\\\/\\\/alcads.com\\\/hu\\\/\"},{\"@type\":\"ListItem\",\"position\":2,\"name\":\"R\u00f3lunk\"}]},{\"@type\":\"WebSite\",\"@id\":\"https:\\\/\\\/alcads.com\\\/hu\\\/#website\",\"url\":\"https:\\\/\\\/alcads.com\\\/hu\\\/\",\"name\":\"Alcads\",\"description\":\"The Best AutoCAD Alternative\",\"publisher\":{\"@id\":\"https:\\\/\\\/alcads.com\\\/hu\\\/#organization\"},\"potentialAction\":[{\"@type\":\"SearchAction\",\"target\":{\"@type\":\"EntryPoint\",\"urlTemplate\":\"https:\\\/\\\/alcads.com\\\/hu\\\/?s={search_term_string}\"},\"query-input\":{\"@type\":\"PropertyValueSpecification\",\"valueRequired\":true,\"valueName\":\"search_term_string\"}}],\"inLanguage\":\"hu\"},{\"@type\":\"Organization\",\"@id\":\"https:\\\/\\\/alcads.com\\\/hu\\\/#organization\",\"name\":\"Alcads\",\"url\":\"https:\\\/\\\/alcads.com\\\/hu\\\/\",\"logo\":{\"@type\":\"ImageObject\",\"inLanguage\":\"hu\",\"@id\":\"https:\\\/\\\/alcads.com\\\/hu\\\/#\\\/schema\\\/logo\\\/image\\\/\",\"url\":\"https:\\\/\\\/alcads.com\\\/wp-content\\\/uploads\\\/2024\\\/05\\\/logo.png\",\"contentUrl\":\"https:\\\/\\\/alcads.com\\\/wp-content\\\/uploads\\\/2024\\\/05\\\/logo.png\",\"width\":122,\"height\":42,\"caption\":\"Alcads\"},\"image\":{\"@id\":\"https:\\\/\\\/alcads.com\\\/hu\\\/#\\\/schema\\\/logo\\\/image\\\/\"}}]}<\/script>\n<!-- \/ Yoast SEO plugin. -->","yoast_head_json":{"title":"R\u00f3lunk | ALCAD | Alcads.com","description":"Fedezze fel az ALCADS-t, a CAD szoftvermegold\u00e1sok vezet\u0151 szolg\u00e1ltat\u00f3j\u00e1t a k\u00fcl\u00f6nb\u00f6z\u0151 ipar\u00e1gak sz\u00e1m\u00e1ra. Tapasztalt csapatunk sv\u00e1jci min\u0151s\u00e9get k\u00edn\u00e1l tisztess\u00e9ges \u00e1ron","robots":{"index":"index","follow":"follow","max-snippet":"max-snippet:-1","max-image-preview":"max-image-preview:large","max-video-preview":"max-video-preview:-1"},"canonical":"https:\/\/alcads.com\/hu\/rolunk\/","og_locale":"hu_HU","og_type":"article","og_title":"R\u00f3lunk | ALCAD | Alcads.com","og_description":"Fedezze fel az ALCADS-t, a CAD szoftvermegold\u00e1sok vezet\u0151 szolg\u00e1ltat\u00f3j\u00e1t a k\u00fcl\u00f6nb\u00f6z\u0151 ipar\u00e1gak sz\u00e1m\u00e1ra. Tapasztalt csapatunk sv\u00e1jci min\u0151s\u00e9get k\u00edn\u00e1l tisztess\u00e9ges \u00e1ron","og_url":"https:\/\/alcads.com\/hu\/rolunk\/","og_site_name":"Alcads","article_modified_time":"2025-11-12T15:18:11+00:00","twitter_card":"summary_large_image","schema":{"@context":"https:\/\/schema.org","@graph":[{"@type":"WebPage","@id":"https:\/\/alcads.com\/hu\/rolunk\/","url":"https:\/\/alcads.com\/hu\/rolunk\/","name":"R\u00f3lunk | ALCAD | Alcads.com","isPartOf":{"@id":"https:\/\/alcads.com\/hu\/#website"},"datePublished":"2024-04-23T07:12:49+00:00","dateModified":"2025-11-12T15:18:11+00:00","description":"Fedezze fel az ALCADS-t, a CAD szoftvermegold\u00e1sok vezet\u0151 szolg\u00e1ltat\u00f3j\u00e1t a k\u00fcl\u00f6nb\u00f6z\u0151 ipar\u00e1gak sz\u00e1m\u00e1ra. Tapasztalt csapatunk sv\u00e1jci min\u0151s\u00e9get k\u00edn\u00e1l tisztess\u00e9ges \u00e1ron","breadcrumb":{"@id":"https:\/\/alcads.com\/hu\/rolunk\/#breadcrumb"},"inLanguage":"hu","potentialAction":[{"@type":"ReadAction","target":["https:\/\/alcads.com\/hu\/rolunk\/"]}]},{"@type":"BreadcrumbList","@id":"https:\/\/alcads.com\/hu\/rolunk\/#breadcrumb","itemListElement":[{"@type":"ListItem","position":1,"name":"Home","item":"https:\/\/alcads.com\/hu\/"},{"@type":"ListItem","position":2,"name":"R\u00f3lunk"}]},{"@type":"WebSite","@id":"https:\/\/alcads.com\/hu\/#website","url":"https:\/\/alcads.com\/hu\/","name":"Alcads","description":"The Best AutoCAD Alternative","publisher":{"@id":"https:\/\/alcads.com\/hu\/#organization"},"potentialAction":[{"@type":"SearchAction","target":{"@type":"EntryPoint","urlTemplate":"https:\/\/alcads.com\/hu\/?s={search_term_string}"},"query-input":{"@type":"PropertyValueSpecification","valueRequired":true,"valueName":"search_term_string"}}],"inLanguage":"hu"},{"@type":"Organization","@id":"https:\/\/alcads.com\/hu\/#organization","name":"Alcads","url":"https:\/\/alcads.com\/hu\/","logo":{"@type":"ImageObject","inLanguage":"hu","@id":"https:\/\/alcads.com\/hu\/#\/schema\/logo\/image\/","url":"https:\/\/alcads.com\/wp-content\/uploads\/2024\/05\/logo.png","contentUrl":"https:\/\/alcads.com\/wp-content\/uploads\/2024\/05\/logo.png","width":122,"height":42,"caption":"Alcads"},"image":{"@id":"https:\/\/alcads.com\/hu\/#\/schema\/logo\/image\/"}}]}},"jetpack_sharing_enabled":true,"_links":{"self":[{"href":"https:\/\/alcads.com\/hu\/wp-json\/wp\/v2\/pages\/97278","targetHints":{"allow":["GET"]}}],"collection":[{"href":"https:\/\/alcads.com\/hu\/wp-json\/wp\/v2\/pages"}],"about":[{"href":"https:\/\/alcads.com\/hu\/wp-json\/wp\/v2\/types\/page"}],"author":[{"embeddable":true,"href":"https:\/\/alcads.com\/hu\/wp-json\/wp\/v2\/users\/1"}],"replies":[{"embeddable":true,"href":"https:\/\/alcads.com\/hu\/wp-json\/wp\/v2\/comments?post=97278"}],"version-history":[{"count":2,"href":"https:\/\/alcads.com\/hu\/wp-json\/wp\/v2\/pages\/97278\/revisions"}],"predecessor-version":[{"id":106668,"href":"https:\/\/alcads.com\/hu\/wp-json\/wp\/v2\/pages\/97278\/revisions\/106668"}],"wp:attachment":[{"href":"https:\/\/alcads.com\/hu\/wp-json\/wp\/v2\/media?parent=97278"}],"curies":[{"name":"wp","href":"https:\/\/api.w.org\/{rel}","templated":true}]}}