{"id":97268,"date":"2024-04-24T11:13:23","date_gmt":"2024-04-24T11:13:23","guid":{"rendered":"https:\/\/dev.alcads.com\/home\/"},"modified":"2025-12-03T10:30:34","modified_gmt":"2025-12-03T10:30:34","slug":"home","status":"publish","type":"page","link":"https:\/\/alcads.com\/hu\/","title":{"rendered":"Home"},"content":{"rendered":"","protected":false},"excerpt":{"rendered":"","protected":false},"author":1,"featured_media":0,"parent":0,"menu_order":0,"comment_status":"closed","ping_status":"closed","template":"page-template\/home.php","meta":{"_acf_changed":false,"footnotes":""},"class_list":["post-97268","page","type-page","status-publish","hentry"],"acf":[],"yoast_head":"<!-- This site is optimized with the Yoast SEO plugin v27.3 - https:\/\/yoast.com\/product\/yoast-seo-wordpress\/ -->\n<title>AutoCAD alternat\u00edva | Sz\u00e1m\u00edt\u00f3g\u00e9pes tervez\u00e9si szoftver | ALCAD<\/title>\n<meta name=\"description\" content=\"Fedezze fel az ALCAD-et, az AutoCAD kiv\u00e1l\u00f3 alternat\u00edv\u00e1j\u00e1t a sz\u00e1m\u00edt\u00f3g\u00e9pes tervez\u0151szoftverek egyszer\u0171s\u00edtett haszn\u00e1lat\u00e1hoz. Fokozza termel\u00e9kenys\u00e9g\u00e9t \u00e9s kreativit\u00e1s\u00e1t m\u00e9g ma.\" \/>\n<meta name=\"robots\" content=\"index, follow, max-snippet:-1, max-image-preview:large, max-video-preview:-1\" \/>\n<link rel=\"canonical\" href=\"https:\/\/alcads.com\/hu\/\" \/>\n<meta property=\"og:locale\" content=\"hu_HU\" \/>\n<meta property=\"og:type\" content=\"article\" \/>\n<meta property=\"og:title\" content=\"AutoCAD alternat\u00edva | Sz\u00e1m\u00edt\u00f3g\u00e9pes tervez\u00e9si szoftver | ALCAD\" \/>\n<meta property=\"og:description\" content=\"Fedezze fel az ALCAD-et, az AutoCAD kiv\u00e1l\u00f3 alternat\u00edv\u00e1j\u00e1t a sz\u00e1m\u00edt\u00f3g\u00e9pes tervez\u0151szoftverek egyszer\u0171s\u00edtett haszn\u00e1lat\u00e1hoz. Fokozza termel\u00e9kenys\u00e9g\u00e9t \u00e9s kreativit\u00e1s\u00e1t m\u00e9g ma.\" \/>\n<meta property=\"og:url\" content=\"https:\/\/alcads.com\/hu\/\" \/>\n<meta property=\"og:site_name\" content=\"Alcads\" \/>\n<meta property=\"article:modified_time\" content=\"2025-12-03T10:30:34+00:00\" \/>\n<meta name=\"twitter:card\" content=\"summary_large_image\" \/>\n<script type=\"application\/ld+json\" class=\"yoast-schema-graph\">{\"@context\":\"https:\\\/\\\/schema.org\",\"@graph\":[{\"@type\":\"WebPage\",\"@id\":\"https:\\\/\\\/alcads.com\\\/hu\\\/\",\"url\":\"https:\\\/\\\/alcads.com\\\/hu\\\/\",\"name\":\"AutoCAD alternat\u00edva | Sz\u00e1m\u00edt\u00f3g\u00e9pes tervez\u00e9si szoftver | ALCAD\",\"isPartOf\":{\"@id\":\"https:\\\/\\\/alcads.com\\\/hu\\\/#website\"},\"datePublished\":\"2024-04-24T11:13:23+00:00\",\"dateModified\":\"2025-12-03T10:30:34+00:00\",\"description\":\"Fedezze fel az ALCAD-et, az AutoCAD kiv\u00e1l\u00f3 alternat\u00edv\u00e1j\u00e1t a sz\u00e1m\u00edt\u00f3g\u00e9pes tervez\u0151szoftverek egyszer\u0171s\u00edtett haszn\u00e1lat\u00e1hoz. Fokozza termel\u00e9kenys\u00e9g\u00e9t \u00e9s kreativit\u00e1s\u00e1t m\u00e9g ma.\",\"breadcrumb\":{\"@id\":\"https:\\\/\\\/alcads.com\\\/hu\\\/#breadcrumb\"},\"inLanguage\":\"hu\",\"potentialAction\":[{\"@type\":\"ReadAction\",\"target\":[\"https:\\\/\\\/alcads.com\\\/hu\\\/\"]}]},{\"@type\":\"BreadcrumbList\",\"@id\":\"https:\\\/\\\/alcads.com\\\/hu\\\/#breadcrumb\",\"itemListElement\":[{\"@type\":\"ListItem\",\"position\":1,\"name\":\"Home\",\"item\":\"https:\\\/\\\/alcads.com\\\/hu\\\/\"},{\"@type\":\"ListItem\",\"position\":2,\"name\":\"Home\"}]},{\"@type\":\"WebSite\",\"@id\":\"https:\\\/\\\/alcads.com\\\/hu\\\/#website\",\"url\":\"https:\\\/\\\/alcads.com\\\/hu\\\/\",\"name\":\"Alcads\",\"description\":\"The Best AutoCAD Alternative\",\"publisher\":{\"@id\":\"https:\\\/\\\/alcads.com\\\/hu\\\/#organization\"},\"potentialAction\":[{\"@type\":\"SearchAction\",\"target\":{\"@type\":\"EntryPoint\",\"urlTemplate\":\"https:\\\/\\\/alcads.com\\\/hu\\\/?s={search_term_string}\"},\"query-input\":{\"@type\":\"PropertyValueSpecification\",\"valueRequired\":true,\"valueName\":\"search_term_string\"}}],\"inLanguage\":\"hu\"},{\"@type\":\"Organization\",\"@id\":\"https:\\\/\\\/alcads.com\\\/hu\\\/#organization\",\"name\":\"Alcads\",\"url\":\"https:\\\/\\\/alcads.com\\\/hu\\\/\",\"logo\":{\"@type\":\"ImageObject\",\"inLanguage\":\"hu\",\"@id\":\"https:\\\/\\\/alcads.com\\\/hu\\\/#\\\/schema\\\/logo\\\/image\\\/\",\"url\":\"https:\\\/\\\/alcads.com\\\/wp-content\\\/uploads\\\/2024\\\/05\\\/logo.png\",\"contentUrl\":\"https:\\\/\\\/alcads.com\\\/wp-content\\\/uploads\\\/2024\\\/05\\\/logo.png\",\"width\":122,\"height\":42,\"caption\":\"Alcads\"},\"image\":{\"@id\":\"https:\\\/\\\/alcads.com\\\/hu\\\/#\\\/schema\\\/logo\\\/image\\\/\"}}]}<\/script>\n<!-- \/ Yoast SEO plugin. -->","yoast_head_json":{"title":"AutoCAD alternat\u00edva | Sz\u00e1m\u00edt\u00f3g\u00e9pes tervez\u00e9si szoftver | ALCAD","description":"Fedezze fel az ALCAD-et, az AutoCAD kiv\u00e1l\u00f3 alternat\u00edv\u00e1j\u00e1t a sz\u00e1m\u00edt\u00f3g\u00e9pes tervez\u0151szoftverek egyszer\u0171s\u00edtett haszn\u00e1lat\u00e1hoz. Fokozza termel\u00e9kenys\u00e9g\u00e9t \u00e9s kreativit\u00e1s\u00e1t m\u00e9g ma.","robots":{"index":"index","follow":"follow","max-snippet":"max-snippet:-1","max-image-preview":"max-image-preview:large","max-video-preview":"max-video-preview:-1"},"canonical":"https:\/\/alcads.com\/hu\/","og_locale":"hu_HU","og_type":"article","og_title":"AutoCAD alternat\u00edva | Sz\u00e1m\u00edt\u00f3g\u00e9pes tervez\u00e9si szoftver | ALCAD","og_description":"Fedezze fel az ALCAD-et, az AutoCAD kiv\u00e1l\u00f3 alternat\u00edv\u00e1j\u00e1t a sz\u00e1m\u00edt\u00f3g\u00e9pes tervez\u0151szoftverek egyszer\u0171s\u00edtett haszn\u00e1lat\u00e1hoz. Fokozza termel\u00e9kenys\u00e9g\u00e9t \u00e9s kreativit\u00e1s\u00e1t m\u00e9g ma.","og_url":"https:\/\/alcads.com\/hu\/","og_site_name":"Alcads","article_modified_time":"2025-12-03T10:30:34+00:00","twitter_card":"summary_large_image","schema":{"@context":"https:\/\/schema.org","@graph":[{"@type":"WebPage","@id":"https:\/\/alcads.com\/hu\/","url":"https:\/\/alcads.com\/hu\/","name":"AutoCAD alternat\u00edva | Sz\u00e1m\u00edt\u00f3g\u00e9pes tervez\u00e9si szoftver | ALCAD","isPartOf":{"@id":"https:\/\/alcads.com\/hu\/#website"},"datePublished":"2024-04-24T11:13:23+00:00","dateModified":"2025-12-03T10:30:34+00:00","description":"Fedezze fel az ALCAD-et, az AutoCAD kiv\u00e1l\u00f3 alternat\u00edv\u00e1j\u00e1t a sz\u00e1m\u00edt\u00f3g\u00e9pes tervez\u0151szoftverek egyszer\u0171s\u00edtett haszn\u00e1lat\u00e1hoz. Fokozza termel\u00e9kenys\u00e9g\u00e9t \u00e9s kreativit\u00e1s\u00e1t m\u00e9g ma.","breadcrumb":{"@id":"https:\/\/alcads.com\/hu\/#breadcrumb"},"inLanguage":"hu","potentialAction":[{"@type":"ReadAction","target":["https:\/\/alcads.com\/hu\/"]}]},{"@type":"BreadcrumbList","@id":"https:\/\/alcads.com\/hu\/#breadcrumb","itemListElement":[{"@type":"ListItem","position":1,"name":"Home","item":"https:\/\/alcads.com\/hu\/"},{"@type":"ListItem","position":2,"name":"Home"}]},{"@type":"WebSite","@id":"https:\/\/alcads.com\/hu\/#website","url":"https:\/\/alcads.com\/hu\/","name":"Alcads","description":"The Best AutoCAD Alternative","publisher":{"@id":"https:\/\/alcads.com\/hu\/#organization"},"potentialAction":[{"@type":"SearchAction","target":{"@type":"EntryPoint","urlTemplate":"https:\/\/alcads.com\/hu\/?s={search_term_string}"},"query-input":{"@type":"PropertyValueSpecification","valueRequired":true,"valueName":"search_term_string"}}],"inLanguage":"hu"},{"@type":"Organization","@id":"https:\/\/alcads.com\/hu\/#organization","name":"Alcads","url":"https:\/\/alcads.com\/hu\/","logo":{"@type":"ImageObject","inLanguage":"hu","@id":"https:\/\/alcads.com\/hu\/#\/schema\/logo\/image\/","url":"https:\/\/alcads.com\/wp-content\/uploads\/2024\/05\/logo.png","contentUrl":"https:\/\/alcads.com\/wp-content\/uploads\/2024\/05\/logo.png","width":122,"height":42,"caption":"Alcads"},"image":{"@id":"https:\/\/alcads.com\/hu\/#\/schema\/logo\/image\/"}}]}},"jetpack_sharing_enabled":true,"_links":{"self":[{"href":"https:\/\/alcads.com\/hu\/wp-json\/wp\/v2\/pages\/97268","targetHints":{"allow":["GET"]}}],"collection":[{"href":"https:\/\/alcads.com\/hu\/wp-json\/wp\/v2\/pages"}],"about":[{"href":"https:\/\/alcads.com\/hu\/wp-json\/wp\/v2\/types\/page"}],"author":[{"embeddable":true,"href":"https:\/\/alcads.com\/hu\/wp-json\/wp\/v2\/users\/1"}],"replies":[{"embeddable":true,"href":"https:\/\/alcads.com\/hu\/wp-json\/wp\/v2\/comments?post=97268"}],"version-history":[{"count":14,"href":"https:\/\/alcads.com\/hu\/wp-json\/wp\/v2\/pages\/97268\/revisions"}],"predecessor-version":[{"id":116789,"href":"https:\/\/alcads.com\/hu\/wp-json\/wp\/v2\/pages\/97268\/revisions\/116789"}],"wp:attachment":[{"href":"https:\/\/alcads.com\/hu\/wp-json\/wp\/v2\/media?parent=97268"}],"curies":[{"name":"wp","href":"https:\/\/api.w.org\/{rel}","templated":true}]}}