{"id":105348,"date":"2024-04-25T10:45:56","date_gmt":"2024-04-25T10:45:56","guid":{"rendered":"https:\/\/dev.alcads.com\/product\/upgrade-alcad-professional\/"},"modified":"2025-12-02T10:59:12","modified_gmt":"2025-12-02T10:59:12","slug":"upgrade-alcad-professional","status":"publish","type":"product","link":"https:\/\/alcads.com\/fr\/product\/upgrade-alcad-professional\/","title":{"rendered":"Mise \u00e0 niveau \u2013 ALCAD Professional 2026 CAD"},"content":{"rendered":"<p>Passez \u00e0 Mise \u00e0 niveau \u2013 ALCAD Professional 2026 CAD. Permanent Licence. Une mise \u00e0 jour n&#8217;est possible que si vous poss\u00e9dez une ancienne licence comme ALCAD 2021, ALCAD 2022, ALCAD 2023 ou ALCAD 2024. Cette mise \u00e0 niveau n&#8217;est pas valable pour la solution MEP\/HVAC. Apr\u00e8s l&#8217;achat, l&#8217;ancienne licence sera gel\u00e9e et vous recevrez une nouvelle licence.<br \/>\nALCAD est la meilleure alternative \u00e0 AutoCAD. M\u00eame interface et m\u00eames fonctions qu&#8217;AutoCAD.<\/p>\n<p>Ce produit ne comprend que la CAO.<br \/>\nComparez le tableau ALCAD avec AutoCAD ici :<br \/>\n<a href=\"https:\/\/alcads.com\/compare-alcad\/\" target=\"_blank\" rel=\"noopener\">Comparez ALCAD | ALCAD (alcads.com)<\/a><\/p>\n<p><strong>ALCAD &#8211; l&#8217;interface CAO DWG-CAD<br \/>\nenti\u00e8rement compatible et fonctionnant comme AutoCAD.<\/strong><\/p>\n<ul>\n<li>.DWG 2026 Support<\/li>\n<li>G\u00e9olocalisation MAP-Import<\/li>\n<li>Importation de PDF vers DWG<\/li>\n<li>Gestionnaire de couches<\/li>\n<li>Gestionnaire XREF<\/li>\n<li>Architecture 3D<\/li>\n<li>Outils 2D et 3D complets<\/li>\n<li>Prise en charge des images matricielles<\/li>\n<li>Attachement BIM (rvt &amp; rfa)<\/li>\n<li>Nouvelle entr\u00e9e dynamique<\/li>\n<li>Carte g\u00e9ographique Emplacement et image<\/li>\n<li>Ajouter des signatures num\u00e9riques<\/li>\n<li>Modes d&#8217;esquisse et poign\u00e9es de s\u00e9lection<\/li>\n<li>Exportation de PDF 2D et 3D<\/li>\n<li>LISP, IRX\/DRX, SDS<\/li>\n<li>Nouveaux styles visuels et mat\u00e9riaux<\/li>\n<li>Rendu r\u00e9aliste<\/li>\n<li>Module compl\u00e9mentaire de rendu avanc\u00e9<\/li>\n<li>Microsoft VBA 7.1 et .NET API<\/li>\n<li>etransmission support<\/li>\n<li>Explosion de texte et hachures de d\u00e9grad\u00e9<\/li>\n<li>Architecture 64 bits<\/li>\n<li>Prise en charge multic\u0153ur<\/li>\n<li>Support multilingue<\/li>\n<li>Transfert de licence flexible en libre-service. Pas de limites aux transferts.<\/li>\n<li>(*) Pour le MEP 2D\/3D, choisissez ALCAD Professional 2D\/3D avec tous les plugins MEP.<\/li>\n<\/ul>\n","protected":false},"excerpt":{"rendered":"<p>Passez \u00e0 Mise \u00e0 niveau \u2013 ALCAD Professional 2026 CAD. Permanent Licence. Une mise \u00e0 jour n&#8217;est possible que si vous poss\u00e9dez une ancienne licence comme ALCAD 2021, ALCAD 2022, ALCAD 2023 ou ALCAD 2024. Cette mise \u00e0 niveau n&#8217;est pas valable pour la solution MEP\/HVAC. Apr\u00e8s l&#8217;achat, l&#8217;ancienne licence sera gel\u00e9e et vous recevrez [&hellip;]<\/p>\n","protected":false},"featured_media":96655,"comment_status":"closed","ping_status":"closed","template":"","meta":{"_acf_changed":false},"product_brand":[],"product_cat":[542],"product_tag":[],"class_list":{"0":"post-105348","1":"product","2":"type-product","3":"status-publish","4":"has-post-thumbnail","6":"product_cat-offres-groupees-alcad","8":"first","9":"instock","10":"taxable","11":"shipping-taxable","12":"purchasable","13":"product-type-simple"},"acf":[],"yoast_head":"<!-- This site is optimized with the Yoast SEO plugin v27.3 - https:\/\/yoast.com\/product\/yoast-seo-wordpress\/ -->\n<title>Mise \u00e0 niveau \u2013 ALCAD Professional 2026 CAD - Alcads<\/title>\n<meta name=\"description\" content=\"Obtenez la mise \u00e0 niveau d&#039;ALCAD 2024 Professional pour \u20ac229. B\u00e9n\u00e9ficiez de fonctionnalit\u00e9s CAO 2D\/3D avanc\u00e9es, de la prise en charge du format DWG 2024 et d&#039;une compatibilit\u00e9 transparente avec AutoCAD. Achetez maintenant !\" \/>\n<meta name=\"robots\" content=\"index, follow, max-snippet:-1, max-image-preview:large, max-video-preview:-1\" \/>\n<link rel=\"canonical\" href=\"https:\/\/alcads.com\/fr\/product\/upgrade-alcad-professional\/\" \/>\n<meta property=\"og:locale\" content=\"fr_FR\" \/>\n<meta property=\"og:type\" content=\"article\" \/>\n<meta property=\"og:title\" content=\"Mise \u00e0 niveau \u2013 ALCAD Professional 2026 CAD - Alcads\" \/>\n<meta property=\"og:description\" content=\"Obtenez la mise \u00e0 niveau d&#039;ALCAD 2024 Professional pour \u20ac229. B\u00e9n\u00e9ficiez de fonctionnalit\u00e9s CAO 2D\/3D avanc\u00e9es, de la prise en charge du format DWG 2024 et d&#039;une compatibilit\u00e9 transparente avec AutoCAD. Achetez maintenant !\" \/>\n<meta property=\"og:url\" content=\"https:\/\/alcads.com\/fr\/product\/upgrade-alcad-professional\/\" \/>\n<meta property=\"og:site_name\" content=\"Alcads\" \/>\n<meta property=\"article:modified_time\" content=\"2025-12-02T10:59:12+00:00\" \/>\n<meta property=\"og:image\" content=\"https:\/\/alcads.com\/wp-content\/uploads\/2024\/04\/AL_Logo_PNG_1-scaled.jpg\" \/>\n\t<meta property=\"og:image:width\" content=\"2560\" \/>\n\t<meta property=\"og:image:height\" content=\"2560\" \/>\n\t<meta property=\"og:image:type\" content=\"image\/jpeg\" \/>\n<meta name=\"twitter:card\" content=\"summary_large_image\" \/>\n<meta name=\"twitter:label1\" content=\"Dur\u00e9e de lecture estim\u00e9e\" \/>\n\t<meta name=\"twitter:data1\" content=\"2 minutes\" \/>\n<script type=\"application\/ld+json\" class=\"yoast-schema-graph\">{\"@context\":\"https:\\\/\\\/schema.org\",\"@graph\":[{\"@type\":\"WebPage\",\"@id\":\"https:\\\/\\\/alcads.com\\\/fr\\\/product\\\/upgrade-alcad-professional\\\/\",\"url\":\"https:\\\/\\\/alcads.com\\\/fr\\\/product\\\/upgrade-alcad-professional\\\/\",\"name\":\"Mise \u00e0 niveau \u2013 ALCAD Professional 2026 CAD - Alcads\",\"isPartOf\":{\"@id\":\"https:\\\/\\\/alcads.com\\\/fr\\\/#website\"},\"primaryImageOfPage\":{\"@id\":\"https:\\\/\\\/alcads.com\\\/fr\\\/product\\\/upgrade-alcad-professional\\\/#primaryimage\"},\"image\":{\"@id\":\"https:\\\/\\\/alcads.com\\\/fr\\\/product\\\/upgrade-alcad-professional\\\/#primaryimage\"},\"thumbnailUrl\":\"https:\\\/\\\/alcads.com\\\/wp-content\\\/uploads\\\/2024\\\/04\\\/AL_Logo_PNG_1-scaled.jpg\",\"datePublished\":\"2024-04-25T10:45:56+00:00\",\"dateModified\":\"2025-12-02T10:59:12+00:00\",\"description\":\"Obtenez la mise \u00e0 niveau d'ALCAD 2024 Professional pour \u20ac229. B\u00e9n\u00e9ficiez de fonctionnalit\u00e9s CAO 2D\\\/3D avanc\u00e9es, de la prise en charge du format DWG 2024 et d'une compatibilit\u00e9 transparente avec AutoCAD. Achetez maintenant !\",\"breadcrumb\":{\"@id\":\"https:\\\/\\\/alcads.com\\\/fr\\\/product\\\/upgrade-alcad-professional\\\/#breadcrumb\"},\"inLanguage\":\"fr-FR\",\"potentialAction\":[{\"@type\":\"ReadAction\",\"target\":[\"https:\\\/\\\/alcads.com\\\/fr\\\/product\\\/upgrade-alcad-professional\\\/\"]}]},{\"@type\":\"ImageObject\",\"inLanguage\":\"fr-FR\",\"@id\":\"https:\\\/\\\/alcads.com\\\/fr\\\/product\\\/upgrade-alcad-professional\\\/#primaryimage\",\"url\":\"https:\\\/\\\/alcads.com\\\/wp-content\\\/uploads\\\/2024\\\/04\\\/AL_Logo_PNG_1-scaled.jpg\",\"contentUrl\":\"https:\\\/\\\/alcads.com\\\/wp-content\\\/uploads\\\/2024\\\/04\\\/AL_Logo_PNG_1-scaled.jpg\",\"width\":2560,\"height\":2560,\"caption\":\"logo alcads\"},{\"@type\":\"BreadcrumbList\",\"@id\":\"https:\\\/\\\/alcads.com\\\/fr\\\/product\\\/upgrade-alcad-professional\\\/#breadcrumb\",\"itemListElement\":[{\"@type\":\"ListItem\",\"position\":1,\"name\":\"Home\",\"item\":\"https:\\\/\\\/alcads.com\\\/fr\\\/\"},{\"@type\":\"ListItem\",\"position\":2,\"name\":\"Magasin\",\"item\":\"https:\\\/\\\/alcads.com\\\/fr\\\/magasin\\\/\"},{\"@type\":\"ListItem\",\"position\":3,\"name\":\"Mise \u00e0 niveau \u2013 ALCAD Professional 2026 CAD\"}]},{\"@type\":\"WebSite\",\"@id\":\"https:\\\/\\\/alcads.com\\\/fr\\\/#website\",\"url\":\"https:\\\/\\\/alcads.com\\\/fr\\\/\",\"name\":\"Alcads\",\"description\":\"The Best AutoCAD Alternative\",\"publisher\":{\"@id\":\"https:\\\/\\\/alcads.com\\\/fr\\\/#organization\"},\"potentialAction\":[{\"@type\":\"SearchAction\",\"target\":{\"@type\":\"EntryPoint\",\"urlTemplate\":\"https:\\\/\\\/alcads.com\\\/fr\\\/?s={search_term_string}\"},\"query-input\":{\"@type\":\"PropertyValueSpecification\",\"valueRequired\":true,\"valueName\":\"search_term_string\"}}],\"inLanguage\":\"fr-FR\"},{\"@type\":\"Organization\",\"@id\":\"https:\\\/\\\/alcads.com\\\/fr\\\/#organization\",\"name\":\"Alcads\",\"url\":\"https:\\\/\\\/alcads.com\\\/fr\\\/\",\"logo\":{\"@type\":\"ImageObject\",\"inLanguage\":\"fr-FR\",\"@id\":\"https:\\\/\\\/alcads.com\\\/fr\\\/#\\\/schema\\\/logo\\\/image\\\/\",\"url\":\"https:\\\/\\\/alcads.com\\\/wp-content\\\/uploads\\\/2024\\\/05\\\/logo.png\",\"contentUrl\":\"https:\\\/\\\/alcads.com\\\/wp-content\\\/uploads\\\/2024\\\/05\\\/logo.png\",\"width\":122,\"height\":42,\"caption\":\"Alcads\"},\"image\":{\"@id\":\"https:\\\/\\\/alcads.com\\\/fr\\\/#\\\/schema\\\/logo\\\/image\\\/\"}}]}<\/script>\n<!-- \/ Yoast SEO plugin. -->","yoast_head_json":{"title":"Mise \u00e0 niveau \u2013 ALCAD Professional 2026 CAD - Alcads","description":"Obtenez la mise \u00e0 niveau d'ALCAD 2024 Professional pour \u20ac229. B\u00e9n\u00e9ficiez de fonctionnalit\u00e9s CAO 2D\/3D avanc\u00e9es, de la prise en charge du format DWG 2024 et d'une compatibilit\u00e9 transparente avec AutoCAD. Achetez maintenant !","robots":{"index":"index","follow":"follow","max-snippet":"max-snippet:-1","max-image-preview":"max-image-preview:large","max-video-preview":"max-video-preview:-1"},"canonical":"https:\/\/alcads.com\/fr\/product\/upgrade-alcad-professional\/","og_locale":"fr_FR","og_type":"article","og_title":"Mise \u00e0 niveau \u2013 ALCAD Professional 2026 CAD - Alcads","og_description":"Obtenez la mise \u00e0 niveau d'ALCAD 2024 Professional pour \u20ac229. B\u00e9n\u00e9ficiez de fonctionnalit\u00e9s CAO 2D\/3D avanc\u00e9es, de la prise en charge du format DWG 2024 et d'une compatibilit\u00e9 transparente avec AutoCAD. Achetez maintenant !","og_url":"https:\/\/alcads.com\/fr\/product\/upgrade-alcad-professional\/","og_site_name":"Alcads","article_modified_time":"2025-12-02T10:59:12+00:00","og_image":[{"width":2560,"height":2560,"url":"https:\/\/alcads.com\/wp-content\/uploads\/2024\/04\/AL_Logo_PNG_1-scaled.jpg","type":"image\/jpeg"}],"twitter_card":"summary_large_image","twitter_misc":{"Dur\u00e9e de lecture estim\u00e9e":"2 minutes"},"schema":{"@context":"https:\/\/schema.org","@graph":[{"@type":"WebPage","@id":"https:\/\/alcads.com\/fr\/product\/upgrade-alcad-professional\/","url":"https:\/\/alcads.com\/fr\/product\/upgrade-alcad-professional\/","name":"Mise \u00e0 niveau \u2013 ALCAD Professional 2026 CAD - Alcads","isPartOf":{"@id":"https:\/\/alcads.com\/fr\/#website"},"primaryImageOfPage":{"@id":"https:\/\/alcads.com\/fr\/product\/upgrade-alcad-professional\/#primaryimage"},"image":{"@id":"https:\/\/alcads.com\/fr\/product\/upgrade-alcad-professional\/#primaryimage"},"thumbnailUrl":"https:\/\/alcads.com\/wp-content\/uploads\/2024\/04\/AL_Logo_PNG_1-scaled.jpg","datePublished":"2024-04-25T10:45:56+00:00","dateModified":"2025-12-02T10:59:12+00:00","description":"Obtenez la mise \u00e0 niveau d'ALCAD 2024 Professional pour \u20ac229. B\u00e9n\u00e9ficiez de fonctionnalit\u00e9s CAO 2D\/3D avanc\u00e9es, de la prise en charge du format DWG 2024 et d'une compatibilit\u00e9 transparente avec AutoCAD. Achetez maintenant !","breadcrumb":{"@id":"https:\/\/alcads.com\/fr\/product\/upgrade-alcad-professional\/#breadcrumb"},"inLanguage":"fr-FR","potentialAction":[{"@type":"ReadAction","target":["https:\/\/alcads.com\/fr\/product\/upgrade-alcad-professional\/"]}]},{"@type":"ImageObject","inLanguage":"fr-FR","@id":"https:\/\/alcads.com\/fr\/product\/upgrade-alcad-professional\/#primaryimage","url":"https:\/\/alcads.com\/wp-content\/uploads\/2024\/04\/AL_Logo_PNG_1-scaled.jpg","contentUrl":"https:\/\/alcads.com\/wp-content\/uploads\/2024\/04\/AL_Logo_PNG_1-scaled.jpg","width":2560,"height":2560,"caption":"logo alcads"},{"@type":"BreadcrumbList","@id":"https:\/\/alcads.com\/fr\/product\/upgrade-alcad-professional\/#breadcrumb","itemListElement":[{"@type":"ListItem","position":1,"name":"Home","item":"https:\/\/alcads.com\/fr\/"},{"@type":"ListItem","position":2,"name":"Magasin","item":"https:\/\/alcads.com\/fr\/magasin\/"},{"@type":"ListItem","position":3,"name":"Mise \u00e0 niveau \u2013 ALCAD Professional 2026 CAD"}]},{"@type":"WebSite","@id":"https:\/\/alcads.com\/fr\/#website","url":"https:\/\/alcads.com\/fr\/","name":"Alcads","description":"The Best AutoCAD Alternative","publisher":{"@id":"https:\/\/alcads.com\/fr\/#organization"},"potentialAction":[{"@type":"SearchAction","target":{"@type":"EntryPoint","urlTemplate":"https:\/\/alcads.com\/fr\/?s={search_term_string}"},"query-input":{"@type":"PropertyValueSpecification","valueRequired":true,"valueName":"search_term_string"}}],"inLanguage":"fr-FR"},{"@type":"Organization","@id":"https:\/\/alcads.com\/fr\/#organization","name":"Alcads","url":"https:\/\/alcads.com\/fr\/","logo":{"@type":"ImageObject","inLanguage":"fr-FR","@id":"https:\/\/alcads.com\/fr\/#\/schema\/logo\/image\/","url":"https:\/\/alcads.com\/wp-content\/uploads\/2024\/05\/logo.png","contentUrl":"https:\/\/alcads.com\/wp-content\/uploads\/2024\/05\/logo.png","width":122,"height":42,"caption":"Alcads"},"image":{"@id":"https:\/\/alcads.com\/fr\/#\/schema\/logo\/image\/"}}]}},"jetpack_sharing_enabled":true,"_links":{"self":[{"href":"https:\/\/alcads.com\/fr\/wp-json\/wp\/v2\/product\/105348","targetHints":{"allow":["GET"]}}],"collection":[{"href":"https:\/\/alcads.com\/fr\/wp-json\/wp\/v2\/product"}],"about":[{"href":"https:\/\/alcads.com\/fr\/wp-json\/wp\/v2\/types\/product"}],"replies":[{"embeddable":true,"href":"https:\/\/alcads.com\/fr\/wp-json\/wp\/v2\/comments?post=105348"}],"wp:featuredmedia":[{"embeddable":true,"href":"https:\/\/alcads.com\/fr\/wp-json\/wp\/v2\/media\/96655"}],"wp:attachment":[{"href":"https:\/\/alcads.com\/fr\/wp-json\/wp\/v2\/media?parent=105348"}],"wp:term":[{"taxonomy":"product_brand","embeddable":true,"href":"https:\/\/alcads.com\/fr\/wp-json\/wp\/v2\/product_brand?post=105348"},{"taxonomy":"product_cat","embeddable":true,"href":"https:\/\/alcads.com\/fr\/wp-json\/wp\/v2\/product_cat?post=105348"},{"taxonomy":"product_tag","embeddable":true,"href":"https:\/\/alcads.com\/fr\/wp-json\/wp\/v2\/product_tag?post=105348"}],"curies":[{"name":"wp","href":"https:\/\/api.w.org\/{rel}","templated":true}]}}