{"id":97364,"date":"2024-04-23T05:31:04","date_gmt":"2024-04-23T05:31:04","guid":{"rendered":"https:\/\/dev.alcads.com\/privacy-policy\/"},"modified":"2025-11-21T22:43:04","modified_gmt":"2025-11-21T22:43:04","slug":"politique-de-confidentialite","status":"publish","type":"page","link":"https:\/\/alcads.com\/fr\/politique-de-confidentialite\/","title":{"rendered":"Politique de confidentialit\u00e9"},"content":{"rendered":"<h1 class=\"privacy-policy-h1\">Politique de Confidentialit\u00e9<br \/>\n<br \/><span>Derni\u00e8re mise \u00e0 jour le 21-nov-2025<\/span><br \/>\n<br \/><span>Date d\u2019entr\u00e9e en vigueur 21-nov-2025<\/span><br \/>\n<\/h1>\n<p class=\"privacy-policy-p\">\n    Cette Politique de Confidentialit\u00e9 d\u00e9crit les politiques de<\/p>\n<p>    Software Solution GmbH,<br \/>\n    M\u00fchlebachstrasse 43,<br \/>\n    Zurich<br \/>\n    8008,<br \/>\n    Suisse,<br \/>\n    e-mail : info@alcads.com,<br \/>\n    t\u00e9l\u00e9phone : +41445009952<\/p>\n<p>    concernant la collecte,<br \/>\n    l\u2019utilisation et la divulgation de vos informations que nous recueillons<br \/>\n    lorsque vous utilisez notre site web ( https:\/\/alcads.com ).<br \/>\n    (le \u00ab Service \u00bb). En acc\u00e9dant ou en utilisant<br \/>\n    le Service, vous consentez \u00e0 la collecte, \u00e0 l\u2019utilisation et \u00e0 la<br \/>\n    divulgation de vos informations conform\u00e9ment \u00e0 cette<br \/>\n    Politique de Confidentialit\u00e9. Si vous n\u2019y consentez pas,<br \/>\n    veuillez ne pas acc\u00e9der au Service ni l\u2019utiliser.\n<\/p>\n<p class=\"privacy-policy-p\">\n    Nous pouvons modifier cette Politique de Confidentialit\u00e9 \u00e0 tout moment<br \/>\n    sans pr\u00e9avis et publierons la version r\u00e9vis\u00e9e<br \/>\n    sur le Service. La politique r\u00e9vis\u00e9e entrera en vigueur<br \/>\n    180 jours apr\u00e8s sa publication sur le Service et votre<br \/>\n    acc\u00e8s continu ou utilisation du Service apr\u00e8s cette date<br \/>\n    constituera votre acceptation de la Politique de Confidentialit\u00e9 r\u00e9vis\u00e9e.<br \/>\n    Nous vous recommandons donc de consulter r\u00e9guli\u00e8rement cette page.\n<\/p>\n<ol class=\"privacy-policy-ol\">\n<li>\n<h2 class=\"privacy-policy-h2\">\n            Informations que nous collectons :<br \/>\n        <\/h2>\n<p class=\"privacy-policy-p\">\n            Nous collectons et traitons les informations<br \/>\n            personnelles suivantes vous concernant :\n        <\/p>\n<ol class=\"privacy-policy-ol\">\n<li>Nom<\/li>\n<li>E-mail<\/li>\n<\/ol>\n<\/li>\n<li>\n<h2 class=\"privacy-policy-h2\">\n            Comment nous collectons vos informations :<br \/>\n        <\/h2>\n<p class=\"privacy-policy-p\">\n            Nous collectons \/ recevons vos informations<br \/>\n            de la mani\u00e8re suivante :\n        <\/p>\n<ol class=\"privacy-policy-ol\">\n<li>Lorsque l\u2019utilisateur remplit le formulaire d\u2019inscription ou soumet des informations personnelles<\/li>\n<li>Interactions avec le site web<\/li>\n<li>Sources publiques<\/li>\n<\/ol>\n<\/li>\n<li>\n<h2 class=\"privacy-policy-h2\">\n            Comment nous utilisons vos informations :<br \/>\n        <\/h2>\n<p class=\"privacy-policy-p\">\n            Nous utiliserons les informations que nous collectons<br \/>\n            \u00e0 votre sujet pour les finalit\u00e9s suivantes :\n        <\/p>\n<ol class=\"privacy-policy-ol\">\n<li>Marketing \/ Promotion<\/li>\n<li>Cr\u00e9ation de compte utilisateur<\/li>\n<li>Support<\/li>\n<li>Publicit\u00e9 cibl\u00e9e<\/li>\n<li>Gestion des commandes clients<\/li>\n<\/ol>\n<p class=\"privacy-policy-p\">\n            Si nous souhaitons utiliser vos informations pour toute autre fin,<br \/>\n            nous vous demanderons votre consentement et<br \/>\n            n\u2019utiliserons vos informations qu\u2019apr\u00e8s avoir re\u00e7u votre accord,<br \/>\n            et uniquement pour la ou les finalit\u00e9s<br \/>\n            pour lesquelles vous avez donn\u00e9 votre consentement,<br \/>\n            sauf si la loi nous oblige \u00e0 agir autrement.\n        <\/p>\n<\/li>\n<li>\n<h2 class=\"privacy-policy-h2\">\n            Comment nous partageons vos informations :<br \/>\n        <\/h2>\n<p class=\"privacy-policy-p\">\n            Nous ne transf\u00e9rerons pas vos informations personnelles<br \/>\n            \u00e0 des tiers sans votre consentement,<br \/>\n            sauf dans les circonstances limit\u00e9es d\u00e9crites ci-dessous :\n        <\/p>\n<ol class=\"privacy-policy-ol\">\n<li>Service de publicit\u00e9<\/li>\n<li>Analyse<\/li>\n<\/ol>\n<p class=\"privacy-policy-p\">\n            Nous exigeons que ces tiers utilisent les<br \/>\n            informations personnelles que nous leur transf\u00e9rons uniquement<br \/>\n            pour la finalit\u00e9 pour laquelle elles ont \u00e9t\u00e9 fournies,<br \/>\n            et qu\u2019ils ne les conservent pas plus longtemps que n\u00e9cessaire<br \/>\n            pour atteindre cette finalit\u00e9.\n        <\/p>\n<p class=\"privacy-policy-p\">\n            Nous pouvons \u00e9galement divulguer vos informations personnelles :<br \/>\n            (1) pour nous conformer \u00e0 la loi applicable, \u00e0 un r\u00e8glement,<br \/>\n            \u00e0 une ordonnance judiciaire ou \u00e0 toute proc\u00e9dure l\u00e9gale ;<br \/>\n            (2) pour faire respecter vos accords avec nous,<br \/>\n            y compris cette Politique de Confidentialit\u00e9 ; ou<br \/>\n            (3) pour r\u00e9pondre \u00e0 des r\u00e9clamations selon lesquelles votre utilisation du Service<br \/>\n            violerait les droits de tiers. Si le Service ou notre entreprise<br \/>\n            fusionne avec ou est acquis par une autre soci\u00e9t\u00e9,<br \/>\n            vos informations feront partie des actifs transf\u00e9r\u00e9s<br \/>\n            au nouveau propri\u00e9taire.\n        <\/p>\n<\/li>\n<li>\n<h2 class=\"privacy-policy-h2\">\n            Conservation de vos informations :<br \/>\n        <\/h2>\n<p class=\"privacy-policy-p\">\n            Nous conserverons vos informations personnelles<br \/>\n            pendant 90 jours \u00e0 2 ans apr\u00e8s la fermeture du compte utilisateur,<br \/>\n            ou aussi longtemps que n\u00e9cessaire pour atteindre les finalit\u00e9s<br \/>\n            pour lesquelles elles ont \u00e9t\u00e9 collect\u00e9es, comme d\u00e9crit dans cette<br \/>\n            Politique de Confidentialit\u00e9. Certaines informations peuvent \u00eatre<br \/>\n            conserv\u00e9es plus longtemps, par exemple pour respecter des obligations l\u00e9gales<br \/>\n            ou pour d\u2019autres raisons l\u00e9gitimes telles que la lutte contre la fraude<br \/>\n            ou la d\u00e9fense de droits juridiques. Les donn\u00e9es r\u00e9siduelles anonymes<br \/>\n            et les informations agr\u00e9g\u00e9es, qui ne permettent pas de vous identifier<br \/>\n            directement ou indirectement, peuvent \u00eatre conserv\u00e9es ind\u00e9finiment.\n        <\/p>\n<\/li>\n<li>\n<h2 class=\"privacy-policy-h2\">\n            Vos droits :<br \/>\n        <\/h2>\n<p class=\"privacy-policy-p\">\n            Selon la loi applicable, vous pouvez avoir le droit<br \/>\n            d\u2019acc\u00e9der \u00e0 vos donn\u00e9es personnelles, de les rectifier ou de les supprimer,<br \/>\n            d\u2019en recevoir une copie, de limiter ou de vous opposer<br \/>\n            au traitement actif de vos donn\u00e9es, de demander<br \/>\n            que nous transf\u00e9rions vos donn\u00e9es personnelles \u00e0 une autre entit\u00e9,<br \/>\n            de retirer tout consentement que vous nous avez donn\u00e9,<br \/>\n            ainsi que le droit de d\u00e9poser une plainte aupr\u00e8s d\u2019une autorit\u00e9 comp\u00e9tente<br \/>\n            et d\u2019autres droits applicables. Pour exercer ces droits,<br \/>\n            vous pouvez nous \u00e9crire \u00e0 info@alcads.com.<br \/>\n            Nous r\u00e9pondrons \u00e0 votre demande conform\u00e9ment \u00e0 la loi applicable.\n        <\/p>\n<p class=\"privacy-policy-p\">\n            Vous pouvez vous d\u00e9sinscrire des communications marketing directes<br \/>\n            ou du profilage que nous effectuons \u00e0 des fins marketing<br \/>\n            en nous \u00e9crivant \u00e0 info@alcads.com.\n        <\/p>\n<p class=\"privacy-policy-p\">\n            Veuillez noter que si vous ne nous autorisez pas \u00e0 collecter<br \/>\n            ou \u00e0 traiter les informations personnelles requises,<br \/>\n            ou si vous retirez votre consentement,<br \/>\n            il se peut que vous ne puissiez pas acc\u00e9der aux services<br \/>\n            pour lesquels vos informations \u00e9taient n\u00e9cessaires.\n        <\/p>\n<\/li>\n<li>\n<h2 class=\"privacy-policy-h2\">\n            Cookies etc.<br \/>\n        <\/h2>\n<p class=\"privacy-policy-p\">\n            Pour en savoir plus sur la mani\u00e8re dont nous utilisons<br \/>\n            ces technologies et sur vos choix concernant<br \/>\n            ces technologies de suivi, veuillez consulter notre<br \/>\n            <a href=\"https:\/\/alcads.com\">Politique relative aux cookies.<\/a>\n        <\/p>\n<\/li>\n<li>\n<h2 class=\"privacy-policy-h2\">\n            S\u00e9curit\u00e9 :<br \/>\n        <\/h2>\n<p class=\"privacy-policy-p\">\n            La s\u00e9curit\u00e9 de vos informations est importante pour nous<br \/>\n            et nous mettons en place des mesures raisonnables<br \/>\n            pour pr\u00e9venir la perte, l\u2019usage abusif ou<br \/>\n            la modification non autoris\u00e9e de vos donn\u00e9es.<br \/>\n            Cependant, compte tenu des risques inh\u00e9rents,<br \/>\n            nous ne pouvons garantir une s\u00e9curit\u00e9 absolue<br \/>\n            et ne pouvons donc assurer la protection compl\u00e8te<br \/>\n            des informations que vous nous transmettez.<br \/>\n            Vous transmettez ces informations \u00e0 vos propres risques.\n        <\/p>\n<\/li>\n<li>\n<h2 class=\"privacy-policy-h2\">\n            Responsable des plaintes \/ D\u00e9l\u00e9gu\u00e9 \u00e0 la protection des donn\u00e9es :<br \/>\n        <\/h2>\n<p class=\"privacy-policy-p\">\n            Si vous avez des questions ou des pr\u00e9occupations concernant<br \/>\n            le traitement de vos informations,<br \/>\n            vous pouvez contacter par e-mail notre D\u00e9l\u00e9gu\u00e9 \u00e0 la protection des donn\u00e9es :<br \/>\n            Software Solution GmbH,<br \/>\n            M\u00fchlebachstrasse 43,<br \/>\n            e-mail : info@alcads.com.<br \/>\n            Nous traiterons vos pr\u00e9occupations conform\u00e9ment \u00e0 la loi applicable.\n        <\/p>\n<\/li>\n<\/ol>\n<p class=\"privacy-policy-p\">\n    Politique de Confidentialit\u00e9 g\u00e9n\u00e9r\u00e9e avec <a target=\"_blank\" href=\"https:\/\/www.cookieyes.com\/?utm_source=PP&#038;utm_medium=footer&#038;utm_campaign=UW\">CookieYes<\/a>.<\/p>\n","protected":false},"excerpt":{"rendered":"<p>Politique de Confidentialit\u00e9 Derni\u00e8re mise \u00e0 jour le 21-nov-2025 Date d\u2019entr\u00e9e en vigueur 21-nov-2025 Cette Politique de Confidentialit\u00e9 d\u00e9crit les politiques de Software Solution GmbH, M\u00fchlebachstrasse 43, Zurich 8008, Suisse, e-mail : info@alcads.com, t\u00e9l\u00e9phone : +41445009952 concernant la collecte, l\u2019utilisation et la divulgation de vos informations que nous recueillons lorsque vous utilisez notre site web [&hellip;]<\/p>\n","protected":false},"author":1,"featured_media":0,"parent":0,"menu_order":0,"comment_status":"closed","ping_status":"closed","template":"","meta":{"_acf_changed":false,"footnotes":""},"class_list":["post-97364","page","type-page","status-publish","hentry"],"acf":[],"yoast_head":"<!-- This site is optimized with the Yoast SEO plugin v27.3 - https:\/\/yoast.com\/product\/yoast-seo-wordpress\/ -->\n<title>Politique de confidentialit\u00e9 - Alcads<\/title>\n<meta name=\"description\" content=\"Consultez notre politique de confidentialit\u00e9 pour comprendre comment Software Solution GmbH g\u00e8re les donn\u00e9es personnelles, y compris les mesures de s\u00e9curit\u00e9 et l&#039;utilisation des cookies, conform\u00e9ment aux r\u00e9glementations suisses et GDPR.\" \/>\n<meta name=\"robots\" content=\"noindex, follow\" \/>\n<meta property=\"og:locale\" content=\"fr_FR\" \/>\n<meta property=\"og:type\" content=\"article\" \/>\n<meta property=\"og:title\" content=\"Politique de confidentialit\u00e9 - Alcads\" \/>\n<meta property=\"og:description\" content=\"Consultez notre politique de confidentialit\u00e9 pour comprendre comment Software Solution GmbH g\u00e8re les donn\u00e9es personnelles, y compris les mesures de s\u00e9curit\u00e9 et l&#039;utilisation des cookies, conform\u00e9ment aux r\u00e9glementations suisses et GDPR.\" \/>\n<meta property=\"og:url\" content=\"https:\/\/alcads.com\/fr\/politique-de-confidentialite\/\" \/>\n<meta property=\"og:site_name\" content=\"Alcads\" \/>\n<meta property=\"article:modified_time\" content=\"2025-11-21T22:43:04+00:00\" \/>\n<meta name=\"twitter:card\" content=\"summary_large_image\" \/>\n<meta name=\"twitter:label1\" content=\"Dur\u00e9e de lecture estim\u00e9e\" \/>\n\t<meta name=\"twitter:data1\" content=\"7 minutes\" \/>\n<script type=\"application\/ld+json\" class=\"yoast-schema-graph\">{\"@context\":\"https:\\\/\\\/schema.org\",\"@graph\":[{\"@type\":\"WebPage\",\"@id\":\"https:\\\/\\\/alcads.com\\\/fr\\\/politique-de-confidentialite\\\/\",\"url\":\"https:\\\/\\\/alcads.com\\\/fr\\\/politique-de-confidentialite\\\/\",\"name\":\"Politique de confidentialit\u00e9 - Alcads\",\"isPartOf\":{\"@id\":\"https:\\\/\\\/alcads.com\\\/fr\\\/#website\"},\"datePublished\":\"2024-04-23T05:31:04+00:00\",\"dateModified\":\"2025-11-21T22:43:04+00:00\",\"description\":\"Consultez notre politique de confidentialit\u00e9 pour comprendre comment Software Solution GmbH g\u00e8re les donn\u00e9es personnelles, y compris les mesures de s\u00e9curit\u00e9 et l'utilisation des cookies, conform\u00e9ment aux r\u00e9glementations suisses et GDPR.\",\"breadcrumb\":{\"@id\":\"https:\\\/\\\/alcads.com\\\/fr\\\/politique-de-confidentialite\\\/#breadcrumb\"},\"inLanguage\":\"fr-FR\",\"potentialAction\":[{\"@type\":\"ReadAction\",\"target\":[\"https:\\\/\\\/alcads.com\\\/fr\\\/politique-de-confidentialite\\\/\"]}]},{\"@type\":\"BreadcrumbList\",\"@id\":\"https:\\\/\\\/alcads.com\\\/fr\\\/politique-de-confidentialite\\\/#breadcrumb\",\"itemListElement\":[{\"@type\":\"ListItem\",\"position\":1,\"name\":\"Home\",\"item\":\"https:\\\/\\\/alcads.com\\\/fr\\\/\"},{\"@type\":\"ListItem\",\"position\":2,\"name\":\"Politique de confidentialit\u00e9\"}]},{\"@type\":\"WebSite\",\"@id\":\"https:\\\/\\\/alcads.com\\\/fr\\\/#website\",\"url\":\"https:\\\/\\\/alcads.com\\\/fr\\\/\",\"name\":\"Alcads\",\"description\":\"The Best AutoCAD Alternative\",\"publisher\":{\"@id\":\"https:\\\/\\\/alcads.com\\\/fr\\\/#organization\"},\"potentialAction\":[{\"@type\":\"SearchAction\",\"target\":{\"@type\":\"EntryPoint\",\"urlTemplate\":\"https:\\\/\\\/alcads.com\\\/fr\\\/?s={search_term_string}\"},\"query-input\":{\"@type\":\"PropertyValueSpecification\",\"valueRequired\":true,\"valueName\":\"search_term_string\"}}],\"inLanguage\":\"fr-FR\"},{\"@type\":\"Organization\",\"@id\":\"https:\\\/\\\/alcads.com\\\/fr\\\/#organization\",\"name\":\"Alcads\",\"url\":\"https:\\\/\\\/alcads.com\\\/fr\\\/\",\"logo\":{\"@type\":\"ImageObject\",\"inLanguage\":\"fr-FR\",\"@id\":\"https:\\\/\\\/alcads.com\\\/fr\\\/#\\\/schema\\\/logo\\\/image\\\/\",\"url\":\"https:\\\/\\\/alcads.com\\\/wp-content\\\/uploads\\\/2024\\\/05\\\/logo.png\",\"contentUrl\":\"https:\\\/\\\/alcads.com\\\/wp-content\\\/uploads\\\/2024\\\/05\\\/logo.png\",\"width\":122,\"height\":42,\"caption\":\"Alcads\"},\"image\":{\"@id\":\"https:\\\/\\\/alcads.com\\\/fr\\\/#\\\/schema\\\/logo\\\/image\\\/\"}}]}<\/script>\n<!-- \/ Yoast SEO plugin. -->","yoast_head_json":{"title":"Politique de confidentialit\u00e9 - Alcads","description":"Consultez notre politique de confidentialit\u00e9 pour comprendre comment Software Solution GmbH g\u00e8re les donn\u00e9es personnelles, y compris les mesures de s\u00e9curit\u00e9 et l'utilisation des cookies, conform\u00e9ment aux r\u00e9glementations suisses et GDPR.","robots":{"index":"noindex","follow":"follow"},"og_locale":"fr_FR","og_type":"article","og_title":"Politique de confidentialit\u00e9 - Alcads","og_description":"Consultez notre politique de confidentialit\u00e9 pour comprendre comment Software Solution GmbH g\u00e8re les donn\u00e9es personnelles, y compris les mesures de s\u00e9curit\u00e9 et l'utilisation des cookies, conform\u00e9ment aux r\u00e9glementations suisses et GDPR.","og_url":"https:\/\/alcads.com\/fr\/politique-de-confidentialite\/","og_site_name":"Alcads","article_modified_time":"2025-11-21T22:43:04+00:00","twitter_card":"summary_large_image","twitter_misc":{"Dur\u00e9e de lecture estim\u00e9e":"7 minutes"},"schema":{"@context":"https:\/\/schema.org","@graph":[{"@type":"WebPage","@id":"https:\/\/alcads.com\/fr\/politique-de-confidentialite\/","url":"https:\/\/alcads.com\/fr\/politique-de-confidentialite\/","name":"Politique de confidentialit\u00e9 - Alcads","isPartOf":{"@id":"https:\/\/alcads.com\/fr\/#website"},"datePublished":"2024-04-23T05:31:04+00:00","dateModified":"2025-11-21T22:43:04+00:00","description":"Consultez notre politique de confidentialit\u00e9 pour comprendre comment Software Solution GmbH g\u00e8re les donn\u00e9es personnelles, y compris les mesures de s\u00e9curit\u00e9 et l'utilisation des cookies, conform\u00e9ment aux r\u00e9glementations suisses et GDPR.","breadcrumb":{"@id":"https:\/\/alcads.com\/fr\/politique-de-confidentialite\/#breadcrumb"},"inLanguage":"fr-FR","potentialAction":[{"@type":"ReadAction","target":["https:\/\/alcads.com\/fr\/politique-de-confidentialite\/"]}]},{"@type":"BreadcrumbList","@id":"https:\/\/alcads.com\/fr\/politique-de-confidentialite\/#breadcrumb","itemListElement":[{"@type":"ListItem","position":1,"name":"Home","item":"https:\/\/alcads.com\/fr\/"},{"@type":"ListItem","position":2,"name":"Politique de confidentialit\u00e9"}]},{"@type":"WebSite","@id":"https:\/\/alcads.com\/fr\/#website","url":"https:\/\/alcads.com\/fr\/","name":"Alcads","description":"The Best AutoCAD Alternative","publisher":{"@id":"https:\/\/alcads.com\/fr\/#organization"},"potentialAction":[{"@type":"SearchAction","target":{"@type":"EntryPoint","urlTemplate":"https:\/\/alcads.com\/fr\/?s={search_term_string}"},"query-input":{"@type":"PropertyValueSpecification","valueRequired":true,"valueName":"search_term_string"}}],"inLanguage":"fr-FR"},{"@type":"Organization","@id":"https:\/\/alcads.com\/fr\/#organization","name":"Alcads","url":"https:\/\/alcads.com\/fr\/","logo":{"@type":"ImageObject","inLanguage":"fr-FR","@id":"https:\/\/alcads.com\/fr\/#\/schema\/logo\/image\/","url":"https:\/\/alcads.com\/wp-content\/uploads\/2024\/05\/logo.png","contentUrl":"https:\/\/alcads.com\/wp-content\/uploads\/2024\/05\/logo.png","width":122,"height":42,"caption":"Alcads"},"image":{"@id":"https:\/\/alcads.com\/fr\/#\/schema\/logo\/image\/"}}]}},"jetpack_sharing_enabled":true,"_links":{"self":[{"href":"https:\/\/alcads.com\/fr\/wp-json\/wp\/v2\/pages\/97364","targetHints":{"allow":["GET"]}}],"collection":[{"href":"https:\/\/alcads.com\/fr\/wp-json\/wp\/v2\/pages"}],"about":[{"href":"https:\/\/alcads.com\/fr\/wp-json\/wp\/v2\/types\/page"}],"author":[{"embeddable":true,"href":"https:\/\/alcads.com\/fr\/wp-json\/wp\/v2\/users\/1"}],"replies":[{"embeddable":true,"href":"https:\/\/alcads.com\/fr\/wp-json\/wp\/v2\/comments?post=97364"}],"version-history":[{"count":3,"href":"https:\/\/alcads.com\/fr\/wp-json\/wp\/v2\/pages\/97364\/revisions"}],"predecessor-version":[{"id":115886,"href":"https:\/\/alcads.com\/fr\/wp-json\/wp\/v2\/pages\/97364\/revisions\/115886"}],"wp:attachment":[{"href":"https:\/\/alcads.com\/fr\/wp-json\/wp\/v2\/media?parent=97364"}],"curies":[{"name":"wp","href":"https:\/\/api.w.org\/{rel}","templated":true}]}}