{"id":97353,"date":"2024-04-23T07:09:53","date_gmt":"2024-04-23T07:09:53","guid":{"rendered":"https:\/\/dev.alcads.com\/mep-plugins\/"},"modified":"2025-01-02T08:56:21","modified_gmt":"2025-01-02T08:56:21","slug":"plugins-mep","status":"publish","type":"page","link":"https:\/\/alcads.com\/fr\/plugins-mep\/","title":{"rendered":"Plugins MEP"},"content":{"rendered":"","protected":false},"excerpt":{"rendered":"","protected":false},"author":1,"featured_media":0,"parent":0,"menu_order":0,"comment_status":"closed","ping_status":"closed","template":"page-template\/mep-plugins.php","meta":{"_acf_changed":false,"footnotes":""},"class_list":["post-97353","page","type-page","status-publish","hentry"],"acf":[],"yoast_head":"<!-- This site is optimized with the Yoast SEO plugin v27.3 - https:\/\/yoast.com\/product\/yoast-seo-wordpress\/ -->\n<title>Plugins MEP - Alcads<\/title>\n<meta name=\"description\" content=\"Boostez votre conception MEP avec les plugins 2D et 3D avanc\u00e9s d&#039;ALCAD. Cr\u00e9ez et modifiez facilement des syst\u00e8mes de tuyauterie, de ventilation, de chauffage et sanitaires. Commencez votre essai gratuit de 15 jours d\u00e8s maintenant !\" \/>\n<meta name=\"robots\" content=\"index, follow, max-snippet:-1, max-image-preview:large, max-video-preview:-1\" \/>\n<link rel=\"canonical\" href=\"https:\/\/alcads.com\/fr\/plugins-mep\/\" \/>\n<meta property=\"og:locale\" content=\"fr_FR\" \/>\n<meta property=\"og:type\" content=\"article\" \/>\n<meta property=\"og:title\" content=\"Plugins MEP - Alcads\" \/>\n<meta property=\"og:description\" content=\"Boostez votre conception MEP avec les plugins 2D et 3D avanc\u00e9s d&#039;ALCAD. Cr\u00e9ez et modifiez facilement des syst\u00e8mes de tuyauterie, de ventilation, de chauffage et sanitaires. Commencez votre essai gratuit de 15 jours d\u00e8s maintenant !\" \/>\n<meta property=\"og:url\" content=\"https:\/\/alcads.com\/fr\/plugins-mep\/\" \/>\n<meta property=\"og:site_name\" content=\"Alcads\" \/>\n<meta property=\"article:modified_time\" content=\"2025-01-02T08:56:21+00:00\" \/>\n<meta name=\"twitter:card\" content=\"summary_large_image\" \/>\n<script type=\"application\/ld+json\" class=\"yoast-schema-graph\">{\"@context\":\"https:\\\/\\\/schema.org\",\"@graph\":[{\"@type\":\"WebPage\",\"@id\":\"https:\\\/\\\/alcads.com\\\/fr\\\/plugins-mep\\\/\",\"url\":\"https:\\\/\\\/alcads.com\\\/fr\\\/plugins-mep\\\/\",\"name\":\"Plugins MEP - Alcads\",\"isPartOf\":{\"@id\":\"https:\\\/\\\/alcads.com\\\/fr\\\/#website\"},\"datePublished\":\"2024-04-23T07:09:53+00:00\",\"dateModified\":\"2025-01-02T08:56:21+00:00\",\"description\":\"Boostez votre conception MEP avec les plugins 2D et 3D avanc\u00e9s d'ALCAD. Cr\u00e9ez et modifiez facilement des syst\u00e8mes de tuyauterie, de ventilation, de chauffage et sanitaires. Commencez votre essai gratuit de 15 jours d\u00e8s maintenant !\",\"breadcrumb\":{\"@id\":\"https:\\\/\\\/alcads.com\\\/fr\\\/plugins-mep\\\/#breadcrumb\"},\"inLanguage\":\"fr-FR\",\"potentialAction\":[{\"@type\":\"ReadAction\",\"target\":[\"https:\\\/\\\/alcads.com\\\/fr\\\/plugins-mep\\\/\"]}]},{\"@type\":\"BreadcrumbList\",\"@id\":\"https:\\\/\\\/alcads.com\\\/fr\\\/plugins-mep\\\/#breadcrumb\",\"itemListElement\":[{\"@type\":\"ListItem\",\"position\":1,\"name\":\"Home\",\"item\":\"https:\\\/\\\/alcads.com\\\/fr\\\/\"},{\"@type\":\"ListItem\",\"position\":2,\"name\":\"Plugins MEP\"}]},{\"@type\":\"WebSite\",\"@id\":\"https:\\\/\\\/alcads.com\\\/fr\\\/#website\",\"url\":\"https:\\\/\\\/alcads.com\\\/fr\\\/\",\"name\":\"Alcads\",\"description\":\"The Best AutoCAD Alternative\",\"publisher\":{\"@id\":\"https:\\\/\\\/alcads.com\\\/fr\\\/#organization\"},\"potentialAction\":[{\"@type\":\"SearchAction\",\"target\":{\"@type\":\"EntryPoint\",\"urlTemplate\":\"https:\\\/\\\/alcads.com\\\/fr\\\/?s={search_term_string}\"},\"query-input\":{\"@type\":\"PropertyValueSpecification\",\"valueRequired\":true,\"valueName\":\"search_term_string\"}}],\"inLanguage\":\"fr-FR\"},{\"@type\":\"Organization\",\"@id\":\"https:\\\/\\\/alcads.com\\\/fr\\\/#organization\",\"name\":\"Alcads\",\"url\":\"https:\\\/\\\/alcads.com\\\/fr\\\/\",\"logo\":{\"@type\":\"ImageObject\",\"inLanguage\":\"fr-FR\",\"@id\":\"https:\\\/\\\/alcads.com\\\/fr\\\/#\\\/schema\\\/logo\\\/image\\\/\",\"url\":\"https:\\\/\\\/alcads.com\\\/wp-content\\\/uploads\\\/2024\\\/05\\\/logo.png\",\"contentUrl\":\"https:\\\/\\\/alcads.com\\\/wp-content\\\/uploads\\\/2024\\\/05\\\/logo.png\",\"width\":122,\"height\":42,\"caption\":\"Alcads\"},\"image\":{\"@id\":\"https:\\\/\\\/alcads.com\\\/fr\\\/#\\\/schema\\\/logo\\\/image\\\/\"}}]}<\/script>\n<!-- \/ Yoast SEO plugin. -->","yoast_head_json":{"title":"Plugins MEP - Alcads","description":"Boostez votre conception MEP avec les plugins 2D et 3D avanc\u00e9s d'ALCAD. Cr\u00e9ez et modifiez facilement des syst\u00e8mes de tuyauterie, de ventilation, de chauffage et sanitaires. Commencez votre essai gratuit de 15 jours d\u00e8s maintenant !","robots":{"index":"index","follow":"follow","max-snippet":"max-snippet:-1","max-image-preview":"max-image-preview:large","max-video-preview":"max-video-preview:-1"},"canonical":"https:\/\/alcads.com\/fr\/plugins-mep\/","og_locale":"fr_FR","og_type":"article","og_title":"Plugins MEP - Alcads","og_description":"Boostez votre conception MEP avec les plugins 2D et 3D avanc\u00e9s d'ALCAD. Cr\u00e9ez et modifiez facilement des syst\u00e8mes de tuyauterie, de ventilation, de chauffage et sanitaires. Commencez votre essai gratuit de 15 jours d\u00e8s maintenant !","og_url":"https:\/\/alcads.com\/fr\/plugins-mep\/","og_site_name":"Alcads","article_modified_time":"2025-01-02T08:56:21+00:00","twitter_card":"summary_large_image","schema":{"@context":"https:\/\/schema.org","@graph":[{"@type":"WebPage","@id":"https:\/\/alcads.com\/fr\/plugins-mep\/","url":"https:\/\/alcads.com\/fr\/plugins-mep\/","name":"Plugins MEP - Alcads","isPartOf":{"@id":"https:\/\/alcads.com\/fr\/#website"},"datePublished":"2024-04-23T07:09:53+00:00","dateModified":"2025-01-02T08:56:21+00:00","description":"Boostez votre conception MEP avec les plugins 2D et 3D avanc\u00e9s d'ALCAD. Cr\u00e9ez et modifiez facilement des syst\u00e8mes de tuyauterie, de ventilation, de chauffage et sanitaires. Commencez votre essai gratuit de 15 jours d\u00e8s maintenant !","breadcrumb":{"@id":"https:\/\/alcads.com\/fr\/plugins-mep\/#breadcrumb"},"inLanguage":"fr-FR","potentialAction":[{"@type":"ReadAction","target":["https:\/\/alcads.com\/fr\/plugins-mep\/"]}]},{"@type":"BreadcrumbList","@id":"https:\/\/alcads.com\/fr\/plugins-mep\/#breadcrumb","itemListElement":[{"@type":"ListItem","position":1,"name":"Home","item":"https:\/\/alcads.com\/fr\/"},{"@type":"ListItem","position":2,"name":"Plugins MEP"}]},{"@type":"WebSite","@id":"https:\/\/alcads.com\/fr\/#website","url":"https:\/\/alcads.com\/fr\/","name":"Alcads","description":"The Best AutoCAD Alternative","publisher":{"@id":"https:\/\/alcads.com\/fr\/#organization"},"potentialAction":[{"@type":"SearchAction","target":{"@type":"EntryPoint","urlTemplate":"https:\/\/alcads.com\/fr\/?s={search_term_string}"},"query-input":{"@type":"PropertyValueSpecification","valueRequired":true,"valueName":"search_term_string"}}],"inLanguage":"fr-FR"},{"@type":"Organization","@id":"https:\/\/alcads.com\/fr\/#organization","name":"Alcads","url":"https:\/\/alcads.com\/fr\/","logo":{"@type":"ImageObject","inLanguage":"fr-FR","@id":"https:\/\/alcads.com\/fr\/#\/schema\/logo\/image\/","url":"https:\/\/alcads.com\/wp-content\/uploads\/2024\/05\/logo.png","contentUrl":"https:\/\/alcads.com\/wp-content\/uploads\/2024\/05\/logo.png","width":122,"height":42,"caption":"Alcads"},"image":{"@id":"https:\/\/alcads.com\/fr\/#\/schema\/logo\/image\/"}}]}},"jetpack_sharing_enabled":true,"_links":{"self":[{"href":"https:\/\/alcads.com\/fr\/wp-json\/wp\/v2\/pages\/97353","targetHints":{"allow":["GET"]}}],"collection":[{"href":"https:\/\/alcads.com\/fr\/wp-json\/wp\/v2\/pages"}],"about":[{"href":"https:\/\/alcads.com\/fr\/wp-json\/wp\/v2\/types\/page"}],"author":[{"embeddable":true,"href":"https:\/\/alcads.com\/fr\/wp-json\/wp\/v2\/users\/1"}],"replies":[{"embeddable":true,"href":"https:\/\/alcads.com\/fr\/wp-json\/wp\/v2\/comments?post=97353"}],"version-history":[{"count":3,"href":"https:\/\/alcads.com\/fr\/wp-json\/wp\/v2\/pages\/97353\/revisions"}],"predecessor-version":[{"id":109737,"href":"https:\/\/alcads.com\/fr\/wp-json\/wp\/v2\/pages\/97353\/revisions\/109737"}],"wp:attachment":[{"href":"https:\/\/alcads.com\/fr\/wp-json\/wp\/v2\/media?parent=97353"}],"curies":[{"name":"wp","href":"https:\/\/api.w.org\/{rel}","templated":true}]}}