{"id":97331,"date":"2024-04-23T07:12:13","date_gmt":"2024-04-23T07:12:13","guid":{"rendered":"https:\/\/dev.alcads.com\/faqs\/"},"modified":"2024-05-20T09:29:35","modified_gmt":"2024-05-20T09:29:35","slug":"faq","status":"publish","type":"page","link":"https:\/\/alcads.com\/fr\/faq\/","title":{"rendered":"FAQ"},"content":{"rendered":"","protected":false},"excerpt":{"rendered":"","protected":false},"author":1,"featured_media":0,"parent":0,"menu_order":0,"comment_status":"closed","ping_status":"closed","template":"page-template\/faq.php","meta":{"_acf_changed":false,"footnotes":""},"class_list":["post-97331","page","type-page","status-publish","hentry"],"acf":[],"yoast_head":"<!-- This site is optimized with the Yoast SEO plugin v27.3 - https:\/\/yoast.com\/product\/yoast-seo-wordpress\/ -->\n<title>Questions fr\u00e9quemment pos\u00e9es | Alcads.com<\/title>\n<meta name=\"description\" content=\"Obtenez toutes vos r\u00e9ponses en un seul endroit ! Notre section FAQ fournit des solutions utiles \u00e0 vos questions les plus courantes. Simplifiez-vous la vie avec nous.\" \/>\n<meta name=\"robots\" content=\"index, follow, max-snippet:-1, max-image-preview:large, max-video-preview:-1\" \/>\n<link rel=\"canonical\" href=\"https:\/\/alcads.com\/fr\/faq\/\" \/>\n<meta property=\"og:locale\" content=\"fr_FR\" \/>\n<meta property=\"og:type\" content=\"article\" \/>\n<meta property=\"og:title\" content=\"Questions fr\u00e9quemment pos\u00e9es | Alcads.com\" \/>\n<meta property=\"og:description\" content=\"Obtenez toutes vos r\u00e9ponses en un seul endroit ! Notre section FAQ fournit des solutions utiles \u00e0 vos questions les plus courantes. Simplifiez-vous la vie avec nous.\" \/>\n<meta property=\"og:url\" content=\"https:\/\/alcads.com\/fr\/faq\/\" \/>\n<meta property=\"og:site_name\" content=\"Alcads\" \/>\n<meta property=\"article:modified_time\" content=\"2024-05-20T09:29:35+00:00\" \/>\n<meta name=\"twitter:card\" content=\"summary_large_image\" \/>\n<script type=\"application\/ld+json\" class=\"yoast-schema-graph\">{\"@context\":\"https:\\\/\\\/schema.org\",\"@graph\":[{\"@type\":\"WebPage\",\"@id\":\"https:\\\/\\\/alcads.com\\\/fr\\\/faq\\\/\",\"url\":\"https:\\\/\\\/alcads.com\\\/fr\\\/faq\\\/\",\"name\":\"Questions fr\u00e9quemment pos\u00e9es | Alcads.com\",\"isPartOf\":{\"@id\":\"https:\\\/\\\/alcads.com\\\/fr\\\/#website\"},\"datePublished\":\"2024-04-23T07:12:13+00:00\",\"dateModified\":\"2024-05-20T09:29:35+00:00\",\"description\":\"Obtenez toutes vos r\u00e9ponses en un seul endroit ! Notre section FAQ fournit des solutions utiles \u00e0 vos questions les plus courantes. Simplifiez-vous la vie avec nous.\",\"breadcrumb\":{\"@id\":\"https:\\\/\\\/alcads.com\\\/fr\\\/faq\\\/#breadcrumb\"},\"inLanguage\":\"fr-FR\",\"potentialAction\":[{\"@type\":\"ReadAction\",\"target\":[\"https:\\\/\\\/alcads.com\\\/fr\\\/faq\\\/\"]}]},{\"@type\":\"BreadcrumbList\",\"@id\":\"https:\\\/\\\/alcads.com\\\/fr\\\/faq\\\/#breadcrumb\",\"itemListElement\":[{\"@type\":\"ListItem\",\"position\":1,\"name\":\"Home\",\"item\":\"https:\\\/\\\/alcads.com\\\/fr\\\/\"},{\"@type\":\"ListItem\",\"position\":2,\"name\":\"FAQ\"}]},{\"@type\":\"WebSite\",\"@id\":\"https:\\\/\\\/alcads.com\\\/fr\\\/#website\",\"url\":\"https:\\\/\\\/alcads.com\\\/fr\\\/\",\"name\":\"Alcads\",\"description\":\"The Best AutoCAD Alternative\",\"publisher\":{\"@id\":\"https:\\\/\\\/alcads.com\\\/fr\\\/#organization\"},\"potentialAction\":[{\"@type\":\"SearchAction\",\"target\":{\"@type\":\"EntryPoint\",\"urlTemplate\":\"https:\\\/\\\/alcads.com\\\/fr\\\/?s={search_term_string}\"},\"query-input\":{\"@type\":\"PropertyValueSpecification\",\"valueRequired\":true,\"valueName\":\"search_term_string\"}}],\"inLanguage\":\"fr-FR\"},{\"@type\":\"Organization\",\"@id\":\"https:\\\/\\\/alcads.com\\\/fr\\\/#organization\",\"name\":\"Alcads\",\"url\":\"https:\\\/\\\/alcads.com\\\/fr\\\/\",\"logo\":{\"@type\":\"ImageObject\",\"inLanguage\":\"fr-FR\",\"@id\":\"https:\\\/\\\/alcads.com\\\/fr\\\/#\\\/schema\\\/logo\\\/image\\\/\",\"url\":\"https:\\\/\\\/alcads.com\\\/wp-content\\\/uploads\\\/2024\\\/05\\\/logo.png\",\"contentUrl\":\"https:\\\/\\\/alcads.com\\\/wp-content\\\/uploads\\\/2024\\\/05\\\/logo.png\",\"width\":122,\"height\":42,\"caption\":\"Alcads\"},\"image\":{\"@id\":\"https:\\\/\\\/alcads.com\\\/fr\\\/#\\\/schema\\\/logo\\\/image\\\/\"}}]}<\/script>\n<!-- \/ Yoast SEO plugin. -->","yoast_head_json":{"title":"Questions fr\u00e9quemment pos\u00e9es | Alcads.com","description":"Obtenez toutes vos r\u00e9ponses en un seul endroit ! Notre section FAQ fournit des solutions utiles \u00e0 vos questions les plus courantes. Simplifiez-vous la vie avec nous.","robots":{"index":"index","follow":"follow","max-snippet":"max-snippet:-1","max-image-preview":"max-image-preview:large","max-video-preview":"max-video-preview:-1"},"canonical":"https:\/\/alcads.com\/fr\/faq\/","og_locale":"fr_FR","og_type":"article","og_title":"Questions fr\u00e9quemment pos\u00e9es | Alcads.com","og_description":"Obtenez toutes vos r\u00e9ponses en un seul endroit ! Notre section FAQ fournit des solutions utiles \u00e0 vos questions les plus courantes. Simplifiez-vous la vie avec nous.","og_url":"https:\/\/alcads.com\/fr\/faq\/","og_site_name":"Alcads","article_modified_time":"2024-05-20T09:29:35+00:00","twitter_card":"summary_large_image","schema":{"@context":"https:\/\/schema.org","@graph":[{"@type":"WebPage","@id":"https:\/\/alcads.com\/fr\/faq\/","url":"https:\/\/alcads.com\/fr\/faq\/","name":"Questions fr\u00e9quemment pos\u00e9es | Alcads.com","isPartOf":{"@id":"https:\/\/alcads.com\/fr\/#website"},"datePublished":"2024-04-23T07:12:13+00:00","dateModified":"2024-05-20T09:29:35+00:00","description":"Obtenez toutes vos r\u00e9ponses en un seul endroit ! Notre section FAQ fournit des solutions utiles \u00e0 vos questions les plus courantes. Simplifiez-vous la vie avec nous.","breadcrumb":{"@id":"https:\/\/alcads.com\/fr\/faq\/#breadcrumb"},"inLanguage":"fr-FR","potentialAction":[{"@type":"ReadAction","target":["https:\/\/alcads.com\/fr\/faq\/"]}]},{"@type":"BreadcrumbList","@id":"https:\/\/alcads.com\/fr\/faq\/#breadcrumb","itemListElement":[{"@type":"ListItem","position":1,"name":"Home","item":"https:\/\/alcads.com\/fr\/"},{"@type":"ListItem","position":2,"name":"FAQ"}]},{"@type":"WebSite","@id":"https:\/\/alcads.com\/fr\/#website","url":"https:\/\/alcads.com\/fr\/","name":"Alcads","description":"The Best AutoCAD Alternative","publisher":{"@id":"https:\/\/alcads.com\/fr\/#organization"},"potentialAction":[{"@type":"SearchAction","target":{"@type":"EntryPoint","urlTemplate":"https:\/\/alcads.com\/fr\/?s={search_term_string}"},"query-input":{"@type":"PropertyValueSpecification","valueRequired":true,"valueName":"search_term_string"}}],"inLanguage":"fr-FR"},{"@type":"Organization","@id":"https:\/\/alcads.com\/fr\/#organization","name":"Alcads","url":"https:\/\/alcads.com\/fr\/","logo":{"@type":"ImageObject","inLanguage":"fr-FR","@id":"https:\/\/alcads.com\/fr\/#\/schema\/logo\/image\/","url":"https:\/\/alcads.com\/wp-content\/uploads\/2024\/05\/logo.png","contentUrl":"https:\/\/alcads.com\/wp-content\/uploads\/2024\/05\/logo.png","width":122,"height":42,"caption":"Alcads"},"image":{"@id":"https:\/\/alcads.com\/fr\/#\/schema\/logo\/image\/"}}]}},"jetpack_sharing_enabled":true,"_links":{"self":[{"href":"https:\/\/alcads.com\/fr\/wp-json\/wp\/v2\/pages\/97331","targetHints":{"allow":["GET"]}}],"collection":[{"href":"https:\/\/alcads.com\/fr\/wp-json\/wp\/v2\/pages"}],"about":[{"href":"https:\/\/alcads.com\/fr\/wp-json\/wp\/v2\/types\/page"}],"author":[{"embeddable":true,"href":"https:\/\/alcads.com\/fr\/wp-json\/wp\/v2\/users\/1"}],"replies":[{"embeddable":true,"href":"https:\/\/alcads.com\/fr\/wp-json\/wp\/v2\/comments?post=97331"}],"version-history":[{"count":1,"href":"https:\/\/alcads.com\/fr\/wp-json\/wp\/v2\/pages\/97331\/revisions"}],"predecessor-version":[{"id":102138,"href":"https:\/\/alcads.com\/fr\/wp-json\/wp\/v2\/pages\/97331\/revisions\/102138"}],"wp:attachment":[{"href":"https:\/\/alcads.com\/fr\/wp-json\/wp\/v2\/media?parent=97331"}],"curies":[{"name":"wp","href":"https:\/\/api.w.org\/{rel}","templated":true}]}}