{"id":97298,"date":"2024-04-23T07:11:59","date_gmt":"2024-04-23T07:11:59","guid":{"rendered":"https:\/\/dev.alcads.com\/blog\/"},"modified":"2024-05-20T07:55:04","modified_gmt":"2024-05-20T07:55:04","slug":"blog","status":"publish","type":"page","link":"https:\/\/alcads.com\/fr\/blog\/","title":{"rendered":"Blog"},"content":{"rendered":"","protected":false},"excerpt":{"rendered":"","protected":false},"author":1,"featured_media":0,"parent":0,"menu_order":0,"comment_status":"closed","ping_status":"closed","template":"page-template\/blog.php","meta":{"_acf_changed":false,"footnotes":""},"class_list":["post-97298","page","type-page","status-publish","hentry"],"acf":[],"yoast_head":"<!-- This site is optimized with the Yoast SEO plugin v27.3 - https:\/\/yoast.com\/product\/yoast-seo-wordpress\/ -->\n<title>Blog | Actualit\u00e9s de l&#039;entreprise | Alcads.com<\/title>\n<meta name=\"description\" content=\"D\u00e9couvrez des articles perspicaces et attrayants sur un large \u00e9ventail de sujets. Notre blog offre des perspectives nouvelles et des points de vue d&#039;experts pour les esprits curieux.\" \/>\n<meta name=\"robots\" content=\"index, follow, max-snippet:-1, max-image-preview:large, max-video-preview:-1\" \/>\n<link rel=\"canonical\" href=\"https:\/\/alcads.com\/fr\/blog\/\" \/>\n<meta property=\"og:locale\" content=\"fr_FR\" \/>\n<meta property=\"og:type\" content=\"article\" \/>\n<meta property=\"og:title\" content=\"Blog | Actualit\u00e9s de l&#039;entreprise | Alcads.com\" \/>\n<meta property=\"og:description\" content=\"D\u00e9couvrez des articles perspicaces et attrayants sur un large \u00e9ventail de sujets. Notre blog offre des perspectives nouvelles et des points de vue d&#039;experts pour les esprits curieux.\" \/>\n<meta property=\"og:url\" content=\"https:\/\/alcads.com\/fr\/blog\/\" \/>\n<meta property=\"og:site_name\" content=\"Alcads\" \/>\n<meta property=\"article:modified_time\" content=\"2024-05-20T07:55:04+00:00\" \/>\n<meta name=\"twitter:card\" content=\"summary_large_image\" \/>\n<script type=\"application\/ld+json\" class=\"yoast-schema-graph\">{\"@context\":\"https:\\\/\\\/schema.org\",\"@graph\":[{\"@type\":\"WebPage\",\"@id\":\"https:\\\/\\\/alcads.com\\\/fr\\\/blog\\\/\",\"url\":\"https:\\\/\\\/alcads.com\\\/fr\\\/blog\\\/\",\"name\":\"Blog | Actualit\u00e9s de l'entreprise | Alcads.com\",\"isPartOf\":{\"@id\":\"https:\\\/\\\/alcads.com\\\/fr\\\/#website\"},\"datePublished\":\"2024-04-23T07:11:59+00:00\",\"dateModified\":\"2024-05-20T07:55:04+00:00\",\"description\":\"D\u00e9couvrez des articles perspicaces et attrayants sur un large \u00e9ventail de sujets. Notre blog offre des perspectives nouvelles et des points de vue d'experts pour les esprits curieux.\",\"breadcrumb\":{\"@id\":\"https:\\\/\\\/alcads.com\\\/fr\\\/blog\\\/#breadcrumb\"},\"inLanguage\":\"fr-FR\",\"potentialAction\":[{\"@type\":\"ReadAction\",\"target\":[\"https:\\\/\\\/alcads.com\\\/fr\\\/blog\\\/\"]}]},{\"@type\":\"BreadcrumbList\",\"@id\":\"https:\\\/\\\/alcads.com\\\/fr\\\/blog\\\/#breadcrumb\",\"itemListElement\":[{\"@type\":\"ListItem\",\"position\":1,\"name\":\"Home\",\"item\":\"https:\\\/\\\/alcads.com\\\/fr\\\/\"},{\"@type\":\"ListItem\",\"position\":2,\"name\":\"Blog\"}]},{\"@type\":\"WebSite\",\"@id\":\"https:\\\/\\\/alcads.com\\\/fr\\\/#website\",\"url\":\"https:\\\/\\\/alcads.com\\\/fr\\\/\",\"name\":\"Alcads\",\"description\":\"The Best AutoCAD Alternative\",\"publisher\":{\"@id\":\"https:\\\/\\\/alcads.com\\\/fr\\\/#organization\"},\"potentialAction\":[{\"@type\":\"SearchAction\",\"target\":{\"@type\":\"EntryPoint\",\"urlTemplate\":\"https:\\\/\\\/alcads.com\\\/fr\\\/?s={search_term_string}\"},\"query-input\":{\"@type\":\"PropertyValueSpecification\",\"valueRequired\":true,\"valueName\":\"search_term_string\"}}],\"inLanguage\":\"fr-FR\"},{\"@type\":\"Organization\",\"@id\":\"https:\\\/\\\/alcads.com\\\/fr\\\/#organization\",\"name\":\"Alcads\",\"url\":\"https:\\\/\\\/alcads.com\\\/fr\\\/\",\"logo\":{\"@type\":\"ImageObject\",\"inLanguage\":\"fr-FR\",\"@id\":\"https:\\\/\\\/alcads.com\\\/fr\\\/#\\\/schema\\\/logo\\\/image\\\/\",\"url\":\"https:\\\/\\\/alcads.com\\\/wp-content\\\/uploads\\\/2024\\\/05\\\/logo.png\",\"contentUrl\":\"https:\\\/\\\/alcads.com\\\/wp-content\\\/uploads\\\/2024\\\/05\\\/logo.png\",\"width\":122,\"height\":42,\"caption\":\"Alcads\"},\"image\":{\"@id\":\"https:\\\/\\\/alcads.com\\\/fr\\\/#\\\/schema\\\/logo\\\/image\\\/\"}}]}<\/script>\n<!-- \/ Yoast SEO plugin. -->","yoast_head_json":{"title":"Blog | Actualit\u00e9s de l'entreprise | Alcads.com","description":"D\u00e9couvrez des articles perspicaces et attrayants sur un large \u00e9ventail de sujets. Notre blog offre des perspectives nouvelles et des points de vue d'experts pour les esprits curieux.","robots":{"index":"index","follow":"follow","max-snippet":"max-snippet:-1","max-image-preview":"max-image-preview:large","max-video-preview":"max-video-preview:-1"},"canonical":"https:\/\/alcads.com\/fr\/blog\/","og_locale":"fr_FR","og_type":"article","og_title":"Blog | Actualit\u00e9s de l'entreprise | Alcads.com","og_description":"D\u00e9couvrez des articles perspicaces et attrayants sur un large \u00e9ventail de sujets. Notre blog offre des perspectives nouvelles et des points de vue d'experts pour les esprits curieux.","og_url":"https:\/\/alcads.com\/fr\/blog\/","og_site_name":"Alcads","article_modified_time":"2024-05-20T07:55:04+00:00","twitter_card":"summary_large_image","schema":{"@context":"https:\/\/schema.org","@graph":[{"@type":"WebPage","@id":"https:\/\/alcads.com\/fr\/blog\/","url":"https:\/\/alcads.com\/fr\/blog\/","name":"Blog | Actualit\u00e9s de l'entreprise | Alcads.com","isPartOf":{"@id":"https:\/\/alcads.com\/fr\/#website"},"datePublished":"2024-04-23T07:11:59+00:00","dateModified":"2024-05-20T07:55:04+00:00","description":"D\u00e9couvrez des articles perspicaces et attrayants sur un large \u00e9ventail de sujets. Notre blog offre des perspectives nouvelles et des points de vue d'experts pour les esprits curieux.","breadcrumb":{"@id":"https:\/\/alcads.com\/fr\/blog\/#breadcrumb"},"inLanguage":"fr-FR","potentialAction":[{"@type":"ReadAction","target":["https:\/\/alcads.com\/fr\/blog\/"]}]},{"@type":"BreadcrumbList","@id":"https:\/\/alcads.com\/fr\/blog\/#breadcrumb","itemListElement":[{"@type":"ListItem","position":1,"name":"Home","item":"https:\/\/alcads.com\/fr\/"},{"@type":"ListItem","position":2,"name":"Blog"}]},{"@type":"WebSite","@id":"https:\/\/alcads.com\/fr\/#website","url":"https:\/\/alcads.com\/fr\/","name":"Alcads","description":"The Best AutoCAD Alternative","publisher":{"@id":"https:\/\/alcads.com\/fr\/#organization"},"potentialAction":[{"@type":"SearchAction","target":{"@type":"EntryPoint","urlTemplate":"https:\/\/alcads.com\/fr\/?s={search_term_string}"},"query-input":{"@type":"PropertyValueSpecification","valueRequired":true,"valueName":"search_term_string"}}],"inLanguage":"fr-FR"},{"@type":"Organization","@id":"https:\/\/alcads.com\/fr\/#organization","name":"Alcads","url":"https:\/\/alcads.com\/fr\/","logo":{"@type":"ImageObject","inLanguage":"fr-FR","@id":"https:\/\/alcads.com\/fr\/#\/schema\/logo\/image\/","url":"https:\/\/alcads.com\/wp-content\/uploads\/2024\/05\/logo.png","contentUrl":"https:\/\/alcads.com\/wp-content\/uploads\/2024\/05\/logo.png","width":122,"height":42,"caption":"Alcads"},"image":{"@id":"https:\/\/alcads.com\/fr\/#\/schema\/logo\/image\/"}}]}},"jetpack_sharing_enabled":true,"_links":{"self":[{"href":"https:\/\/alcads.com\/fr\/wp-json\/wp\/v2\/pages\/97298","targetHints":{"allow":["GET"]}}],"collection":[{"href":"https:\/\/alcads.com\/fr\/wp-json\/wp\/v2\/pages"}],"about":[{"href":"https:\/\/alcads.com\/fr\/wp-json\/wp\/v2\/types\/page"}],"author":[{"embeddable":true,"href":"https:\/\/alcads.com\/fr\/wp-json\/wp\/v2\/users\/1"}],"replies":[{"embeddable":true,"href":"https:\/\/alcads.com\/fr\/wp-json\/wp\/v2\/comments?post=97298"}],"version-history":[{"count":1,"href":"https:\/\/alcads.com\/fr\/wp-json\/wp\/v2\/pages\/97298\/revisions"}],"predecessor-version":[{"id":102076,"href":"https:\/\/alcads.com\/fr\/wp-json\/wp\/v2\/pages\/97298\/revisions\/102076"}],"wp:attachment":[{"href":"https:\/\/alcads.com\/fr\/wp-json\/wp\/v2\/media?parent=97298"}],"curies":[{"name":"wp","href":"https:\/\/api.w.org\/{rel}","templated":true}]}}