{"id":97287,"date":"2024-04-24T07:31:32","date_gmt":"2024-04-24T07:31:32","guid":{"rendered":"https:\/\/dev.alcads.com\/become-a-reseller\/"},"modified":"2025-01-02T05:30:05","modified_gmt":"2025-01-02T05:30:05","slug":"devenez-revendeur","status":"publish","type":"page","link":"https:\/\/alcads.com\/fr\/devenez-revendeur\/","title":{"rendered":"Devenez revendeur"},"content":{"rendered":"","protected":false},"excerpt":{"rendered":"","protected":false},"author":1,"featured_media":0,"parent":0,"menu_order":0,"comment_status":"closed","ping_status":"closed","template":"page-template\/became-a-reseller.php","meta":{"_acf_changed":false,"footnotes":""},"class_list":["post-97287","page","type-page","status-publish","hentry"],"acf":[],"yoast_head":"<!-- This site is optimized with the Yoast SEO plugin v27.3 - https:\/\/yoast.com\/product\/yoast-seo-wordpress\/ -->\n<title>Devenez revendeur - Alcads<\/title>\n<meta name=\"description\" content=\"Rejoignez le programme de revendeurs ALCADS pour acc\u00e9der \u00e0 des produits CAO innovants, \u00e0 des tarifs sp\u00e9ciaux, \u00e0 des outils marketing et \u00e0 un r\u00e9seau de partenaires de soutien. Rejoignez-nous maintenant pour faire progresser votre entreprise !\" \/>\n<meta name=\"robots\" content=\"index, follow, max-snippet:-1, max-image-preview:large, max-video-preview:-1\" \/>\n<link rel=\"canonical\" href=\"https:\/\/alcads.com\/fr\/devenez-revendeur\/\" \/>\n<meta property=\"og:locale\" content=\"fr_FR\" \/>\n<meta property=\"og:type\" content=\"article\" \/>\n<meta property=\"og:title\" content=\"Devenez revendeur - Alcads\" \/>\n<meta property=\"og:description\" content=\"Rejoignez le programme de revendeurs ALCADS pour acc\u00e9der \u00e0 des produits CAO innovants, \u00e0 des tarifs sp\u00e9ciaux, \u00e0 des outils marketing et \u00e0 un r\u00e9seau de partenaires de soutien. Rejoignez-nous maintenant pour faire progresser votre entreprise !\" \/>\n<meta property=\"og:url\" content=\"https:\/\/alcads.com\/fr\/devenez-revendeur\/\" \/>\n<meta property=\"og:site_name\" content=\"Alcads\" \/>\n<meta property=\"article:modified_time\" content=\"2025-01-02T05:30:05+00:00\" \/>\n<meta name=\"twitter:card\" content=\"summary_large_image\" \/>\n<script type=\"application\/ld+json\" class=\"yoast-schema-graph\">{\"@context\":\"https:\\\/\\\/schema.org\",\"@graph\":[{\"@type\":\"WebPage\",\"@id\":\"https:\\\/\\\/alcads.com\\\/fr\\\/devenez-revendeur\\\/\",\"url\":\"https:\\\/\\\/alcads.com\\\/fr\\\/devenez-revendeur\\\/\",\"name\":\"Devenez revendeur - Alcads\",\"isPartOf\":{\"@id\":\"https:\\\/\\\/alcads.com\\\/fr\\\/#website\"},\"datePublished\":\"2024-04-24T07:31:32+00:00\",\"dateModified\":\"2025-01-02T05:30:05+00:00\",\"description\":\"Rejoignez le programme de revendeurs ALCADS pour acc\u00e9der \u00e0 des produits CAO innovants, \u00e0 des tarifs sp\u00e9ciaux, \u00e0 des outils marketing et \u00e0 un r\u00e9seau de partenaires de soutien. Rejoignez-nous maintenant pour faire progresser votre entreprise !\",\"breadcrumb\":{\"@id\":\"https:\\\/\\\/alcads.com\\\/fr\\\/devenez-revendeur\\\/#breadcrumb\"},\"inLanguage\":\"fr-FR\",\"potentialAction\":[{\"@type\":\"ReadAction\",\"target\":[\"https:\\\/\\\/alcads.com\\\/fr\\\/devenez-revendeur\\\/\"]}]},{\"@type\":\"BreadcrumbList\",\"@id\":\"https:\\\/\\\/alcads.com\\\/fr\\\/devenez-revendeur\\\/#breadcrumb\",\"itemListElement\":[{\"@type\":\"ListItem\",\"position\":1,\"name\":\"Home\",\"item\":\"https:\\\/\\\/alcads.com\\\/fr\\\/\"},{\"@type\":\"ListItem\",\"position\":2,\"name\":\"Devenez revendeur\"}]},{\"@type\":\"WebSite\",\"@id\":\"https:\\\/\\\/alcads.com\\\/fr\\\/#website\",\"url\":\"https:\\\/\\\/alcads.com\\\/fr\\\/\",\"name\":\"Alcads\",\"description\":\"The Best AutoCAD Alternative\",\"publisher\":{\"@id\":\"https:\\\/\\\/alcads.com\\\/fr\\\/#organization\"},\"potentialAction\":[{\"@type\":\"SearchAction\",\"target\":{\"@type\":\"EntryPoint\",\"urlTemplate\":\"https:\\\/\\\/alcads.com\\\/fr\\\/?s={search_term_string}\"},\"query-input\":{\"@type\":\"PropertyValueSpecification\",\"valueRequired\":true,\"valueName\":\"search_term_string\"}}],\"inLanguage\":\"fr-FR\"},{\"@type\":\"Organization\",\"@id\":\"https:\\\/\\\/alcads.com\\\/fr\\\/#organization\",\"name\":\"Alcads\",\"url\":\"https:\\\/\\\/alcads.com\\\/fr\\\/\",\"logo\":{\"@type\":\"ImageObject\",\"inLanguage\":\"fr-FR\",\"@id\":\"https:\\\/\\\/alcads.com\\\/fr\\\/#\\\/schema\\\/logo\\\/image\\\/\",\"url\":\"https:\\\/\\\/alcads.com\\\/wp-content\\\/uploads\\\/2024\\\/05\\\/logo.png\",\"contentUrl\":\"https:\\\/\\\/alcads.com\\\/wp-content\\\/uploads\\\/2024\\\/05\\\/logo.png\",\"width\":122,\"height\":42,\"caption\":\"Alcads\"},\"image\":{\"@id\":\"https:\\\/\\\/alcads.com\\\/fr\\\/#\\\/schema\\\/logo\\\/image\\\/\"}}]}<\/script>\n<!-- \/ Yoast SEO plugin. -->","yoast_head_json":{"title":"Devenez revendeur - Alcads","description":"Rejoignez le programme de revendeurs ALCADS pour acc\u00e9der \u00e0 des produits CAO innovants, \u00e0 des tarifs sp\u00e9ciaux, \u00e0 des outils marketing et \u00e0 un r\u00e9seau de partenaires de soutien. Rejoignez-nous maintenant pour faire progresser votre entreprise !","robots":{"index":"index","follow":"follow","max-snippet":"max-snippet:-1","max-image-preview":"max-image-preview:large","max-video-preview":"max-video-preview:-1"},"canonical":"https:\/\/alcads.com\/fr\/devenez-revendeur\/","og_locale":"fr_FR","og_type":"article","og_title":"Devenez revendeur - Alcads","og_description":"Rejoignez le programme de revendeurs ALCADS pour acc\u00e9der \u00e0 des produits CAO innovants, \u00e0 des tarifs sp\u00e9ciaux, \u00e0 des outils marketing et \u00e0 un r\u00e9seau de partenaires de soutien. Rejoignez-nous maintenant pour faire progresser votre entreprise !","og_url":"https:\/\/alcads.com\/fr\/devenez-revendeur\/","og_site_name":"Alcads","article_modified_time":"2025-01-02T05:30:05+00:00","twitter_card":"summary_large_image","schema":{"@context":"https:\/\/schema.org","@graph":[{"@type":"WebPage","@id":"https:\/\/alcads.com\/fr\/devenez-revendeur\/","url":"https:\/\/alcads.com\/fr\/devenez-revendeur\/","name":"Devenez revendeur - Alcads","isPartOf":{"@id":"https:\/\/alcads.com\/fr\/#website"},"datePublished":"2024-04-24T07:31:32+00:00","dateModified":"2025-01-02T05:30:05+00:00","description":"Rejoignez le programme de revendeurs ALCADS pour acc\u00e9der \u00e0 des produits CAO innovants, \u00e0 des tarifs sp\u00e9ciaux, \u00e0 des outils marketing et \u00e0 un r\u00e9seau de partenaires de soutien. Rejoignez-nous maintenant pour faire progresser votre entreprise !","breadcrumb":{"@id":"https:\/\/alcads.com\/fr\/devenez-revendeur\/#breadcrumb"},"inLanguage":"fr-FR","potentialAction":[{"@type":"ReadAction","target":["https:\/\/alcads.com\/fr\/devenez-revendeur\/"]}]},{"@type":"BreadcrumbList","@id":"https:\/\/alcads.com\/fr\/devenez-revendeur\/#breadcrumb","itemListElement":[{"@type":"ListItem","position":1,"name":"Home","item":"https:\/\/alcads.com\/fr\/"},{"@type":"ListItem","position":2,"name":"Devenez revendeur"}]},{"@type":"WebSite","@id":"https:\/\/alcads.com\/fr\/#website","url":"https:\/\/alcads.com\/fr\/","name":"Alcads","description":"The Best AutoCAD Alternative","publisher":{"@id":"https:\/\/alcads.com\/fr\/#organization"},"potentialAction":[{"@type":"SearchAction","target":{"@type":"EntryPoint","urlTemplate":"https:\/\/alcads.com\/fr\/?s={search_term_string}"},"query-input":{"@type":"PropertyValueSpecification","valueRequired":true,"valueName":"search_term_string"}}],"inLanguage":"fr-FR"},{"@type":"Organization","@id":"https:\/\/alcads.com\/fr\/#organization","name":"Alcads","url":"https:\/\/alcads.com\/fr\/","logo":{"@type":"ImageObject","inLanguage":"fr-FR","@id":"https:\/\/alcads.com\/fr\/#\/schema\/logo\/image\/","url":"https:\/\/alcads.com\/wp-content\/uploads\/2024\/05\/logo.png","contentUrl":"https:\/\/alcads.com\/wp-content\/uploads\/2024\/05\/logo.png","width":122,"height":42,"caption":"Alcads"},"image":{"@id":"https:\/\/alcads.com\/fr\/#\/schema\/logo\/image\/"}}]}},"jetpack_sharing_enabled":true,"_links":{"self":[{"href":"https:\/\/alcads.com\/fr\/wp-json\/wp\/v2\/pages\/97287","targetHints":{"allow":["GET"]}}],"collection":[{"href":"https:\/\/alcads.com\/fr\/wp-json\/wp\/v2\/pages"}],"about":[{"href":"https:\/\/alcads.com\/fr\/wp-json\/wp\/v2\/types\/page"}],"author":[{"embeddable":true,"href":"https:\/\/alcads.com\/fr\/wp-json\/wp\/v2\/users\/1"}],"replies":[{"embeddable":true,"href":"https:\/\/alcads.com\/fr\/wp-json\/wp\/v2\/comments?post=97287"}],"version-history":[{"count":1,"href":"https:\/\/alcads.com\/fr\/wp-json\/wp\/v2\/pages\/97287\/revisions"}],"predecessor-version":[{"id":101322,"href":"https:\/\/alcads.com\/fr\/wp-json\/wp\/v2\/pages\/97287\/revisions\/101322"}],"wp:attachment":[{"href":"https:\/\/alcads.com\/fr\/wp-json\/wp\/v2\/media?parent=97287"}],"curies":[{"name":"wp","href":"https:\/\/api.w.org\/{rel}","templated":true}]}}